{"id":72,"date":"2018-05-09T10:15:57","date_gmt":"2018-05-09T09:15:57","guid":{"rendered":"http:\/\/inventcad.ro\/ro\/?page_id=72"},"modified":"2026-01-25T16:41:43","modified_gmt":"2026-01-25T14:41:43","slug":"contact","status":"publish","type":"page","link":"https:\/\/inventcad.ro\/ro\/contact\/","title":{"rendered":"Contact"},"content":{"rendered":"\n<p><strong>Invent<span style=\"background-color:rgba(0, 0, 0, 0)\" class=\"has-inline-color has-vivid-red-color\">CAD<\/span><\/strong><br><br>307395 Sag<br>Rom\u00e2nia<\/p>\n\n\n\n<p>Email: office@inventcad.com<br>Tel: +40722639446<\/p>\n\n\n\n<hr class=\"wp-block-separator has-css-opacity is-style-wide\"\/>\n\n\n\n<p>Con\u021binutul site-ului v\u0103 este oferit gratuit, cu scop informa\u021bional. Con\u021binutul nu poate fi copiat, reprodus, folosit, transmis, vandut, licen\u021biat, distribuit f\u0103r\u0103 a avea \u00een prealabil acordul scris al titularului dreptului de proprietate intelectual\u0103, adic\u0103 <strong>inventcad.ro<\/strong> .<\/p>\n\n\n\n<p>Sunte\u021bi de acord s\u0103 nu folosi\u021bi, copia\u021bi, distribui\u021bi con\u021binutul acestui site \u00een scop comercial. <strong>inventcad.ro<\/strong> i\u0219i rezerva toate drepturile pentru con\u021binutul acestui site.<\/p>\n\n\n\n<p>Siglele, logo-urile, denumirile de bunuri \u0219i servicii, precum \u0103i ofertele ce apar\u021bin colaboratorilor no\u0219tri sunt proprietatea de\u021bin\u0103torilor de drept, iar ace\u0219tia au drepturi \u0219i obliga\u021bii depline asupra lor.<\/p>\n\n\n\n<p><\/p>\n","protected":false},"excerpt":{"rendered":"<p>InventCAD 307395 SagRom\u00e2nia Email: office@inventcad.comTel: +40722639446 Con\u021binutul site-ului v\u0103 este oferit gratuit, cu scop informa\u021bional. Con\u021binutul nu poate fi copiat, reprodus, folosit, transmis, vandut, licen\u021biat, distribuit f\u0103r\u0103 a avea \u00een prealabil acordul scris al titularului dreptului de proprietate intelectual\u0103, adic\u0103 inventcad.ro . Sunte\u021bi de acord s\u0103 nu folosi\u021bi, copia\u021bi, distribui\u021bi con\u021binutul acestui site \u00een scop &hellip; <\/p>\n<p class=\"link-more\"><a href=\"https:\/\/inventcad.ro\/ro\/contact\/\" class=\"more-link\">Continu\u0103 lectura<span class=\"screen-reader-text\"> \u201eContact\u201d<\/span><\/a><\/p>\n","protected":false},"author":1,"featured_media":0,"parent":0,"menu_order":80,"comment_status":"closed","ping_status":"closed","template":"","meta":{"footnotes":""},"class_list":["post-72","page","type-page","status-publish","hentry"],"yoast_head":"<!-- This site is optimized with the Yoast SEO Premium plugin v27.4 (Yoast SEO v27.4) - https:\/\/yoast.com\/product\/yoast-seo-premium-wordpress\/ -->\n<title>Contact - InventCAD<\/title>\n<meta name=\"description\" content=\"InventCAD - Adresa\" \/>\n<meta name=\"robots\" content=\"index, follow, max-snippet:-1, max-image-preview:large, max-video-preview:-1\" \/>\n<link rel=\"canonical\" href=\"https:\/\/inventcad.ro\/ro\/contact\/\" \/>\n<meta property=\"og:locale\" content=\"ro_RO\" \/>\n<meta property=\"og:type\" content=\"article\" \/>\n<meta property=\"og:title\" content=\"Contact\" \/>\n<meta property=\"og:description\" content=\"InventCAD - Adresa\" \/>\n<meta property=\"og:url\" content=\"https:\/\/inventcad.ro\/ro\/contact\/\" \/>\n<meta property=\"og:site_name\" content=\"InventCAD\" \/>\n<meta property=\"article:publisher\" content=\"https:\/\/www.facebook.com\/inventcad\" \/>\n<meta property=\"article:modified_time\" content=\"2026-01-25T14:41:43+00:00\" \/>\n<meta name=\"twitter:card\" content=\"summary_large_image\" \/>\n<meta name=\"twitter:label1\" content=\"Timp estimat pentru citire\" \/>\n\t<meta name=\"twitter:data1\" content=\"1 minut\" \/>\n<script type=\"application\/ld+json\" class=\"yoast-schema-graph\">{\"@context\":\"https:\\\/\\\/schema.org\",\"@graph\":[{\"@type\":\"WebPage\",\"@id\":\"https:\\\/\\\/inventcad.ro\\\/ro\\\/contact\\\/\",\"url\":\"https:\\\/\\\/inventcad.ro\\\/ro\\\/contact\\\/\",\"name\":\"Contact - InventCAD\",\"isPartOf\":{\"@id\":\"https:\\\/\\\/inventcad.ro\\\/ro\\\/#website\"},\"datePublished\":\"2018-05-09T09:15:57+00:00\",\"dateModified\":\"2026-01-25T14:41:43+00:00\",\"description\":\"InventCAD - Adresa\",\"breadcrumb\":{\"@id\":\"https:\\\/\\\/inventcad.ro\\\/ro\\\/contact\\\/#breadcrumb\"},\"inLanguage\":\"ro-RO\",\"potentialAction\":[{\"@type\":\"ReadAction\",\"target\":[\"https:\\\/\\\/inventcad.ro\\\/ro\\\/contact\\\/\"]}]},{\"@type\":\"BreadcrumbList\",\"@id\":\"https:\\\/\\\/inventcad.ro\\\/ro\\\/contact\\\/#breadcrumb\",\"itemListElement\":[{\"@type\":\"ListItem\",\"position\":1,\"name\":\"Home\",\"item\":\"https:\\\/\\\/inventcad.ro\\\/ro\\\/\"},{\"@type\":\"ListItem\",\"position\":2,\"name\":\"Contact\"}]},{\"@type\":\"WebSite\",\"@id\":\"https:\\\/\\\/inventcad.ro\\\/ro\\\/#website\",\"url\":\"https:\\\/\\\/inventcad.ro\\\/ro\\\/\",\"name\":\"InventCAD\",\"description\":\"Proiectare mecanic\u0103, automatiz\u0103ri industriale\",\"publisher\":{\"@id\":\"https:\\\/\\\/inventcad.ro\\\/ro\\\/#organization\"},\"potentialAction\":[{\"@type\":\"SearchAction\",\"target\":{\"@type\":\"EntryPoint\",\"urlTemplate\":\"https:\\\/\\\/inventcad.ro\\\/ro\\\/?s={search_term_string}\"},\"query-input\":{\"@type\":\"PropertyValueSpecification\",\"valueRequired\":true,\"valueName\":\"search_term_string\"}}],\"inLanguage\":\"ro-RO\"},{\"@type\":\"Organization\",\"@id\":\"https:\\\/\\\/inventcad.ro\\\/ro\\\/#organization\",\"name\":\"InventCAD\",\"url\":\"https:\\\/\\\/inventcad.ro\\\/ro\\\/\",\"logo\":{\"@type\":\"ImageObject\",\"inLanguage\":\"ro-RO\",\"@id\":\"https:\\\/\\\/inventcad.ro\\\/ro\\\/#\\\/schema\\\/logo\\\/image\\\/\",\"url\":\"https:\\\/\\\/inventcad.ro\\\/ro\\\/wp-content\\\/uploads\\\/2020\\\/11\\\/inventcad-logo.png\",\"contentUrl\":\"https:\\\/\\\/inventcad.ro\\\/ro\\\/wp-content\\\/uploads\\\/2020\\\/11\\\/inventcad-logo.png\",\"width\":1653,\"height\":250,\"caption\":\"InventCAD\"},\"image\":{\"@id\":\"https:\\\/\\\/inventcad.ro\\\/ro\\\/#\\\/schema\\\/logo\\\/image\\\/\"},\"sameAs\":[\"https:\\\/\\\/www.facebook.com\\\/inventcad\",\"https:\\\/\\\/www.linkedin.com\\\/company\\\/inventcad\\\/\",\"https:\\\/\\\/www.youtube.com\\\/user\\\/InventCAD\"],\"description\":\"Mechanical design, industrial automation, and engineering services.\",\"email\":\"office@inventcad.ro\",\"legalName\":\"InventCAD SRL\",\"foundingDate\":\"2003-03-10\",\"vatID\":\"RO15368893\",\"numberOfEmployees\":{\"@type\":\"QuantitativeValue\",\"minValue\":\"1\",\"maxValue\":\"10\"}}]}<\/script>\n<!-- \/ Yoast SEO Premium plugin. -->","yoast_head_json":{"title":"Contact - InventCAD","description":"InventCAD - Adresa","robots":{"index":"index","follow":"follow","max-snippet":"max-snippet:-1","max-image-preview":"max-image-preview:large","max-video-preview":"max-video-preview:-1"},"canonical":"https:\/\/inventcad.ro\/ro\/contact\/","og_locale":"ro_RO","og_type":"article","og_title":"Contact","og_description":"InventCAD - Adresa","og_url":"https:\/\/inventcad.ro\/ro\/contact\/","og_site_name":"InventCAD","article_publisher":"https:\/\/www.facebook.com\/inventcad","article_modified_time":"2026-01-25T14:41:43+00:00","twitter_card":"summary_large_image","twitter_misc":{"Timp estimat pentru citire":"1 minut"},"schema":{"@context":"https:\/\/schema.org","@graph":[{"@type":"WebPage","@id":"https:\/\/inventcad.ro\/ro\/contact\/","url":"https:\/\/inventcad.ro\/ro\/contact\/","name":"Contact - InventCAD","isPartOf":{"@id":"https:\/\/inventcad.ro\/ro\/#website"},"datePublished":"2018-05-09T09:15:57+00:00","dateModified":"2026-01-25T14:41:43+00:00","description":"InventCAD - Adresa","breadcrumb":{"@id":"https:\/\/inventcad.ro\/ro\/contact\/#breadcrumb"},"inLanguage":"ro-RO","potentialAction":[{"@type":"ReadAction","target":["https:\/\/inventcad.ro\/ro\/contact\/"]}]},{"@type":"BreadcrumbList","@id":"https:\/\/inventcad.ro\/ro\/contact\/#breadcrumb","itemListElement":[{"@type":"ListItem","position":1,"name":"Home","item":"https:\/\/inventcad.ro\/ro\/"},{"@type":"ListItem","position":2,"name":"Contact"}]},{"@type":"WebSite","@id":"https:\/\/inventcad.ro\/ro\/#website","url":"https:\/\/inventcad.ro\/ro\/","name":"InventCAD","description":"Proiectare mecanic\u0103, automatiz\u0103ri industriale","publisher":{"@id":"https:\/\/inventcad.ro\/ro\/#organization"},"potentialAction":[{"@type":"SearchAction","target":{"@type":"EntryPoint","urlTemplate":"https:\/\/inventcad.ro\/ro\/?s={search_term_string}"},"query-input":{"@type":"PropertyValueSpecification","valueRequired":true,"valueName":"search_term_string"}}],"inLanguage":"ro-RO"},{"@type":"Organization","@id":"https:\/\/inventcad.ro\/ro\/#organization","name":"InventCAD","url":"https:\/\/inventcad.ro\/ro\/","logo":{"@type":"ImageObject","inLanguage":"ro-RO","@id":"https:\/\/inventcad.ro\/ro\/#\/schema\/logo\/image\/","url":"https:\/\/inventcad.ro\/ro\/wp-content\/uploads\/2020\/11\/inventcad-logo.png","contentUrl":"https:\/\/inventcad.ro\/ro\/wp-content\/uploads\/2020\/11\/inventcad-logo.png","width":1653,"height":250,"caption":"InventCAD"},"image":{"@id":"https:\/\/inventcad.ro\/ro\/#\/schema\/logo\/image\/"},"sameAs":["https:\/\/www.facebook.com\/inventcad","https:\/\/www.linkedin.com\/company\/inventcad\/","https:\/\/www.youtube.com\/user\/InventCAD"],"description":"Mechanical design, industrial automation, and engineering services.","email":"office@inventcad.ro","legalName":"InventCAD SRL","foundingDate":"2003-03-10","vatID":"RO15368893","numberOfEmployees":{"@type":"QuantitativeValue","minValue":"1","maxValue":"10"}}]}},"_links":{"self":[{"href":"https:\/\/inventcad.ro\/ro\/wp-json\/wp\/v2\/pages\/72","targetHints":{"allow":["GET"]}}],"collection":[{"href":"https:\/\/inventcad.ro\/ro\/wp-json\/wp\/v2\/pages"}],"about":[{"href":"https:\/\/inventcad.ro\/ro\/wp-json\/wp\/v2\/types\/page"}],"author":[{"embeddable":true,"href":"https:\/\/inventcad.ro\/ro\/wp-json\/wp\/v2\/users\/1"}],"replies":[{"embeddable":true,"href":"https:\/\/inventcad.ro\/ro\/wp-json\/wp\/v2\/comments?post=72"}],"version-history":[{"count":14,"href":"https:\/\/inventcad.ro\/ro\/wp-json\/wp\/v2\/pages\/72\/revisions"}],"predecessor-version":[{"id":2981,"href":"https:\/\/inventcad.ro\/ro\/wp-json\/wp\/v2\/pages\/72\/revisions\/2981"}],"wp:attachment":[{"href":"https:\/\/inventcad.ro\/ro\/wp-json\/wp\/v2\/media?parent=72"}],"curies":[{"name":"wp","href":"https:\/\/api.w.org\/{rel}","templated":true}]}}