{"id":71,"date":"2018-05-09T10:15:57","date_gmt":"2018-05-09T09:15:57","guid":{"rendered":"http:\/\/inventcad.ro\/ro\/?page_id=71"},"modified":"2025-05-03T21:08:45","modified_gmt":"2025-05-03T18:08:45","slug":"about","status":"publish","type":"page","link":"https:\/\/inventcad.ro\/ro\/automatizari-industriale\/about\/","title":{"rendered":"Despre noi"},"content":{"rendered":"<p><strong>Invent<span class=\"red\" style=\"color: #ff0000;\">CAD\u00a0<\/span><\/strong>&#8211; servici<span lang=\"de\">i<\/span> de inginerie \u00een industria construc\u021biilor de ma\u0219ini, de la concep\u021bie, proiectare, detaliere, documentare, analiz\u0103 FEM \u0219i mecanica ruperii. Proiectarea \u0219i produc\u021bia sistemelor de automatizare industrial\u0103,\u00a0 integrare robo\u021bi industriali \u00een linia de produc\u00e2ie, dispozitive, sta\u021bii de lucru, benzi transportoare \u0219i orice alte elemente folosite \u00een industrie.<\/p>\n<p>Succesul nostru pe termen lung este asigurat de gradul \u00een care reu\u0219im s\u0103 satisfacem cerintele clien\u021bilor no\u0219tri. \u00cencerc\u0103m s\u0103 dezvolt\u0103m permanent firma pentru a atinge acest obiectiv. Dorim s\u0103 construim colaborare pe termen lung. Clien\u021bi sunt pentru noi mai mult dec\u00e2t un partener. Ei au dreptul la timpul, cuno\u015ftin\u0163ele, experien\u0163a \u015fi creativitatea noastr\u0103, la o solu\u0163ionare\u00a0punctual\u0103 a problemei lor \u015fi la o informare permanent\u0103. Calitatea \u015fi costul serviciilor noastre trebuie s\u0103 corespund\u0103 dorin\u0163elor clientului, s\u0103-l conving\u0103 \u015fi s\u0103-i aduc\u0103 avantaje pe termen lung.<\/p>\n<p>Cu <strong>Invent<span class=\"red\" style=\"color: #ff0000;\">CAD\u00a0<\/span><\/strong>ave\u0163i al\u0103turi de dumneavoastr\u0103 un partener responsabil pentru rezolvarea problemelor dumneavoastr\u0103 tehnice. Compania noastr\u0103 garanteaz\u0103 discre\u0163ia \u00een ceea ce prive\u015fte documenta\u0163ia tehnic\u0103 \u015fi secretul de fabrica\u0163ie.<\/p>\n","protected":false},"excerpt":{"rendered":"<p>InventCAD\u00a0&#8211; servicii de inginerie \u00een industria construc\u021biilor de ma\u0219ini, de la concep\u021bie, proiectare, detaliere, documentare, analiz\u0103 FEM \u0219i mecanica ruperii. Proiectarea \u0219i produc\u021bia sistemelor de automatizare industrial\u0103,\u00a0 integrare robo\u021bi industriali \u00een linia de produc\u00e2ie, dispozitive, sta\u021bii de lucru, benzi transportoare \u0219i orice alte elemente folosite \u00een industrie. Succesul nostru pe termen lung este asigurat de &hellip; <\/p>\n<p class=\"link-more\"><a href=\"https:\/\/inventcad.ro\/ro\/automatizari-industriale\/about\/\" class=\"more-link\">Continu\u0103 lectura<span class=\"screen-reader-text\"> \u201eDespre noi\u201d<\/span><\/a><\/p>\n","protected":false},"author":1,"featured_media":1141,"parent":70,"menu_order":7,"comment_status":"closed","ping_status":"closed","template":"","meta":{"footnotes":""},"class_list":["post-71","page","type-page","status-publish","has-post-thumbnail","hentry"],"yoast_head":"<!-- This site is optimized with the Yoast SEO Premium plugin v27.4 (Yoast SEO v27.5) - https:\/\/yoast.com\/product\/yoast-seo-premium-wordpress\/ -->\n<title>Despre noi - InventCAD<\/title>\n<meta name=\"description\" content=\"Descoperi\u021bi serviciile InventCAD \u00een inginerie pentru industria construc\u021biilor de ma\u0219ini \u0219i automatizare industrial\u0103.\" \/>\n<meta name=\"robots\" content=\"index, follow, max-snippet:-1, max-image-preview:large, max-video-preview:-1\" \/>\n<link rel=\"canonical\" href=\"https:\/\/inventcad.ro\/ro\/automatizari-industriale\/about\/\" \/>\n<meta property=\"og:locale\" content=\"ro_RO\" \/>\n<meta property=\"og:type\" content=\"article\" \/>\n<meta property=\"og:title\" content=\"Despre noi\" \/>\n<meta property=\"og:description\" content=\"Descoperi\u021bi serviciile InventCAD \u00een inginerie pentru industria construc\u021biilor de ma\u0219ini \u0219i automatizare industrial\u0103.\" \/>\n<meta property=\"og:url\" content=\"https:\/\/inventcad.ro\/ro\/automatizari-industriale\/about\/\" \/>\n<meta property=\"og:site_name\" content=\"InventCAD\" \/>\n<meta property=\"article:publisher\" content=\"https:\/\/www.facebook.com\/inventcad\" \/>\n<meta property=\"article:modified_time\" content=\"2025-05-03T18:08:45+00:00\" \/>\n<meta property=\"og:image\" content=\"https:\/\/inventcad.ro\/ro\/wp-content\/uploads\/2020\/11\/background-icad-02.jpg\" \/>\n\t<meta property=\"og:image:width\" content=\"2000\" \/>\n\t<meta property=\"og:image:height\" content=\"1200\" \/>\n\t<meta property=\"og:image:type\" content=\"image\/jpeg\" \/>\n<meta name=\"twitter:card\" content=\"summary_large_image\" \/>\n<meta name=\"twitter:label1\" content=\"Timp estimat pentru citire\" \/>\n\t<meta name=\"twitter:data1\" content=\"2 minute\" \/>\n<script type=\"application\/ld+json\" class=\"yoast-schema-graph\">{\"@context\":\"https:\\\/\\\/schema.org\",\"@graph\":[{\"@type\":\"WebPage\",\"@id\":\"https:\\\/\\\/inventcad.ro\\\/ro\\\/automatizari-industriale\\\/about\\\/\",\"url\":\"https:\\\/\\\/inventcad.ro\\\/ro\\\/automatizari-industriale\\\/about\\\/\",\"name\":\"Despre noi - InventCAD\",\"isPartOf\":{\"@id\":\"https:\\\/\\\/inventcad.ro\\\/ro\\\/#website\"},\"primaryImageOfPage\":{\"@id\":\"https:\\\/\\\/inventcad.ro\\\/ro\\\/automatizari-industriale\\\/about\\\/#primaryimage\"},\"image\":{\"@id\":\"https:\\\/\\\/inventcad.ro\\\/ro\\\/automatizari-industriale\\\/about\\\/#primaryimage\"},\"thumbnailUrl\":\"https:\\\/\\\/inventcad.ro\\\/ro\\\/wp-content\\\/uploads\\\/2020\\\/11\\\/background-icad-02.jpg\",\"datePublished\":\"2018-05-09T09:15:57+00:00\",\"dateModified\":\"2025-05-03T18:08:45+00:00\",\"description\":\"Descoperi\u021bi serviciile InventCAD \u00een inginerie pentru industria construc\u021biilor de ma\u0219ini \u0219i automatizare industrial\u0103.\",\"breadcrumb\":{\"@id\":\"https:\\\/\\\/inventcad.ro\\\/ro\\\/automatizari-industriale\\\/about\\\/#breadcrumb\"},\"inLanguage\":\"ro-RO\",\"potentialAction\":[{\"@type\":\"ReadAction\",\"target\":[\"https:\\\/\\\/inventcad.ro\\\/ro\\\/automatizari-industriale\\\/about\\\/\"]}]},{\"@type\":\"ImageObject\",\"inLanguage\":\"ro-RO\",\"@id\":\"https:\\\/\\\/inventcad.ro\\\/ro\\\/automatizari-industriale\\\/about\\\/#primaryimage\",\"url\":\"https:\\\/\\\/inventcad.ro\\\/ro\\\/wp-content\\\/uploads\\\/2020\\\/11\\\/background-icad-02.jpg\",\"contentUrl\":\"https:\\\/\\\/inventcad.ro\\\/ro\\\/wp-content\\\/uploads\\\/2020\\\/11\\\/background-icad-02.jpg\",\"width\":2000,\"height\":1200},{\"@type\":\"BreadcrumbList\",\"@id\":\"https:\\\/\\\/inventcad.ro\\\/ro\\\/automatizari-industriale\\\/about\\\/#breadcrumb\",\"itemListElement\":[{\"@type\":\"ListItem\",\"position\":1,\"name\":\"Home\",\"item\":\"https:\\\/\\\/inventcad.ro\\\/ro\\\/\"},{\"@type\":\"ListItem\",\"position\":2,\"name\":\"Home\",\"item\":\"https:\\\/\\\/inventcad.ro\\\/ro\\\/\"},{\"@type\":\"ListItem\",\"position\":3,\"name\":\"Despre noi\"}]},{\"@type\":\"WebSite\",\"@id\":\"https:\\\/\\\/inventcad.ro\\\/ro\\\/#website\",\"url\":\"https:\\\/\\\/inventcad.ro\\\/ro\\\/\",\"name\":\"InventCAD\",\"description\":\"Proiectare mecanic\u0103, automatiz\u0103ri industriale\",\"publisher\":{\"@id\":\"https:\\\/\\\/inventcad.ro\\\/ro\\\/#organization\"},\"potentialAction\":[{\"@type\":\"SearchAction\",\"target\":{\"@type\":\"EntryPoint\",\"urlTemplate\":\"https:\\\/\\\/inventcad.ro\\\/ro\\\/?s={search_term_string}\"},\"query-input\":{\"@type\":\"PropertyValueSpecification\",\"valueRequired\":true,\"valueName\":\"search_term_string\"}}],\"inLanguage\":\"ro-RO\"},{\"@type\":\"Organization\",\"@id\":\"https:\\\/\\\/inventcad.ro\\\/ro\\\/#organization\",\"name\":\"InventCAD\",\"url\":\"https:\\\/\\\/inventcad.ro\\\/ro\\\/\",\"logo\":{\"@type\":\"ImageObject\",\"inLanguage\":\"ro-RO\",\"@id\":\"https:\\\/\\\/inventcad.ro\\\/ro\\\/#\\\/schema\\\/logo\\\/image\\\/\",\"url\":\"https:\\\/\\\/inventcad.ro\\\/ro\\\/wp-content\\\/uploads\\\/2020\\\/11\\\/inventcad-logo.png\",\"contentUrl\":\"https:\\\/\\\/inventcad.ro\\\/ro\\\/wp-content\\\/uploads\\\/2020\\\/11\\\/inventcad-logo.png\",\"width\":1653,\"height\":250,\"caption\":\"InventCAD\"},\"image\":{\"@id\":\"https:\\\/\\\/inventcad.ro\\\/ro\\\/#\\\/schema\\\/logo\\\/image\\\/\"},\"sameAs\":[\"https:\\\/\\\/www.facebook.com\\\/inventcad\",\"https:\\\/\\\/www.linkedin.com\\\/company\\\/inventcad\\\/\",\"https:\\\/\\\/www.youtube.com\\\/user\\\/InventCAD\"],\"description\":\"Mechanical design, industrial automation, and engineering services.\",\"email\":\"office@inventcad.ro\",\"legalName\":\"InventCAD SRL\",\"foundingDate\":\"2003-03-10\",\"vatID\":\"RO15368893\",\"numberOfEmployees\":{\"@type\":\"QuantitativeValue\",\"minValue\":\"1\",\"maxValue\":\"10\"}}]}<\/script>\n<!-- \/ Yoast SEO Premium plugin. -->","yoast_head_json":{"title":"Despre noi - InventCAD","description":"Descoperi\u021bi serviciile InventCAD \u00een inginerie pentru industria construc\u021biilor de ma\u0219ini \u0219i automatizare industrial\u0103.","robots":{"index":"index","follow":"follow","max-snippet":"max-snippet:-1","max-image-preview":"max-image-preview:large","max-video-preview":"max-video-preview:-1"},"canonical":"https:\/\/inventcad.ro\/ro\/automatizari-industriale\/about\/","og_locale":"ro_RO","og_type":"article","og_title":"Despre noi","og_description":"Descoperi\u021bi serviciile InventCAD \u00een inginerie pentru industria construc\u021biilor de ma\u0219ini \u0219i automatizare industrial\u0103.","og_url":"https:\/\/inventcad.ro\/ro\/automatizari-industriale\/about\/","og_site_name":"InventCAD","article_publisher":"https:\/\/www.facebook.com\/inventcad","article_modified_time":"2025-05-03T18:08:45+00:00","og_image":[{"width":2000,"height":1200,"url":"https:\/\/inventcad.ro\/ro\/wp-content\/uploads\/2020\/11\/background-icad-02.jpg","type":"image\/jpeg"}],"twitter_card":"summary_large_image","twitter_misc":{"Timp estimat pentru citire":"2 minute"},"schema":{"@context":"https:\/\/schema.org","@graph":[{"@type":"WebPage","@id":"https:\/\/inventcad.ro\/ro\/automatizari-industriale\/about\/","url":"https:\/\/inventcad.ro\/ro\/automatizari-industriale\/about\/","name":"Despre noi - InventCAD","isPartOf":{"@id":"https:\/\/inventcad.ro\/ro\/#website"},"primaryImageOfPage":{"@id":"https:\/\/inventcad.ro\/ro\/automatizari-industriale\/about\/#primaryimage"},"image":{"@id":"https:\/\/inventcad.ro\/ro\/automatizari-industriale\/about\/#primaryimage"},"thumbnailUrl":"https:\/\/inventcad.ro\/ro\/wp-content\/uploads\/2020\/11\/background-icad-02.jpg","datePublished":"2018-05-09T09:15:57+00:00","dateModified":"2025-05-03T18:08:45+00:00","description":"Descoperi\u021bi serviciile InventCAD \u00een inginerie pentru industria construc\u021biilor de ma\u0219ini \u0219i automatizare industrial\u0103.","breadcrumb":{"@id":"https:\/\/inventcad.ro\/ro\/automatizari-industriale\/about\/#breadcrumb"},"inLanguage":"ro-RO","potentialAction":[{"@type":"ReadAction","target":["https:\/\/inventcad.ro\/ro\/automatizari-industriale\/about\/"]}]},{"@type":"ImageObject","inLanguage":"ro-RO","@id":"https:\/\/inventcad.ro\/ro\/automatizari-industriale\/about\/#primaryimage","url":"https:\/\/inventcad.ro\/ro\/wp-content\/uploads\/2020\/11\/background-icad-02.jpg","contentUrl":"https:\/\/inventcad.ro\/ro\/wp-content\/uploads\/2020\/11\/background-icad-02.jpg","width":2000,"height":1200},{"@type":"BreadcrumbList","@id":"https:\/\/inventcad.ro\/ro\/automatizari-industriale\/about\/#breadcrumb","itemListElement":[{"@type":"ListItem","position":1,"name":"Home","item":"https:\/\/inventcad.ro\/ro\/"},{"@type":"ListItem","position":2,"name":"Home","item":"https:\/\/inventcad.ro\/ro\/"},{"@type":"ListItem","position":3,"name":"Despre noi"}]},{"@type":"WebSite","@id":"https:\/\/inventcad.ro\/ro\/#website","url":"https:\/\/inventcad.ro\/ro\/","name":"InventCAD","description":"Proiectare mecanic\u0103, automatiz\u0103ri industriale","publisher":{"@id":"https:\/\/inventcad.ro\/ro\/#organization"},"potentialAction":[{"@type":"SearchAction","target":{"@type":"EntryPoint","urlTemplate":"https:\/\/inventcad.ro\/ro\/?s={search_term_string}"},"query-input":{"@type":"PropertyValueSpecification","valueRequired":true,"valueName":"search_term_string"}}],"inLanguage":"ro-RO"},{"@type":"Organization","@id":"https:\/\/inventcad.ro\/ro\/#organization","name":"InventCAD","url":"https:\/\/inventcad.ro\/ro\/","logo":{"@type":"ImageObject","inLanguage":"ro-RO","@id":"https:\/\/inventcad.ro\/ro\/#\/schema\/logo\/image\/","url":"https:\/\/inventcad.ro\/ro\/wp-content\/uploads\/2020\/11\/inventcad-logo.png","contentUrl":"https:\/\/inventcad.ro\/ro\/wp-content\/uploads\/2020\/11\/inventcad-logo.png","width":1653,"height":250,"caption":"InventCAD"},"image":{"@id":"https:\/\/inventcad.ro\/ro\/#\/schema\/logo\/image\/"},"sameAs":["https:\/\/www.facebook.com\/inventcad","https:\/\/www.linkedin.com\/company\/inventcad\/","https:\/\/www.youtube.com\/user\/InventCAD"],"description":"Mechanical design, industrial automation, and engineering services.","email":"office@inventcad.ro","legalName":"InventCAD SRL","foundingDate":"2003-03-10","vatID":"RO15368893","numberOfEmployees":{"@type":"QuantitativeValue","minValue":"1","maxValue":"10"}}]}},"_links":{"self":[{"href":"https:\/\/inventcad.ro\/ro\/wp-json\/wp\/v2\/pages\/71","targetHints":{"allow":["GET"]}}],"collection":[{"href":"https:\/\/inventcad.ro\/ro\/wp-json\/wp\/v2\/pages"}],"about":[{"href":"https:\/\/inventcad.ro\/ro\/wp-json\/wp\/v2\/types\/page"}],"author":[{"embeddable":true,"href":"https:\/\/inventcad.ro\/ro\/wp-json\/wp\/v2\/users\/1"}],"replies":[{"embeddable":true,"href":"https:\/\/inventcad.ro\/ro\/wp-json\/wp\/v2\/comments?post=71"}],"version-history":[{"count":4,"href":"https:\/\/inventcad.ro\/ro\/wp-json\/wp\/v2\/pages\/71\/revisions"}],"predecessor-version":[{"id":1345,"href":"https:\/\/inventcad.ro\/ro\/wp-json\/wp\/v2\/pages\/71\/revisions\/1345"}],"up":[{"embeddable":true,"href":"https:\/\/inventcad.ro\/ro\/wp-json\/wp\/v2\/pages\/70"}],"wp:featuredmedia":[{"embeddable":true,"href":"https:\/\/inventcad.ro\/ro\/wp-json\/wp\/v2\/media\/1141"}],"wp:attachment":[{"href":"https:\/\/inventcad.ro\/ro\/wp-json\/wp\/v2\/media?parent=71"}],"curies":[{"name":"wp","href":"https:\/\/api.w.org\/{rel}","templated":true}]}}