{"id":70,"date":"2018-05-09T10:15:57","date_gmt":"2018-05-09T09:15:57","guid":{"rendered":"http:\/\/inventcad.ro\/ro\/?page_id=70"},"modified":"2025-05-03T20:55:04","modified_gmt":"2025-05-03T17:55:04","slug":"automatizari-industriale","status":"publish","type":"page","link":"https:\/\/inventcad.ro\/ro\/","title":{"rendered":"Home"},"content":{"rendered":"<h1>Proiectare mecanic\u0103 \u0219i integrare\u00a0 automatiz\u0103ri industriale<\/h1>\n<p><strong>Invent<span class=\"red\" style=\"color: #ff0000;\">CAD<\/span><\/strong>\u00a0&#8211; ofer\u0103 servici<span lang=\"de\">i<\/span> de inginerie \u00een industria construc\u021biilor de ma\u0219ini de la concep\u021bie, proiectare, detaliere, documentare p\u00e2n\u0103 la produc\u021bia solu\u021biilor pentru diverse aplica\u021bii industriale:<\/p>\n<ul>\n<li><a href=\"http:\/\/inventcad.ro\/ro\/proiecte\/\">automatiz\u0103ri industriale<\/a><\/li>\n<li><a href=\"http:\/\/inventcad.ro\/ro\/proiecte\/\">integrare robo\u021bi industriali \u00een linia de produc\u021bie<\/a><\/li>\n<li><a href=\"http:\/\/inventcad.ro\/ro\/proiecte\/\">sisteme Pick&amp;Place<\/a><\/li>\n<li>celule de produc\u021bie, posturi de asamblare &#8211; testare<\/li>\n<li>dispozitive de fixare, asamblare, manipulare<\/li>\n<li><a href=\"http:\/\/inventcad.ro\/ro\/produse\/\">benzi transportoare<\/a><\/li>\n<li><a href=\"http:\/\/inventcad.ro\/ro\/produse\/\">sisteme de protec\u021bie \u0219i imprejmuire utilaje<\/a><\/li>\n<li>proiectare reper sau produs<\/li>\n<li>reproiectare \u0219i modernizare pentru sisteme si ma\u0219ini existente<\/li>\n<li>realizare de prototip, <a href=\"http:\/\/inventcad.ro\/ro\/printare-3d\/\">printare 3D<\/a><\/li>\n<\/ul>\n<p><a href=\"http:\/\/inventcad.ro\/ro\/proiecte\/\">Proiectarea<\/a> este realizat\u0103 folosind solu\u021bii moderne CAD&amp;FEM care permit \u0219i <a href=\"https:\/\/inventcad.ro\/ro\/analiza-fem\/\">analiza FEM<\/a>, <a href=\"https:\/\/inventcad.ro\/ro\/analiza-fem\/\">simularea<\/a> \u0219i optimizarea elementelor proiectului \u00eenc\u0103 din faza de concep\u021bie.<\/p>\n<p>Pentru a v\u0103 putea face o p\u0103rere despre posibilit\u0103\u021bile noastre am prezentat pe pagina de\u00a0<a href=\"http:\/\/inventcad.ro\/ro\/proiecte\/\">proiecte<\/a>\u00a0c\u00eeteva exemple \u00een care serviciile noastre \u0219i-au gasit aplicarea.<\/p>\n<p><img loading=\"lazy\" decoding=\"async\" class=\"alignnone wp-image-1067 size-full\" src=\"https:\/\/inventcad.ro\/ro\/wp-content\/uploads\/2020\/11\/autodesk-logo-139x139.jpg\" alt=\"Autodesk\" width=\"100\" height=\"100\" \/><img loading=\"lazy\" decoding=\"async\" class=\"alignnone wp-image-1078 size-full\" src=\"https:\/\/inventcad.ro\/ro\/wp-content\/uploads\/2020\/11\/sw-logo-139x139.jpg\" alt=\"SolidWorks\" width=\"100\" height=\"100\" \/><img loading=\"lazy\" decoding=\"async\" class=\"alignnone wp-image-1069 size-full\" src=\"https:\/\/inventcad.ro\/ro\/wp-content\/uploads\/2020\/11\/kuka-logo-139x139-02.png\" alt=\"KUKA\" width=\"100\" height=\"100\" \/><img loading=\"lazy\" decoding=\"async\" class=\"alignnone wp-image-1072 size-full\" src=\"https:\/\/inventcad.ro\/ro\/wp-content\/uploads\/2020\/11\/minitec-logo-139x139.jpg\" alt=\"MINITEC\" width=\"100\" height=\"100\" \/><img loading=\"lazy\" decoding=\"async\" class=\"alignnone wp-image-1075 size-full\" src=\"https:\/\/inventcad.ro\/ro\/wp-content\/uploads\/2020\/11\/quidt-logo.jpg\" alt=\"Quidt\" width=\"100\" height=\"100\" \/><img loading=\"lazy\" decoding=\"async\" class=\"alignnone wp-image-1076 size-full\" src=\"https:\/\/inventcad.ro\/ro\/wp-content\/uploads\/2020\/11\/smc-logo-139x139.png\" alt=\"SMC\" width=\"100\" height=\"100\" \/><\/p>\n","protected":false},"excerpt":{"rendered":"<p>Proiectare mecanic\u0103 \u0219i integrare\u00a0 automatiz\u0103ri industriale InventCAD\u00a0&#8211; ofer\u0103 servicii de inginerie \u00een industria construc\u021biilor de ma\u0219ini de la concep\u021bie, proiectare, detaliere, documentare p\u00e2n\u0103 la produc\u021bia solu\u021biilor pentru diverse aplica\u021bii industriale: automatiz\u0103ri industriale integrare robo\u021bi industriali \u00een linia de produc\u021bie sisteme Pick&amp;Place celule de produc\u021bie, posturi de asamblare &#8211; testare dispozitive de fixare, asamblare, manipulare benzi &hellip; <\/p>\n<p class=\"link-more\"><a href=\"https:\/\/inventcad.ro\/ro\/\" class=\"more-link\">Continu\u0103 lectura<span class=\"screen-reader-text\"> \u201eHome\u201d<\/span><\/a><\/p>\n","protected":false},"author":1,"featured_media":0,"parent":0,"menu_order":69,"comment_status":"closed","ping_status":"closed","template":"","meta":{"footnotes":""},"class_list":["post-70","page","type-page","status-publish","hentry"],"yoast_head":"<!-- This site is optimized with the Yoast SEO Premium plugin v27.3 (Yoast SEO v27.4) - https:\/\/yoast.com\/product\/yoast-seo-premium-wordpress\/ -->\n<title>Home - InventCAD - automatiz\u0103ri industriale<\/title>\n<meta name=\"description\" content=\"InventCAD - Proiectare mecanic\u0103, automatiz\u0103ri industriale , integrare rob\u021bi \u00een lina de produc\u021bie, celule de produc\u021bie, benzi transportoare, dispozitive asamblare\" \/>\n<meta name=\"robots\" content=\"index, follow, max-snippet:-1, max-image-preview:large, max-video-preview:-1\" \/>\n<link rel=\"canonical\" href=\"https:\/\/inventcad.ro\/ro\/\" \/>\n<meta property=\"og:locale\" content=\"ro_RO\" \/>\n<meta property=\"og:type\" content=\"article\" \/>\n<meta property=\"og:title\" content=\"Home\" \/>\n<meta property=\"og:description\" content=\"InventCAD - Proiectare mecanic\u0103, automatiz\u0103ri industriale , integrare rob\u021bi \u00een lina de produc\u021bie, celule de produc\u021bie, benzi transportoare, dispozitive asamblare\" \/>\n<meta property=\"og:url\" content=\"https:\/\/inventcad.ro\/ro\/\" \/>\n<meta property=\"og:site_name\" content=\"InventCAD\" \/>\n<meta property=\"article:publisher\" content=\"https:\/\/www.facebook.com\/inventcad\" \/>\n<meta property=\"article:modified_time\" content=\"2025-05-03T17:55:04+00:00\" \/>\n<meta property=\"og:image\" content=\"https:\/\/inventcad.ro\/ro\/wp-content\/uploads\/2020\/11\/autodesk-logo-139x139.jpg\" \/>\n\t<meta property=\"og:image:width\" content=\"100\" \/>\n\t<meta property=\"og:image:height\" content=\"100\" \/>\n\t<meta property=\"og:image:type\" content=\"image\/jpeg\" \/>\n<meta name=\"twitter:card\" content=\"summary_large_image\" \/>\n<meta name=\"twitter:label1\" content=\"Timp estimat pentru citire\" \/>\n\t<meta name=\"twitter:data1\" content=\"2 minute\" \/>\n<script type=\"application\/ld+json\" class=\"yoast-schema-graph\">{\"@context\":\"https:\\\/\\\/schema.org\",\"@graph\":[{\"@type\":\"WebPage\",\"@id\":\"https:\\\/\\\/inventcad.ro\\\/ro\\\/\",\"url\":\"https:\\\/\\\/inventcad.ro\\\/ro\\\/\",\"name\":\"Home - InventCAD - automatiz\u0103ri industriale\",\"isPartOf\":{\"@id\":\"https:\\\/\\\/inventcad.ro\\\/ro\\\/#website\"},\"primaryImageOfPage\":{\"@id\":\"https:\\\/\\\/inventcad.ro\\\/ro\\\/#primaryimage\"},\"image\":{\"@id\":\"https:\\\/\\\/inventcad.ro\\\/ro\\\/#primaryimage\"},\"thumbnailUrl\":\"https:\\\/\\\/inventcad.ro\\\/ro\\\/wp-content\\\/uploads\\\/2020\\\/11\\\/autodesk-logo-139x139.jpg\",\"datePublished\":\"2018-05-09T09:15:57+00:00\",\"dateModified\":\"2025-05-03T17:55:04+00:00\",\"description\":\"InventCAD - Proiectare mecanic\u0103, automatiz\u0103ri industriale , integrare rob\u021bi \u00een lina de produc\u021bie, celule de produc\u021bie, benzi transportoare, dispozitive asamblare\",\"breadcrumb\":{\"@id\":\"https:\\\/\\\/inventcad.ro\\\/ro\\\/#breadcrumb\"},\"inLanguage\":\"ro-RO\",\"potentialAction\":[{\"@type\":\"ReadAction\",\"target\":[\"https:\\\/\\\/inventcad.ro\\\/ro\\\/\"]}]},{\"@type\":\"ImageObject\",\"inLanguage\":\"ro-RO\",\"@id\":\"https:\\\/\\\/inventcad.ro\\\/ro\\\/#primaryimage\",\"url\":\"https:\\\/\\\/inventcad.ro\\\/ro\\\/wp-content\\\/uploads\\\/2020\\\/11\\\/autodesk-logo-139x139.jpg\",\"contentUrl\":\"https:\\\/\\\/inventcad.ro\\\/ro\\\/wp-content\\\/uploads\\\/2020\\\/11\\\/autodesk-logo-139x139.jpg\",\"width\":100,\"height\":100,\"caption\":\"Autodesk\"},{\"@type\":\"BreadcrumbList\",\"@id\":\"https:\\\/\\\/inventcad.ro\\\/ro\\\/#breadcrumb\",\"itemListElement\":[{\"@type\":\"ListItem\",\"position\":1,\"name\":\"Home\",\"item\":\"https:\\\/\\\/inventcad.ro\\\/ro\\\/\"},{\"@type\":\"ListItem\",\"position\":2,\"name\":\"Home\"}]},{\"@type\":\"WebSite\",\"@id\":\"https:\\\/\\\/inventcad.ro\\\/ro\\\/#website\",\"url\":\"https:\\\/\\\/inventcad.ro\\\/ro\\\/\",\"name\":\"InventCAD\",\"description\":\"Proiectare mecanic\u0103, automatiz\u0103ri industriale\",\"publisher\":{\"@id\":\"https:\\\/\\\/inventcad.ro\\\/ro\\\/#organization\"},\"potentialAction\":[{\"@type\":\"SearchAction\",\"target\":{\"@type\":\"EntryPoint\",\"urlTemplate\":\"https:\\\/\\\/inventcad.ro\\\/ro\\\/?s={search_term_string}\"},\"query-input\":{\"@type\":\"PropertyValueSpecification\",\"valueRequired\":true,\"valueName\":\"search_term_string\"}}],\"inLanguage\":\"ro-RO\"},{\"@type\":\"Organization\",\"@id\":\"https:\\\/\\\/inventcad.ro\\\/ro\\\/#organization\",\"name\":\"InventCAD\",\"url\":\"https:\\\/\\\/inventcad.ro\\\/ro\\\/\",\"logo\":{\"@type\":\"ImageObject\",\"inLanguage\":\"ro-RO\",\"@id\":\"https:\\\/\\\/inventcad.ro\\\/ro\\\/#\\\/schema\\\/logo\\\/image\\\/\",\"url\":\"https:\\\/\\\/inventcad.ro\\\/ro\\\/wp-content\\\/uploads\\\/2020\\\/11\\\/inventcad-logo.png\",\"contentUrl\":\"https:\\\/\\\/inventcad.ro\\\/ro\\\/wp-content\\\/uploads\\\/2020\\\/11\\\/inventcad-logo.png\",\"width\":1653,\"height\":250,\"caption\":\"InventCAD\"},\"image\":{\"@id\":\"https:\\\/\\\/inventcad.ro\\\/ro\\\/#\\\/schema\\\/logo\\\/image\\\/\"},\"sameAs\":[\"https:\\\/\\\/www.facebook.com\\\/inventcad\",\"https:\\\/\\\/www.linkedin.com\\\/company\\\/inventcad\\\/\",\"https:\\\/\\\/www.youtube.com\\\/user\\\/InventCAD\"],\"description\":\"Mechanical design, industrial automation, and engineering services.\",\"email\":\"office@inventcad.ro\",\"legalName\":\"InventCAD SRL\",\"foundingDate\":\"2003-03-10\",\"vatID\":\"RO15368893\",\"numberOfEmployees\":{\"@type\":\"QuantitativeValue\",\"minValue\":\"1\",\"maxValue\":\"10\"}}]}<\/script>\n<!-- \/ Yoast SEO Premium plugin. -->","yoast_head_json":{"title":"Home - InventCAD - automatiz\u0103ri industriale","description":"InventCAD - Proiectare mecanic\u0103, automatiz\u0103ri industriale , integrare rob\u021bi \u00een lina de produc\u021bie, celule de produc\u021bie, benzi transportoare, dispozitive asamblare","robots":{"index":"index","follow":"follow","max-snippet":"max-snippet:-1","max-image-preview":"max-image-preview:large","max-video-preview":"max-video-preview:-1"},"canonical":"https:\/\/inventcad.ro\/ro\/","og_locale":"ro_RO","og_type":"article","og_title":"Home","og_description":"InventCAD - Proiectare mecanic\u0103, automatiz\u0103ri industriale , integrare rob\u021bi \u00een lina de produc\u021bie, celule de produc\u021bie, benzi transportoare, dispozitive asamblare","og_url":"https:\/\/inventcad.ro\/ro\/","og_site_name":"InventCAD","article_publisher":"https:\/\/www.facebook.com\/inventcad","article_modified_time":"2025-05-03T17:55:04+00:00","og_image":[{"width":100,"height":100,"url":"https:\/\/inventcad.ro\/ro\/wp-content\/uploads\/2020\/11\/autodesk-logo-139x139.jpg","type":"image\/jpeg"}],"twitter_card":"summary_large_image","twitter_misc":{"Timp estimat pentru citire":"2 minute"},"schema":{"@context":"https:\/\/schema.org","@graph":[{"@type":"WebPage","@id":"https:\/\/inventcad.ro\/ro\/","url":"https:\/\/inventcad.ro\/ro\/","name":"Home - InventCAD - automatiz\u0103ri industriale","isPartOf":{"@id":"https:\/\/inventcad.ro\/ro\/#website"},"primaryImageOfPage":{"@id":"https:\/\/inventcad.ro\/ro\/#primaryimage"},"image":{"@id":"https:\/\/inventcad.ro\/ro\/#primaryimage"},"thumbnailUrl":"https:\/\/inventcad.ro\/ro\/wp-content\/uploads\/2020\/11\/autodesk-logo-139x139.jpg","datePublished":"2018-05-09T09:15:57+00:00","dateModified":"2025-05-03T17:55:04+00:00","description":"InventCAD - Proiectare mecanic\u0103, automatiz\u0103ri industriale , integrare rob\u021bi \u00een lina de produc\u021bie, celule de produc\u021bie, benzi transportoare, dispozitive asamblare","breadcrumb":{"@id":"https:\/\/inventcad.ro\/ro\/#breadcrumb"},"inLanguage":"ro-RO","potentialAction":[{"@type":"ReadAction","target":["https:\/\/inventcad.ro\/ro\/"]}]},{"@type":"ImageObject","inLanguage":"ro-RO","@id":"https:\/\/inventcad.ro\/ro\/#primaryimage","url":"https:\/\/inventcad.ro\/ro\/wp-content\/uploads\/2020\/11\/autodesk-logo-139x139.jpg","contentUrl":"https:\/\/inventcad.ro\/ro\/wp-content\/uploads\/2020\/11\/autodesk-logo-139x139.jpg","width":100,"height":100,"caption":"Autodesk"},{"@type":"BreadcrumbList","@id":"https:\/\/inventcad.ro\/ro\/#breadcrumb","itemListElement":[{"@type":"ListItem","position":1,"name":"Home","item":"https:\/\/inventcad.ro\/ro\/"},{"@type":"ListItem","position":2,"name":"Home"}]},{"@type":"WebSite","@id":"https:\/\/inventcad.ro\/ro\/#website","url":"https:\/\/inventcad.ro\/ro\/","name":"InventCAD","description":"Proiectare mecanic\u0103, automatiz\u0103ri industriale","publisher":{"@id":"https:\/\/inventcad.ro\/ro\/#organization"},"potentialAction":[{"@type":"SearchAction","target":{"@type":"EntryPoint","urlTemplate":"https:\/\/inventcad.ro\/ro\/?s={search_term_string}"},"query-input":{"@type":"PropertyValueSpecification","valueRequired":true,"valueName":"search_term_string"}}],"inLanguage":"ro-RO"},{"@type":"Organization","@id":"https:\/\/inventcad.ro\/ro\/#organization","name":"InventCAD","url":"https:\/\/inventcad.ro\/ro\/","logo":{"@type":"ImageObject","inLanguage":"ro-RO","@id":"https:\/\/inventcad.ro\/ro\/#\/schema\/logo\/image\/","url":"https:\/\/inventcad.ro\/ro\/wp-content\/uploads\/2020\/11\/inventcad-logo.png","contentUrl":"https:\/\/inventcad.ro\/ro\/wp-content\/uploads\/2020\/11\/inventcad-logo.png","width":1653,"height":250,"caption":"InventCAD"},"image":{"@id":"https:\/\/inventcad.ro\/ro\/#\/schema\/logo\/image\/"},"sameAs":["https:\/\/www.facebook.com\/inventcad","https:\/\/www.linkedin.com\/company\/inventcad\/","https:\/\/www.youtube.com\/user\/InventCAD"],"description":"Mechanical design, industrial automation, and engineering services.","email":"office@inventcad.ro","legalName":"InventCAD SRL","foundingDate":"2003-03-10","vatID":"RO15368893","numberOfEmployees":{"@type":"QuantitativeValue","minValue":"1","maxValue":"10"}}]}},"_links":{"self":[{"href":"https:\/\/inventcad.ro\/ro\/wp-json\/wp\/v2\/pages\/70","targetHints":{"allow":["GET"]}}],"collection":[{"href":"https:\/\/inventcad.ro\/ro\/wp-json\/wp\/v2\/pages"}],"about":[{"href":"https:\/\/inventcad.ro\/ro\/wp-json\/wp\/v2\/types\/page"}],"author":[{"embeddable":true,"href":"https:\/\/inventcad.ro\/ro\/wp-json\/wp\/v2\/users\/1"}],"replies":[{"embeddable":true,"href":"https:\/\/inventcad.ro\/ro\/wp-json\/wp\/v2\/comments?post=70"}],"version-history":[{"count":50,"href":"https:\/\/inventcad.ro\/ro\/wp-json\/wp\/v2\/pages\/70\/revisions"}],"predecessor-version":[{"id":2956,"href":"https:\/\/inventcad.ro\/ro\/wp-json\/wp\/v2\/pages\/70\/revisions\/2956"}],"wp:attachment":[{"href":"https:\/\/inventcad.ro\/ro\/wp-json\/wp\/v2\/media?parent=70"}],"curies":[{"name":"wp","href":"https:\/\/api.w.org\/{rel}","templated":true}]}}