{"id":2825,"date":"2025-03-18T16:44:14","date_gmt":"2025-03-18T14:44:14","guid":{"rendered":"https:\/\/inventcad.ro\/ro\/?page_id=2825"},"modified":"2025-03-18T16:54:15","modified_gmt":"2025-03-18T14:54:15","slug":"zm-r7830a-smart-optical-bga-rework-station","status":"publish","type":"page","link":"https:\/\/inventcad.ro\/ro\/produse\/distribuitor-seamarkzm-2\/bga-rework-station\/zm-r7830a-smart-optical-bga-rework-station\/","title":{"rendered":"ZM-R7830A Smart Optical BGA Rework Station"},"content":{"rendered":"\n<p>R7830A este un echipament de reluare automat\u0103 de aliniere optic\u0103. De asemenea, func\u021bioneaz\u0103 ca sta\u021bie de reluare laser BGA SMD, interfa\u021b\u0103 de meniu \u00een mai multe limbi, dispozitiv de alimentare automat\u0103, ma\u0219in\u0103 X\/Y AXI care poate fi controlat\u0103 prin joystick, func\u021bionare rapid\u0103 \u0219i convenabil\u0103, sistem de aliniere optic\u0103 CCD de \u00eenalt\u0103 defini\u021bie (2 milioane de pixeli), sistem de senzori de control al temperaturii de \u00eenalt\u0103 precizie, control precis al temperaturii.<\/p>\n\n\n\n<p>Fiind unul dintre cei mai de \u00eencredere produc\u0103tori de sta\u021bii de reluare BGA, Seamark ZM ofer\u0103 cea mai bun\u0103 sta\u021bie de reluare BGA pentru pl\u0103ci de baz\u0103 de bun\u0103 calitate.<\/p>\n\n\n<div class=\"wp-block-image\">\n<figure class=\"aligncenter size-full\"><img loading=\"lazy\" decoding=\"async\" width=\"510\" height=\"420\" src=\"https:\/\/inventcad.ro\/ro\/wp-content\/uploads\/2025\/03\/ZM-R7830A-Smart-Optical-BGA-Rework-Station-1.jpg\" alt=\"ZM-R7830A Smart Optical BGA Rework Station\" class=\"wp-image-2828\" srcset=\"https:\/\/inventcad.ro\/ro\/wp-content\/uploads\/2025\/03\/ZM-R7830A-Smart-Optical-BGA-Rework-Station-1.jpg 510w, https:\/\/inventcad.ro\/ro\/wp-content\/uploads\/2025\/03\/ZM-R7830A-Smart-Optical-BGA-Rework-Station-1-300x247.jpg 300w\" sizes=\"auto, (max-width: 510px) 100vw, 510px\" \/><figcaption class=\"wp-element-caption\">ZM-R7830A Smart Optical BGA Rework Station<\/figcaption><\/figure>\n<\/div>\n\n\n<h2 class=\"wp-block-heading\" id=\"h-func\u021biile-sta\u021biei-de-reluare-cu-laser-smd-r7830a\">Func\u021biile sta\u021biei de reluare cu laser SMD R7830A<\/h2>\n\n\n\n<ol class=\"wp-block-list\">\n<li>Deplasarea automat\u0103 a axei X\/Y\/Z<br>Zona de temperatur\u0103 superioar\u0103 a sta\u021biei de prelucrare Laser SMD este controlat\u0103 de sistemul servo de control al joystick-ului, care se poate mi\u0219ca \u0219i alinia automat la vitez\u0103 rapid\u0103\/lent\u0103 pe axa X\/Y\/Z.<\/li>\n\n\n\n<li>Adsorb\u021bie \u00een vid \u0219i protec\u021bie \u00eempotriva azotului<br>Capul de \u00eenc\u0103lzire superior are o duz\u0103 de aspirare \u00een vid \u00eencorporat\u0103 pentru absorb\u021bia a\u0219chiilor, aliniere controlat\u0103 electric de rota\u021bie de 360 \u200b\u200bde grade, cu monitorizare a presiunii negative \u0219i dispozitiv de protec\u021bie a presiunii. Zona de temperatur\u0103 inferioar\u0103 a sta\u021biei de reluare cu laser SMD adopt\u0103 un aspect mare a firului de \u00eenc\u0103lzire, se mi\u0219c\u0103 simetric cu zona de temperatur\u0103 superioar\u0103 \u0219i poate fi conectat\u0103 cu azot pentru a preveni \u00eeng\u0103lbenirea PCBA.<\/li>\n<\/ol>\n\n\n\n<h2 class=\"wp-block-heading\" id=\"h-caracteristicile-sta\u021biei-de-reluare-cu-laser-smd-r7830a\">Caracteristicile sta\u021biei de reluare cu laser SMD R7830A<\/h2>\n\n\n\n<ul class=\"wp-block-list\">\n<li>Interfa\u021b\u0103 de meniu multilingv<\/li>\n\n\n\n<li>Dispozitiv de alimentare automat\u0103<\/li>\n\n\n\n<li>Axa X\/Y poate fi controlat\u0103 de joystick, operarea este rapid\u0103 \u0219i convenabil\u0103<\/li>\n\n\n\n<li>Sistem de aliniere optic\u0103 CCD de \u00eenalt\u0103 defini\u021bie (2m pixeli) importat.<\/li>\n\n\n\n<li>Sistem de detectare a controlului temperaturii de \u00eenalt\u0103 precizie.<\/li>\n<\/ul>\n\n\n\n<h2 class=\"wp-block-heading\" id=\"h-specifica\u021bia-sta\u021biei-de-reluare-cu-laser-smd-zm-r7830a\">Specifica\u021bia sta\u021biei de reluare cu laser SMD ZM R7830A<\/h2>\n\n\n\n<figure class=\"wp-block-table\"><table class=\"has-fixed-layout\"><tbody><tr><td>Alimentare <\/td><td>AC380V\u00b110% 50\/60HZ<\/td><\/tr><tr><td>Putere <\/td><td>7,15 KW (max.), \u00eenc\u0103lzire superioar\u0103<br>(1,45 KW) \u00eenc\u0103lzire inferioar\u0103 <br>(1,2 KW), pre\u00eenc\u0103lzire <br>IR (4 KW), altele (0,5 KW)<\/td><\/tr><tr><td>Dimensiune <\/td><td>PCB 565467mm (Max); 66mm (Min)<\/td><\/tr><tr><td>Dimensiunea cipului BGA <\/td><td>8080mm (Max); 22mm (Min)<\/td><\/tr><tr><td>Dimensiunea \u00eenc\u0103lzitorului  <\/td><td>IR 500380mm<\/td><\/tr><tr><td>Controlul mi\u0219c\u0103rii <\/td><td>X\/Y\/Z <\/td><\/tr><tr><td>Senzor de temperatura  <\/td><td>5 buc<\/td><\/tr><tr><td>Metoda de operare <\/td><td>Panou tactil HD de 8 inchi <\/td><\/tr><tr><td>Sistem de control <\/td><td>Panasonic PLC + modul de control al temperaturii <\/td><\/tr><tr><td>Sistem de afi\u0219are <\/td><td>Ecran industrial HD de 15&#8243; (1080P 16:9) <\/td><\/tr><tr><td>Sistem de aliniere <\/td><td>Sistem digital de imagini HD de 2 milioane de pixeli, zoom optic automat cu indicator laser cu punct rosu <\/td><\/tr><tr><td>Adsorb\u021bie \u00een vid <\/td><td>automat\u0103 <\/td><\/tr><tr><td>Precizie de aliniere  <\/td><td>\u00b10,01 mm<\/td><\/tr><tr><td>Controlul temperaturii <\/td><td>Termocuplu de tip K Control \u00een bucl\u0103 \u00eenchis\u0103 cu precizie de p\u00e2n\u0103 la \u00b11\u2103 <\/td><\/tr><tr><td>Dispozitiv de alimentare <\/td><td>da<\/td><\/tr><tr><td> Pozi\u021bionare <\/td><td>canelura \u00een V cu fixare universal\u0103 <\/td><\/tr><tr><td>Dimensiuni <\/td><td>L810L1100*H960mm<\/td><\/tr><tr><td>Greutate <\/td><td>151 kg<\/td><\/tr><\/tbody><\/table><\/figure>\n","protected":false},"excerpt":{"rendered":"<p>R7830A este un echipament de reluare automat\u0103 de aliniere optic\u0103. De asemenea, func\u021bioneaz\u0103 ca sta\u021bie de reluare laser BGA SMD, interfa\u021b\u0103 de meniu \u00een mai multe limbi, dispozitiv de alimentare automat\u0103, ma\u0219in\u0103 X\/Y AXI care poate fi controlat\u0103 prin joystick, func\u021bionare rapid\u0103 \u0219i convenabil\u0103, sistem de aliniere optic\u0103 CCD de \u00eenalt\u0103 defini\u021bie (2 milioane de &hellip; <\/p>\n<p class=\"link-more\"><a href=\"https:\/\/inventcad.ro\/ro\/produse\/distribuitor-seamarkzm-2\/bga-rework-station\/zm-r7830a-smart-optical-bga-rework-station\/\" class=\"more-link\">Continu\u0103 lectura<span class=\"screen-reader-text\"> \u201eZM-R7830A Smart Optical BGA Rework Station\u201d<\/span><\/a><\/p>\n","protected":false},"author":1,"featured_media":0,"parent":2303,"menu_order":1,"comment_status":"closed","ping_status":"closed","template":"","meta":{"footnotes":""},"class_list":["post-2825","page","type-page","status-publish","hentry"],"yoast_head":"<!-- This site is optimized with the Yoast SEO Premium plugin v27.3 (Yoast SEO v27.4) - https:\/\/yoast.com\/product\/yoast-seo-premium-wordpress\/ -->\n<title>ZM-R7830A Smart Optical BGA Rework Station - InventCAD<\/title>\n<meta name=\"robots\" content=\"index, follow, max-snippet:-1, max-image-preview:large, max-video-preview:-1\" \/>\n<link rel=\"canonical\" href=\"https:\/\/inventcad.ro\/ro\/produse\/distribuitor-seamarkzm-2\/bga-rework-station\/zm-r7830a-smart-optical-bga-rework-station\/\" \/>\n<meta property=\"og:locale\" content=\"ro_RO\" \/>\n<meta property=\"og:type\" content=\"article\" \/>\n<meta property=\"og:title\" content=\"ZM-R7830A Smart Optical BGA Rework Station\" \/>\n<meta property=\"og:description\" content=\"R7830A este un echipament de reluare automat\u0103 de aliniere optic\u0103. De asemenea, func\u021bioneaz\u0103 ca sta\u021bie de reluare laser BGA SMD, interfa\u021b\u0103 de meniu \u00een mai multe limbi, dispozitiv de alimentare automat\u0103, ma\u0219in\u0103 X\/Y AXI care poate fi controlat\u0103 prin joystick, func\u021bionare rapid\u0103 \u0219i convenabil\u0103, sistem de aliniere optic\u0103 CCD de \u00eenalt\u0103 defini\u021bie (2 milioane de &hellip; Continu\u0103 lectura \u201eZM-R7830A Smart Optical BGA Rework Station\u201d\" \/>\n<meta property=\"og:url\" content=\"https:\/\/inventcad.ro\/ro\/produse\/distribuitor-seamarkzm-2\/bga-rework-station\/zm-r7830a-smart-optical-bga-rework-station\/\" \/>\n<meta property=\"og:site_name\" content=\"InventCAD\" \/>\n<meta property=\"article:publisher\" content=\"https:\/\/www.facebook.com\/inventcad\" \/>\n<meta property=\"article:modified_time\" content=\"2025-03-18T14:54:15+00:00\" \/>\n<meta property=\"og:image\" content=\"https:\/\/inventcad.ro\/ro\/wp-content\/uploads\/2025\/03\/ZM-R7830A-Smart-Optical-BGA-Rework-Station-1.jpg\" \/>\n\t<meta property=\"og:image:width\" content=\"510\" \/>\n\t<meta property=\"og:image:height\" content=\"420\" \/>\n\t<meta property=\"og:image:type\" content=\"image\/jpeg\" \/>\n<meta name=\"twitter:card\" content=\"summary_large_image\" \/>\n<meta name=\"twitter:label1\" content=\"Timp estimat pentru citire\" \/>\n\t<meta name=\"twitter:data1\" content=\"3 minute\" \/>\n<script type=\"application\/ld+json\" class=\"yoast-schema-graph\">{\"@context\":\"https:\\\/\\\/schema.org\",\"@graph\":[{\"@type\":\"WebPage\",\"@id\":\"https:\\\/\\\/inventcad.ro\\\/ro\\\/produse\\\/distribuitor-seamarkzm-2\\\/bga-rework-station\\\/zm-r7830a-smart-optical-bga-rework-station\\\/\",\"url\":\"https:\\\/\\\/inventcad.ro\\\/ro\\\/produse\\\/distribuitor-seamarkzm-2\\\/bga-rework-station\\\/zm-r7830a-smart-optical-bga-rework-station\\\/\",\"name\":\"ZM-R7830A Smart Optical BGA Rework Station - InventCAD\",\"isPartOf\":{\"@id\":\"https:\\\/\\\/inventcad.ro\\\/ro\\\/#website\"},\"primaryImageOfPage\":{\"@id\":\"https:\\\/\\\/inventcad.ro\\\/ro\\\/produse\\\/distribuitor-seamarkzm-2\\\/bga-rework-station\\\/zm-r7830a-smart-optical-bga-rework-station\\\/#primaryimage\"},\"image\":{\"@id\":\"https:\\\/\\\/inventcad.ro\\\/ro\\\/produse\\\/distribuitor-seamarkzm-2\\\/bga-rework-station\\\/zm-r7830a-smart-optical-bga-rework-station\\\/#primaryimage\"},\"thumbnailUrl\":\"https:\\\/\\\/inventcad.ro\\\/ro\\\/wp-content\\\/uploads\\\/2025\\\/03\\\/ZM-R7830A-Smart-Optical-BGA-Rework-Station-1.jpg\",\"datePublished\":\"2025-03-18T14:44:14+00:00\",\"dateModified\":\"2025-03-18T14:54:15+00:00\",\"breadcrumb\":{\"@id\":\"https:\\\/\\\/inventcad.ro\\\/ro\\\/produse\\\/distribuitor-seamarkzm-2\\\/bga-rework-station\\\/zm-r7830a-smart-optical-bga-rework-station\\\/#breadcrumb\"},\"inLanguage\":\"ro-RO\",\"potentialAction\":[{\"@type\":\"ReadAction\",\"target\":[\"https:\\\/\\\/inventcad.ro\\\/ro\\\/produse\\\/distribuitor-seamarkzm-2\\\/bga-rework-station\\\/zm-r7830a-smart-optical-bga-rework-station\\\/\"]}]},{\"@type\":\"ImageObject\",\"inLanguage\":\"ro-RO\",\"@id\":\"https:\\\/\\\/inventcad.ro\\\/ro\\\/produse\\\/distribuitor-seamarkzm-2\\\/bga-rework-station\\\/zm-r7830a-smart-optical-bga-rework-station\\\/#primaryimage\",\"url\":\"https:\\\/\\\/inventcad.ro\\\/ro\\\/wp-content\\\/uploads\\\/2025\\\/03\\\/ZM-R7830A-Smart-Optical-BGA-Rework-Station-1.jpg\",\"contentUrl\":\"https:\\\/\\\/inventcad.ro\\\/ro\\\/wp-content\\\/uploads\\\/2025\\\/03\\\/ZM-R7830A-Smart-Optical-BGA-Rework-Station-1.jpg\",\"width\":510,\"height\":420,\"caption\":\"ZM-R7830A Smart Optical BGA Rework Station\"},{\"@type\":\"BreadcrumbList\",\"@id\":\"https:\\\/\\\/inventcad.ro\\\/ro\\\/produse\\\/distribuitor-seamarkzm-2\\\/bga-rework-station\\\/zm-r7830a-smart-optical-bga-rework-station\\\/#breadcrumb\",\"itemListElement\":[{\"@type\":\"ListItem\",\"position\":1,\"name\":\"Home\",\"item\":\"https:\\\/\\\/inventcad.ro\\\/ro\\\/\"},{\"@type\":\"ListItem\",\"position\":2,\"name\":\"Produse\",\"item\":\"https:\\\/\\\/inventcad.ro\\\/ro\\\/produse\\\/\"},{\"@type\":\"ListItem\",\"position\":3,\"name\":\"Distribuitor SeamarkZM\",\"item\":\"https:\\\/\\\/inventcad.ro\\\/ro\\\/produse\\\/distribuitor-seamarkzm-2\\\/\"},{\"@type\":\"ListItem\",\"position\":4,\"name\":\"BGA Rework Station\",\"item\":\"https:\\\/\\\/inventcad.ro\\\/ro\\\/produse\\\/distribuitor-seamarkzm-2\\\/bga-rework-station\\\/\"},{\"@type\":\"ListItem\",\"position\":5,\"name\":\"ZM-R7830A Smart Optical BGA Rework Station\"}]},{\"@type\":\"WebSite\",\"@id\":\"https:\\\/\\\/inventcad.ro\\\/ro\\\/#website\",\"url\":\"https:\\\/\\\/inventcad.ro\\\/ro\\\/\",\"name\":\"InventCAD\",\"description\":\"Proiectare mecanic\u0103, automatiz\u0103ri industriale\",\"publisher\":{\"@id\":\"https:\\\/\\\/inventcad.ro\\\/ro\\\/#organization\"},\"potentialAction\":[{\"@type\":\"SearchAction\",\"target\":{\"@type\":\"EntryPoint\",\"urlTemplate\":\"https:\\\/\\\/inventcad.ro\\\/ro\\\/?s={search_term_string}\"},\"query-input\":{\"@type\":\"PropertyValueSpecification\",\"valueRequired\":true,\"valueName\":\"search_term_string\"}}],\"inLanguage\":\"ro-RO\"},{\"@type\":\"Organization\",\"@id\":\"https:\\\/\\\/inventcad.ro\\\/ro\\\/#organization\",\"name\":\"InventCAD\",\"url\":\"https:\\\/\\\/inventcad.ro\\\/ro\\\/\",\"logo\":{\"@type\":\"ImageObject\",\"inLanguage\":\"ro-RO\",\"@id\":\"https:\\\/\\\/inventcad.ro\\\/ro\\\/#\\\/schema\\\/logo\\\/image\\\/\",\"url\":\"https:\\\/\\\/inventcad.ro\\\/ro\\\/wp-content\\\/uploads\\\/2020\\\/11\\\/inventcad-logo.png\",\"contentUrl\":\"https:\\\/\\\/inventcad.ro\\\/ro\\\/wp-content\\\/uploads\\\/2020\\\/11\\\/inventcad-logo.png\",\"width\":1653,\"height\":250,\"caption\":\"InventCAD\"},\"image\":{\"@id\":\"https:\\\/\\\/inventcad.ro\\\/ro\\\/#\\\/schema\\\/logo\\\/image\\\/\"},\"sameAs\":[\"https:\\\/\\\/www.facebook.com\\\/inventcad\",\"https:\\\/\\\/www.linkedin.com\\\/company\\\/inventcad\\\/\",\"https:\\\/\\\/www.youtube.com\\\/user\\\/InventCAD\"],\"description\":\"Mechanical design, industrial automation, and engineering services.\",\"email\":\"office@inventcad.ro\",\"legalName\":\"InventCAD SRL\",\"foundingDate\":\"2003-03-10\",\"vatID\":\"RO15368893\",\"numberOfEmployees\":{\"@type\":\"QuantitativeValue\",\"minValue\":\"1\",\"maxValue\":\"10\"}}]}<\/script>\n<!-- \/ Yoast SEO Premium plugin. -->","yoast_head_json":{"title":"ZM-R7830A Smart Optical BGA Rework Station - InventCAD","robots":{"index":"index","follow":"follow","max-snippet":"max-snippet:-1","max-image-preview":"max-image-preview:large","max-video-preview":"max-video-preview:-1"},"canonical":"https:\/\/inventcad.ro\/ro\/produse\/distribuitor-seamarkzm-2\/bga-rework-station\/zm-r7830a-smart-optical-bga-rework-station\/","og_locale":"ro_RO","og_type":"article","og_title":"ZM-R7830A Smart Optical BGA Rework Station","og_description":"R7830A este un echipament de reluare automat\u0103 de aliniere optic\u0103. De asemenea, func\u021bioneaz\u0103 ca sta\u021bie de reluare laser BGA SMD, interfa\u021b\u0103 de meniu \u00een mai multe limbi, dispozitiv de alimentare automat\u0103, ma\u0219in\u0103 X\/Y AXI care poate fi controlat\u0103 prin joystick, func\u021bionare rapid\u0103 \u0219i convenabil\u0103, sistem de aliniere optic\u0103 CCD de \u00eenalt\u0103 defini\u021bie (2 milioane de &hellip; Continu\u0103 lectura \u201eZM-R7830A Smart Optical BGA Rework Station\u201d","og_url":"https:\/\/inventcad.ro\/ro\/produse\/distribuitor-seamarkzm-2\/bga-rework-station\/zm-r7830a-smart-optical-bga-rework-station\/","og_site_name":"InventCAD","article_publisher":"https:\/\/www.facebook.com\/inventcad","article_modified_time":"2025-03-18T14:54:15+00:00","og_image":[{"width":510,"height":420,"url":"https:\/\/inventcad.ro\/ro\/wp-content\/uploads\/2025\/03\/ZM-R7830A-Smart-Optical-BGA-Rework-Station-1.jpg","type":"image\/jpeg"}],"twitter_card":"summary_large_image","twitter_misc":{"Timp estimat pentru citire":"3 minute"},"schema":{"@context":"https:\/\/schema.org","@graph":[{"@type":"WebPage","@id":"https:\/\/inventcad.ro\/ro\/produse\/distribuitor-seamarkzm-2\/bga-rework-station\/zm-r7830a-smart-optical-bga-rework-station\/","url":"https:\/\/inventcad.ro\/ro\/produse\/distribuitor-seamarkzm-2\/bga-rework-station\/zm-r7830a-smart-optical-bga-rework-station\/","name":"ZM-R7830A Smart Optical BGA Rework Station - InventCAD","isPartOf":{"@id":"https:\/\/inventcad.ro\/ro\/#website"},"primaryImageOfPage":{"@id":"https:\/\/inventcad.ro\/ro\/produse\/distribuitor-seamarkzm-2\/bga-rework-station\/zm-r7830a-smart-optical-bga-rework-station\/#primaryimage"},"image":{"@id":"https:\/\/inventcad.ro\/ro\/produse\/distribuitor-seamarkzm-2\/bga-rework-station\/zm-r7830a-smart-optical-bga-rework-station\/#primaryimage"},"thumbnailUrl":"https:\/\/inventcad.ro\/ro\/wp-content\/uploads\/2025\/03\/ZM-R7830A-Smart-Optical-BGA-Rework-Station-1.jpg","datePublished":"2025-03-18T14:44:14+00:00","dateModified":"2025-03-18T14:54:15+00:00","breadcrumb":{"@id":"https:\/\/inventcad.ro\/ro\/produse\/distribuitor-seamarkzm-2\/bga-rework-station\/zm-r7830a-smart-optical-bga-rework-station\/#breadcrumb"},"inLanguage":"ro-RO","potentialAction":[{"@type":"ReadAction","target":["https:\/\/inventcad.ro\/ro\/produse\/distribuitor-seamarkzm-2\/bga-rework-station\/zm-r7830a-smart-optical-bga-rework-station\/"]}]},{"@type":"ImageObject","inLanguage":"ro-RO","@id":"https:\/\/inventcad.ro\/ro\/produse\/distribuitor-seamarkzm-2\/bga-rework-station\/zm-r7830a-smart-optical-bga-rework-station\/#primaryimage","url":"https:\/\/inventcad.ro\/ro\/wp-content\/uploads\/2025\/03\/ZM-R7830A-Smart-Optical-BGA-Rework-Station-1.jpg","contentUrl":"https:\/\/inventcad.ro\/ro\/wp-content\/uploads\/2025\/03\/ZM-R7830A-Smart-Optical-BGA-Rework-Station-1.jpg","width":510,"height":420,"caption":"ZM-R7830A Smart Optical BGA Rework Station"},{"@type":"BreadcrumbList","@id":"https:\/\/inventcad.ro\/ro\/produse\/distribuitor-seamarkzm-2\/bga-rework-station\/zm-r7830a-smart-optical-bga-rework-station\/#breadcrumb","itemListElement":[{"@type":"ListItem","position":1,"name":"Home","item":"https:\/\/inventcad.ro\/ro\/"},{"@type":"ListItem","position":2,"name":"Produse","item":"https:\/\/inventcad.ro\/ro\/produse\/"},{"@type":"ListItem","position":3,"name":"Distribuitor SeamarkZM","item":"https:\/\/inventcad.ro\/ro\/produse\/distribuitor-seamarkzm-2\/"},{"@type":"ListItem","position":4,"name":"BGA Rework Station","item":"https:\/\/inventcad.ro\/ro\/produse\/distribuitor-seamarkzm-2\/bga-rework-station\/"},{"@type":"ListItem","position":5,"name":"ZM-R7830A Smart Optical BGA Rework Station"}]},{"@type":"WebSite","@id":"https:\/\/inventcad.ro\/ro\/#website","url":"https:\/\/inventcad.ro\/ro\/","name":"InventCAD","description":"Proiectare mecanic\u0103, automatiz\u0103ri industriale","publisher":{"@id":"https:\/\/inventcad.ro\/ro\/#organization"},"potentialAction":[{"@type":"SearchAction","target":{"@type":"EntryPoint","urlTemplate":"https:\/\/inventcad.ro\/ro\/?s={search_term_string}"},"query-input":{"@type":"PropertyValueSpecification","valueRequired":true,"valueName":"search_term_string"}}],"inLanguage":"ro-RO"},{"@type":"Organization","@id":"https:\/\/inventcad.ro\/ro\/#organization","name":"InventCAD","url":"https:\/\/inventcad.ro\/ro\/","logo":{"@type":"ImageObject","inLanguage":"ro-RO","@id":"https:\/\/inventcad.ro\/ro\/#\/schema\/logo\/image\/","url":"https:\/\/inventcad.ro\/ro\/wp-content\/uploads\/2020\/11\/inventcad-logo.png","contentUrl":"https:\/\/inventcad.ro\/ro\/wp-content\/uploads\/2020\/11\/inventcad-logo.png","width":1653,"height":250,"caption":"InventCAD"},"image":{"@id":"https:\/\/inventcad.ro\/ro\/#\/schema\/logo\/image\/"},"sameAs":["https:\/\/www.facebook.com\/inventcad","https:\/\/www.linkedin.com\/company\/inventcad\/","https:\/\/www.youtube.com\/user\/InventCAD"],"description":"Mechanical design, industrial automation, and engineering services.","email":"office@inventcad.ro","legalName":"InventCAD SRL","foundingDate":"2003-03-10","vatID":"RO15368893","numberOfEmployees":{"@type":"QuantitativeValue","minValue":"1","maxValue":"10"}}]}},"_links":{"self":[{"href":"https:\/\/inventcad.ro\/ro\/wp-json\/wp\/v2\/pages\/2825","targetHints":{"allow":["GET"]}}],"collection":[{"href":"https:\/\/inventcad.ro\/ro\/wp-json\/wp\/v2\/pages"}],"about":[{"href":"https:\/\/inventcad.ro\/ro\/wp-json\/wp\/v2\/types\/page"}],"author":[{"embeddable":true,"href":"https:\/\/inventcad.ro\/ro\/wp-json\/wp\/v2\/users\/1"}],"replies":[{"embeddable":true,"href":"https:\/\/inventcad.ro\/ro\/wp-json\/wp\/v2\/comments?post=2825"}],"version-history":[{"count":5,"href":"https:\/\/inventcad.ro\/ro\/wp-json\/wp\/v2\/pages\/2825\/revisions"}],"predecessor-version":[{"id":2836,"href":"https:\/\/inventcad.ro\/ro\/wp-json\/wp\/v2\/pages\/2825\/revisions\/2836"}],"up":[{"embeddable":true,"href":"https:\/\/inventcad.ro\/ro\/wp-json\/wp\/v2\/pages\/2303"}],"wp:attachment":[{"href":"https:\/\/inventcad.ro\/ro\/wp-json\/wp\/v2\/media?parent=2825"}],"curies":[{"name":"wp","href":"https:\/\/api.w.org\/{rel}","templated":true}]}}