{"id":2808,"date":"2025-03-18T16:25:13","date_gmt":"2025-03-18T14:25:13","guid":{"rendered":"https:\/\/inventcad.ro\/ro\/?page_id=2808"},"modified":"2025-03-18T16:38:15","modified_gmt":"2025-03-18T14:38:15","slug":"zm-r730a-large-board-bga-rework-station","status":"publish","type":"page","link":"https:\/\/inventcad.ro\/ro\/produse\/distribuitor-seamarkzm-2\/bga-rework-station\/zm-r730a-large-board-bga-rework-station\/","title":{"rendered":"ZM-R730A Large Board BGA Rework Station"},"content":{"rendered":"\n<p>ZM-R730A sta\u021bie de reluare BGA cu plac\u0103 mare este un fel de ma\u0219in\u0103 de lipit semi-automat\u0103. Aparatul are control stabil al temperaturii, un ecran tactil HD mare, aliniere optic HD \u0219i control inteligent, precum \u0219i zon\u0103 de temperatur\u0103 \u00een infraro\u0219u deta\u0219abil\u0103 \u0219i alte avantaje. Fiind unul dintre cei mai reputa\u021bi \u0219i profesioni\u0219ti furnizori BGA Rework Station, Zhuomao promite s\u0103 produc\u0103 cele mai bune produse de bun\u0103 calitate.<\/p>\n\n\n\n<figure class=\"wp-block-image size-full\"><img loading=\"lazy\" decoding=\"async\" width=\"510\" height=\"420\" src=\"https:\/\/inventcad.ro\/ro\/wp-content\/uploads\/2025\/03\/ZM-R730A-Large-Board-BGA-Rework-Station-1.jpg\" alt=\"ZM-R730A Large Board BGA Rework Station\" class=\"wp-image-2813\" srcset=\"https:\/\/inventcad.ro\/ro\/wp-content\/uploads\/2025\/03\/ZM-R730A-Large-Board-BGA-Rework-Station-1.jpg 510w, https:\/\/inventcad.ro\/ro\/wp-content\/uploads\/2025\/03\/ZM-R730A-Large-Board-BGA-Rework-Station-1-300x247.jpg 300w\" sizes=\"auto, (max-width: 510px) 100vw, 510px\" \/><figcaption class=\"wp-element-caption\">ZM-R730A Large Board BGA Rework Station<\/figcaption><\/figure>\n\n\n\n<h2 class=\"wp-block-heading\" id=\"h-func\u021biile-ma\u0219inii-de-lipit-semi-automat-cu-bord-mare-r730a\">Func\u021biile ma\u0219inii de lipit semi-automat cu bord mare R730A<\/h2>\n\n\n\n<ol class=\"wp-block-list\">\n<li>Control stabil al temperaturii<br>Trei zone de temperatur\u0103 controleaz\u0103 independent, \u00eenc\u0103lzite prin aer cald prin convec\u021bie, \u00een\u0103l\u021bimea zonei de temperatur\u0103 inferioar\u0103 este reglabil\u0103, zona de temperatur\u0103 superioar\u0103 are o duz\u0103 de aspirare \u00een vid \u00eencorporat\u0103 pentru absorb\u021bia a\u0219chiilor, cu monitorizare a presiunii negative \u0219i dispozitiv de protec\u021bie a presiunii.<\/li>\n\n\n\n<li>Ecran tactil HD mare<br>Func\u021bionare cu ecran tactil HD mare cu o varietate de moduri de func\u021bionare, afi\u0219are \u00een timp real \u0219i editare a curbei de temperatur\u0103, fiecare grup de curbe de temperatur\u0103 poate fi setat la 8 segmente, poate stoca 100 de grupuri de curbe de temperatur\u0103, poate analiza automat curba, citi prin controlul ecranului tactil.<\/li>\n\n\n\n<li>Zona de temperatur\u0103 \u00een infraro\u0219u deta\u0219abil\u0103<br>Zona de pre\u00eenc\u0103lzire IR este \u00eenc\u0103lzit\u0103 de un tub infraro\u0219u din fibr\u0103 de carbon \u0219i protejat\u0103 de un panou microcristalin rezistent la temperaturi ridicate. Se poate deplasa la st\u00e2nga \u0219i la dreapta pentru a facilita \u00eentre\u021binerea PCBA mari \u0219i neregulate.<\/li>\n\n\n\n<li>Aliniere optic\u0103 HD \u0219i control inteligent<br>Echipat cu dispozitiv de alimentare automat\u0103, folosind PLC Panasonic \u0219i modul de control al temperaturii de \u00eenalt\u0103 precizie, termocuplu de \u00eenalt\u0103 precizie de tip K, proces de lipire selectiv\u0103 prin reflow cu control PID dinamic cu mai multe bucle, precizia poate ajunge la \u00b1 1 \u2103. Func\u021bie de alarm\u0103 de protec\u021bie \u00eempotriva temperaturii excesive, criptare software \u0219i func\u021bie sigur\u0103.<\/li>\n<\/ol>\n\n\n\n<h2 class=\"wp-block-heading\" id=\"h-specifica\u021bia-ma\u0219inii-de-lipit-semi-automata-cu-placa-mare-r730a\">Specifica\u021bia ma\u0219inii de lipit semi-automat\u0103 cu plac\u0103 mare R730A<\/h2>\n\n\n\n<figure class=\"wp-block-table\"><table class=\"has-fixed-layout\"><tbody><tr><td>Alimentare <\/td><td>AC380V\u00b110% 50\/60HZ<\/td><\/tr><tr><td>Putere <\/td><td>7,75 KW (max.), \u00eenc\u0103lzitor superior <br>(1,45 KW) \u00eenc\u0103lzire inferioar\u0103 <br>(1,2 KW), pre\u00eenc\u0103lzitor <br>IR (4,8 KW), altele (0,3 KW)<\/td><\/tr><tr><td>Dimensiune PCB <\/td><td>632*520mm (Max); 66mm (Min)<\/td><\/tr><tr><td>Dimensiunea cipului BGA <\/td><td>8080mm (Max); 33mm (Min)<\/td><\/tr><tr><td>Dimensiunea \u00eenc\u0103lzitorului IR <\/td><td>570*435mm<\/td><\/tr><tr><td>Senzor de temperatura <\/td><td>5 buc<\/td><\/tr><tr><td>Metoda de operare <\/td><td>Panou tactil HD de 10&#8243; (1080P 16:9)<\/td><\/tr><tr><td>Sistem de control <\/td><td>Panasonic PLC + modul de control al temperaturii<\/td><\/tr><tr><td>Sistem de afi\u0219are <\/td><td>Ecran industrial HD de 15&#8243; (1080P 16:9)<\/td><\/tr><tr><td>Sistem de aliniere <\/td><td>Sistem digital de imagini HD de 2 milioane de pixeli, zoom optic automat cu indicator laser punct rosu<\/td><\/tr><tr><td>Adsorb\u021bie \u00een vid<\/td><td>automat\u0103<\/td><\/tr><tr><td>Precizie de aliniere<\/td><td>\u00b10,01 mm<\/td><\/tr><tr><td>Controlul temperaturii <\/td><td>Termocuplu de tip K Control \u00een bucl\u0103 \u00eenchis\u0103 cu precizie de p\u00e2n\u0103 la \u00b11\u2103<\/td><\/tr><tr><td>Dispozitiv de alimentare<\/td><td>da<\/td><\/tr><tr><td>Pozi\u021bionare <\/td><td>canelura \u00een V cu fixare universal\u0103<\/td><\/tr><tr><td>Dimensiuni <\/td><td>L1000L835*H960mm<\/td><\/tr><tr><td>Greutate <\/td><td>130,5 kg<\/td><\/tr><\/tbody><\/table><\/figure>\n","protected":false},"excerpt":{"rendered":"<p>ZM-R730A sta\u021bie de reluare BGA cu plac\u0103 mare este un fel de ma\u0219in\u0103 de lipit semi-automat\u0103. Aparatul are control stabil al temperaturii, un ecran tactil HD mare, aliniere optic HD \u0219i control inteligent, precum \u0219i zon\u0103 de temperatur\u0103 \u00een infraro\u0219u deta\u0219abil\u0103 \u0219i alte avantaje. Fiind unul dintre cei mai reputa\u021bi \u0219i profesioni\u0219ti furnizori BGA Rework &hellip; <\/p>\n<p class=\"link-more\"><a href=\"https:\/\/inventcad.ro\/ro\/produse\/distribuitor-seamarkzm-2\/bga-rework-station\/zm-r730a-large-board-bga-rework-station\/\" class=\"more-link\">Continu\u0103 lectura<span class=\"screen-reader-text\"> \u201eZM-R730A Large Board BGA Rework Station\u201d<\/span><\/a><\/p>\n","protected":false},"author":1,"featured_media":0,"parent":2303,"menu_order":1,"comment_status":"closed","ping_status":"closed","template":"","meta":{"footnotes":""},"class_list":["post-2808","page","type-page","status-publish","hentry"],"yoast_head":"<!-- This site is optimized with the Yoast SEO Premium plugin v27.4 (Yoast SEO v27.5) - https:\/\/yoast.com\/product\/yoast-seo-premium-wordpress\/ -->\n<title>ZM-R730A Large Board BGA Rework Station - InventCAD<\/title>\n<meta name=\"robots\" content=\"index, follow, max-snippet:-1, max-image-preview:large, max-video-preview:-1\" \/>\n<link rel=\"canonical\" href=\"https:\/\/inventcad.ro\/ro\/produse\/distribuitor-seamarkzm-2\/bga-rework-station\/zm-r730a-large-board-bga-rework-station\/\" \/>\n<meta property=\"og:locale\" content=\"ro_RO\" \/>\n<meta property=\"og:type\" content=\"article\" \/>\n<meta property=\"og:title\" content=\"ZM-R730A Large Board BGA Rework Station\" \/>\n<meta property=\"og:description\" content=\"ZM-R730A sta\u021bie de reluare BGA cu plac\u0103 mare este un fel de ma\u0219in\u0103 de lipit semi-automat\u0103. Aparatul are control stabil al temperaturii, un ecran tactil HD mare, aliniere optic HD \u0219i control inteligent, precum \u0219i zon\u0103 de temperatur\u0103 \u00een infraro\u0219u deta\u0219abil\u0103 \u0219i alte avantaje. Fiind unul dintre cei mai reputa\u021bi \u0219i profesioni\u0219ti furnizori BGA Rework &hellip; Continu\u0103 lectura \u201eZM-R730A Large Board BGA Rework Station\u201d\" \/>\n<meta property=\"og:url\" content=\"https:\/\/inventcad.ro\/ro\/produse\/distribuitor-seamarkzm-2\/bga-rework-station\/zm-r730a-large-board-bga-rework-station\/\" \/>\n<meta property=\"og:site_name\" content=\"InventCAD\" \/>\n<meta property=\"article:publisher\" content=\"https:\/\/www.facebook.com\/inventcad\" \/>\n<meta property=\"article:modified_time\" content=\"2025-03-18T14:38:15+00:00\" \/>\n<meta property=\"og:image\" content=\"https:\/\/inventcad.ro\/ro\/wp-content\/uploads\/2025\/03\/ZM-R730A-Large-Board-BGA-Rework-Station-1.jpg\" \/>\n\t<meta property=\"og:image:width\" content=\"510\" \/>\n\t<meta property=\"og:image:height\" content=\"420\" \/>\n\t<meta property=\"og:image:type\" content=\"image\/jpeg\" \/>\n<meta name=\"twitter:card\" content=\"summary_large_image\" \/>\n<meta name=\"twitter:label1\" content=\"Timp estimat pentru citire\" \/>\n\t<meta name=\"twitter:data1\" content=\"3 minute\" \/>\n<script type=\"application\/ld+json\" class=\"yoast-schema-graph\">{\"@context\":\"https:\\\/\\\/schema.org\",\"@graph\":[{\"@type\":\"WebPage\",\"@id\":\"https:\\\/\\\/inventcad.ro\\\/ro\\\/produse\\\/distribuitor-seamarkzm-2\\\/bga-rework-station\\\/zm-r730a-large-board-bga-rework-station\\\/\",\"url\":\"https:\\\/\\\/inventcad.ro\\\/ro\\\/produse\\\/distribuitor-seamarkzm-2\\\/bga-rework-station\\\/zm-r730a-large-board-bga-rework-station\\\/\",\"name\":\"ZM-R730A Large Board BGA Rework Station - InventCAD\",\"isPartOf\":{\"@id\":\"https:\\\/\\\/inventcad.ro\\\/ro\\\/#website\"},\"primaryImageOfPage\":{\"@id\":\"https:\\\/\\\/inventcad.ro\\\/ro\\\/produse\\\/distribuitor-seamarkzm-2\\\/bga-rework-station\\\/zm-r730a-large-board-bga-rework-station\\\/#primaryimage\"},\"image\":{\"@id\":\"https:\\\/\\\/inventcad.ro\\\/ro\\\/produse\\\/distribuitor-seamarkzm-2\\\/bga-rework-station\\\/zm-r730a-large-board-bga-rework-station\\\/#primaryimage\"},\"thumbnailUrl\":\"https:\\\/\\\/inventcad.ro\\\/ro\\\/wp-content\\\/uploads\\\/2025\\\/03\\\/ZM-R730A-Large-Board-BGA-Rework-Station-1.jpg\",\"datePublished\":\"2025-03-18T14:25:13+00:00\",\"dateModified\":\"2025-03-18T14:38:15+00:00\",\"breadcrumb\":{\"@id\":\"https:\\\/\\\/inventcad.ro\\\/ro\\\/produse\\\/distribuitor-seamarkzm-2\\\/bga-rework-station\\\/zm-r730a-large-board-bga-rework-station\\\/#breadcrumb\"},\"inLanguage\":\"ro-RO\",\"potentialAction\":[{\"@type\":\"ReadAction\",\"target\":[\"https:\\\/\\\/inventcad.ro\\\/ro\\\/produse\\\/distribuitor-seamarkzm-2\\\/bga-rework-station\\\/zm-r730a-large-board-bga-rework-station\\\/\"]}]},{\"@type\":\"ImageObject\",\"inLanguage\":\"ro-RO\",\"@id\":\"https:\\\/\\\/inventcad.ro\\\/ro\\\/produse\\\/distribuitor-seamarkzm-2\\\/bga-rework-station\\\/zm-r730a-large-board-bga-rework-station\\\/#primaryimage\",\"url\":\"https:\\\/\\\/inventcad.ro\\\/ro\\\/wp-content\\\/uploads\\\/2025\\\/03\\\/ZM-R730A-Large-Board-BGA-Rework-Station-1.jpg\",\"contentUrl\":\"https:\\\/\\\/inventcad.ro\\\/ro\\\/wp-content\\\/uploads\\\/2025\\\/03\\\/ZM-R730A-Large-Board-BGA-Rework-Station-1.jpg\",\"width\":510,\"height\":420,\"caption\":\"ZM-R730A Large Board BGA Rework Station\"},{\"@type\":\"BreadcrumbList\",\"@id\":\"https:\\\/\\\/inventcad.ro\\\/ro\\\/produse\\\/distribuitor-seamarkzm-2\\\/bga-rework-station\\\/zm-r730a-large-board-bga-rework-station\\\/#breadcrumb\",\"itemListElement\":[{\"@type\":\"ListItem\",\"position\":1,\"name\":\"Home\",\"item\":\"https:\\\/\\\/inventcad.ro\\\/ro\\\/\"},{\"@type\":\"ListItem\",\"position\":2,\"name\":\"Produse\",\"item\":\"https:\\\/\\\/inventcad.ro\\\/ro\\\/produse\\\/\"},{\"@type\":\"ListItem\",\"position\":3,\"name\":\"Distribuitor SeamarkZM\",\"item\":\"https:\\\/\\\/inventcad.ro\\\/ro\\\/produse\\\/distribuitor-seamarkzm-2\\\/\"},{\"@type\":\"ListItem\",\"position\":4,\"name\":\"BGA Rework Station\",\"item\":\"https:\\\/\\\/inventcad.ro\\\/ro\\\/produse\\\/distribuitor-seamarkzm-2\\\/bga-rework-station\\\/\"},{\"@type\":\"ListItem\",\"position\":5,\"name\":\"ZM-R730A Large Board BGA Rework Station\"}]},{\"@type\":\"WebSite\",\"@id\":\"https:\\\/\\\/inventcad.ro\\\/ro\\\/#website\",\"url\":\"https:\\\/\\\/inventcad.ro\\\/ro\\\/\",\"name\":\"InventCAD\",\"description\":\"Proiectare mecanic\u0103, automatiz\u0103ri industriale\",\"publisher\":{\"@id\":\"https:\\\/\\\/inventcad.ro\\\/ro\\\/#organization\"},\"potentialAction\":[{\"@type\":\"SearchAction\",\"target\":{\"@type\":\"EntryPoint\",\"urlTemplate\":\"https:\\\/\\\/inventcad.ro\\\/ro\\\/?s={search_term_string}\"},\"query-input\":{\"@type\":\"PropertyValueSpecification\",\"valueRequired\":true,\"valueName\":\"search_term_string\"}}],\"inLanguage\":\"ro-RO\"},{\"@type\":\"Organization\",\"@id\":\"https:\\\/\\\/inventcad.ro\\\/ro\\\/#organization\",\"name\":\"InventCAD\",\"url\":\"https:\\\/\\\/inventcad.ro\\\/ro\\\/\",\"logo\":{\"@type\":\"ImageObject\",\"inLanguage\":\"ro-RO\",\"@id\":\"https:\\\/\\\/inventcad.ro\\\/ro\\\/#\\\/schema\\\/logo\\\/image\\\/\",\"url\":\"https:\\\/\\\/inventcad.ro\\\/ro\\\/wp-content\\\/uploads\\\/2020\\\/11\\\/inventcad-logo.png\",\"contentUrl\":\"https:\\\/\\\/inventcad.ro\\\/ro\\\/wp-content\\\/uploads\\\/2020\\\/11\\\/inventcad-logo.png\",\"width\":1653,\"height\":250,\"caption\":\"InventCAD\"},\"image\":{\"@id\":\"https:\\\/\\\/inventcad.ro\\\/ro\\\/#\\\/schema\\\/logo\\\/image\\\/\"},\"sameAs\":[\"https:\\\/\\\/www.facebook.com\\\/inventcad\",\"https:\\\/\\\/www.linkedin.com\\\/company\\\/inventcad\\\/\",\"https:\\\/\\\/www.youtube.com\\\/user\\\/InventCAD\"],\"description\":\"Mechanical design, industrial automation, and engineering services.\",\"email\":\"office@inventcad.ro\",\"legalName\":\"InventCAD SRL\",\"foundingDate\":\"2003-03-10\",\"vatID\":\"RO15368893\",\"numberOfEmployees\":{\"@type\":\"QuantitativeValue\",\"minValue\":\"1\",\"maxValue\":\"10\"}}]}<\/script>\n<!-- \/ Yoast SEO Premium plugin. -->","yoast_head_json":{"title":"ZM-R730A Large Board BGA Rework Station - InventCAD","robots":{"index":"index","follow":"follow","max-snippet":"max-snippet:-1","max-image-preview":"max-image-preview:large","max-video-preview":"max-video-preview:-1"},"canonical":"https:\/\/inventcad.ro\/ro\/produse\/distribuitor-seamarkzm-2\/bga-rework-station\/zm-r730a-large-board-bga-rework-station\/","og_locale":"ro_RO","og_type":"article","og_title":"ZM-R730A Large Board BGA Rework Station","og_description":"ZM-R730A sta\u021bie de reluare BGA cu plac\u0103 mare este un fel de ma\u0219in\u0103 de lipit semi-automat\u0103. Aparatul are control stabil al temperaturii, un ecran tactil HD mare, aliniere optic HD \u0219i control inteligent, precum \u0219i zon\u0103 de temperatur\u0103 \u00een infraro\u0219u deta\u0219abil\u0103 \u0219i alte avantaje. Fiind unul dintre cei mai reputa\u021bi \u0219i profesioni\u0219ti furnizori BGA Rework &hellip; Continu\u0103 lectura \u201eZM-R730A Large Board BGA Rework Station\u201d","og_url":"https:\/\/inventcad.ro\/ro\/produse\/distribuitor-seamarkzm-2\/bga-rework-station\/zm-r730a-large-board-bga-rework-station\/","og_site_name":"InventCAD","article_publisher":"https:\/\/www.facebook.com\/inventcad","article_modified_time":"2025-03-18T14:38:15+00:00","og_image":[{"width":510,"height":420,"url":"https:\/\/inventcad.ro\/ro\/wp-content\/uploads\/2025\/03\/ZM-R730A-Large-Board-BGA-Rework-Station-1.jpg","type":"image\/jpeg"}],"twitter_card":"summary_large_image","twitter_misc":{"Timp estimat pentru citire":"3 minute"},"schema":{"@context":"https:\/\/schema.org","@graph":[{"@type":"WebPage","@id":"https:\/\/inventcad.ro\/ro\/produse\/distribuitor-seamarkzm-2\/bga-rework-station\/zm-r730a-large-board-bga-rework-station\/","url":"https:\/\/inventcad.ro\/ro\/produse\/distribuitor-seamarkzm-2\/bga-rework-station\/zm-r730a-large-board-bga-rework-station\/","name":"ZM-R730A Large Board BGA Rework Station - InventCAD","isPartOf":{"@id":"https:\/\/inventcad.ro\/ro\/#website"},"primaryImageOfPage":{"@id":"https:\/\/inventcad.ro\/ro\/produse\/distribuitor-seamarkzm-2\/bga-rework-station\/zm-r730a-large-board-bga-rework-station\/#primaryimage"},"image":{"@id":"https:\/\/inventcad.ro\/ro\/produse\/distribuitor-seamarkzm-2\/bga-rework-station\/zm-r730a-large-board-bga-rework-station\/#primaryimage"},"thumbnailUrl":"https:\/\/inventcad.ro\/ro\/wp-content\/uploads\/2025\/03\/ZM-R730A-Large-Board-BGA-Rework-Station-1.jpg","datePublished":"2025-03-18T14:25:13+00:00","dateModified":"2025-03-18T14:38:15+00:00","breadcrumb":{"@id":"https:\/\/inventcad.ro\/ro\/produse\/distribuitor-seamarkzm-2\/bga-rework-station\/zm-r730a-large-board-bga-rework-station\/#breadcrumb"},"inLanguage":"ro-RO","potentialAction":[{"@type":"ReadAction","target":["https:\/\/inventcad.ro\/ro\/produse\/distribuitor-seamarkzm-2\/bga-rework-station\/zm-r730a-large-board-bga-rework-station\/"]}]},{"@type":"ImageObject","inLanguage":"ro-RO","@id":"https:\/\/inventcad.ro\/ro\/produse\/distribuitor-seamarkzm-2\/bga-rework-station\/zm-r730a-large-board-bga-rework-station\/#primaryimage","url":"https:\/\/inventcad.ro\/ro\/wp-content\/uploads\/2025\/03\/ZM-R730A-Large-Board-BGA-Rework-Station-1.jpg","contentUrl":"https:\/\/inventcad.ro\/ro\/wp-content\/uploads\/2025\/03\/ZM-R730A-Large-Board-BGA-Rework-Station-1.jpg","width":510,"height":420,"caption":"ZM-R730A Large Board BGA Rework Station"},{"@type":"BreadcrumbList","@id":"https:\/\/inventcad.ro\/ro\/produse\/distribuitor-seamarkzm-2\/bga-rework-station\/zm-r730a-large-board-bga-rework-station\/#breadcrumb","itemListElement":[{"@type":"ListItem","position":1,"name":"Home","item":"https:\/\/inventcad.ro\/ro\/"},{"@type":"ListItem","position":2,"name":"Produse","item":"https:\/\/inventcad.ro\/ro\/produse\/"},{"@type":"ListItem","position":3,"name":"Distribuitor SeamarkZM","item":"https:\/\/inventcad.ro\/ro\/produse\/distribuitor-seamarkzm-2\/"},{"@type":"ListItem","position":4,"name":"BGA Rework Station","item":"https:\/\/inventcad.ro\/ro\/produse\/distribuitor-seamarkzm-2\/bga-rework-station\/"},{"@type":"ListItem","position":5,"name":"ZM-R730A Large Board BGA Rework Station"}]},{"@type":"WebSite","@id":"https:\/\/inventcad.ro\/ro\/#website","url":"https:\/\/inventcad.ro\/ro\/","name":"InventCAD","description":"Proiectare mecanic\u0103, automatiz\u0103ri industriale","publisher":{"@id":"https:\/\/inventcad.ro\/ro\/#organization"},"potentialAction":[{"@type":"SearchAction","target":{"@type":"EntryPoint","urlTemplate":"https:\/\/inventcad.ro\/ro\/?s={search_term_string}"},"query-input":{"@type":"PropertyValueSpecification","valueRequired":true,"valueName":"search_term_string"}}],"inLanguage":"ro-RO"},{"@type":"Organization","@id":"https:\/\/inventcad.ro\/ro\/#organization","name":"InventCAD","url":"https:\/\/inventcad.ro\/ro\/","logo":{"@type":"ImageObject","inLanguage":"ro-RO","@id":"https:\/\/inventcad.ro\/ro\/#\/schema\/logo\/image\/","url":"https:\/\/inventcad.ro\/ro\/wp-content\/uploads\/2020\/11\/inventcad-logo.png","contentUrl":"https:\/\/inventcad.ro\/ro\/wp-content\/uploads\/2020\/11\/inventcad-logo.png","width":1653,"height":250,"caption":"InventCAD"},"image":{"@id":"https:\/\/inventcad.ro\/ro\/#\/schema\/logo\/image\/"},"sameAs":["https:\/\/www.facebook.com\/inventcad","https:\/\/www.linkedin.com\/company\/inventcad\/","https:\/\/www.youtube.com\/user\/InventCAD"],"description":"Mechanical design, industrial automation, and engineering services.","email":"office@inventcad.ro","legalName":"InventCAD SRL","foundingDate":"2003-03-10","vatID":"RO15368893","numberOfEmployees":{"@type":"QuantitativeValue","minValue":"1","maxValue":"10"}}]}},"_links":{"self":[{"href":"https:\/\/inventcad.ro\/ro\/wp-json\/wp\/v2\/pages\/2808","targetHints":{"allow":["GET"]}}],"collection":[{"href":"https:\/\/inventcad.ro\/ro\/wp-json\/wp\/v2\/pages"}],"about":[{"href":"https:\/\/inventcad.ro\/ro\/wp-json\/wp\/v2\/types\/page"}],"author":[{"embeddable":true,"href":"https:\/\/inventcad.ro\/ro\/wp-json\/wp\/v2\/users\/1"}],"replies":[{"embeddable":true,"href":"https:\/\/inventcad.ro\/ro\/wp-json\/wp\/v2\/comments?post=2808"}],"version-history":[{"count":8,"href":"https:\/\/inventcad.ro\/ro\/wp-json\/wp\/v2\/pages\/2808\/revisions"}],"predecessor-version":[{"id":2824,"href":"https:\/\/inventcad.ro\/ro\/wp-json\/wp\/v2\/pages\/2808\/revisions\/2824"}],"up":[{"embeddable":true,"href":"https:\/\/inventcad.ro\/ro\/wp-json\/wp\/v2\/pages\/2303"}],"wp:attachment":[{"href":"https:\/\/inventcad.ro\/ro\/wp-json\/wp\/v2\/media?parent=2808"}],"curies":[{"name":"wp","href":"https:\/\/api.w.org\/{rel}","templated":true}]}}