{"id":2799,"date":"2025-03-18T14:39:35","date_gmt":"2025-03-18T12:39:35","guid":{"rendered":"https:\/\/inventcad.ro\/ro\/?page_id=2799"},"modified":"2025-03-18T14:47:07","modified_gmt":"2025-03-18T12:47:07","slug":"zm-r720a-led-micro-component-rework-station","status":"publish","type":"page","link":"https:\/\/inventcad.ro\/ro\/produse\/distribuitor-seamarkzm-2\/bga-rework-station\/zm-r720a-led-micro-component-rework-station\/","title":{"rendered":"ZM-R720A LED-Micro Component Rework Station"},"content":{"rendered":"\n<p>Sta\u021bia de reluare micro\/mini BGA ZM R720A este o sta\u021bie de reluare LED inteligent\u0103 optic\u0103 de precizie, potrivit\u0103 pentru repetarea microdispozitivelor de precizie. Aceast\u0103 ma\u0219in\u0103 adopt\u0103 imagini digitale HD CCD importate, sistem automat de zoom optic, reluare a microdispozitivelor de precizie, tub de \u00eenc\u0103lzire BGA cu infraro\u0219u din fibr\u0103 de carbon \u0219i alimentare automat\u0103. Pe l\u00e2ng\u0103 asta, Seamark are \u0219i alte tipuri de sta\u021bii de reluare BGA din care pute\u021bi alege.<\/p>\n\n\n<div class=\"wp-block-image\">\n<figure class=\"aligncenter size-full\"><img loading=\"lazy\" decoding=\"async\" width=\"510\" height=\"420\" src=\"https:\/\/inventcad.ro\/ro\/wp-content\/uploads\/2025\/03\/ZM-R720A-LED-Micro-Component-Rework-Station-1.jpg\" alt=\"ZM-R720A LED\/Micro Component Rework Station\" class=\"wp-image-2798\" srcset=\"https:\/\/inventcad.ro\/ro\/wp-content\/uploads\/2025\/03\/ZM-R720A-LED-Micro-Component-Rework-Station-1.jpg 510w, https:\/\/inventcad.ro\/ro\/wp-content\/uploads\/2025\/03\/ZM-R720A-LED-Micro-Component-Rework-Station-1-300x247.jpg 300w\" sizes=\"auto, (max-width: 510px) 100vw, 510px\" \/><figcaption class=\"wp-element-caption\">ZM-R720A LED\/Micro Component Rework Station<\/figcaption><\/figure>\n<\/div>\n\n\n<h2 class=\"wp-block-heading\" id=\"h-func\u021biile-r720a-micro-mini-bga-rework-station\">Func\u021biile R720A Micro\/Mini BGA Rework Station<\/h2>\n\n\n\n<ol class=\"wp-block-list\">\n<li>Tub de \u00eenc\u0103lzire cu infraro\u0219u din fibr\u0103 de carbon<br>Zona de pre\u00eenc\u0103lzire IR folose\u0219te \u00eenc\u0103lzirea tubului infraro\u0219u din fibr\u0103 de carbon \u0219i protec\u021bia panoului microcristalin rezistent la temperaturi ridicate \u0219i un suport de fixare PCB mobil multifunc\u021bional.<\/li>\n\n\n\n<li>Dispozitive minuscule de precizie \u0219i alimentare automat\u0103<br>Seamark dedicat echipamentelor de reparare a microdispozitivelor de precizie, dispozitiv de alimentare automat\u0103, dispozitiv de alimentare cu LED op\u021bional.<\/li>\n\n\n\n<li>Display de \u00eenalt\u0103 defini\u021bie<br>Utiliz\u00e2nd un sistem de imagine digital\u0103 CCD de \u00eenalt\u0103 defini\u021bie (2 m pixeli) importat cu zoom optic automat, aliniere de precizie cu punct ro\u0219u cu laser cu control automat, folosind ecran de afi\u0219are industrial HD de 15 inchi.<\/li>\n<\/ol>\n\n\n\n<h2 class=\"wp-block-heading\" id=\"h-specifica\u021biile-zm-r720a-micro-mini-bga-rework-station\">Specifica\u021biile ZM R720A Micro\/Mini BGA Rework Station<\/h2>\n\n\n\n<figure class=\"wp-block-table\"><table class=\"has-fixed-layout\"><tbody><tr><td>Alimentare<\/td><td>AC220V\u00b110% 50\/60HZ<\/td><\/tr><tr><td>Putere <\/td><td>6,15 KW (max.), \u00eenc\u0103lzitor superior <br>(1,45 KW) \u00eenc\u0103lzire inferioar\u0103 <br>(1,2 KW), pre\u00eenc\u0103lzitor <br>IR (3,2 KW), altele (0,3 KW)<\/td><\/tr><tr><td>Dimensiune <\/td><td>PCB 412370mm (Max); 66mm (Min)<\/td><\/tr><tr><td>Dimensiune cip <\/td><td>BGA 6060mm (Max); 0.60.6mm (Min)<\/td><\/tr><tr><td>Dimensiunea \u00eenc\u0103lzitorului  <\/td><td>IR 380280mm<\/td><\/tr><tr><td>Senzor de temperatur\u0103<\/td><td>1<\/td><\/tr><tr><td>Metoda de operare <\/td><td>Ecran tactil HD de 7 inchi<\/td><\/tr><tr><td>Sistem de control <\/td><td>Sistem autonom de control al \u00eenc\u0103lzirii V2 (copyright de software)<\/td><\/tr><tr><td>Sistem de afi\u0219are <\/td><td>Ecran industrial HD de 15&#8243; (1080P 16:9)<\/td><\/tr><tr><td>Sistem de aliniere  <\/td><td>Sistem digital de imagini HD de 2 milioane de pixeli, zoom optic automat cu indicator laser punct rosu<\/td><\/tr><tr><td>Adsorb\u021bie \u00een vid <\/td><td>automat\u0103 <\/td><\/tr><tr><td>Precizie de aliniere  <\/td><td>\u00b10,01 mm<\/td><\/tr><tr><td>Controlul temperaturii <\/td><td>Termocuplu de tip K Control \u00een bucl\u0103 \u00eenchis\u0103 cu precizie de p\u00e2n\u0103 la \u00b11\u2103 <\/td><\/tr><tr><td>Dispozitiv de alimentare<\/td><td>da<\/td><\/tr><tr><td>Pozi\u021bionare <\/td><td>canelura \u00een V cu fixare universal\u0103 <\/td><\/tr><tr><td>Dimensiuni <\/td><td>L810L635*H870mm<\/td><\/tr><tr><td>Greutate <\/td><td>84,5 kg<\/td><\/tr><\/tbody><\/table><\/figure>\n","protected":false},"excerpt":{"rendered":"<p>Sta\u021bia de reluare micro\/mini BGA ZM R720A este o sta\u021bie de reluare LED inteligent\u0103 optic\u0103 de precizie, potrivit\u0103 pentru repetarea microdispozitivelor de precizie. Aceast\u0103 ma\u0219in\u0103 adopt\u0103 imagini digitale HD CCD importate, sistem automat de zoom optic, reluare a microdispozitivelor de precizie, tub de \u00eenc\u0103lzire BGA cu infraro\u0219u din fibr\u0103 de carbon \u0219i alimentare automat\u0103. Pe &hellip; <\/p>\n<p class=\"link-more\"><a href=\"https:\/\/inventcad.ro\/ro\/produse\/distribuitor-seamarkzm-2\/bga-rework-station\/zm-r720a-led-micro-component-rework-station\/\" class=\"more-link\">Continu\u0103 lectura<span class=\"screen-reader-text\"> \u201eZM-R720A LED-Micro Component Rework Station\u201d<\/span><\/a><\/p>\n","protected":false},"author":1,"featured_media":0,"parent":2303,"menu_order":1,"comment_status":"closed","ping_status":"closed","template":"","meta":{"footnotes":""},"class_list":["post-2799","page","type-page","status-publish","hentry"],"yoast_head":"<!-- This site is optimized with the Yoast SEO Premium plugin v27.3 (Yoast SEO v27.4) - https:\/\/yoast.com\/product\/yoast-seo-premium-wordpress\/ -->\n<title>ZM-R720A LED-Micro Component Rework Station - InventCAD<\/title>\n<meta name=\"robots\" content=\"index, follow, max-snippet:-1, max-image-preview:large, max-video-preview:-1\" \/>\n<link rel=\"canonical\" href=\"https:\/\/inventcad.ro\/ro\/produse\/distribuitor-seamarkzm-2\/bga-rework-station\/zm-r720a-led-micro-component-rework-station\/\" \/>\n<meta property=\"og:locale\" content=\"ro_RO\" \/>\n<meta property=\"og:type\" content=\"article\" \/>\n<meta property=\"og:title\" content=\"ZM-R720A LED-Micro Component Rework Station\" \/>\n<meta property=\"og:description\" content=\"Sta\u021bia de reluare micro\/mini BGA ZM R720A este o sta\u021bie de reluare LED inteligent\u0103 optic\u0103 de precizie, potrivit\u0103 pentru repetarea microdispozitivelor de precizie. Aceast\u0103 ma\u0219in\u0103 adopt\u0103 imagini digitale HD CCD importate, sistem automat de zoom optic, reluare a microdispozitivelor de precizie, tub de \u00eenc\u0103lzire BGA cu infraro\u0219u din fibr\u0103 de carbon \u0219i alimentare automat\u0103. Pe &hellip; Continu\u0103 lectura \u201eZM-R720A LED-Micro Component Rework Station\u201d\" \/>\n<meta property=\"og:url\" content=\"https:\/\/inventcad.ro\/ro\/produse\/distribuitor-seamarkzm-2\/bga-rework-station\/zm-r720a-led-micro-component-rework-station\/\" \/>\n<meta property=\"og:site_name\" content=\"InventCAD\" \/>\n<meta property=\"article:publisher\" content=\"https:\/\/www.facebook.com\/inventcad\" \/>\n<meta property=\"article:modified_time\" content=\"2025-03-18T12:47:07+00:00\" \/>\n<meta property=\"og:image\" content=\"https:\/\/inventcad.ro\/ro\/wp-content\/uploads\/2025\/03\/ZM-R720A-LED-Micro-Component-Rework-Station-1.jpg\" \/>\n\t<meta property=\"og:image:width\" content=\"510\" \/>\n\t<meta property=\"og:image:height\" content=\"420\" \/>\n\t<meta property=\"og:image:type\" content=\"image\/jpeg\" \/>\n<meta name=\"twitter:card\" content=\"summary_large_image\" \/>\n<meta name=\"twitter:label1\" content=\"Timp estimat pentru citire\" \/>\n\t<meta name=\"twitter:data1\" content=\"3 minute\" \/>\n<script type=\"application\/ld+json\" class=\"yoast-schema-graph\">{\"@context\":\"https:\\\/\\\/schema.org\",\"@graph\":[{\"@type\":\"WebPage\",\"@id\":\"https:\\\/\\\/inventcad.ro\\\/ro\\\/produse\\\/distribuitor-seamarkzm-2\\\/bga-rework-station\\\/zm-r720a-led-micro-component-rework-station\\\/\",\"url\":\"https:\\\/\\\/inventcad.ro\\\/ro\\\/produse\\\/distribuitor-seamarkzm-2\\\/bga-rework-station\\\/zm-r720a-led-micro-component-rework-station\\\/\",\"name\":\"ZM-R720A LED-Micro Component Rework Station - InventCAD\",\"isPartOf\":{\"@id\":\"https:\\\/\\\/inventcad.ro\\\/ro\\\/#website\"},\"primaryImageOfPage\":{\"@id\":\"https:\\\/\\\/inventcad.ro\\\/ro\\\/produse\\\/distribuitor-seamarkzm-2\\\/bga-rework-station\\\/zm-r720a-led-micro-component-rework-station\\\/#primaryimage\"},\"image\":{\"@id\":\"https:\\\/\\\/inventcad.ro\\\/ro\\\/produse\\\/distribuitor-seamarkzm-2\\\/bga-rework-station\\\/zm-r720a-led-micro-component-rework-station\\\/#primaryimage\"},\"thumbnailUrl\":\"https:\\\/\\\/inventcad.ro\\\/ro\\\/wp-content\\\/uploads\\\/2025\\\/03\\\/ZM-R720A-LED-Micro-Component-Rework-Station-1.jpg\",\"datePublished\":\"2025-03-18T12:39:35+00:00\",\"dateModified\":\"2025-03-18T12:47:07+00:00\",\"breadcrumb\":{\"@id\":\"https:\\\/\\\/inventcad.ro\\\/ro\\\/produse\\\/distribuitor-seamarkzm-2\\\/bga-rework-station\\\/zm-r720a-led-micro-component-rework-station\\\/#breadcrumb\"},\"inLanguage\":\"ro-RO\",\"potentialAction\":[{\"@type\":\"ReadAction\",\"target\":[\"https:\\\/\\\/inventcad.ro\\\/ro\\\/produse\\\/distribuitor-seamarkzm-2\\\/bga-rework-station\\\/zm-r720a-led-micro-component-rework-station\\\/\"]}]},{\"@type\":\"ImageObject\",\"inLanguage\":\"ro-RO\",\"@id\":\"https:\\\/\\\/inventcad.ro\\\/ro\\\/produse\\\/distribuitor-seamarkzm-2\\\/bga-rework-station\\\/zm-r720a-led-micro-component-rework-station\\\/#primaryimage\",\"url\":\"https:\\\/\\\/inventcad.ro\\\/ro\\\/wp-content\\\/uploads\\\/2025\\\/03\\\/ZM-R720A-LED-Micro-Component-Rework-Station-1.jpg\",\"contentUrl\":\"https:\\\/\\\/inventcad.ro\\\/ro\\\/wp-content\\\/uploads\\\/2025\\\/03\\\/ZM-R720A-LED-Micro-Component-Rework-Station-1.jpg\",\"width\":510,\"height\":420,\"caption\":\"ZM-R720A LED\\\/Micro Component Rework Station\"},{\"@type\":\"BreadcrumbList\",\"@id\":\"https:\\\/\\\/inventcad.ro\\\/ro\\\/produse\\\/distribuitor-seamarkzm-2\\\/bga-rework-station\\\/zm-r720a-led-micro-component-rework-station\\\/#breadcrumb\",\"itemListElement\":[{\"@type\":\"ListItem\",\"position\":1,\"name\":\"Home\",\"item\":\"https:\\\/\\\/inventcad.ro\\\/ro\\\/\"},{\"@type\":\"ListItem\",\"position\":2,\"name\":\"Produse\",\"item\":\"https:\\\/\\\/inventcad.ro\\\/ro\\\/produse\\\/\"},{\"@type\":\"ListItem\",\"position\":3,\"name\":\"Distribuitor SeamarkZM\",\"item\":\"https:\\\/\\\/inventcad.ro\\\/ro\\\/produse\\\/distribuitor-seamarkzm-2\\\/\"},{\"@type\":\"ListItem\",\"position\":4,\"name\":\"BGA Rework Station\",\"item\":\"https:\\\/\\\/inventcad.ro\\\/ro\\\/produse\\\/distribuitor-seamarkzm-2\\\/bga-rework-station\\\/\"},{\"@type\":\"ListItem\",\"position\":5,\"name\":\"ZM-R720A LED-Micro Component Rework Station\"}]},{\"@type\":\"WebSite\",\"@id\":\"https:\\\/\\\/inventcad.ro\\\/ro\\\/#website\",\"url\":\"https:\\\/\\\/inventcad.ro\\\/ro\\\/\",\"name\":\"InventCAD\",\"description\":\"Proiectare mecanic\u0103, automatiz\u0103ri industriale\",\"publisher\":{\"@id\":\"https:\\\/\\\/inventcad.ro\\\/ro\\\/#organization\"},\"potentialAction\":[{\"@type\":\"SearchAction\",\"target\":{\"@type\":\"EntryPoint\",\"urlTemplate\":\"https:\\\/\\\/inventcad.ro\\\/ro\\\/?s={search_term_string}\"},\"query-input\":{\"@type\":\"PropertyValueSpecification\",\"valueRequired\":true,\"valueName\":\"search_term_string\"}}],\"inLanguage\":\"ro-RO\"},{\"@type\":\"Organization\",\"@id\":\"https:\\\/\\\/inventcad.ro\\\/ro\\\/#organization\",\"name\":\"InventCAD\",\"url\":\"https:\\\/\\\/inventcad.ro\\\/ro\\\/\",\"logo\":{\"@type\":\"ImageObject\",\"inLanguage\":\"ro-RO\",\"@id\":\"https:\\\/\\\/inventcad.ro\\\/ro\\\/#\\\/schema\\\/logo\\\/image\\\/\",\"url\":\"https:\\\/\\\/inventcad.ro\\\/ro\\\/wp-content\\\/uploads\\\/2020\\\/11\\\/inventcad-logo.png\",\"contentUrl\":\"https:\\\/\\\/inventcad.ro\\\/ro\\\/wp-content\\\/uploads\\\/2020\\\/11\\\/inventcad-logo.png\",\"width\":1653,\"height\":250,\"caption\":\"InventCAD\"},\"image\":{\"@id\":\"https:\\\/\\\/inventcad.ro\\\/ro\\\/#\\\/schema\\\/logo\\\/image\\\/\"},\"sameAs\":[\"https:\\\/\\\/www.facebook.com\\\/inventcad\",\"https:\\\/\\\/www.linkedin.com\\\/company\\\/inventcad\\\/\",\"https:\\\/\\\/www.youtube.com\\\/user\\\/InventCAD\"],\"description\":\"Mechanical design, industrial automation, and engineering services.\",\"email\":\"office@inventcad.ro\",\"legalName\":\"InventCAD SRL\",\"foundingDate\":\"2003-03-10\",\"vatID\":\"RO15368893\",\"numberOfEmployees\":{\"@type\":\"QuantitativeValue\",\"minValue\":\"1\",\"maxValue\":\"10\"}}]}<\/script>\n<!-- \/ Yoast SEO Premium plugin. -->","yoast_head_json":{"title":"ZM-R720A LED-Micro Component Rework Station - InventCAD","robots":{"index":"index","follow":"follow","max-snippet":"max-snippet:-1","max-image-preview":"max-image-preview:large","max-video-preview":"max-video-preview:-1"},"canonical":"https:\/\/inventcad.ro\/ro\/produse\/distribuitor-seamarkzm-2\/bga-rework-station\/zm-r720a-led-micro-component-rework-station\/","og_locale":"ro_RO","og_type":"article","og_title":"ZM-R720A LED-Micro Component Rework Station","og_description":"Sta\u021bia de reluare micro\/mini BGA ZM R720A este o sta\u021bie de reluare LED inteligent\u0103 optic\u0103 de precizie, potrivit\u0103 pentru repetarea microdispozitivelor de precizie. Aceast\u0103 ma\u0219in\u0103 adopt\u0103 imagini digitale HD CCD importate, sistem automat de zoom optic, reluare a microdispozitivelor de precizie, tub de \u00eenc\u0103lzire BGA cu infraro\u0219u din fibr\u0103 de carbon \u0219i alimentare automat\u0103. Pe &hellip; Continu\u0103 lectura \u201eZM-R720A LED-Micro Component Rework Station\u201d","og_url":"https:\/\/inventcad.ro\/ro\/produse\/distribuitor-seamarkzm-2\/bga-rework-station\/zm-r720a-led-micro-component-rework-station\/","og_site_name":"InventCAD","article_publisher":"https:\/\/www.facebook.com\/inventcad","article_modified_time":"2025-03-18T12:47:07+00:00","og_image":[{"width":510,"height":420,"url":"https:\/\/inventcad.ro\/ro\/wp-content\/uploads\/2025\/03\/ZM-R720A-LED-Micro-Component-Rework-Station-1.jpg","type":"image\/jpeg"}],"twitter_card":"summary_large_image","twitter_misc":{"Timp estimat pentru citire":"3 minute"},"schema":{"@context":"https:\/\/schema.org","@graph":[{"@type":"WebPage","@id":"https:\/\/inventcad.ro\/ro\/produse\/distribuitor-seamarkzm-2\/bga-rework-station\/zm-r720a-led-micro-component-rework-station\/","url":"https:\/\/inventcad.ro\/ro\/produse\/distribuitor-seamarkzm-2\/bga-rework-station\/zm-r720a-led-micro-component-rework-station\/","name":"ZM-R720A LED-Micro Component Rework Station - InventCAD","isPartOf":{"@id":"https:\/\/inventcad.ro\/ro\/#website"},"primaryImageOfPage":{"@id":"https:\/\/inventcad.ro\/ro\/produse\/distribuitor-seamarkzm-2\/bga-rework-station\/zm-r720a-led-micro-component-rework-station\/#primaryimage"},"image":{"@id":"https:\/\/inventcad.ro\/ro\/produse\/distribuitor-seamarkzm-2\/bga-rework-station\/zm-r720a-led-micro-component-rework-station\/#primaryimage"},"thumbnailUrl":"https:\/\/inventcad.ro\/ro\/wp-content\/uploads\/2025\/03\/ZM-R720A-LED-Micro-Component-Rework-Station-1.jpg","datePublished":"2025-03-18T12:39:35+00:00","dateModified":"2025-03-18T12:47:07+00:00","breadcrumb":{"@id":"https:\/\/inventcad.ro\/ro\/produse\/distribuitor-seamarkzm-2\/bga-rework-station\/zm-r720a-led-micro-component-rework-station\/#breadcrumb"},"inLanguage":"ro-RO","potentialAction":[{"@type":"ReadAction","target":["https:\/\/inventcad.ro\/ro\/produse\/distribuitor-seamarkzm-2\/bga-rework-station\/zm-r720a-led-micro-component-rework-station\/"]}]},{"@type":"ImageObject","inLanguage":"ro-RO","@id":"https:\/\/inventcad.ro\/ro\/produse\/distribuitor-seamarkzm-2\/bga-rework-station\/zm-r720a-led-micro-component-rework-station\/#primaryimage","url":"https:\/\/inventcad.ro\/ro\/wp-content\/uploads\/2025\/03\/ZM-R720A-LED-Micro-Component-Rework-Station-1.jpg","contentUrl":"https:\/\/inventcad.ro\/ro\/wp-content\/uploads\/2025\/03\/ZM-R720A-LED-Micro-Component-Rework-Station-1.jpg","width":510,"height":420,"caption":"ZM-R720A LED\/Micro Component Rework Station"},{"@type":"BreadcrumbList","@id":"https:\/\/inventcad.ro\/ro\/produse\/distribuitor-seamarkzm-2\/bga-rework-station\/zm-r720a-led-micro-component-rework-station\/#breadcrumb","itemListElement":[{"@type":"ListItem","position":1,"name":"Home","item":"https:\/\/inventcad.ro\/ro\/"},{"@type":"ListItem","position":2,"name":"Produse","item":"https:\/\/inventcad.ro\/ro\/produse\/"},{"@type":"ListItem","position":3,"name":"Distribuitor SeamarkZM","item":"https:\/\/inventcad.ro\/ro\/produse\/distribuitor-seamarkzm-2\/"},{"@type":"ListItem","position":4,"name":"BGA Rework Station","item":"https:\/\/inventcad.ro\/ro\/produse\/distribuitor-seamarkzm-2\/bga-rework-station\/"},{"@type":"ListItem","position":5,"name":"ZM-R720A LED-Micro Component Rework Station"}]},{"@type":"WebSite","@id":"https:\/\/inventcad.ro\/ro\/#website","url":"https:\/\/inventcad.ro\/ro\/","name":"InventCAD","description":"Proiectare mecanic\u0103, automatiz\u0103ri industriale","publisher":{"@id":"https:\/\/inventcad.ro\/ro\/#organization"},"potentialAction":[{"@type":"SearchAction","target":{"@type":"EntryPoint","urlTemplate":"https:\/\/inventcad.ro\/ro\/?s={search_term_string}"},"query-input":{"@type":"PropertyValueSpecification","valueRequired":true,"valueName":"search_term_string"}}],"inLanguage":"ro-RO"},{"@type":"Organization","@id":"https:\/\/inventcad.ro\/ro\/#organization","name":"InventCAD","url":"https:\/\/inventcad.ro\/ro\/","logo":{"@type":"ImageObject","inLanguage":"ro-RO","@id":"https:\/\/inventcad.ro\/ro\/#\/schema\/logo\/image\/","url":"https:\/\/inventcad.ro\/ro\/wp-content\/uploads\/2020\/11\/inventcad-logo.png","contentUrl":"https:\/\/inventcad.ro\/ro\/wp-content\/uploads\/2020\/11\/inventcad-logo.png","width":1653,"height":250,"caption":"InventCAD"},"image":{"@id":"https:\/\/inventcad.ro\/ro\/#\/schema\/logo\/image\/"},"sameAs":["https:\/\/www.facebook.com\/inventcad","https:\/\/www.linkedin.com\/company\/inventcad\/","https:\/\/www.youtube.com\/user\/InventCAD"],"description":"Mechanical design, industrial automation, and engineering services.","email":"office@inventcad.ro","legalName":"InventCAD SRL","foundingDate":"2003-03-10","vatID":"RO15368893","numberOfEmployees":{"@type":"QuantitativeValue","minValue":"1","maxValue":"10"}}]}},"_links":{"self":[{"href":"https:\/\/inventcad.ro\/ro\/wp-json\/wp\/v2\/pages\/2799","targetHints":{"allow":["GET"]}}],"collection":[{"href":"https:\/\/inventcad.ro\/ro\/wp-json\/wp\/v2\/pages"}],"about":[{"href":"https:\/\/inventcad.ro\/ro\/wp-json\/wp\/v2\/types\/page"}],"author":[{"embeddable":true,"href":"https:\/\/inventcad.ro\/ro\/wp-json\/wp\/v2\/users\/1"}],"replies":[{"embeddable":true,"href":"https:\/\/inventcad.ro\/ro\/wp-json\/wp\/v2\/comments?post=2799"}],"version-history":[{"count":4,"href":"https:\/\/inventcad.ro\/ro\/wp-json\/wp\/v2\/pages\/2799\/revisions"}],"predecessor-version":[{"id":2806,"href":"https:\/\/inventcad.ro\/ro\/wp-json\/wp\/v2\/pages\/2799\/revisions\/2806"}],"up":[{"embeddable":true,"href":"https:\/\/inventcad.ro\/ro\/wp-json\/wp\/v2\/pages\/2303"}],"wp:attachment":[{"href":"https:\/\/inventcad.ro\/ro\/wp-json\/wp\/v2\/media?parent=2799"}],"curies":[{"name":"wp","href":"https:\/\/api.w.org\/{rel}","templated":true}]}}