{"id":2787,"date":"2025-03-18T14:28:46","date_gmt":"2025-03-18T12:28:46","guid":{"rendered":"https:\/\/inventcad.ro\/ro\/?page_id=2787"},"modified":"2025-03-18T14:31:35","modified_gmt":"2025-03-18T12:31:35","slug":"zm-r7220a-infrared-soldering-station","status":"publish","type":"page","link":"https:\/\/inventcad.ro\/ro\/produse\/distribuitor-seamarkzm-2\/bga-rework-station\/zm-r7220a-infrared-soldering-station\/","title":{"rendered":"ZM-R7220A Infrared Soldering Station"},"content":{"rendered":"\n<p>Sta\u021bia de reluare cu infraro\u0219u SMD ZM-R7220A este o sta\u021bie inteligent\u0103 de lipit \u00een infraro\u0219u cu monitorizare \u00een timp real a temperaturii, sistem de aliniere optic\u0103, \u00eenc\u0103lzire rapid\u0103 \u0219i r\u0103cire. <\/p>\n\n\n<div class=\"wp-block-image\">\n<figure class=\"aligncenter size-full\"><img loading=\"lazy\" decoding=\"async\" width=\"510\" height=\"420\" src=\"https:\/\/inventcad.ro\/ro\/wp-content\/uploads\/2025\/03\/ZM-R7220A-Infrared-Soldering-Station-1.webp\" alt=\"ZM-R7220A Infrared Soldering Station\" class=\"wp-image-2793\" srcset=\"https:\/\/inventcad.ro\/ro\/wp-content\/uploads\/2025\/03\/ZM-R7220A-Infrared-Soldering-Station-1.webp 510w, https:\/\/inventcad.ro\/ro\/wp-content\/uploads\/2025\/03\/ZM-R7220A-Infrared-Soldering-Station-1-300x247.webp 300w\" sizes=\"auto, (max-width: 510px) 100vw, 510px\" \/><figcaption class=\"wp-element-caption\">ZM-R7220A Infrared Soldering Station<\/figcaption><\/figure>\n<\/div>\n\n\n<p>Func\u021biile sta\u021biei de lipit \u00een infraro\u0219u R7220A (ZM R6200)<\/p>\n\n\n\n<ol class=\"wp-block-list\">\n<li>Monitorizare \u00een timp real a temperaturii<br>Afi\u0219are \u00een timp real a temperaturii, cu func\u021bie de analiz\u0103 automat\u0103 a curbei.<\/li>\n\n\n\n<li>Sistem de aliniere optic\u0103<br>Imagini digitale CCD de \u00eenalt\u0103 defini\u021bie (2 m pixeli), sistem automat de zoom optic, control manual \u0219i aliniere laser cu puncte ro\u0219ii.<\/li>\n\n\n\n<li>\u00cenc\u0103lzire \u0219i r\u0103cire rapid\u0103<br>Zona de pre\u00eenc\u0103lzire IR este \u00eenc\u0103lzit\u0103 de o plac\u0103 de \u00eenc\u0103lzire cu infraro\u0219u ceramic\u0103 cu und\u0103 medie, un suport de fixare PCB mobil multifunc\u021bional \u0219i un cadru de suport inferior BGA. Ventilator laminar integrat.<\/li>\n<\/ol>\n\n\n\n<h2 class=\"wp-block-heading\" id=\"h-specifica\u021bia-sta\u021biei-de-reluare-bga-cu-infraro\u0219u-r7220a-ir-zm-r6200c\">Specifica\u021bia sta\u021biei de reluare BGA cu infraro\u0219u R7220A IR (ZM R6200C)<\/h2>\n\n\n\n<figure class=\"wp-block-table\"><table class=\"has-fixed-layout\"><tbody><tr><td>Alimentare AC220V\u00b110% 50\/60HZ<\/td><td><\/td><\/tr><tr><td>Putere <\/td><td>5,65 KW (max.), \u00eenc\u0103lzitor superior <br>(1,45 KW) \u00eenc\u0103lzire inferioar\u0103 <br>(1,2 KW), pre\u00eenc\u0103lzitor <br>IR (2,7 KW), altele (0,3 KW)<\/td><\/tr><tr><td>Dimensiune <\/td><td>PCB 412370mm (Max); 66mm (Min)<\/td><\/tr><tr><td>Dimensiunea cipului BGA <\/td><td>6060mm (Max); 22mm (Min)<\/td><\/tr><tr><td>Dimensiunea \u00eenc\u0103lzitorului<\/td><td>IR 285375mm<\/td><\/tr><tr><td>Senzor de temperatur\u0103<\/td><td>1 buc<\/td><\/tr><tr><td>Metoda de operare <\/td><td>Ecran tactil HD de 7 inchi<\/td><\/tr><tr><td>Sistem de control <\/td><td>Sistem autonom de control al \u00eenc\u0103lzirii V2 (copyright de software)<\/td><\/tr><tr><td>Sistem de afi\u0219are <\/td><td>Display industrial SD de 15&#8243; (ecran frontal 720P)<\/td><\/tr><tr><td>Sistem de aliniere <\/td><td>Sistem digital de imagini SD de 2 milioane de pixeli, zoom optic automat cu indicator laser cu punct rosu<\/td><\/tr><tr><td>Adsorb\u021bie \u00een vid automat\u0103 <\/td><td><\/td><\/tr><tr><td>Precizie de aliniere <\/td><td>\u00b10,02 mm<\/td><\/tr><tr><td>Controlul temperaturii <\/td><td>Termocuplu de tip K Control \u00een bucl\u0103 \u00eenchis\u0103 cu precizie de p\u00e2n\u0103 la \u00b13\u2103<\/td><\/tr><tr><td>Dispozitiv de alimentare<\/td><td>nu<\/td><\/tr><tr><td>Pozi\u021bionare canelura \u00een <\/td><td>V cu fixare universal\u0103<\/td><\/tr><tr><td>Dimensiuni <\/td><td>L685L633*H850mm<\/td><\/tr><tr><td>Greutate <\/td><td>76kg<\/td><\/tr><\/tbody><\/table><\/figure>\n\n\n\n<h2 class=\"wp-block-heading\" id=\"h-diferen\u021ba-dintre-o-sta\u021bie-de-reluare-cu-aer-cald-\u0219i-o-sta\u021bie-de-reluare-bga-cu-infraro\u0219u-ir\">Diferen\u021ba dintre o sta\u021bie de reluare cu aer cald \u0219i o sta\u021bie de reluare BGA cu infraro\u0219u IR<\/h2>\n\n\n\n<p>Principala diferen\u021b\u0103 dintre o sta\u021bie de reprelucrare cu aer cald \u0219i o sta\u021bie de reprelucrare IR BGA este modul \u00een care \u00eenc\u0103lzesc placa. O sta\u021bie de reprelucrare cu aer cald folose\u0219te aer \u00eenc\u0103lzit pentru a transfera c\u0103ldura de la interfa\u021ba instrument-la-plac\u0103 \u0219i \u00een bilele de lipit, \u00een timp ce o sta\u021bie de reprelucrare IR BGA folose\u0219te lumin\u0103 infraro\u0219ie pentru a \u00eenc\u0103lzi suficient fiecare bil\u0103, astfel \u00eenc\u00e2t s\u0103 se topeasc\u0103.<\/p>\n\n\n\n<p>Urm\u0103toarea diferen\u021b\u0103 important\u0103 este modul \u00een care controleaz\u0103 temperatura: sta\u021biile de reprelucrare cu aer cald utilizeaz\u0103 controlul temperaturii PID, dar sta\u021biile de reprelucrare IR BGA utilizeaz\u0103 modularea propor\u021bional\u0103 a presiunii (PPM). PPM este mai precis dec\u00e2t PID, deoarece poate monitoriza schimb\u0103rile de presiune \u00een milisecunde. Aceasta \u00eenseamn\u0103 c\u0103, atunci c\u00e2nd aplica\u021bi flux pe o plac\u0103 sau c\u00e2nd re\u00eenc\u0103rca\u021bi bilele de lipit pe o plac\u0103, pute\u021bi r\u0103spunde rapid ajust\u00e2nd set\u0103rile PPM dup\u0103 cum este necesar. Cu PID, acest lucru ar dura aproximativ 20 de secunde per modificare din cauza timpilor de r\u0103spuns len\u021bi \u00een majoritatea sistemelor.<\/p>\n\n\n\n<p>O alt\u0103 diferen\u021b\u0103 cheie const\u0103 \u00een sistemele de control al fluxului de aer; aerul cald nu are nevoie de un flux de aer specializat, deoarece nu este nevoie de r\u0103cire \u00een timpul refluxului, deoarece toate acestea se \u00eent\u00e2mpl\u0103 \u00een afara camerei cuptorului folosind un ventilator extern care sufl\u0103 \u00een toate zonele \u00een mod egal, indiferent dac\u0103 sunt aproape sau departe una de cealalt\u0103.<\/p>\n","protected":false},"excerpt":{"rendered":"<p>Sta\u021bia de reluare cu infraro\u0219u SMD ZM-R7220A este o sta\u021bie inteligent\u0103 de lipit \u00een infraro\u0219u cu monitorizare \u00een timp real a temperaturii, sistem de aliniere optic\u0103, \u00eenc\u0103lzire rapid\u0103 \u0219i r\u0103cire. Func\u021biile sta\u021biei de lipit \u00een infraro\u0219u R7220A (ZM R6200) Specifica\u021bia sta\u021biei de reluare BGA cu infraro\u0219u R7220A IR (ZM R6200C) Alimentare AC220V\u00b110% 50\/60HZ Putere 5,65 &hellip; <\/p>\n<p class=\"link-more\"><a href=\"https:\/\/inventcad.ro\/ro\/produse\/distribuitor-seamarkzm-2\/bga-rework-station\/zm-r7220a-infrared-soldering-station\/\" class=\"more-link\">Continu\u0103 lectura<span class=\"screen-reader-text\"> \u201eZM-R7220A Infrared Soldering Station\u201d<\/span><\/a><\/p>\n","protected":false},"author":1,"featured_media":0,"parent":2303,"menu_order":1,"comment_status":"closed","ping_status":"closed","template":"","meta":{"footnotes":""},"class_list":["post-2787","page","type-page","status-publish","hentry"],"yoast_head":"<!-- This site is optimized with the Yoast SEO Premium plugin v27.4 (Yoast SEO v27.4) - https:\/\/yoast.com\/product\/yoast-seo-premium-wordpress\/ -->\n<title>ZM-R7220A Infrared Soldering Station - InventCAD<\/title>\n<meta name=\"robots\" content=\"index, follow, max-snippet:-1, max-image-preview:large, max-video-preview:-1\" \/>\n<link rel=\"canonical\" href=\"https:\/\/inventcad.ro\/ro\/produse\/distribuitor-seamarkzm-2\/bga-rework-station\/zm-r7220a-infrared-soldering-station\/\" \/>\n<meta property=\"og:locale\" content=\"ro_RO\" \/>\n<meta property=\"og:type\" content=\"article\" \/>\n<meta property=\"og:title\" content=\"ZM-R7220A Infrared Soldering Station\" \/>\n<meta property=\"og:description\" content=\"Sta\u021bia de reluare cu infraro\u0219u SMD ZM-R7220A este o sta\u021bie inteligent\u0103 de lipit \u00een infraro\u0219u cu monitorizare \u00een timp real a temperaturii, sistem de aliniere optic\u0103, \u00eenc\u0103lzire rapid\u0103 \u0219i r\u0103cire. Func\u021biile sta\u021biei de lipit \u00een infraro\u0219u R7220A (ZM R6200) Specifica\u021bia sta\u021biei de reluare BGA cu infraro\u0219u R7220A IR (ZM R6200C) Alimentare AC220V\u00b110% 50\/60HZ Putere 5,65 &hellip; Continu\u0103 lectura \u201eZM-R7220A Infrared Soldering Station\u201d\" \/>\n<meta property=\"og:url\" content=\"https:\/\/inventcad.ro\/ro\/produse\/distribuitor-seamarkzm-2\/bga-rework-station\/zm-r7220a-infrared-soldering-station\/\" \/>\n<meta property=\"og:site_name\" content=\"InventCAD\" \/>\n<meta property=\"article:publisher\" content=\"https:\/\/www.facebook.com\/inventcad\" \/>\n<meta property=\"article:modified_time\" content=\"2025-03-18T12:31:35+00:00\" \/>\n<meta property=\"og:image\" content=\"https:\/\/inventcad.ro\/ro\/wp-content\/uploads\/2025\/03\/ZM-R7220A-Infrared-Soldering-Station-1.webp\" \/>\n\t<meta property=\"og:image:width\" content=\"510\" \/>\n\t<meta property=\"og:image:height\" content=\"420\" \/>\n\t<meta property=\"og:image:type\" content=\"image\/webp\" \/>\n<meta name=\"twitter:card\" content=\"summary_large_image\" \/>\n<meta name=\"twitter:label1\" content=\"Timp estimat pentru citire\" \/>\n\t<meta name=\"twitter:data1\" content=\"4 minute\" \/>\n<script type=\"application\/ld+json\" class=\"yoast-schema-graph\">{\"@context\":\"https:\\\/\\\/schema.org\",\"@graph\":[{\"@type\":\"WebPage\",\"@id\":\"https:\\\/\\\/inventcad.ro\\\/ro\\\/produse\\\/distribuitor-seamarkzm-2\\\/bga-rework-station\\\/zm-r7220a-infrared-soldering-station\\\/\",\"url\":\"https:\\\/\\\/inventcad.ro\\\/ro\\\/produse\\\/distribuitor-seamarkzm-2\\\/bga-rework-station\\\/zm-r7220a-infrared-soldering-station\\\/\",\"name\":\"ZM-R7220A Infrared Soldering Station - InventCAD\",\"isPartOf\":{\"@id\":\"https:\\\/\\\/inventcad.ro\\\/ro\\\/#website\"},\"primaryImageOfPage\":{\"@id\":\"https:\\\/\\\/inventcad.ro\\\/ro\\\/produse\\\/distribuitor-seamarkzm-2\\\/bga-rework-station\\\/zm-r7220a-infrared-soldering-station\\\/#primaryimage\"},\"image\":{\"@id\":\"https:\\\/\\\/inventcad.ro\\\/ro\\\/produse\\\/distribuitor-seamarkzm-2\\\/bga-rework-station\\\/zm-r7220a-infrared-soldering-station\\\/#primaryimage\"},\"thumbnailUrl\":\"https:\\\/\\\/inventcad.ro\\\/ro\\\/wp-content\\\/uploads\\\/2025\\\/03\\\/ZM-R7220A-Infrared-Soldering-Station-1.webp\",\"datePublished\":\"2025-03-18T12:28:46+00:00\",\"dateModified\":\"2025-03-18T12:31:35+00:00\",\"breadcrumb\":{\"@id\":\"https:\\\/\\\/inventcad.ro\\\/ro\\\/produse\\\/distribuitor-seamarkzm-2\\\/bga-rework-station\\\/zm-r7220a-infrared-soldering-station\\\/#breadcrumb\"},\"inLanguage\":\"ro-RO\",\"potentialAction\":[{\"@type\":\"ReadAction\",\"target\":[\"https:\\\/\\\/inventcad.ro\\\/ro\\\/produse\\\/distribuitor-seamarkzm-2\\\/bga-rework-station\\\/zm-r7220a-infrared-soldering-station\\\/\"]}]},{\"@type\":\"ImageObject\",\"inLanguage\":\"ro-RO\",\"@id\":\"https:\\\/\\\/inventcad.ro\\\/ro\\\/produse\\\/distribuitor-seamarkzm-2\\\/bga-rework-station\\\/zm-r7220a-infrared-soldering-station\\\/#primaryimage\",\"url\":\"https:\\\/\\\/inventcad.ro\\\/ro\\\/wp-content\\\/uploads\\\/2025\\\/03\\\/ZM-R7220A-Infrared-Soldering-Station-1.webp\",\"contentUrl\":\"https:\\\/\\\/inventcad.ro\\\/ro\\\/wp-content\\\/uploads\\\/2025\\\/03\\\/ZM-R7220A-Infrared-Soldering-Station-1.webp\",\"width\":510,\"height\":420,\"caption\":\"ZM-R7220A Infrared Soldering Station\"},{\"@type\":\"BreadcrumbList\",\"@id\":\"https:\\\/\\\/inventcad.ro\\\/ro\\\/produse\\\/distribuitor-seamarkzm-2\\\/bga-rework-station\\\/zm-r7220a-infrared-soldering-station\\\/#breadcrumb\",\"itemListElement\":[{\"@type\":\"ListItem\",\"position\":1,\"name\":\"Home\",\"item\":\"https:\\\/\\\/inventcad.ro\\\/ro\\\/\"},{\"@type\":\"ListItem\",\"position\":2,\"name\":\"Produse\",\"item\":\"https:\\\/\\\/inventcad.ro\\\/ro\\\/produse\\\/\"},{\"@type\":\"ListItem\",\"position\":3,\"name\":\"Distribuitor SeamarkZM\",\"item\":\"https:\\\/\\\/inventcad.ro\\\/ro\\\/produse\\\/distribuitor-seamarkzm-2\\\/\"},{\"@type\":\"ListItem\",\"position\":4,\"name\":\"BGA Rework Station\",\"item\":\"https:\\\/\\\/inventcad.ro\\\/ro\\\/produse\\\/distribuitor-seamarkzm-2\\\/bga-rework-station\\\/\"},{\"@type\":\"ListItem\",\"position\":5,\"name\":\"ZM-R7220A Infrared Soldering Station\"}]},{\"@type\":\"WebSite\",\"@id\":\"https:\\\/\\\/inventcad.ro\\\/ro\\\/#website\",\"url\":\"https:\\\/\\\/inventcad.ro\\\/ro\\\/\",\"name\":\"InventCAD\",\"description\":\"Proiectare mecanic\u0103, automatiz\u0103ri industriale\",\"publisher\":{\"@id\":\"https:\\\/\\\/inventcad.ro\\\/ro\\\/#organization\"},\"potentialAction\":[{\"@type\":\"SearchAction\",\"target\":{\"@type\":\"EntryPoint\",\"urlTemplate\":\"https:\\\/\\\/inventcad.ro\\\/ro\\\/?s={search_term_string}\"},\"query-input\":{\"@type\":\"PropertyValueSpecification\",\"valueRequired\":true,\"valueName\":\"search_term_string\"}}],\"inLanguage\":\"ro-RO\"},{\"@type\":\"Organization\",\"@id\":\"https:\\\/\\\/inventcad.ro\\\/ro\\\/#organization\",\"name\":\"InventCAD\",\"url\":\"https:\\\/\\\/inventcad.ro\\\/ro\\\/\",\"logo\":{\"@type\":\"ImageObject\",\"inLanguage\":\"ro-RO\",\"@id\":\"https:\\\/\\\/inventcad.ro\\\/ro\\\/#\\\/schema\\\/logo\\\/image\\\/\",\"url\":\"https:\\\/\\\/inventcad.ro\\\/ro\\\/wp-content\\\/uploads\\\/2020\\\/11\\\/inventcad-logo.png\",\"contentUrl\":\"https:\\\/\\\/inventcad.ro\\\/ro\\\/wp-content\\\/uploads\\\/2020\\\/11\\\/inventcad-logo.png\",\"width\":1653,\"height\":250,\"caption\":\"InventCAD\"},\"image\":{\"@id\":\"https:\\\/\\\/inventcad.ro\\\/ro\\\/#\\\/schema\\\/logo\\\/image\\\/\"},\"sameAs\":[\"https:\\\/\\\/www.facebook.com\\\/inventcad\",\"https:\\\/\\\/www.linkedin.com\\\/company\\\/inventcad\\\/\",\"https:\\\/\\\/www.youtube.com\\\/user\\\/InventCAD\"],\"description\":\"Mechanical design, industrial automation, and engineering services.\",\"email\":\"office@inventcad.ro\",\"legalName\":\"InventCAD SRL\",\"foundingDate\":\"2003-03-10\",\"vatID\":\"RO15368893\",\"numberOfEmployees\":{\"@type\":\"QuantitativeValue\",\"minValue\":\"1\",\"maxValue\":\"10\"}}]}<\/script>\n<!-- \/ Yoast SEO Premium plugin. -->","yoast_head_json":{"title":"ZM-R7220A Infrared Soldering Station - InventCAD","robots":{"index":"index","follow":"follow","max-snippet":"max-snippet:-1","max-image-preview":"max-image-preview:large","max-video-preview":"max-video-preview:-1"},"canonical":"https:\/\/inventcad.ro\/ro\/produse\/distribuitor-seamarkzm-2\/bga-rework-station\/zm-r7220a-infrared-soldering-station\/","og_locale":"ro_RO","og_type":"article","og_title":"ZM-R7220A Infrared Soldering Station","og_description":"Sta\u021bia de reluare cu infraro\u0219u SMD ZM-R7220A este o sta\u021bie inteligent\u0103 de lipit \u00een infraro\u0219u cu monitorizare \u00een timp real a temperaturii, sistem de aliniere optic\u0103, \u00eenc\u0103lzire rapid\u0103 \u0219i r\u0103cire. Func\u021biile sta\u021biei de lipit \u00een infraro\u0219u R7220A (ZM R6200) Specifica\u021bia sta\u021biei de reluare BGA cu infraro\u0219u R7220A IR (ZM R6200C) Alimentare AC220V\u00b110% 50\/60HZ Putere 5,65 &hellip; Continu\u0103 lectura \u201eZM-R7220A Infrared Soldering Station\u201d","og_url":"https:\/\/inventcad.ro\/ro\/produse\/distribuitor-seamarkzm-2\/bga-rework-station\/zm-r7220a-infrared-soldering-station\/","og_site_name":"InventCAD","article_publisher":"https:\/\/www.facebook.com\/inventcad","article_modified_time":"2025-03-18T12:31:35+00:00","og_image":[{"width":510,"height":420,"url":"https:\/\/inventcad.ro\/ro\/wp-content\/uploads\/2025\/03\/ZM-R7220A-Infrared-Soldering-Station-1.webp","type":"image\/webp"}],"twitter_card":"summary_large_image","twitter_misc":{"Timp estimat pentru citire":"4 minute"},"schema":{"@context":"https:\/\/schema.org","@graph":[{"@type":"WebPage","@id":"https:\/\/inventcad.ro\/ro\/produse\/distribuitor-seamarkzm-2\/bga-rework-station\/zm-r7220a-infrared-soldering-station\/","url":"https:\/\/inventcad.ro\/ro\/produse\/distribuitor-seamarkzm-2\/bga-rework-station\/zm-r7220a-infrared-soldering-station\/","name":"ZM-R7220A Infrared Soldering Station - InventCAD","isPartOf":{"@id":"https:\/\/inventcad.ro\/ro\/#website"},"primaryImageOfPage":{"@id":"https:\/\/inventcad.ro\/ro\/produse\/distribuitor-seamarkzm-2\/bga-rework-station\/zm-r7220a-infrared-soldering-station\/#primaryimage"},"image":{"@id":"https:\/\/inventcad.ro\/ro\/produse\/distribuitor-seamarkzm-2\/bga-rework-station\/zm-r7220a-infrared-soldering-station\/#primaryimage"},"thumbnailUrl":"https:\/\/inventcad.ro\/ro\/wp-content\/uploads\/2025\/03\/ZM-R7220A-Infrared-Soldering-Station-1.webp","datePublished":"2025-03-18T12:28:46+00:00","dateModified":"2025-03-18T12:31:35+00:00","breadcrumb":{"@id":"https:\/\/inventcad.ro\/ro\/produse\/distribuitor-seamarkzm-2\/bga-rework-station\/zm-r7220a-infrared-soldering-station\/#breadcrumb"},"inLanguage":"ro-RO","potentialAction":[{"@type":"ReadAction","target":["https:\/\/inventcad.ro\/ro\/produse\/distribuitor-seamarkzm-2\/bga-rework-station\/zm-r7220a-infrared-soldering-station\/"]}]},{"@type":"ImageObject","inLanguage":"ro-RO","@id":"https:\/\/inventcad.ro\/ro\/produse\/distribuitor-seamarkzm-2\/bga-rework-station\/zm-r7220a-infrared-soldering-station\/#primaryimage","url":"https:\/\/inventcad.ro\/ro\/wp-content\/uploads\/2025\/03\/ZM-R7220A-Infrared-Soldering-Station-1.webp","contentUrl":"https:\/\/inventcad.ro\/ro\/wp-content\/uploads\/2025\/03\/ZM-R7220A-Infrared-Soldering-Station-1.webp","width":510,"height":420,"caption":"ZM-R7220A Infrared Soldering Station"},{"@type":"BreadcrumbList","@id":"https:\/\/inventcad.ro\/ro\/produse\/distribuitor-seamarkzm-2\/bga-rework-station\/zm-r7220a-infrared-soldering-station\/#breadcrumb","itemListElement":[{"@type":"ListItem","position":1,"name":"Home","item":"https:\/\/inventcad.ro\/ro\/"},{"@type":"ListItem","position":2,"name":"Produse","item":"https:\/\/inventcad.ro\/ro\/produse\/"},{"@type":"ListItem","position":3,"name":"Distribuitor SeamarkZM","item":"https:\/\/inventcad.ro\/ro\/produse\/distribuitor-seamarkzm-2\/"},{"@type":"ListItem","position":4,"name":"BGA Rework Station","item":"https:\/\/inventcad.ro\/ro\/produse\/distribuitor-seamarkzm-2\/bga-rework-station\/"},{"@type":"ListItem","position":5,"name":"ZM-R7220A Infrared Soldering Station"}]},{"@type":"WebSite","@id":"https:\/\/inventcad.ro\/ro\/#website","url":"https:\/\/inventcad.ro\/ro\/","name":"InventCAD","description":"Proiectare mecanic\u0103, automatiz\u0103ri industriale","publisher":{"@id":"https:\/\/inventcad.ro\/ro\/#organization"},"potentialAction":[{"@type":"SearchAction","target":{"@type":"EntryPoint","urlTemplate":"https:\/\/inventcad.ro\/ro\/?s={search_term_string}"},"query-input":{"@type":"PropertyValueSpecification","valueRequired":true,"valueName":"search_term_string"}}],"inLanguage":"ro-RO"},{"@type":"Organization","@id":"https:\/\/inventcad.ro\/ro\/#organization","name":"InventCAD","url":"https:\/\/inventcad.ro\/ro\/","logo":{"@type":"ImageObject","inLanguage":"ro-RO","@id":"https:\/\/inventcad.ro\/ro\/#\/schema\/logo\/image\/","url":"https:\/\/inventcad.ro\/ro\/wp-content\/uploads\/2020\/11\/inventcad-logo.png","contentUrl":"https:\/\/inventcad.ro\/ro\/wp-content\/uploads\/2020\/11\/inventcad-logo.png","width":1653,"height":250,"caption":"InventCAD"},"image":{"@id":"https:\/\/inventcad.ro\/ro\/#\/schema\/logo\/image\/"},"sameAs":["https:\/\/www.facebook.com\/inventcad","https:\/\/www.linkedin.com\/company\/inventcad\/","https:\/\/www.youtube.com\/user\/InventCAD"],"description":"Mechanical design, industrial automation, and engineering services.","email":"office@inventcad.ro","legalName":"InventCAD SRL","foundingDate":"2003-03-10","vatID":"RO15368893","numberOfEmployees":{"@type":"QuantitativeValue","minValue":"1","maxValue":"10"}}]}},"_links":{"self":[{"href":"https:\/\/inventcad.ro\/ro\/wp-json\/wp\/v2\/pages\/2787","targetHints":{"allow":["GET"]}}],"collection":[{"href":"https:\/\/inventcad.ro\/ro\/wp-json\/wp\/v2\/pages"}],"about":[{"href":"https:\/\/inventcad.ro\/ro\/wp-json\/wp\/v2\/types\/page"}],"author":[{"embeddable":true,"href":"https:\/\/inventcad.ro\/ro\/wp-json\/wp\/v2\/users\/1"}],"replies":[{"embeddable":true,"href":"https:\/\/inventcad.ro\/ro\/wp-json\/wp\/v2\/comments?post=2787"}],"version-history":[{"count":3,"href":"https:\/\/inventcad.ro\/ro\/wp-json\/wp\/v2\/pages\/2787\/revisions"}],"predecessor-version":[{"id":2794,"href":"https:\/\/inventcad.ro\/ro\/wp-json\/wp\/v2\/pages\/2787\/revisions\/2794"}],"up":[{"embeddable":true,"href":"https:\/\/inventcad.ro\/ro\/wp-json\/wp\/v2\/pages\/2303"}],"wp:attachment":[{"href":"https:\/\/inventcad.ro\/ro\/wp-json\/wp\/v2\/media?parent=2787"}],"curies":[{"name":"wp","href":"https:\/\/api.w.org\/{rel}","templated":true}]}}