{"id":2770,"date":"2025-03-18T12:49:45","date_gmt":"2025-03-18T10:49:45","guid":{"rendered":"https:\/\/inventcad.ro\/ro\/?page_id=2770"},"modified":"2025-03-18T13:04:58","modified_gmt":"2025-03-18T11:04:58","slug":"zm-r5860-hot-air-bga-rework-station","status":"publish","type":"page","link":"https:\/\/inventcad.ro\/ro\/produse\/distribuitor-seamarkzm-2\/bga-rework-station\/zm-r5860-hot-air-bga-rework-station\/","title":{"rendered":"ZM-R5860 Hot Air BGA Rework Station"},"content":{"rendered":"\n<p>ZM-R5860 Hot Air BGA Rework Station este o sta\u021bie de reprelucrare furnizat\u0103 de SeamarkZM, care are trei zone de temperatur\u0103 control independent, \u00eenc\u0103lzire cu aer cald prin convec\u021bie, zon\u0103 de temperatur\u0103 mai joas\u0103 reglabil\u0103 pe \u00een\u0103l\u021bime, sistem de control autonom de \u00eenalt\u0103 precizie, termocuplu de \u00eenalt\u0103 precizie de tip K cu precizie de p\u00e2n\u0103 la \u00b1 3 \u2103, control dinamic APR re-loop selectiv cu proces multi-debit. Ventilator de r\u0103cire integrat cu curent constant de mare putere importat.<\/p>\n\n\n\n<p>Fiind unul dintre cei mai reputa\u021bi furnizori BGA Rework Station, SeamarkZM ofer\u0103 cea mai bun\u0103 sta\u021bie de rework BGA de bun\u0103 calitate. <\/p>\n\n\n<div class=\"wp-block-image\">\n<figure class=\"aligncenter size-full\"><img loading=\"lazy\" decoding=\"async\" width=\"472\" height=\"480\" src=\"https:\/\/inventcad.ro\/ro\/wp-content\/uploads\/2025\/03\/ZM-R5860-Hot-Air-BGA-Rework-Station-1.webp\" alt=\"ZM-R5860 Hot Air BGA Rework Station\" class=\"wp-image-2769\" srcset=\"https:\/\/inventcad.ro\/ro\/wp-content\/uploads\/2025\/03\/ZM-R5860-Hot-Air-BGA-Rework-Station-1.webp 472w, https:\/\/inventcad.ro\/ro\/wp-content\/uploads\/2025\/03\/ZM-R5860-Hot-Air-BGA-Rework-Station-1-295x300.webp 295w\" sizes=\"auto, (max-width: 472px) 100vw, 472px\" \/><figcaption class=\"wp-element-caption\">ZM-R5860 Hot Air BGA Rework Station<\/figcaption><\/figure>\n<\/div>\n\n\n<h2 class=\"wp-block-heading\" id=\"h-func\u021biile-seamarkzm-zm-r5860-smart-bga-rework-equipment\">Func\u021biile SeamarkZM ZM R5860 Smart BGA Rework Equipment<\/h2>\n\n\n\n<ol class=\"wp-block-list\">\n<li>Setarea curbei de temperatur\u0103<br>Func\u021bionare cu ecran tactil de \u00eenalt\u0103 defini\u021bie, afi\u0219are \u00een timp real \u0219i, editarea curbelor de temperatur\u0103, fiecare grup de curbe de temperatur\u0103 poate fi setat la 8 segmente, pot fi stocate 100 de grupuri de curbe de temperatur\u0103, cu func\u021bie de auto-organizare a temperaturii.<\/li>\n\n\n\n<li>Ghid de pozi\u021bionare cu puncte ro\u0219ii laser<br>Indicator laser pentru pozi\u021bionarea PCB \u0219i a componentelor.<\/li>\n\n\n\n<li>Adsorb\u021bie \u00een vid<br>Stiloul extern de aspirare cu vid este convenabil pentru a lua BGA.<\/li>\n<\/ol>\n\n\n\n<h2 class=\"wp-block-heading\" id=\"h-specifica\u021biile-seamark-zm-r5860-hot-air-bga-rework-station\">Specifica\u021biile Seamark ZM-R5860 Hot Air BGA Rework Station<\/h2>\n\n\n\n<figure class=\"wp-block-table\"><table class=\"has-fixed-layout\"><tbody><tr><td>Alimentare <\/td><td>AC220V\u00b110% 50\/60HZ<\/td><\/tr><tr><td>Putere <\/td><td>5,0 KW (maximum), \u00eenc\u0103lzire superioar\u0103 <br>(0,8 KW) \u00eenc\u0103lzire inferioar\u0103 <br>(1,2 KW), pre\u00eenc\u0103lzire <br>IR (2,7 KW), altele (0,3 KW)<\/td><\/tr><tr><td>Dimensiune <\/td><td>PCB 410370mm (Max); 1010mm (Min)<\/td><\/tr><tr><td>Dimensiunea cipului <\/td><td>BGA 4040mm (Max); 1010mm (Min)<\/td><\/tr><tr><td>Dimensiunea \u00eenc\u0103lzitorului <\/td><td>IR 375285mm<\/td><\/tr><tr><td>Senzor de temperatur\u0103 <\/td><td>1 buc.<\/td><\/tr><tr><td>Metoda de operare<\/td><td>Ecran tactil HD de 7 inchi<\/td><\/tr><tr><td>Sistem de control <\/td><td>Sistem autonom de control al \u00eenc\u0103lzirii V1 (copyright de software)<\/td><\/tr><tr><td>Sistem de aliniere  <\/td><td>Punct laser<\/td><\/tr><tr><td>Absorb\u021bie \u00een vid <\/td><td>manual<\/td><\/tr><tr><td>Controlul temperaturii  <\/td><td>Termocuplu de tip K, Control \u00een bucl\u0103 \u00eenchis\u0103 cu precizie de p\u00e2n\u0103 la \u00b13\u2103<\/td><\/tr><tr><td>Pozi\u021bionare <\/td><td>canelura \u00een V cu fixare universal\u0103<\/td><\/tr><tr><td>Dimensiuni <\/td><td>L635L620*H655mm<\/td><\/tr><tr><td>Greutate <\/td><td>43,5 kg<\/td><\/tr><\/tbody><\/table><\/figure>\n\n\n\n<h2 class=\"wp-block-heading\" id=\"h-principiul-\u0219i-modul-de-func\u021bionare-al-ma\u0219inii-seamark-zm-r5860-bga\">Principiul \u0219i modul de func\u021bionare al ma\u0219inii Seamark ZM R5860 BGA<\/h2>\n\n\n\n<p>Ma\u0219ina SeamarkZM R5860 BGA este o sta\u021bie de reprelucrare utilizat\u0103 pentru lipirea \u0219i dezlipirea componentelor matricei cu bile (BGA) pe pl\u0103ci de circuite imprimate (PCB-uri). Componentele BGA sunt un tip de ambalaj de suprafa\u021b\u0103 utilizat pentru circuitele integrate.<\/p>\n\n\n\n<p>Ma\u0219ina SeamarkZM R5860 BGA se bazeaz\u0103 pe tehnica de reluare cu aer cald. Folose\u0219te aer cald controlat cu precizie pentru a topi bilele de lipit ale componentei BGA, permi\u021b\u00e2nd s\u0103 fie \u00eendep\u0103rtat\u0103 sau \u00eenlocuit\u0103 f\u0103r\u0103 a deteriora PCB-ul sau componenta \u00een sine. Aparatul folose\u0219te, de asemenea, un sistem de aliniere vizual\u0103 pentru a alinia cu precizie componenta BGA cu PCB.<\/p>\n\n\n\n<p>Aparatul SeamarkZM R5860 BGA permite un control precis asupra temperaturii \u0219i a fluxului de aer, asigur\u00e2nd un proces de lipire\/deslipire fiabil \u0219i de \u00eenalt\u0103 calitate. Este potrivit pentru utilizare cu o gam\u0103 larg\u0103 de componente BGA \u0219i PCB-uri.<\/p>\n\n\n\n<p>Modul de func\u021bionare al sta\u021biei de lucru Seamark ZMR5860 BGA implic\u0103 mai mul\u021bi pa\u0219i:<\/p>\n\n\n\n<p>Pre\u00eenc\u0103lzire: PCB-ul este pre\u00eenc\u0103lzit la o temperatur\u0103 adecvat\u0103 pentru a preveni \u0219ocul termic asupra pl\u0103cii atunci c\u00e2nd este aplicat aerul cald.<\/p>\n\n\n\n<p>Aliniere: Componenta BGA este aliniat\u0103 cu precizie cu PCB folosind sistemul de aliniere vizual\u0103 al ma\u0219inii.<\/p>\n\n\n\n<p>Lipire\/deslipire: Pe componenta BGA se aplic\u0103 aer cald pentru a topi bilele de lipit. Pentru dezlipire, componenta poate fi apoi \u00eendep\u0103rtat\u0103. Pentru lipire. componenta este plasat\u0103 pe PCB \u0219i lipirea este l\u0103sat\u0103 s\u0103 se r\u0103ceasc\u0103 \u0219i s\u0103 se solidifice, cre\u00e2nd o conexiune electric\u0103 \u0219i mecanic\u0103 puternic\u0103.<\/p>\n\n\n\n<p>R\u0103cire: PCB-ul este r\u0103cit la temperatura camerei \u00eentr-un mod controlat pentru a preveni stresul termic \u0219i deformarea.<\/p>\n","protected":false},"excerpt":{"rendered":"<p>ZM-R5860 Hot Air BGA Rework Station este o sta\u021bie de reprelucrare furnizat\u0103 de SeamarkZM, care are trei zone de temperatur\u0103 control independent, \u00eenc\u0103lzire cu aer cald prin convec\u021bie, zon\u0103 de temperatur\u0103 mai joas\u0103 reglabil\u0103 pe \u00een\u0103l\u021bime, sistem de control autonom de \u00eenalt\u0103 precizie, termocuplu de \u00eenalt\u0103 precizie de tip K cu precizie de p\u00e2n\u0103 la &hellip; <\/p>\n<p class=\"link-more\"><a href=\"https:\/\/inventcad.ro\/ro\/produse\/distribuitor-seamarkzm-2\/bga-rework-station\/zm-r5860-hot-air-bga-rework-station\/\" class=\"more-link\">Continu\u0103 lectura<span class=\"screen-reader-text\"> \u201eZM-R5860 Hot Air BGA Rework Station\u201d<\/span><\/a><\/p>\n","protected":false},"author":1,"featured_media":0,"parent":2303,"menu_order":1,"comment_status":"closed","ping_status":"closed","template":"","meta":{"footnotes":""},"class_list":["post-2770","page","type-page","status-publish","hentry"],"yoast_head":"<!-- This site is optimized with the Yoast SEO Premium plugin v27.3 (Yoast SEO v27.4) - https:\/\/yoast.com\/product\/yoast-seo-premium-wordpress\/ -->\n<title>ZM-R5860 Hot Air BGA Rework Station - InventCAD<\/title>\n<meta name=\"robots\" content=\"index, follow, max-snippet:-1, max-image-preview:large, max-video-preview:-1\" \/>\n<link rel=\"canonical\" href=\"https:\/\/inventcad.ro\/ro\/produse\/distribuitor-seamarkzm-2\/bga-rework-station\/zm-r5860-hot-air-bga-rework-station\/\" \/>\n<meta property=\"og:locale\" content=\"ro_RO\" \/>\n<meta property=\"og:type\" content=\"article\" \/>\n<meta property=\"og:title\" content=\"ZM-R5860 Hot Air BGA Rework Station\" \/>\n<meta property=\"og:description\" content=\"ZM-R5860 Hot Air BGA Rework Station este o sta\u021bie de reprelucrare furnizat\u0103 de SeamarkZM, care are trei zone de temperatur\u0103 control independent, \u00eenc\u0103lzire cu aer cald prin convec\u021bie, zon\u0103 de temperatur\u0103 mai joas\u0103 reglabil\u0103 pe \u00een\u0103l\u021bime, sistem de control autonom de \u00eenalt\u0103 precizie, termocuplu de \u00eenalt\u0103 precizie de tip K cu precizie de p\u00e2n\u0103 la &hellip; Continu\u0103 lectura \u201eZM-R5860 Hot Air BGA Rework Station\u201d\" \/>\n<meta property=\"og:url\" content=\"https:\/\/inventcad.ro\/ro\/produse\/distribuitor-seamarkzm-2\/bga-rework-station\/zm-r5860-hot-air-bga-rework-station\/\" \/>\n<meta property=\"og:site_name\" content=\"InventCAD\" \/>\n<meta property=\"article:publisher\" content=\"https:\/\/www.facebook.com\/inventcad\" \/>\n<meta property=\"article:modified_time\" content=\"2025-03-18T11:04:58+00:00\" \/>\n<meta property=\"og:image\" content=\"https:\/\/inventcad.ro\/ro\/wp-content\/uploads\/2025\/03\/ZM-R5860-Hot-Air-BGA-Rework-Station-1.webp\" \/>\n\t<meta property=\"og:image:width\" content=\"472\" \/>\n\t<meta property=\"og:image:height\" content=\"480\" \/>\n\t<meta property=\"og:image:type\" content=\"image\/webp\" \/>\n<meta name=\"twitter:card\" content=\"summary_large_image\" \/>\n<meta name=\"twitter:label1\" content=\"Timp estimat pentru citire\" \/>\n\t<meta name=\"twitter:data1\" content=\"4 minute\" \/>\n<script type=\"application\/ld+json\" class=\"yoast-schema-graph\">{\"@context\":\"https:\\\/\\\/schema.org\",\"@graph\":[{\"@type\":\"WebPage\",\"@id\":\"https:\\\/\\\/inventcad.ro\\\/ro\\\/produse\\\/distribuitor-seamarkzm-2\\\/bga-rework-station\\\/zm-r5860-hot-air-bga-rework-station\\\/\",\"url\":\"https:\\\/\\\/inventcad.ro\\\/ro\\\/produse\\\/distribuitor-seamarkzm-2\\\/bga-rework-station\\\/zm-r5860-hot-air-bga-rework-station\\\/\",\"name\":\"ZM-R5860 Hot Air BGA Rework Station - InventCAD\",\"isPartOf\":{\"@id\":\"https:\\\/\\\/inventcad.ro\\\/ro\\\/#website\"},\"primaryImageOfPage\":{\"@id\":\"https:\\\/\\\/inventcad.ro\\\/ro\\\/produse\\\/distribuitor-seamarkzm-2\\\/bga-rework-station\\\/zm-r5860-hot-air-bga-rework-station\\\/#primaryimage\"},\"image\":{\"@id\":\"https:\\\/\\\/inventcad.ro\\\/ro\\\/produse\\\/distribuitor-seamarkzm-2\\\/bga-rework-station\\\/zm-r5860-hot-air-bga-rework-station\\\/#primaryimage\"},\"thumbnailUrl\":\"https:\\\/\\\/inventcad.ro\\\/ro\\\/wp-content\\\/uploads\\\/2025\\\/03\\\/ZM-R5860-Hot-Air-BGA-Rework-Station-1.webp\",\"datePublished\":\"2025-03-18T10:49:45+00:00\",\"dateModified\":\"2025-03-18T11:04:58+00:00\",\"breadcrumb\":{\"@id\":\"https:\\\/\\\/inventcad.ro\\\/ro\\\/produse\\\/distribuitor-seamarkzm-2\\\/bga-rework-station\\\/zm-r5860-hot-air-bga-rework-station\\\/#breadcrumb\"},\"inLanguage\":\"ro-RO\",\"potentialAction\":[{\"@type\":\"ReadAction\",\"target\":[\"https:\\\/\\\/inventcad.ro\\\/ro\\\/produse\\\/distribuitor-seamarkzm-2\\\/bga-rework-station\\\/zm-r5860-hot-air-bga-rework-station\\\/\"]}]},{\"@type\":\"ImageObject\",\"inLanguage\":\"ro-RO\",\"@id\":\"https:\\\/\\\/inventcad.ro\\\/ro\\\/produse\\\/distribuitor-seamarkzm-2\\\/bga-rework-station\\\/zm-r5860-hot-air-bga-rework-station\\\/#primaryimage\",\"url\":\"https:\\\/\\\/inventcad.ro\\\/ro\\\/wp-content\\\/uploads\\\/2025\\\/03\\\/ZM-R5860-Hot-Air-BGA-Rework-Station-1.webp\",\"contentUrl\":\"https:\\\/\\\/inventcad.ro\\\/ro\\\/wp-content\\\/uploads\\\/2025\\\/03\\\/ZM-R5860-Hot-Air-BGA-Rework-Station-1.webp\",\"width\":472,\"height\":480,\"caption\":\"ZM-R5860 Hot Air BGA Rework Station\"},{\"@type\":\"BreadcrumbList\",\"@id\":\"https:\\\/\\\/inventcad.ro\\\/ro\\\/produse\\\/distribuitor-seamarkzm-2\\\/bga-rework-station\\\/zm-r5860-hot-air-bga-rework-station\\\/#breadcrumb\",\"itemListElement\":[{\"@type\":\"ListItem\",\"position\":1,\"name\":\"Home\",\"item\":\"https:\\\/\\\/inventcad.ro\\\/ro\\\/\"},{\"@type\":\"ListItem\",\"position\":2,\"name\":\"Produse\",\"item\":\"https:\\\/\\\/inventcad.ro\\\/ro\\\/produse\\\/\"},{\"@type\":\"ListItem\",\"position\":3,\"name\":\"Distribuitor SeamarkZM\",\"item\":\"https:\\\/\\\/inventcad.ro\\\/ro\\\/produse\\\/distribuitor-seamarkzm-2\\\/\"},{\"@type\":\"ListItem\",\"position\":4,\"name\":\"BGA Rework Station\",\"item\":\"https:\\\/\\\/inventcad.ro\\\/ro\\\/produse\\\/distribuitor-seamarkzm-2\\\/bga-rework-station\\\/\"},{\"@type\":\"ListItem\",\"position\":5,\"name\":\"ZM-R5860 Hot Air BGA Rework Station\"}]},{\"@type\":\"WebSite\",\"@id\":\"https:\\\/\\\/inventcad.ro\\\/ro\\\/#website\",\"url\":\"https:\\\/\\\/inventcad.ro\\\/ro\\\/\",\"name\":\"InventCAD\",\"description\":\"Proiectare mecanic\u0103, automatiz\u0103ri industriale\",\"publisher\":{\"@id\":\"https:\\\/\\\/inventcad.ro\\\/ro\\\/#organization\"},\"potentialAction\":[{\"@type\":\"SearchAction\",\"target\":{\"@type\":\"EntryPoint\",\"urlTemplate\":\"https:\\\/\\\/inventcad.ro\\\/ro\\\/?s={search_term_string}\"},\"query-input\":{\"@type\":\"PropertyValueSpecification\",\"valueRequired\":true,\"valueName\":\"search_term_string\"}}],\"inLanguage\":\"ro-RO\"},{\"@type\":\"Organization\",\"@id\":\"https:\\\/\\\/inventcad.ro\\\/ro\\\/#organization\",\"name\":\"InventCAD\",\"url\":\"https:\\\/\\\/inventcad.ro\\\/ro\\\/\",\"logo\":{\"@type\":\"ImageObject\",\"inLanguage\":\"ro-RO\",\"@id\":\"https:\\\/\\\/inventcad.ro\\\/ro\\\/#\\\/schema\\\/logo\\\/image\\\/\",\"url\":\"https:\\\/\\\/inventcad.ro\\\/ro\\\/wp-content\\\/uploads\\\/2020\\\/11\\\/inventcad-logo.png\",\"contentUrl\":\"https:\\\/\\\/inventcad.ro\\\/ro\\\/wp-content\\\/uploads\\\/2020\\\/11\\\/inventcad-logo.png\",\"width\":1653,\"height\":250,\"caption\":\"InventCAD\"},\"image\":{\"@id\":\"https:\\\/\\\/inventcad.ro\\\/ro\\\/#\\\/schema\\\/logo\\\/image\\\/\"},\"sameAs\":[\"https:\\\/\\\/www.facebook.com\\\/inventcad\",\"https:\\\/\\\/www.linkedin.com\\\/company\\\/inventcad\\\/\",\"https:\\\/\\\/www.youtube.com\\\/user\\\/InventCAD\"],\"description\":\"Mechanical design, industrial automation, and engineering services.\",\"email\":\"office@inventcad.ro\",\"legalName\":\"InventCAD SRL\",\"foundingDate\":\"2003-03-10\",\"vatID\":\"RO15368893\",\"numberOfEmployees\":{\"@type\":\"QuantitativeValue\",\"minValue\":\"1\",\"maxValue\":\"10\"}}]}<\/script>\n<!-- \/ Yoast SEO Premium plugin. -->","yoast_head_json":{"title":"ZM-R5860 Hot Air BGA Rework Station - InventCAD","robots":{"index":"index","follow":"follow","max-snippet":"max-snippet:-1","max-image-preview":"max-image-preview:large","max-video-preview":"max-video-preview:-1"},"canonical":"https:\/\/inventcad.ro\/ro\/produse\/distribuitor-seamarkzm-2\/bga-rework-station\/zm-r5860-hot-air-bga-rework-station\/","og_locale":"ro_RO","og_type":"article","og_title":"ZM-R5860 Hot Air BGA Rework Station","og_description":"ZM-R5860 Hot Air BGA Rework Station este o sta\u021bie de reprelucrare furnizat\u0103 de SeamarkZM, care are trei zone de temperatur\u0103 control independent, \u00eenc\u0103lzire cu aer cald prin convec\u021bie, zon\u0103 de temperatur\u0103 mai joas\u0103 reglabil\u0103 pe \u00een\u0103l\u021bime, sistem de control autonom de \u00eenalt\u0103 precizie, termocuplu de \u00eenalt\u0103 precizie de tip K cu precizie de p\u00e2n\u0103 la &hellip; Continu\u0103 lectura \u201eZM-R5860 Hot Air BGA Rework Station\u201d","og_url":"https:\/\/inventcad.ro\/ro\/produse\/distribuitor-seamarkzm-2\/bga-rework-station\/zm-r5860-hot-air-bga-rework-station\/","og_site_name":"InventCAD","article_publisher":"https:\/\/www.facebook.com\/inventcad","article_modified_time":"2025-03-18T11:04:58+00:00","og_image":[{"width":472,"height":480,"url":"https:\/\/inventcad.ro\/ro\/wp-content\/uploads\/2025\/03\/ZM-R5860-Hot-Air-BGA-Rework-Station-1.webp","type":"image\/webp"}],"twitter_card":"summary_large_image","twitter_misc":{"Timp estimat pentru citire":"4 minute"},"schema":{"@context":"https:\/\/schema.org","@graph":[{"@type":"WebPage","@id":"https:\/\/inventcad.ro\/ro\/produse\/distribuitor-seamarkzm-2\/bga-rework-station\/zm-r5860-hot-air-bga-rework-station\/","url":"https:\/\/inventcad.ro\/ro\/produse\/distribuitor-seamarkzm-2\/bga-rework-station\/zm-r5860-hot-air-bga-rework-station\/","name":"ZM-R5860 Hot Air BGA Rework Station - InventCAD","isPartOf":{"@id":"https:\/\/inventcad.ro\/ro\/#website"},"primaryImageOfPage":{"@id":"https:\/\/inventcad.ro\/ro\/produse\/distribuitor-seamarkzm-2\/bga-rework-station\/zm-r5860-hot-air-bga-rework-station\/#primaryimage"},"image":{"@id":"https:\/\/inventcad.ro\/ro\/produse\/distribuitor-seamarkzm-2\/bga-rework-station\/zm-r5860-hot-air-bga-rework-station\/#primaryimage"},"thumbnailUrl":"https:\/\/inventcad.ro\/ro\/wp-content\/uploads\/2025\/03\/ZM-R5860-Hot-Air-BGA-Rework-Station-1.webp","datePublished":"2025-03-18T10:49:45+00:00","dateModified":"2025-03-18T11:04:58+00:00","breadcrumb":{"@id":"https:\/\/inventcad.ro\/ro\/produse\/distribuitor-seamarkzm-2\/bga-rework-station\/zm-r5860-hot-air-bga-rework-station\/#breadcrumb"},"inLanguage":"ro-RO","potentialAction":[{"@type":"ReadAction","target":["https:\/\/inventcad.ro\/ro\/produse\/distribuitor-seamarkzm-2\/bga-rework-station\/zm-r5860-hot-air-bga-rework-station\/"]}]},{"@type":"ImageObject","inLanguage":"ro-RO","@id":"https:\/\/inventcad.ro\/ro\/produse\/distribuitor-seamarkzm-2\/bga-rework-station\/zm-r5860-hot-air-bga-rework-station\/#primaryimage","url":"https:\/\/inventcad.ro\/ro\/wp-content\/uploads\/2025\/03\/ZM-R5860-Hot-Air-BGA-Rework-Station-1.webp","contentUrl":"https:\/\/inventcad.ro\/ro\/wp-content\/uploads\/2025\/03\/ZM-R5860-Hot-Air-BGA-Rework-Station-1.webp","width":472,"height":480,"caption":"ZM-R5860 Hot Air BGA Rework Station"},{"@type":"BreadcrumbList","@id":"https:\/\/inventcad.ro\/ro\/produse\/distribuitor-seamarkzm-2\/bga-rework-station\/zm-r5860-hot-air-bga-rework-station\/#breadcrumb","itemListElement":[{"@type":"ListItem","position":1,"name":"Home","item":"https:\/\/inventcad.ro\/ro\/"},{"@type":"ListItem","position":2,"name":"Produse","item":"https:\/\/inventcad.ro\/ro\/produse\/"},{"@type":"ListItem","position":3,"name":"Distribuitor SeamarkZM","item":"https:\/\/inventcad.ro\/ro\/produse\/distribuitor-seamarkzm-2\/"},{"@type":"ListItem","position":4,"name":"BGA Rework Station","item":"https:\/\/inventcad.ro\/ro\/produse\/distribuitor-seamarkzm-2\/bga-rework-station\/"},{"@type":"ListItem","position":5,"name":"ZM-R5860 Hot Air BGA Rework Station"}]},{"@type":"WebSite","@id":"https:\/\/inventcad.ro\/ro\/#website","url":"https:\/\/inventcad.ro\/ro\/","name":"InventCAD","description":"Proiectare mecanic\u0103, automatiz\u0103ri industriale","publisher":{"@id":"https:\/\/inventcad.ro\/ro\/#organization"},"potentialAction":[{"@type":"SearchAction","target":{"@type":"EntryPoint","urlTemplate":"https:\/\/inventcad.ro\/ro\/?s={search_term_string}"},"query-input":{"@type":"PropertyValueSpecification","valueRequired":true,"valueName":"search_term_string"}}],"inLanguage":"ro-RO"},{"@type":"Organization","@id":"https:\/\/inventcad.ro\/ro\/#organization","name":"InventCAD","url":"https:\/\/inventcad.ro\/ro\/","logo":{"@type":"ImageObject","inLanguage":"ro-RO","@id":"https:\/\/inventcad.ro\/ro\/#\/schema\/logo\/image\/","url":"https:\/\/inventcad.ro\/ro\/wp-content\/uploads\/2020\/11\/inventcad-logo.png","contentUrl":"https:\/\/inventcad.ro\/ro\/wp-content\/uploads\/2020\/11\/inventcad-logo.png","width":1653,"height":250,"caption":"InventCAD"},"image":{"@id":"https:\/\/inventcad.ro\/ro\/#\/schema\/logo\/image\/"},"sameAs":["https:\/\/www.facebook.com\/inventcad","https:\/\/www.linkedin.com\/company\/inventcad\/","https:\/\/www.youtube.com\/user\/InventCAD"],"description":"Mechanical design, industrial automation, and engineering services.","email":"office@inventcad.ro","legalName":"InventCAD SRL","foundingDate":"2003-03-10","vatID":"RO15368893","numberOfEmployees":{"@type":"QuantitativeValue","minValue":"1","maxValue":"10"}}]}},"_links":{"self":[{"href":"https:\/\/inventcad.ro\/ro\/wp-json\/wp\/v2\/pages\/2770","targetHints":{"allow":["GET"]}}],"collection":[{"href":"https:\/\/inventcad.ro\/ro\/wp-json\/wp\/v2\/pages"}],"about":[{"href":"https:\/\/inventcad.ro\/ro\/wp-json\/wp\/v2\/types\/page"}],"author":[{"embeddable":true,"href":"https:\/\/inventcad.ro\/ro\/wp-json\/wp\/v2\/users\/1"}],"replies":[{"embeddable":true,"href":"https:\/\/inventcad.ro\/ro\/wp-json\/wp\/v2\/comments?post=2770"}],"version-history":[{"count":5,"href":"https:\/\/inventcad.ro\/ro\/wp-json\/wp\/v2\/pages\/2770\/revisions"}],"predecessor-version":[{"id":2781,"href":"https:\/\/inventcad.ro\/ro\/wp-json\/wp\/v2\/pages\/2770\/revisions\/2781"}],"up":[{"embeddable":true,"href":"https:\/\/inventcad.ro\/ro\/wp-json\/wp\/v2\/pages\/2303"}],"wp:attachment":[{"href":"https:\/\/inventcad.ro\/ro\/wp-json\/wp\/v2\/media?parent=2770"}],"curies":[{"name":"wp","href":"https:\/\/api.w.org\/{rel}","templated":true}]}}