{"id":2760,"date":"2025-03-18T12:06:31","date_gmt":"2025-03-18T10:06:31","guid":{"rendered":"https:\/\/inventcad.ro\/ro\/?page_id=2760"},"modified":"2025-03-20T10:39:54","modified_gmt":"2025-03-20T08:39:54","slug":"xb7200-stacking-battery-inspection","status":"publish","type":"page","link":"https:\/\/inventcad.ro\/ro\/produse\/distribuitor-seamarkzm-2\/battery-x-ray-inspection-machine\/x-ray-inspection-machine-for-stacking-battery\/xb7200-stacking-battery-inspection\/","title":{"rendered":"XB7200-Stacking Battery Inspection"},"content":{"rendered":"\n<p>XB7200 este proiectat pentru a efectua inspec\u021bii \u00een linie complet automate ale bateriilor de putere cu stivuire multistrat. Utilizeaz\u0103 fie tehnologia de scanare a imaginii \u00een linie TDI, fie tehnologia de achizi\u021bie a imaginii cu matrice de zon\u0103. Parametrii de inspec\u021bie pe care \u00eei evalueaz\u0103 includ greutatea, unghiul de profunzime, pliurile mari \u0219i pliurile cu filet.<\/p>\n\n\n<div class=\"wp-block-image\">\n<figure class=\"aligncenter size-full is-resized\"><img loading=\"lazy\" decoding=\"async\" width=\"580\" height=\"490\" src=\"https:\/\/inventcad.ro\/ro\/wp-content\/uploads\/2025\/03\/battery-inspection1.png\" alt=\"XB7200-Stacking Battery Inspection\" class=\"wp-image-2671\" style=\"width:580px;height:auto\" srcset=\"https:\/\/inventcad.ro\/ro\/wp-content\/uploads\/2025\/03\/battery-inspection1.png 580w, https:\/\/inventcad.ro\/ro\/wp-content\/uploads\/2025\/03\/battery-inspection1-300x253.png 300w\" sizes=\"auto, (max-width: 580px) 100vw, 580px\" \/><figcaption class=\"wp-element-caption\">XB7200-Stacking Battery Inspection<\/figcaption><\/figure>\n<\/div>\n\n\n<h2 class=\"wp-block-heading\" id=\"h-caracteristici-ale-inspec\u021biei-bateriei-xb7200-stacking\">Caracteristici ale inspec\u021biei bateriei XB7200-Stacking<\/h2>\n\n\n\n<ul class=\"wp-block-list\">\n<li>Tehnologie de ultim\u0103 or\u0103 cu raze X<br>XB7200 este echipat cu tubul cu raze X Hamamatsu foarte apreciat, cunoscut pentru precizia sa excep\u021bional\u0103. Aceast\u0103 tehnologie permite ma\u0219inii s\u0103 efectueze inspec\u021bii am\u0103nun\u021bite ale bateriilor de bobinare, men\u021bin\u00e2nd niveluri superioare de performan\u021b\u0103.<\/li>\n\n\n\n<li>Expertiz\u0103 \u00een algoritm de proprietate<br>Software-ul exclusiv al algoritmului SeamarkZM \u00eembun\u0103t\u0103\u021be\u0219te \u00een mod semnificativ capabilit\u0103\u021bile XB7200. Ace\u0219ti algoritmi avansa\u021bi permit ma\u0219inii s\u0103 analizeze cu acurate\u021be detaliile complicate ale bateriei, asigur\u00e2nd evalu\u0103ri precise \u0219i de \u00eencredere ale calit\u0103\u021bii.<\/li>\n\n\n\n<li>Asisten\u021b\u0103 profesional\u0103 pentru clien\u021bi<br>SeamarkYM ofer\u0103 clien\u021bilor asisten\u021b\u0103 de neegalat. Exper\u021bii s\u0103i competen\u021bi \u00een cercetare \u0219i dezvoltare (R&amp;D) \u0219i echipa de service post-v\u00e2nzare receptiv\u0103 ofer\u0103 solu\u021bii rapide \u0219i eficiente, garant\u00e2nd o func\u021bionare ne\u00eentrerupt\u0103 pentru companiile care se bazeaz\u0103 pe XB7200.<\/li>\n<\/ul>\n\n\n\n<h2 class=\"wp-block-heading\" id=\"h-specifica\u021biile-pentru-inspec\u021bia-bateriei-xb7200-stacking\">Specifica\u021biile pentru inspec\u021bia bateriei XB7200-Stacking<\/h2>\n\n\n\n<figure class=\"wp-block-table is-style-stripes\"><table class=\"has-fixed-layout\"><tbody><tr><td>Dimensiunea echipamentului <\/td><td>8500mm3200mm2800mm<\/td><\/tr><tr><td>Ritm<\/td><td>\u226524 PPM \u0219i peste (2 sau 4 unghiuri)<\/td><\/tr><tr><td>Rat\u0103 excelent\u0103<\/td><td>\u226599,5%<\/td><\/tr><tr><td>Precizie de m\u0103surare a c\u00e2nt\u0103ririi <\/td><td>\u22640,01 g, greutate \u22655 kg<\/td><\/tr><tr><td>Rata de defectare a echipamentului (DT)<\/td><td>\u22642%<\/td><\/tr><tr><td>Overkill Rate<\/td><td>\u22641,5%<\/td><\/tr><tr><td>Underkill Rate<\/td><td>\u22640%<\/td><\/tr><tr><td>Precizia testului repetat <\/td><td>\u226440um (m\u0103surare standard a piesei)<\/td><\/tr><tr><td>Metoda materialelor de intrare<\/td><td>Linia logistic\u0103 materiale de intrare<\/td><\/tr><tr><td>Standard de siguran\u021b\u0103 \u00eempotriva radia\u021biilor <\/td><td>\u22641\u03bcSV\/h<\/td><\/tr><tr><td>Con\u021binutul de inspec\u021bie <\/td><td>C\u00e2nt\u0103rire, surplus, pliere pe suprafa\u021b\u0103 mare, pliere cu tabl\u0103 etc.<\/td><\/tr><tr><td>Tub de raze X Tensiune: <\/td><td>40-90KV\/40-130KV<\/td><\/tr><tr><td>Curent<\/td><td>10-200uA\/10-300uA<br><\/td><\/tr><tr><td>Receptor<br><\/td><td>Camer\u0103 line array TDI sau detector cu ecran plat. Timp de schimbare: Timpul de schimbare pentru soiurile vechi este \u2264 2 ore\/persoan\u0103; timpul de schimbare pentru soiurile noi este \u2264 4 ore\/persoan\u0103.<\/td><\/tr><tr><td><br>Gama de compatibilitate <br><\/td><td>Carcas\u0103 p\u0103trat\u0103 din aluminiu: lungime: 80~220mm; latime: 130~200mm; grosime: 10~25mm.<\/td><\/tr><tr><td>Baterie Blade<\/td><td>Lungime 320~600mm;<br>Latime: 80~120mm;<br>Grosime: 10~30mm<\/td><\/tr><\/tbody><\/table><\/figure>\n","protected":false},"excerpt":{"rendered":"<p>XB7200 este proiectat pentru a efectua inspec\u021bii \u00een linie complet automate ale bateriilor de putere cu stivuire multistrat. Utilizeaz\u0103 fie tehnologia de scanare a imaginii \u00een linie TDI, fie tehnologia de achizi\u021bie a imaginii cu matrice de zon\u0103. Parametrii de inspec\u021bie pe care \u00eei evalueaz\u0103 includ greutatea, unghiul de profunzime, pliurile mari \u0219i pliurile cu &hellip; <\/p>\n<p class=\"link-more\"><a href=\"https:\/\/inventcad.ro\/ro\/produse\/distribuitor-seamarkzm-2\/battery-x-ray-inspection-machine\/x-ray-inspection-machine-for-stacking-battery\/xb7200-stacking-battery-inspection\/\" class=\"more-link\">Continu\u0103 lectura<span class=\"screen-reader-text\"> \u201eXB7200-Stacking Battery Inspection\u201d<\/span><\/a><\/p>\n","protected":false},"author":1,"featured_media":0,"parent":2651,"menu_order":1,"comment_status":"closed","ping_status":"closed","template":"","meta":{"footnotes":""},"class_list":["post-2760","page","type-page","status-publish","hentry"],"yoast_head":"<!-- This site is optimized with the Yoast SEO Premium plugin v27.3 (Yoast SEO v27.4) - https:\/\/yoast.com\/product\/yoast-seo-premium-wordpress\/ -->\n<title>XB7200-Stacking Battery Inspection - InventCAD<\/title>\n<meta name=\"robots\" content=\"index, follow, max-snippet:-1, max-image-preview:large, max-video-preview:-1\" \/>\n<link rel=\"canonical\" href=\"https:\/\/inventcad.ro\/ro\/produse\/distribuitor-seamarkzm-2\/battery-x-ray-inspection-machine\/x-ray-inspection-machine-for-stacking-battery\/xb7200-stacking-battery-inspection\/\" \/>\n<meta property=\"og:locale\" content=\"ro_RO\" \/>\n<meta property=\"og:type\" content=\"article\" \/>\n<meta property=\"og:title\" content=\"XB7200-Stacking Battery Inspection\" \/>\n<meta property=\"og:description\" content=\"XB7200 este proiectat pentru a efectua inspec\u021bii \u00een linie complet automate ale bateriilor de putere cu stivuire multistrat. Utilizeaz\u0103 fie tehnologia de scanare a imaginii \u00een linie TDI, fie tehnologia de achizi\u021bie a imaginii cu matrice de zon\u0103. Parametrii de inspec\u021bie pe care \u00eei evalueaz\u0103 includ greutatea, unghiul de profunzime, pliurile mari \u0219i pliurile cu &hellip; Continu\u0103 lectura \u201eXB7200-Stacking Battery Inspection\u201d\" \/>\n<meta property=\"og:url\" content=\"https:\/\/inventcad.ro\/ro\/produse\/distribuitor-seamarkzm-2\/battery-x-ray-inspection-machine\/x-ray-inspection-machine-for-stacking-battery\/xb7200-stacking-battery-inspection\/\" \/>\n<meta property=\"og:site_name\" content=\"InventCAD\" \/>\n<meta property=\"article:publisher\" content=\"https:\/\/www.facebook.com\/inventcad\" \/>\n<meta property=\"article:modified_time\" content=\"2025-03-20T08:39:54+00:00\" \/>\n<meta property=\"og:image\" content=\"https:\/\/inventcad.ro\/ro\/wp-content\/uploads\/2025\/03\/battery-inspection1.png\" \/>\n\t<meta property=\"og:image:width\" content=\"580\" \/>\n\t<meta property=\"og:image:height\" content=\"490\" \/>\n\t<meta property=\"og:image:type\" content=\"image\/png\" \/>\n<meta name=\"twitter:card\" content=\"summary_large_image\" \/>\n<meta name=\"twitter:label1\" content=\"Timp estimat pentru citire\" \/>\n\t<meta name=\"twitter:data1\" content=\"2 minute\" \/>\n<script type=\"application\/ld+json\" class=\"yoast-schema-graph\">{\"@context\":\"https:\\\/\\\/schema.org\",\"@graph\":[{\"@type\":\"WebPage\",\"@id\":\"https:\\\/\\\/inventcad.ro\\\/ro\\\/produse\\\/distribuitor-seamarkzm-2\\\/battery-x-ray-inspection-machine\\\/x-ray-inspection-machine-for-stacking-battery\\\/xb7200-stacking-battery-inspection\\\/\",\"url\":\"https:\\\/\\\/inventcad.ro\\\/ro\\\/produse\\\/distribuitor-seamarkzm-2\\\/battery-x-ray-inspection-machine\\\/x-ray-inspection-machine-for-stacking-battery\\\/xb7200-stacking-battery-inspection\\\/\",\"name\":\"XB7200-Stacking Battery Inspection - InventCAD\",\"isPartOf\":{\"@id\":\"https:\\\/\\\/inventcad.ro\\\/ro\\\/#website\"},\"primaryImageOfPage\":{\"@id\":\"https:\\\/\\\/inventcad.ro\\\/ro\\\/produse\\\/distribuitor-seamarkzm-2\\\/battery-x-ray-inspection-machine\\\/x-ray-inspection-machine-for-stacking-battery\\\/xb7200-stacking-battery-inspection\\\/#primaryimage\"},\"image\":{\"@id\":\"https:\\\/\\\/inventcad.ro\\\/ro\\\/produse\\\/distribuitor-seamarkzm-2\\\/battery-x-ray-inspection-machine\\\/x-ray-inspection-machine-for-stacking-battery\\\/xb7200-stacking-battery-inspection\\\/#primaryimage\"},\"thumbnailUrl\":\"https:\\\/\\\/inventcad.ro\\\/ro\\\/wp-content\\\/uploads\\\/2025\\\/03\\\/battery-inspection1.png\",\"datePublished\":\"2025-03-18T10:06:31+00:00\",\"dateModified\":\"2025-03-20T08:39:54+00:00\",\"breadcrumb\":{\"@id\":\"https:\\\/\\\/inventcad.ro\\\/ro\\\/produse\\\/distribuitor-seamarkzm-2\\\/battery-x-ray-inspection-machine\\\/x-ray-inspection-machine-for-stacking-battery\\\/xb7200-stacking-battery-inspection\\\/#breadcrumb\"},\"inLanguage\":\"ro-RO\",\"potentialAction\":[{\"@type\":\"ReadAction\",\"target\":[\"https:\\\/\\\/inventcad.ro\\\/ro\\\/produse\\\/distribuitor-seamarkzm-2\\\/battery-x-ray-inspection-machine\\\/x-ray-inspection-machine-for-stacking-battery\\\/xb7200-stacking-battery-inspection\\\/\"]}]},{\"@type\":\"ImageObject\",\"inLanguage\":\"ro-RO\",\"@id\":\"https:\\\/\\\/inventcad.ro\\\/ro\\\/produse\\\/distribuitor-seamarkzm-2\\\/battery-x-ray-inspection-machine\\\/x-ray-inspection-machine-for-stacking-battery\\\/xb7200-stacking-battery-inspection\\\/#primaryimage\",\"url\":\"https:\\\/\\\/inventcad.ro\\\/ro\\\/wp-content\\\/uploads\\\/2025\\\/03\\\/battery-inspection1.png\",\"contentUrl\":\"https:\\\/\\\/inventcad.ro\\\/ro\\\/wp-content\\\/uploads\\\/2025\\\/03\\\/battery-inspection1.png\",\"width\":580,\"height\":490,\"caption\":\"XB7200-Stacking Battery Inspection\"},{\"@type\":\"BreadcrumbList\",\"@id\":\"https:\\\/\\\/inventcad.ro\\\/ro\\\/produse\\\/distribuitor-seamarkzm-2\\\/battery-x-ray-inspection-machine\\\/x-ray-inspection-machine-for-stacking-battery\\\/xb7200-stacking-battery-inspection\\\/#breadcrumb\",\"itemListElement\":[{\"@type\":\"ListItem\",\"position\":1,\"name\":\"Home\",\"item\":\"https:\\\/\\\/inventcad.ro\\\/ro\\\/\"},{\"@type\":\"ListItem\",\"position\":2,\"name\":\"Produse\",\"item\":\"https:\\\/\\\/inventcad.ro\\\/ro\\\/produse\\\/\"},{\"@type\":\"ListItem\",\"position\":3,\"name\":\"Distribuitor SeamarkZM\",\"item\":\"https:\\\/\\\/inventcad.ro\\\/ro\\\/produse\\\/distribuitor-seamarkzm-2\\\/\"},{\"@type\":\"ListItem\",\"position\":4,\"name\":\"Battery X-ray Inspection Machine\",\"item\":\"https:\\\/\\\/inventcad.ro\\\/ro\\\/produse\\\/distribuitor-seamarkzm-2\\\/battery-x-ray-inspection-machine\\\/\"},{\"@type\":\"ListItem\",\"position\":5,\"name\":\"X-ray Inspection Machine for Stacking Battery\",\"item\":\"https:\\\/\\\/inventcad.ro\\\/ro\\\/produse\\\/distribuitor-seamarkzm-2\\\/battery-x-ray-inspection-machine\\\/x-ray-inspection-machine-for-stacking-battery\\\/\"},{\"@type\":\"ListItem\",\"position\":6,\"name\":\"XB7200-Stacking Battery Inspection\"}]},{\"@type\":\"WebSite\",\"@id\":\"https:\\\/\\\/inventcad.ro\\\/ro\\\/#website\",\"url\":\"https:\\\/\\\/inventcad.ro\\\/ro\\\/\",\"name\":\"InventCAD\",\"description\":\"Proiectare mecanic\u0103, automatiz\u0103ri industriale\",\"publisher\":{\"@id\":\"https:\\\/\\\/inventcad.ro\\\/ro\\\/#organization\"},\"potentialAction\":[{\"@type\":\"SearchAction\",\"target\":{\"@type\":\"EntryPoint\",\"urlTemplate\":\"https:\\\/\\\/inventcad.ro\\\/ro\\\/?s={search_term_string}\"},\"query-input\":{\"@type\":\"PropertyValueSpecification\",\"valueRequired\":true,\"valueName\":\"search_term_string\"}}],\"inLanguage\":\"ro-RO\"},{\"@type\":\"Organization\",\"@id\":\"https:\\\/\\\/inventcad.ro\\\/ro\\\/#organization\",\"name\":\"InventCAD\",\"url\":\"https:\\\/\\\/inventcad.ro\\\/ro\\\/\",\"logo\":{\"@type\":\"ImageObject\",\"inLanguage\":\"ro-RO\",\"@id\":\"https:\\\/\\\/inventcad.ro\\\/ro\\\/#\\\/schema\\\/logo\\\/image\\\/\",\"url\":\"https:\\\/\\\/inventcad.ro\\\/ro\\\/wp-content\\\/uploads\\\/2020\\\/11\\\/inventcad-logo.png\",\"contentUrl\":\"https:\\\/\\\/inventcad.ro\\\/ro\\\/wp-content\\\/uploads\\\/2020\\\/11\\\/inventcad-logo.png\",\"width\":1653,\"height\":250,\"caption\":\"InventCAD\"},\"image\":{\"@id\":\"https:\\\/\\\/inventcad.ro\\\/ro\\\/#\\\/schema\\\/logo\\\/image\\\/\"},\"sameAs\":[\"https:\\\/\\\/www.facebook.com\\\/inventcad\",\"https:\\\/\\\/www.linkedin.com\\\/company\\\/inventcad\\\/\",\"https:\\\/\\\/www.youtube.com\\\/user\\\/InventCAD\"],\"description\":\"Mechanical design, industrial automation, and engineering services.\",\"email\":\"office@inventcad.ro\",\"legalName\":\"InventCAD SRL\",\"foundingDate\":\"2003-03-10\",\"vatID\":\"RO15368893\",\"numberOfEmployees\":{\"@type\":\"QuantitativeValue\",\"minValue\":\"1\",\"maxValue\":\"10\"}}]}<\/script>\n<!-- \/ Yoast SEO Premium plugin. -->","yoast_head_json":{"title":"XB7200-Stacking Battery Inspection - InventCAD","robots":{"index":"index","follow":"follow","max-snippet":"max-snippet:-1","max-image-preview":"max-image-preview:large","max-video-preview":"max-video-preview:-1"},"canonical":"https:\/\/inventcad.ro\/ro\/produse\/distribuitor-seamarkzm-2\/battery-x-ray-inspection-machine\/x-ray-inspection-machine-for-stacking-battery\/xb7200-stacking-battery-inspection\/","og_locale":"ro_RO","og_type":"article","og_title":"XB7200-Stacking Battery Inspection","og_description":"XB7200 este proiectat pentru a efectua inspec\u021bii \u00een linie complet automate ale bateriilor de putere cu stivuire multistrat. Utilizeaz\u0103 fie tehnologia de scanare a imaginii \u00een linie TDI, fie tehnologia de achizi\u021bie a imaginii cu matrice de zon\u0103. Parametrii de inspec\u021bie pe care \u00eei evalueaz\u0103 includ greutatea, unghiul de profunzime, pliurile mari \u0219i pliurile cu &hellip; Continu\u0103 lectura \u201eXB7200-Stacking Battery Inspection\u201d","og_url":"https:\/\/inventcad.ro\/ro\/produse\/distribuitor-seamarkzm-2\/battery-x-ray-inspection-machine\/x-ray-inspection-machine-for-stacking-battery\/xb7200-stacking-battery-inspection\/","og_site_name":"InventCAD","article_publisher":"https:\/\/www.facebook.com\/inventcad","article_modified_time":"2025-03-20T08:39:54+00:00","og_image":[{"width":580,"height":490,"url":"https:\/\/inventcad.ro\/ro\/wp-content\/uploads\/2025\/03\/battery-inspection1.png","type":"image\/png"}],"twitter_card":"summary_large_image","twitter_misc":{"Timp estimat pentru citire":"2 minute"},"schema":{"@context":"https:\/\/schema.org","@graph":[{"@type":"WebPage","@id":"https:\/\/inventcad.ro\/ro\/produse\/distribuitor-seamarkzm-2\/battery-x-ray-inspection-machine\/x-ray-inspection-machine-for-stacking-battery\/xb7200-stacking-battery-inspection\/","url":"https:\/\/inventcad.ro\/ro\/produse\/distribuitor-seamarkzm-2\/battery-x-ray-inspection-machine\/x-ray-inspection-machine-for-stacking-battery\/xb7200-stacking-battery-inspection\/","name":"XB7200-Stacking Battery Inspection - InventCAD","isPartOf":{"@id":"https:\/\/inventcad.ro\/ro\/#website"},"primaryImageOfPage":{"@id":"https:\/\/inventcad.ro\/ro\/produse\/distribuitor-seamarkzm-2\/battery-x-ray-inspection-machine\/x-ray-inspection-machine-for-stacking-battery\/xb7200-stacking-battery-inspection\/#primaryimage"},"image":{"@id":"https:\/\/inventcad.ro\/ro\/produse\/distribuitor-seamarkzm-2\/battery-x-ray-inspection-machine\/x-ray-inspection-machine-for-stacking-battery\/xb7200-stacking-battery-inspection\/#primaryimage"},"thumbnailUrl":"https:\/\/inventcad.ro\/ro\/wp-content\/uploads\/2025\/03\/battery-inspection1.png","datePublished":"2025-03-18T10:06:31+00:00","dateModified":"2025-03-20T08:39:54+00:00","breadcrumb":{"@id":"https:\/\/inventcad.ro\/ro\/produse\/distribuitor-seamarkzm-2\/battery-x-ray-inspection-machine\/x-ray-inspection-machine-for-stacking-battery\/xb7200-stacking-battery-inspection\/#breadcrumb"},"inLanguage":"ro-RO","potentialAction":[{"@type":"ReadAction","target":["https:\/\/inventcad.ro\/ro\/produse\/distribuitor-seamarkzm-2\/battery-x-ray-inspection-machine\/x-ray-inspection-machine-for-stacking-battery\/xb7200-stacking-battery-inspection\/"]}]},{"@type":"ImageObject","inLanguage":"ro-RO","@id":"https:\/\/inventcad.ro\/ro\/produse\/distribuitor-seamarkzm-2\/battery-x-ray-inspection-machine\/x-ray-inspection-machine-for-stacking-battery\/xb7200-stacking-battery-inspection\/#primaryimage","url":"https:\/\/inventcad.ro\/ro\/wp-content\/uploads\/2025\/03\/battery-inspection1.png","contentUrl":"https:\/\/inventcad.ro\/ro\/wp-content\/uploads\/2025\/03\/battery-inspection1.png","width":580,"height":490,"caption":"XB7200-Stacking Battery Inspection"},{"@type":"BreadcrumbList","@id":"https:\/\/inventcad.ro\/ro\/produse\/distribuitor-seamarkzm-2\/battery-x-ray-inspection-machine\/x-ray-inspection-machine-for-stacking-battery\/xb7200-stacking-battery-inspection\/#breadcrumb","itemListElement":[{"@type":"ListItem","position":1,"name":"Home","item":"https:\/\/inventcad.ro\/ro\/"},{"@type":"ListItem","position":2,"name":"Produse","item":"https:\/\/inventcad.ro\/ro\/produse\/"},{"@type":"ListItem","position":3,"name":"Distribuitor SeamarkZM","item":"https:\/\/inventcad.ro\/ro\/produse\/distribuitor-seamarkzm-2\/"},{"@type":"ListItem","position":4,"name":"Battery X-ray Inspection Machine","item":"https:\/\/inventcad.ro\/ro\/produse\/distribuitor-seamarkzm-2\/battery-x-ray-inspection-machine\/"},{"@type":"ListItem","position":5,"name":"X-ray Inspection Machine for Stacking Battery","item":"https:\/\/inventcad.ro\/ro\/produse\/distribuitor-seamarkzm-2\/battery-x-ray-inspection-machine\/x-ray-inspection-machine-for-stacking-battery\/"},{"@type":"ListItem","position":6,"name":"XB7200-Stacking Battery Inspection"}]},{"@type":"WebSite","@id":"https:\/\/inventcad.ro\/ro\/#website","url":"https:\/\/inventcad.ro\/ro\/","name":"InventCAD","description":"Proiectare mecanic\u0103, automatiz\u0103ri industriale","publisher":{"@id":"https:\/\/inventcad.ro\/ro\/#organization"},"potentialAction":[{"@type":"SearchAction","target":{"@type":"EntryPoint","urlTemplate":"https:\/\/inventcad.ro\/ro\/?s={search_term_string}"},"query-input":{"@type":"PropertyValueSpecification","valueRequired":true,"valueName":"search_term_string"}}],"inLanguage":"ro-RO"},{"@type":"Organization","@id":"https:\/\/inventcad.ro\/ro\/#organization","name":"InventCAD","url":"https:\/\/inventcad.ro\/ro\/","logo":{"@type":"ImageObject","inLanguage":"ro-RO","@id":"https:\/\/inventcad.ro\/ro\/#\/schema\/logo\/image\/","url":"https:\/\/inventcad.ro\/ro\/wp-content\/uploads\/2020\/11\/inventcad-logo.png","contentUrl":"https:\/\/inventcad.ro\/ro\/wp-content\/uploads\/2020\/11\/inventcad-logo.png","width":1653,"height":250,"caption":"InventCAD"},"image":{"@id":"https:\/\/inventcad.ro\/ro\/#\/schema\/logo\/image\/"},"sameAs":["https:\/\/www.facebook.com\/inventcad","https:\/\/www.linkedin.com\/company\/inventcad\/","https:\/\/www.youtube.com\/user\/InventCAD"],"description":"Mechanical design, industrial automation, and engineering services.","email":"office@inventcad.ro","legalName":"InventCAD SRL","foundingDate":"2003-03-10","vatID":"RO15368893","numberOfEmployees":{"@type":"QuantitativeValue","minValue":"1","maxValue":"10"}}]}},"_links":{"self":[{"href":"https:\/\/inventcad.ro\/ro\/wp-json\/wp\/v2\/pages\/2760","targetHints":{"allow":["GET"]}}],"collection":[{"href":"https:\/\/inventcad.ro\/ro\/wp-json\/wp\/v2\/pages"}],"about":[{"href":"https:\/\/inventcad.ro\/ro\/wp-json\/wp\/v2\/types\/page"}],"author":[{"embeddable":true,"href":"https:\/\/inventcad.ro\/ro\/wp-json\/wp\/v2\/users\/1"}],"replies":[{"embeddable":true,"href":"https:\/\/inventcad.ro\/ro\/wp-json\/wp\/v2\/comments?post=2760"}],"version-history":[{"count":5,"href":"https:\/\/inventcad.ro\/ro\/wp-json\/wp\/v2\/pages\/2760\/revisions"}],"predecessor-version":[{"id":2901,"href":"https:\/\/inventcad.ro\/ro\/wp-json\/wp\/v2\/pages\/2760\/revisions\/2901"}],"up":[{"embeddable":true,"href":"https:\/\/inventcad.ro\/ro\/wp-json\/wp\/v2\/pages\/2651"}],"wp:attachment":[{"href":"https:\/\/inventcad.ro\/ro\/wp-json\/wp\/v2\/media?parent=2760"}],"curies":[{"name":"wp","href":"https:\/\/api.w.org\/{rel}","templated":true}]}}