{"id":2725,"date":"2025-03-18T11:08:59","date_gmt":"2025-03-18T09:08:59","guid":{"rendered":"https:\/\/inventcad.ro\/ro\/?page_id=2725"},"modified":"2025-03-18T13:52:36","modified_gmt":"2025-03-18T11:52:36","slug":"xb7100-winding-battery-inspection","status":"publish","type":"page","link":"https:\/\/inventcad.ro\/ro\/produse\/distribuitor-seamarkzm-2\/battery-x-ray-inspection-machine\/x-ray-inspection-machine-for-winding-battery\/xb7100-winding-battery-inspection\/","title":{"rendered":"XB7100-Winding Battery Inspection"},"content":{"rendered":"\n<p>XB7100 ofer\u0103 o inspec\u021bie complet automatizat\u0103 \u00een linie pentru bateriile cu \u00eenf\u0103\u0219urare multistrat. Ea efectueaz\u0103 o examinare am\u0103nun\u021bit\u0103 a elementelor cheie ale bateriilor de \u00eenf\u0103\u0219urare \u0219i de stocare a energiei, inclusiv alinierea pl\u0103cilor cu electrozi pozitivi \u0219i negativi, pliuri de suprafa\u021b\u0103 mare \u0219i \u0219tifturi de tragere, asigur\u00e2nd astfel un control complet al calit\u0103\u021bii.<\/p>\n\n\n\n<h2 class=\"wp-block-heading\" id=\"h-features-of-xb7100-winding-battery-inspection\">Features of XB7100-Winding Battery Inspection<\/h2>\n\n\n\n<ul class=\"wp-block-list\">\n<li>Tehnologie premium cu raze X <br>XB7100 folose\u0219te tubul cu raze X Hamamatsu extrem de apreciat, recunoscut la nivel global pentru calitatea \u0219i precizia superioar\u0103. Aceast\u0103 tehnologie cu raze X de ultim\u0103 genera\u021bie asigur\u0103 inspec\u021bii precise \u0219i detaliate ale bateriilor de bobinare.<\/li>\n\n\n\n<li>Algoritm de v\u00e2rf <br>Echipat cu software-ul de algoritm auto-dezvoltat de la Seamark, XB7100 \u00eencorporeaz\u0103 algoritmi avansa\u021bi pentru analize sofisticate. Acest software \u00eembun\u0103t\u0103\u021be\u0219te capacitatea ma\u0219inii de a detecta detalii complicate din baterii, contribuind la evalu\u0103ri precise ale calit\u0103\u021bii.<\/li>\n\n\n\n<li>Suport expert <br>Seamark ofer\u0103 asisten\u021b\u0103 clien\u021bi de neegalat cu o echip\u0103 dedicat\u0103 de profesioni\u0219ti. Speciali\u0219tii lor experimenta\u021bi \u00een cercetare \u0219i dezvoltare (R&amp;D) \u0219i echipa de service post-v\u00e2nzare ofer\u0103 solu\u021bii prompte \u0219i eficiente. Acest angajament asigur\u0103 o func\u021bionare f\u0103r\u0103 probleme \u0219i fiabilitate pentru companiile care se bazeaz\u0103 pe ma\u0219inile de inspec\u021bie a bateriei de bobinare XB7100.<\/li>\n<\/ul>\n\n\n\n<h2 class=\"wp-block-heading\" id=\"h-specifica\u021biile-pentru-inspec\u021bia-bateriei-xb7100-winding\">Specifica\u021biile pentru inspec\u021bia bateriei XB7100-Winding<\/h2>\n\n\n\n<figure class=\"wp-block-table\"><table class=\"has-fixed-layout\"><tbody><tr><td>Dimensiunea echipamentului <\/td><td>5460mm<em>2600mm<\/em>2800mm<\/td><\/tr><tr><td>Ritm<\/td><td>\u226526 PPM \u0219i peste (2 unghiuri sau 4 unghiuri)<\/td><\/tr><tr><td>Rata de excelen\u021b\u0103<\/td><td>\u226599,5%<\/td><\/tr><tr><td>Overkill Rate<\/td><td>\u22641%<\/td><\/tr><tr><td>Underkill Rate<\/td><td>\u22641%<\/td><\/tr><tr><td>Rata de defectare a echipamentului (DT)<\/td><td>\u22642%<\/td><\/tr><tr><td>Precizia testului repetat<\/td><td>\u226440um (m\u0103surare standard a piesei)<\/td><\/tr><tr><td>Interval mediu de e\u0219ec (MT BT)<\/td><td><\/td><\/tr><tr><td>Metoda de intrare a materialelor<\/td><td>Materiale de intrare din linia logistic\u0103<\/td><\/tr><tr><td>Standard de siguran\u021b\u0103 \u00eempotriva radia\u021biilor <\/td><td>\u22641\u03bcSV\/h<\/td><\/tr><tr><td>Tub cu raze X<\/td><td>Tensiune: 40-90KV\/40-130KV;<br>Curent: 1 0 &#8211; 2 0 0 u A \/ 1 0 &#8211; 3 0 0 u A<\/td><\/tr><tr><td>Receptor<\/td><td>Detector cu ecran plat<\/td><\/tr><tr><td>Timp de fotografiere<\/td><td>\u22650,7S<\/td><\/tr><tr><td>Timp de schimbare a modelului<\/td><td>Timpul de schimbare a modelului soiurilor vechi \u2264 2 ore\/persoan\u0103; timpul de schimbare a modelului noilor soiuri \u2264 4 ore\/persoan\u0103<\/td><\/tr><tr><td>Gama compatibil\u0103<\/td><td>\u00cen\u0103l\u021bime: 70~220mm;<br>Latime: 80~260mm;<br>Grosime: 5~25mm (sau personaliza\u021bi toate modelele de pe pia\u021b\u0103)<\/td><\/tr><tr><td>Con\u021binutul de inspec\u021bie<\/td><td>\u00een\u0103l\u021bime, pliere suprafa\u021b\u0103 mare, pliere cu tabl\u0103<\/td><\/tr><\/tbody><\/table><\/figure>\n\n\n\n<figure class=\"wp-block-embed is-type-video is-provider-youtube wp-block-embed-youtube wp-embed-aspect-16-9 wp-has-aspect-ratio\"><div class=\"wp-block-embed__wrapper\">\n<iframe loading=\"lazy\"  id=\"_ytid_28884\"  width=\"525\" height=\"295\"  data-origwidth=\"525\" data-origheight=\"295\"  data-relstop=\"1\" src=\"https:\/\/www.youtube.com\/embed\/Lb70A0eZq5c?enablejsapi=1&#038;autoplay=0&#038;cc_load_policy=0&#038;cc_lang_pref=&#038;iv_load_policy=1&#038;loop=0&#038;rel=0&#038;fs=1&#038;playsinline=0&#038;autohide=2&#038;theme=dark&#038;color=red&#038;controls=1&#038;disablekb=0&#038;\" class=\"__youtube_prefs__  epyt-is-override  no-lazyload\" data-vol=\"24\"  title=\"YouTube player\"  allow=\"fullscreen; accelerometer; autoplay; clipboard-write; encrypted-media; gyroscope; picture-in-picture; web-share\" referrerpolicy=\"strict-origin-when-cross-origin\" allowfullscreen data-no-lazy=\"1\" data-skipgform_ajax_framebjll=\"\"><\/iframe>\n<\/div><\/figure>\n\n\n\n<p><\/p>\n","protected":false},"excerpt":{"rendered":"<p>XB7100 ofer\u0103 o inspec\u021bie complet automatizat\u0103 \u00een linie pentru bateriile cu \u00eenf\u0103\u0219urare multistrat. Ea efectueaz\u0103 o examinare am\u0103nun\u021bit\u0103 a elementelor cheie ale bateriilor de \u00eenf\u0103\u0219urare \u0219i de stocare a energiei, inclusiv alinierea pl\u0103cilor cu electrozi pozitivi \u0219i negativi, pliuri de suprafa\u021b\u0103 mare \u0219i \u0219tifturi de tragere, asigur\u00e2nd astfel un control complet al calit\u0103\u021bii. Features of &hellip; <\/p>\n<p class=\"link-more\"><a href=\"https:\/\/inventcad.ro\/ro\/produse\/distribuitor-seamarkzm-2\/battery-x-ray-inspection-machine\/x-ray-inspection-machine-for-winding-battery\/xb7100-winding-battery-inspection\/\" class=\"more-link\">Continu\u0103 lectura<span class=\"screen-reader-text\"> \u201eXB7100-Winding Battery Inspection\u201d<\/span><\/a><\/p>\n","protected":false},"author":1,"featured_media":0,"parent":2649,"menu_order":1,"comment_status":"closed","ping_status":"closed","template":"","meta":{"footnotes":""},"class_list":["post-2725","page","type-page","status-publish","hentry"],"yoast_head":"<!-- This site is optimized with the Yoast SEO Premium plugin v27.3 (Yoast SEO v27.4) - https:\/\/yoast.com\/product\/yoast-seo-premium-wordpress\/ -->\n<title>XB7100-Winding Battery Inspection - InventCAD<\/title>\n<meta name=\"robots\" content=\"index, follow, max-snippet:-1, max-image-preview:large, max-video-preview:-1\" \/>\n<link rel=\"canonical\" href=\"https:\/\/inventcad.ro\/ro\/produse\/distribuitor-seamarkzm-2\/battery-x-ray-inspection-machine\/x-ray-inspection-machine-for-winding-battery\/xb7100-winding-battery-inspection\/\" \/>\n<meta property=\"og:locale\" content=\"ro_RO\" \/>\n<meta property=\"og:type\" content=\"article\" \/>\n<meta property=\"og:title\" content=\"XB7100-Winding Battery Inspection\" \/>\n<meta property=\"og:description\" content=\"XB7100 ofer\u0103 o inspec\u021bie complet automatizat\u0103 \u00een linie pentru bateriile cu \u00eenf\u0103\u0219urare multistrat. Ea efectueaz\u0103 o examinare am\u0103nun\u021bit\u0103 a elementelor cheie ale bateriilor de \u00eenf\u0103\u0219urare \u0219i de stocare a energiei, inclusiv alinierea pl\u0103cilor cu electrozi pozitivi \u0219i negativi, pliuri de suprafa\u021b\u0103 mare \u0219i \u0219tifturi de tragere, asigur\u00e2nd astfel un control complet al calit\u0103\u021bii. Features of &hellip; Continu\u0103 lectura \u201eXB7100-Winding Battery Inspection\u201d\" \/>\n<meta property=\"og:url\" content=\"https:\/\/inventcad.ro\/ro\/produse\/distribuitor-seamarkzm-2\/battery-x-ray-inspection-machine\/x-ray-inspection-machine-for-winding-battery\/xb7100-winding-battery-inspection\/\" \/>\n<meta property=\"og:site_name\" content=\"InventCAD\" \/>\n<meta property=\"article:publisher\" content=\"https:\/\/www.facebook.com\/inventcad\" \/>\n<meta property=\"article:modified_time\" content=\"2025-03-18T11:52:36+00:00\" \/>\n<meta name=\"twitter:card\" content=\"summary_large_image\" \/>\n<meta name=\"twitter:label1\" content=\"Timp estimat pentru citire\" \/>\n\t<meta name=\"twitter:data1\" content=\"2 minute\" \/>\n<script type=\"application\/ld+json\" class=\"yoast-schema-graph\">{\"@context\":\"https:\\\/\\\/schema.org\",\"@graph\":[{\"@type\":\"WebPage\",\"@id\":\"https:\\\/\\\/inventcad.ro\\\/ro\\\/produse\\\/distribuitor-seamarkzm-2\\\/battery-x-ray-inspection-machine\\\/x-ray-inspection-machine-for-winding-battery\\\/xb7100-winding-battery-inspection\\\/\",\"url\":\"https:\\\/\\\/inventcad.ro\\\/ro\\\/produse\\\/distribuitor-seamarkzm-2\\\/battery-x-ray-inspection-machine\\\/x-ray-inspection-machine-for-winding-battery\\\/xb7100-winding-battery-inspection\\\/\",\"name\":\"XB7100-Winding Battery Inspection - InventCAD\",\"isPartOf\":{\"@id\":\"https:\\\/\\\/inventcad.ro\\\/ro\\\/#website\"},\"datePublished\":\"2025-03-18T09:08:59+00:00\",\"dateModified\":\"2025-03-18T11:52:36+00:00\",\"breadcrumb\":{\"@id\":\"https:\\\/\\\/inventcad.ro\\\/ro\\\/produse\\\/distribuitor-seamarkzm-2\\\/battery-x-ray-inspection-machine\\\/x-ray-inspection-machine-for-winding-battery\\\/xb7100-winding-battery-inspection\\\/#breadcrumb\"},\"inLanguage\":\"ro-RO\",\"potentialAction\":[{\"@type\":\"ReadAction\",\"target\":[\"https:\\\/\\\/inventcad.ro\\\/ro\\\/produse\\\/distribuitor-seamarkzm-2\\\/battery-x-ray-inspection-machine\\\/x-ray-inspection-machine-for-winding-battery\\\/xb7100-winding-battery-inspection\\\/\"]}]},{\"@type\":\"BreadcrumbList\",\"@id\":\"https:\\\/\\\/inventcad.ro\\\/ro\\\/produse\\\/distribuitor-seamarkzm-2\\\/battery-x-ray-inspection-machine\\\/x-ray-inspection-machine-for-winding-battery\\\/xb7100-winding-battery-inspection\\\/#breadcrumb\",\"itemListElement\":[{\"@type\":\"ListItem\",\"position\":1,\"name\":\"Home\",\"item\":\"https:\\\/\\\/inventcad.ro\\\/ro\\\/\"},{\"@type\":\"ListItem\",\"position\":2,\"name\":\"Produse\",\"item\":\"https:\\\/\\\/inventcad.ro\\\/ro\\\/produse\\\/\"},{\"@type\":\"ListItem\",\"position\":3,\"name\":\"Distribuitor SeamarkZM\",\"item\":\"https:\\\/\\\/inventcad.ro\\\/ro\\\/produse\\\/distribuitor-seamarkzm-2\\\/\"},{\"@type\":\"ListItem\",\"position\":4,\"name\":\"Battery X-ray Inspection Machine\",\"item\":\"https:\\\/\\\/inventcad.ro\\\/ro\\\/produse\\\/distribuitor-seamarkzm-2\\\/battery-x-ray-inspection-machine\\\/\"},{\"@type\":\"ListItem\",\"position\":5,\"name\":\"X-ray Inspection Machine for Winding Battery\",\"item\":\"https:\\\/\\\/inventcad.ro\\\/ro\\\/produse\\\/distribuitor-seamarkzm-2\\\/battery-x-ray-inspection-machine\\\/x-ray-inspection-machine-for-winding-battery\\\/\"},{\"@type\":\"ListItem\",\"position\":6,\"name\":\"XB7100-Winding Battery Inspection\"}]},{\"@type\":\"WebSite\",\"@id\":\"https:\\\/\\\/inventcad.ro\\\/ro\\\/#website\",\"url\":\"https:\\\/\\\/inventcad.ro\\\/ro\\\/\",\"name\":\"InventCAD\",\"description\":\"Proiectare mecanic\u0103, automatiz\u0103ri industriale\",\"publisher\":{\"@id\":\"https:\\\/\\\/inventcad.ro\\\/ro\\\/#organization\"},\"potentialAction\":[{\"@type\":\"SearchAction\",\"target\":{\"@type\":\"EntryPoint\",\"urlTemplate\":\"https:\\\/\\\/inventcad.ro\\\/ro\\\/?s={search_term_string}\"},\"query-input\":{\"@type\":\"PropertyValueSpecification\",\"valueRequired\":true,\"valueName\":\"search_term_string\"}}],\"inLanguage\":\"ro-RO\"},{\"@type\":\"Organization\",\"@id\":\"https:\\\/\\\/inventcad.ro\\\/ro\\\/#organization\",\"name\":\"InventCAD\",\"url\":\"https:\\\/\\\/inventcad.ro\\\/ro\\\/\",\"logo\":{\"@type\":\"ImageObject\",\"inLanguage\":\"ro-RO\",\"@id\":\"https:\\\/\\\/inventcad.ro\\\/ro\\\/#\\\/schema\\\/logo\\\/image\\\/\",\"url\":\"https:\\\/\\\/inventcad.ro\\\/ro\\\/wp-content\\\/uploads\\\/2020\\\/11\\\/inventcad-logo.png\",\"contentUrl\":\"https:\\\/\\\/inventcad.ro\\\/ro\\\/wp-content\\\/uploads\\\/2020\\\/11\\\/inventcad-logo.png\",\"width\":1653,\"height\":250,\"caption\":\"InventCAD\"},\"image\":{\"@id\":\"https:\\\/\\\/inventcad.ro\\\/ro\\\/#\\\/schema\\\/logo\\\/image\\\/\"},\"sameAs\":[\"https:\\\/\\\/www.facebook.com\\\/inventcad\",\"https:\\\/\\\/www.linkedin.com\\\/company\\\/inventcad\\\/\",\"https:\\\/\\\/www.youtube.com\\\/user\\\/InventCAD\"],\"description\":\"Mechanical design, industrial automation, and engineering services.\",\"email\":\"office@inventcad.ro\",\"legalName\":\"InventCAD SRL\",\"foundingDate\":\"2003-03-10\",\"vatID\":\"RO15368893\",\"numberOfEmployees\":{\"@type\":\"QuantitativeValue\",\"minValue\":\"1\",\"maxValue\":\"10\"}}]}<\/script>\n<!-- \/ Yoast SEO Premium plugin. -->","yoast_head_json":{"title":"XB7100-Winding Battery Inspection - InventCAD","robots":{"index":"index","follow":"follow","max-snippet":"max-snippet:-1","max-image-preview":"max-image-preview:large","max-video-preview":"max-video-preview:-1"},"canonical":"https:\/\/inventcad.ro\/ro\/produse\/distribuitor-seamarkzm-2\/battery-x-ray-inspection-machine\/x-ray-inspection-machine-for-winding-battery\/xb7100-winding-battery-inspection\/","og_locale":"ro_RO","og_type":"article","og_title":"XB7100-Winding Battery Inspection","og_description":"XB7100 ofer\u0103 o inspec\u021bie complet automatizat\u0103 \u00een linie pentru bateriile cu \u00eenf\u0103\u0219urare multistrat. Ea efectueaz\u0103 o examinare am\u0103nun\u021bit\u0103 a elementelor cheie ale bateriilor de \u00eenf\u0103\u0219urare \u0219i de stocare a energiei, inclusiv alinierea pl\u0103cilor cu electrozi pozitivi \u0219i negativi, pliuri de suprafa\u021b\u0103 mare \u0219i \u0219tifturi de tragere, asigur\u00e2nd astfel un control complet al calit\u0103\u021bii. Features of &hellip; Continu\u0103 lectura \u201eXB7100-Winding Battery Inspection\u201d","og_url":"https:\/\/inventcad.ro\/ro\/produse\/distribuitor-seamarkzm-2\/battery-x-ray-inspection-machine\/x-ray-inspection-machine-for-winding-battery\/xb7100-winding-battery-inspection\/","og_site_name":"InventCAD","article_publisher":"https:\/\/www.facebook.com\/inventcad","article_modified_time":"2025-03-18T11:52:36+00:00","twitter_card":"summary_large_image","twitter_misc":{"Timp estimat pentru citire":"2 minute"},"schema":{"@context":"https:\/\/schema.org","@graph":[{"@type":"WebPage","@id":"https:\/\/inventcad.ro\/ro\/produse\/distribuitor-seamarkzm-2\/battery-x-ray-inspection-machine\/x-ray-inspection-machine-for-winding-battery\/xb7100-winding-battery-inspection\/","url":"https:\/\/inventcad.ro\/ro\/produse\/distribuitor-seamarkzm-2\/battery-x-ray-inspection-machine\/x-ray-inspection-machine-for-winding-battery\/xb7100-winding-battery-inspection\/","name":"XB7100-Winding Battery Inspection - InventCAD","isPartOf":{"@id":"https:\/\/inventcad.ro\/ro\/#website"},"datePublished":"2025-03-18T09:08:59+00:00","dateModified":"2025-03-18T11:52:36+00:00","breadcrumb":{"@id":"https:\/\/inventcad.ro\/ro\/produse\/distribuitor-seamarkzm-2\/battery-x-ray-inspection-machine\/x-ray-inspection-machine-for-winding-battery\/xb7100-winding-battery-inspection\/#breadcrumb"},"inLanguage":"ro-RO","potentialAction":[{"@type":"ReadAction","target":["https:\/\/inventcad.ro\/ro\/produse\/distribuitor-seamarkzm-2\/battery-x-ray-inspection-machine\/x-ray-inspection-machine-for-winding-battery\/xb7100-winding-battery-inspection\/"]}]},{"@type":"BreadcrumbList","@id":"https:\/\/inventcad.ro\/ro\/produse\/distribuitor-seamarkzm-2\/battery-x-ray-inspection-machine\/x-ray-inspection-machine-for-winding-battery\/xb7100-winding-battery-inspection\/#breadcrumb","itemListElement":[{"@type":"ListItem","position":1,"name":"Home","item":"https:\/\/inventcad.ro\/ro\/"},{"@type":"ListItem","position":2,"name":"Produse","item":"https:\/\/inventcad.ro\/ro\/produse\/"},{"@type":"ListItem","position":3,"name":"Distribuitor SeamarkZM","item":"https:\/\/inventcad.ro\/ro\/produse\/distribuitor-seamarkzm-2\/"},{"@type":"ListItem","position":4,"name":"Battery X-ray Inspection Machine","item":"https:\/\/inventcad.ro\/ro\/produse\/distribuitor-seamarkzm-2\/battery-x-ray-inspection-machine\/"},{"@type":"ListItem","position":5,"name":"X-ray Inspection Machine for Winding Battery","item":"https:\/\/inventcad.ro\/ro\/produse\/distribuitor-seamarkzm-2\/battery-x-ray-inspection-machine\/x-ray-inspection-machine-for-winding-battery\/"},{"@type":"ListItem","position":6,"name":"XB7100-Winding Battery Inspection"}]},{"@type":"WebSite","@id":"https:\/\/inventcad.ro\/ro\/#website","url":"https:\/\/inventcad.ro\/ro\/","name":"InventCAD","description":"Proiectare mecanic\u0103, automatiz\u0103ri industriale","publisher":{"@id":"https:\/\/inventcad.ro\/ro\/#organization"},"potentialAction":[{"@type":"SearchAction","target":{"@type":"EntryPoint","urlTemplate":"https:\/\/inventcad.ro\/ro\/?s={search_term_string}"},"query-input":{"@type":"PropertyValueSpecification","valueRequired":true,"valueName":"search_term_string"}}],"inLanguage":"ro-RO"},{"@type":"Organization","@id":"https:\/\/inventcad.ro\/ro\/#organization","name":"InventCAD","url":"https:\/\/inventcad.ro\/ro\/","logo":{"@type":"ImageObject","inLanguage":"ro-RO","@id":"https:\/\/inventcad.ro\/ro\/#\/schema\/logo\/image\/","url":"https:\/\/inventcad.ro\/ro\/wp-content\/uploads\/2020\/11\/inventcad-logo.png","contentUrl":"https:\/\/inventcad.ro\/ro\/wp-content\/uploads\/2020\/11\/inventcad-logo.png","width":1653,"height":250,"caption":"InventCAD"},"image":{"@id":"https:\/\/inventcad.ro\/ro\/#\/schema\/logo\/image\/"},"sameAs":["https:\/\/www.facebook.com\/inventcad","https:\/\/www.linkedin.com\/company\/inventcad\/","https:\/\/www.youtube.com\/user\/InventCAD"],"description":"Mechanical design, industrial automation, and engineering services.","email":"office@inventcad.ro","legalName":"InventCAD SRL","foundingDate":"2003-03-10","vatID":"RO15368893","numberOfEmployees":{"@type":"QuantitativeValue","minValue":"1","maxValue":"10"}}]}},"_links":{"self":[{"href":"https:\/\/inventcad.ro\/ro\/wp-json\/wp\/v2\/pages\/2725","targetHints":{"allow":["GET"]}}],"collection":[{"href":"https:\/\/inventcad.ro\/ro\/wp-json\/wp\/v2\/pages"}],"about":[{"href":"https:\/\/inventcad.ro\/ro\/wp-json\/wp\/v2\/types\/page"}],"author":[{"embeddable":true,"href":"https:\/\/inventcad.ro\/ro\/wp-json\/wp\/v2\/users\/1"}],"replies":[{"embeddable":true,"href":"https:\/\/inventcad.ro\/ro\/wp-json\/wp\/v2\/comments?post=2725"}],"version-history":[{"count":5,"href":"https:\/\/inventcad.ro\/ro\/wp-json\/wp\/v2\/pages\/2725\/revisions"}],"predecessor-version":[{"id":2786,"href":"https:\/\/inventcad.ro\/ro\/wp-json\/wp\/v2\/pages\/2725\/revisions\/2786"}],"up":[{"embeddable":true,"href":"https:\/\/inventcad.ro\/ro\/wp-json\/wp\/v2\/pages\/2649"}],"wp:attachment":[{"href":"https:\/\/inventcad.ro\/ro\/wp-json\/wp\/v2\/media?parent=2725"}],"curies":[{"name":"wp","href":"https:\/\/api.w.org\/{rel}","templated":true}]}}