{"id":2724,"date":"2025-03-18T11:20:21","date_gmt":"2025-03-18T09:20:21","guid":{"rendered":"https:\/\/inventcad.ro\/ro\/?page_id=2724"},"modified":"2025-03-18T11:32:38","modified_gmt":"2025-03-18T09:32:38","slug":"xb7300-digital-battery-inspection","status":"publish","type":"page","link":"https:\/\/inventcad.ro\/ro\/produse\/distribuitor-seamarkzm-2\/battery-x-ray-inspection-machine\/x-ray-inspection-machine-for-winding-battery\/xb7300-digital-battery-inspection\/","title":{"rendered":"XB7300-Digital Battery Inspection"},"content":{"rendered":"\n<p>XB7300 ofer\u0103 un proces de inspec\u021bie complet automatizat pentru bateriile cu bobinaj cu mai multe straturi. Analizeaz\u0103 cu meticulozitate componentele esen\u021biale ale bateriilor de \u00eenf\u0103\u0219urare \u0219i de stocare a energiei, cum ar fi alinierea pl\u0103cilor de electrozi pozitive \u0219i negative, pliuri de suprafa\u021b\u0103 mari \u0219i \u0219tifturi de tragere, garant\u00e2nd un control al calit\u0103\u021bii atotcuprinz\u0103tor.<\/p>\n\n\n<div class=\"wp-block-image\">\n<figure class=\"aligncenter size-full\"><img loading=\"lazy\" decoding=\"async\" width=\"580\" height=\"490\" src=\"https:\/\/inventcad.ro\/ro\/wp-content\/uploads\/2025\/03\/XB7300-Digital-Battery-Inspection-1.webp\" alt=\"XB7300 Digital Battery Inspection\" class=\"wp-image-2719\" srcset=\"https:\/\/inventcad.ro\/ro\/wp-content\/uploads\/2025\/03\/XB7300-Digital-Battery-Inspection-1.webp 580w, https:\/\/inventcad.ro\/ro\/wp-content\/uploads\/2025\/03\/XB7300-Digital-Battery-Inspection-1-300x253.webp 300w\" sizes=\"auto, (max-width: 580px) 100vw, 580px\" \/><figcaption class=\"wp-element-caption\">XB7300 Digital Battery Inspection<\/figcaption><\/figure>\n<\/div>\n\n\n<h2 class=\"wp-block-heading\" id=\"h-caracteristicile-xb7300-digital-battery-inspection\">Caracteristicile XB7300-Digital Battery Inspection<\/h2>\n\n\n\n<ul class=\"wp-block-list\">\n<li>Tehnologie cu raze X de top<br>XB7300 utilizeaz\u0103 renumitul tub cu raze X Hamamatsu, un lider global \u00een tehnologia de precizie cu raze X. Acest lucru asigur\u0103 inspec\u021bii precise \u0219i detaliate pentru bateriile de bobinare, garant\u00e2nd performan\u021be de \u00eenalt\u0103 calitate.<\/li>\n\n\n\n<li>Integrare inovatoare a algoritmului<br>Dispun\u00e2nd de software-ul proprietar al algoritmului SeamarkZM, XB7300 \u00eencorporeaz\u0103 algoritmi de ultim\u0103 or\u0103. Ace\u0219ti algoritmi \u00eembun\u0103t\u0103\u021besc capacitatea ma\u0219inii de a analiza detalii complicate din baterii, conduc\u00e2nd la evalu\u0103ri precise \u0219i fiabile ale calit\u0103\u021bii.<\/li>\n\n\n\n<li>Asisten\u021b\u0103 de specialitate<br>SeamarkZM ofer\u0103 asisten\u021b\u0103 clien\u021bi de neegalat cu o echip\u0103 specializat\u0103 de profesioni\u0219ti. Exper\u021bii lor competen\u021bi \u00een cercetare \u0219i dezvoltare (R&amp;D) \u0219i echipa de service post-v\u00e2nzare ofer\u0103 solu\u021bii rapide \u0219i eficiente. Aceast\u0103 dedicare asigur\u0103 o func\u021bionare f\u0103r\u0103 probleme \u0219i fiabilitate pentru companiile care se bazeaz\u0103 pe aparatul de inspec\u021bie digital\u0103 a bateriei XB7300.<\/li>\n<\/ul>\n\n\n\n<h2 class=\"wp-block-heading\" id=\"h-specifica\u021biile-pentru-inspec\u021bia-bateriei-digitale-xb7300\">Specifica\u021biile pentru inspec\u021bia bateriei digitale XB7300<\/h2>\n\n\n\n<figure class=\"wp-block-table\"><table class=\"has-fixed-layout\"><tbody><tr><td>Dimensiunea echipamentului <\/td><td>8500mm x <em>3200mm<\/em> x 2800mm<\/td><\/tr><tr><td>Ritm<\/td><td>\u226530 PPM \u0219i mai mult (2 col\u021buri sau 4 col\u021buri)<\/td><\/tr><tr><td>Rata de excelen\u021b\u0103<\/td><td>\u226599,5%<\/td><\/tr><tr><td>Rata de defectare a echipamentului (DT)<\/td><td>\u22642%<\/td><\/tr><tr><td>Overkill Rate<\/td><td>\u22641%<\/td><\/tr><tr><td>Underkill Rate<\/td><td>\u22640%<\/td><\/tr><tr><td>Precizia testului de tensiune <\/td><td>\u00b1(0,0035\ufe6ardg.+0,0005\ufe6afs)<\/td><\/tr><tr><td>Precizia testului de rezisten\u021b\u0103 intern\u0103<\/td><td>\u00b1(0,5\ufe6ardg.+0,10m\u03a9) Standard de siguran\u021b\u0103 la radia\u021bii: \u22641\u03bcSV\/h<\/td><\/tr><tr><td>Precizia test\u0103rii repetate<\/td><td>\u226440um (m\u0103surare standard a piesei)<\/td><\/tr><tr><td>Con\u021binut de testare <\/td><td>IV, OCV, grosime, dimensiune, pozi\u021bie unghi, supra\u00een\u0103l\u021bare (diferen\u021b\u0103 de polaritate pozitiv\u0103 \u0219i negativ\u0103)<\/td><\/tr><tr><td>Tensiune tub de raze X: <\/td><td>40-90KV\/40-130KV<\/td><\/tr><tr><td>Curent <\/td><td>10 &#8211; 200 uA \/ 10 &#8211; 300 uA<\/td><\/tr><tr><td>Receptor <\/td><td>Detector cu ecran plat<\/td><\/tr><tr><td>M\u0103surarea grosimii <\/td><td>Precizia m\u0103sur\u0103rii \u00b1 0,02 mm<\/td><\/tr><tr><td>Timp de luat <\/td><td>\u2265 0,7 S<\/td><\/tr><tr><td>Material de intrare<\/td><td>Metoda t\u0103vii stivuire, \u00eenc\u0103rcare \u0219i desc\u0103rcare<\/td><\/tr><tr><td>Timpul de schimbare a modelului <\/td><td>Timpul de schimbare a modelului la soiurile vechi este \u22642 ore\/persoan\u0103; timpul de schimbare a modelului noilor soiuri este \u22644 ore\/persoan\u0103.<\/td><\/tr><tr><td>Gama compatibil\u0103 Mini: <\/td><td>Lungime: 40~160mm; Latime: 35~120mm; Grosime: 5~15mm<br>Normal: Lungime: 40~160mm; Latime: 35~120mm; Grosime: 5~15mm (sau personalizat\u0103)<\/td><\/tr><\/tbody><\/table><\/figure>\n","protected":false},"excerpt":{"rendered":"<p>XB7300 ofer\u0103 un proces de inspec\u021bie complet automatizat pentru bateriile cu bobinaj cu mai multe straturi. Analizeaz\u0103 cu meticulozitate componentele esen\u021biale ale bateriilor de \u00eenf\u0103\u0219urare \u0219i de stocare a energiei, cum ar fi alinierea pl\u0103cilor de electrozi pozitive \u0219i negative, pliuri de suprafa\u021b\u0103 mari \u0219i \u0219tifturi de tragere, garant\u00e2nd un control al calit\u0103\u021bii atotcuprinz\u0103tor. Caracteristicile &hellip; <\/p>\n<p class=\"link-more\"><a href=\"https:\/\/inventcad.ro\/ro\/produse\/distribuitor-seamarkzm-2\/battery-x-ray-inspection-machine\/x-ray-inspection-machine-for-winding-battery\/xb7300-digital-battery-inspection\/\" class=\"more-link\">Continu\u0103 lectura<span class=\"screen-reader-text\"> \u201eXB7300-Digital Battery Inspection\u201d<\/span><\/a><\/p>\n","protected":false},"author":1,"featured_media":0,"parent":2649,"menu_order":3,"comment_status":"closed","ping_status":"closed","template":"","meta":{"footnotes":""},"class_list":["post-2724","page","type-page","status-publish","hentry"],"yoast_head":"<!-- This site is optimized with the Yoast SEO Premium plugin v27.3 (Yoast SEO v27.4) - https:\/\/yoast.com\/product\/yoast-seo-premium-wordpress\/ -->\n<title>XB7300-Digital Battery Inspection - InventCAD<\/title>\n<meta name=\"robots\" content=\"index, follow, max-snippet:-1, max-image-preview:large, max-video-preview:-1\" \/>\n<link rel=\"canonical\" href=\"https:\/\/inventcad.ro\/ro\/produse\/distribuitor-seamarkzm-2\/battery-x-ray-inspection-machine\/x-ray-inspection-machine-for-winding-battery\/xb7300-digital-battery-inspection\/\" \/>\n<meta property=\"og:locale\" content=\"ro_RO\" \/>\n<meta property=\"og:type\" content=\"article\" \/>\n<meta property=\"og:title\" content=\"XB7300-Digital Battery Inspection\" \/>\n<meta property=\"og:description\" content=\"XB7300 ofer\u0103 un proces de inspec\u021bie complet automatizat pentru bateriile cu bobinaj cu mai multe straturi. Analizeaz\u0103 cu meticulozitate componentele esen\u021biale ale bateriilor de \u00eenf\u0103\u0219urare \u0219i de stocare a energiei, cum ar fi alinierea pl\u0103cilor de electrozi pozitive \u0219i negative, pliuri de suprafa\u021b\u0103 mari \u0219i \u0219tifturi de tragere, garant\u00e2nd un control al calit\u0103\u021bii atotcuprinz\u0103tor. Caracteristicile &hellip; Continu\u0103 lectura \u201eXB7300-Digital Battery Inspection\u201d\" \/>\n<meta property=\"og:url\" content=\"https:\/\/inventcad.ro\/ro\/produse\/distribuitor-seamarkzm-2\/battery-x-ray-inspection-machine\/x-ray-inspection-machine-for-winding-battery\/xb7300-digital-battery-inspection\/\" \/>\n<meta property=\"og:site_name\" content=\"InventCAD\" \/>\n<meta property=\"article:publisher\" content=\"https:\/\/www.facebook.com\/inventcad\" \/>\n<meta property=\"article:modified_time\" content=\"2025-03-18T09:32:38+00:00\" \/>\n<meta property=\"og:image\" content=\"https:\/\/inventcad.ro\/ro\/wp-content\/uploads\/2025\/03\/XB7300-Digital-Battery-Inspection-1.webp\" \/>\n\t<meta property=\"og:image:width\" content=\"580\" \/>\n\t<meta property=\"og:image:height\" content=\"490\" \/>\n\t<meta property=\"og:image:type\" content=\"image\/webp\" \/>\n<meta name=\"twitter:card\" content=\"summary_large_image\" \/>\n<meta name=\"twitter:label1\" content=\"Timp estimat pentru citire\" \/>\n\t<meta name=\"twitter:data1\" content=\"3 minute\" \/>\n<script type=\"application\/ld+json\" class=\"yoast-schema-graph\">{\"@context\":\"https:\\\/\\\/schema.org\",\"@graph\":[{\"@type\":\"WebPage\",\"@id\":\"https:\\\/\\\/inventcad.ro\\\/ro\\\/produse\\\/distribuitor-seamarkzm-2\\\/battery-x-ray-inspection-machine\\\/x-ray-inspection-machine-for-winding-battery\\\/xb7300-digital-battery-inspection\\\/\",\"url\":\"https:\\\/\\\/inventcad.ro\\\/ro\\\/produse\\\/distribuitor-seamarkzm-2\\\/battery-x-ray-inspection-machine\\\/x-ray-inspection-machine-for-winding-battery\\\/xb7300-digital-battery-inspection\\\/\",\"name\":\"XB7300-Digital Battery Inspection - InventCAD\",\"isPartOf\":{\"@id\":\"https:\\\/\\\/inventcad.ro\\\/ro\\\/#website\"},\"primaryImageOfPage\":{\"@id\":\"https:\\\/\\\/inventcad.ro\\\/ro\\\/produse\\\/distribuitor-seamarkzm-2\\\/battery-x-ray-inspection-machine\\\/x-ray-inspection-machine-for-winding-battery\\\/xb7300-digital-battery-inspection\\\/#primaryimage\"},\"image\":{\"@id\":\"https:\\\/\\\/inventcad.ro\\\/ro\\\/produse\\\/distribuitor-seamarkzm-2\\\/battery-x-ray-inspection-machine\\\/x-ray-inspection-machine-for-winding-battery\\\/xb7300-digital-battery-inspection\\\/#primaryimage\"},\"thumbnailUrl\":\"https:\\\/\\\/inventcad.ro\\\/ro\\\/wp-content\\\/uploads\\\/2025\\\/03\\\/XB7300-Digital-Battery-Inspection-1.webp\",\"datePublished\":\"2025-03-18T09:20:21+00:00\",\"dateModified\":\"2025-03-18T09:32:38+00:00\",\"breadcrumb\":{\"@id\":\"https:\\\/\\\/inventcad.ro\\\/ro\\\/produse\\\/distribuitor-seamarkzm-2\\\/battery-x-ray-inspection-machine\\\/x-ray-inspection-machine-for-winding-battery\\\/xb7300-digital-battery-inspection\\\/#breadcrumb\"},\"inLanguage\":\"ro-RO\",\"potentialAction\":[{\"@type\":\"ReadAction\",\"target\":[\"https:\\\/\\\/inventcad.ro\\\/ro\\\/produse\\\/distribuitor-seamarkzm-2\\\/battery-x-ray-inspection-machine\\\/x-ray-inspection-machine-for-winding-battery\\\/xb7300-digital-battery-inspection\\\/\"]}]},{\"@type\":\"ImageObject\",\"inLanguage\":\"ro-RO\",\"@id\":\"https:\\\/\\\/inventcad.ro\\\/ro\\\/produse\\\/distribuitor-seamarkzm-2\\\/battery-x-ray-inspection-machine\\\/x-ray-inspection-machine-for-winding-battery\\\/xb7300-digital-battery-inspection\\\/#primaryimage\",\"url\":\"https:\\\/\\\/inventcad.ro\\\/ro\\\/wp-content\\\/uploads\\\/2025\\\/03\\\/XB7300-Digital-Battery-Inspection-1.webp\",\"contentUrl\":\"https:\\\/\\\/inventcad.ro\\\/ro\\\/wp-content\\\/uploads\\\/2025\\\/03\\\/XB7300-Digital-Battery-Inspection-1.webp\",\"width\":580,\"height\":490,\"caption\":\"XB7300 Digital Battery Inspection\"},{\"@type\":\"BreadcrumbList\",\"@id\":\"https:\\\/\\\/inventcad.ro\\\/ro\\\/produse\\\/distribuitor-seamarkzm-2\\\/battery-x-ray-inspection-machine\\\/x-ray-inspection-machine-for-winding-battery\\\/xb7300-digital-battery-inspection\\\/#breadcrumb\",\"itemListElement\":[{\"@type\":\"ListItem\",\"position\":1,\"name\":\"Home\",\"item\":\"https:\\\/\\\/inventcad.ro\\\/ro\\\/\"},{\"@type\":\"ListItem\",\"position\":2,\"name\":\"Produse\",\"item\":\"https:\\\/\\\/inventcad.ro\\\/ro\\\/produse\\\/\"},{\"@type\":\"ListItem\",\"position\":3,\"name\":\"Distribuitor SeamarkZM\",\"item\":\"https:\\\/\\\/inventcad.ro\\\/ro\\\/produse\\\/distribuitor-seamarkzm-2\\\/\"},{\"@type\":\"ListItem\",\"position\":4,\"name\":\"Battery X-ray Inspection Machine\",\"item\":\"https:\\\/\\\/inventcad.ro\\\/ro\\\/produse\\\/distribuitor-seamarkzm-2\\\/battery-x-ray-inspection-machine\\\/\"},{\"@type\":\"ListItem\",\"position\":5,\"name\":\"X-ray Inspection Machine for Winding Battery\",\"item\":\"https:\\\/\\\/inventcad.ro\\\/ro\\\/produse\\\/distribuitor-seamarkzm-2\\\/battery-x-ray-inspection-machine\\\/x-ray-inspection-machine-for-winding-battery\\\/\"},{\"@type\":\"ListItem\",\"position\":6,\"name\":\"XB7300-Digital Battery Inspection\"}]},{\"@type\":\"WebSite\",\"@id\":\"https:\\\/\\\/inventcad.ro\\\/ro\\\/#website\",\"url\":\"https:\\\/\\\/inventcad.ro\\\/ro\\\/\",\"name\":\"InventCAD\",\"description\":\"Proiectare mecanic\u0103, automatiz\u0103ri industriale\",\"publisher\":{\"@id\":\"https:\\\/\\\/inventcad.ro\\\/ro\\\/#organization\"},\"potentialAction\":[{\"@type\":\"SearchAction\",\"target\":{\"@type\":\"EntryPoint\",\"urlTemplate\":\"https:\\\/\\\/inventcad.ro\\\/ro\\\/?s={search_term_string}\"},\"query-input\":{\"@type\":\"PropertyValueSpecification\",\"valueRequired\":true,\"valueName\":\"search_term_string\"}}],\"inLanguage\":\"ro-RO\"},{\"@type\":\"Organization\",\"@id\":\"https:\\\/\\\/inventcad.ro\\\/ro\\\/#organization\",\"name\":\"InventCAD\",\"url\":\"https:\\\/\\\/inventcad.ro\\\/ro\\\/\",\"logo\":{\"@type\":\"ImageObject\",\"inLanguage\":\"ro-RO\",\"@id\":\"https:\\\/\\\/inventcad.ro\\\/ro\\\/#\\\/schema\\\/logo\\\/image\\\/\",\"url\":\"https:\\\/\\\/inventcad.ro\\\/ro\\\/wp-content\\\/uploads\\\/2020\\\/11\\\/inventcad-logo.png\",\"contentUrl\":\"https:\\\/\\\/inventcad.ro\\\/ro\\\/wp-content\\\/uploads\\\/2020\\\/11\\\/inventcad-logo.png\",\"width\":1653,\"height\":250,\"caption\":\"InventCAD\"},\"image\":{\"@id\":\"https:\\\/\\\/inventcad.ro\\\/ro\\\/#\\\/schema\\\/logo\\\/image\\\/\"},\"sameAs\":[\"https:\\\/\\\/www.facebook.com\\\/inventcad\",\"https:\\\/\\\/www.linkedin.com\\\/company\\\/inventcad\\\/\",\"https:\\\/\\\/www.youtube.com\\\/user\\\/InventCAD\"],\"description\":\"Mechanical design, industrial automation, and engineering services.\",\"email\":\"office@inventcad.ro\",\"legalName\":\"InventCAD SRL\",\"foundingDate\":\"2003-03-10\",\"vatID\":\"RO15368893\",\"numberOfEmployees\":{\"@type\":\"QuantitativeValue\",\"minValue\":\"1\",\"maxValue\":\"10\"}}]}<\/script>\n<!-- \/ Yoast SEO Premium plugin. -->","yoast_head_json":{"title":"XB7300-Digital Battery Inspection - InventCAD","robots":{"index":"index","follow":"follow","max-snippet":"max-snippet:-1","max-image-preview":"max-image-preview:large","max-video-preview":"max-video-preview:-1"},"canonical":"https:\/\/inventcad.ro\/ro\/produse\/distribuitor-seamarkzm-2\/battery-x-ray-inspection-machine\/x-ray-inspection-machine-for-winding-battery\/xb7300-digital-battery-inspection\/","og_locale":"ro_RO","og_type":"article","og_title":"XB7300-Digital Battery Inspection","og_description":"XB7300 ofer\u0103 un proces de inspec\u021bie complet automatizat pentru bateriile cu bobinaj cu mai multe straturi. Analizeaz\u0103 cu meticulozitate componentele esen\u021biale ale bateriilor de \u00eenf\u0103\u0219urare \u0219i de stocare a energiei, cum ar fi alinierea pl\u0103cilor de electrozi pozitive \u0219i negative, pliuri de suprafa\u021b\u0103 mari \u0219i \u0219tifturi de tragere, garant\u00e2nd un control al calit\u0103\u021bii atotcuprinz\u0103tor. Caracteristicile &hellip; Continu\u0103 lectura \u201eXB7300-Digital Battery Inspection\u201d","og_url":"https:\/\/inventcad.ro\/ro\/produse\/distribuitor-seamarkzm-2\/battery-x-ray-inspection-machine\/x-ray-inspection-machine-for-winding-battery\/xb7300-digital-battery-inspection\/","og_site_name":"InventCAD","article_publisher":"https:\/\/www.facebook.com\/inventcad","article_modified_time":"2025-03-18T09:32:38+00:00","og_image":[{"width":580,"height":490,"url":"https:\/\/inventcad.ro\/ro\/wp-content\/uploads\/2025\/03\/XB7300-Digital-Battery-Inspection-1.webp","type":"image\/webp"}],"twitter_card":"summary_large_image","twitter_misc":{"Timp estimat pentru citire":"3 minute"},"schema":{"@context":"https:\/\/schema.org","@graph":[{"@type":"WebPage","@id":"https:\/\/inventcad.ro\/ro\/produse\/distribuitor-seamarkzm-2\/battery-x-ray-inspection-machine\/x-ray-inspection-machine-for-winding-battery\/xb7300-digital-battery-inspection\/","url":"https:\/\/inventcad.ro\/ro\/produse\/distribuitor-seamarkzm-2\/battery-x-ray-inspection-machine\/x-ray-inspection-machine-for-winding-battery\/xb7300-digital-battery-inspection\/","name":"XB7300-Digital Battery Inspection - InventCAD","isPartOf":{"@id":"https:\/\/inventcad.ro\/ro\/#website"},"primaryImageOfPage":{"@id":"https:\/\/inventcad.ro\/ro\/produse\/distribuitor-seamarkzm-2\/battery-x-ray-inspection-machine\/x-ray-inspection-machine-for-winding-battery\/xb7300-digital-battery-inspection\/#primaryimage"},"image":{"@id":"https:\/\/inventcad.ro\/ro\/produse\/distribuitor-seamarkzm-2\/battery-x-ray-inspection-machine\/x-ray-inspection-machine-for-winding-battery\/xb7300-digital-battery-inspection\/#primaryimage"},"thumbnailUrl":"https:\/\/inventcad.ro\/ro\/wp-content\/uploads\/2025\/03\/XB7300-Digital-Battery-Inspection-1.webp","datePublished":"2025-03-18T09:20:21+00:00","dateModified":"2025-03-18T09:32:38+00:00","breadcrumb":{"@id":"https:\/\/inventcad.ro\/ro\/produse\/distribuitor-seamarkzm-2\/battery-x-ray-inspection-machine\/x-ray-inspection-machine-for-winding-battery\/xb7300-digital-battery-inspection\/#breadcrumb"},"inLanguage":"ro-RO","potentialAction":[{"@type":"ReadAction","target":["https:\/\/inventcad.ro\/ro\/produse\/distribuitor-seamarkzm-2\/battery-x-ray-inspection-machine\/x-ray-inspection-machine-for-winding-battery\/xb7300-digital-battery-inspection\/"]}]},{"@type":"ImageObject","inLanguage":"ro-RO","@id":"https:\/\/inventcad.ro\/ro\/produse\/distribuitor-seamarkzm-2\/battery-x-ray-inspection-machine\/x-ray-inspection-machine-for-winding-battery\/xb7300-digital-battery-inspection\/#primaryimage","url":"https:\/\/inventcad.ro\/ro\/wp-content\/uploads\/2025\/03\/XB7300-Digital-Battery-Inspection-1.webp","contentUrl":"https:\/\/inventcad.ro\/ro\/wp-content\/uploads\/2025\/03\/XB7300-Digital-Battery-Inspection-1.webp","width":580,"height":490,"caption":"XB7300 Digital Battery Inspection"},{"@type":"BreadcrumbList","@id":"https:\/\/inventcad.ro\/ro\/produse\/distribuitor-seamarkzm-2\/battery-x-ray-inspection-machine\/x-ray-inspection-machine-for-winding-battery\/xb7300-digital-battery-inspection\/#breadcrumb","itemListElement":[{"@type":"ListItem","position":1,"name":"Home","item":"https:\/\/inventcad.ro\/ro\/"},{"@type":"ListItem","position":2,"name":"Produse","item":"https:\/\/inventcad.ro\/ro\/produse\/"},{"@type":"ListItem","position":3,"name":"Distribuitor SeamarkZM","item":"https:\/\/inventcad.ro\/ro\/produse\/distribuitor-seamarkzm-2\/"},{"@type":"ListItem","position":4,"name":"Battery X-ray Inspection Machine","item":"https:\/\/inventcad.ro\/ro\/produse\/distribuitor-seamarkzm-2\/battery-x-ray-inspection-machine\/"},{"@type":"ListItem","position":5,"name":"X-ray Inspection Machine for Winding Battery","item":"https:\/\/inventcad.ro\/ro\/produse\/distribuitor-seamarkzm-2\/battery-x-ray-inspection-machine\/x-ray-inspection-machine-for-winding-battery\/"},{"@type":"ListItem","position":6,"name":"XB7300-Digital Battery Inspection"}]},{"@type":"WebSite","@id":"https:\/\/inventcad.ro\/ro\/#website","url":"https:\/\/inventcad.ro\/ro\/","name":"InventCAD","description":"Proiectare mecanic\u0103, automatiz\u0103ri industriale","publisher":{"@id":"https:\/\/inventcad.ro\/ro\/#organization"},"potentialAction":[{"@type":"SearchAction","target":{"@type":"EntryPoint","urlTemplate":"https:\/\/inventcad.ro\/ro\/?s={search_term_string}"},"query-input":{"@type":"PropertyValueSpecification","valueRequired":true,"valueName":"search_term_string"}}],"inLanguage":"ro-RO"},{"@type":"Organization","@id":"https:\/\/inventcad.ro\/ro\/#organization","name":"InventCAD","url":"https:\/\/inventcad.ro\/ro\/","logo":{"@type":"ImageObject","inLanguage":"ro-RO","@id":"https:\/\/inventcad.ro\/ro\/#\/schema\/logo\/image\/","url":"https:\/\/inventcad.ro\/ro\/wp-content\/uploads\/2020\/11\/inventcad-logo.png","contentUrl":"https:\/\/inventcad.ro\/ro\/wp-content\/uploads\/2020\/11\/inventcad-logo.png","width":1653,"height":250,"caption":"InventCAD"},"image":{"@id":"https:\/\/inventcad.ro\/ro\/#\/schema\/logo\/image\/"},"sameAs":["https:\/\/www.facebook.com\/inventcad","https:\/\/www.linkedin.com\/company\/inventcad\/","https:\/\/www.youtube.com\/user\/InventCAD"],"description":"Mechanical design, industrial automation, and engineering services.","email":"office@inventcad.ro","legalName":"InventCAD SRL","foundingDate":"2003-03-10","vatID":"RO15368893","numberOfEmployees":{"@type":"QuantitativeValue","minValue":"1","maxValue":"10"}}]}},"_links":{"self":[{"href":"https:\/\/inventcad.ro\/ro\/wp-json\/wp\/v2\/pages\/2724","targetHints":{"allow":["GET"]}}],"collection":[{"href":"https:\/\/inventcad.ro\/ro\/wp-json\/wp\/v2\/pages"}],"about":[{"href":"https:\/\/inventcad.ro\/ro\/wp-json\/wp\/v2\/types\/page"}],"author":[{"embeddable":true,"href":"https:\/\/inventcad.ro\/ro\/wp-json\/wp\/v2\/users\/1"}],"replies":[{"embeddable":true,"href":"https:\/\/inventcad.ro\/ro\/wp-json\/wp\/v2\/comments?post=2724"}],"version-history":[{"count":7,"href":"https:\/\/inventcad.ro\/ro\/wp-json\/wp\/v2\/pages\/2724\/revisions"}],"predecessor-version":[{"id":2743,"href":"https:\/\/inventcad.ro\/ro\/wp-json\/wp\/v2\/pages\/2724\/revisions\/2743"}],"up":[{"embeddable":true,"href":"https:\/\/inventcad.ro\/ro\/wp-json\/wp\/v2\/pages\/2649"}],"wp:attachment":[{"href":"https:\/\/inventcad.ro\/ro\/wp-json\/wp\/v2\/media?parent=2724"}],"curies":[{"name":"wp","href":"https:\/\/api.w.org\/{rel}","templated":true}]}}