{"id":2723,"date":"2025-03-18T11:35:56","date_gmt":"2025-03-18T09:35:56","guid":{"rendered":"https:\/\/inventcad.ro\/ro\/?page_id=2723"},"modified":"2025-03-18T11:56:02","modified_gmt":"2025-03-18T09:56:02","slug":"xb8100-cylindrical-battery-inspection","status":"publish","type":"page","link":"https:\/\/inventcad.ro\/ro\/produse\/distribuitor-seamarkzm-2\/battery-x-ray-inspection-machine\/x-ray-inspection-machine-for-winding-battery\/xb8100-cylindrical-battery-inspection\/","title":{"rendered":"XB8100-Cylindrical Battery Inspection"},"content":{"rendered":"\n<p>XB8100 este proiectat special pentru bateriile cilindrice cu diametre cuprinse \u00eentre \u03c614mm \u0219i \u03c646mm, r\u0103spunz\u00e2nd unei game largi de nevoi de inspec\u021bie. Utilizeaz\u0103 tehnologia avansat\u0103 de e\u0219antionare a matricei de suprafa\u021b\u0103 sau tehnologia de e\u0219antionare cu scanare \u00een linie TDI, asigur\u00e2nd inspec\u021bii eficiente \u0219i precise pentru bateriile cu mai multe straturi de \u00eenalt\u0103 eficien\u021b\u0103 de diferite diametre. Parametrii de inspec\u021bie includ aspecte precum unghiul de supra\u00een\u0103l\u021bare, valoarea rezisten\u021bei, conductivitate, printre altele, asigur\u00e2nd o evaluare cuprinz\u0103toare a calit\u0103\u021bii.<\/p>\n\n\n\n<figure class=\"wp-block-image size-full\"><img loading=\"lazy\" decoding=\"async\" width=\"580\" height=\"490\" src=\"https:\/\/inventcad.ro\/ro\/wp-content\/uploads\/2025\/03\/XB8100-Cylindrical-Battery-Inspection-2.webp\" alt=\"XB8100-Cylindrical Battery Inspection\" class=\"wp-image-2716\" srcset=\"https:\/\/inventcad.ro\/ro\/wp-content\/uploads\/2025\/03\/XB8100-Cylindrical-Battery-Inspection-2.webp 580w, https:\/\/inventcad.ro\/ro\/wp-content\/uploads\/2025\/03\/XB8100-Cylindrical-Battery-Inspection-2-300x253.webp 300w\" sizes=\"auto, (max-width: 580px) 100vw, 580px\" \/><figcaption class=\"wp-element-caption\">XB8100-Cylindrical Battery Inspection<\/figcaption><\/figure>\n\n\n\n<h2 class=\"wp-block-heading\" id=\"h-caracteristici-ale-inspec\u021biei-bateriei-cilindrice-xb8100\">Caracteristici ale inspec\u021biei bateriei cilindrice XB8100<\/h2>\n\n\n\n<ul class=\"wp-block-list\">\n<li>Tehnologie premium cu raze X<br>XB8100 folose\u0219te tubul cu raze X Hamamatsu, renumit la nivel mondial, renumit pentru precizia sa. Acest lucru asigur\u0103 inspec\u021bii detaliate ale bateriilor de bobinare, garant\u00e2nd performan\u021be de calitate superioar\u0103.<\/li>\n\n\n\n<li>Integrare avansat\u0103 a algoritmului<br>Software-ul de algoritm intern al Seamark \u00eembun\u0103t\u0103\u021be\u0219te capacit\u0103\u021bile XB8100. Ace\u0219ti algoritmi sofistica\u021bi permit aparatului s\u0103 detecteze cu acurate\u021be detalii complicate ale bateriei, ceea ce duce la evalu\u0103ri precise ale calit\u0103\u021bii.<\/li>\n\n\n\n<li>Asisten\u021b\u0103 dedicat\u0103 clien\u021bilor<br>Seamark ofer\u0103 clien\u021bilor asisten\u021b\u0103 de neegalat. Speciali\u0219tii lor califica\u021bi \u00een Cercetare \u0219i Dezvoltare (R&amp;D) \u0219i echipa de servicii post-v\u00e2nzare ofer\u0103 solu\u021bii rapide \u0219i eficiente, asigur\u00e2nd o func\u021bionare bun\u0103 pentru companiile care se bazeaz\u0103 pe XB8100.<\/li>\n<\/ul>\n\n\n\n<h2 class=\"wp-block-heading\" id=\"h-specifica\u021bii-pentru-inspec\u021bia-bateriei-cilindrice-xb8100\">Specifica\u021bii pentru inspec\u021bia bateriei cilindrice XB8100<\/h2>\n\n\n\n<p>Parametrii tubului cu raze X<\/p>\n\n\n\n<figure class=\"wp-block-table\"><table class=\"has-fixed-layout\"><tbody><tr><td>Tip tub de raze<\/td><td>Surs\u0103 de raze cu microfocus sigilat\u0103 reflectorizant<\/td><\/tr><tr><td>Gama de tensiune a tubului<\/td><td>110KV \/ 130KV<\/td><\/tr><tr><td>Gama de curent al tubului<\/td><td>455\u03bcA\/300\u03bcA<\/td><\/tr><tr><td>Putere maxim\u0103 de ie\u0219ire<\/td><td>50W\/39W<\/td><\/tr><tr><td>Dimensiune Micro Focus<\/td><td>5-15\u03bcm<\/td><\/tr><\/tbody><\/table><\/figure>\n\n\n\n<p>Parametrii receptorului<\/p>\n\n\n\n<figure class=\"wp-block-table\"><table class=\"has-fixed-layout\"><tbody><tr><td>Tip <\/td><td>Detector cu ecran plat\/detector line array TDI<\/td><\/tr><tr><td>C\u00e2mp vizual <\/td><td>130mm<em>130mm\/ 205mm<\/em>6mm<\/td><\/tr><tr><td>Rezolu\u021bie\/dimensiune pixel <\/td><td>5.8Lp\/mm 100\u03bcm<\/td><\/tr><tr><td>Cifre de conversie a anun\u021burilor pe <\/td><td>16 bi\u021bi<\/td><\/tr><\/tbody><\/table><\/figure>\n\n\n\n<p>Parametrii de eficien\u021b\u0103<\/p>\n\n\n\n<figure class=\"wp-block-table\"><table class=\"has-fixed-layout\"><tbody><tr><td>Eficien\u021b\u0103 de detectare <\/td><td>\u226590ppm\/ \u2265200ppm<\/td><\/tr><tr><td>Overkill Rate<\/td><td>\u22641,5%<\/td><\/tr><tr><td>Underkill Rate<\/td><td>0,00%<\/td><\/tr><tr><td>Rata de excelen\u021b\u0103 a produsului <\/td><td>\u226599,5%<\/td><\/tr><\/tbody><\/table><\/figure>\n\n\n\n<p>Al\u021bi parametri<\/p>\n\n\n\n<figure class=\"wp-block-table\"><table class=\"has-fixed-layout\"><tbody><tr><td>Standarde interna\u021bionale de siguran\u021b\u0103 \u00eempotriva radia\u021biilor <\/td><td>\u22641usv\/h<\/td><\/tr><tr><td>Sistem de control <\/td><td>Computer industrial Win10 (64 de bi\u021bi)<\/td><\/tr><tr><td>Dimensiunea echipamentului<\/td><td>1300(L)\u00d71660(L)\u00d71900(H)mm<br>5000(L)\u00d71800(L)\u00d71900(H)mm<\/td><\/tr><tr><td>Greutate<\/td><td>2500Kg<br>4000Kg<\/td><\/tr><tr><td>Alimentare electric\u0103<\/td><td>3 faze 380V\/50HZ aproximativ 3000W<br>3 faze 380V\/50HZ aproximativ 4500W<\/td><\/tr><tr><td>Interval de detectare<\/td><td>14450\/18650\/26650\/32700\/4680<br>14450\/18650\/26650\/32700<\/td><\/tr><\/tbody><\/table><\/figure>\n\n\n\n<figure class=\"wp-block-embed is-type-video is-provider-youtube wp-block-embed-youtube wp-embed-aspect-16-9 wp-has-aspect-ratio\"><div class=\"wp-block-embed__wrapper\">\n<iframe loading=\"lazy\"  id=\"_ytid_65657\"  width=\"525\" height=\"295\"  data-origwidth=\"525\" data-origheight=\"295\"  data-relstop=\"1\" src=\"https:\/\/www.youtube.com\/embed\/Vy-Wh7QBgFA?enablejsapi=1&#038;autoplay=0&#038;cc_load_policy=0&#038;cc_lang_pref=&#038;iv_load_policy=1&#038;loop=0&#038;rel=0&#038;fs=1&#038;playsinline=0&#038;autohide=2&#038;theme=dark&#038;color=red&#038;controls=1&#038;disablekb=0&#038;\" class=\"__youtube_prefs__  epyt-is-override  no-lazyload\" data-vol=\"24\"  title=\"YouTube player\"  allow=\"fullscreen; accelerometer; autoplay; clipboard-write; encrypted-media; gyroscope; picture-in-picture; web-share\" referrerpolicy=\"strict-origin-when-cross-origin\" allowfullscreen data-no-lazy=\"1\" data-skipgform_ajax_framebjll=\"\"><\/iframe>\n<\/div><\/figure>\n\n\n\n<p><\/p>\n","protected":false},"excerpt":{"rendered":"<p>XB8100 este proiectat special pentru bateriile cilindrice cu diametre cuprinse \u00eentre \u03c614mm \u0219i \u03c646mm, r\u0103spunz\u00e2nd unei game largi de nevoi de inspec\u021bie. Utilizeaz\u0103 tehnologia avansat\u0103 de e\u0219antionare a matricei de suprafa\u021b\u0103 sau tehnologia de e\u0219antionare cu scanare \u00een linie TDI, asigur\u00e2nd inspec\u021bii eficiente \u0219i precise pentru bateriile cu mai multe straturi de \u00eenalt\u0103 eficien\u021b\u0103 de &hellip; <\/p>\n<p class=\"link-more\"><a href=\"https:\/\/inventcad.ro\/ro\/produse\/distribuitor-seamarkzm-2\/battery-x-ray-inspection-machine\/x-ray-inspection-machine-for-winding-battery\/xb8100-cylindrical-battery-inspection\/\" class=\"more-link\">Continu\u0103 lectura<span class=\"screen-reader-text\"> \u201eXB8100-Cylindrical Battery Inspection\u201d<\/span><\/a><\/p>\n","protected":false},"author":1,"featured_media":0,"parent":2649,"menu_order":3,"comment_status":"closed","ping_status":"closed","template":"","meta":{"footnotes":""},"class_list":["post-2723","page","type-page","status-publish","hentry"],"yoast_head":"<!-- This site is optimized with the Yoast SEO Premium plugin v27.3 (Yoast SEO v27.4) - https:\/\/yoast.com\/product\/yoast-seo-premium-wordpress\/ -->\n<title>XB8100-Cylindrical Battery Inspection - InventCAD<\/title>\n<meta name=\"robots\" content=\"index, follow, max-snippet:-1, max-image-preview:large, max-video-preview:-1\" \/>\n<link rel=\"canonical\" href=\"https:\/\/inventcad.ro\/ro\/produse\/distribuitor-seamarkzm-2\/battery-x-ray-inspection-machine\/x-ray-inspection-machine-for-winding-battery\/xb8100-cylindrical-battery-inspection\/\" \/>\n<meta property=\"og:locale\" content=\"ro_RO\" \/>\n<meta property=\"og:type\" content=\"article\" \/>\n<meta property=\"og:title\" content=\"XB8100-Cylindrical Battery Inspection\" \/>\n<meta property=\"og:description\" content=\"XB8100 este proiectat special pentru bateriile cilindrice cu diametre cuprinse \u00eentre \u03c614mm \u0219i \u03c646mm, r\u0103spunz\u00e2nd unei game largi de nevoi de inspec\u021bie. Utilizeaz\u0103 tehnologia avansat\u0103 de e\u0219antionare a matricei de suprafa\u021b\u0103 sau tehnologia de e\u0219antionare cu scanare \u00een linie TDI, asigur\u00e2nd inspec\u021bii eficiente \u0219i precise pentru bateriile cu mai multe straturi de \u00eenalt\u0103 eficien\u021b\u0103 de &hellip; Continu\u0103 lectura \u201eXB8100-Cylindrical Battery Inspection\u201d\" \/>\n<meta property=\"og:url\" content=\"https:\/\/inventcad.ro\/ro\/produse\/distribuitor-seamarkzm-2\/battery-x-ray-inspection-machine\/x-ray-inspection-machine-for-winding-battery\/xb8100-cylindrical-battery-inspection\/\" \/>\n<meta property=\"og:site_name\" content=\"InventCAD\" \/>\n<meta property=\"article:publisher\" content=\"https:\/\/www.facebook.com\/inventcad\" \/>\n<meta property=\"article:modified_time\" content=\"2025-03-18T09:56:02+00:00\" \/>\n<meta property=\"og:image\" content=\"https:\/\/inventcad.ro\/ro\/wp-content\/uploads\/2025\/03\/XB8100-Cylindrical-Battery-Inspection-2.webp\" \/>\n\t<meta property=\"og:image:width\" content=\"580\" \/>\n\t<meta property=\"og:image:height\" content=\"490\" \/>\n\t<meta property=\"og:image:type\" content=\"image\/webp\" \/>\n<meta name=\"twitter:card\" content=\"summary_large_image\" \/>\n<meta name=\"twitter:label1\" content=\"Timp estimat pentru citire\" \/>\n\t<meta name=\"twitter:data1\" content=\"2 minute\" \/>\n<script type=\"application\/ld+json\" class=\"yoast-schema-graph\">{\"@context\":\"https:\\\/\\\/schema.org\",\"@graph\":[{\"@type\":\"WebPage\",\"@id\":\"https:\\\/\\\/inventcad.ro\\\/ro\\\/produse\\\/distribuitor-seamarkzm-2\\\/battery-x-ray-inspection-machine\\\/x-ray-inspection-machine-for-winding-battery\\\/xb8100-cylindrical-battery-inspection\\\/\",\"url\":\"https:\\\/\\\/inventcad.ro\\\/ro\\\/produse\\\/distribuitor-seamarkzm-2\\\/battery-x-ray-inspection-machine\\\/x-ray-inspection-machine-for-winding-battery\\\/xb8100-cylindrical-battery-inspection\\\/\",\"name\":\"XB8100-Cylindrical Battery Inspection - InventCAD\",\"isPartOf\":{\"@id\":\"https:\\\/\\\/inventcad.ro\\\/ro\\\/#website\"},\"primaryImageOfPage\":{\"@id\":\"https:\\\/\\\/inventcad.ro\\\/ro\\\/produse\\\/distribuitor-seamarkzm-2\\\/battery-x-ray-inspection-machine\\\/x-ray-inspection-machine-for-winding-battery\\\/xb8100-cylindrical-battery-inspection\\\/#primaryimage\"},\"image\":{\"@id\":\"https:\\\/\\\/inventcad.ro\\\/ro\\\/produse\\\/distribuitor-seamarkzm-2\\\/battery-x-ray-inspection-machine\\\/x-ray-inspection-machine-for-winding-battery\\\/xb8100-cylindrical-battery-inspection\\\/#primaryimage\"},\"thumbnailUrl\":\"https:\\\/\\\/inventcad.ro\\\/ro\\\/wp-content\\\/uploads\\\/2025\\\/03\\\/XB8100-Cylindrical-Battery-Inspection-2.webp\",\"datePublished\":\"2025-03-18T09:35:56+00:00\",\"dateModified\":\"2025-03-18T09:56:02+00:00\",\"breadcrumb\":{\"@id\":\"https:\\\/\\\/inventcad.ro\\\/ro\\\/produse\\\/distribuitor-seamarkzm-2\\\/battery-x-ray-inspection-machine\\\/x-ray-inspection-machine-for-winding-battery\\\/xb8100-cylindrical-battery-inspection\\\/#breadcrumb\"},\"inLanguage\":\"ro-RO\",\"potentialAction\":[{\"@type\":\"ReadAction\",\"target\":[\"https:\\\/\\\/inventcad.ro\\\/ro\\\/produse\\\/distribuitor-seamarkzm-2\\\/battery-x-ray-inspection-machine\\\/x-ray-inspection-machine-for-winding-battery\\\/xb8100-cylindrical-battery-inspection\\\/\"]}]},{\"@type\":\"ImageObject\",\"inLanguage\":\"ro-RO\",\"@id\":\"https:\\\/\\\/inventcad.ro\\\/ro\\\/produse\\\/distribuitor-seamarkzm-2\\\/battery-x-ray-inspection-machine\\\/x-ray-inspection-machine-for-winding-battery\\\/xb8100-cylindrical-battery-inspection\\\/#primaryimage\",\"url\":\"https:\\\/\\\/inventcad.ro\\\/ro\\\/wp-content\\\/uploads\\\/2025\\\/03\\\/XB8100-Cylindrical-Battery-Inspection-2.webp\",\"contentUrl\":\"https:\\\/\\\/inventcad.ro\\\/ro\\\/wp-content\\\/uploads\\\/2025\\\/03\\\/XB8100-Cylindrical-Battery-Inspection-2.webp\",\"width\":580,\"height\":490,\"caption\":\"XB8100-Cylindrical Battery Inspection\"},{\"@type\":\"BreadcrumbList\",\"@id\":\"https:\\\/\\\/inventcad.ro\\\/ro\\\/produse\\\/distribuitor-seamarkzm-2\\\/battery-x-ray-inspection-machine\\\/x-ray-inspection-machine-for-winding-battery\\\/xb8100-cylindrical-battery-inspection\\\/#breadcrumb\",\"itemListElement\":[{\"@type\":\"ListItem\",\"position\":1,\"name\":\"Home\",\"item\":\"https:\\\/\\\/inventcad.ro\\\/ro\\\/\"},{\"@type\":\"ListItem\",\"position\":2,\"name\":\"Produse\",\"item\":\"https:\\\/\\\/inventcad.ro\\\/ro\\\/produse\\\/\"},{\"@type\":\"ListItem\",\"position\":3,\"name\":\"Distribuitor SeamarkZM\",\"item\":\"https:\\\/\\\/inventcad.ro\\\/ro\\\/produse\\\/distribuitor-seamarkzm-2\\\/\"},{\"@type\":\"ListItem\",\"position\":4,\"name\":\"Battery X-ray Inspection Machine\",\"item\":\"https:\\\/\\\/inventcad.ro\\\/ro\\\/produse\\\/distribuitor-seamarkzm-2\\\/battery-x-ray-inspection-machine\\\/\"},{\"@type\":\"ListItem\",\"position\":5,\"name\":\"X-ray Inspection Machine for Winding Battery\",\"item\":\"https:\\\/\\\/inventcad.ro\\\/ro\\\/produse\\\/distribuitor-seamarkzm-2\\\/battery-x-ray-inspection-machine\\\/x-ray-inspection-machine-for-winding-battery\\\/\"},{\"@type\":\"ListItem\",\"position\":6,\"name\":\"XB8100-Cylindrical Battery Inspection\"}]},{\"@type\":\"WebSite\",\"@id\":\"https:\\\/\\\/inventcad.ro\\\/ro\\\/#website\",\"url\":\"https:\\\/\\\/inventcad.ro\\\/ro\\\/\",\"name\":\"InventCAD\",\"description\":\"Proiectare mecanic\u0103, automatiz\u0103ri industriale\",\"publisher\":{\"@id\":\"https:\\\/\\\/inventcad.ro\\\/ro\\\/#organization\"},\"potentialAction\":[{\"@type\":\"SearchAction\",\"target\":{\"@type\":\"EntryPoint\",\"urlTemplate\":\"https:\\\/\\\/inventcad.ro\\\/ro\\\/?s={search_term_string}\"},\"query-input\":{\"@type\":\"PropertyValueSpecification\",\"valueRequired\":true,\"valueName\":\"search_term_string\"}}],\"inLanguage\":\"ro-RO\"},{\"@type\":\"Organization\",\"@id\":\"https:\\\/\\\/inventcad.ro\\\/ro\\\/#organization\",\"name\":\"InventCAD\",\"url\":\"https:\\\/\\\/inventcad.ro\\\/ro\\\/\",\"logo\":{\"@type\":\"ImageObject\",\"inLanguage\":\"ro-RO\",\"@id\":\"https:\\\/\\\/inventcad.ro\\\/ro\\\/#\\\/schema\\\/logo\\\/image\\\/\",\"url\":\"https:\\\/\\\/inventcad.ro\\\/ro\\\/wp-content\\\/uploads\\\/2020\\\/11\\\/inventcad-logo.png\",\"contentUrl\":\"https:\\\/\\\/inventcad.ro\\\/ro\\\/wp-content\\\/uploads\\\/2020\\\/11\\\/inventcad-logo.png\",\"width\":1653,\"height\":250,\"caption\":\"InventCAD\"},\"image\":{\"@id\":\"https:\\\/\\\/inventcad.ro\\\/ro\\\/#\\\/schema\\\/logo\\\/image\\\/\"},\"sameAs\":[\"https:\\\/\\\/www.facebook.com\\\/inventcad\",\"https:\\\/\\\/www.linkedin.com\\\/company\\\/inventcad\\\/\",\"https:\\\/\\\/www.youtube.com\\\/user\\\/InventCAD\"],\"description\":\"Mechanical design, industrial automation, and engineering services.\",\"email\":\"office@inventcad.ro\",\"legalName\":\"InventCAD SRL\",\"foundingDate\":\"2003-03-10\",\"vatID\":\"RO15368893\",\"numberOfEmployees\":{\"@type\":\"QuantitativeValue\",\"minValue\":\"1\",\"maxValue\":\"10\"}}]}<\/script>\n<!-- \/ Yoast SEO Premium plugin. -->","yoast_head_json":{"title":"XB8100-Cylindrical Battery Inspection - InventCAD","robots":{"index":"index","follow":"follow","max-snippet":"max-snippet:-1","max-image-preview":"max-image-preview:large","max-video-preview":"max-video-preview:-1"},"canonical":"https:\/\/inventcad.ro\/ro\/produse\/distribuitor-seamarkzm-2\/battery-x-ray-inspection-machine\/x-ray-inspection-machine-for-winding-battery\/xb8100-cylindrical-battery-inspection\/","og_locale":"ro_RO","og_type":"article","og_title":"XB8100-Cylindrical Battery Inspection","og_description":"XB8100 este proiectat special pentru bateriile cilindrice cu diametre cuprinse \u00eentre \u03c614mm \u0219i \u03c646mm, r\u0103spunz\u00e2nd unei game largi de nevoi de inspec\u021bie. Utilizeaz\u0103 tehnologia avansat\u0103 de e\u0219antionare a matricei de suprafa\u021b\u0103 sau tehnologia de e\u0219antionare cu scanare \u00een linie TDI, asigur\u00e2nd inspec\u021bii eficiente \u0219i precise pentru bateriile cu mai multe straturi de \u00eenalt\u0103 eficien\u021b\u0103 de &hellip; Continu\u0103 lectura \u201eXB8100-Cylindrical Battery Inspection\u201d","og_url":"https:\/\/inventcad.ro\/ro\/produse\/distribuitor-seamarkzm-2\/battery-x-ray-inspection-machine\/x-ray-inspection-machine-for-winding-battery\/xb8100-cylindrical-battery-inspection\/","og_site_name":"InventCAD","article_publisher":"https:\/\/www.facebook.com\/inventcad","article_modified_time":"2025-03-18T09:56:02+00:00","og_image":[{"width":580,"height":490,"url":"https:\/\/inventcad.ro\/ro\/wp-content\/uploads\/2025\/03\/XB8100-Cylindrical-Battery-Inspection-2.webp","type":"image\/webp"}],"twitter_card":"summary_large_image","twitter_misc":{"Timp estimat pentru citire":"2 minute"},"schema":{"@context":"https:\/\/schema.org","@graph":[{"@type":"WebPage","@id":"https:\/\/inventcad.ro\/ro\/produse\/distribuitor-seamarkzm-2\/battery-x-ray-inspection-machine\/x-ray-inspection-machine-for-winding-battery\/xb8100-cylindrical-battery-inspection\/","url":"https:\/\/inventcad.ro\/ro\/produse\/distribuitor-seamarkzm-2\/battery-x-ray-inspection-machine\/x-ray-inspection-machine-for-winding-battery\/xb8100-cylindrical-battery-inspection\/","name":"XB8100-Cylindrical Battery Inspection - InventCAD","isPartOf":{"@id":"https:\/\/inventcad.ro\/ro\/#website"},"primaryImageOfPage":{"@id":"https:\/\/inventcad.ro\/ro\/produse\/distribuitor-seamarkzm-2\/battery-x-ray-inspection-machine\/x-ray-inspection-machine-for-winding-battery\/xb8100-cylindrical-battery-inspection\/#primaryimage"},"image":{"@id":"https:\/\/inventcad.ro\/ro\/produse\/distribuitor-seamarkzm-2\/battery-x-ray-inspection-machine\/x-ray-inspection-machine-for-winding-battery\/xb8100-cylindrical-battery-inspection\/#primaryimage"},"thumbnailUrl":"https:\/\/inventcad.ro\/ro\/wp-content\/uploads\/2025\/03\/XB8100-Cylindrical-Battery-Inspection-2.webp","datePublished":"2025-03-18T09:35:56+00:00","dateModified":"2025-03-18T09:56:02+00:00","breadcrumb":{"@id":"https:\/\/inventcad.ro\/ro\/produse\/distribuitor-seamarkzm-2\/battery-x-ray-inspection-machine\/x-ray-inspection-machine-for-winding-battery\/xb8100-cylindrical-battery-inspection\/#breadcrumb"},"inLanguage":"ro-RO","potentialAction":[{"@type":"ReadAction","target":["https:\/\/inventcad.ro\/ro\/produse\/distribuitor-seamarkzm-2\/battery-x-ray-inspection-machine\/x-ray-inspection-machine-for-winding-battery\/xb8100-cylindrical-battery-inspection\/"]}]},{"@type":"ImageObject","inLanguage":"ro-RO","@id":"https:\/\/inventcad.ro\/ro\/produse\/distribuitor-seamarkzm-2\/battery-x-ray-inspection-machine\/x-ray-inspection-machine-for-winding-battery\/xb8100-cylindrical-battery-inspection\/#primaryimage","url":"https:\/\/inventcad.ro\/ro\/wp-content\/uploads\/2025\/03\/XB8100-Cylindrical-Battery-Inspection-2.webp","contentUrl":"https:\/\/inventcad.ro\/ro\/wp-content\/uploads\/2025\/03\/XB8100-Cylindrical-Battery-Inspection-2.webp","width":580,"height":490,"caption":"XB8100-Cylindrical Battery Inspection"},{"@type":"BreadcrumbList","@id":"https:\/\/inventcad.ro\/ro\/produse\/distribuitor-seamarkzm-2\/battery-x-ray-inspection-machine\/x-ray-inspection-machine-for-winding-battery\/xb8100-cylindrical-battery-inspection\/#breadcrumb","itemListElement":[{"@type":"ListItem","position":1,"name":"Home","item":"https:\/\/inventcad.ro\/ro\/"},{"@type":"ListItem","position":2,"name":"Produse","item":"https:\/\/inventcad.ro\/ro\/produse\/"},{"@type":"ListItem","position":3,"name":"Distribuitor SeamarkZM","item":"https:\/\/inventcad.ro\/ro\/produse\/distribuitor-seamarkzm-2\/"},{"@type":"ListItem","position":4,"name":"Battery X-ray Inspection Machine","item":"https:\/\/inventcad.ro\/ro\/produse\/distribuitor-seamarkzm-2\/battery-x-ray-inspection-machine\/"},{"@type":"ListItem","position":5,"name":"X-ray Inspection Machine for Winding Battery","item":"https:\/\/inventcad.ro\/ro\/produse\/distribuitor-seamarkzm-2\/battery-x-ray-inspection-machine\/x-ray-inspection-machine-for-winding-battery\/"},{"@type":"ListItem","position":6,"name":"XB8100-Cylindrical Battery Inspection"}]},{"@type":"WebSite","@id":"https:\/\/inventcad.ro\/ro\/#website","url":"https:\/\/inventcad.ro\/ro\/","name":"InventCAD","description":"Proiectare mecanic\u0103, automatiz\u0103ri industriale","publisher":{"@id":"https:\/\/inventcad.ro\/ro\/#organization"},"potentialAction":[{"@type":"SearchAction","target":{"@type":"EntryPoint","urlTemplate":"https:\/\/inventcad.ro\/ro\/?s={search_term_string}"},"query-input":{"@type":"PropertyValueSpecification","valueRequired":true,"valueName":"search_term_string"}}],"inLanguage":"ro-RO"},{"@type":"Organization","@id":"https:\/\/inventcad.ro\/ro\/#organization","name":"InventCAD","url":"https:\/\/inventcad.ro\/ro\/","logo":{"@type":"ImageObject","inLanguage":"ro-RO","@id":"https:\/\/inventcad.ro\/ro\/#\/schema\/logo\/image\/","url":"https:\/\/inventcad.ro\/ro\/wp-content\/uploads\/2020\/11\/inventcad-logo.png","contentUrl":"https:\/\/inventcad.ro\/ro\/wp-content\/uploads\/2020\/11\/inventcad-logo.png","width":1653,"height":250,"caption":"InventCAD"},"image":{"@id":"https:\/\/inventcad.ro\/ro\/#\/schema\/logo\/image\/"},"sameAs":["https:\/\/www.facebook.com\/inventcad","https:\/\/www.linkedin.com\/company\/inventcad\/","https:\/\/www.youtube.com\/user\/InventCAD"],"description":"Mechanical design, industrial automation, and engineering services.","email":"office@inventcad.ro","legalName":"InventCAD SRL","foundingDate":"2003-03-10","vatID":"RO15368893","numberOfEmployees":{"@type":"QuantitativeValue","minValue":"1","maxValue":"10"}}]}},"_links":{"self":[{"href":"https:\/\/inventcad.ro\/ro\/wp-json\/wp\/v2\/pages\/2723","targetHints":{"allow":["GET"]}}],"collection":[{"href":"https:\/\/inventcad.ro\/ro\/wp-json\/wp\/v2\/pages"}],"about":[{"href":"https:\/\/inventcad.ro\/ro\/wp-json\/wp\/v2\/types\/page"}],"author":[{"embeddable":true,"href":"https:\/\/inventcad.ro\/ro\/wp-json\/wp\/v2\/users\/1"}],"replies":[{"embeddable":true,"href":"https:\/\/inventcad.ro\/ro\/wp-json\/wp\/v2\/comments?post=2723"}],"version-history":[{"count":9,"href":"https:\/\/inventcad.ro\/ro\/wp-json\/wp\/v2\/pages\/2723\/revisions"}],"predecessor-version":[{"id":2757,"href":"https:\/\/inventcad.ro\/ro\/wp-json\/wp\/v2\/pages\/2723\/revisions\/2757"}],"up":[{"embeddable":true,"href":"https:\/\/inventcad.ro\/ro\/wp-json\/wp\/v2\/pages\/2649"}],"wp:attachment":[{"href":"https:\/\/inventcad.ro\/ro\/wp-json\/wp\/v2\/media?parent=2723"}],"curies":[{"name":"wp","href":"https:\/\/api.w.org\/{rel}","templated":true}]}}