{"id":2645,"date":"2025-03-17T22:24:38","date_gmt":"2025-03-17T20:24:38","guid":{"rendered":"https:\/\/inventcad.ro\/ro\/?page_id=2645"},"modified":"2025-03-17T22:29:18","modified_gmt":"2025-03-17T20:29:18","slug":"industrial-microfocus-x-ray-3d-ct-machine","status":"publish","type":"page","link":"https:\/\/inventcad.ro\/ro\/produse\/distribuitor-seamarkzm-2\/microfocus-x-ray-inspection-machine\/industrial-microfocus-x-ray-3d-ct-machine\/","title":{"rendered":"Industrial Microfocus X-Ray 3D\/CT Machine"},"content":{"rendered":"\n<p>Sistemul industrial universal de inspec\u021bie cu raze X XCT8500 const\u0103 dintr-o surs\u0103 de raze X, detector, sistem de scanare, reconstruc\u021bie a imaginii \u0219i sistem de analiz\u0103. Poate realiza metode de inspec\u021bie precum 2D\/3D\/CT \u0219i este potrivit pentru inspec\u021bia calit\u0103\u021bii, m\u0103surarea 3D \u0219i analiza nedistructiv\u0103. Caracterizarea caracteristicilor la scar\u0103 micro ale structurii interne a probei, combinate cu software-ul de analiz\u0103 calitativ\u0103 \u0219i cantitativ\u0103 pentru a realiza m\u0103surarea \u0219i analiza multi-unghi a probei, precum \u0219i determinarea automat\u0103 a condi\u021biilor OK\/NG \u0219i pentru a furniza date eficiente pentru inspec\u021bia calit\u0103\u021bii produsului.<\/p>\n\n\n\n<p>Poate fi folosit pentru inspec\u021bia calit\u0103\u021bii lipirii componentelor electronice, a componentelor BGA, a circuitului integrat (IC) \u0219i a liniei sale de leg\u0103tur\u0103, inspec\u021bia ambalajului semiconductorului \u0219i conexiunea intern\u0103, inspec\u021bia modulului de putere electronic\u0103 (IGBT) \u0219i inspec\u021bia defectelor de wafer (WLCSP).<\/p>\n\n\n<div class=\"wp-block-image\">\n<figure class=\"aligncenter size-full\"><img loading=\"lazy\" decoding=\"async\" width=\"510\" height=\"420\" src=\"https:\/\/inventcad.ro\/ro\/wp-content\/uploads\/2025\/03\/xct8500-universal-industrial-x-ray-inspection-system-2.webp\" alt=\"Universal Industrial X Ray Inspection System\" class=\"wp-image-2675\" srcset=\"https:\/\/inventcad.ro\/ro\/wp-content\/uploads\/2025\/03\/xct8500-universal-industrial-x-ray-inspection-system-2.webp 510w, https:\/\/inventcad.ro\/ro\/wp-content\/uploads\/2025\/03\/xct8500-universal-industrial-x-ray-inspection-system-2-300x247.webp 300w\" sizes=\"auto, (max-width: 510px) 100vw, 510px\" \/><figcaption class=\"wp-element-caption\">Universal Industrial X Ray Inspection System<\/figcaption><\/figure>\n<\/div>\n\n\n<h2 class=\"wp-block-heading\" id=\"h-avantajele-sistemului-universal-de-inspec\u021bie-cu-raze-x-xct8500\">Avantajele sistemului universal de inspec\u021bie cu raze X XCT8500<\/h2>\n\n\n\n<ul class=\"wp-block-list\">\n<li>Cu func\u021bia CT plan\u0103 (PCT), aceasta poate fi aplicat\u0103 la inspec\u021bia 3D\/CT a pl\u0103cilor de circuite imprimate, SMT, IGBT, wafer-uri etc.<\/li>\n\n\n\n<li>Cu func\u021bia CT cu fascicul conic, poate fi aplicat la inspec\u021bia senzorilor, releelor, micromotoarelor, materialelor \u0219i pieselor turnate din aluminiu.<\/li>\n\n\n\n<li>Mod convenabil de observare cu punct fix de 360\u00b0.<\/li>\n\n\n\n<li>Modul software de inspec\u021bie a golurilor 2D (op\u021bional)<\/li>\n\n\n\n<li>Modul software de m\u0103surare \u0219i analiz\u0103 3D (op\u021bional)<\/li>\n<\/ul>\n\n\n\n<h2 class=\"wp-block-heading\" id=\"h-aplica\u021bii\">Aplica\u021bii<\/h2>\n\n\n\n<p>XCT8500 adopt\u0103 sursa de raze X cu transmisie deschis\u0103 cu microfocus, capacitatea de inspec\u021bie poate ajunge la 0,5\u03bcm. Poate realiza 2D\/3D\/CT \u0219i alte metode de inspec\u021bie \u0219i este potrivit pentru inspec\u021bia calit\u0103\u021bii, m\u0103surarea tridimensional\u0103 \u0219i analiza nedistructiv\u0103.<\/p>\n\n\n\n<figure class=\"wp-block-image size-full\"><img loading=\"lazy\" decoding=\"async\" width=\"930\" height=\"340\" src=\"https:\/\/inventcad.ro\/ro\/wp-content\/uploads\/2025\/03\/Application_Cases1.jpg\" alt=\"Application Cases\" class=\"wp-image-2677\" srcset=\"https:\/\/inventcad.ro\/ro\/wp-content\/uploads\/2025\/03\/Application_Cases1.jpg 930w, https:\/\/inventcad.ro\/ro\/wp-content\/uploads\/2025\/03\/Application_Cases1-300x110.jpg 300w, https:\/\/inventcad.ro\/ro\/wp-content\/uploads\/2025\/03\/Application_Cases1-768x281.jpg 768w\" sizes=\"auto, (max-width: 767px) 89vw, (max-width: 1000px) 54vw, (max-width: 1071px) 543px, 580px\" \/><figcaption class=\"wp-element-caption\">Application Cases<\/figcaption><\/figure>\n\n\n\n<h2 class=\"wp-block-heading\" id=\"h-specifica\u021biile-xct8500-universal-industrial-x-ray-inspection-system\">Specifica\u021biile XCT8500 Universal Industrial X-ray Inspection System<\/h2>\n\n\n\n<p>1. Parametrii tubului cu raze X<\/p>\n\n\n\n<div class=\"wp-block-group\"><div class=\"wp-block-group__inner-container is-layout-constrained wp-block-group-is-layout-constrained\">\n<div class=\"wp-block-group\"><div class=\"wp-block-group__inner-container is-layout-constrained wp-block-group-is-layout-constrained\">\n<figure class=\"wp-block-table\"><table><tbody><tr><td>Tip de tub<\/td><td>Surs\u0103 de raze X de transmisie cu microfocalizare deschis\u0103<\/td><\/tr><tr><td>Gama de tensiune a tubului<\/td><td>20 ~ 160KV<\/td><\/tr><tr><td>Gama de curent al tubului<\/td><td>0,01 mA ~ 1,0 mA<\/td><\/tr><tr><td>Putere maxim\u0103 a tubului<\/td><td>64W<\/td><\/tr><tr><td>Puterea maxim\u0103 \u021bint\u0103<\/td><td>15W<\/td><\/tr><tr><td>Distan\u021ba minim\u0103 a obiectelor (FOD)<\/td><td>&lt; 300 \u03bcm<\/td><\/tr><tr><td>Dimensiune Micro Focus<\/td><td>&lt; 1 \u03bcm<\/td><\/tr><tr><td>Capacitate minim\u0103 de inspec\u021bie a defectelor<\/td><td>&lt; 500 \u03bcm<\/td><\/tr><\/tbody><\/table><\/figure>\n<\/div><\/div>\n<\/div><\/div>\n\n\n\n<p>2. Parametrii detectorului cu ecran plat<\/p>\n\n\n\n<figure class=\"wp-block-table\"><table><tbody><tr><td>Tip panou plat<\/td><td>Detector cu ecran plat cu siliciu amorf (op\u021bional)<\/td><\/tr><tr><td>Matricea de pixeli<\/td><td>1536\u00d71536<\/td><\/tr><tr><td>C\u00e2mp de vedere<\/td><td>154mm\u00d7154mm<\/td><\/tr><tr><td>Rezolu\u0163ie<\/td><td>5,0 lp\/mm<\/td><\/tr><tr><td>Rata de cadre a imaginii (1\u00d71)<\/td><td>30 fps<\/td><\/tr><tr><td>Cifre de conversie AD<\/td><td>16 bi\u021bi<\/td><\/tr><\/tbody><\/table><\/figure>\n\n\n\n<p>3. Parametri 3D\/CT (Func\u021bie op\u021bional\u0103)<\/p>\n\n\n\n<figure class=\"wp-block-table\"><table><tbody><tr><td>Ciclul de scanare CT<\/td><td>20 s<\/td><\/tr><tr><td>Timp de reconstruc\u021bie CT<\/td><td> 30 s<\/td><\/tr><\/tbody><\/table><\/figure>\n\n\n\n<p>4. Parametrii de performan\u021b\u0103 ai echipamentului<\/p>\n\n\n\n<figure class=\"wp-block-table\"><table><tbody><tr><td>Dimensiunea maxim\u0103 a probei<\/td><td>645mm\u00d7635mm<\/td><\/tr><tr><td>Zona maxim\u0103 de inspec\u021bie<\/td><td>500mm\u00d7500mm<\/td><\/tr><tr><td>M\u0103rire geometric\u0103 a imaginii<\/td><td>2500X<\/td><\/tr><tr><td>Alimentare de intrare<\/td><td>220V 10A 50 &#8211; 60HZ<\/td><\/tr><tr><td>Sistem de control<\/td><td>Sta\u021bie de lucru grafic\u0103 DELL OptiPlex 7000MT v12.0 i9<\/td><\/tr><tr><td>Dimensiuni<\/td><td>L1500mm\u00d7L1650mm\u00d7A2250mm<\/td><\/tr><tr><td>Greutate net\u0103<\/td><td>Aproximativ 2950 kg<\/td><\/tr><\/tbody><\/table><\/figure>\n\n\n\n<figure class=\"wp-block-embed is-type-video is-provider-youtube wp-block-embed-youtube wp-embed-aspect-16-9 wp-has-aspect-ratio\"><div class=\"wp-block-embed__wrapper\">\n<iframe loading=\"lazy\"  id=\"_ytid_98005\"  width=\"525\" height=\"295\"  data-origwidth=\"525\" data-origheight=\"295\"  data-relstop=\"1\" src=\"https:\/\/www.youtube.com\/embed\/Bvj2gFvwjpU?enablejsapi=1&#038;autoplay=0&#038;cc_load_policy=0&#038;cc_lang_pref=&#038;iv_load_policy=1&#038;loop=0&#038;rel=0&#038;fs=1&#038;playsinline=0&#038;autohide=2&#038;theme=dark&#038;color=red&#038;controls=1&#038;disablekb=0&#038;\" class=\"__youtube_prefs__  epyt-is-override  no-lazyload\" data-vol=\"24\"  title=\"YouTube player\"  allow=\"fullscreen; accelerometer; autoplay; clipboard-write; encrypted-media; gyroscope; picture-in-picture; web-share\" referrerpolicy=\"strict-origin-when-cross-origin\" allowfullscreen data-no-lazy=\"1\" data-skipgform_ajax_framebjll=\"\"><\/iframe>\n<\/div><\/figure>\n","protected":false},"excerpt":{"rendered":"<p>Sistemul industrial universal de inspec\u021bie cu raze X XCT8500 const\u0103 dintr-o surs\u0103 de raze X, detector, sistem de scanare, reconstruc\u021bie a imaginii \u0219i sistem de analiz\u0103. Poate realiza metode de inspec\u021bie precum 2D\/3D\/CT \u0219i este potrivit pentru inspec\u021bia calit\u0103\u021bii, m\u0103surarea 3D \u0219i analiza nedistructiv\u0103. Caracterizarea caracteristicilor la scar\u0103 micro ale structurii interne a probei, combinate &hellip; <\/p>\n<p class=\"link-more\"><a href=\"https:\/\/inventcad.ro\/ro\/produse\/distribuitor-seamarkzm-2\/microfocus-x-ray-inspection-machine\/industrial-microfocus-x-ray-3d-ct-machine\/\" class=\"more-link\">Continu\u0103 lectura<span class=\"screen-reader-text\"> \u201eIndustrial Microfocus X-Ray 3D\/CT Machine\u201d<\/span><\/a><\/p>\n","protected":false},"author":1,"featured_media":0,"parent":2305,"menu_order":0,"comment_status":"closed","ping_status":"closed","template":"","meta":{"footnotes":""},"class_list":["post-2645","page","type-page","status-publish","hentry"],"yoast_head":"<!-- This site is optimized with the Yoast SEO Premium plugin v27.4 (Yoast SEO v27.4) - https:\/\/yoast.com\/product\/yoast-seo-premium-wordpress\/ -->\n<title>Industrial Microfocus X-Ray 3D\/CT Machine - InventCAD<\/title>\n<meta name=\"robots\" content=\"index, follow, max-snippet:-1, max-image-preview:large, max-video-preview:-1\" \/>\n<link rel=\"canonical\" href=\"https:\/\/inventcad.ro\/ro\/produse\/distribuitor-seamarkzm-2\/microfocus-x-ray-inspection-machine\/industrial-microfocus-x-ray-3d-ct-machine\/\" \/>\n<meta property=\"og:locale\" content=\"ro_RO\" \/>\n<meta property=\"og:type\" content=\"article\" \/>\n<meta property=\"og:title\" content=\"Industrial Microfocus X-Ray 3D\/CT Machine\" \/>\n<meta property=\"og:description\" content=\"Sistemul industrial universal de inspec\u021bie cu raze X XCT8500 const\u0103 dintr-o surs\u0103 de raze X, detector, sistem de scanare, reconstruc\u021bie a imaginii \u0219i sistem de analiz\u0103. Poate realiza metode de inspec\u021bie precum 2D\/3D\/CT \u0219i este potrivit pentru inspec\u021bia calit\u0103\u021bii, m\u0103surarea 3D \u0219i analiza nedistructiv\u0103. Caracterizarea caracteristicilor la scar\u0103 micro ale structurii interne a probei, combinate &hellip; Continu\u0103 lectura \u201eIndustrial Microfocus X-Ray 3D\/CT Machine\u201d\" \/>\n<meta property=\"og:url\" content=\"https:\/\/inventcad.ro\/ro\/produse\/distribuitor-seamarkzm-2\/microfocus-x-ray-inspection-machine\/industrial-microfocus-x-ray-3d-ct-machine\/\" \/>\n<meta property=\"og:site_name\" content=\"InventCAD\" \/>\n<meta property=\"article:publisher\" content=\"https:\/\/www.facebook.com\/inventcad\" \/>\n<meta property=\"article:modified_time\" content=\"2025-03-17T20:29:18+00:00\" \/>\n<meta property=\"og:image\" content=\"https:\/\/inventcad.ro\/ro\/wp-content\/uploads\/2025\/03\/xct8500-universal-industrial-x-ray-inspection-system-2.webp\" \/>\n\t<meta property=\"og:image:width\" content=\"510\" \/>\n\t<meta property=\"og:image:height\" content=\"420\" \/>\n\t<meta property=\"og:image:type\" content=\"image\/webp\" \/>\n<meta name=\"twitter:card\" content=\"summary_large_image\" \/>\n<meta name=\"twitter:label1\" content=\"Timp estimat pentru citire\" \/>\n\t<meta name=\"twitter:data1\" content=\"3 minute\" \/>\n<script type=\"application\/ld+json\" class=\"yoast-schema-graph\">{\"@context\":\"https:\\\/\\\/schema.org\",\"@graph\":[{\"@type\":\"WebPage\",\"@id\":\"https:\\\/\\\/inventcad.ro\\\/ro\\\/produse\\\/distribuitor-seamarkzm-2\\\/microfocus-x-ray-inspection-machine\\\/industrial-microfocus-x-ray-3d-ct-machine\\\/\",\"url\":\"https:\\\/\\\/inventcad.ro\\\/ro\\\/produse\\\/distribuitor-seamarkzm-2\\\/microfocus-x-ray-inspection-machine\\\/industrial-microfocus-x-ray-3d-ct-machine\\\/\",\"name\":\"Industrial Microfocus X-Ray 3D\\\/CT Machine - InventCAD\",\"isPartOf\":{\"@id\":\"https:\\\/\\\/inventcad.ro\\\/ro\\\/#website\"},\"primaryImageOfPage\":{\"@id\":\"https:\\\/\\\/inventcad.ro\\\/ro\\\/produse\\\/distribuitor-seamarkzm-2\\\/microfocus-x-ray-inspection-machine\\\/industrial-microfocus-x-ray-3d-ct-machine\\\/#primaryimage\"},\"image\":{\"@id\":\"https:\\\/\\\/inventcad.ro\\\/ro\\\/produse\\\/distribuitor-seamarkzm-2\\\/microfocus-x-ray-inspection-machine\\\/industrial-microfocus-x-ray-3d-ct-machine\\\/#primaryimage\"},\"thumbnailUrl\":\"https:\\\/\\\/inventcad.ro\\\/ro\\\/wp-content\\\/uploads\\\/2025\\\/03\\\/xct8500-universal-industrial-x-ray-inspection-system-2.webp\",\"datePublished\":\"2025-03-17T20:24:38+00:00\",\"dateModified\":\"2025-03-17T20:29:18+00:00\",\"breadcrumb\":{\"@id\":\"https:\\\/\\\/inventcad.ro\\\/ro\\\/produse\\\/distribuitor-seamarkzm-2\\\/microfocus-x-ray-inspection-machine\\\/industrial-microfocus-x-ray-3d-ct-machine\\\/#breadcrumb\"},\"inLanguage\":\"ro-RO\",\"potentialAction\":[{\"@type\":\"ReadAction\",\"target\":[\"https:\\\/\\\/inventcad.ro\\\/ro\\\/produse\\\/distribuitor-seamarkzm-2\\\/microfocus-x-ray-inspection-machine\\\/industrial-microfocus-x-ray-3d-ct-machine\\\/\"]}]},{\"@type\":\"ImageObject\",\"inLanguage\":\"ro-RO\",\"@id\":\"https:\\\/\\\/inventcad.ro\\\/ro\\\/produse\\\/distribuitor-seamarkzm-2\\\/microfocus-x-ray-inspection-machine\\\/industrial-microfocus-x-ray-3d-ct-machine\\\/#primaryimage\",\"url\":\"https:\\\/\\\/inventcad.ro\\\/ro\\\/wp-content\\\/uploads\\\/2025\\\/03\\\/xct8500-universal-industrial-x-ray-inspection-system-2.webp\",\"contentUrl\":\"https:\\\/\\\/inventcad.ro\\\/ro\\\/wp-content\\\/uploads\\\/2025\\\/03\\\/xct8500-universal-industrial-x-ray-inspection-system-2.webp\",\"width\":510,\"height\":420,\"caption\":\"Universal Industrial X Ray Inspection System\"},{\"@type\":\"BreadcrumbList\",\"@id\":\"https:\\\/\\\/inventcad.ro\\\/ro\\\/produse\\\/distribuitor-seamarkzm-2\\\/microfocus-x-ray-inspection-machine\\\/industrial-microfocus-x-ray-3d-ct-machine\\\/#breadcrumb\",\"itemListElement\":[{\"@type\":\"ListItem\",\"position\":1,\"name\":\"Home\",\"item\":\"https:\\\/\\\/inventcad.ro\\\/ro\\\/\"},{\"@type\":\"ListItem\",\"position\":2,\"name\":\"Produse\",\"item\":\"https:\\\/\\\/inventcad.ro\\\/ro\\\/produse\\\/\"},{\"@type\":\"ListItem\",\"position\":3,\"name\":\"Distribuitor SeamarkZM\",\"item\":\"https:\\\/\\\/inventcad.ro\\\/ro\\\/produse\\\/distribuitor-seamarkzm-2\\\/\"},{\"@type\":\"ListItem\",\"position\":4,\"name\":\"Microfocus X-Ray Inspection Machine\",\"item\":\"https:\\\/\\\/inventcad.ro\\\/ro\\\/produse\\\/distribuitor-seamarkzm-2\\\/microfocus-x-ray-inspection-machine\\\/\"},{\"@type\":\"ListItem\",\"position\":5,\"name\":\"Industrial Microfocus X-Ray 3D\\\/CT Machine\"}]},{\"@type\":\"WebSite\",\"@id\":\"https:\\\/\\\/inventcad.ro\\\/ro\\\/#website\",\"url\":\"https:\\\/\\\/inventcad.ro\\\/ro\\\/\",\"name\":\"InventCAD\",\"description\":\"Proiectare mecanic\u0103, automatiz\u0103ri industriale\",\"publisher\":{\"@id\":\"https:\\\/\\\/inventcad.ro\\\/ro\\\/#organization\"},\"potentialAction\":[{\"@type\":\"SearchAction\",\"target\":{\"@type\":\"EntryPoint\",\"urlTemplate\":\"https:\\\/\\\/inventcad.ro\\\/ro\\\/?s={search_term_string}\"},\"query-input\":{\"@type\":\"PropertyValueSpecification\",\"valueRequired\":true,\"valueName\":\"search_term_string\"}}],\"inLanguage\":\"ro-RO\"},{\"@type\":\"Organization\",\"@id\":\"https:\\\/\\\/inventcad.ro\\\/ro\\\/#organization\",\"name\":\"InventCAD\",\"url\":\"https:\\\/\\\/inventcad.ro\\\/ro\\\/\",\"logo\":{\"@type\":\"ImageObject\",\"inLanguage\":\"ro-RO\",\"@id\":\"https:\\\/\\\/inventcad.ro\\\/ro\\\/#\\\/schema\\\/logo\\\/image\\\/\",\"url\":\"https:\\\/\\\/inventcad.ro\\\/ro\\\/wp-content\\\/uploads\\\/2020\\\/11\\\/inventcad-logo.png\",\"contentUrl\":\"https:\\\/\\\/inventcad.ro\\\/ro\\\/wp-content\\\/uploads\\\/2020\\\/11\\\/inventcad-logo.png\",\"width\":1653,\"height\":250,\"caption\":\"InventCAD\"},\"image\":{\"@id\":\"https:\\\/\\\/inventcad.ro\\\/ro\\\/#\\\/schema\\\/logo\\\/image\\\/\"},\"sameAs\":[\"https:\\\/\\\/www.facebook.com\\\/inventcad\",\"https:\\\/\\\/www.linkedin.com\\\/company\\\/inventcad\\\/\",\"https:\\\/\\\/www.youtube.com\\\/user\\\/InventCAD\"],\"description\":\"Mechanical design, industrial automation, and engineering services.\",\"email\":\"office@inventcad.ro\",\"legalName\":\"InventCAD SRL\",\"foundingDate\":\"2003-03-10\",\"vatID\":\"RO15368893\",\"numberOfEmployees\":{\"@type\":\"QuantitativeValue\",\"minValue\":\"1\",\"maxValue\":\"10\"}}]}<\/script>\n<!-- \/ Yoast SEO Premium plugin. -->","yoast_head_json":{"title":"Industrial Microfocus X-Ray 3D\/CT Machine - InventCAD","robots":{"index":"index","follow":"follow","max-snippet":"max-snippet:-1","max-image-preview":"max-image-preview:large","max-video-preview":"max-video-preview:-1"},"canonical":"https:\/\/inventcad.ro\/ro\/produse\/distribuitor-seamarkzm-2\/microfocus-x-ray-inspection-machine\/industrial-microfocus-x-ray-3d-ct-machine\/","og_locale":"ro_RO","og_type":"article","og_title":"Industrial Microfocus X-Ray 3D\/CT Machine","og_description":"Sistemul industrial universal de inspec\u021bie cu raze X XCT8500 const\u0103 dintr-o surs\u0103 de raze X, detector, sistem de scanare, reconstruc\u021bie a imaginii \u0219i sistem de analiz\u0103. Poate realiza metode de inspec\u021bie precum 2D\/3D\/CT \u0219i este potrivit pentru inspec\u021bia calit\u0103\u021bii, m\u0103surarea 3D \u0219i analiza nedistructiv\u0103. Caracterizarea caracteristicilor la scar\u0103 micro ale structurii interne a probei, combinate &hellip; Continu\u0103 lectura \u201eIndustrial Microfocus X-Ray 3D\/CT Machine\u201d","og_url":"https:\/\/inventcad.ro\/ro\/produse\/distribuitor-seamarkzm-2\/microfocus-x-ray-inspection-machine\/industrial-microfocus-x-ray-3d-ct-machine\/","og_site_name":"InventCAD","article_publisher":"https:\/\/www.facebook.com\/inventcad","article_modified_time":"2025-03-17T20:29:18+00:00","og_image":[{"width":510,"height":420,"url":"https:\/\/inventcad.ro\/ro\/wp-content\/uploads\/2025\/03\/xct8500-universal-industrial-x-ray-inspection-system-2.webp","type":"image\/webp"}],"twitter_card":"summary_large_image","twitter_misc":{"Timp estimat pentru citire":"3 minute"},"schema":{"@context":"https:\/\/schema.org","@graph":[{"@type":"WebPage","@id":"https:\/\/inventcad.ro\/ro\/produse\/distribuitor-seamarkzm-2\/microfocus-x-ray-inspection-machine\/industrial-microfocus-x-ray-3d-ct-machine\/","url":"https:\/\/inventcad.ro\/ro\/produse\/distribuitor-seamarkzm-2\/microfocus-x-ray-inspection-machine\/industrial-microfocus-x-ray-3d-ct-machine\/","name":"Industrial Microfocus X-Ray 3D\/CT Machine - InventCAD","isPartOf":{"@id":"https:\/\/inventcad.ro\/ro\/#website"},"primaryImageOfPage":{"@id":"https:\/\/inventcad.ro\/ro\/produse\/distribuitor-seamarkzm-2\/microfocus-x-ray-inspection-machine\/industrial-microfocus-x-ray-3d-ct-machine\/#primaryimage"},"image":{"@id":"https:\/\/inventcad.ro\/ro\/produse\/distribuitor-seamarkzm-2\/microfocus-x-ray-inspection-machine\/industrial-microfocus-x-ray-3d-ct-machine\/#primaryimage"},"thumbnailUrl":"https:\/\/inventcad.ro\/ro\/wp-content\/uploads\/2025\/03\/xct8500-universal-industrial-x-ray-inspection-system-2.webp","datePublished":"2025-03-17T20:24:38+00:00","dateModified":"2025-03-17T20:29:18+00:00","breadcrumb":{"@id":"https:\/\/inventcad.ro\/ro\/produse\/distribuitor-seamarkzm-2\/microfocus-x-ray-inspection-machine\/industrial-microfocus-x-ray-3d-ct-machine\/#breadcrumb"},"inLanguage":"ro-RO","potentialAction":[{"@type":"ReadAction","target":["https:\/\/inventcad.ro\/ro\/produse\/distribuitor-seamarkzm-2\/microfocus-x-ray-inspection-machine\/industrial-microfocus-x-ray-3d-ct-machine\/"]}]},{"@type":"ImageObject","inLanguage":"ro-RO","@id":"https:\/\/inventcad.ro\/ro\/produse\/distribuitor-seamarkzm-2\/microfocus-x-ray-inspection-machine\/industrial-microfocus-x-ray-3d-ct-machine\/#primaryimage","url":"https:\/\/inventcad.ro\/ro\/wp-content\/uploads\/2025\/03\/xct8500-universal-industrial-x-ray-inspection-system-2.webp","contentUrl":"https:\/\/inventcad.ro\/ro\/wp-content\/uploads\/2025\/03\/xct8500-universal-industrial-x-ray-inspection-system-2.webp","width":510,"height":420,"caption":"Universal Industrial X Ray Inspection System"},{"@type":"BreadcrumbList","@id":"https:\/\/inventcad.ro\/ro\/produse\/distribuitor-seamarkzm-2\/microfocus-x-ray-inspection-machine\/industrial-microfocus-x-ray-3d-ct-machine\/#breadcrumb","itemListElement":[{"@type":"ListItem","position":1,"name":"Home","item":"https:\/\/inventcad.ro\/ro\/"},{"@type":"ListItem","position":2,"name":"Produse","item":"https:\/\/inventcad.ro\/ro\/produse\/"},{"@type":"ListItem","position":3,"name":"Distribuitor SeamarkZM","item":"https:\/\/inventcad.ro\/ro\/produse\/distribuitor-seamarkzm-2\/"},{"@type":"ListItem","position":4,"name":"Microfocus X-Ray Inspection Machine","item":"https:\/\/inventcad.ro\/ro\/produse\/distribuitor-seamarkzm-2\/microfocus-x-ray-inspection-machine\/"},{"@type":"ListItem","position":5,"name":"Industrial Microfocus X-Ray 3D\/CT Machine"}]},{"@type":"WebSite","@id":"https:\/\/inventcad.ro\/ro\/#website","url":"https:\/\/inventcad.ro\/ro\/","name":"InventCAD","description":"Proiectare mecanic\u0103, automatiz\u0103ri industriale","publisher":{"@id":"https:\/\/inventcad.ro\/ro\/#organization"},"potentialAction":[{"@type":"SearchAction","target":{"@type":"EntryPoint","urlTemplate":"https:\/\/inventcad.ro\/ro\/?s={search_term_string}"},"query-input":{"@type":"PropertyValueSpecification","valueRequired":true,"valueName":"search_term_string"}}],"inLanguage":"ro-RO"},{"@type":"Organization","@id":"https:\/\/inventcad.ro\/ro\/#organization","name":"InventCAD","url":"https:\/\/inventcad.ro\/ro\/","logo":{"@type":"ImageObject","inLanguage":"ro-RO","@id":"https:\/\/inventcad.ro\/ro\/#\/schema\/logo\/image\/","url":"https:\/\/inventcad.ro\/ro\/wp-content\/uploads\/2020\/11\/inventcad-logo.png","contentUrl":"https:\/\/inventcad.ro\/ro\/wp-content\/uploads\/2020\/11\/inventcad-logo.png","width":1653,"height":250,"caption":"InventCAD"},"image":{"@id":"https:\/\/inventcad.ro\/ro\/#\/schema\/logo\/image\/"},"sameAs":["https:\/\/www.facebook.com\/inventcad","https:\/\/www.linkedin.com\/company\/inventcad\/","https:\/\/www.youtube.com\/user\/InventCAD"],"description":"Mechanical design, industrial automation, and engineering services.","email":"office@inventcad.ro","legalName":"InventCAD SRL","foundingDate":"2003-03-10","vatID":"RO15368893","numberOfEmployees":{"@type":"QuantitativeValue","minValue":"1","maxValue":"10"}}]}},"_links":{"self":[{"href":"https:\/\/inventcad.ro\/ro\/wp-json\/wp\/v2\/pages\/2645","targetHints":{"allow":["GET"]}}],"collection":[{"href":"https:\/\/inventcad.ro\/ro\/wp-json\/wp\/v2\/pages"}],"about":[{"href":"https:\/\/inventcad.ro\/ro\/wp-json\/wp\/v2\/types\/page"}],"author":[{"embeddable":true,"href":"https:\/\/inventcad.ro\/ro\/wp-json\/wp\/v2\/users\/1"}],"replies":[{"embeddable":true,"href":"https:\/\/inventcad.ro\/ro\/wp-json\/wp\/v2\/comments?post=2645"}],"version-history":[{"count":11,"href":"https:\/\/inventcad.ro\/ro\/wp-json\/wp\/v2\/pages\/2645\/revisions"}],"predecessor-version":[{"id":2688,"href":"https:\/\/inventcad.ro\/ro\/wp-json\/wp\/v2\/pages\/2645\/revisions\/2688"}],"up":[{"embeddable":true,"href":"https:\/\/inventcad.ro\/ro\/wp-json\/wp\/v2\/pages\/2305"}],"wp:attachment":[{"href":"https:\/\/inventcad.ro\/ro\/wp-json\/wp\/v2\/media?parent=2645"}],"curies":[{"name":"wp","href":"https:\/\/api.w.org\/{rel}","templated":true}]}}