{"id":2644,"date":"2025-03-17T22:39:37","date_gmt":"2025-03-17T20:39:37","guid":{"rendered":"https:\/\/inventcad.ro\/ro\/?page_id=2644"},"modified":"2025-03-18T10:18:23","modified_gmt":"2025-03-18T08:18:23","slug":"inline-x-ray-inspection-machine","status":"publish","type":"page","link":"https:\/\/inventcad.ro\/ro\/produse\/distribuitor-seamarkzm-2\/microfocus-x-ray-inspection-machine\/inline-x-ray-inspection-machine\/","title":{"rendered":"Inline X-Ray Inspection Machine"},"content":{"rendered":"\n<p>XL6500 este o ma\u0219in\u0103 SMT de inspec\u021bie cu raze X cu microfocalizare inline pentru componente electronice. Aceast\u0103 ma\u0219in\u0103 automat\u0103 de inspec\u021bie cu raze X poate fi conectat\u0103 direct la linia de produc\u021bie SMT sau poate fi utilizat\u0103 offline cu transportoarele de \u00eenc\u0103rcare \u0219i desc\u0103rcare. Judecarea \u0219i inspec\u021bia complet automat\u0103 sunt efectuate pentru zona caracteristic\u0103 a PCB-ului sau a dispozitivului desemnat.<\/p>\n\n\n<div class=\"wp-block-image\">\n<figure class=\"aligncenter size-full\"><img loading=\"lazy\" decoding=\"async\" width=\"510\" height=\"420\" src=\"https:\/\/inventcad.ro\/ro\/wp-content\/uploads\/2025\/03\/XL6500-Inline-X-Ray1.jpg\" alt=\"XL6500 Inline X-Ray Inspection Machine\" class=\"wp-image-2693\" srcset=\"https:\/\/inventcad.ro\/ro\/wp-content\/uploads\/2025\/03\/XL6500-Inline-X-Ray1.jpg 510w, https:\/\/inventcad.ro\/ro\/wp-content\/uploads\/2025\/03\/XL6500-Inline-X-Ray1-300x247.jpg 300w\" sizes=\"auto, (max-width: 510px) 100vw, 510px\" \/><figcaption class=\"wp-element-caption\">XL6500 Inline X-Ray Inspection Machine<\/figcaption><\/figure>\n<\/div>\n\n\n<h2 class=\"wp-block-heading\" id=\"h-avantajele-xl6500-inline-x-ray-inspection-machine\">Avantajele XL6500 Inline X-ray Inspection Machine<\/h2>\n\n\n\n<ul class=\"wp-block-list\">\n<li>Inspec\u021bie automat\u0103 sublinie a ambalajului cipului LED.<\/li>\n\n\n\n<li>Inspec\u021bie online complet automat\u0103 a cipurilor IGBT.<\/li>\n\n\n\n<li>Tub de raze X \u00eenchis de 130KV 5um, durat\u0103 lung\u0103 de via\u021b\u0103, f\u0103r\u0103 \u00eentre\u021binere.<\/li>\n\n\n\n<li>Utiliza\u021bi un detector digital cu ecran plat de \u00eenalt\u0103 rezolu\u021bie de 2,3 milioane de pixeli.<\/li>\n\n\n\n<li>Inspec\u021bie online complet automat\u0103 a dispozitivelor semiconductoare IC\/BGA, pachetelor SMT \u0219i PTU, senzorilor \u0219i alte domenii.<\/li>\n\n\n\n<li>Inspec\u021bie online complet automat\u0103 a pl\u0103cilor PCB de dimensiuni mari \u0219i a \u00eembin\u0103rilor de lipit PCBA.<\/li>\n\n\n\n<li>Operarea simpl\u0103 a set\u0103rii \u0219ablonului a garantat o func\u021bionare sigur\u0103.<\/li>\n\n\n\n<li>Navigare prin imagini color.<\/li>\n\n\n\n<li>Suport\u0103 func\u021bia de cus\u0103tur\u0103 a imaginii (op\u021bional).<\/li>\n\n\n\n<li>Modul 3D actualizabil (TC industrial) (op\u021bional).<\/li>\n<\/ul>\n\n\n\n<h2 class=\"wp-block-heading\" id=\"h-specifica\u021bia-aparatului-de-inspec\u021bie-cu-raze-x-online-zm-xl6500\">Specifica\u021bia aparatului de inspec\u021bie cu raze X online ZM XL6500<\/h2>\n\n\n\n<p>Specifica\u021bia sursei tubului cu raze X<\/p>\n\n\n\n<figure class=\"wp-block-table\"><table><tbody><tr><td>Type <\/td><td>Sealed Micro-Focus X-Ray Tube<\/td><\/tr><tr><td>Voltage<\/td><td>90 KV (130KV optional)<\/td><\/tr><tr><td>Operating Voltage Range<\/td><td>40-90KV\/130KV<\/td><\/tr><tr><td>Operating Current Range<\/td><td>10-200 \u03bcA\/300\u03bcA<\/td><\/tr><tr><td>Max Output Power<\/td><td>8 W\/39W<\/td><\/tr><tr><td>Micro Focus Spot Size<\/td><td>5-15\u03bcm<\/td><\/tr><\/tbody><\/table><\/figure>\n\n\n\n<p>Specifica\u021bii detector cu ecran plat<\/p>\n\n\n\n<figure class=\"wp-block-table\"><table><tbody><tr><td>Tip<\/td><td>TFT Industrial Dynamic FPD<\/td><\/tr><tr><td>Pixel Matrix<\/td><td>1536\u00d71536<\/td><\/tr><tr><td>C\u00e2mp vizual<\/td><td>130mm\u00d7130mm<\/td><\/tr><tr><td>Rezolu\u021bie<\/td><td>5.8Lp\/mm<\/td><\/tr><tr><td>Cadru (1\u00d71)<\/td><td>20fps<\/td><\/tr><tr><td>Bit de conversie A\/D<\/td><td>16 bi\u021bi<\/td><\/tr><\/tbody><\/table><\/figure>\n\n\n\n<figure class=\"wp-block-table\"><table><tbody><tr><td>Dimensiuni <\/td><td>L1600mm\u00d7L1700mm\u00d7H2100mm<\/td><\/tr><tr><td>Putere de intrare<\/td><td>220V 10A\/110V 15A 50-60HZ<\/td><\/tr><tr><td>Dimensiunea maxim\u0103 a e\u0219antionului<\/td><td>510mm\u00d7650mm<\/td><\/tr><tr><td>Sistem de control PC industrial<\/td><td>WIN7\/ WIN10 64 de bi\u021bi<\/td><\/tr><tr><td>Greutate neta aproximativ<\/td><td>2350 kg<\/td><\/tr><tr><td>Radia\u021bie<\/td><td>\uff1c1\u03bcSv\/h<\/td><\/tr><\/tbody><\/table><\/figure>\n\n\n\n<h2 class=\"wp-block-heading\" id=\"h-video-cu-aparatul-de-inspec\u021bie-cu-raze-x-in-linie-xl6500\">Video cu aparatul de inspec\u021bie cu raze X \u00een linie XL6500<\/h2>\n\n\n\n<figure class=\"wp-block-embed is-type-video is-provider-youtube wp-block-embed-youtube wp-embed-aspect-16-9 wp-has-aspect-ratio\"><div class=\"wp-block-embed__wrapper\">\n<iframe loading=\"lazy\"  id=\"_ytid_73700\"  width=\"525\" height=\"295\"  data-origwidth=\"525\" data-origheight=\"295\"  data-relstop=\"1\" src=\"https:\/\/www.youtube.com\/embed\/AVBoViTKPhY?enablejsapi=1&#038;autoplay=0&#038;cc_load_policy=0&#038;cc_lang_pref=&#038;iv_load_policy=1&#038;loop=0&#038;rel=0&#038;fs=1&#038;playsinline=0&#038;autohide=2&#038;theme=dark&#038;color=red&#038;controls=1&#038;disablekb=0&#038;\" class=\"__youtube_prefs__  epyt-is-override  no-lazyload\" data-vol=\"24\"  title=\"YouTube player\"  allow=\"fullscreen; accelerometer; autoplay; clipboard-write; encrypted-media; gyroscope; picture-in-picture; web-share\" referrerpolicy=\"strict-origin-when-cross-origin\" allowfullscreen data-no-lazy=\"1\" data-skipgform_ajax_framebjll=\"\"><\/iframe>\n<\/div><\/figure>\n","protected":false},"excerpt":{"rendered":"<p>XL6500 este o ma\u0219in\u0103 SMT de inspec\u021bie cu raze X cu microfocalizare inline pentru componente electronice. Aceast\u0103 ma\u0219in\u0103 automat\u0103 de inspec\u021bie cu raze X poate fi conectat\u0103 direct la linia de produc\u021bie SMT sau poate fi utilizat\u0103 offline cu transportoarele de \u00eenc\u0103rcare \u0219i desc\u0103rcare. Judecarea \u0219i inspec\u021bia complet automat\u0103 sunt efectuate pentru zona caracteristic\u0103 a &hellip; <\/p>\n<p class=\"link-more\"><a href=\"https:\/\/inventcad.ro\/ro\/produse\/distribuitor-seamarkzm-2\/microfocus-x-ray-inspection-machine\/inline-x-ray-inspection-machine\/\" class=\"more-link\">Continu\u0103 lectura<span class=\"screen-reader-text\"> \u201eInline X-Ray Inspection Machine\u201d<\/span><\/a><\/p>\n","protected":false},"author":1,"featured_media":0,"parent":2305,"menu_order":6,"comment_status":"closed","ping_status":"closed","template":"","meta":{"footnotes":""},"class_list":["post-2644","page","type-page","status-publish","hentry"],"yoast_head":"<!-- This site is optimized with the Yoast SEO Premium plugin v27.4 (Yoast SEO v27.5) - https:\/\/yoast.com\/product\/yoast-seo-premium-wordpress\/ -->\n<title>Inline X-Ray Inspection Machine - InventCAD<\/title>\n<meta name=\"robots\" content=\"index, follow, max-snippet:-1, max-image-preview:large, max-video-preview:-1\" \/>\n<link rel=\"canonical\" href=\"https:\/\/inventcad.ro\/ro\/produse\/distribuitor-seamarkzm-2\/microfocus-x-ray-inspection-machine\/inline-x-ray-inspection-machine\/\" \/>\n<meta property=\"og:locale\" content=\"ro_RO\" \/>\n<meta property=\"og:type\" content=\"article\" \/>\n<meta property=\"og:title\" content=\"Inline X-Ray Inspection Machine\" \/>\n<meta property=\"og:description\" content=\"XL6500 este o ma\u0219in\u0103 SMT de inspec\u021bie cu raze X cu microfocalizare inline pentru componente electronice. Aceast\u0103 ma\u0219in\u0103 automat\u0103 de inspec\u021bie cu raze X poate fi conectat\u0103 direct la linia de produc\u021bie SMT sau poate fi utilizat\u0103 offline cu transportoarele de \u00eenc\u0103rcare \u0219i desc\u0103rcare. Judecarea \u0219i inspec\u021bia complet automat\u0103 sunt efectuate pentru zona caracteristic\u0103 a &hellip; Continu\u0103 lectura \u201eInline X-Ray Inspection Machine\u201d\" \/>\n<meta property=\"og:url\" content=\"https:\/\/inventcad.ro\/ro\/produse\/distribuitor-seamarkzm-2\/microfocus-x-ray-inspection-machine\/inline-x-ray-inspection-machine\/\" \/>\n<meta property=\"og:site_name\" content=\"InventCAD\" \/>\n<meta property=\"article:publisher\" content=\"https:\/\/www.facebook.com\/inventcad\" \/>\n<meta property=\"article:modified_time\" content=\"2025-03-18T08:18:23+00:00\" \/>\n<meta property=\"og:image\" content=\"https:\/\/inventcad.ro\/ro\/wp-content\/uploads\/2025\/03\/XL6500-Inline-X-Ray1.jpg\" \/>\n\t<meta property=\"og:image:width\" content=\"510\" \/>\n\t<meta property=\"og:image:height\" content=\"420\" \/>\n\t<meta property=\"og:image:type\" content=\"image\/jpeg\" \/>\n<meta name=\"twitter:card\" content=\"summary_large_image\" \/>\n<meta name=\"twitter:label1\" content=\"Timp estimat pentru citire\" \/>\n\t<meta name=\"twitter:data1\" content=\"2 minute\" \/>\n<script type=\"application\/ld+json\" class=\"yoast-schema-graph\">{\"@context\":\"https:\\\/\\\/schema.org\",\"@graph\":[{\"@type\":\"WebPage\",\"@id\":\"https:\\\/\\\/inventcad.ro\\\/ro\\\/produse\\\/distribuitor-seamarkzm-2\\\/microfocus-x-ray-inspection-machine\\\/inline-x-ray-inspection-machine\\\/\",\"url\":\"https:\\\/\\\/inventcad.ro\\\/ro\\\/produse\\\/distribuitor-seamarkzm-2\\\/microfocus-x-ray-inspection-machine\\\/inline-x-ray-inspection-machine\\\/\",\"name\":\"Inline X-Ray Inspection Machine - InventCAD\",\"isPartOf\":{\"@id\":\"https:\\\/\\\/inventcad.ro\\\/ro\\\/#website\"},\"primaryImageOfPage\":{\"@id\":\"https:\\\/\\\/inventcad.ro\\\/ro\\\/produse\\\/distribuitor-seamarkzm-2\\\/microfocus-x-ray-inspection-machine\\\/inline-x-ray-inspection-machine\\\/#primaryimage\"},\"image\":{\"@id\":\"https:\\\/\\\/inventcad.ro\\\/ro\\\/produse\\\/distribuitor-seamarkzm-2\\\/microfocus-x-ray-inspection-machine\\\/inline-x-ray-inspection-machine\\\/#primaryimage\"},\"thumbnailUrl\":\"https:\\\/\\\/inventcad.ro\\\/ro\\\/wp-content\\\/uploads\\\/2025\\\/03\\\/XL6500-Inline-X-Ray1.jpg\",\"datePublished\":\"2025-03-17T20:39:37+00:00\",\"dateModified\":\"2025-03-18T08:18:23+00:00\",\"breadcrumb\":{\"@id\":\"https:\\\/\\\/inventcad.ro\\\/ro\\\/produse\\\/distribuitor-seamarkzm-2\\\/microfocus-x-ray-inspection-machine\\\/inline-x-ray-inspection-machine\\\/#breadcrumb\"},\"inLanguage\":\"ro-RO\",\"potentialAction\":[{\"@type\":\"ReadAction\",\"target\":[\"https:\\\/\\\/inventcad.ro\\\/ro\\\/produse\\\/distribuitor-seamarkzm-2\\\/microfocus-x-ray-inspection-machine\\\/inline-x-ray-inspection-machine\\\/\"]}]},{\"@type\":\"ImageObject\",\"inLanguage\":\"ro-RO\",\"@id\":\"https:\\\/\\\/inventcad.ro\\\/ro\\\/produse\\\/distribuitor-seamarkzm-2\\\/microfocus-x-ray-inspection-machine\\\/inline-x-ray-inspection-machine\\\/#primaryimage\",\"url\":\"https:\\\/\\\/inventcad.ro\\\/ro\\\/wp-content\\\/uploads\\\/2025\\\/03\\\/XL6500-Inline-X-Ray1.jpg\",\"contentUrl\":\"https:\\\/\\\/inventcad.ro\\\/ro\\\/wp-content\\\/uploads\\\/2025\\\/03\\\/XL6500-Inline-X-Ray1.jpg\",\"width\":510,\"height\":420,\"caption\":\"XL6500 Inline X-Ray Inspection Machine\"},{\"@type\":\"BreadcrumbList\",\"@id\":\"https:\\\/\\\/inventcad.ro\\\/ro\\\/produse\\\/distribuitor-seamarkzm-2\\\/microfocus-x-ray-inspection-machine\\\/inline-x-ray-inspection-machine\\\/#breadcrumb\",\"itemListElement\":[{\"@type\":\"ListItem\",\"position\":1,\"name\":\"Home\",\"item\":\"https:\\\/\\\/inventcad.ro\\\/ro\\\/\"},{\"@type\":\"ListItem\",\"position\":2,\"name\":\"Produse\",\"item\":\"https:\\\/\\\/inventcad.ro\\\/ro\\\/produse\\\/\"},{\"@type\":\"ListItem\",\"position\":3,\"name\":\"Distribuitor SeamarkZM\",\"item\":\"https:\\\/\\\/inventcad.ro\\\/ro\\\/produse\\\/distribuitor-seamarkzm-2\\\/\"},{\"@type\":\"ListItem\",\"position\":4,\"name\":\"Microfocus X-Ray Inspection Machine\",\"item\":\"https:\\\/\\\/inventcad.ro\\\/ro\\\/produse\\\/distribuitor-seamarkzm-2\\\/microfocus-x-ray-inspection-machine\\\/\"},{\"@type\":\"ListItem\",\"position\":5,\"name\":\"Inline X-Ray Inspection Machine\"}]},{\"@type\":\"WebSite\",\"@id\":\"https:\\\/\\\/inventcad.ro\\\/ro\\\/#website\",\"url\":\"https:\\\/\\\/inventcad.ro\\\/ro\\\/\",\"name\":\"InventCAD\",\"description\":\"Proiectare mecanic\u0103, automatiz\u0103ri industriale\",\"publisher\":{\"@id\":\"https:\\\/\\\/inventcad.ro\\\/ro\\\/#organization\"},\"potentialAction\":[{\"@type\":\"SearchAction\",\"target\":{\"@type\":\"EntryPoint\",\"urlTemplate\":\"https:\\\/\\\/inventcad.ro\\\/ro\\\/?s={search_term_string}\"},\"query-input\":{\"@type\":\"PropertyValueSpecification\",\"valueRequired\":true,\"valueName\":\"search_term_string\"}}],\"inLanguage\":\"ro-RO\"},{\"@type\":\"Organization\",\"@id\":\"https:\\\/\\\/inventcad.ro\\\/ro\\\/#organization\",\"name\":\"InventCAD\",\"url\":\"https:\\\/\\\/inventcad.ro\\\/ro\\\/\",\"logo\":{\"@type\":\"ImageObject\",\"inLanguage\":\"ro-RO\",\"@id\":\"https:\\\/\\\/inventcad.ro\\\/ro\\\/#\\\/schema\\\/logo\\\/image\\\/\",\"url\":\"https:\\\/\\\/inventcad.ro\\\/ro\\\/wp-content\\\/uploads\\\/2020\\\/11\\\/inventcad-logo.png\",\"contentUrl\":\"https:\\\/\\\/inventcad.ro\\\/ro\\\/wp-content\\\/uploads\\\/2020\\\/11\\\/inventcad-logo.png\",\"width\":1653,\"height\":250,\"caption\":\"InventCAD\"},\"image\":{\"@id\":\"https:\\\/\\\/inventcad.ro\\\/ro\\\/#\\\/schema\\\/logo\\\/image\\\/\"},\"sameAs\":[\"https:\\\/\\\/www.facebook.com\\\/inventcad\",\"https:\\\/\\\/www.linkedin.com\\\/company\\\/inventcad\\\/\",\"https:\\\/\\\/www.youtube.com\\\/user\\\/InventCAD\"],\"description\":\"Mechanical design, industrial automation, and engineering services.\",\"email\":\"office@inventcad.ro\",\"legalName\":\"InventCAD SRL\",\"foundingDate\":\"2003-03-10\",\"vatID\":\"RO15368893\",\"numberOfEmployees\":{\"@type\":\"QuantitativeValue\",\"minValue\":\"1\",\"maxValue\":\"10\"}}]}<\/script>\n<!-- \/ Yoast SEO Premium plugin. -->","yoast_head_json":{"title":"Inline X-Ray Inspection Machine - InventCAD","robots":{"index":"index","follow":"follow","max-snippet":"max-snippet:-1","max-image-preview":"max-image-preview:large","max-video-preview":"max-video-preview:-1"},"canonical":"https:\/\/inventcad.ro\/ro\/produse\/distribuitor-seamarkzm-2\/microfocus-x-ray-inspection-machine\/inline-x-ray-inspection-machine\/","og_locale":"ro_RO","og_type":"article","og_title":"Inline X-Ray Inspection Machine","og_description":"XL6500 este o ma\u0219in\u0103 SMT de inspec\u021bie cu raze X cu microfocalizare inline pentru componente electronice. Aceast\u0103 ma\u0219in\u0103 automat\u0103 de inspec\u021bie cu raze X poate fi conectat\u0103 direct la linia de produc\u021bie SMT sau poate fi utilizat\u0103 offline cu transportoarele de \u00eenc\u0103rcare \u0219i desc\u0103rcare. Judecarea \u0219i inspec\u021bia complet automat\u0103 sunt efectuate pentru zona caracteristic\u0103 a &hellip; Continu\u0103 lectura \u201eInline X-Ray Inspection Machine\u201d","og_url":"https:\/\/inventcad.ro\/ro\/produse\/distribuitor-seamarkzm-2\/microfocus-x-ray-inspection-machine\/inline-x-ray-inspection-machine\/","og_site_name":"InventCAD","article_publisher":"https:\/\/www.facebook.com\/inventcad","article_modified_time":"2025-03-18T08:18:23+00:00","og_image":[{"width":510,"height":420,"url":"https:\/\/inventcad.ro\/ro\/wp-content\/uploads\/2025\/03\/XL6500-Inline-X-Ray1.jpg","type":"image\/jpeg"}],"twitter_card":"summary_large_image","twitter_misc":{"Timp estimat pentru citire":"2 minute"},"schema":{"@context":"https:\/\/schema.org","@graph":[{"@type":"WebPage","@id":"https:\/\/inventcad.ro\/ro\/produse\/distribuitor-seamarkzm-2\/microfocus-x-ray-inspection-machine\/inline-x-ray-inspection-machine\/","url":"https:\/\/inventcad.ro\/ro\/produse\/distribuitor-seamarkzm-2\/microfocus-x-ray-inspection-machine\/inline-x-ray-inspection-machine\/","name":"Inline X-Ray Inspection Machine - InventCAD","isPartOf":{"@id":"https:\/\/inventcad.ro\/ro\/#website"},"primaryImageOfPage":{"@id":"https:\/\/inventcad.ro\/ro\/produse\/distribuitor-seamarkzm-2\/microfocus-x-ray-inspection-machine\/inline-x-ray-inspection-machine\/#primaryimage"},"image":{"@id":"https:\/\/inventcad.ro\/ro\/produse\/distribuitor-seamarkzm-2\/microfocus-x-ray-inspection-machine\/inline-x-ray-inspection-machine\/#primaryimage"},"thumbnailUrl":"https:\/\/inventcad.ro\/ro\/wp-content\/uploads\/2025\/03\/XL6500-Inline-X-Ray1.jpg","datePublished":"2025-03-17T20:39:37+00:00","dateModified":"2025-03-18T08:18:23+00:00","breadcrumb":{"@id":"https:\/\/inventcad.ro\/ro\/produse\/distribuitor-seamarkzm-2\/microfocus-x-ray-inspection-machine\/inline-x-ray-inspection-machine\/#breadcrumb"},"inLanguage":"ro-RO","potentialAction":[{"@type":"ReadAction","target":["https:\/\/inventcad.ro\/ro\/produse\/distribuitor-seamarkzm-2\/microfocus-x-ray-inspection-machine\/inline-x-ray-inspection-machine\/"]}]},{"@type":"ImageObject","inLanguage":"ro-RO","@id":"https:\/\/inventcad.ro\/ro\/produse\/distribuitor-seamarkzm-2\/microfocus-x-ray-inspection-machine\/inline-x-ray-inspection-machine\/#primaryimage","url":"https:\/\/inventcad.ro\/ro\/wp-content\/uploads\/2025\/03\/XL6500-Inline-X-Ray1.jpg","contentUrl":"https:\/\/inventcad.ro\/ro\/wp-content\/uploads\/2025\/03\/XL6500-Inline-X-Ray1.jpg","width":510,"height":420,"caption":"XL6500 Inline X-Ray Inspection Machine"},{"@type":"BreadcrumbList","@id":"https:\/\/inventcad.ro\/ro\/produse\/distribuitor-seamarkzm-2\/microfocus-x-ray-inspection-machine\/inline-x-ray-inspection-machine\/#breadcrumb","itemListElement":[{"@type":"ListItem","position":1,"name":"Home","item":"https:\/\/inventcad.ro\/ro\/"},{"@type":"ListItem","position":2,"name":"Produse","item":"https:\/\/inventcad.ro\/ro\/produse\/"},{"@type":"ListItem","position":3,"name":"Distribuitor SeamarkZM","item":"https:\/\/inventcad.ro\/ro\/produse\/distribuitor-seamarkzm-2\/"},{"@type":"ListItem","position":4,"name":"Microfocus X-Ray Inspection Machine","item":"https:\/\/inventcad.ro\/ro\/produse\/distribuitor-seamarkzm-2\/microfocus-x-ray-inspection-machine\/"},{"@type":"ListItem","position":5,"name":"Inline X-Ray Inspection Machine"}]},{"@type":"WebSite","@id":"https:\/\/inventcad.ro\/ro\/#website","url":"https:\/\/inventcad.ro\/ro\/","name":"InventCAD","description":"Proiectare mecanic\u0103, automatiz\u0103ri industriale","publisher":{"@id":"https:\/\/inventcad.ro\/ro\/#organization"},"potentialAction":[{"@type":"SearchAction","target":{"@type":"EntryPoint","urlTemplate":"https:\/\/inventcad.ro\/ro\/?s={search_term_string}"},"query-input":{"@type":"PropertyValueSpecification","valueRequired":true,"valueName":"search_term_string"}}],"inLanguage":"ro-RO"},{"@type":"Organization","@id":"https:\/\/inventcad.ro\/ro\/#organization","name":"InventCAD","url":"https:\/\/inventcad.ro\/ro\/","logo":{"@type":"ImageObject","inLanguage":"ro-RO","@id":"https:\/\/inventcad.ro\/ro\/#\/schema\/logo\/image\/","url":"https:\/\/inventcad.ro\/ro\/wp-content\/uploads\/2020\/11\/inventcad-logo.png","contentUrl":"https:\/\/inventcad.ro\/ro\/wp-content\/uploads\/2020\/11\/inventcad-logo.png","width":1653,"height":250,"caption":"InventCAD"},"image":{"@id":"https:\/\/inventcad.ro\/ro\/#\/schema\/logo\/image\/"},"sameAs":["https:\/\/www.facebook.com\/inventcad","https:\/\/www.linkedin.com\/company\/inventcad\/","https:\/\/www.youtube.com\/user\/InventCAD"],"description":"Mechanical design, industrial automation, and engineering services.","email":"office@inventcad.ro","legalName":"InventCAD SRL","foundingDate":"2003-03-10","vatID":"RO15368893","numberOfEmployees":{"@type":"QuantitativeValue","minValue":"1","maxValue":"10"}}]}},"_links":{"self":[{"href":"https:\/\/inventcad.ro\/ro\/wp-json\/wp\/v2\/pages\/2644","targetHints":{"allow":["GET"]}}],"collection":[{"href":"https:\/\/inventcad.ro\/ro\/wp-json\/wp\/v2\/pages"}],"about":[{"href":"https:\/\/inventcad.ro\/ro\/wp-json\/wp\/v2\/types\/page"}],"author":[{"embeddable":true,"href":"https:\/\/inventcad.ro\/ro\/wp-json\/wp\/v2\/users\/1"}],"replies":[{"embeddable":true,"href":"https:\/\/inventcad.ro\/ro\/wp-json\/wp\/v2\/comments?post=2644"}],"version-history":[{"count":10,"href":"https:\/\/inventcad.ro\/ro\/wp-json\/wp\/v2\/pages\/2644\/revisions"}],"predecessor-version":[{"id":2708,"href":"https:\/\/inventcad.ro\/ro\/wp-json\/wp\/v2\/pages\/2644\/revisions\/2708"}],"up":[{"embeddable":true,"href":"https:\/\/inventcad.ro\/ro\/wp-json\/wp\/v2\/pages\/2305"}],"wp:attachment":[{"href":"https:\/\/inventcad.ro\/ro\/wp-json\/wp\/v2\/media?parent=2644"}],"curies":[{"name":"wp","href":"https:\/\/api.w.org\/{rel}","templated":true}]}}