{"id":2519,"date":"2025-03-12T13:22:54","date_gmt":"2025-03-12T11:22:54","guid":{"rendered":"https:\/\/inventcad.ro\/ro\/?page_id=2519"},"modified":"2025-03-12T13:23:14","modified_gmt":"2025-03-12T11:23:14","slug":"stainless-steel-beam-coupling-with-set-screw-fixing","status":"publish","type":"page","link":"https:\/\/inventcad.ro\/ro\/produse\/distribuitor-produse-bervina\/cuplaje-miniatura\/beam-couplings\/stainless-steel-beam-coupling-with-set-screw-fixing\/","title":{"rendered":"Stainless Steel Beam Coupling With Set Screw Fixing"},"content":{"rendered":"\n<p>Principalele atribute:<\/p>\n\n\n\n<ul class=\"wp-block-list\">\n<li>Construc\u021bie metalic\u0103 dintr-o bucat\u0103<\/li>\n\n\n\n<li>Alezaj arbore de la 1,9 mm la 19 mm (0,075 inch la 0.750 inch)<\/li>\n\n\n\n<li>Compenseaz\u0103 alinierea unghiular\u0103, paralel\u0103 \u0219i axial\u0103<\/li>\n\n\n\n<li>Clem\u0103 \u0219i seta\u021bi stiluri de ata\u0219are cu \u0219uruburi<\/li>\n\n\n\n<li>Joc zero<\/li>\n\n\n\n<li>Vitez\u0103 constant\u0103<\/li>\n\n\n\n<li>Versiuni din o\u021bel inoxidabil \u0219i aluminiu<\/li>\n\n\n\n<li>Relieful intern al forajului ca standard pentru un singur fascicul op\u021bional pentru cuplajele cu mai multe fascicul<\/li>\n\n\n\n<li>Toleran\u021b\u0103 ridicat\u0103 la substan\u021be chimice, coroziune, c\u0103ldur\u0103<\/li>\n\n\n\n<li>Timp scurt de livrare<\/li>\n<\/ul>\n\n\n\n<div data-wp-interactive=\"core\/file\" class=\"wp-block-file\"><object data-wp-bind--hidden=\"!state.hasPdfPreview\" hidden class=\"wp-block-file__embed\" data=\"https:\/\/inventcad.ro\/ro\/wp-content\/uploads\/2025\/03\/Page_32_STAINLESS-STEEL-BEAM-COUPLING-WITH-SCREW-FIXING.pdf\" type=\"application\/pdf\" style=\"width:100%;height:1000px\" aria-label=\"\u00cenglobare pentru STAINLESS STEEL BEAM COUPLING WITH SCREW FIXING.\"><\/object><a id=\"wp-block-file--media-7d5c087e-b56e-4abd-a342-2eb44de423fb\" href=\"https:\/\/inventcad.ro\/ro\/wp-content\/uploads\/2025\/03\/Page_32_STAINLESS-STEEL-BEAM-COUPLING-WITH-SCREW-FIXING.pdf\">STAINLESS STEEL BEAM COUPLING WITH SCREW FIXING<\/a><\/div>\n","protected":false},"excerpt":{"rendered":"<p>Principalele atribute:<\/p>\n","protected":false},"author":1,"featured_media":0,"parent":2182,"menu_order":7,"comment_status":"closed","ping_status":"closed","template":"","meta":{"footnotes":""},"class_list":["post-2519","page","type-page","status-publish","hentry"],"yoast_head":"<!-- This site is optimized with the Yoast SEO Premium plugin v27.2 (Yoast SEO v27.3) - https:\/\/yoast.com\/product\/yoast-seo-premium-wordpress\/ -->\n<title>Stainless Steel Beam Coupling With Set Screw Fixing - InventCAD<\/title>\n<meta name=\"robots\" content=\"index, follow, max-snippet:-1, max-image-preview:large, max-video-preview:-1\" \/>\n<link rel=\"canonical\" href=\"https:\/\/inventcad.ro\/ro\/produse\/distribuitor-produse-bervina\/cuplaje-miniatura\/beam-couplings\/stainless-steel-beam-coupling-with-set-screw-fixing\/\" \/>\n<meta property=\"og:locale\" content=\"ro_RO\" \/>\n<meta property=\"og:type\" content=\"article\" \/>\n<meta property=\"og:title\" content=\"Stainless Steel Beam Coupling With Set Screw Fixing\" \/>\n<meta property=\"og:description\" content=\"Principalele atribute:\" \/>\n<meta property=\"og:url\" content=\"https:\/\/inventcad.ro\/ro\/produse\/distribuitor-produse-bervina\/cuplaje-miniatura\/beam-couplings\/stainless-steel-beam-coupling-with-set-screw-fixing\/\" \/>\n<meta property=\"og:site_name\" content=\"InventCAD\" \/>\n<meta property=\"article:publisher\" content=\"https:\/\/www.facebook.com\/inventcad\" \/>\n<meta property=\"article:modified_time\" content=\"2025-03-12T11:23:14+00:00\" \/>\n<meta name=\"twitter:card\" content=\"summary_large_image\" \/>\n<meta name=\"twitter:label1\" content=\"Timp estimat pentru citire\" \/>\n\t<meta name=\"twitter:data1\" content=\"1 minut\" \/>\n<script type=\"application\/ld+json\" class=\"yoast-schema-graph\">{\"@context\":\"https:\\\/\\\/schema.org\",\"@graph\":[{\"@type\":\"WebPage\",\"@id\":\"https:\\\/\\\/inventcad.ro\\\/ro\\\/produse\\\/distribuitor-produse-bervina\\\/cuplaje-miniatura\\\/beam-couplings\\\/stainless-steel-beam-coupling-with-set-screw-fixing\\\/\",\"url\":\"https:\\\/\\\/inventcad.ro\\\/ro\\\/produse\\\/distribuitor-produse-bervina\\\/cuplaje-miniatura\\\/beam-couplings\\\/stainless-steel-beam-coupling-with-set-screw-fixing\\\/\",\"name\":\"Stainless Steel Beam Coupling With Set Screw Fixing - InventCAD\",\"isPartOf\":{\"@id\":\"https:\\\/\\\/inventcad.ro\\\/ro\\\/#website\"},\"datePublished\":\"2025-03-12T11:22:54+00:00\",\"dateModified\":\"2025-03-12T11:23:14+00:00\",\"breadcrumb\":{\"@id\":\"https:\\\/\\\/inventcad.ro\\\/ro\\\/produse\\\/distribuitor-produse-bervina\\\/cuplaje-miniatura\\\/beam-couplings\\\/stainless-steel-beam-coupling-with-set-screw-fixing\\\/#breadcrumb\"},\"inLanguage\":\"ro-RO\",\"potentialAction\":[{\"@type\":\"ReadAction\",\"target\":[\"https:\\\/\\\/inventcad.ro\\\/ro\\\/produse\\\/distribuitor-produse-bervina\\\/cuplaje-miniatura\\\/beam-couplings\\\/stainless-steel-beam-coupling-with-set-screw-fixing\\\/\"]}]},{\"@type\":\"BreadcrumbList\",\"@id\":\"https:\\\/\\\/inventcad.ro\\\/ro\\\/produse\\\/distribuitor-produse-bervina\\\/cuplaje-miniatura\\\/beam-couplings\\\/stainless-steel-beam-coupling-with-set-screw-fixing\\\/#breadcrumb\",\"itemListElement\":[{\"@type\":\"ListItem\",\"position\":1,\"name\":\"Home\",\"item\":\"https:\\\/\\\/inventcad.ro\\\/ro\\\/\"},{\"@type\":\"ListItem\",\"position\":2,\"name\":\"Produse\",\"item\":\"https:\\\/\\\/inventcad.ro\\\/ro\\\/produse\\\/\"},{\"@type\":\"ListItem\",\"position\":3,\"name\":\"Distribuitor produse BERVINA\",\"item\":\"https:\\\/\\\/inventcad.ro\\\/ro\\\/produse\\\/distribuitor-produse-bervina\\\/\"},{\"@type\":\"ListItem\",\"position\":4,\"name\":\"Cuplaje miniatur\u0103\",\"item\":\"https:\\\/\\\/inventcad.ro\\\/ro\\\/produse\\\/distribuitor-produse-bervina\\\/cuplaje-miniatura\\\/\"},{\"@type\":\"ListItem\",\"position\":5,\"name\":\"Beam Couplings\",\"item\":\"https:\\\/\\\/inventcad.ro\\\/ro\\\/produse\\\/distribuitor-produse-bervina\\\/cuplaje-miniatura\\\/beam-couplings\\\/\"},{\"@type\":\"ListItem\",\"position\":6,\"name\":\"Stainless Steel Beam Coupling With Set Screw Fixing\"}]},{\"@type\":\"WebSite\",\"@id\":\"https:\\\/\\\/inventcad.ro\\\/ro\\\/#website\",\"url\":\"https:\\\/\\\/inventcad.ro\\\/ro\\\/\",\"name\":\"InventCAD\",\"description\":\"Proiectare mecanic\u0103, automatiz\u0103ri industriale\",\"publisher\":{\"@id\":\"https:\\\/\\\/inventcad.ro\\\/ro\\\/#organization\"},\"potentialAction\":[{\"@type\":\"SearchAction\",\"target\":{\"@type\":\"EntryPoint\",\"urlTemplate\":\"https:\\\/\\\/inventcad.ro\\\/ro\\\/?s={search_term_string}\"},\"query-input\":{\"@type\":\"PropertyValueSpecification\",\"valueRequired\":true,\"valueName\":\"search_term_string\"}}],\"inLanguage\":\"ro-RO\"},{\"@type\":\"Organization\",\"@id\":\"https:\\\/\\\/inventcad.ro\\\/ro\\\/#organization\",\"name\":\"InventCAD\",\"url\":\"https:\\\/\\\/inventcad.ro\\\/ro\\\/\",\"logo\":{\"@type\":\"ImageObject\",\"inLanguage\":\"ro-RO\",\"@id\":\"https:\\\/\\\/inventcad.ro\\\/ro\\\/#\\\/schema\\\/logo\\\/image\\\/\",\"url\":\"https:\\\/\\\/inventcad.ro\\\/ro\\\/wp-content\\\/uploads\\\/2020\\\/11\\\/inventcad-logo.png\",\"contentUrl\":\"https:\\\/\\\/inventcad.ro\\\/ro\\\/wp-content\\\/uploads\\\/2020\\\/11\\\/inventcad-logo.png\",\"width\":1653,\"height\":250,\"caption\":\"InventCAD\"},\"image\":{\"@id\":\"https:\\\/\\\/inventcad.ro\\\/ro\\\/#\\\/schema\\\/logo\\\/image\\\/\"},\"sameAs\":[\"https:\\\/\\\/www.facebook.com\\\/inventcad\",\"https:\\\/\\\/www.linkedin.com\\\/company\\\/inventcad\\\/\",\"https:\\\/\\\/www.youtube.com\\\/user\\\/InventCAD\"],\"description\":\"Mechanical design, industrial automation, and engineering services.\",\"email\":\"office@inventcad.ro\",\"legalName\":\"InventCAD SRL\",\"foundingDate\":\"2003-03-10\",\"vatID\":\"RO15368893\",\"numberOfEmployees\":{\"@type\":\"QuantitativeValue\",\"minValue\":\"1\",\"maxValue\":\"10\"}}]}<\/script>\n<!-- \/ Yoast SEO Premium plugin. -->","yoast_head_json":{"title":"Stainless Steel Beam Coupling With Set Screw Fixing - InventCAD","robots":{"index":"index","follow":"follow","max-snippet":"max-snippet:-1","max-image-preview":"max-image-preview:large","max-video-preview":"max-video-preview:-1"},"canonical":"https:\/\/inventcad.ro\/ro\/produse\/distribuitor-produse-bervina\/cuplaje-miniatura\/beam-couplings\/stainless-steel-beam-coupling-with-set-screw-fixing\/","og_locale":"ro_RO","og_type":"article","og_title":"Stainless Steel Beam Coupling With Set Screw Fixing","og_description":"Principalele atribute:","og_url":"https:\/\/inventcad.ro\/ro\/produse\/distribuitor-produse-bervina\/cuplaje-miniatura\/beam-couplings\/stainless-steel-beam-coupling-with-set-screw-fixing\/","og_site_name":"InventCAD","article_publisher":"https:\/\/www.facebook.com\/inventcad","article_modified_time":"2025-03-12T11:23:14+00:00","twitter_card":"summary_large_image","twitter_misc":{"Timp estimat pentru citire":"1 minut"},"schema":{"@context":"https:\/\/schema.org","@graph":[{"@type":"WebPage","@id":"https:\/\/inventcad.ro\/ro\/produse\/distribuitor-produse-bervina\/cuplaje-miniatura\/beam-couplings\/stainless-steel-beam-coupling-with-set-screw-fixing\/","url":"https:\/\/inventcad.ro\/ro\/produse\/distribuitor-produse-bervina\/cuplaje-miniatura\/beam-couplings\/stainless-steel-beam-coupling-with-set-screw-fixing\/","name":"Stainless Steel Beam Coupling With Set Screw Fixing - InventCAD","isPartOf":{"@id":"https:\/\/inventcad.ro\/ro\/#website"},"datePublished":"2025-03-12T11:22:54+00:00","dateModified":"2025-03-12T11:23:14+00:00","breadcrumb":{"@id":"https:\/\/inventcad.ro\/ro\/produse\/distribuitor-produse-bervina\/cuplaje-miniatura\/beam-couplings\/stainless-steel-beam-coupling-with-set-screw-fixing\/#breadcrumb"},"inLanguage":"ro-RO","potentialAction":[{"@type":"ReadAction","target":["https:\/\/inventcad.ro\/ro\/produse\/distribuitor-produse-bervina\/cuplaje-miniatura\/beam-couplings\/stainless-steel-beam-coupling-with-set-screw-fixing\/"]}]},{"@type":"BreadcrumbList","@id":"https:\/\/inventcad.ro\/ro\/produse\/distribuitor-produse-bervina\/cuplaje-miniatura\/beam-couplings\/stainless-steel-beam-coupling-with-set-screw-fixing\/#breadcrumb","itemListElement":[{"@type":"ListItem","position":1,"name":"Home","item":"https:\/\/inventcad.ro\/ro\/"},{"@type":"ListItem","position":2,"name":"Produse","item":"https:\/\/inventcad.ro\/ro\/produse\/"},{"@type":"ListItem","position":3,"name":"Distribuitor produse BERVINA","item":"https:\/\/inventcad.ro\/ro\/produse\/distribuitor-produse-bervina\/"},{"@type":"ListItem","position":4,"name":"Cuplaje miniatur\u0103","item":"https:\/\/inventcad.ro\/ro\/produse\/distribuitor-produse-bervina\/cuplaje-miniatura\/"},{"@type":"ListItem","position":5,"name":"Beam Couplings","item":"https:\/\/inventcad.ro\/ro\/produse\/distribuitor-produse-bervina\/cuplaje-miniatura\/beam-couplings\/"},{"@type":"ListItem","position":6,"name":"Stainless Steel Beam Coupling With Set Screw Fixing"}]},{"@type":"WebSite","@id":"https:\/\/inventcad.ro\/ro\/#website","url":"https:\/\/inventcad.ro\/ro\/","name":"InventCAD","description":"Proiectare mecanic\u0103, automatiz\u0103ri industriale","publisher":{"@id":"https:\/\/inventcad.ro\/ro\/#organization"},"potentialAction":[{"@type":"SearchAction","target":{"@type":"EntryPoint","urlTemplate":"https:\/\/inventcad.ro\/ro\/?s={search_term_string}"},"query-input":{"@type":"PropertyValueSpecification","valueRequired":true,"valueName":"search_term_string"}}],"inLanguage":"ro-RO"},{"@type":"Organization","@id":"https:\/\/inventcad.ro\/ro\/#organization","name":"InventCAD","url":"https:\/\/inventcad.ro\/ro\/","logo":{"@type":"ImageObject","inLanguage":"ro-RO","@id":"https:\/\/inventcad.ro\/ro\/#\/schema\/logo\/image\/","url":"https:\/\/inventcad.ro\/ro\/wp-content\/uploads\/2020\/11\/inventcad-logo.png","contentUrl":"https:\/\/inventcad.ro\/ro\/wp-content\/uploads\/2020\/11\/inventcad-logo.png","width":1653,"height":250,"caption":"InventCAD"},"image":{"@id":"https:\/\/inventcad.ro\/ro\/#\/schema\/logo\/image\/"},"sameAs":["https:\/\/www.facebook.com\/inventcad","https:\/\/www.linkedin.com\/company\/inventcad\/","https:\/\/www.youtube.com\/user\/InventCAD"],"description":"Mechanical design, industrial automation, and engineering services.","email":"office@inventcad.ro","legalName":"InventCAD SRL","foundingDate":"2003-03-10","vatID":"RO15368893","numberOfEmployees":{"@type":"QuantitativeValue","minValue":"1","maxValue":"10"}}]}},"_links":{"self":[{"href":"https:\/\/inventcad.ro\/ro\/wp-json\/wp\/v2\/pages\/2519","targetHints":{"allow":["GET"]}}],"collection":[{"href":"https:\/\/inventcad.ro\/ro\/wp-json\/wp\/v2\/pages"}],"about":[{"href":"https:\/\/inventcad.ro\/ro\/wp-json\/wp\/v2\/types\/page"}],"author":[{"embeddable":true,"href":"https:\/\/inventcad.ro\/ro\/wp-json\/wp\/v2\/users\/1"}],"replies":[{"embeddable":true,"href":"https:\/\/inventcad.ro\/ro\/wp-json\/wp\/v2\/comments?post=2519"}],"version-history":[{"count":2,"href":"https:\/\/inventcad.ro\/ro\/wp-json\/wp\/v2\/pages\/2519\/revisions"}],"predecessor-version":[{"id":2601,"href":"https:\/\/inventcad.ro\/ro\/wp-json\/wp\/v2\/pages\/2519\/revisions\/2601"}],"up":[{"embeddable":true,"href":"https:\/\/inventcad.ro\/ro\/wp-json\/wp\/v2\/pages\/2182"}],"wp:attachment":[{"href":"https:\/\/inventcad.ro\/ro\/wp-json\/wp\/v2\/media?parent=2519"}],"curies":[{"name":"wp","href":"https:\/\/api.w.org\/{rel}","templated":true}]}}