{"id":2425,"date":"2025-03-11T17:40:08","date_gmt":"2025-03-11T15:40:08","guid":{"rendered":"https:\/\/inventcad.ro\/ro\/?page_id=2425"},"modified":"2025-03-12T09:21:34","modified_gmt":"2025-03-12T07:21:34","slug":"double-durometer-fda-sausage-belt-new","status":"publish","type":"page","link":"https:\/\/inventcad.ro\/ro\/produse\/distribuitor-produse-bervina\/curele-de-distributie\/curele-de-distributie-fda\/double-durometer-fda-sausage-belt-new\/","title":{"rendered":"Double Durometer FDA Sausage Belt NEW!"},"content":{"rendered":"\n<p>Propriet\u0103\u021bi mecanice \u0219i chimice:<\/p>\n\n\n\n<ul class=\"wp-block-list\">\n<li>Fabricat din materiale FDA ecologice, de calitate \u00een contact cu alimentele<\/li>\n\n\n\n<li>\u00cent\u0103rire \u0219nur din o\u021bel inoxidabil<\/li>\n\n\n\n<li>Cu adev\u0103rat f\u0103r\u0103 sf\u00e2r\u0219it, strat exterior turnat, f\u0103r\u0103 lipici, f\u0103r\u0103 t\u0103ieturi<\/li>\n\n\n\n<li>Duritate: centur\u0103 de baz\u0103 80 Shore A, strat exterior cu noburi 50-80 Shore A<\/li>\n\n\n\n<li>Op\u021biune centur\u0103 de baz\u0103 cu PAZ<\/li>\n\n\n\n<li>Rezisten\u021b\u0103 la c\u0103ldur\u0103 la temperatura de func\u021bionare 80\u00b0C (pe termen scurt p\u00e2n\u0103 la 100\u00b0C)<\/li>\n\n\n\n<li>Comportament bun la temperaturi sc\u0103zute<\/li>\n\n\n\n<li>Rezisten\u021b\u0103 foarte bun\u0103 la hidroliz\u0103<\/li>\n\n\n\n<li>Rezisten\u021b\u0103 bun\u0103 la abraziune<\/li>\n\n\n\n<li>Rezisten\u021b\u0103 bun\u0103 la ulei, solven\u021bi, hidrocarburi<\/li>\n\n\n\n<li>Capacitatea de \u00eenc\u0103rcare este egal\u0103 cu curelele de distribu\u021bie normale din PU<\/li>\n<\/ul>\n\n\n\n<figure class=\"wp-block-image size-full\"><img loading=\"lazy\" decoding=\"async\" width=\"695\" height=\"418\" src=\"https:\/\/inventcad.ro\/ro\/wp-content\/uploads\/2025\/03\/double_durometer_fda_sausage_belt.png\" alt=\"Double Durometer FDA Sausage Belt NEW!\" class=\"wp-image-2432\" srcset=\"https:\/\/inventcad.ro\/ro\/wp-content\/uploads\/2025\/03\/double_durometer_fda_sausage_belt.png 695w, https:\/\/inventcad.ro\/ro\/wp-content\/uploads\/2025\/03\/double_durometer_fda_sausage_belt-300x180.png 300w\" sizes=\"auto, (max-width: 695px) 100vw, 695px\" \/><figcaption class=\"wp-element-caption\">Double Durometer FDA Sausage Belt NEW!<\/figcaption><\/figure>\n\n\n\n<div data-wp-interactive=\"core\/file\" class=\"wp-block-file\"><object data-wp-bind--hidden=\"!state.hasPdfPreview\" hidden class=\"wp-block-file__embed\" data=\"https:\/\/inventcad.ro\/ro\/wp-content\/uploads\/2025\/03\/Page_10_Ine-Layer-FDA-Sausage-Belts.pdf\" type=\"application\/pdf\" style=\"width:100%;height:1000px\" aria-label=\"\u00cenglobare pentru Page 10 Ine Layer FDA Sausage Belts.\"><\/object><a id=\"wp-block-file--media-63dd6671-ec2d-4f77-99f0-6b348fc55ba1\" href=\"https:\/\/inventcad.ro\/ro\/wp-content\/uploads\/2025\/03\/Page_10_Ine-Layer-FDA-Sausage-Belts.pdf\">Page 10 Ine Layer FDA Sausage Belts<\/a><\/div>\n","protected":false},"excerpt":{"rendered":"<p>Propriet\u0103\u021bi mecanice \u0219i chimice:<\/p>\n","protected":false},"author":1,"featured_media":0,"parent":2100,"menu_order":12,"comment_status":"closed","ping_status":"closed","template":"","meta":{"footnotes":""},"class_list":["post-2425","page","type-page","status-publish","hentry"],"yoast_head":"<!-- This site is optimized with the Yoast SEO Premium plugin v27.3 (Yoast SEO v27.3) - https:\/\/yoast.com\/product\/yoast-seo-premium-wordpress\/ -->\n<title>Double Durometer FDA Sausage Belt NEW! - InventCAD<\/title>\n<meta name=\"robots\" content=\"index, follow, max-snippet:-1, max-image-preview:large, max-video-preview:-1\" \/>\n<link rel=\"canonical\" href=\"https:\/\/inventcad.ro\/ro\/produse\/distribuitor-produse-bervina\/curele-de-distributie\/curele-de-distributie-fda\/double-durometer-fda-sausage-belt-new\/\" \/>\n<meta property=\"og:locale\" content=\"ro_RO\" \/>\n<meta property=\"og:type\" content=\"article\" \/>\n<meta property=\"og:title\" content=\"Double Durometer FDA Sausage Belt NEW!\" \/>\n<meta property=\"og:description\" content=\"Propriet\u0103\u021bi mecanice \u0219i chimice:\" \/>\n<meta property=\"og:url\" content=\"https:\/\/inventcad.ro\/ro\/produse\/distribuitor-produse-bervina\/curele-de-distributie\/curele-de-distributie-fda\/double-durometer-fda-sausage-belt-new\/\" \/>\n<meta property=\"og:site_name\" content=\"InventCAD\" \/>\n<meta property=\"article:publisher\" content=\"https:\/\/www.facebook.com\/inventcad\" \/>\n<meta property=\"article:modified_time\" content=\"2025-03-12T07:21:34+00:00\" \/>\n<meta property=\"og:image\" content=\"https:\/\/inventcad.ro\/ro\/wp-content\/uploads\/2025\/03\/double_durometer_fda_sausage_belt.png\" \/>\n\t<meta property=\"og:image:width\" content=\"695\" \/>\n\t<meta property=\"og:image:height\" content=\"418\" \/>\n\t<meta property=\"og:image:type\" content=\"image\/png\" \/>\n<meta name=\"twitter:card\" content=\"summary_large_image\" \/>\n<meta name=\"twitter:label1\" content=\"Timp estimat pentru citire\" \/>\n\t<meta name=\"twitter:data1\" content=\"1 minut\" \/>\n<script type=\"application\/ld+json\" class=\"yoast-schema-graph\">{\"@context\":\"https:\\\/\\\/schema.org\",\"@graph\":[{\"@type\":\"WebPage\",\"@id\":\"https:\\\/\\\/inventcad.ro\\\/ro\\\/produse\\\/distribuitor-produse-bervina\\\/curele-de-distributie\\\/curele-de-distributie-fda\\\/double-durometer-fda-sausage-belt-new\\\/\",\"url\":\"https:\\\/\\\/inventcad.ro\\\/ro\\\/produse\\\/distribuitor-produse-bervina\\\/curele-de-distributie\\\/curele-de-distributie-fda\\\/double-durometer-fda-sausage-belt-new\\\/\",\"name\":\"Double Durometer FDA Sausage Belt NEW! - InventCAD\",\"isPartOf\":{\"@id\":\"https:\\\/\\\/inventcad.ro\\\/ro\\\/#website\"},\"primaryImageOfPage\":{\"@id\":\"https:\\\/\\\/inventcad.ro\\\/ro\\\/produse\\\/distribuitor-produse-bervina\\\/curele-de-distributie\\\/curele-de-distributie-fda\\\/double-durometer-fda-sausage-belt-new\\\/#primaryimage\"},\"image\":{\"@id\":\"https:\\\/\\\/inventcad.ro\\\/ro\\\/produse\\\/distribuitor-produse-bervina\\\/curele-de-distributie\\\/curele-de-distributie-fda\\\/double-durometer-fda-sausage-belt-new\\\/#primaryimage\"},\"thumbnailUrl\":\"https:\\\/\\\/inventcad.ro\\\/ro\\\/wp-content\\\/uploads\\\/2025\\\/03\\\/double_durometer_fda_sausage_belt.png\",\"datePublished\":\"2025-03-11T15:40:08+00:00\",\"dateModified\":\"2025-03-12T07:21:34+00:00\",\"breadcrumb\":{\"@id\":\"https:\\\/\\\/inventcad.ro\\\/ro\\\/produse\\\/distribuitor-produse-bervina\\\/curele-de-distributie\\\/curele-de-distributie-fda\\\/double-durometer-fda-sausage-belt-new\\\/#breadcrumb\"},\"inLanguage\":\"ro-RO\",\"potentialAction\":[{\"@type\":\"ReadAction\",\"target\":[\"https:\\\/\\\/inventcad.ro\\\/ro\\\/produse\\\/distribuitor-produse-bervina\\\/curele-de-distributie\\\/curele-de-distributie-fda\\\/double-durometer-fda-sausage-belt-new\\\/\"]}]},{\"@type\":\"ImageObject\",\"inLanguage\":\"ro-RO\",\"@id\":\"https:\\\/\\\/inventcad.ro\\\/ro\\\/produse\\\/distribuitor-produse-bervina\\\/curele-de-distributie\\\/curele-de-distributie-fda\\\/double-durometer-fda-sausage-belt-new\\\/#primaryimage\",\"url\":\"https:\\\/\\\/inventcad.ro\\\/ro\\\/wp-content\\\/uploads\\\/2025\\\/03\\\/double_durometer_fda_sausage_belt.png\",\"contentUrl\":\"https:\\\/\\\/inventcad.ro\\\/ro\\\/wp-content\\\/uploads\\\/2025\\\/03\\\/double_durometer_fda_sausage_belt.png\",\"width\":695,\"height\":418,\"caption\":\"Double Durometer FDA Sausage Belt NEW!\"},{\"@type\":\"BreadcrumbList\",\"@id\":\"https:\\\/\\\/inventcad.ro\\\/ro\\\/produse\\\/distribuitor-produse-bervina\\\/curele-de-distributie\\\/curele-de-distributie-fda\\\/double-durometer-fda-sausage-belt-new\\\/#breadcrumb\",\"itemListElement\":[{\"@type\":\"ListItem\",\"position\":1,\"name\":\"Home\",\"item\":\"https:\\\/\\\/inventcad.ro\\\/ro\\\/\"},{\"@type\":\"ListItem\",\"position\":2,\"name\":\"Produse\",\"item\":\"https:\\\/\\\/inventcad.ro\\\/ro\\\/produse\\\/\"},{\"@type\":\"ListItem\",\"position\":3,\"name\":\"Distribuitor produse BERVINA\",\"item\":\"https:\\\/\\\/inventcad.ro\\\/ro\\\/produse\\\/distribuitor-produse-bervina\\\/\"},{\"@type\":\"ListItem\",\"position\":4,\"name\":\"Curele de distributie\",\"item\":\"https:\\\/\\\/inventcad.ro\\\/ro\\\/produse\\\/distribuitor-produse-bervina\\\/curele-de-distributie\\\/\"},{\"@type\":\"ListItem\",\"position\":5,\"name\":\"Curele de distribu\u021bie FDA\",\"item\":\"https:\\\/\\\/inventcad.ro\\\/ro\\\/produse\\\/distribuitor-produse-bervina\\\/curele-de-distributie\\\/curele-de-distributie-fda\\\/\"},{\"@type\":\"ListItem\",\"position\":6,\"name\":\"Double Durometer FDA Sausage Belt NEW!\"}]},{\"@type\":\"WebSite\",\"@id\":\"https:\\\/\\\/inventcad.ro\\\/ro\\\/#website\",\"url\":\"https:\\\/\\\/inventcad.ro\\\/ro\\\/\",\"name\":\"InventCAD\",\"description\":\"Proiectare mecanic\u0103, automatiz\u0103ri industriale\",\"publisher\":{\"@id\":\"https:\\\/\\\/inventcad.ro\\\/ro\\\/#organization\"},\"potentialAction\":[{\"@type\":\"SearchAction\",\"target\":{\"@type\":\"EntryPoint\",\"urlTemplate\":\"https:\\\/\\\/inventcad.ro\\\/ro\\\/?s={search_term_string}\"},\"query-input\":{\"@type\":\"PropertyValueSpecification\",\"valueRequired\":true,\"valueName\":\"search_term_string\"}}],\"inLanguage\":\"ro-RO\"},{\"@type\":\"Organization\",\"@id\":\"https:\\\/\\\/inventcad.ro\\\/ro\\\/#organization\",\"name\":\"InventCAD\",\"url\":\"https:\\\/\\\/inventcad.ro\\\/ro\\\/\",\"logo\":{\"@type\":\"ImageObject\",\"inLanguage\":\"ro-RO\",\"@id\":\"https:\\\/\\\/inventcad.ro\\\/ro\\\/#\\\/schema\\\/logo\\\/image\\\/\",\"url\":\"https:\\\/\\\/inventcad.ro\\\/ro\\\/wp-content\\\/uploads\\\/2020\\\/11\\\/inventcad-logo.png\",\"contentUrl\":\"https:\\\/\\\/inventcad.ro\\\/ro\\\/wp-content\\\/uploads\\\/2020\\\/11\\\/inventcad-logo.png\",\"width\":1653,\"height\":250,\"caption\":\"InventCAD\"},\"image\":{\"@id\":\"https:\\\/\\\/inventcad.ro\\\/ro\\\/#\\\/schema\\\/logo\\\/image\\\/\"},\"sameAs\":[\"https:\\\/\\\/www.facebook.com\\\/inventcad\",\"https:\\\/\\\/www.linkedin.com\\\/company\\\/inventcad\\\/\",\"https:\\\/\\\/www.youtube.com\\\/user\\\/InventCAD\"],\"description\":\"Mechanical design, industrial automation, and engineering services.\",\"email\":\"office@inventcad.ro\",\"legalName\":\"InventCAD SRL\",\"foundingDate\":\"2003-03-10\",\"vatID\":\"RO15368893\",\"numberOfEmployees\":{\"@type\":\"QuantitativeValue\",\"minValue\":\"1\",\"maxValue\":\"10\"}}]}<\/script>\n<!-- \/ Yoast SEO Premium plugin. -->","yoast_head_json":{"title":"Double Durometer FDA Sausage Belt NEW! - InventCAD","robots":{"index":"index","follow":"follow","max-snippet":"max-snippet:-1","max-image-preview":"max-image-preview:large","max-video-preview":"max-video-preview:-1"},"canonical":"https:\/\/inventcad.ro\/ro\/produse\/distribuitor-produse-bervina\/curele-de-distributie\/curele-de-distributie-fda\/double-durometer-fda-sausage-belt-new\/","og_locale":"ro_RO","og_type":"article","og_title":"Double Durometer FDA Sausage Belt NEW!","og_description":"Propriet\u0103\u021bi mecanice \u0219i chimice:","og_url":"https:\/\/inventcad.ro\/ro\/produse\/distribuitor-produse-bervina\/curele-de-distributie\/curele-de-distributie-fda\/double-durometer-fda-sausage-belt-new\/","og_site_name":"InventCAD","article_publisher":"https:\/\/www.facebook.com\/inventcad","article_modified_time":"2025-03-12T07:21:34+00:00","og_image":[{"width":695,"height":418,"url":"https:\/\/inventcad.ro\/ro\/wp-content\/uploads\/2025\/03\/double_durometer_fda_sausage_belt.png","type":"image\/png"}],"twitter_card":"summary_large_image","twitter_misc":{"Timp estimat pentru citire":"1 minut"},"schema":{"@context":"https:\/\/schema.org","@graph":[{"@type":"WebPage","@id":"https:\/\/inventcad.ro\/ro\/produse\/distribuitor-produse-bervina\/curele-de-distributie\/curele-de-distributie-fda\/double-durometer-fda-sausage-belt-new\/","url":"https:\/\/inventcad.ro\/ro\/produse\/distribuitor-produse-bervina\/curele-de-distributie\/curele-de-distributie-fda\/double-durometer-fda-sausage-belt-new\/","name":"Double Durometer FDA Sausage Belt NEW! - InventCAD","isPartOf":{"@id":"https:\/\/inventcad.ro\/ro\/#website"},"primaryImageOfPage":{"@id":"https:\/\/inventcad.ro\/ro\/produse\/distribuitor-produse-bervina\/curele-de-distributie\/curele-de-distributie-fda\/double-durometer-fda-sausage-belt-new\/#primaryimage"},"image":{"@id":"https:\/\/inventcad.ro\/ro\/produse\/distribuitor-produse-bervina\/curele-de-distributie\/curele-de-distributie-fda\/double-durometer-fda-sausage-belt-new\/#primaryimage"},"thumbnailUrl":"https:\/\/inventcad.ro\/ro\/wp-content\/uploads\/2025\/03\/double_durometer_fda_sausage_belt.png","datePublished":"2025-03-11T15:40:08+00:00","dateModified":"2025-03-12T07:21:34+00:00","breadcrumb":{"@id":"https:\/\/inventcad.ro\/ro\/produse\/distribuitor-produse-bervina\/curele-de-distributie\/curele-de-distributie-fda\/double-durometer-fda-sausage-belt-new\/#breadcrumb"},"inLanguage":"ro-RO","potentialAction":[{"@type":"ReadAction","target":["https:\/\/inventcad.ro\/ro\/produse\/distribuitor-produse-bervina\/curele-de-distributie\/curele-de-distributie-fda\/double-durometer-fda-sausage-belt-new\/"]}]},{"@type":"ImageObject","inLanguage":"ro-RO","@id":"https:\/\/inventcad.ro\/ro\/produse\/distribuitor-produse-bervina\/curele-de-distributie\/curele-de-distributie-fda\/double-durometer-fda-sausage-belt-new\/#primaryimage","url":"https:\/\/inventcad.ro\/ro\/wp-content\/uploads\/2025\/03\/double_durometer_fda_sausage_belt.png","contentUrl":"https:\/\/inventcad.ro\/ro\/wp-content\/uploads\/2025\/03\/double_durometer_fda_sausage_belt.png","width":695,"height":418,"caption":"Double Durometer FDA Sausage Belt NEW!"},{"@type":"BreadcrumbList","@id":"https:\/\/inventcad.ro\/ro\/produse\/distribuitor-produse-bervina\/curele-de-distributie\/curele-de-distributie-fda\/double-durometer-fda-sausage-belt-new\/#breadcrumb","itemListElement":[{"@type":"ListItem","position":1,"name":"Home","item":"https:\/\/inventcad.ro\/ro\/"},{"@type":"ListItem","position":2,"name":"Produse","item":"https:\/\/inventcad.ro\/ro\/produse\/"},{"@type":"ListItem","position":3,"name":"Distribuitor produse BERVINA","item":"https:\/\/inventcad.ro\/ro\/produse\/distribuitor-produse-bervina\/"},{"@type":"ListItem","position":4,"name":"Curele de distributie","item":"https:\/\/inventcad.ro\/ro\/produse\/distribuitor-produse-bervina\/curele-de-distributie\/"},{"@type":"ListItem","position":5,"name":"Curele de distribu\u021bie FDA","item":"https:\/\/inventcad.ro\/ro\/produse\/distribuitor-produse-bervina\/curele-de-distributie\/curele-de-distributie-fda\/"},{"@type":"ListItem","position":6,"name":"Double Durometer FDA Sausage Belt NEW!"}]},{"@type":"WebSite","@id":"https:\/\/inventcad.ro\/ro\/#website","url":"https:\/\/inventcad.ro\/ro\/","name":"InventCAD","description":"Proiectare mecanic\u0103, automatiz\u0103ri industriale","publisher":{"@id":"https:\/\/inventcad.ro\/ro\/#organization"},"potentialAction":[{"@type":"SearchAction","target":{"@type":"EntryPoint","urlTemplate":"https:\/\/inventcad.ro\/ro\/?s={search_term_string}"},"query-input":{"@type":"PropertyValueSpecification","valueRequired":true,"valueName":"search_term_string"}}],"inLanguage":"ro-RO"},{"@type":"Organization","@id":"https:\/\/inventcad.ro\/ro\/#organization","name":"InventCAD","url":"https:\/\/inventcad.ro\/ro\/","logo":{"@type":"ImageObject","inLanguage":"ro-RO","@id":"https:\/\/inventcad.ro\/ro\/#\/schema\/logo\/image\/","url":"https:\/\/inventcad.ro\/ro\/wp-content\/uploads\/2020\/11\/inventcad-logo.png","contentUrl":"https:\/\/inventcad.ro\/ro\/wp-content\/uploads\/2020\/11\/inventcad-logo.png","width":1653,"height":250,"caption":"InventCAD"},"image":{"@id":"https:\/\/inventcad.ro\/ro\/#\/schema\/logo\/image\/"},"sameAs":["https:\/\/www.facebook.com\/inventcad","https:\/\/www.linkedin.com\/company\/inventcad\/","https:\/\/www.youtube.com\/user\/InventCAD"],"description":"Mechanical design, industrial automation, and engineering services.","email":"office@inventcad.ro","legalName":"InventCAD SRL","foundingDate":"2003-03-10","vatID":"RO15368893","numberOfEmployees":{"@type":"QuantitativeValue","minValue":"1","maxValue":"10"}}]}},"_links":{"self":[{"href":"https:\/\/inventcad.ro\/ro\/wp-json\/wp\/v2\/pages\/2425","targetHints":{"allow":["GET"]}}],"collection":[{"href":"https:\/\/inventcad.ro\/ro\/wp-json\/wp\/v2\/pages"}],"about":[{"href":"https:\/\/inventcad.ro\/ro\/wp-json\/wp\/v2\/types\/page"}],"author":[{"embeddable":true,"href":"https:\/\/inventcad.ro\/ro\/wp-json\/wp\/v2\/users\/1"}],"replies":[{"embeddable":true,"href":"https:\/\/inventcad.ro\/ro\/wp-json\/wp\/v2\/comments?post=2425"}],"version-history":[{"count":2,"href":"https:\/\/inventcad.ro\/ro\/wp-json\/wp\/v2\/pages\/2425\/revisions"}],"predecessor-version":[{"id":2565,"href":"https:\/\/inventcad.ro\/ro\/wp-json\/wp\/v2\/pages\/2425\/revisions\/2565"}],"up":[{"embeddable":true,"href":"https:\/\/inventcad.ro\/ro\/wp-json\/wp\/v2\/pages\/2100"}],"wp:attachment":[{"href":"https:\/\/inventcad.ro\/ro\/wp-json\/wp\/v2\/media?parent=2425"}],"curies":[{"name":"wp","href":"https:\/\/api.w.org\/{rel}","templated":true}]}}