{"id":2309,"date":"2025-03-18T10:32:36","date_gmt":"2025-03-18T08:32:36","guid":{"rendered":"https:\/\/inventcad.ro\/ro\/?page_id=2309"},"modified":"2025-03-18T12:09:35","modified_gmt":"2025-03-18T10:09:35","slug":"battery-x-ray-inspection-machine","status":"publish","type":"page","link":"https:\/\/inventcad.ro\/ro\/produse\/distribuitor-seamarkzm-2\/battery-x-ray-inspection-machine\/","title":{"rendered":"Battery X-ray Inspection Machine"},"content":{"rendered":"\n<p>Din 2019, SeamarkZM produce ma\u0219ini de inspec\u021bie a bateriilor. Compania este dedicat\u0103 oferirii de echipamente industriale avansate cu raze X, \u00eempreun\u0103 cu solu\u021bii \u0219i servicii complete, unice pentru sectorul bateriilor noi de energie. Aparatele de inspec\u021bie cu raze X pentru baterii de la SeamarkZM dispun de un sistem proprietar de preprocesare a imaginii care utilizeaz\u0103 \u00eembun\u0103t\u0103\u021birea ilumin\u0103rii sc\u0103zute multidinamice \u0219i algoritmul de filtrare multi-fuziune dinamic\u0103 \u00eenalt\u0103. Aceast\u0103 tehnologie ofer\u0103 imagini mai clare, ajut\u00e2nd operatorii s\u0103 evalueze calitatea probelor. Ma\u0219inile sunt adep\u021bi \u00een inspectarea diferitelor aspecte ale bateriilor, inclusiv surplomb\u0103ri, urechi de pl\u0103ci, pliuri cu file \u0219i pliuri de suprafa\u021b\u0103 mare, printre altele.<\/p>\n\n\n\n<ul class=\"wp-block-list\">\n<li><a href=\"https:\/\/inventcad.ro\/ro\/produse\/distribuitor-seamarkzm-2\/battery-x-ray-inspection-machine\/x-ray-inspection-machine-for-winding-battery\/\">Ma\u0219in\u0103 de inspec\u021bie cu raze X pentru baterie de \u00eenf\u0103\u0219urare<\/a><\/li>\n\n\n\n<li><a href=\"https:\/\/inventcad.ro\/ro\/produse\/distribuitor-seamarkzm-2\/battery-x-ray-inspection-machine\/x-ray-inspection-machine-for-stacking-battery\/\">Ma\u0219in\u0103 de inspec\u021bie cu raze X pentru stivuirea bateriei<\/a><\/li>\n<\/ul>\n\n\n\n<p><\/p>\n","protected":false},"excerpt":{"rendered":"<p>Din 2019, SeamarkZM produce ma\u0219ini de inspec\u021bie a bateriilor. Compania este dedicat\u0103 oferirii de echipamente industriale avansate cu raze X, \u00eempreun\u0103 cu solu\u021bii \u0219i servicii complete, unice pentru sectorul bateriilor noi de energie. Aparatele de inspec\u021bie cu raze X pentru baterii de la SeamarkZM dispun de un sistem proprietar de preprocesare a imaginii care utilizeaz\u0103 &hellip; <\/p>\n<p class=\"link-more\"><a href=\"https:\/\/inventcad.ro\/ro\/produse\/distribuitor-seamarkzm-2\/battery-x-ray-inspection-machine\/\" class=\"more-link\">Continu\u0103 lectura<span class=\"screen-reader-text\"> \u201eBattery X-ray Inspection Machine\u201d<\/span><\/a><\/p>\n","protected":false},"author":1,"featured_media":0,"parent":2656,"menu_order":0,"comment_status":"closed","ping_status":"closed","template":"","meta":{"footnotes":""},"class_list":["post-2309","page","type-page","status-publish","hentry"],"yoast_head":"<!-- This site is optimized with the Yoast SEO Premium plugin v27.3 (Yoast SEO v27.4) - https:\/\/yoast.com\/product\/yoast-seo-premium-wordpress\/ -->\n<title>Battery X-ray Inspection Machine - InventCAD<\/title>\n<meta name=\"robots\" content=\"index, follow, max-snippet:-1, max-image-preview:large, max-video-preview:-1\" \/>\n<link rel=\"canonical\" href=\"https:\/\/inventcad.ro\/ro\/produse\/distribuitor-seamarkzm-2\/battery-x-ray-inspection-machine\/\" \/>\n<meta property=\"og:locale\" content=\"ro_RO\" \/>\n<meta property=\"og:type\" content=\"article\" \/>\n<meta property=\"og:title\" content=\"Battery X-ray Inspection Machine\" \/>\n<meta property=\"og:description\" content=\"Din 2019, SeamarkZM produce ma\u0219ini de inspec\u021bie a bateriilor. Compania este dedicat\u0103 oferirii de echipamente industriale avansate cu raze X, \u00eempreun\u0103 cu solu\u021bii \u0219i servicii complete, unice pentru sectorul bateriilor noi de energie. Aparatele de inspec\u021bie cu raze X pentru baterii de la SeamarkZM dispun de un sistem proprietar de preprocesare a imaginii care utilizeaz\u0103 &hellip; Continu\u0103 lectura \u201eBattery X-ray Inspection Machine\u201d\" \/>\n<meta property=\"og:url\" content=\"https:\/\/inventcad.ro\/ro\/produse\/distribuitor-seamarkzm-2\/battery-x-ray-inspection-machine\/\" \/>\n<meta property=\"og:site_name\" content=\"InventCAD\" \/>\n<meta property=\"article:publisher\" content=\"https:\/\/www.facebook.com\/inventcad\" \/>\n<meta property=\"article:modified_time\" content=\"2025-03-18T10:09:35+00:00\" \/>\n<meta name=\"twitter:card\" content=\"summary_large_image\" \/>\n<meta name=\"twitter:label1\" content=\"Timp estimat pentru citire\" \/>\n\t<meta name=\"twitter:data1\" content=\"1 minut\" \/>\n<script type=\"application\/ld+json\" class=\"yoast-schema-graph\">{\"@context\":\"https:\\\/\\\/schema.org\",\"@graph\":[{\"@type\":\"WebPage\",\"@id\":\"https:\\\/\\\/inventcad.ro\\\/ro\\\/produse\\\/distribuitor-seamarkzm-2\\\/battery-x-ray-inspection-machine\\\/\",\"url\":\"https:\\\/\\\/inventcad.ro\\\/ro\\\/produse\\\/distribuitor-seamarkzm-2\\\/battery-x-ray-inspection-machine\\\/\",\"name\":\"Battery X-ray Inspection Machine - InventCAD\",\"isPartOf\":{\"@id\":\"https:\\\/\\\/inventcad.ro\\\/ro\\\/#website\"},\"datePublished\":\"2025-03-18T08:32:36+00:00\",\"dateModified\":\"2025-03-18T10:09:35+00:00\",\"breadcrumb\":{\"@id\":\"https:\\\/\\\/inventcad.ro\\\/ro\\\/produse\\\/distribuitor-seamarkzm-2\\\/battery-x-ray-inspection-machine\\\/#breadcrumb\"},\"inLanguage\":\"ro-RO\",\"potentialAction\":[{\"@type\":\"ReadAction\",\"target\":[\"https:\\\/\\\/inventcad.ro\\\/ro\\\/produse\\\/distribuitor-seamarkzm-2\\\/battery-x-ray-inspection-machine\\\/\"]}]},{\"@type\":\"BreadcrumbList\",\"@id\":\"https:\\\/\\\/inventcad.ro\\\/ro\\\/produse\\\/distribuitor-seamarkzm-2\\\/battery-x-ray-inspection-machine\\\/#breadcrumb\",\"itemListElement\":[{\"@type\":\"ListItem\",\"position\":1,\"name\":\"Home\",\"item\":\"https:\\\/\\\/inventcad.ro\\\/ro\\\/\"},{\"@type\":\"ListItem\",\"position\":2,\"name\":\"Produse\",\"item\":\"https:\\\/\\\/inventcad.ro\\\/ro\\\/produse\\\/\"},{\"@type\":\"ListItem\",\"position\":3,\"name\":\"Distribuitor SeamarkZM\",\"item\":\"https:\\\/\\\/inventcad.ro\\\/ro\\\/produse\\\/distribuitor-seamarkzm-2\\\/\"},{\"@type\":\"ListItem\",\"position\":4,\"name\":\"Battery X-ray Inspection Machine\"}]},{\"@type\":\"WebSite\",\"@id\":\"https:\\\/\\\/inventcad.ro\\\/ro\\\/#website\",\"url\":\"https:\\\/\\\/inventcad.ro\\\/ro\\\/\",\"name\":\"InventCAD\",\"description\":\"Proiectare mecanic\u0103, automatiz\u0103ri industriale\",\"publisher\":{\"@id\":\"https:\\\/\\\/inventcad.ro\\\/ro\\\/#organization\"},\"potentialAction\":[{\"@type\":\"SearchAction\",\"target\":{\"@type\":\"EntryPoint\",\"urlTemplate\":\"https:\\\/\\\/inventcad.ro\\\/ro\\\/?s={search_term_string}\"},\"query-input\":{\"@type\":\"PropertyValueSpecification\",\"valueRequired\":true,\"valueName\":\"search_term_string\"}}],\"inLanguage\":\"ro-RO\"},{\"@type\":\"Organization\",\"@id\":\"https:\\\/\\\/inventcad.ro\\\/ro\\\/#organization\",\"name\":\"InventCAD\",\"url\":\"https:\\\/\\\/inventcad.ro\\\/ro\\\/\",\"logo\":{\"@type\":\"ImageObject\",\"inLanguage\":\"ro-RO\",\"@id\":\"https:\\\/\\\/inventcad.ro\\\/ro\\\/#\\\/schema\\\/logo\\\/image\\\/\",\"url\":\"https:\\\/\\\/inventcad.ro\\\/ro\\\/wp-content\\\/uploads\\\/2020\\\/11\\\/inventcad-logo.png\",\"contentUrl\":\"https:\\\/\\\/inventcad.ro\\\/ro\\\/wp-content\\\/uploads\\\/2020\\\/11\\\/inventcad-logo.png\",\"width\":1653,\"height\":250,\"caption\":\"InventCAD\"},\"image\":{\"@id\":\"https:\\\/\\\/inventcad.ro\\\/ro\\\/#\\\/schema\\\/logo\\\/image\\\/\"},\"sameAs\":[\"https:\\\/\\\/www.facebook.com\\\/inventcad\",\"https:\\\/\\\/www.linkedin.com\\\/company\\\/inventcad\\\/\",\"https:\\\/\\\/www.youtube.com\\\/user\\\/InventCAD\"],\"description\":\"Mechanical design, industrial automation, and engineering services.\",\"email\":\"office@inventcad.ro\",\"legalName\":\"InventCAD SRL\",\"foundingDate\":\"2003-03-10\",\"vatID\":\"RO15368893\",\"numberOfEmployees\":{\"@type\":\"QuantitativeValue\",\"minValue\":\"1\",\"maxValue\":\"10\"}}]}<\/script>\n<!-- \/ Yoast SEO Premium plugin. -->","yoast_head_json":{"title":"Battery X-ray Inspection Machine - InventCAD","robots":{"index":"index","follow":"follow","max-snippet":"max-snippet:-1","max-image-preview":"max-image-preview:large","max-video-preview":"max-video-preview:-1"},"canonical":"https:\/\/inventcad.ro\/ro\/produse\/distribuitor-seamarkzm-2\/battery-x-ray-inspection-machine\/","og_locale":"ro_RO","og_type":"article","og_title":"Battery X-ray Inspection Machine","og_description":"Din 2019, SeamarkZM produce ma\u0219ini de inspec\u021bie a bateriilor. Compania este dedicat\u0103 oferirii de echipamente industriale avansate cu raze X, \u00eempreun\u0103 cu solu\u021bii \u0219i servicii complete, unice pentru sectorul bateriilor noi de energie. Aparatele de inspec\u021bie cu raze X pentru baterii de la SeamarkZM dispun de un sistem proprietar de preprocesare a imaginii care utilizeaz\u0103 &hellip; Continu\u0103 lectura \u201eBattery X-ray Inspection Machine\u201d","og_url":"https:\/\/inventcad.ro\/ro\/produse\/distribuitor-seamarkzm-2\/battery-x-ray-inspection-machine\/","og_site_name":"InventCAD","article_publisher":"https:\/\/www.facebook.com\/inventcad","article_modified_time":"2025-03-18T10:09:35+00:00","twitter_card":"summary_large_image","twitter_misc":{"Timp estimat pentru citire":"1 minut"},"schema":{"@context":"https:\/\/schema.org","@graph":[{"@type":"WebPage","@id":"https:\/\/inventcad.ro\/ro\/produse\/distribuitor-seamarkzm-2\/battery-x-ray-inspection-machine\/","url":"https:\/\/inventcad.ro\/ro\/produse\/distribuitor-seamarkzm-2\/battery-x-ray-inspection-machine\/","name":"Battery X-ray Inspection Machine - InventCAD","isPartOf":{"@id":"https:\/\/inventcad.ro\/ro\/#website"},"datePublished":"2025-03-18T08:32:36+00:00","dateModified":"2025-03-18T10:09:35+00:00","breadcrumb":{"@id":"https:\/\/inventcad.ro\/ro\/produse\/distribuitor-seamarkzm-2\/battery-x-ray-inspection-machine\/#breadcrumb"},"inLanguage":"ro-RO","potentialAction":[{"@type":"ReadAction","target":["https:\/\/inventcad.ro\/ro\/produse\/distribuitor-seamarkzm-2\/battery-x-ray-inspection-machine\/"]}]},{"@type":"BreadcrumbList","@id":"https:\/\/inventcad.ro\/ro\/produse\/distribuitor-seamarkzm-2\/battery-x-ray-inspection-machine\/#breadcrumb","itemListElement":[{"@type":"ListItem","position":1,"name":"Home","item":"https:\/\/inventcad.ro\/ro\/"},{"@type":"ListItem","position":2,"name":"Produse","item":"https:\/\/inventcad.ro\/ro\/produse\/"},{"@type":"ListItem","position":3,"name":"Distribuitor SeamarkZM","item":"https:\/\/inventcad.ro\/ro\/produse\/distribuitor-seamarkzm-2\/"},{"@type":"ListItem","position":4,"name":"Battery X-ray Inspection Machine"}]},{"@type":"WebSite","@id":"https:\/\/inventcad.ro\/ro\/#website","url":"https:\/\/inventcad.ro\/ro\/","name":"InventCAD","description":"Proiectare mecanic\u0103, automatiz\u0103ri industriale","publisher":{"@id":"https:\/\/inventcad.ro\/ro\/#organization"},"potentialAction":[{"@type":"SearchAction","target":{"@type":"EntryPoint","urlTemplate":"https:\/\/inventcad.ro\/ro\/?s={search_term_string}"},"query-input":{"@type":"PropertyValueSpecification","valueRequired":true,"valueName":"search_term_string"}}],"inLanguage":"ro-RO"},{"@type":"Organization","@id":"https:\/\/inventcad.ro\/ro\/#organization","name":"InventCAD","url":"https:\/\/inventcad.ro\/ro\/","logo":{"@type":"ImageObject","inLanguage":"ro-RO","@id":"https:\/\/inventcad.ro\/ro\/#\/schema\/logo\/image\/","url":"https:\/\/inventcad.ro\/ro\/wp-content\/uploads\/2020\/11\/inventcad-logo.png","contentUrl":"https:\/\/inventcad.ro\/ro\/wp-content\/uploads\/2020\/11\/inventcad-logo.png","width":1653,"height":250,"caption":"InventCAD"},"image":{"@id":"https:\/\/inventcad.ro\/ro\/#\/schema\/logo\/image\/"},"sameAs":["https:\/\/www.facebook.com\/inventcad","https:\/\/www.linkedin.com\/company\/inventcad\/","https:\/\/www.youtube.com\/user\/InventCAD"],"description":"Mechanical design, industrial automation, and engineering services.","email":"office@inventcad.ro","legalName":"InventCAD SRL","foundingDate":"2003-03-10","vatID":"RO15368893","numberOfEmployees":{"@type":"QuantitativeValue","minValue":"1","maxValue":"10"}}]}},"_links":{"self":[{"href":"https:\/\/inventcad.ro\/ro\/wp-json\/wp\/v2\/pages\/2309","targetHints":{"allow":["GET"]}}],"collection":[{"href":"https:\/\/inventcad.ro\/ro\/wp-json\/wp\/v2\/pages"}],"about":[{"href":"https:\/\/inventcad.ro\/ro\/wp-json\/wp\/v2\/types\/page"}],"author":[{"embeddable":true,"href":"https:\/\/inventcad.ro\/ro\/wp-json\/wp\/v2\/users\/1"}],"replies":[{"embeddable":true,"href":"https:\/\/inventcad.ro\/ro\/wp-json\/wp\/v2\/comments?post=2309"}],"version-history":[{"count":4,"href":"https:\/\/inventcad.ro\/ro\/wp-json\/wp\/v2\/pages\/2309\/revisions"}],"predecessor-version":[{"id":2763,"href":"https:\/\/inventcad.ro\/ro\/wp-json\/wp\/v2\/pages\/2309\/revisions\/2763"}],"up":[{"embeddable":true,"href":"https:\/\/inventcad.ro\/ro\/wp-json\/wp\/v2\/pages\/2656"}],"wp:attachment":[{"href":"https:\/\/inventcad.ro\/ro\/wp-json\/wp\/v2\/media?parent=2309"}],"curies":[{"name":"wp","href":"https:\/\/api.w.org\/{rel}","templated":true}]}}