{"id":2305,"date":"2025-03-17T22:06:41","date_gmt":"2025-03-17T20:06:41","guid":{"rendered":"https:\/\/inventcad.ro\/ro\/?page_id=2305"},"modified":"2025-03-18T10:20:46","modified_gmt":"2025-03-18T08:20:46","slug":"microfocus-x-ray-inspection-machine","status":"publish","type":"page","link":"https:\/\/inventcad.ro\/ro\/produse\/distribuitor-seamarkzm-2\/microfocus-x-ray-inspection-machine\/","title":{"rendered":"Microfocus X-Ray Inspection Machine"},"content":{"rendered":"\n<p>Inspec\u021bia cu raze X Microfocus este utilizat\u0103 pe scar\u0103 larg\u0103 \u00een domeniul LED\/automobile\/aerospa\u021bial\/EMS ETC \u0219i devine o necesitate pentru inspec\u021bia PCBA modern\u0103. \u00cen calitate de produc\u0103tor profesionist de ma\u0219ini de inspec\u021bie cu raze X, SeamarkZM ofer\u0103 ma\u0219ini de inspec\u021bie cu raze X SMT BGA care au caracteristicile de \u00eenalt\u0103 performan\u021b\u0103, rentabilitate, durat\u0103 de via\u021b\u0103 lung\u0103, software u\u0219or de utilizat, \u00eentre\u021binere simpl\u0103, imagine de inspec\u021bie de \u00eenalt\u0103 defini\u021bie cu \u00eenclinare special\u0103 fac ca sistemul nostru de echipamente de inspec\u021bie X-Ray AOI s\u0103 poat\u0103 satisface nevoile de inspec\u021bie a produselor din diferite categorii.<\/p>\n\n\n\n<p>Pe l\u00e2ng\u0103 ma\u0219inile standard de inspec\u021bie PCB cu raze X, SeamarkZM ofer\u0103 \u0219i solu\u021bii personalizate pentru a satisface cerin\u021bele dumneavoastr\u0103 speciale de inspec\u021bie.<\/p>\n\n\n\n<p><a href=\"https:\/\/inventcad.ro\/ro\/produse\/distribuitor-seamarkzm-2\/microfocus-x-ray-inspection-machine\/inline-x-ray-inspection-machine\/\">Inline X-Ray Inspection Machine<\/a><\/p>\n\n\n\n<p><a href=\"https:\/\/inventcad.ro\/ro\/produse\/distribuitor-seamarkzm-2\/microfocus-x-ray-inspection-machine\/industrial-microfocus-x-ray-3d-ct-machine\/\">Industrial Microfocus X-Ray 3D\/CT Machine<\/a><\/p>\n\n\n\n<p><\/p>\n","protected":false},"excerpt":{"rendered":"<p>Inspec\u021bia cu raze X Microfocus este utilizat\u0103 pe scar\u0103 larg\u0103 \u00een domeniul LED\/automobile\/aerospa\u021bial\/EMS ETC \u0219i devine o necesitate pentru inspec\u021bia PCBA modern\u0103. \u00cen calitate de produc\u0103tor profesionist de ma\u0219ini de inspec\u021bie cu raze X, SeamarkZM ofer\u0103 ma\u0219ini de inspec\u021bie cu raze X SMT BGA care au caracteristicile de \u00eenalt\u0103 performan\u021b\u0103, rentabilitate, durat\u0103 de via\u021b\u0103 lung\u0103, &hellip; <\/p>\n<p class=\"link-more\"><a href=\"https:\/\/inventcad.ro\/ro\/produse\/distribuitor-seamarkzm-2\/microfocus-x-ray-inspection-machine\/\" class=\"more-link\">Continu\u0103 lectura<span class=\"screen-reader-text\"> \u201eMicrofocus X-Ray Inspection Machine\u201d<\/span><\/a><\/p>\n","protected":false},"author":1,"featured_media":0,"parent":2656,"menu_order":3,"comment_status":"closed","ping_status":"closed","template":"","meta":{"footnotes":""},"class_list":["post-2305","page","type-page","status-publish","hentry"],"yoast_head":"<!-- This site is optimized with the Yoast SEO Premium plugin v27.4 (Yoast SEO v27.4) - https:\/\/yoast.com\/product\/yoast-seo-premium-wordpress\/ -->\n<title>Microfocus X-Ray Inspection Machine - InventCAD<\/title>\n<meta name=\"robots\" content=\"index, follow, max-snippet:-1, max-image-preview:large, max-video-preview:-1\" \/>\n<link rel=\"canonical\" href=\"https:\/\/inventcad.ro\/ro\/produse\/distribuitor-seamarkzm-2\/microfocus-x-ray-inspection-machine\/\" \/>\n<meta property=\"og:locale\" content=\"ro_RO\" \/>\n<meta property=\"og:type\" content=\"article\" \/>\n<meta property=\"og:title\" content=\"Microfocus X-Ray Inspection Machine\" \/>\n<meta property=\"og:description\" content=\"Inspec\u021bia cu raze X Microfocus este utilizat\u0103 pe scar\u0103 larg\u0103 \u00een domeniul LED\/automobile\/aerospa\u021bial\/EMS ETC \u0219i devine o necesitate pentru inspec\u021bia PCBA modern\u0103. \u00cen calitate de produc\u0103tor profesionist de ma\u0219ini de inspec\u021bie cu raze X, SeamarkZM ofer\u0103 ma\u0219ini de inspec\u021bie cu raze X SMT BGA care au caracteristicile de \u00eenalt\u0103 performan\u021b\u0103, rentabilitate, durat\u0103 de via\u021b\u0103 lung\u0103, &hellip; Continu\u0103 lectura \u201eMicrofocus X-Ray Inspection Machine\u201d\" \/>\n<meta property=\"og:url\" content=\"https:\/\/inventcad.ro\/ro\/produse\/distribuitor-seamarkzm-2\/microfocus-x-ray-inspection-machine\/\" \/>\n<meta property=\"og:site_name\" content=\"InventCAD\" \/>\n<meta property=\"article:publisher\" content=\"https:\/\/www.facebook.com\/inventcad\" \/>\n<meta property=\"article:modified_time\" content=\"2025-03-18T08:20:46+00:00\" \/>\n<meta name=\"twitter:card\" content=\"summary_large_image\" \/>\n<meta name=\"twitter:label1\" content=\"Timp estimat pentru citire\" \/>\n\t<meta name=\"twitter:data1\" content=\"1 minut\" \/>\n<script type=\"application\/ld+json\" class=\"yoast-schema-graph\">{\"@context\":\"https:\\\/\\\/schema.org\",\"@graph\":[{\"@type\":\"WebPage\",\"@id\":\"https:\\\/\\\/inventcad.ro\\\/ro\\\/produse\\\/distribuitor-seamarkzm-2\\\/microfocus-x-ray-inspection-machine\\\/\",\"url\":\"https:\\\/\\\/inventcad.ro\\\/ro\\\/produse\\\/distribuitor-seamarkzm-2\\\/microfocus-x-ray-inspection-machine\\\/\",\"name\":\"Microfocus X-Ray Inspection Machine - InventCAD\",\"isPartOf\":{\"@id\":\"https:\\\/\\\/inventcad.ro\\\/ro\\\/#website\"},\"datePublished\":\"2025-03-17T20:06:41+00:00\",\"dateModified\":\"2025-03-18T08:20:46+00:00\",\"breadcrumb\":{\"@id\":\"https:\\\/\\\/inventcad.ro\\\/ro\\\/produse\\\/distribuitor-seamarkzm-2\\\/microfocus-x-ray-inspection-machine\\\/#breadcrumb\"},\"inLanguage\":\"ro-RO\",\"potentialAction\":[{\"@type\":\"ReadAction\",\"target\":[\"https:\\\/\\\/inventcad.ro\\\/ro\\\/produse\\\/distribuitor-seamarkzm-2\\\/microfocus-x-ray-inspection-machine\\\/\"]}]},{\"@type\":\"BreadcrumbList\",\"@id\":\"https:\\\/\\\/inventcad.ro\\\/ro\\\/produse\\\/distribuitor-seamarkzm-2\\\/microfocus-x-ray-inspection-machine\\\/#breadcrumb\",\"itemListElement\":[{\"@type\":\"ListItem\",\"position\":1,\"name\":\"Home\",\"item\":\"https:\\\/\\\/inventcad.ro\\\/ro\\\/\"},{\"@type\":\"ListItem\",\"position\":2,\"name\":\"Produse\",\"item\":\"https:\\\/\\\/inventcad.ro\\\/ro\\\/produse\\\/\"},{\"@type\":\"ListItem\",\"position\":3,\"name\":\"Distribuitor SeamarkZM\",\"item\":\"https:\\\/\\\/inventcad.ro\\\/ro\\\/produse\\\/distribuitor-seamarkzm-2\\\/\"},{\"@type\":\"ListItem\",\"position\":4,\"name\":\"Microfocus X-Ray Inspection Machine\"}]},{\"@type\":\"WebSite\",\"@id\":\"https:\\\/\\\/inventcad.ro\\\/ro\\\/#website\",\"url\":\"https:\\\/\\\/inventcad.ro\\\/ro\\\/\",\"name\":\"InventCAD\",\"description\":\"Proiectare mecanic\u0103, automatiz\u0103ri industriale\",\"publisher\":{\"@id\":\"https:\\\/\\\/inventcad.ro\\\/ro\\\/#organization\"},\"potentialAction\":[{\"@type\":\"SearchAction\",\"target\":{\"@type\":\"EntryPoint\",\"urlTemplate\":\"https:\\\/\\\/inventcad.ro\\\/ro\\\/?s={search_term_string}\"},\"query-input\":{\"@type\":\"PropertyValueSpecification\",\"valueRequired\":true,\"valueName\":\"search_term_string\"}}],\"inLanguage\":\"ro-RO\"},{\"@type\":\"Organization\",\"@id\":\"https:\\\/\\\/inventcad.ro\\\/ro\\\/#organization\",\"name\":\"InventCAD\",\"url\":\"https:\\\/\\\/inventcad.ro\\\/ro\\\/\",\"logo\":{\"@type\":\"ImageObject\",\"inLanguage\":\"ro-RO\",\"@id\":\"https:\\\/\\\/inventcad.ro\\\/ro\\\/#\\\/schema\\\/logo\\\/image\\\/\",\"url\":\"https:\\\/\\\/inventcad.ro\\\/ro\\\/wp-content\\\/uploads\\\/2020\\\/11\\\/inventcad-logo.png\",\"contentUrl\":\"https:\\\/\\\/inventcad.ro\\\/ro\\\/wp-content\\\/uploads\\\/2020\\\/11\\\/inventcad-logo.png\",\"width\":1653,\"height\":250,\"caption\":\"InventCAD\"},\"image\":{\"@id\":\"https:\\\/\\\/inventcad.ro\\\/ro\\\/#\\\/schema\\\/logo\\\/image\\\/\"},\"sameAs\":[\"https:\\\/\\\/www.facebook.com\\\/inventcad\",\"https:\\\/\\\/www.linkedin.com\\\/company\\\/inventcad\\\/\",\"https:\\\/\\\/www.youtube.com\\\/user\\\/InventCAD\"],\"description\":\"Mechanical design, industrial automation, and engineering services.\",\"email\":\"office@inventcad.ro\",\"legalName\":\"InventCAD SRL\",\"foundingDate\":\"2003-03-10\",\"vatID\":\"RO15368893\",\"numberOfEmployees\":{\"@type\":\"QuantitativeValue\",\"minValue\":\"1\",\"maxValue\":\"10\"}}]}<\/script>\n<!-- \/ Yoast SEO Premium plugin. -->","yoast_head_json":{"title":"Microfocus X-Ray Inspection Machine - InventCAD","robots":{"index":"index","follow":"follow","max-snippet":"max-snippet:-1","max-image-preview":"max-image-preview:large","max-video-preview":"max-video-preview:-1"},"canonical":"https:\/\/inventcad.ro\/ro\/produse\/distribuitor-seamarkzm-2\/microfocus-x-ray-inspection-machine\/","og_locale":"ro_RO","og_type":"article","og_title":"Microfocus X-Ray Inspection Machine","og_description":"Inspec\u021bia cu raze X Microfocus este utilizat\u0103 pe scar\u0103 larg\u0103 \u00een domeniul LED\/automobile\/aerospa\u021bial\/EMS ETC \u0219i devine o necesitate pentru inspec\u021bia PCBA modern\u0103. \u00cen calitate de produc\u0103tor profesionist de ma\u0219ini de inspec\u021bie cu raze X, SeamarkZM ofer\u0103 ma\u0219ini de inspec\u021bie cu raze X SMT BGA care au caracteristicile de \u00eenalt\u0103 performan\u021b\u0103, rentabilitate, durat\u0103 de via\u021b\u0103 lung\u0103, &hellip; Continu\u0103 lectura \u201eMicrofocus X-Ray Inspection Machine\u201d","og_url":"https:\/\/inventcad.ro\/ro\/produse\/distribuitor-seamarkzm-2\/microfocus-x-ray-inspection-machine\/","og_site_name":"InventCAD","article_publisher":"https:\/\/www.facebook.com\/inventcad","article_modified_time":"2025-03-18T08:20:46+00:00","twitter_card":"summary_large_image","twitter_misc":{"Timp estimat pentru citire":"1 minut"},"schema":{"@context":"https:\/\/schema.org","@graph":[{"@type":"WebPage","@id":"https:\/\/inventcad.ro\/ro\/produse\/distribuitor-seamarkzm-2\/microfocus-x-ray-inspection-machine\/","url":"https:\/\/inventcad.ro\/ro\/produse\/distribuitor-seamarkzm-2\/microfocus-x-ray-inspection-machine\/","name":"Microfocus X-Ray Inspection Machine - InventCAD","isPartOf":{"@id":"https:\/\/inventcad.ro\/ro\/#website"},"datePublished":"2025-03-17T20:06:41+00:00","dateModified":"2025-03-18T08:20:46+00:00","breadcrumb":{"@id":"https:\/\/inventcad.ro\/ro\/produse\/distribuitor-seamarkzm-2\/microfocus-x-ray-inspection-machine\/#breadcrumb"},"inLanguage":"ro-RO","potentialAction":[{"@type":"ReadAction","target":["https:\/\/inventcad.ro\/ro\/produse\/distribuitor-seamarkzm-2\/microfocus-x-ray-inspection-machine\/"]}]},{"@type":"BreadcrumbList","@id":"https:\/\/inventcad.ro\/ro\/produse\/distribuitor-seamarkzm-2\/microfocus-x-ray-inspection-machine\/#breadcrumb","itemListElement":[{"@type":"ListItem","position":1,"name":"Home","item":"https:\/\/inventcad.ro\/ro\/"},{"@type":"ListItem","position":2,"name":"Produse","item":"https:\/\/inventcad.ro\/ro\/produse\/"},{"@type":"ListItem","position":3,"name":"Distribuitor SeamarkZM","item":"https:\/\/inventcad.ro\/ro\/produse\/distribuitor-seamarkzm-2\/"},{"@type":"ListItem","position":4,"name":"Microfocus X-Ray Inspection Machine"}]},{"@type":"WebSite","@id":"https:\/\/inventcad.ro\/ro\/#website","url":"https:\/\/inventcad.ro\/ro\/","name":"InventCAD","description":"Proiectare mecanic\u0103, automatiz\u0103ri industriale","publisher":{"@id":"https:\/\/inventcad.ro\/ro\/#organization"},"potentialAction":[{"@type":"SearchAction","target":{"@type":"EntryPoint","urlTemplate":"https:\/\/inventcad.ro\/ro\/?s={search_term_string}"},"query-input":{"@type":"PropertyValueSpecification","valueRequired":true,"valueName":"search_term_string"}}],"inLanguage":"ro-RO"},{"@type":"Organization","@id":"https:\/\/inventcad.ro\/ro\/#organization","name":"InventCAD","url":"https:\/\/inventcad.ro\/ro\/","logo":{"@type":"ImageObject","inLanguage":"ro-RO","@id":"https:\/\/inventcad.ro\/ro\/#\/schema\/logo\/image\/","url":"https:\/\/inventcad.ro\/ro\/wp-content\/uploads\/2020\/11\/inventcad-logo.png","contentUrl":"https:\/\/inventcad.ro\/ro\/wp-content\/uploads\/2020\/11\/inventcad-logo.png","width":1653,"height":250,"caption":"InventCAD"},"image":{"@id":"https:\/\/inventcad.ro\/ro\/#\/schema\/logo\/image\/"},"sameAs":["https:\/\/www.facebook.com\/inventcad","https:\/\/www.linkedin.com\/company\/inventcad\/","https:\/\/www.youtube.com\/user\/InventCAD"],"description":"Mechanical design, industrial automation, and engineering services.","email":"office@inventcad.ro","legalName":"InventCAD SRL","foundingDate":"2003-03-10","vatID":"RO15368893","numberOfEmployees":{"@type":"QuantitativeValue","minValue":"1","maxValue":"10"}}]}},"_links":{"self":[{"href":"https:\/\/inventcad.ro\/ro\/wp-json\/wp\/v2\/pages\/2305","targetHints":{"allow":["GET"]}}],"collection":[{"href":"https:\/\/inventcad.ro\/ro\/wp-json\/wp\/v2\/pages"}],"about":[{"href":"https:\/\/inventcad.ro\/ro\/wp-json\/wp\/v2\/types\/page"}],"author":[{"embeddable":true,"href":"https:\/\/inventcad.ro\/ro\/wp-json\/wp\/v2\/users\/1"}],"replies":[{"embeddable":true,"href":"https:\/\/inventcad.ro\/ro\/wp-json\/wp\/v2\/comments?post=2305"}],"version-history":[{"count":5,"href":"https:\/\/inventcad.ro\/ro\/wp-json\/wp\/v2\/pages\/2305\/revisions"}],"predecessor-version":[{"id":2710,"href":"https:\/\/inventcad.ro\/ro\/wp-json\/wp\/v2\/pages\/2305\/revisions\/2710"}],"up":[{"embeddable":true,"href":"https:\/\/inventcad.ro\/ro\/wp-json\/wp\/v2\/pages\/2656"}],"wp:attachment":[{"href":"https:\/\/inventcad.ro\/ro\/wp-json\/wp\/v2\/media?parent=2305"}],"curies":[{"name":"wp","href":"https:\/\/api.w.org\/{rel}","templated":true}]}}