{"id":2303,"date":"2025-03-18T10:32:56","date_gmt":"2025-03-18T08:32:56","guid":{"rendered":"https:\/\/inventcad.ro\/ro\/?page_id=2303"},"modified":"2025-03-18T16:54:59","modified_gmt":"2025-03-18T14:54:59","slug":"bga-rework-station","status":"publish","type":"page","link":"https:\/\/inventcad.ro\/ro\/produse\/distribuitor-seamarkzm-2\/bga-rework-station\/","title":{"rendered":"BGA Rework Station"},"content":{"rendered":"\n<p>\u00cen primul r\u00e2nd, ce este ma\u0219ina BGA? Sta\u021bia de reprelucrare\/reparare BGA este ceea ce am numit sta\u021bie de reprelucrare a matricei de gril\u0103 bile, abreviat\u0103 \u0219i ca BGArs. BGA este o tehnologie de ambalare a cipurilor, care este aplicat\u0103 pentru a \u00eembun\u0103t\u0103\u021bi performan\u021ba produselor digitale \u0219i a reduce volumul produselor prin structura matricei cu gril\u0103 bile. Toate produsele digitale prin aceast\u0103 tehnologie de ma\u0219in\u0103 BGA vor avea caracteristici comune, adic\u0103 volum mic, performan\u021b\u0103 puternic\u0103, cost redus \u0219i func\u021bie puternic\u0103. Ma\u0219ina de reprelucrare BGA este echipamentul exact folosit pentru repararea cipurilor BGA. \u00cen conformitate cu cerin\u021bele de func\u021bionare, recent am lansat diferite ma\u0219ini de prelucrare BGA care se bucur\u0103 de o bun\u0103 reputa\u021bie din partea clien\u021bilor no\u0219tri din \u00eentreaga lume.<\/p>\n\n\n\n<p>Acum, oferim cea mai bun\u0103 sta\u021bie de prelucrare a matricei cu gril\u0103 de bile, inclusiv sta\u021bie de repara\u021bii BGA manual\u0103, semi-automat\u0103 \u0219i complet automat\u0103 \u0219i sta\u021bie de lucru pentru repararea PCBA; ma\u0219ini de inspec\u021bie cu raze X microfocus BGA, cum ar fi ma\u0219in\u0103 de inspec\u021bie cu raze X offline, ma\u0219in\u0103 de inspec\u021bie cu raze X online, ma\u0219in\u0103 de inspec\u021bie cu raze X 3D\/CT; Contor de bobine SMD X-Ray online \u0219i offline \u0219i sisteme de stocare inteligente SMD, cum ar fi rack de stocare inteligent, turn de stocare inteligent \u0219i depozit de stocare inteligent. Aceast\u0103 ma\u0219in\u0103 BGA diversificat\u0103 pentru gamele de pl\u0103ci de baz\u0103, cu pre\u021b rezonabil \u0219i suport tehnic, ne permite s\u0103 ajut\u0103m tot mai multe companii EMS s\u0103 utilizeze echipamente de produc\u021bie de automatizare de nivel superior.<\/p>\n\n\n\n<p>Dac\u0103 dori\u021bi s\u0103 ob\u021bine\u021bi lista de pre\u021buri a ma\u0219inii sta\u021biei de reprelucrare BGA sau ave\u021bi alte \u00eentreb\u0103ri, v\u0103 rug\u0103m s\u0103 ne contacta\u021bi c\u00e2t mai cur\u00e2nd posibil.<\/p>\n\n\n\n<h2 class=\"wp-block-heading\" id=\"h-tipuri-de-sta\u021bie-de-reprelucrare-bga\">Tipuri de sta\u021bie de reprelucrare BGA<\/h2>\n\n\n\n<ul class=\"wp-block-list\">\n<li><a href=\"https:\/\/inventcad.ro\/ro\/produse\/distribuitor-seamarkzm-2\/bga-rework-station\/zm-r5860-hot-air-bga-rework-station\/\">ZM-R5860 Sta\u021bie de reprelucrare BGA cu aer cald<\/a><\/li>\n\n\n\n<li><a href=\"https:\/\/inventcad.ro\/ro\/produse\/distribuitor-seamarkzm-2\/bga-rework-station\/zm-r7220a-infrared-soldering-station\/\">ZM-R7220A Sta\u021bie de lipit cu infraro\u0219u<\/a><\/li>\n\n\n\n<li><a href=\"https:\/\/inventcad.ro\/ro\/produse\/distribuitor-seamarkzm-2\/bga-rework-station\/zm-r720a-led-micro-component-rework-station\/\">ZM-R720A LED\/Micro Component Rework Station<\/a><\/li>\n\n\n\n<li><a href=\"https:\/\/inventcad.ro\/ro\/produse\/distribuitor-seamarkzm-2\/bga-rework-station\/zm-r730a-large-board-bga-rework-station\/\">ZM-R730A Large Board BGA Rework Station<\/a><\/li>\n\n\n\n<li><a href=\"https:\/\/inventcad.ro\/ro\/produse\/distribuitor-seamarkzm-2\/bga-rework-station\/zm-r7830a-smart-optical-bga-rework-station\/\">ZM-R7830A Smart Optical BGA Rework Station<\/a><\/li>\n\n\n\n<li>ZM-R7850A Smart Optical BGA Rework Station<\/li>\n\n\n\n<li>ZM-R8650 Sta\u021bie de reluare BGA complet automat\u0103<\/li>\n\n\n\n<li>ZM-R8000B Sta\u021bie mare de prelucrare de precizie<\/li>\n\n\n\n<li>ZM-R8000D Sta\u021bie mare de prelucrare de precizie<\/li>\n\n\n\n<li>ZM-R9000 Platform\u0103 de pre\u00eenc\u0103lzire pentru dezasamblare pl\u0103ci super mari<\/li>\n<\/ul>\n\n\n\n<p><\/p>\n","protected":false},"excerpt":{"rendered":"<p>\u00cen primul r\u00e2nd, ce este ma\u0219ina BGA? Sta\u021bia de reprelucrare\/reparare BGA este ceea ce am numit sta\u021bie de reprelucrare a matricei de gril\u0103 bile, abreviat\u0103 \u0219i ca BGArs. BGA este o tehnologie de ambalare a cipurilor, care este aplicat\u0103 pentru a \u00eembun\u0103t\u0103\u021bi performan\u021ba produselor digitale \u0219i a reduce volumul produselor prin structura matricei cu gril\u0103 &hellip; <\/p>\n<p class=\"link-more\"><a href=\"https:\/\/inventcad.ro\/ro\/produse\/distribuitor-seamarkzm-2\/bga-rework-station\/\" class=\"more-link\">Continu\u0103 lectura<span class=\"screen-reader-text\"> \u201eBGA Rework Station\u201d<\/span><\/a><\/p>\n","protected":false},"author":1,"featured_media":0,"parent":2656,"menu_order":0,"comment_status":"closed","ping_status":"closed","template":"","meta":{"footnotes":""},"class_list":["post-2303","page","type-page","status-publish","hentry"],"yoast_head":"<!-- This site is optimized with the Yoast SEO Premium plugin v27.3 (Yoast SEO v27.4) - https:\/\/yoast.com\/product\/yoast-seo-premium-wordpress\/ -->\n<title>BGA Rework Station - InventCAD<\/title>\n<meta name=\"robots\" content=\"index, follow, max-snippet:-1, max-image-preview:large, max-video-preview:-1\" \/>\n<link rel=\"canonical\" href=\"https:\/\/inventcad.ro\/ro\/produse\/distribuitor-seamarkzm-2\/bga-rework-station\/\" \/>\n<meta property=\"og:locale\" content=\"ro_RO\" \/>\n<meta property=\"og:type\" content=\"article\" \/>\n<meta property=\"og:title\" content=\"BGA Rework Station\" \/>\n<meta property=\"og:description\" content=\"\u00cen primul r\u00e2nd, ce este ma\u0219ina BGA? Sta\u021bia de reprelucrare\/reparare BGA este ceea ce am numit sta\u021bie de reprelucrare a matricei de gril\u0103 bile, abreviat\u0103 \u0219i ca BGArs. BGA este o tehnologie de ambalare a cipurilor, care este aplicat\u0103 pentru a \u00eembun\u0103t\u0103\u021bi performan\u021ba produselor digitale \u0219i a reduce volumul produselor prin structura matricei cu gril\u0103 &hellip; Continu\u0103 lectura \u201eBGA Rework Station\u201d\" \/>\n<meta property=\"og:url\" content=\"https:\/\/inventcad.ro\/ro\/produse\/distribuitor-seamarkzm-2\/bga-rework-station\/\" \/>\n<meta property=\"og:site_name\" content=\"InventCAD\" \/>\n<meta property=\"article:publisher\" content=\"https:\/\/www.facebook.com\/inventcad\" \/>\n<meta property=\"article:modified_time\" content=\"2025-03-18T14:54:59+00:00\" \/>\n<meta name=\"twitter:card\" content=\"summary_large_image\" \/>\n<meta name=\"twitter:label1\" content=\"Timp estimat pentru citire\" \/>\n\t<meta name=\"twitter:data1\" content=\"2 minute\" \/>\n<script type=\"application\/ld+json\" class=\"yoast-schema-graph\">{\"@context\":\"https:\\\/\\\/schema.org\",\"@graph\":[{\"@type\":\"WebPage\",\"@id\":\"https:\\\/\\\/inventcad.ro\\\/ro\\\/produse\\\/distribuitor-seamarkzm-2\\\/bga-rework-station\\\/\",\"url\":\"https:\\\/\\\/inventcad.ro\\\/ro\\\/produse\\\/distribuitor-seamarkzm-2\\\/bga-rework-station\\\/\",\"name\":\"BGA Rework Station - InventCAD\",\"isPartOf\":{\"@id\":\"https:\\\/\\\/inventcad.ro\\\/ro\\\/#website\"},\"datePublished\":\"2025-03-18T08:32:56+00:00\",\"dateModified\":\"2025-03-18T14:54:59+00:00\",\"breadcrumb\":{\"@id\":\"https:\\\/\\\/inventcad.ro\\\/ro\\\/produse\\\/distribuitor-seamarkzm-2\\\/bga-rework-station\\\/#breadcrumb\"},\"inLanguage\":\"ro-RO\",\"potentialAction\":[{\"@type\":\"ReadAction\",\"target\":[\"https:\\\/\\\/inventcad.ro\\\/ro\\\/produse\\\/distribuitor-seamarkzm-2\\\/bga-rework-station\\\/\"]}]},{\"@type\":\"BreadcrumbList\",\"@id\":\"https:\\\/\\\/inventcad.ro\\\/ro\\\/produse\\\/distribuitor-seamarkzm-2\\\/bga-rework-station\\\/#breadcrumb\",\"itemListElement\":[{\"@type\":\"ListItem\",\"position\":1,\"name\":\"Home\",\"item\":\"https:\\\/\\\/inventcad.ro\\\/ro\\\/\"},{\"@type\":\"ListItem\",\"position\":2,\"name\":\"Produse\",\"item\":\"https:\\\/\\\/inventcad.ro\\\/ro\\\/produse\\\/\"},{\"@type\":\"ListItem\",\"position\":3,\"name\":\"Distribuitor SeamarkZM\",\"item\":\"https:\\\/\\\/inventcad.ro\\\/ro\\\/produse\\\/distribuitor-seamarkzm-2\\\/\"},{\"@type\":\"ListItem\",\"position\":4,\"name\":\"BGA Rework Station\"}]},{\"@type\":\"WebSite\",\"@id\":\"https:\\\/\\\/inventcad.ro\\\/ro\\\/#website\",\"url\":\"https:\\\/\\\/inventcad.ro\\\/ro\\\/\",\"name\":\"InventCAD\",\"description\":\"Proiectare mecanic\u0103, automatiz\u0103ri industriale\",\"publisher\":{\"@id\":\"https:\\\/\\\/inventcad.ro\\\/ro\\\/#organization\"},\"potentialAction\":[{\"@type\":\"SearchAction\",\"target\":{\"@type\":\"EntryPoint\",\"urlTemplate\":\"https:\\\/\\\/inventcad.ro\\\/ro\\\/?s={search_term_string}\"},\"query-input\":{\"@type\":\"PropertyValueSpecification\",\"valueRequired\":true,\"valueName\":\"search_term_string\"}}],\"inLanguage\":\"ro-RO\"},{\"@type\":\"Organization\",\"@id\":\"https:\\\/\\\/inventcad.ro\\\/ro\\\/#organization\",\"name\":\"InventCAD\",\"url\":\"https:\\\/\\\/inventcad.ro\\\/ro\\\/\",\"logo\":{\"@type\":\"ImageObject\",\"inLanguage\":\"ro-RO\",\"@id\":\"https:\\\/\\\/inventcad.ro\\\/ro\\\/#\\\/schema\\\/logo\\\/image\\\/\",\"url\":\"https:\\\/\\\/inventcad.ro\\\/ro\\\/wp-content\\\/uploads\\\/2020\\\/11\\\/inventcad-logo.png\",\"contentUrl\":\"https:\\\/\\\/inventcad.ro\\\/ro\\\/wp-content\\\/uploads\\\/2020\\\/11\\\/inventcad-logo.png\",\"width\":1653,\"height\":250,\"caption\":\"InventCAD\"},\"image\":{\"@id\":\"https:\\\/\\\/inventcad.ro\\\/ro\\\/#\\\/schema\\\/logo\\\/image\\\/\"},\"sameAs\":[\"https:\\\/\\\/www.facebook.com\\\/inventcad\",\"https:\\\/\\\/www.linkedin.com\\\/company\\\/inventcad\\\/\",\"https:\\\/\\\/www.youtube.com\\\/user\\\/InventCAD\"],\"description\":\"Mechanical design, industrial automation, and engineering services.\",\"email\":\"office@inventcad.ro\",\"legalName\":\"InventCAD SRL\",\"foundingDate\":\"2003-03-10\",\"vatID\":\"RO15368893\",\"numberOfEmployees\":{\"@type\":\"QuantitativeValue\",\"minValue\":\"1\",\"maxValue\":\"10\"}}]}<\/script>\n<!-- \/ Yoast SEO Premium plugin. -->","yoast_head_json":{"title":"BGA Rework Station - InventCAD","robots":{"index":"index","follow":"follow","max-snippet":"max-snippet:-1","max-image-preview":"max-image-preview:large","max-video-preview":"max-video-preview:-1"},"canonical":"https:\/\/inventcad.ro\/ro\/produse\/distribuitor-seamarkzm-2\/bga-rework-station\/","og_locale":"ro_RO","og_type":"article","og_title":"BGA Rework Station","og_description":"\u00cen primul r\u00e2nd, ce este ma\u0219ina BGA? Sta\u021bia de reprelucrare\/reparare BGA este ceea ce am numit sta\u021bie de reprelucrare a matricei de gril\u0103 bile, abreviat\u0103 \u0219i ca BGArs. BGA este o tehnologie de ambalare a cipurilor, care este aplicat\u0103 pentru a \u00eembun\u0103t\u0103\u021bi performan\u021ba produselor digitale \u0219i a reduce volumul produselor prin structura matricei cu gril\u0103 &hellip; Continu\u0103 lectura \u201eBGA Rework Station\u201d","og_url":"https:\/\/inventcad.ro\/ro\/produse\/distribuitor-seamarkzm-2\/bga-rework-station\/","og_site_name":"InventCAD","article_publisher":"https:\/\/www.facebook.com\/inventcad","article_modified_time":"2025-03-18T14:54:59+00:00","twitter_card":"summary_large_image","twitter_misc":{"Timp estimat pentru citire":"2 minute"},"schema":{"@context":"https:\/\/schema.org","@graph":[{"@type":"WebPage","@id":"https:\/\/inventcad.ro\/ro\/produse\/distribuitor-seamarkzm-2\/bga-rework-station\/","url":"https:\/\/inventcad.ro\/ro\/produse\/distribuitor-seamarkzm-2\/bga-rework-station\/","name":"BGA Rework Station - InventCAD","isPartOf":{"@id":"https:\/\/inventcad.ro\/ro\/#website"},"datePublished":"2025-03-18T08:32:56+00:00","dateModified":"2025-03-18T14:54:59+00:00","breadcrumb":{"@id":"https:\/\/inventcad.ro\/ro\/produse\/distribuitor-seamarkzm-2\/bga-rework-station\/#breadcrumb"},"inLanguage":"ro-RO","potentialAction":[{"@type":"ReadAction","target":["https:\/\/inventcad.ro\/ro\/produse\/distribuitor-seamarkzm-2\/bga-rework-station\/"]}]},{"@type":"BreadcrumbList","@id":"https:\/\/inventcad.ro\/ro\/produse\/distribuitor-seamarkzm-2\/bga-rework-station\/#breadcrumb","itemListElement":[{"@type":"ListItem","position":1,"name":"Home","item":"https:\/\/inventcad.ro\/ro\/"},{"@type":"ListItem","position":2,"name":"Produse","item":"https:\/\/inventcad.ro\/ro\/produse\/"},{"@type":"ListItem","position":3,"name":"Distribuitor SeamarkZM","item":"https:\/\/inventcad.ro\/ro\/produse\/distribuitor-seamarkzm-2\/"},{"@type":"ListItem","position":4,"name":"BGA Rework Station"}]},{"@type":"WebSite","@id":"https:\/\/inventcad.ro\/ro\/#website","url":"https:\/\/inventcad.ro\/ro\/","name":"InventCAD","description":"Proiectare mecanic\u0103, automatiz\u0103ri industriale","publisher":{"@id":"https:\/\/inventcad.ro\/ro\/#organization"},"potentialAction":[{"@type":"SearchAction","target":{"@type":"EntryPoint","urlTemplate":"https:\/\/inventcad.ro\/ro\/?s={search_term_string}"},"query-input":{"@type":"PropertyValueSpecification","valueRequired":true,"valueName":"search_term_string"}}],"inLanguage":"ro-RO"},{"@type":"Organization","@id":"https:\/\/inventcad.ro\/ro\/#organization","name":"InventCAD","url":"https:\/\/inventcad.ro\/ro\/","logo":{"@type":"ImageObject","inLanguage":"ro-RO","@id":"https:\/\/inventcad.ro\/ro\/#\/schema\/logo\/image\/","url":"https:\/\/inventcad.ro\/ro\/wp-content\/uploads\/2020\/11\/inventcad-logo.png","contentUrl":"https:\/\/inventcad.ro\/ro\/wp-content\/uploads\/2020\/11\/inventcad-logo.png","width":1653,"height":250,"caption":"InventCAD"},"image":{"@id":"https:\/\/inventcad.ro\/ro\/#\/schema\/logo\/image\/"},"sameAs":["https:\/\/www.facebook.com\/inventcad","https:\/\/www.linkedin.com\/company\/inventcad\/","https:\/\/www.youtube.com\/user\/InventCAD"],"description":"Mechanical design, industrial automation, and engineering services.","email":"office@inventcad.ro","legalName":"InventCAD SRL","foundingDate":"2003-03-10","vatID":"RO15368893","numberOfEmployees":{"@type":"QuantitativeValue","minValue":"1","maxValue":"10"}}]}},"_links":{"self":[{"href":"https:\/\/inventcad.ro\/ro\/wp-json\/wp\/v2\/pages\/2303","targetHints":{"allow":["GET"]}}],"collection":[{"href":"https:\/\/inventcad.ro\/ro\/wp-json\/wp\/v2\/pages"}],"about":[{"href":"https:\/\/inventcad.ro\/ro\/wp-json\/wp\/v2\/types\/page"}],"author":[{"embeddable":true,"href":"https:\/\/inventcad.ro\/ro\/wp-json\/wp\/v2\/users\/1"}],"replies":[{"embeddable":true,"href":"https:\/\/inventcad.ro\/ro\/wp-json\/wp\/v2\/comments?post=2303"}],"version-history":[{"count":10,"href":"https:\/\/inventcad.ro\/ro\/wp-json\/wp\/v2\/pages\/2303\/revisions"}],"predecessor-version":[{"id":2837,"href":"https:\/\/inventcad.ro\/ro\/wp-json\/wp\/v2\/pages\/2303\/revisions\/2837"}],"up":[{"embeddable":true,"href":"https:\/\/inventcad.ro\/ro\/wp-json\/wp\/v2\/pages\/2656"}],"wp:attachment":[{"href":"https:\/\/inventcad.ro\/ro\/wp-json\/wp\/v2\/media?parent=2303"}],"curies":[{"name":"wp","href":"https:\/\/api.w.org\/{rel}","templated":true}]}}