{"id":2190,"date":"2025-03-11T14:34:37","date_gmt":"2025-03-11T12:34:37","guid":{"rendered":"https:\/\/inventcad.ro\/ro\/?page_id=2190"},"modified":"2025-03-11T14:34:39","modified_gmt":"2025-03-11T12:34:39","slug":"carbon-steel-keyless-locking-devices","status":"publish","type":"page","link":"https:\/\/inventcad.ro\/ro\/produse\/distribuitor-produse-bervina\/buchse-conice-fara-cheie\/carbon-steel-keyless-locking-devices\/","title":{"rendered":"Carbon Steel Keyless Locking Devices"},"content":{"rendered":"\n<p>Buc\u0219ele conice Bervina asigur\u0103 o conexiune f\u0103r\u0103 joc la butuci \u0219i arbori care accept\u0103 un cuplu ridicat.<\/p>\n\n\n\n<p>Motivul pentru care cump\u0103ra\u021bi tufe conice din Bervina este c\u0103 pre\u021bul este mai rezonabil dec\u00e2t cump\u0103rarea din Asia. Dac\u0103 compara\u021bi toate costurile, inclusiv: costul de achizi\u021bie plus transport, plus taxe, stocare \u00een Europa, ve\u021bi afla c\u0103 dac\u0103 aduna\u021bi toate costurile, totalul dvs. este mai mic la comandarea buc\u0219elor conice din Bervina dec\u00e2t face\u021bi acela\u0219i lucru din Asia.<\/p>\n\n\n\n<p>Sunt disponibile produse din o\u021bel inoxidabil \u0219i o\u021bel carbon. Buc\u0219a f\u0103r\u0103 cheie Bervina poate fi utilizat\u0103 pe aplica\u021bii cu arbori mici.<\/p>\n\n\n\n<div class=\"wp-block-media-text is-stacked-on-mobile\"><figure class=\"wp-block-media-text__media\"><img loading=\"lazy\" decoding=\"async\" width=\"916\" height=\"413\" src=\"https:\/\/inventcad.ro\/ro\/wp-content\/uploads\/2025\/03\/bt-plt.png\" alt=\"Carbon Steel Keyless Locking Devices\" class=\"wp-image-2382 size-full\" srcset=\"https:\/\/inventcad.ro\/ro\/wp-content\/uploads\/2025\/03\/bt-plt.png 916w, https:\/\/inventcad.ro\/ro\/wp-content\/uploads\/2025\/03\/bt-plt-300x135.png 300w, https:\/\/inventcad.ro\/ro\/wp-content\/uploads\/2025\/03\/bt-plt-768x346.png 768w\" sizes=\"auto, (max-width: 767px) 89vw, (max-width: 1000px) 54vw, (max-width: 1071px) 543px, 580px\" \/><\/figure><div class=\"wp-block-media-text__content\">\n<p>Principalele atribute:<br>diametru interior de la 4 mm la 20 mm<br>reac\u021bie zero<br>asigur\u0103 o reglare precis\u0103 radial\u0103 \u0219i axial\u0103 pe arbori<br>capabil s\u0103 se monteze peste canalele existente<br>reglabilitate axial\u0103 \u0219i radial\u0103<br>instalare, reglare \u0219i demontare u\u0219oar\u0103<\/p>\n\n\n\n<p><\/p>\n<\/div><\/div>\n\n\n\n<p><\/p>\n","protected":false},"excerpt":{"rendered":"<p>Buc\u0219ele conice Bervina asigur\u0103 o conexiune f\u0103r\u0103 joc la butuci \u0219i arbori care accept\u0103 un cuplu ridicat. Motivul pentru care cump\u0103ra\u021bi tufe conice din Bervina este c\u0103 pre\u021bul este mai rezonabil dec\u00e2t cump\u0103rarea din Asia. Dac\u0103 compara\u021bi toate costurile, inclusiv: costul de achizi\u021bie plus transport, plus taxe, stocare \u00een Europa, ve\u021bi afla c\u0103 dac\u0103 aduna\u021bi &hellip; <\/p>\n<p class=\"link-more\"><a href=\"https:\/\/inventcad.ro\/ro\/produse\/distribuitor-produse-bervina\/buchse-conice-fara-cheie\/carbon-steel-keyless-locking-devices\/\" class=\"more-link\">Continu\u0103 lectura<span class=\"screen-reader-text\"> \u201eCarbon Steel Keyless Locking Devices\u201d<\/span><\/a><\/p>\n","protected":false},"author":1,"featured_media":0,"parent":2114,"menu_order":28,"comment_status":"closed","ping_status":"closed","template":"","meta":{"footnotes":""},"class_list":["post-2190","page","type-page","status-publish","hentry"],"yoast_head":"<!-- This site is optimized with the Yoast SEO Premium plugin v27.4 (Yoast SEO v27.5) - https:\/\/yoast.com\/product\/yoast-seo-premium-wordpress\/ -->\n<title>Carbon Steel Keyless Locking Devices - InventCAD<\/title>\n<meta name=\"robots\" content=\"index, follow, max-snippet:-1, max-image-preview:large, max-video-preview:-1\" \/>\n<link rel=\"canonical\" href=\"https:\/\/inventcad.ro\/ro\/produse\/distribuitor-produse-bervina\/buchse-conice-fara-cheie\/carbon-steel-keyless-locking-devices\/\" \/>\n<meta property=\"og:locale\" content=\"ro_RO\" \/>\n<meta property=\"og:type\" content=\"article\" \/>\n<meta property=\"og:title\" content=\"Carbon Steel Keyless Locking Devices\" \/>\n<meta property=\"og:description\" content=\"Buc\u0219ele conice Bervina asigur\u0103 o conexiune f\u0103r\u0103 joc la butuci \u0219i arbori care accept\u0103 un cuplu ridicat. Motivul pentru care cump\u0103ra\u021bi tufe conice din Bervina este c\u0103 pre\u021bul este mai rezonabil dec\u00e2t cump\u0103rarea din Asia. Dac\u0103 compara\u021bi toate costurile, inclusiv: costul de achizi\u021bie plus transport, plus taxe, stocare \u00een Europa, ve\u021bi afla c\u0103 dac\u0103 aduna\u021bi &hellip; Continu\u0103 lectura \u201eCarbon Steel Keyless Locking Devices\u201d\" \/>\n<meta property=\"og:url\" content=\"https:\/\/inventcad.ro\/ro\/produse\/distribuitor-produse-bervina\/buchse-conice-fara-cheie\/carbon-steel-keyless-locking-devices\/\" \/>\n<meta property=\"og:site_name\" content=\"InventCAD\" \/>\n<meta property=\"article:publisher\" content=\"https:\/\/www.facebook.com\/inventcad\" \/>\n<meta property=\"article:modified_time\" content=\"2025-03-11T12:34:39+00:00\" \/>\n<meta property=\"og:image\" content=\"https:\/\/inventcad.ro\/ro\/wp-content\/uploads\/2025\/03\/bt-plt.png\" \/>\n\t<meta property=\"og:image:width\" content=\"916\" \/>\n\t<meta property=\"og:image:height\" content=\"413\" \/>\n\t<meta property=\"og:image:type\" content=\"image\/png\" \/>\n<meta name=\"twitter:card\" content=\"summary_large_image\" \/>\n<meta name=\"twitter:label1\" content=\"Timp estimat pentru citire\" \/>\n\t<meta name=\"twitter:data1\" content=\"1 minut\" \/>\n<script type=\"application\/ld+json\" class=\"yoast-schema-graph\">{\"@context\":\"https:\\\/\\\/schema.org\",\"@graph\":[{\"@type\":\"WebPage\",\"@id\":\"https:\\\/\\\/inventcad.ro\\\/ro\\\/produse\\\/distribuitor-produse-bervina\\\/buchse-conice-fara-cheie\\\/carbon-steel-keyless-locking-devices\\\/\",\"url\":\"https:\\\/\\\/inventcad.ro\\\/ro\\\/produse\\\/distribuitor-produse-bervina\\\/buchse-conice-fara-cheie\\\/carbon-steel-keyless-locking-devices\\\/\",\"name\":\"Carbon Steel Keyless Locking Devices - InventCAD\",\"isPartOf\":{\"@id\":\"https:\\\/\\\/inventcad.ro\\\/ro\\\/#website\"},\"primaryImageOfPage\":{\"@id\":\"https:\\\/\\\/inventcad.ro\\\/ro\\\/produse\\\/distribuitor-produse-bervina\\\/buchse-conice-fara-cheie\\\/carbon-steel-keyless-locking-devices\\\/#primaryimage\"},\"image\":{\"@id\":\"https:\\\/\\\/inventcad.ro\\\/ro\\\/produse\\\/distribuitor-produse-bervina\\\/buchse-conice-fara-cheie\\\/carbon-steel-keyless-locking-devices\\\/#primaryimage\"},\"thumbnailUrl\":\"https:\\\/\\\/inventcad.ro\\\/ro\\\/wp-content\\\/uploads\\\/2025\\\/03\\\/bt-plt.png\",\"datePublished\":\"2025-03-11T12:34:37+00:00\",\"dateModified\":\"2025-03-11T12:34:39+00:00\",\"breadcrumb\":{\"@id\":\"https:\\\/\\\/inventcad.ro\\\/ro\\\/produse\\\/distribuitor-produse-bervina\\\/buchse-conice-fara-cheie\\\/carbon-steel-keyless-locking-devices\\\/#breadcrumb\"},\"inLanguage\":\"ro-RO\",\"potentialAction\":[{\"@type\":\"ReadAction\",\"target\":[\"https:\\\/\\\/inventcad.ro\\\/ro\\\/produse\\\/distribuitor-produse-bervina\\\/buchse-conice-fara-cheie\\\/carbon-steel-keyless-locking-devices\\\/\"]}]},{\"@type\":\"ImageObject\",\"inLanguage\":\"ro-RO\",\"@id\":\"https:\\\/\\\/inventcad.ro\\\/ro\\\/produse\\\/distribuitor-produse-bervina\\\/buchse-conice-fara-cheie\\\/carbon-steel-keyless-locking-devices\\\/#primaryimage\",\"url\":\"https:\\\/\\\/inventcad.ro\\\/ro\\\/wp-content\\\/uploads\\\/2025\\\/03\\\/bt-plt.png\",\"contentUrl\":\"https:\\\/\\\/inventcad.ro\\\/ro\\\/wp-content\\\/uploads\\\/2025\\\/03\\\/bt-plt.png\",\"width\":916,\"height\":413,\"caption\":\"Carbon Steel Keyless Locking Devices\"},{\"@type\":\"BreadcrumbList\",\"@id\":\"https:\\\/\\\/inventcad.ro\\\/ro\\\/produse\\\/distribuitor-produse-bervina\\\/buchse-conice-fara-cheie\\\/carbon-steel-keyless-locking-devices\\\/#breadcrumb\",\"itemListElement\":[{\"@type\":\"ListItem\",\"position\":1,\"name\":\"Home\",\"item\":\"https:\\\/\\\/inventcad.ro\\\/ro\\\/\"},{\"@type\":\"ListItem\",\"position\":2,\"name\":\"Produse\",\"item\":\"https:\\\/\\\/inventcad.ro\\\/ro\\\/produse\\\/\"},{\"@type\":\"ListItem\",\"position\":3,\"name\":\"Distribuitor produse BERVINA\",\"item\":\"https:\\\/\\\/inventcad.ro\\\/ro\\\/produse\\\/distribuitor-produse-bervina\\\/\"},{\"@type\":\"ListItem\",\"position\":4,\"name\":\"Buch\u0219e conice f\u0103r\u0103 cheie\",\"item\":\"https:\\\/\\\/inventcad.ro\\\/ro\\\/produse\\\/distribuitor-produse-bervina\\\/buchse-conice-fara-cheie\\\/\"},{\"@type\":\"ListItem\",\"position\":5,\"name\":\"Carbon Steel Keyless Locking Devices\"}]},{\"@type\":\"WebSite\",\"@id\":\"https:\\\/\\\/inventcad.ro\\\/ro\\\/#website\",\"url\":\"https:\\\/\\\/inventcad.ro\\\/ro\\\/\",\"name\":\"InventCAD\",\"description\":\"Proiectare mecanic\u0103, automatiz\u0103ri industriale\",\"publisher\":{\"@id\":\"https:\\\/\\\/inventcad.ro\\\/ro\\\/#organization\"},\"potentialAction\":[{\"@type\":\"SearchAction\",\"target\":{\"@type\":\"EntryPoint\",\"urlTemplate\":\"https:\\\/\\\/inventcad.ro\\\/ro\\\/?s={search_term_string}\"},\"query-input\":{\"@type\":\"PropertyValueSpecification\",\"valueRequired\":true,\"valueName\":\"search_term_string\"}}],\"inLanguage\":\"ro-RO\"},{\"@type\":\"Organization\",\"@id\":\"https:\\\/\\\/inventcad.ro\\\/ro\\\/#organization\",\"name\":\"InventCAD\",\"url\":\"https:\\\/\\\/inventcad.ro\\\/ro\\\/\",\"logo\":{\"@type\":\"ImageObject\",\"inLanguage\":\"ro-RO\",\"@id\":\"https:\\\/\\\/inventcad.ro\\\/ro\\\/#\\\/schema\\\/logo\\\/image\\\/\",\"url\":\"https:\\\/\\\/inventcad.ro\\\/ro\\\/wp-content\\\/uploads\\\/2020\\\/11\\\/inventcad-logo.png\",\"contentUrl\":\"https:\\\/\\\/inventcad.ro\\\/ro\\\/wp-content\\\/uploads\\\/2020\\\/11\\\/inventcad-logo.png\",\"width\":1653,\"height\":250,\"caption\":\"InventCAD\"},\"image\":{\"@id\":\"https:\\\/\\\/inventcad.ro\\\/ro\\\/#\\\/schema\\\/logo\\\/image\\\/\"},\"sameAs\":[\"https:\\\/\\\/www.facebook.com\\\/inventcad\",\"https:\\\/\\\/www.linkedin.com\\\/company\\\/inventcad\\\/\",\"https:\\\/\\\/www.youtube.com\\\/user\\\/InventCAD\"],\"description\":\"Mechanical design, industrial automation, and engineering services.\",\"email\":\"office@inventcad.ro\",\"legalName\":\"InventCAD SRL\",\"foundingDate\":\"2003-03-10\",\"vatID\":\"RO15368893\",\"numberOfEmployees\":{\"@type\":\"QuantitativeValue\",\"minValue\":\"1\",\"maxValue\":\"10\"}}]}<\/script>\n<!-- \/ Yoast SEO Premium plugin. -->","yoast_head_json":{"title":"Carbon Steel Keyless Locking Devices - InventCAD","robots":{"index":"index","follow":"follow","max-snippet":"max-snippet:-1","max-image-preview":"max-image-preview:large","max-video-preview":"max-video-preview:-1"},"canonical":"https:\/\/inventcad.ro\/ro\/produse\/distribuitor-produse-bervina\/buchse-conice-fara-cheie\/carbon-steel-keyless-locking-devices\/","og_locale":"ro_RO","og_type":"article","og_title":"Carbon Steel Keyless Locking Devices","og_description":"Buc\u0219ele conice Bervina asigur\u0103 o conexiune f\u0103r\u0103 joc la butuci \u0219i arbori care accept\u0103 un cuplu ridicat. Motivul pentru care cump\u0103ra\u021bi tufe conice din Bervina este c\u0103 pre\u021bul este mai rezonabil dec\u00e2t cump\u0103rarea din Asia. Dac\u0103 compara\u021bi toate costurile, inclusiv: costul de achizi\u021bie plus transport, plus taxe, stocare \u00een Europa, ve\u021bi afla c\u0103 dac\u0103 aduna\u021bi &hellip; Continu\u0103 lectura \u201eCarbon Steel Keyless Locking Devices\u201d","og_url":"https:\/\/inventcad.ro\/ro\/produse\/distribuitor-produse-bervina\/buchse-conice-fara-cheie\/carbon-steel-keyless-locking-devices\/","og_site_name":"InventCAD","article_publisher":"https:\/\/www.facebook.com\/inventcad","article_modified_time":"2025-03-11T12:34:39+00:00","og_image":[{"width":916,"height":413,"url":"https:\/\/inventcad.ro\/ro\/wp-content\/uploads\/2025\/03\/bt-plt.png","type":"image\/png"}],"twitter_card":"summary_large_image","twitter_misc":{"Timp estimat pentru citire":"1 minut"},"schema":{"@context":"https:\/\/schema.org","@graph":[{"@type":"WebPage","@id":"https:\/\/inventcad.ro\/ro\/produse\/distribuitor-produse-bervina\/buchse-conice-fara-cheie\/carbon-steel-keyless-locking-devices\/","url":"https:\/\/inventcad.ro\/ro\/produse\/distribuitor-produse-bervina\/buchse-conice-fara-cheie\/carbon-steel-keyless-locking-devices\/","name":"Carbon Steel Keyless Locking Devices - InventCAD","isPartOf":{"@id":"https:\/\/inventcad.ro\/ro\/#website"},"primaryImageOfPage":{"@id":"https:\/\/inventcad.ro\/ro\/produse\/distribuitor-produse-bervina\/buchse-conice-fara-cheie\/carbon-steel-keyless-locking-devices\/#primaryimage"},"image":{"@id":"https:\/\/inventcad.ro\/ro\/produse\/distribuitor-produse-bervina\/buchse-conice-fara-cheie\/carbon-steel-keyless-locking-devices\/#primaryimage"},"thumbnailUrl":"https:\/\/inventcad.ro\/ro\/wp-content\/uploads\/2025\/03\/bt-plt.png","datePublished":"2025-03-11T12:34:37+00:00","dateModified":"2025-03-11T12:34:39+00:00","breadcrumb":{"@id":"https:\/\/inventcad.ro\/ro\/produse\/distribuitor-produse-bervina\/buchse-conice-fara-cheie\/carbon-steel-keyless-locking-devices\/#breadcrumb"},"inLanguage":"ro-RO","potentialAction":[{"@type":"ReadAction","target":["https:\/\/inventcad.ro\/ro\/produse\/distribuitor-produse-bervina\/buchse-conice-fara-cheie\/carbon-steel-keyless-locking-devices\/"]}]},{"@type":"ImageObject","inLanguage":"ro-RO","@id":"https:\/\/inventcad.ro\/ro\/produse\/distribuitor-produse-bervina\/buchse-conice-fara-cheie\/carbon-steel-keyless-locking-devices\/#primaryimage","url":"https:\/\/inventcad.ro\/ro\/wp-content\/uploads\/2025\/03\/bt-plt.png","contentUrl":"https:\/\/inventcad.ro\/ro\/wp-content\/uploads\/2025\/03\/bt-plt.png","width":916,"height":413,"caption":"Carbon Steel Keyless Locking Devices"},{"@type":"BreadcrumbList","@id":"https:\/\/inventcad.ro\/ro\/produse\/distribuitor-produse-bervina\/buchse-conice-fara-cheie\/carbon-steel-keyless-locking-devices\/#breadcrumb","itemListElement":[{"@type":"ListItem","position":1,"name":"Home","item":"https:\/\/inventcad.ro\/ro\/"},{"@type":"ListItem","position":2,"name":"Produse","item":"https:\/\/inventcad.ro\/ro\/produse\/"},{"@type":"ListItem","position":3,"name":"Distribuitor produse BERVINA","item":"https:\/\/inventcad.ro\/ro\/produse\/distribuitor-produse-bervina\/"},{"@type":"ListItem","position":4,"name":"Buch\u0219e conice f\u0103r\u0103 cheie","item":"https:\/\/inventcad.ro\/ro\/produse\/distribuitor-produse-bervina\/buchse-conice-fara-cheie\/"},{"@type":"ListItem","position":5,"name":"Carbon Steel Keyless Locking Devices"}]},{"@type":"WebSite","@id":"https:\/\/inventcad.ro\/ro\/#website","url":"https:\/\/inventcad.ro\/ro\/","name":"InventCAD","description":"Proiectare mecanic\u0103, automatiz\u0103ri industriale","publisher":{"@id":"https:\/\/inventcad.ro\/ro\/#organization"},"potentialAction":[{"@type":"SearchAction","target":{"@type":"EntryPoint","urlTemplate":"https:\/\/inventcad.ro\/ro\/?s={search_term_string}"},"query-input":{"@type":"PropertyValueSpecification","valueRequired":true,"valueName":"search_term_string"}}],"inLanguage":"ro-RO"},{"@type":"Organization","@id":"https:\/\/inventcad.ro\/ro\/#organization","name":"InventCAD","url":"https:\/\/inventcad.ro\/ro\/","logo":{"@type":"ImageObject","inLanguage":"ro-RO","@id":"https:\/\/inventcad.ro\/ro\/#\/schema\/logo\/image\/","url":"https:\/\/inventcad.ro\/ro\/wp-content\/uploads\/2020\/11\/inventcad-logo.png","contentUrl":"https:\/\/inventcad.ro\/ro\/wp-content\/uploads\/2020\/11\/inventcad-logo.png","width":1653,"height":250,"caption":"InventCAD"},"image":{"@id":"https:\/\/inventcad.ro\/ro\/#\/schema\/logo\/image\/"},"sameAs":["https:\/\/www.facebook.com\/inventcad","https:\/\/www.linkedin.com\/company\/inventcad\/","https:\/\/www.youtube.com\/user\/InventCAD"],"description":"Mechanical design, industrial automation, and engineering services.","email":"office@inventcad.ro","legalName":"InventCAD SRL","foundingDate":"2003-03-10","vatID":"RO15368893","numberOfEmployees":{"@type":"QuantitativeValue","minValue":"1","maxValue":"10"}}]}},"_links":{"self":[{"href":"https:\/\/inventcad.ro\/ro\/wp-json\/wp\/v2\/pages\/2190","targetHints":{"allow":["GET"]}}],"collection":[{"href":"https:\/\/inventcad.ro\/ro\/wp-json\/wp\/v2\/pages"}],"about":[{"href":"https:\/\/inventcad.ro\/ro\/wp-json\/wp\/v2\/types\/page"}],"author":[{"embeddable":true,"href":"https:\/\/inventcad.ro\/ro\/wp-json\/wp\/v2\/users\/1"}],"replies":[{"embeddable":true,"href":"https:\/\/inventcad.ro\/ro\/wp-json\/wp\/v2\/comments?post=2190"}],"version-history":[{"count":1,"href":"https:\/\/inventcad.ro\/ro\/wp-json\/wp\/v2\/pages\/2190\/revisions"}],"predecessor-version":[{"id":2383,"href":"https:\/\/inventcad.ro\/ro\/wp-json\/wp\/v2\/pages\/2190\/revisions\/2383"}],"up":[{"embeddable":true,"href":"https:\/\/inventcad.ro\/ro\/wp-json\/wp\/v2\/pages\/2114"}],"wp:attachment":[{"href":"https:\/\/inventcad.ro\/ro\/wp-json\/wp\/v2\/media?parent=2190"}],"curies":[{"name":"wp","href":"https:\/\/api.w.org\/{rel}","templated":true}]}}