{"id":2187,"date":"2025-03-11T14:24:12","date_gmt":"2025-03-11T12:24:12","guid":{"rendered":"https:\/\/inventcad.ro\/ro\/?page_id=2187"},"modified":"2025-03-12T09:55:40","modified_gmt":"2025-03-12T07:55:40","slug":"easy-couplings","status":"publish","type":"page","link":"https:\/\/inventcad.ro\/ro\/produse\/distribuitor-produse-bervina\/cuplaje-miniatura\/easy-couplings\/","title":{"rendered":"Easy Couplings"},"content":{"rendered":"\n<p>Cuplajele Bervina Easy sunt fabricate sub patentul propriu al companiei. Cuplarea u\u0219oar\u0103 este o combina\u021bie \u00eentre o cuplare pe grind\u0103 \u0219i buc\u0219e conice.<\/p>\n\n\n\n<p>Aceast\u0103 tehnologie faciliteaz\u0103 instalarea cuplajului pe arbori f\u0103r\u0103 prelucr\u0103ri. Cuplajele au o rigiditate la torsiune foarte mare, ceea ce o face potrivit\u0103 pentru aplica\u021biile de control al mi\u0219c\u0103rii \u00een care este necesar\u0103 o pozi\u021bionare extrem de precis\u0103, opriri \u0219i plec\u0103ri frecvente \u0219i rota\u021bie invers\u0103.<\/p>\n\n\n\n<p>Cuplajul func\u021bioneaz\u0103 cu joc zero \u0219i vitez\u0103 constant\u0103 care compenseaz\u0103 dezalinirile unghiulare, paralele \u0219i axiale \u00een timpul func\u021bion\u0103rii. Partea corpului este o construc\u021bie dintr-o singur\u0103 pies\u0103 din aluminiu cu t\u0103ietur\u0103 elicoid\u0103.<\/p>\n\n\n\n<figure class=\"wp-block-image size-full\"><img loading=\"lazy\" decoding=\"async\" width=\"800\" height=\"400\" src=\"https:\/\/inventcad.ro\/ro\/wp-content\/uploads\/2025\/03\/20180215_120535-2-scaled-1.jpg\" alt=\"Easy Coupling\" class=\"wp-image-2374\" srcset=\"https:\/\/inventcad.ro\/ro\/wp-content\/uploads\/2025\/03\/20180215_120535-2-scaled-1.jpg 800w, https:\/\/inventcad.ro\/ro\/wp-content\/uploads\/2025\/03\/20180215_120535-2-scaled-1-300x150.jpg 300w, https:\/\/inventcad.ro\/ro\/wp-content\/uploads\/2025\/03\/20180215_120535-2-scaled-1-768x384.jpg 768w\" sizes=\"auto, (max-width: 767px) 89vw, (max-width: 1000px) 54vw, (max-width: 1071px) 543px, 580px\" \/><figcaption class=\"wp-element-caption\">Easy Coupling<\/figcaption><\/figure>\n\n\n\n<p>Alezajele metrice sunt disponibile de la 4 mm la 12 mm<br>Compenseaz\u0103 dezechilibrele unghiulare, paralele \u0219i axiale<br>Joc zero<br>Vitez\u0103 constant\u0103<br>Toleran\u021b\u0103 ridicat\u0103 la substan\u021be chimice, coroziune, c\u0103ldur\u0103<br>Timp scurt de livrare<\/p>\n\n\n\n<div data-wp-interactive=\"core\/file\" class=\"wp-block-file\"><object data-wp-bind--hidden=\"!state.hasPdfPreview\" hidden class=\"wp-block-file__embed\" data=\"https:\/\/inventcad.ro\/ro\/wp-content\/uploads\/2025\/03\/Page_37_EASY-COUPLING-AW-EN-7075.pdf\" type=\"application\/pdf\" style=\"width:100%;height:1000px\" aria-label=\"\u00cenglobare pentru EASY COUPLING AW EN 7075.\"><\/object><a id=\"wp-block-file--media-caac50e4-8ccf-45ed-8c30-07d5a82abcc0\" href=\"https:\/\/inventcad.ro\/ro\/wp-content\/uploads\/2025\/03\/Page_37_EASY-COUPLING-AW-EN-7075.pdf\">EASY COUPLING AW EN 7075<\/a><\/div>\n","protected":false},"excerpt":{"rendered":"<p>Cuplajele Bervina Easy sunt fabricate sub patentul propriu al companiei. Cuplarea u\u0219oar\u0103 este o combina\u021bie \u00eentre o cuplare pe grind\u0103 \u0219i buc\u0219e conice. Aceast\u0103 tehnologie faciliteaz\u0103 instalarea cuplajului pe arbori f\u0103r\u0103 prelucr\u0103ri. Cuplajele au o rigiditate la torsiune foarte mare, ceea ce o face potrivit\u0103 pentru aplica\u021biile de control al mi\u0219c\u0103rii \u00een care este necesar\u0103 &hellip; <\/p>\n<p class=\"link-more\"><a href=\"https:\/\/inventcad.ro\/ro\/produse\/distribuitor-produse-bervina\/cuplaje-miniatura\/easy-couplings\/\" class=\"more-link\">Continu\u0103 lectura<span class=\"screen-reader-text\"> \u201eEasy Couplings\u201d<\/span><\/a><\/p>\n","protected":false},"author":1,"featured_media":0,"parent":2113,"menu_order":32,"comment_status":"closed","ping_status":"closed","template":"","meta":{"footnotes":""},"class_list":["post-2187","page","type-page","status-publish","hentry"],"yoast_head":"<!-- This site is optimized with the Yoast SEO Premium plugin v27.3 (Yoast SEO v27.4) - https:\/\/yoast.com\/product\/yoast-seo-premium-wordpress\/ -->\n<title>Easy Couplings - InventCAD<\/title>\n<meta name=\"robots\" content=\"index, follow, max-snippet:-1, max-image-preview:large, max-video-preview:-1\" \/>\n<link rel=\"canonical\" href=\"https:\/\/inventcad.ro\/ro\/produse\/distribuitor-produse-bervina\/cuplaje-miniatura\/easy-couplings\/\" \/>\n<meta property=\"og:locale\" content=\"ro_RO\" \/>\n<meta property=\"og:type\" content=\"article\" \/>\n<meta property=\"og:title\" content=\"Easy Couplings\" \/>\n<meta property=\"og:description\" content=\"Cuplajele Bervina Easy sunt fabricate sub patentul propriu al companiei. Cuplarea u\u0219oar\u0103 este o combina\u021bie \u00eentre o cuplare pe grind\u0103 \u0219i buc\u0219e conice. Aceast\u0103 tehnologie faciliteaz\u0103 instalarea cuplajului pe arbori f\u0103r\u0103 prelucr\u0103ri. Cuplajele au o rigiditate la torsiune foarte mare, ceea ce o face potrivit\u0103 pentru aplica\u021biile de control al mi\u0219c\u0103rii \u00een care este necesar\u0103 &hellip; Continu\u0103 lectura \u201eEasy Couplings\u201d\" \/>\n<meta property=\"og:url\" content=\"https:\/\/inventcad.ro\/ro\/produse\/distribuitor-produse-bervina\/cuplaje-miniatura\/easy-couplings\/\" \/>\n<meta property=\"og:site_name\" content=\"InventCAD\" \/>\n<meta property=\"article:publisher\" content=\"https:\/\/www.facebook.com\/inventcad\" \/>\n<meta property=\"article:modified_time\" content=\"2025-03-12T07:55:40+00:00\" \/>\n<meta property=\"og:image\" content=\"https:\/\/inventcad.ro\/ro\/wp-content\/uploads\/2025\/03\/20180215_120535-2-scaled-1.jpg\" \/>\n\t<meta property=\"og:image:width\" content=\"800\" \/>\n\t<meta property=\"og:image:height\" content=\"400\" \/>\n\t<meta property=\"og:image:type\" content=\"image\/jpeg\" \/>\n<meta name=\"twitter:card\" content=\"summary_large_image\" \/>\n<meta name=\"twitter:label1\" content=\"Timp estimat pentru citire\" \/>\n\t<meta name=\"twitter:data1\" content=\"1 minut\" \/>\n<script type=\"application\/ld+json\" class=\"yoast-schema-graph\">{\"@context\":\"https:\\\/\\\/schema.org\",\"@graph\":[{\"@type\":\"WebPage\",\"@id\":\"https:\\\/\\\/inventcad.ro\\\/ro\\\/produse\\\/distribuitor-produse-bervina\\\/cuplaje-miniatura\\\/easy-couplings\\\/\",\"url\":\"https:\\\/\\\/inventcad.ro\\\/ro\\\/produse\\\/distribuitor-produse-bervina\\\/cuplaje-miniatura\\\/easy-couplings\\\/\",\"name\":\"Easy Couplings - InventCAD\",\"isPartOf\":{\"@id\":\"https:\\\/\\\/inventcad.ro\\\/ro\\\/#website\"},\"primaryImageOfPage\":{\"@id\":\"https:\\\/\\\/inventcad.ro\\\/ro\\\/produse\\\/distribuitor-produse-bervina\\\/cuplaje-miniatura\\\/easy-couplings\\\/#primaryimage\"},\"image\":{\"@id\":\"https:\\\/\\\/inventcad.ro\\\/ro\\\/produse\\\/distribuitor-produse-bervina\\\/cuplaje-miniatura\\\/easy-couplings\\\/#primaryimage\"},\"thumbnailUrl\":\"https:\\\/\\\/inventcad.ro\\\/ro\\\/wp-content\\\/uploads\\\/2025\\\/03\\\/20180215_120535-2-scaled-1.jpg\",\"datePublished\":\"2025-03-11T12:24:12+00:00\",\"dateModified\":\"2025-03-12T07:55:40+00:00\",\"breadcrumb\":{\"@id\":\"https:\\\/\\\/inventcad.ro\\\/ro\\\/produse\\\/distribuitor-produse-bervina\\\/cuplaje-miniatura\\\/easy-couplings\\\/#breadcrumb\"},\"inLanguage\":\"ro-RO\",\"potentialAction\":[{\"@type\":\"ReadAction\",\"target\":[\"https:\\\/\\\/inventcad.ro\\\/ro\\\/produse\\\/distribuitor-produse-bervina\\\/cuplaje-miniatura\\\/easy-couplings\\\/\"]}]},{\"@type\":\"ImageObject\",\"inLanguage\":\"ro-RO\",\"@id\":\"https:\\\/\\\/inventcad.ro\\\/ro\\\/produse\\\/distribuitor-produse-bervina\\\/cuplaje-miniatura\\\/easy-couplings\\\/#primaryimage\",\"url\":\"https:\\\/\\\/inventcad.ro\\\/ro\\\/wp-content\\\/uploads\\\/2025\\\/03\\\/20180215_120535-2-scaled-1.jpg\",\"contentUrl\":\"https:\\\/\\\/inventcad.ro\\\/ro\\\/wp-content\\\/uploads\\\/2025\\\/03\\\/20180215_120535-2-scaled-1.jpg\",\"width\":800,\"height\":400,\"caption\":\"Easy Coupling\"},{\"@type\":\"BreadcrumbList\",\"@id\":\"https:\\\/\\\/inventcad.ro\\\/ro\\\/produse\\\/distribuitor-produse-bervina\\\/cuplaje-miniatura\\\/easy-couplings\\\/#breadcrumb\",\"itemListElement\":[{\"@type\":\"ListItem\",\"position\":1,\"name\":\"Home\",\"item\":\"https:\\\/\\\/inventcad.ro\\\/ro\\\/\"},{\"@type\":\"ListItem\",\"position\":2,\"name\":\"Produse\",\"item\":\"https:\\\/\\\/inventcad.ro\\\/ro\\\/produse\\\/\"},{\"@type\":\"ListItem\",\"position\":3,\"name\":\"Distribuitor produse BERVINA\",\"item\":\"https:\\\/\\\/inventcad.ro\\\/ro\\\/produse\\\/distribuitor-produse-bervina\\\/\"},{\"@type\":\"ListItem\",\"position\":4,\"name\":\"Cuplaje miniatur\u0103\",\"item\":\"https:\\\/\\\/inventcad.ro\\\/ro\\\/produse\\\/distribuitor-produse-bervina\\\/cuplaje-miniatura\\\/\"},{\"@type\":\"ListItem\",\"position\":5,\"name\":\"Easy Couplings\"}]},{\"@type\":\"WebSite\",\"@id\":\"https:\\\/\\\/inventcad.ro\\\/ro\\\/#website\",\"url\":\"https:\\\/\\\/inventcad.ro\\\/ro\\\/\",\"name\":\"InventCAD\",\"description\":\"Proiectare mecanic\u0103, automatiz\u0103ri industriale\",\"publisher\":{\"@id\":\"https:\\\/\\\/inventcad.ro\\\/ro\\\/#organization\"},\"potentialAction\":[{\"@type\":\"SearchAction\",\"target\":{\"@type\":\"EntryPoint\",\"urlTemplate\":\"https:\\\/\\\/inventcad.ro\\\/ro\\\/?s={search_term_string}\"},\"query-input\":{\"@type\":\"PropertyValueSpecification\",\"valueRequired\":true,\"valueName\":\"search_term_string\"}}],\"inLanguage\":\"ro-RO\"},{\"@type\":\"Organization\",\"@id\":\"https:\\\/\\\/inventcad.ro\\\/ro\\\/#organization\",\"name\":\"InventCAD\",\"url\":\"https:\\\/\\\/inventcad.ro\\\/ro\\\/\",\"logo\":{\"@type\":\"ImageObject\",\"inLanguage\":\"ro-RO\",\"@id\":\"https:\\\/\\\/inventcad.ro\\\/ro\\\/#\\\/schema\\\/logo\\\/image\\\/\",\"url\":\"https:\\\/\\\/inventcad.ro\\\/ro\\\/wp-content\\\/uploads\\\/2020\\\/11\\\/inventcad-logo.png\",\"contentUrl\":\"https:\\\/\\\/inventcad.ro\\\/ro\\\/wp-content\\\/uploads\\\/2020\\\/11\\\/inventcad-logo.png\",\"width\":1653,\"height\":250,\"caption\":\"InventCAD\"},\"image\":{\"@id\":\"https:\\\/\\\/inventcad.ro\\\/ro\\\/#\\\/schema\\\/logo\\\/image\\\/\"},\"sameAs\":[\"https:\\\/\\\/www.facebook.com\\\/inventcad\",\"https:\\\/\\\/www.linkedin.com\\\/company\\\/inventcad\\\/\",\"https:\\\/\\\/www.youtube.com\\\/user\\\/InventCAD\"],\"description\":\"Mechanical design, industrial automation, and engineering services.\",\"email\":\"office@inventcad.ro\",\"legalName\":\"InventCAD SRL\",\"foundingDate\":\"2003-03-10\",\"vatID\":\"RO15368893\",\"numberOfEmployees\":{\"@type\":\"QuantitativeValue\",\"minValue\":\"1\",\"maxValue\":\"10\"}}]}<\/script>\n<!-- \/ Yoast SEO Premium plugin. -->","yoast_head_json":{"title":"Easy Couplings - InventCAD","robots":{"index":"index","follow":"follow","max-snippet":"max-snippet:-1","max-image-preview":"max-image-preview:large","max-video-preview":"max-video-preview:-1"},"canonical":"https:\/\/inventcad.ro\/ro\/produse\/distribuitor-produse-bervina\/cuplaje-miniatura\/easy-couplings\/","og_locale":"ro_RO","og_type":"article","og_title":"Easy Couplings","og_description":"Cuplajele Bervina Easy sunt fabricate sub patentul propriu al companiei. Cuplarea u\u0219oar\u0103 este o combina\u021bie \u00eentre o cuplare pe grind\u0103 \u0219i buc\u0219e conice. Aceast\u0103 tehnologie faciliteaz\u0103 instalarea cuplajului pe arbori f\u0103r\u0103 prelucr\u0103ri. Cuplajele au o rigiditate la torsiune foarte mare, ceea ce o face potrivit\u0103 pentru aplica\u021biile de control al mi\u0219c\u0103rii \u00een care este necesar\u0103 &hellip; Continu\u0103 lectura \u201eEasy Couplings\u201d","og_url":"https:\/\/inventcad.ro\/ro\/produse\/distribuitor-produse-bervina\/cuplaje-miniatura\/easy-couplings\/","og_site_name":"InventCAD","article_publisher":"https:\/\/www.facebook.com\/inventcad","article_modified_time":"2025-03-12T07:55:40+00:00","og_image":[{"width":800,"height":400,"url":"https:\/\/inventcad.ro\/ro\/wp-content\/uploads\/2025\/03\/20180215_120535-2-scaled-1.jpg","type":"image\/jpeg"}],"twitter_card":"summary_large_image","twitter_misc":{"Timp estimat pentru citire":"1 minut"},"schema":{"@context":"https:\/\/schema.org","@graph":[{"@type":"WebPage","@id":"https:\/\/inventcad.ro\/ro\/produse\/distribuitor-produse-bervina\/cuplaje-miniatura\/easy-couplings\/","url":"https:\/\/inventcad.ro\/ro\/produse\/distribuitor-produse-bervina\/cuplaje-miniatura\/easy-couplings\/","name":"Easy Couplings - InventCAD","isPartOf":{"@id":"https:\/\/inventcad.ro\/ro\/#website"},"primaryImageOfPage":{"@id":"https:\/\/inventcad.ro\/ro\/produse\/distribuitor-produse-bervina\/cuplaje-miniatura\/easy-couplings\/#primaryimage"},"image":{"@id":"https:\/\/inventcad.ro\/ro\/produse\/distribuitor-produse-bervina\/cuplaje-miniatura\/easy-couplings\/#primaryimage"},"thumbnailUrl":"https:\/\/inventcad.ro\/ro\/wp-content\/uploads\/2025\/03\/20180215_120535-2-scaled-1.jpg","datePublished":"2025-03-11T12:24:12+00:00","dateModified":"2025-03-12T07:55:40+00:00","breadcrumb":{"@id":"https:\/\/inventcad.ro\/ro\/produse\/distribuitor-produse-bervina\/cuplaje-miniatura\/easy-couplings\/#breadcrumb"},"inLanguage":"ro-RO","potentialAction":[{"@type":"ReadAction","target":["https:\/\/inventcad.ro\/ro\/produse\/distribuitor-produse-bervina\/cuplaje-miniatura\/easy-couplings\/"]}]},{"@type":"ImageObject","inLanguage":"ro-RO","@id":"https:\/\/inventcad.ro\/ro\/produse\/distribuitor-produse-bervina\/cuplaje-miniatura\/easy-couplings\/#primaryimage","url":"https:\/\/inventcad.ro\/ro\/wp-content\/uploads\/2025\/03\/20180215_120535-2-scaled-1.jpg","contentUrl":"https:\/\/inventcad.ro\/ro\/wp-content\/uploads\/2025\/03\/20180215_120535-2-scaled-1.jpg","width":800,"height":400,"caption":"Easy Coupling"},{"@type":"BreadcrumbList","@id":"https:\/\/inventcad.ro\/ro\/produse\/distribuitor-produse-bervina\/cuplaje-miniatura\/easy-couplings\/#breadcrumb","itemListElement":[{"@type":"ListItem","position":1,"name":"Home","item":"https:\/\/inventcad.ro\/ro\/"},{"@type":"ListItem","position":2,"name":"Produse","item":"https:\/\/inventcad.ro\/ro\/produse\/"},{"@type":"ListItem","position":3,"name":"Distribuitor produse BERVINA","item":"https:\/\/inventcad.ro\/ro\/produse\/distribuitor-produse-bervina\/"},{"@type":"ListItem","position":4,"name":"Cuplaje miniatur\u0103","item":"https:\/\/inventcad.ro\/ro\/produse\/distribuitor-produse-bervina\/cuplaje-miniatura\/"},{"@type":"ListItem","position":5,"name":"Easy Couplings"}]},{"@type":"WebSite","@id":"https:\/\/inventcad.ro\/ro\/#website","url":"https:\/\/inventcad.ro\/ro\/","name":"InventCAD","description":"Proiectare mecanic\u0103, automatiz\u0103ri industriale","publisher":{"@id":"https:\/\/inventcad.ro\/ro\/#organization"},"potentialAction":[{"@type":"SearchAction","target":{"@type":"EntryPoint","urlTemplate":"https:\/\/inventcad.ro\/ro\/?s={search_term_string}"},"query-input":{"@type":"PropertyValueSpecification","valueRequired":true,"valueName":"search_term_string"}}],"inLanguage":"ro-RO"},{"@type":"Organization","@id":"https:\/\/inventcad.ro\/ro\/#organization","name":"InventCAD","url":"https:\/\/inventcad.ro\/ro\/","logo":{"@type":"ImageObject","inLanguage":"ro-RO","@id":"https:\/\/inventcad.ro\/ro\/#\/schema\/logo\/image\/","url":"https:\/\/inventcad.ro\/ro\/wp-content\/uploads\/2020\/11\/inventcad-logo.png","contentUrl":"https:\/\/inventcad.ro\/ro\/wp-content\/uploads\/2020\/11\/inventcad-logo.png","width":1653,"height":250,"caption":"InventCAD"},"image":{"@id":"https:\/\/inventcad.ro\/ro\/#\/schema\/logo\/image\/"},"sameAs":["https:\/\/www.facebook.com\/inventcad","https:\/\/www.linkedin.com\/company\/inventcad\/","https:\/\/www.youtube.com\/user\/InventCAD"],"description":"Mechanical design, industrial automation, and engineering services.","email":"office@inventcad.ro","legalName":"InventCAD SRL","foundingDate":"2003-03-10","vatID":"RO15368893","numberOfEmployees":{"@type":"QuantitativeValue","minValue":"1","maxValue":"10"}}]}},"_links":{"self":[{"href":"https:\/\/inventcad.ro\/ro\/wp-json\/wp\/v2\/pages\/2187","targetHints":{"allow":["GET"]}}],"collection":[{"href":"https:\/\/inventcad.ro\/ro\/wp-json\/wp\/v2\/pages"}],"about":[{"href":"https:\/\/inventcad.ro\/ro\/wp-json\/wp\/v2\/types\/page"}],"author":[{"embeddable":true,"href":"https:\/\/inventcad.ro\/ro\/wp-json\/wp\/v2\/users\/1"}],"replies":[{"embeddable":true,"href":"https:\/\/inventcad.ro\/ro\/wp-json\/wp\/v2\/comments?post=2187"}],"version-history":[{"count":6,"href":"https:\/\/inventcad.ro\/ro\/wp-json\/wp\/v2\/pages\/2187\/revisions"}],"predecessor-version":[{"id":2590,"href":"https:\/\/inventcad.ro\/ro\/wp-json\/wp\/v2\/pages\/2187\/revisions\/2590"}],"up":[{"embeddable":true,"href":"https:\/\/inventcad.ro\/ro\/wp-json\/wp\/v2\/pages\/2113"}],"wp:attachment":[{"href":"https:\/\/inventcad.ro\/ro\/wp-json\/wp\/v2\/media?parent=2187"}],"curies":[{"name":"wp","href":"https:\/\/api.w.org\/{rel}","templated":true}]}}