{"id":2186,"date":"2025-03-11T14:21:02","date_gmt":"2025-03-11T12:21:02","guid":{"rendered":"https:\/\/inventcad.ro\/ro\/?page_id=2186"},"modified":"2025-03-22T11:53:12","modified_gmt":"2025-03-22T09:53:12","slug":"aluminium-parallel-couplings","status":"publish","type":"page","link":"https:\/\/inventcad.ro\/ro\/produse\/distribuitor-produse-bervina\/cuplaje-miniatura\/aluminium-parallel-couplings\/","title":{"rendered":"Aluminium Parallel Couplings"},"content":{"rendered":"\n<p><strong>Bervina <\/strong>produce cuplaje paralele din aluminiu f\u0103r\u0103 joc dintr-o singur\u0103 bucat\u0103, \u00een trei dimensiuni, pentru a r\u0103spunde nevoilor dumneavoastr\u0103 de control al mi\u0219c\u0103rii. Cuplajele paralele accept\u0103 dezechilibre mari paralele \u0219i func\u021bioneaz\u0103 cu o capacitate mare de cuplu.<\/p>\n\n\n\n<p>Cuplajul paralel are o rigiditate la torsiune foarte mare, ceea ce \u00eel face potrivit pentru aplica\u021biile de control al mi\u0219c\u0103rii \u00een care este necesar\u0103 o pozi\u021bionare extrem de precis\u0103, opriri \u0219i plec\u0103ri frecvente \u0219i rota\u021bie invers\u0103.<\/p>\n\n\n\n<p>Cuplajele sunt disponibile numai \u00een aluminiu cu dimensiuni ale alezajului metrice, inch \u0219i inch p\u00e2n\u0103 la metrice cu toleran\u021b\u0103 H7.<\/p>\n\n\n\n<p>Cuplajele sunt pentru aplica\u021bii precum codificatoare cu arbore, rezolutoare, motoare pas, toate formele de dispozitive servo, actuatoare liniare \u0219i cu \u0219urub cu bile, robo\u021bi, mese de pozi\u021bionare, computere \u0219i radare.<\/p>\n\n\n\n<figure class=\"wp-block-image size-full\"><img loading=\"lazy\" decoding=\"async\" width=\"256\" height=\"128\" src=\"https:\/\/inventcad.ro\/ro\/wp-content\/uploads\/2025\/03\/parallel-coupling-ortw.jpg\" alt=\"parallel-coupling\" class=\"wp-image-2137\"\/><figcaption class=\"wp-element-caption\">Parallel Coupling<\/figcaption><\/figure>\n\n\n\n<p>Principalele atribute:<\/p>\n\n\n\n<ul class=\"wp-block-list\">\n<li>Constructie metalica dintr-o bucata<\/li>\n\n\n\n<li>Alezaje de la 2,5 mm la 19 mm (de la 0,098 inchi la 0,750 inci)<\/li>\n\n\n\n<li>Compenseaz\u0103 dezechilibrele unghiulare, paralele \u0219i axiale<\/li>\n\n\n\n<li>Fixare \u00een stil clem\u0103<\/li>\n\n\n\n<li>Zero reac\u021bii adverse<\/li>\n\n\n\n<li>Vitez\u0103 constant\u0103<\/li>\n\n\n\n<li>Toleran\u021b\u0103 ridicat\u0103 la substan\u021be chimice, coroziune, c\u0103ldur\u0103<\/li>\n\n\n\n<li>Timp scurt de livrare<\/li>\n<\/ul>\n\n\n\n<div data-wp-interactive=\"core\/file\" class=\"wp-block-file\"><object data-wp-bind--hidden=\"!state.hasPdfPreview\" hidden class=\"wp-block-file__embed\" data=\"https:\/\/inventcad.ro\/ro\/wp-content\/uploads\/2025\/03\/Page_35_ALUMINIUM-PARALELL-COUPLING-AW-EN-7075.pdf\" type=\"application\/pdf\" style=\"width:100%;height:1100px\" aria-label=\"\u00cenglobare pentru Page 35 ALUMINIUM PARALELL COUPLING AW EN 7075.\"><\/object><a id=\"wp-block-file--media-b47f21dc-decf-4c09-8912-e4180b6049d0\" href=\"https:\/\/inventcad.ro\/ro\/wp-content\/uploads\/2025\/03\/Page_35_ALUMINIUM-PARALELL-COUPLING-AW-EN-7075.pdf\">Page 35 ALUMINIUM PARALELL COUPLING AW EN 7075<\/a><\/div>\n","protected":false},"excerpt":{"rendered":"<p>Bervina produce cuplaje paralele din aluminiu f\u0103r\u0103 joc dintr-o singur\u0103 bucat\u0103, \u00een trei dimensiuni, pentru a r\u0103spunde nevoilor dumneavoastr\u0103 de control al mi\u0219c\u0103rii. Cuplajele paralele accept\u0103 dezechilibre mari paralele \u0219i func\u021bioneaz\u0103 cu o capacitate mare de cuplu. Cuplajul paralel are o rigiditate la torsiune foarte mare, ceea ce \u00eel face potrivit pentru aplica\u021biile de control &hellip; <\/p>\n<p class=\"link-more\"><a href=\"https:\/\/inventcad.ro\/ro\/produse\/distribuitor-produse-bervina\/cuplaje-miniatura\/aluminium-parallel-couplings\/\" class=\"more-link\">Continu\u0103 lectura<span class=\"screen-reader-text\"> \u201eAluminium Parallel Couplings\u201d<\/span><\/a><\/p>\n","protected":false},"author":1,"featured_media":0,"parent":2113,"menu_order":31,"comment_status":"closed","ping_status":"closed","template":"","meta":{"footnotes":""},"class_list":["post-2186","page","type-page","status-publish","hentry"],"yoast_head":"<!-- This site is optimized with the Yoast SEO Premium plugin v27.2 (Yoast SEO v27.3) - https:\/\/yoast.com\/product\/yoast-seo-premium-wordpress\/ -->\n<title>Cuplaje paralele \u0219i avantajele lor \u00een industrie - InventCAD<\/title>\n<meta name=\"description\" content=\"Descoper\u0103 cuplajele paralele din aluminiu, perfecte pentru aplica\u021bii ce necesit\u0103 rigiditate \u0219i pozi\u021bion\u0103ri precise.\" \/>\n<meta name=\"robots\" content=\"index, follow, max-snippet:-1, max-image-preview:large, max-video-preview:-1\" \/>\n<link rel=\"canonical\" href=\"https:\/\/inventcad.ro\/ro\/produse\/distribuitor-produse-bervina\/cuplaje-miniatura\/aluminium-parallel-couplings\/\" \/>\n<meta property=\"og:locale\" content=\"ro_RO\" \/>\n<meta property=\"og:type\" content=\"article\" \/>\n<meta property=\"og:title\" content=\"Aluminium Parallel Couplings\" \/>\n<meta property=\"og:description\" content=\"Descoper\u0103 cuplajele paralele din aluminiu, perfecte pentru aplica\u021bii ce necesit\u0103 rigiditate \u0219i pozi\u021bion\u0103ri precise.\" \/>\n<meta property=\"og:url\" content=\"https:\/\/inventcad.ro\/ro\/produse\/distribuitor-produse-bervina\/cuplaje-miniatura\/aluminium-parallel-couplings\/\" \/>\n<meta property=\"og:site_name\" content=\"InventCAD\" \/>\n<meta property=\"article:publisher\" content=\"https:\/\/www.facebook.com\/inventcad\" \/>\n<meta property=\"article:modified_time\" content=\"2025-03-22T09:53:12+00:00\" \/>\n<meta property=\"og:image\" content=\"https:\/\/inventcad.ro\/ro\/wp-content\/uploads\/2025\/03\/parallel-coupling-ortw.jpg\" \/>\n\t<meta property=\"og:image:width\" content=\"256\" \/>\n\t<meta property=\"og:image:height\" content=\"128\" \/>\n\t<meta property=\"og:image:type\" content=\"image\/jpeg\" \/>\n<meta name=\"twitter:card\" content=\"summary_large_image\" \/>\n<meta name=\"twitter:label1\" content=\"Timp estimat pentru citire\" \/>\n\t<meta name=\"twitter:data1\" content=\"2 minute\" \/>\n<script type=\"application\/ld+json\" class=\"yoast-schema-graph\">{\"@context\":\"https:\\\/\\\/schema.org\",\"@graph\":[{\"@type\":\"WebPage\",\"@id\":\"https:\\\/\\\/inventcad.ro\\\/ro\\\/produse\\\/distribuitor-produse-bervina\\\/cuplaje-miniatura\\\/aluminium-parallel-couplings\\\/\",\"url\":\"https:\\\/\\\/inventcad.ro\\\/ro\\\/produse\\\/distribuitor-produse-bervina\\\/cuplaje-miniatura\\\/aluminium-parallel-couplings\\\/\",\"name\":\"Cuplaje paralele \u0219i avantajele lor \u00een industrie - InventCAD\",\"isPartOf\":{\"@id\":\"https:\\\/\\\/inventcad.ro\\\/ro\\\/#website\"},\"primaryImageOfPage\":{\"@id\":\"https:\\\/\\\/inventcad.ro\\\/ro\\\/produse\\\/distribuitor-produse-bervina\\\/cuplaje-miniatura\\\/aluminium-parallel-couplings\\\/#primaryimage\"},\"image\":{\"@id\":\"https:\\\/\\\/inventcad.ro\\\/ro\\\/produse\\\/distribuitor-produse-bervina\\\/cuplaje-miniatura\\\/aluminium-parallel-couplings\\\/#primaryimage\"},\"thumbnailUrl\":\"https:\\\/\\\/inventcad.ro\\\/ro\\\/wp-content\\\/uploads\\\/2025\\\/03\\\/parallel-coupling-ortw.jpg\",\"datePublished\":\"2025-03-11T12:21:02+00:00\",\"dateModified\":\"2025-03-22T09:53:12+00:00\",\"description\":\"Descoper\u0103 cuplajele paralele din aluminiu, perfecte pentru aplica\u021bii ce necesit\u0103 rigiditate \u0219i pozi\u021bion\u0103ri precise.\",\"breadcrumb\":{\"@id\":\"https:\\\/\\\/inventcad.ro\\\/ro\\\/produse\\\/distribuitor-produse-bervina\\\/cuplaje-miniatura\\\/aluminium-parallel-couplings\\\/#breadcrumb\"},\"inLanguage\":\"ro-RO\",\"potentialAction\":[{\"@type\":\"ReadAction\",\"target\":[\"https:\\\/\\\/inventcad.ro\\\/ro\\\/produse\\\/distribuitor-produse-bervina\\\/cuplaje-miniatura\\\/aluminium-parallel-couplings\\\/\"]}]},{\"@type\":\"ImageObject\",\"inLanguage\":\"ro-RO\",\"@id\":\"https:\\\/\\\/inventcad.ro\\\/ro\\\/produse\\\/distribuitor-produse-bervina\\\/cuplaje-miniatura\\\/aluminium-parallel-couplings\\\/#primaryimage\",\"url\":\"https:\\\/\\\/inventcad.ro\\\/ro\\\/wp-content\\\/uploads\\\/2025\\\/03\\\/parallel-coupling-ortw.jpg\",\"contentUrl\":\"https:\\\/\\\/inventcad.ro\\\/ro\\\/wp-content\\\/uploads\\\/2025\\\/03\\\/parallel-coupling-ortw.jpg\",\"width\":256,\"height\":128,\"caption\":\"Parallel Coupling\"},{\"@type\":\"BreadcrumbList\",\"@id\":\"https:\\\/\\\/inventcad.ro\\\/ro\\\/produse\\\/distribuitor-produse-bervina\\\/cuplaje-miniatura\\\/aluminium-parallel-couplings\\\/#breadcrumb\",\"itemListElement\":[{\"@type\":\"ListItem\",\"position\":1,\"name\":\"Home\",\"item\":\"https:\\\/\\\/inventcad.ro\\\/ro\\\/\"},{\"@type\":\"ListItem\",\"position\":2,\"name\":\"Produse\",\"item\":\"https:\\\/\\\/inventcad.ro\\\/ro\\\/produse\\\/\"},{\"@type\":\"ListItem\",\"position\":3,\"name\":\"Distribuitor produse BERVINA\",\"item\":\"https:\\\/\\\/inventcad.ro\\\/ro\\\/produse\\\/distribuitor-produse-bervina\\\/\"},{\"@type\":\"ListItem\",\"position\":4,\"name\":\"Cuplaje miniatur\u0103\",\"item\":\"https:\\\/\\\/inventcad.ro\\\/ro\\\/produse\\\/distribuitor-produse-bervina\\\/cuplaje-miniatura\\\/\"},{\"@type\":\"ListItem\",\"position\":5,\"name\":\"Aluminium Parallel Couplings\"}]},{\"@type\":\"WebSite\",\"@id\":\"https:\\\/\\\/inventcad.ro\\\/ro\\\/#website\",\"url\":\"https:\\\/\\\/inventcad.ro\\\/ro\\\/\",\"name\":\"InventCAD\",\"description\":\"Proiectare mecanic\u0103, automatiz\u0103ri industriale\",\"publisher\":{\"@id\":\"https:\\\/\\\/inventcad.ro\\\/ro\\\/#organization\"},\"potentialAction\":[{\"@type\":\"SearchAction\",\"target\":{\"@type\":\"EntryPoint\",\"urlTemplate\":\"https:\\\/\\\/inventcad.ro\\\/ro\\\/?s={search_term_string}\"},\"query-input\":{\"@type\":\"PropertyValueSpecification\",\"valueRequired\":true,\"valueName\":\"search_term_string\"}}],\"inLanguage\":\"ro-RO\"},{\"@type\":\"Organization\",\"@id\":\"https:\\\/\\\/inventcad.ro\\\/ro\\\/#organization\",\"name\":\"InventCAD\",\"url\":\"https:\\\/\\\/inventcad.ro\\\/ro\\\/\",\"logo\":{\"@type\":\"ImageObject\",\"inLanguage\":\"ro-RO\",\"@id\":\"https:\\\/\\\/inventcad.ro\\\/ro\\\/#\\\/schema\\\/logo\\\/image\\\/\",\"url\":\"https:\\\/\\\/inventcad.ro\\\/ro\\\/wp-content\\\/uploads\\\/2020\\\/11\\\/inventcad-logo.png\",\"contentUrl\":\"https:\\\/\\\/inventcad.ro\\\/ro\\\/wp-content\\\/uploads\\\/2020\\\/11\\\/inventcad-logo.png\",\"width\":1653,\"height\":250,\"caption\":\"InventCAD\"},\"image\":{\"@id\":\"https:\\\/\\\/inventcad.ro\\\/ro\\\/#\\\/schema\\\/logo\\\/image\\\/\"},\"sameAs\":[\"https:\\\/\\\/www.facebook.com\\\/inventcad\",\"https:\\\/\\\/www.linkedin.com\\\/company\\\/inventcad\\\/\",\"https:\\\/\\\/www.youtube.com\\\/user\\\/InventCAD\"],\"description\":\"Mechanical design, industrial automation, and engineering services.\",\"email\":\"office@inventcad.ro\",\"legalName\":\"InventCAD SRL\",\"foundingDate\":\"2003-03-10\",\"vatID\":\"RO15368893\",\"numberOfEmployees\":{\"@type\":\"QuantitativeValue\",\"minValue\":\"1\",\"maxValue\":\"10\"}}]}<\/script>\n<!-- \/ Yoast SEO Premium plugin. -->","yoast_head_json":{"title":"Cuplaje paralele \u0219i avantajele lor \u00een industrie - InventCAD","description":"Descoper\u0103 cuplajele paralele din aluminiu, perfecte pentru aplica\u021bii ce necesit\u0103 rigiditate \u0219i pozi\u021bion\u0103ri precise.","robots":{"index":"index","follow":"follow","max-snippet":"max-snippet:-1","max-image-preview":"max-image-preview:large","max-video-preview":"max-video-preview:-1"},"canonical":"https:\/\/inventcad.ro\/ro\/produse\/distribuitor-produse-bervina\/cuplaje-miniatura\/aluminium-parallel-couplings\/","og_locale":"ro_RO","og_type":"article","og_title":"Aluminium Parallel Couplings","og_description":"Descoper\u0103 cuplajele paralele din aluminiu, perfecte pentru aplica\u021bii ce necesit\u0103 rigiditate \u0219i pozi\u021bion\u0103ri precise.","og_url":"https:\/\/inventcad.ro\/ro\/produse\/distribuitor-produse-bervina\/cuplaje-miniatura\/aluminium-parallel-couplings\/","og_site_name":"InventCAD","article_publisher":"https:\/\/www.facebook.com\/inventcad","article_modified_time":"2025-03-22T09:53:12+00:00","og_image":[{"width":256,"height":128,"url":"https:\/\/inventcad.ro\/ro\/wp-content\/uploads\/2025\/03\/parallel-coupling-ortw.jpg","type":"image\/jpeg"}],"twitter_card":"summary_large_image","twitter_misc":{"Timp estimat pentru citire":"2 minute"},"schema":{"@context":"https:\/\/schema.org","@graph":[{"@type":"WebPage","@id":"https:\/\/inventcad.ro\/ro\/produse\/distribuitor-produse-bervina\/cuplaje-miniatura\/aluminium-parallel-couplings\/","url":"https:\/\/inventcad.ro\/ro\/produse\/distribuitor-produse-bervina\/cuplaje-miniatura\/aluminium-parallel-couplings\/","name":"Cuplaje paralele \u0219i avantajele lor \u00een industrie - InventCAD","isPartOf":{"@id":"https:\/\/inventcad.ro\/ro\/#website"},"primaryImageOfPage":{"@id":"https:\/\/inventcad.ro\/ro\/produse\/distribuitor-produse-bervina\/cuplaje-miniatura\/aluminium-parallel-couplings\/#primaryimage"},"image":{"@id":"https:\/\/inventcad.ro\/ro\/produse\/distribuitor-produse-bervina\/cuplaje-miniatura\/aluminium-parallel-couplings\/#primaryimage"},"thumbnailUrl":"https:\/\/inventcad.ro\/ro\/wp-content\/uploads\/2025\/03\/parallel-coupling-ortw.jpg","datePublished":"2025-03-11T12:21:02+00:00","dateModified":"2025-03-22T09:53:12+00:00","description":"Descoper\u0103 cuplajele paralele din aluminiu, perfecte pentru aplica\u021bii ce necesit\u0103 rigiditate \u0219i pozi\u021bion\u0103ri precise.","breadcrumb":{"@id":"https:\/\/inventcad.ro\/ro\/produse\/distribuitor-produse-bervina\/cuplaje-miniatura\/aluminium-parallel-couplings\/#breadcrumb"},"inLanguage":"ro-RO","potentialAction":[{"@type":"ReadAction","target":["https:\/\/inventcad.ro\/ro\/produse\/distribuitor-produse-bervina\/cuplaje-miniatura\/aluminium-parallel-couplings\/"]}]},{"@type":"ImageObject","inLanguage":"ro-RO","@id":"https:\/\/inventcad.ro\/ro\/produse\/distribuitor-produse-bervina\/cuplaje-miniatura\/aluminium-parallel-couplings\/#primaryimage","url":"https:\/\/inventcad.ro\/ro\/wp-content\/uploads\/2025\/03\/parallel-coupling-ortw.jpg","contentUrl":"https:\/\/inventcad.ro\/ro\/wp-content\/uploads\/2025\/03\/parallel-coupling-ortw.jpg","width":256,"height":128,"caption":"Parallel Coupling"},{"@type":"BreadcrumbList","@id":"https:\/\/inventcad.ro\/ro\/produse\/distribuitor-produse-bervina\/cuplaje-miniatura\/aluminium-parallel-couplings\/#breadcrumb","itemListElement":[{"@type":"ListItem","position":1,"name":"Home","item":"https:\/\/inventcad.ro\/ro\/"},{"@type":"ListItem","position":2,"name":"Produse","item":"https:\/\/inventcad.ro\/ro\/produse\/"},{"@type":"ListItem","position":3,"name":"Distribuitor produse BERVINA","item":"https:\/\/inventcad.ro\/ro\/produse\/distribuitor-produse-bervina\/"},{"@type":"ListItem","position":4,"name":"Cuplaje miniatur\u0103","item":"https:\/\/inventcad.ro\/ro\/produse\/distribuitor-produse-bervina\/cuplaje-miniatura\/"},{"@type":"ListItem","position":5,"name":"Aluminium Parallel Couplings"}]},{"@type":"WebSite","@id":"https:\/\/inventcad.ro\/ro\/#website","url":"https:\/\/inventcad.ro\/ro\/","name":"InventCAD","description":"Proiectare mecanic\u0103, automatiz\u0103ri industriale","publisher":{"@id":"https:\/\/inventcad.ro\/ro\/#organization"},"potentialAction":[{"@type":"SearchAction","target":{"@type":"EntryPoint","urlTemplate":"https:\/\/inventcad.ro\/ro\/?s={search_term_string}"},"query-input":{"@type":"PropertyValueSpecification","valueRequired":true,"valueName":"search_term_string"}}],"inLanguage":"ro-RO"},{"@type":"Organization","@id":"https:\/\/inventcad.ro\/ro\/#organization","name":"InventCAD","url":"https:\/\/inventcad.ro\/ro\/","logo":{"@type":"ImageObject","inLanguage":"ro-RO","@id":"https:\/\/inventcad.ro\/ro\/#\/schema\/logo\/image\/","url":"https:\/\/inventcad.ro\/ro\/wp-content\/uploads\/2020\/11\/inventcad-logo.png","contentUrl":"https:\/\/inventcad.ro\/ro\/wp-content\/uploads\/2020\/11\/inventcad-logo.png","width":1653,"height":250,"caption":"InventCAD"},"image":{"@id":"https:\/\/inventcad.ro\/ro\/#\/schema\/logo\/image\/"},"sameAs":["https:\/\/www.facebook.com\/inventcad","https:\/\/www.linkedin.com\/company\/inventcad\/","https:\/\/www.youtube.com\/user\/InventCAD"],"description":"Mechanical design, industrial automation, and engineering services.","email":"office@inventcad.ro","legalName":"InventCAD SRL","foundingDate":"2003-03-10","vatID":"RO15368893","numberOfEmployees":{"@type":"QuantitativeValue","minValue":"1","maxValue":"10"}}]}},"_links":{"self":[{"href":"https:\/\/inventcad.ro\/ro\/wp-json\/wp\/v2\/pages\/2186","targetHints":{"allow":["GET"]}}],"collection":[{"href":"https:\/\/inventcad.ro\/ro\/wp-json\/wp\/v2\/pages"}],"about":[{"href":"https:\/\/inventcad.ro\/ro\/wp-json\/wp\/v2\/types\/page"}],"author":[{"embeddable":true,"href":"https:\/\/inventcad.ro\/ro\/wp-json\/wp\/v2\/users\/1"}],"replies":[{"embeddable":true,"href":"https:\/\/inventcad.ro\/ro\/wp-json\/wp\/v2\/comments?post=2186"}],"version-history":[{"count":5,"href":"https:\/\/inventcad.ro\/ro\/wp-json\/wp\/v2\/pages\/2186\/revisions"}],"predecessor-version":[{"id":2547,"href":"https:\/\/inventcad.ro\/ro\/wp-json\/wp\/v2\/pages\/2186\/revisions\/2547"}],"up":[{"embeddable":true,"href":"https:\/\/inventcad.ro\/ro\/wp-json\/wp\/v2\/pages\/2113"}],"wp:attachment":[{"href":"https:\/\/inventcad.ro\/ro\/wp-json\/wp\/v2\/media?parent=2186"}],"curies":[{"name":"wp","href":"https:\/\/api.w.org\/{rel}","templated":true}]}}