{"id":2184,"date":"2025-03-11T14:15:46","date_gmt":"2025-03-11T12:15:46","guid":{"rendered":"https:\/\/inventcad.ro\/ro\/?page_id=2184"},"modified":"2025-03-12T10:00:16","modified_gmt":"2025-03-12T08:00:16","slug":"jaw-couplings","status":"publish","type":"page","link":"https:\/\/inventcad.ro\/ro\/produse\/distribuitor-produse-bervina\/cuplaje-miniatura\/jaw-couplings\/","title":{"rendered":"Jaw Couplings"},"content":{"rendered":"\n<p>Cuplajul cu falci este un cuplaj cu design din trei piese care are un element elastomeric (p\u0103ianjen) \u00eentre doi butuci din aluminiu. Cuplajele noastre cu f\u0103lci f\u0103r\u0103 joc sunt cu alezaje metrice \u0219i \u00een inchi, cu cheie sau f\u0103r\u0103 cheie cu fixare cu \u0219urub de fixare.<\/p>\n\n\n\n<p>Poate fi folosit pentru aplicatii precum: pompe, mixere, compresoare, cutii de viteze, ventilatoare, generatoare si pentru aplicatii actionate de un motor electric.<\/p>\n\n\n\n<p>Principalele caracteristici ale cuplajelor falcilor sunt<\/p>\n\n\n\n<div class=\"wp-block-media-text is-stacked-on-mobile\"><figure class=\"wp-block-media-text__media\"><img loading=\"lazy\" decoding=\"async\" width=\"256\" height=\"128\" src=\"https:\/\/inventcad.ro\/ro\/wp-content\/uploads\/2025\/03\/jaw-coupling-ortw.jpg\" alt=\"Jaw Couplings\" class=\"wp-image-2135 size-full\"\/><\/figure><div class=\"wp-block-media-text__content\">\n<ul class=\"wp-block-list\">\n<li>rezisten\u021b\u0103 la ulei, murd\u0103rie, umiditate, ceea ce \u00eel face s\u0103 necesite \u00eentre\u021binere redus\u0103<\/li>\n\n\n\n<li>este foarte usor de instalat<\/li>\n\n\n\n<li>costuri reduse<\/li>\n\n\n\n<li>f\u0103r\u0103 contact metal cu metal<\/li>\n\n\n\n<li>separ\u0103 butucii electric<\/li>\n\n\n\n<li>90 Sha paianjen<br>p\u0103ianjen u\u0219or de \u00eenlocuit<\/li>\n<\/ul>\n<\/div><\/div>\n\n\n\n<div data-wp-interactive=\"core\/file\" class=\"wp-block-file\"><object data-wp-bind--hidden=\"!state.hasPdfPreview\" hidden class=\"wp-block-file__embed\" data=\"https:\/\/inventcad.ro\/ro\/wp-content\/uploads\/2025\/03\/Page_8_JAW-TYPE-COUPLING-AW-EN-707598-ShA.pdf\" type=\"application\/pdf\" style=\"width:100%;height:1100px\" aria-label=\"\u00cenglobare pentru JAW TYPE COUPLING AW EN 7075+98 ShA.\"><\/object><a id=\"wp-block-file--media-73d0b520-5869-492d-9aaa-601409a41c65\" href=\"https:\/\/inventcad.ro\/ro\/wp-content\/uploads\/2025\/03\/Page_8_JAW-TYPE-COUPLING-AW-EN-707598-ShA.pdf\">JAW TYPE COUPLING AW EN 7075+98 ShA<\/a><\/div>\n","protected":false},"excerpt":{"rendered":"<p>Cuplajul cu falci este un cuplaj cu design din trei piese care are un element elastomeric (p\u0103ianjen) \u00eentre doi butuci din aluminiu. Cuplajele noastre cu f\u0103lci f\u0103r\u0103 joc sunt cu alezaje metrice \u0219i \u00een inchi, cu cheie sau f\u0103r\u0103 cheie cu fixare cu \u0219urub de fixare. Poate fi folosit pentru aplicatii precum: pompe, mixere, compresoare, &hellip; <\/p>\n<p class=\"link-more\"><a href=\"https:\/\/inventcad.ro\/ro\/produse\/distribuitor-produse-bervina\/cuplaje-miniatura\/jaw-couplings\/\" class=\"more-link\">Continu\u0103 lectura<span class=\"screen-reader-text\"> \u201eJaw Couplings\u201d<\/span><\/a><\/p>\n","protected":false},"author":1,"featured_media":0,"parent":2113,"menu_order":29,"comment_status":"closed","ping_status":"closed","template":"","meta":{"footnotes":""},"class_list":["post-2184","page","type-page","status-publish","hentry"],"yoast_head":"<!-- This site is optimized with the Yoast SEO Premium plugin v27.3 (Yoast SEO v27.4) - https:\/\/yoast.com\/product\/yoast-seo-premium-wordpress\/ -->\n<title>Jaw Couplings - InventCAD<\/title>\n<meta name=\"robots\" content=\"index, follow, max-snippet:-1, max-image-preview:large, max-video-preview:-1\" \/>\n<link rel=\"canonical\" href=\"https:\/\/inventcad.ro\/ro\/produse\/distribuitor-produse-bervina\/cuplaje-miniatura\/jaw-couplings\/\" \/>\n<meta property=\"og:locale\" content=\"ro_RO\" \/>\n<meta property=\"og:type\" content=\"article\" \/>\n<meta property=\"og:title\" content=\"Jaw Couplings\" \/>\n<meta property=\"og:description\" content=\"Cuplajul cu falci este un cuplaj cu design din trei piese care are un element elastomeric (p\u0103ianjen) \u00eentre doi butuci din aluminiu. Cuplajele noastre cu f\u0103lci f\u0103r\u0103 joc sunt cu alezaje metrice \u0219i \u00een inchi, cu cheie sau f\u0103r\u0103 cheie cu fixare cu \u0219urub de fixare. Poate fi folosit pentru aplicatii precum: pompe, mixere, compresoare, &hellip; Continu\u0103 lectura \u201eJaw Couplings\u201d\" \/>\n<meta property=\"og:url\" content=\"https:\/\/inventcad.ro\/ro\/produse\/distribuitor-produse-bervina\/cuplaje-miniatura\/jaw-couplings\/\" \/>\n<meta property=\"og:site_name\" content=\"InventCAD\" \/>\n<meta property=\"article:publisher\" content=\"https:\/\/www.facebook.com\/inventcad\" \/>\n<meta property=\"article:modified_time\" content=\"2025-03-12T08:00:16+00:00\" \/>\n<meta property=\"og:image\" content=\"https:\/\/inventcad.ro\/ro\/wp-content\/uploads\/2025\/03\/jaw-coupling-ortw.jpg\" \/>\n\t<meta property=\"og:image:width\" content=\"256\" \/>\n\t<meta property=\"og:image:height\" content=\"128\" \/>\n\t<meta property=\"og:image:type\" content=\"image\/jpeg\" \/>\n<meta name=\"twitter:card\" content=\"summary_large_image\" \/>\n<meta name=\"twitter:label1\" content=\"Timp estimat pentru citire\" \/>\n\t<meta name=\"twitter:data1\" content=\"1 minut\" \/>\n<script type=\"application\/ld+json\" class=\"yoast-schema-graph\">{\"@context\":\"https:\\\/\\\/schema.org\",\"@graph\":[{\"@type\":\"WebPage\",\"@id\":\"https:\\\/\\\/inventcad.ro\\\/ro\\\/produse\\\/distribuitor-produse-bervina\\\/cuplaje-miniatura\\\/jaw-couplings\\\/\",\"url\":\"https:\\\/\\\/inventcad.ro\\\/ro\\\/produse\\\/distribuitor-produse-bervina\\\/cuplaje-miniatura\\\/jaw-couplings\\\/\",\"name\":\"Jaw Couplings - InventCAD\",\"isPartOf\":{\"@id\":\"https:\\\/\\\/inventcad.ro\\\/ro\\\/#website\"},\"primaryImageOfPage\":{\"@id\":\"https:\\\/\\\/inventcad.ro\\\/ro\\\/produse\\\/distribuitor-produse-bervina\\\/cuplaje-miniatura\\\/jaw-couplings\\\/#primaryimage\"},\"image\":{\"@id\":\"https:\\\/\\\/inventcad.ro\\\/ro\\\/produse\\\/distribuitor-produse-bervina\\\/cuplaje-miniatura\\\/jaw-couplings\\\/#primaryimage\"},\"thumbnailUrl\":\"https:\\\/\\\/inventcad.ro\\\/ro\\\/wp-content\\\/uploads\\\/2025\\\/03\\\/jaw-coupling-ortw.jpg\",\"datePublished\":\"2025-03-11T12:15:46+00:00\",\"dateModified\":\"2025-03-12T08:00:16+00:00\",\"breadcrumb\":{\"@id\":\"https:\\\/\\\/inventcad.ro\\\/ro\\\/produse\\\/distribuitor-produse-bervina\\\/cuplaje-miniatura\\\/jaw-couplings\\\/#breadcrumb\"},\"inLanguage\":\"ro-RO\",\"potentialAction\":[{\"@type\":\"ReadAction\",\"target\":[\"https:\\\/\\\/inventcad.ro\\\/ro\\\/produse\\\/distribuitor-produse-bervina\\\/cuplaje-miniatura\\\/jaw-couplings\\\/\"]}]},{\"@type\":\"ImageObject\",\"inLanguage\":\"ro-RO\",\"@id\":\"https:\\\/\\\/inventcad.ro\\\/ro\\\/produse\\\/distribuitor-produse-bervina\\\/cuplaje-miniatura\\\/jaw-couplings\\\/#primaryimage\",\"url\":\"https:\\\/\\\/inventcad.ro\\\/ro\\\/wp-content\\\/uploads\\\/2025\\\/03\\\/jaw-coupling-ortw.jpg\",\"contentUrl\":\"https:\\\/\\\/inventcad.ro\\\/ro\\\/wp-content\\\/uploads\\\/2025\\\/03\\\/jaw-coupling-ortw.jpg\",\"width\":256,\"height\":128,\"caption\":\"Jaw Couplings\"},{\"@type\":\"BreadcrumbList\",\"@id\":\"https:\\\/\\\/inventcad.ro\\\/ro\\\/produse\\\/distribuitor-produse-bervina\\\/cuplaje-miniatura\\\/jaw-couplings\\\/#breadcrumb\",\"itemListElement\":[{\"@type\":\"ListItem\",\"position\":1,\"name\":\"Home\",\"item\":\"https:\\\/\\\/inventcad.ro\\\/ro\\\/\"},{\"@type\":\"ListItem\",\"position\":2,\"name\":\"Produse\",\"item\":\"https:\\\/\\\/inventcad.ro\\\/ro\\\/produse\\\/\"},{\"@type\":\"ListItem\",\"position\":3,\"name\":\"Distribuitor produse BERVINA\",\"item\":\"https:\\\/\\\/inventcad.ro\\\/ro\\\/produse\\\/distribuitor-produse-bervina\\\/\"},{\"@type\":\"ListItem\",\"position\":4,\"name\":\"Cuplaje miniatur\u0103\",\"item\":\"https:\\\/\\\/inventcad.ro\\\/ro\\\/produse\\\/distribuitor-produse-bervina\\\/cuplaje-miniatura\\\/\"},{\"@type\":\"ListItem\",\"position\":5,\"name\":\"Jaw Couplings\"}]},{\"@type\":\"WebSite\",\"@id\":\"https:\\\/\\\/inventcad.ro\\\/ro\\\/#website\",\"url\":\"https:\\\/\\\/inventcad.ro\\\/ro\\\/\",\"name\":\"InventCAD\",\"description\":\"Proiectare mecanic\u0103, automatiz\u0103ri industriale\",\"publisher\":{\"@id\":\"https:\\\/\\\/inventcad.ro\\\/ro\\\/#organization\"},\"potentialAction\":[{\"@type\":\"SearchAction\",\"target\":{\"@type\":\"EntryPoint\",\"urlTemplate\":\"https:\\\/\\\/inventcad.ro\\\/ro\\\/?s={search_term_string}\"},\"query-input\":{\"@type\":\"PropertyValueSpecification\",\"valueRequired\":true,\"valueName\":\"search_term_string\"}}],\"inLanguage\":\"ro-RO\"},{\"@type\":\"Organization\",\"@id\":\"https:\\\/\\\/inventcad.ro\\\/ro\\\/#organization\",\"name\":\"InventCAD\",\"url\":\"https:\\\/\\\/inventcad.ro\\\/ro\\\/\",\"logo\":{\"@type\":\"ImageObject\",\"inLanguage\":\"ro-RO\",\"@id\":\"https:\\\/\\\/inventcad.ro\\\/ro\\\/#\\\/schema\\\/logo\\\/image\\\/\",\"url\":\"https:\\\/\\\/inventcad.ro\\\/ro\\\/wp-content\\\/uploads\\\/2020\\\/11\\\/inventcad-logo.png\",\"contentUrl\":\"https:\\\/\\\/inventcad.ro\\\/ro\\\/wp-content\\\/uploads\\\/2020\\\/11\\\/inventcad-logo.png\",\"width\":1653,\"height\":250,\"caption\":\"InventCAD\"},\"image\":{\"@id\":\"https:\\\/\\\/inventcad.ro\\\/ro\\\/#\\\/schema\\\/logo\\\/image\\\/\"},\"sameAs\":[\"https:\\\/\\\/www.facebook.com\\\/inventcad\",\"https:\\\/\\\/www.linkedin.com\\\/company\\\/inventcad\\\/\",\"https:\\\/\\\/www.youtube.com\\\/user\\\/InventCAD\"],\"description\":\"Mechanical design, industrial automation, and engineering services.\",\"email\":\"office@inventcad.ro\",\"legalName\":\"InventCAD SRL\",\"foundingDate\":\"2003-03-10\",\"vatID\":\"RO15368893\",\"numberOfEmployees\":{\"@type\":\"QuantitativeValue\",\"minValue\":\"1\",\"maxValue\":\"10\"}}]}<\/script>\n<!-- \/ Yoast SEO Premium plugin. -->","yoast_head_json":{"title":"Jaw Couplings - InventCAD","robots":{"index":"index","follow":"follow","max-snippet":"max-snippet:-1","max-image-preview":"max-image-preview:large","max-video-preview":"max-video-preview:-1"},"canonical":"https:\/\/inventcad.ro\/ro\/produse\/distribuitor-produse-bervina\/cuplaje-miniatura\/jaw-couplings\/","og_locale":"ro_RO","og_type":"article","og_title":"Jaw Couplings","og_description":"Cuplajul cu falci este un cuplaj cu design din trei piese care are un element elastomeric (p\u0103ianjen) \u00eentre doi butuci din aluminiu. Cuplajele noastre cu f\u0103lci f\u0103r\u0103 joc sunt cu alezaje metrice \u0219i \u00een inchi, cu cheie sau f\u0103r\u0103 cheie cu fixare cu \u0219urub de fixare. Poate fi folosit pentru aplicatii precum: pompe, mixere, compresoare, &hellip; Continu\u0103 lectura \u201eJaw Couplings\u201d","og_url":"https:\/\/inventcad.ro\/ro\/produse\/distribuitor-produse-bervina\/cuplaje-miniatura\/jaw-couplings\/","og_site_name":"InventCAD","article_publisher":"https:\/\/www.facebook.com\/inventcad","article_modified_time":"2025-03-12T08:00:16+00:00","og_image":[{"width":256,"height":128,"url":"https:\/\/inventcad.ro\/ro\/wp-content\/uploads\/2025\/03\/jaw-coupling-ortw.jpg","type":"image\/jpeg"}],"twitter_card":"summary_large_image","twitter_misc":{"Timp estimat pentru citire":"1 minut"},"schema":{"@context":"https:\/\/schema.org","@graph":[{"@type":"WebPage","@id":"https:\/\/inventcad.ro\/ro\/produse\/distribuitor-produse-bervina\/cuplaje-miniatura\/jaw-couplings\/","url":"https:\/\/inventcad.ro\/ro\/produse\/distribuitor-produse-bervina\/cuplaje-miniatura\/jaw-couplings\/","name":"Jaw Couplings - InventCAD","isPartOf":{"@id":"https:\/\/inventcad.ro\/ro\/#website"},"primaryImageOfPage":{"@id":"https:\/\/inventcad.ro\/ro\/produse\/distribuitor-produse-bervina\/cuplaje-miniatura\/jaw-couplings\/#primaryimage"},"image":{"@id":"https:\/\/inventcad.ro\/ro\/produse\/distribuitor-produse-bervina\/cuplaje-miniatura\/jaw-couplings\/#primaryimage"},"thumbnailUrl":"https:\/\/inventcad.ro\/ro\/wp-content\/uploads\/2025\/03\/jaw-coupling-ortw.jpg","datePublished":"2025-03-11T12:15:46+00:00","dateModified":"2025-03-12T08:00:16+00:00","breadcrumb":{"@id":"https:\/\/inventcad.ro\/ro\/produse\/distribuitor-produse-bervina\/cuplaje-miniatura\/jaw-couplings\/#breadcrumb"},"inLanguage":"ro-RO","potentialAction":[{"@type":"ReadAction","target":["https:\/\/inventcad.ro\/ro\/produse\/distribuitor-produse-bervina\/cuplaje-miniatura\/jaw-couplings\/"]}]},{"@type":"ImageObject","inLanguage":"ro-RO","@id":"https:\/\/inventcad.ro\/ro\/produse\/distribuitor-produse-bervina\/cuplaje-miniatura\/jaw-couplings\/#primaryimage","url":"https:\/\/inventcad.ro\/ro\/wp-content\/uploads\/2025\/03\/jaw-coupling-ortw.jpg","contentUrl":"https:\/\/inventcad.ro\/ro\/wp-content\/uploads\/2025\/03\/jaw-coupling-ortw.jpg","width":256,"height":128,"caption":"Jaw Couplings"},{"@type":"BreadcrumbList","@id":"https:\/\/inventcad.ro\/ro\/produse\/distribuitor-produse-bervina\/cuplaje-miniatura\/jaw-couplings\/#breadcrumb","itemListElement":[{"@type":"ListItem","position":1,"name":"Home","item":"https:\/\/inventcad.ro\/ro\/"},{"@type":"ListItem","position":2,"name":"Produse","item":"https:\/\/inventcad.ro\/ro\/produse\/"},{"@type":"ListItem","position":3,"name":"Distribuitor produse BERVINA","item":"https:\/\/inventcad.ro\/ro\/produse\/distribuitor-produse-bervina\/"},{"@type":"ListItem","position":4,"name":"Cuplaje miniatur\u0103","item":"https:\/\/inventcad.ro\/ro\/produse\/distribuitor-produse-bervina\/cuplaje-miniatura\/"},{"@type":"ListItem","position":5,"name":"Jaw Couplings"}]},{"@type":"WebSite","@id":"https:\/\/inventcad.ro\/ro\/#website","url":"https:\/\/inventcad.ro\/ro\/","name":"InventCAD","description":"Proiectare mecanic\u0103, automatiz\u0103ri industriale","publisher":{"@id":"https:\/\/inventcad.ro\/ro\/#organization"},"potentialAction":[{"@type":"SearchAction","target":{"@type":"EntryPoint","urlTemplate":"https:\/\/inventcad.ro\/ro\/?s={search_term_string}"},"query-input":{"@type":"PropertyValueSpecification","valueRequired":true,"valueName":"search_term_string"}}],"inLanguage":"ro-RO"},{"@type":"Organization","@id":"https:\/\/inventcad.ro\/ro\/#organization","name":"InventCAD","url":"https:\/\/inventcad.ro\/ro\/","logo":{"@type":"ImageObject","inLanguage":"ro-RO","@id":"https:\/\/inventcad.ro\/ro\/#\/schema\/logo\/image\/","url":"https:\/\/inventcad.ro\/ro\/wp-content\/uploads\/2020\/11\/inventcad-logo.png","contentUrl":"https:\/\/inventcad.ro\/ro\/wp-content\/uploads\/2020\/11\/inventcad-logo.png","width":1653,"height":250,"caption":"InventCAD"},"image":{"@id":"https:\/\/inventcad.ro\/ro\/#\/schema\/logo\/image\/"},"sameAs":["https:\/\/www.facebook.com\/inventcad","https:\/\/www.linkedin.com\/company\/inventcad\/","https:\/\/www.youtube.com\/user\/InventCAD"],"description":"Mechanical design, industrial automation, and engineering services.","email":"office@inventcad.ro","legalName":"InventCAD SRL","foundingDate":"2003-03-10","vatID":"RO15368893","numberOfEmployees":{"@type":"QuantitativeValue","minValue":"1","maxValue":"10"}}]}},"_links":{"self":[{"href":"https:\/\/inventcad.ro\/ro\/wp-json\/wp\/v2\/pages\/2184","targetHints":{"allow":["GET"]}}],"collection":[{"href":"https:\/\/inventcad.ro\/ro\/wp-json\/wp\/v2\/pages"}],"about":[{"href":"https:\/\/inventcad.ro\/ro\/wp-json\/wp\/v2\/types\/page"}],"author":[{"embeddable":true,"href":"https:\/\/inventcad.ro\/ro\/wp-json\/wp\/v2\/users\/1"}],"replies":[{"embeddable":true,"href":"https:\/\/inventcad.ro\/ro\/wp-json\/wp\/v2\/comments?post=2184"}],"version-history":[{"count":3,"href":"https:\/\/inventcad.ro\/ro\/wp-json\/wp\/v2\/pages\/2184\/revisions"}],"predecessor-version":[{"id":2594,"href":"https:\/\/inventcad.ro\/ro\/wp-json\/wp\/v2\/pages\/2184\/revisions\/2594"}],"up":[{"embeddable":true,"href":"https:\/\/inventcad.ro\/ro\/wp-json\/wp\/v2\/pages\/2113"}],"wp:attachment":[{"href":"https:\/\/inventcad.ro\/ro\/wp-json\/wp\/v2\/media?parent=2184"}],"curies":[{"name":"wp","href":"https:\/\/api.w.org\/{rel}","templated":true}]}}