{"id":2183,"date":"2025-03-11T14:12:54","date_gmt":"2025-03-11T12:12:54","guid":{"rendered":"https:\/\/inventcad.ro\/ro\/?page_id=2183"},"modified":"2025-03-12T13:31:49","modified_gmt":"2025-03-12T11:31:49","slug":"silicone-insert-couplings","status":"publish","type":"page","link":"https:\/\/inventcad.ro\/ro\/produse\/distribuitor-produse-bervina\/cuplaje-miniatura\/silicone-insert-couplings\/","title":{"rendered":"Silicone Insert Couplings"},"content":{"rendered":"\n<p>Cuplaje din silicon din aluminiu produse de Bervina pentru a transmite cuplul \u00eentre doi arbori f\u0103r\u0103 joc.<\/p>\n\n\n\n<p>Inser\u021bia de silicon (40 ShA) este pozi\u021bionat\u0103 \u00eentre butucii de antrenare \u0219i cele conduse care separ\u0103 electric cele dou\u0103 p\u0103r\u021bi ale cuplajului. Aceste cuplaje antivibra\u021bii sunt disponibile cu \u0219uruburi de fixare sau cleme pentru fixarea lor pe arbore \u0219i pot fi utilizate \u00een intervalul de temperatur\u0103 de la -50 \u00b0C la 150 \u00b0C \u00een timpul func\u021bion\u0103rii.<\/p>\n\n\n\n<div class=\"wp-block-media-text is-stacked-on-mobile\" style=\"grid-template-columns:30% auto\"><figure class=\"wp-block-media-text__media\"><img loading=\"lazy\" decoding=\"async\" width=\"256\" height=\"128\" src=\"https:\/\/inventcad.ro\/ro\/wp-content\/uploads\/2025\/03\/silikon-c-scaled-1.jpg\" alt=\"Silicone Insert Coupling With Clamp Fixing\" class=\"wp-image-2365 size-full\"\/><\/figure><div class=\"wp-block-media-text__content\">\n<p>Silicone Insert Coupling With Clamp Fixing<\/p>\n<\/div><\/div>\n\n\n\n<div class=\"wp-block-media-text is-stacked-on-mobile\" style=\"grid-template-columns:30% auto\"><figure class=\"wp-block-media-text__media\"><img loading=\"lazy\" decoding=\"async\" width=\"256\" height=\"128\" src=\"https:\/\/inventcad.ro\/ro\/wp-content\/uploads\/2025\/03\/silicone-insert-coupling.jpg\" alt=\"Silicone Insert Coupling With Set Screw Fixing\" class=\"wp-image-2364 size-full\"\/><\/figure><div class=\"wp-block-media-text__content\">\n<p>Silicone Insert Coupling With Set Screw Fixing<\/p>\n<\/div><\/div>\n\n\n\n<div data-wp-interactive=\"core\/file\" class=\"wp-block-file\"><object data-wp-bind--hidden=\"!state.hasPdfPreview\" hidden class=\"wp-block-file__embed\" data=\"https:\/\/inventcad.ro\/ro\/wp-content\/uploads\/2025\/03\/Page_36_SILICON-INSERT-COUPLING.pdf\" type=\"application\/pdf\" style=\"width:100%;height:1000px\" aria-label=\"\u00cenglobare pentru SILICON INSERT COUPLING.\"><\/object><a id=\"wp-block-file--media-739bb6a1-8e76-42b2-8172-b23d7ef05347\" href=\"https:\/\/inventcad.ro\/ro\/wp-content\/uploads\/2025\/03\/Page_36_SILICON-INSERT-COUPLING.pdf\">SILICON INSERT COUPLING<\/a><\/div>\n","protected":false},"excerpt":{"rendered":"<p>Cuplaje din silicon din aluminiu produse de Bervina pentru a transmite cuplul \u00eentre doi arbori f\u0103r\u0103 joc. Inser\u021bia de silicon (40 ShA) este pozi\u021bionat\u0103 \u00eentre butucii de antrenare \u0219i cele conduse care separ\u0103 electric cele dou\u0103 p\u0103r\u021bi ale cuplajului. Aceste cuplaje antivibra\u021bii sunt disponibile cu \u0219uruburi de fixare sau cleme pentru fixarea lor pe arbore &hellip; <\/p>\n<p class=\"link-more\"><a href=\"https:\/\/inventcad.ro\/ro\/produse\/distribuitor-produse-bervina\/cuplaje-miniatura\/silicone-insert-couplings\/\" class=\"more-link\">Continu\u0103 lectura<span class=\"screen-reader-text\"> \u201eSilicone Insert Couplings\u201d<\/span><\/a><\/p>\n","protected":false},"author":1,"featured_media":0,"parent":2113,"menu_order":28,"comment_status":"closed","ping_status":"closed","template":"","meta":{"footnotes":""},"class_list":["post-2183","page","type-page","status-publish","hentry"],"yoast_head":"<!-- This site is optimized with the Yoast SEO Premium plugin v27.2 (Yoast SEO v27.3) - https:\/\/yoast.com\/product\/yoast-seo-premium-wordpress\/ -->\n<title>Silicone Insert Couplings - InventCAD<\/title>\n<meta name=\"robots\" content=\"index, follow, max-snippet:-1, max-image-preview:large, max-video-preview:-1\" \/>\n<link rel=\"canonical\" href=\"https:\/\/inventcad.ro\/ro\/produse\/distribuitor-produse-bervina\/cuplaje-miniatura\/silicone-insert-couplings\/\" \/>\n<meta property=\"og:locale\" content=\"ro_RO\" \/>\n<meta property=\"og:type\" content=\"article\" \/>\n<meta property=\"og:title\" content=\"Silicone Insert Couplings\" \/>\n<meta property=\"og:description\" content=\"Cuplaje din silicon din aluminiu produse de Bervina pentru a transmite cuplul \u00eentre doi arbori f\u0103r\u0103 joc. Inser\u021bia de silicon (40 ShA) este pozi\u021bionat\u0103 \u00eentre butucii de antrenare \u0219i cele conduse care separ\u0103 electric cele dou\u0103 p\u0103r\u021bi ale cuplajului. Aceste cuplaje antivibra\u021bii sunt disponibile cu \u0219uruburi de fixare sau cleme pentru fixarea lor pe arbore &hellip; Continu\u0103 lectura \u201eSilicone Insert Couplings\u201d\" \/>\n<meta property=\"og:url\" content=\"https:\/\/inventcad.ro\/ro\/produse\/distribuitor-produse-bervina\/cuplaje-miniatura\/silicone-insert-couplings\/\" \/>\n<meta property=\"og:site_name\" content=\"InventCAD\" \/>\n<meta property=\"article:publisher\" content=\"https:\/\/www.facebook.com\/inventcad\" \/>\n<meta property=\"article:modified_time\" content=\"2025-03-12T11:31:49+00:00\" \/>\n<meta property=\"og:image\" content=\"https:\/\/inventcad.ro\/ro\/wp-content\/uploads\/2025\/03\/silikon-c-scaled-1.jpg\" \/>\n\t<meta property=\"og:image:width\" content=\"256\" \/>\n\t<meta property=\"og:image:height\" content=\"128\" \/>\n\t<meta property=\"og:image:type\" content=\"image\/jpeg\" \/>\n<meta name=\"twitter:card\" content=\"summary_large_image\" \/>\n<meta name=\"twitter:label1\" content=\"Timp estimat pentru citire\" \/>\n\t<meta name=\"twitter:data1\" content=\"1 minut\" \/>\n<script type=\"application\/ld+json\" class=\"yoast-schema-graph\">{\"@context\":\"https:\\\/\\\/schema.org\",\"@graph\":[{\"@type\":\"WebPage\",\"@id\":\"https:\\\/\\\/inventcad.ro\\\/ro\\\/produse\\\/distribuitor-produse-bervina\\\/cuplaje-miniatura\\\/silicone-insert-couplings\\\/\",\"url\":\"https:\\\/\\\/inventcad.ro\\\/ro\\\/produse\\\/distribuitor-produse-bervina\\\/cuplaje-miniatura\\\/silicone-insert-couplings\\\/\",\"name\":\"Silicone Insert Couplings - InventCAD\",\"isPartOf\":{\"@id\":\"https:\\\/\\\/inventcad.ro\\\/ro\\\/#website\"},\"primaryImageOfPage\":{\"@id\":\"https:\\\/\\\/inventcad.ro\\\/ro\\\/produse\\\/distribuitor-produse-bervina\\\/cuplaje-miniatura\\\/silicone-insert-couplings\\\/#primaryimage\"},\"image\":{\"@id\":\"https:\\\/\\\/inventcad.ro\\\/ro\\\/produse\\\/distribuitor-produse-bervina\\\/cuplaje-miniatura\\\/silicone-insert-couplings\\\/#primaryimage\"},\"thumbnailUrl\":\"https:\\\/\\\/inventcad.ro\\\/ro\\\/wp-content\\\/uploads\\\/2025\\\/03\\\/silikon-c-scaled-1.jpg\",\"datePublished\":\"2025-03-11T12:12:54+00:00\",\"dateModified\":\"2025-03-12T11:31:49+00:00\",\"breadcrumb\":{\"@id\":\"https:\\\/\\\/inventcad.ro\\\/ro\\\/produse\\\/distribuitor-produse-bervina\\\/cuplaje-miniatura\\\/silicone-insert-couplings\\\/#breadcrumb\"},\"inLanguage\":\"ro-RO\",\"potentialAction\":[{\"@type\":\"ReadAction\",\"target\":[\"https:\\\/\\\/inventcad.ro\\\/ro\\\/produse\\\/distribuitor-produse-bervina\\\/cuplaje-miniatura\\\/silicone-insert-couplings\\\/\"]}]},{\"@type\":\"ImageObject\",\"inLanguage\":\"ro-RO\",\"@id\":\"https:\\\/\\\/inventcad.ro\\\/ro\\\/produse\\\/distribuitor-produse-bervina\\\/cuplaje-miniatura\\\/silicone-insert-couplings\\\/#primaryimage\",\"url\":\"https:\\\/\\\/inventcad.ro\\\/ro\\\/wp-content\\\/uploads\\\/2025\\\/03\\\/silikon-c-scaled-1.jpg\",\"contentUrl\":\"https:\\\/\\\/inventcad.ro\\\/ro\\\/wp-content\\\/uploads\\\/2025\\\/03\\\/silikon-c-scaled-1.jpg\",\"width\":256,\"height\":128,\"caption\":\"Silicone Insert Coupling With Clamp Fixing\"},{\"@type\":\"BreadcrumbList\",\"@id\":\"https:\\\/\\\/inventcad.ro\\\/ro\\\/produse\\\/distribuitor-produse-bervina\\\/cuplaje-miniatura\\\/silicone-insert-couplings\\\/#breadcrumb\",\"itemListElement\":[{\"@type\":\"ListItem\",\"position\":1,\"name\":\"Home\",\"item\":\"https:\\\/\\\/inventcad.ro\\\/ro\\\/\"},{\"@type\":\"ListItem\",\"position\":2,\"name\":\"Produse\",\"item\":\"https:\\\/\\\/inventcad.ro\\\/ro\\\/produse\\\/\"},{\"@type\":\"ListItem\",\"position\":3,\"name\":\"Distribuitor produse BERVINA\",\"item\":\"https:\\\/\\\/inventcad.ro\\\/ro\\\/produse\\\/distribuitor-produse-bervina\\\/\"},{\"@type\":\"ListItem\",\"position\":4,\"name\":\"Cuplaje miniatur\u0103\",\"item\":\"https:\\\/\\\/inventcad.ro\\\/ro\\\/produse\\\/distribuitor-produse-bervina\\\/cuplaje-miniatura\\\/\"},{\"@type\":\"ListItem\",\"position\":5,\"name\":\"Silicone Insert Couplings\"}]},{\"@type\":\"WebSite\",\"@id\":\"https:\\\/\\\/inventcad.ro\\\/ro\\\/#website\",\"url\":\"https:\\\/\\\/inventcad.ro\\\/ro\\\/\",\"name\":\"InventCAD\",\"description\":\"Proiectare mecanic\u0103, automatiz\u0103ri industriale\",\"publisher\":{\"@id\":\"https:\\\/\\\/inventcad.ro\\\/ro\\\/#organization\"},\"potentialAction\":[{\"@type\":\"SearchAction\",\"target\":{\"@type\":\"EntryPoint\",\"urlTemplate\":\"https:\\\/\\\/inventcad.ro\\\/ro\\\/?s={search_term_string}\"},\"query-input\":{\"@type\":\"PropertyValueSpecification\",\"valueRequired\":true,\"valueName\":\"search_term_string\"}}],\"inLanguage\":\"ro-RO\"},{\"@type\":\"Organization\",\"@id\":\"https:\\\/\\\/inventcad.ro\\\/ro\\\/#organization\",\"name\":\"InventCAD\",\"url\":\"https:\\\/\\\/inventcad.ro\\\/ro\\\/\",\"logo\":{\"@type\":\"ImageObject\",\"inLanguage\":\"ro-RO\",\"@id\":\"https:\\\/\\\/inventcad.ro\\\/ro\\\/#\\\/schema\\\/logo\\\/image\\\/\",\"url\":\"https:\\\/\\\/inventcad.ro\\\/ro\\\/wp-content\\\/uploads\\\/2020\\\/11\\\/inventcad-logo.png\",\"contentUrl\":\"https:\\\/\\\/inventcad.ro\\\/ro\\\/wp-content\\\/uploads\\\/2020\\\/11\\\/inventcad-logo.png\",\"width\":1653,\"height\":250,\"caption\":\"InventCAD\"},\"image\":{\"@id\":\"https:\\\/\\\/inventcad.ro\\\/ro\\\/#\\\/schema\\\/logo\\\/image\\\/\"},\"sameAs\":[\"https:\\\/\\\/www.facebook.com\\\/inventcad\",\"https:\\\/\\\/www.linkedin.com\\\/company\\\/inventcad\\\/\",\"https:\\\/\\\/www.youtube.com\\\/user\\\/InventCAD\"],\"description\":\"Mechanical design, industrial automation, and engineering services.\",\"email\":\"office@inventcad.ro\",\"legalName\":\"InventCAD SRL\",\"foundingDate\":\"2003-03-10\",\"vatID\":\"RO15368893\",\"numberOfEmployees\":{\"@type\":\"QuantitativeValue\",\"minValue\":\"1\",\"maxValue\":\"10\"}}]}<\/script>\n<!-- \/ Yoast SEO Premium plugin. -->","yoast_head_json":{"title":"Silicone Insert Couplings - InventCAD","robots":{"index":"index","follow":"follow","max-snippet":"max-snippet:-1","max-image-preview":"max-image-preview:large","max-video-preview":"max-video-preview:-1"},"canonical":"https:\/\/inventcad.ro\/ro\/produse\/distribuitor-produse-bervina\/cuplaje-miniatura\/silicone-insert-couplings\/","og_locale":"ro_RO","og_type":"article","og_title":"Silicone Insert Couplings","og_description":"Cuplaje din silicon din aluminiu produse de Bervina pentru a transmite cuplul \u00eentre doi arbori f\u0103r\u0103 joc. Inser\u021bia de silicon (40 ShA) este pozi\u021bionat\u0103 \u00eentre butucii de antrenare \u0219i cele conduse care separ\u0103 electric cele dou\u0103 p\u0103r\u021bi ale cuplajului. Aceste cuplaje antivibra\u021bii sunt disponibile cu \u0219uruburi de fixare sau cleme pentru fixarea lor pe arbore &hellip; Continu\u0103 lectura \u201eSilicone Insert Couplings\u201d","og_url":"https:\/\/inventcad.ro\/ro\/produse\/distribuitor-produse-bervina\/cuplaje-miniatura\/silicone-insert-couplings\/","og_site_name":"InventCAD","article_publisher":"https:\/\/www.facebook.com\/inventcad","article_modified_time":"2025-03-12T11:31:49+00:00","og_image":[{"width":256,"height":128,"url":"https:\/\/inventcad.ro\/ro\/wp-content\/uploads\/2025\/03\/silikon-c-scaled-1.jpg","type":"image\/jpeg"}],"twitter_card":"summary_large_image","twitter_misc":{"Timp estimat pentru citire":"1 minut"},"schema":{"@context":"https:\/\/schema.org","@graph":[{"@type":"WebPage","@id":"https:\/\/inventcad.ro\/ro\/produse\/distribuitor-produse-bervina\/cuplaje-miniatura\/silicone-insert-couplings\/","url":"https:\/\/inventcad.ro\/ro\/produse\/distribuitor-produse-bervina\/cuplaje-miniatura\/silicone-insert-couplings\/","name":"Silicone Insert Couplings - InventCAD","isPartOf":{"@id":"https:\/\/inventcad.ro\/ro\/#website"},"primaryImageOfPage":{"@id":"https:\/\/inventcad.ro\/ro\/produse\/distribuitor-produse-bervina\/cuplaje-miniatura\/silicone-insert-couplings\/#primaryimage"},"image":{"@id":"https:\/\/inventcad.ro\/ro\/produse\/distribuitor-produse-bervina\/cuplaje-miniatura\/silicone-insert-couplings\/#primaryimage"},"thumbnailUrl":"https:\/\/inventcad.ro\/ro\/wp-content\/uploads\/2025\/03\/silikon-c-scaled-1.jpg","datePublished":"2025-03-11T12:12:54+00:00","dateModified":"2025-03-12T11:31:49+00:00","breadcrumb":{"@id":"https:\/\/inventcad.ro\/ro\/produse\/distribuitor-produse-bervina\/cuplaje-miniatura\/silicone-insert-couplings\/#breadcrumb"},"inLanguage":"ro-RO","potentialAction":[{"@type":"ReadAction","target":["https:\/\/inventcad.ro\/ro\/produse\/distribuitor-produse-bervina\/cuplaje-miniatura\/silicone-insert-couplings\/"]}]},{"@type":"ImageObject","inLanguage":"ro-RO","@id":"https:\/\/inventcad.ro\/ro\/produse\/distribuitor-produse-bervina\/cuplaje-miniatura\/silicone-insert-couplings\/#primaryimage","url":"https:\/\/inventcad.ro\/ro\/wp-content\/uploads\/2025\/03\/silikon-c-scaled-1.jpg","contentUrl":"https:\/\/inventcad.ro\/ro\/wp-content\/uploads\/2025\/03\/silikon-c-scaled-1.jpg","width":256,"height":128,"caption":"Silicone Insert Coupling With Clamp Fixing"},{"@type":"BreadcrumbList","@id":"https:\/\/inventcad.ro\/ro\/produse\/distribuitor-produse-bervina\/cuplaje-miniatura\/silicone-insert-couplings\/#breadcrumb","itemListElement":[{"@type":"ListItem","position":1,"name":"Home","item":"https:\/\/inventcad.ro\/ro\/"},{"@type":"ListItem","position":2,"name":"Produse","item":"https:\/\/inventcad.ro\/ro\/produse\/"},{"@type":"ListItem","position":3,"name":"Distribuitor produse BERVINA","item":"https:\/\/inventcad.ro\/ro\/produse\/distribuitor-produse-bervina\/"},{"@type":"ListItem","position":4,"name":"Cuplaje miniatur\u0103","item":"https:\/\/inventcad.ro\/ro\/produse\/distribuitor-produse-bervina\/cuplaje-miniatura\/"},{"@type":"ListItem","position":5,"name":"Silicone Insert Couplings"}]},{"@type":"WebSite","@id":"https:\/\/inventcad.ro\/ro\/#website","url":"https:\/\/inventcad.ro\/ro\/","name":"InventCAD","description":"Proiectare mecanic\u0103, automatiz\u0103ri industriale","publisher":{"@id":"https:\/\/inventcad.ro\/ro\/#organization"},"potentialAction":[{"@type":"SearchAction","target":{"@type":"EntryPoint","urlTemplate":"https:\/\/inventcad.ro\/ro\/?s={search_term_string}"},"query-input":{"@type":"PropertyValueSpecification","valueRequired":true,"valueName":"search_term_string"}}],"inLanguage":"ro-RO"},{"@type":"Organization","@id":"https:\/\/inventcad.ro\/ro\/#organization","name":"InventCAD","url":"https:\/\/inventcad.ro\/ro\/","logo":{"@type":"ImageObject","inLanguage":"ro-RO","@id":"https:\/\/inventcad.ro\/ro\/#\/schema\/logo\/image\/","url":"https:\/\/inventcad.ro\/ro\/wp-content\/uploads\/2020\/11\/inventcad-logo.png","contentUrl":"https:\/\/inventcad.ro\/ro\/wp-content\/uploads\/2020\/11\/inventcad-logo.png","width":1653,"height":250,"caption":"InventCAD"},"image":{"@id":"https:\/\/inventcad.ro\/ro\/#\/schema\/logo\/image\/"},"sameAs":["https:\/\/www.facebook.com\/inventcad","https:\/\/www.linkedin.com\/company\/inventcad\/","https:\/\/www.youtube.com\/user\/InventCAD"],"description":"Mechanical design, industrial automation, and engineering services.","email":"office@inventcad.ro","legalName":"InventCAD SRL","foundingDate":"2003-03-10","vatID":"RO15368893","numberOfEmployees":{"@type":"QuantitativeValue","minValue":"1","maxValue":"10"}}]}},"_links":{"self":[{"href":"https:\/\/inventcad.ro\/ro\/wp-json\/wp\/v2\/pages\/2183","targetHints":{"allow":["GET"]}}],"collection":[{"href":"https:\/\/inventcad.ro\/ro\/wp-json\/wp\/v2\/pages"}],"about":[{"href":"https:\/\/inventcad.ro\/ro\/wp-json\/wp\/v2\/types\/page"}],"author":[{"embeddable":true,"href":"https:\/\/inventcad.ro\/ro\/wp-json\/wp\/v2\/users\/1"}],"replies":[{"embeddable":true,"href":"https:\/\/inventcad.ro\/ro\/wp-json\/wp\/v2\/comments?post=2183"}],"version-history":[{"count":3,"href":"https:\/\/inventcad.ro\/ro\/wp-json\/wp\/v2\/pages\/2183\/revisions"}],"predecessor-version":[{"id":2610,"href":"https:\/\/inventcad.ro\/ro\/wp-json\/wp\/v2\/pages\/2183\/revisions\/2610"}],"up":[{"embeddable":true,"href":"https:\/\/inventcad.ro\/ro\/wp-json\/wp\/v2\/pages\/2113"}],"wp:attachment":[{"href":"https:\/\/inventcad.ro\/ro\/wp-json\/wp\/v2\/media?parent=2183"}],"curies":[{"name":"wp","href":"https:\/\/api.w.org\/{rel}","templated":true}]}}