{"id":2182,"date":"2025-03-11T14:06:45","date_gmt":"2025-03-11T12:06:45","guid":{"rendered":"https:\/\/inventcad.ro\/ro\/?page_id=2182"},"modified":"2025-03-13T22:06:22","modified_gmt":"2025-03-13T20:06:22","slug":"beam-couplings","status":"publish","type":"page","link":"https:\/\/inventcad.ro\/ro\/produse\/distribuitor-produse-bervina\/cuplaje-miniatura\/beam-couplings\/","title":{"rendered":"Beam Couplings"},"content":{"rendered":"\n<p>Cuplaje elicoidale din construc\u021bie dintr-o singur\u0103 pies\u0103, cu joc zero \u0219i vitez\u0103 constant\u0103 care compenseaz\u0103 dezechilibrele unghiulare, paralele \u0219i axiale \u00een timpul func\u021bion\u0103rii.<\/p>\n\n\n\n<p>Cuplajul fasciculului are o rigiditate la torsiune foarte mare, ceea ce \u00eel face potrivit pentru aplica\u021biile de control al mi\u0219c\u0103rii, unde sunt necesare pozi\u021bionare extrem de precis\u0103, opriri \u0219i plec\u0103ri frecvente \u0219i rota\u021bie invers\u0103. Cuplajele sunt disponibile \u00een o\u021bel inoxidabil \u0219i aluminiu cu dimensiuni ale alezajului metrice, inch \u0219i inch p\u00e2n\u0103 la metrice cu toleran\u021b\u0103 H7.<\/p>\n\n\n\n<p>Exist\u0103 cuplaje cu un singur (trei grinzi) \u0219i cu mai multe (\u0219ase) grinzi disponibile cu \u0219uruburi de fixare sau stiluri de prindere. Cuplajele cu un singur fascicul au o lungime mai scurt\u0103, permi\u021b\u00e2ndu-ne s\u0103 integr\u0103m echipamente existente cu toate cele mai bune atribute ale unui cuplaj elicoidal.<\/p>\n\n\n\n<p>Cuplajele cu fascicule multiple au spiral\u0103 dubl\u0103 care ofer\u0103 capacit\u0103\u021bi superioare de dezaliniere \u00een toate direc\u021biile \u0219i capacitate de cuplu mai mare.<\/p>\n\n\n\n<p>Cuplajele sunt pentru aplica\u021bii precum codificatoare cu arbore, rezolutoare, motoare pas, toate formele de dispozitive servo, actuatoare liniare \u0219i cu \u0219urub cu bile, robo\u021bi, mese de pozi\u021bionare, computere \u0219i radare.<\/p>\n\n\n\n<p>Aceste curele f\u0103r\u0103 sf\u00e2r\u0219it au o duritate de 60 \u2013 90 Sha \u0219i sunt disponibile \u00een lungime de 150 \u2013 1500 mm.<\/p>\n\n\n\n<p>\u00cen partea din spate sunt disponibile diferite profile \u0219i crampoane pentru proiectare \u0219i fabricare. Cel mai bun produs nou este centura FDA VFFS, care este realizat\u0103 din centur\u0103 de baz\u0103 din poliuretan FDA \u0219i silicon.<\/p>\n\n\n\n<p>Principalele atribute:<\/p>\n\n\n\n<ul class=\"wp-block-list\">\n<li>Constructie metalica dintr-o bucata<\/li>\n\n\n\n<li>Alezaje de la 1,9 mm la 19 mm (de la 0,075 inchi la 0,750 inci)<\/li>\n\n\n\n<li>Compenseaz\u0103 dezechilibrele unghiulare, paralele \u0219i axiale<\/li>\n\n\n\n<li>Stiluri de prindere \u0219i fixare cu \u0219uruburi<\/li>\n\n\n\n<li>Joc zero<\/li>\n\n\n\n<li>Vitez\u0103 constant\u0103<\/li>\n\n\n\n<li>Versiuni din o\u021bel inoxidabil \u0219i aluminiu<\/li>\n\n\n\n<li>Relief intern al g\u0103urii ca standard pentru un singur fascicul op\u021bional pentru cuplaje cu mai multe fascicule<\/li>\n\n\n\n<li>Toleran\u021b\u0103 ridicat\u0103 la substan\u021be chimice, coroziune, c\u0103ldur\u0103<\/li>\n\n\n\n<li>Timp scurt de livrare<\/li>\n<\/ul>\n\n\n\n<div class=\"wp-block-media-text is-stacked-on-mobile\" style=\"grid-template-columns:20% auto\"><figure class=\"wp-block-media-text__media\"><img loading=\"lazy\" decoding=\"async\" width=\"256\" height=\"128\" src=\"https:\/\/inventcad.ro\/ro\/wp-content\/uploads\/2025\/03\/stainless-steel-beam-coupling-with-clamp-fixing.jpg\" alt=\"Stainless Steel Beam Coupling With Clamp Fixing\" class=\"wp-image-2358 size-full\"\/><\/figure><div class=\"wp-block-media-text__content\">\n<p><a href=\"https:\/\/inventcad.ro\/ro\/produse\/distribuitor-produse-bervina\/cuplaje-miniatura\/beam-couplings\/stainless-steel-beam-coupling-with-clamp-fixing\/\">Stainless Steel Beam Coupling With Clamp Fixing<\/a><\/p>\n<\/div><\/div>\n\n\n\n<div class=\"wp-block-media-text is-stacked-on-mobile\" style=\"grid-template-columns:20% auto\"><figure class=\"wp-block-media-text__media\"><img loading=\"lazy\" decoding=\"async\" width=\"256\" height=\"128\" src=\"https:\/\/inventcad.ro\/ro\/wp-content\/uploads\/2025\/03\/stainless-steel-beam-coupling-with-set-screw-fixing.jpg\" alt=\"Stainless Steel Beam Coupling With Set Screw Fixing\" class=\"wp-image-2359 size-full\"\/><\/figure><div class=\"wp-block-media-text__content\">\n<p><a href=\"https:\/\/inventcad.ro\/ro\/produse\/distribuitor-produse-bervina\/cuplaje-miniatura\/beam-couplings\/stainless-steel-beam-coupling-with-set-screw-fixing\/\">Stainless Steel Beam Coupling With Set Screw Fixing<\/a><\/p>\n<\/div><\/div>\n\n\n\n<div class=\"wp-block-media-text is-stacked-on-mobile\" style=\"grid-template-columns:20% auto\"><figure class=\"wp-block-media-text__media\"><img loading=\"lazy\" decoding=\"async\" width=\"256\" height=\"128\" src=\"https:\/\/inventcad.ro\/ro\/wp-content\/uploads\/2025\/03\/aluminum-coupling-with-clamp-fixing.jpg\" alt=\"Aluminum Beam Coupling With Clamp Fixing\" class=\"wp-image-2357 size-full\"\/><\/figure><div class=\"wp-block-media-text__content\">\n<p><a href=\"https:\/\/inventcad.ro\/ro\/produse\/distribuitor-produse-bervina\/cuplaje-miniatura\/beam-couplings\/aluminum-beam-coupling-with-clamp-fixing\/\">Aluminum Beam Coupling With Clamp Fixing<\/a><\/p>\n<\/div><\/div>\n\n\n\n<div class=\"wp-block-media-text is-stacked-on-mobile\" style=\"grid-template-columns:20% auto\"><figure class=\"wp-block-media-text__media\"><img loading=\"lazy\" decoding=\"async\" width=\"1000\" height=\"600\" src=\"https:\/\/inventcad.ro\/ro\/wp-content\/uploads\/2025\/03\/aluminum-beam-coupling-with-set-screw-fixing.jpg\" alt=\"Aluminum Beam Coupling With Set screw Fixing\" class=\"wp-image-2140 size-full\" srcset=\"https:\/\/inventcad.ro\/ro\/wp-content\/uploads\/2025\/03\/aluminum-beam-coupling-with-set-screw-fixing.jpg 1000w, https:\/\/inventcad.ro\/ro\/wp-content\/uploads\/2025\/03\/aluminum-beam-coupling-with-set-screw-fixing-300x180.jpg 300w, https:\/\/inventcad.ro\/ro\/wp-content\/uploads\/2025\/03\/aluminum-beam-coupling-with-set-screw-fixing-768x461.jpg 768w\" sizes=\"auto, (max-width: 767px) 89vw, (max-width: 1000px) 54vw, (max-width: 1071px) 543px, 580px\" \/><\/figure><div class=\"wp-block-media-text__content\">\n<p><a href=\"https:\/\/inventcad.ro\/ro\/produse\/distribuitor-produse-bervina\/cuplaje-miniatura\/beam-couplings\/aluminum-beam-coupling-with-set-screw-fixing\/\">Aluminum Beam Coupling With Set screw Fixing<\/a><\/p>\n<\/div><\/div>\n\n\n\n<p><\/p>\n","protected":false},"excerpt":{"rendered":"<p>Cuplaje elicoidale din construc\u021bie dintr-o singur\u0103 pies\u0103, cu joc zero \u0219i vitez\u0103 constant\u0103 care compenseaz\u0103 dezechilibrele unghiulare, paralele \u0219i axiale \u00een timpul func\u021bion\u0103rii. Cuplajul fasciculului are o rigiditate la torsiune foarte mare, ceea ce \u00eel face potrivit pentru aplica\u021biile de control al mi\u0219c\u0103rii, unde sunt necesare pozi\u021bionare extrem de precis\u0103, opriri \u0219i plec\u0103ri frecvente \u0219i &hellip; <\/p>\n<p class=\"link-more\"><a href=\"https:\/\/inventcad.ro\/ro\/produse\/distribuitor-produse-bervina\/cuplaje-miniatura\/beam-couplings\/\" class=\"more-link\">Continu\u0103 lectura<span class=\"screen-reader-text\"> \u201eBeam Couplings\u201d<\/span><\/a><\/p>\n","protected":false},"author":1,"featured_media":0,"parent":2113,"menu_order":27,"comment_status":"closed","ping_status":"closed","template":"","meta":{"footnotes":""},"class_list":["post-2182","page","type-page","status-publish","hentry"],"yoast_head":"<!-- This site is optimized with the Yoast SEO Premium plugin v27.2 (Yoast SEO v27.3) - https:\/\/yoast.com\/product\/yoast-seo-premium-wordpress\/ -->\n<title>Beam Couplings - InventCAD<\/title>\n<meta name=\"description\" content=\"Afl\u0103 totul despre cuplajele fasciculului: rigiditate mare \u0219i compensare a dezechilibrelor pentru aplica\u021bii de control al mi\u0219c\u0103rii.\" \/>\n<meta name=\"robots\" content=\"index, follow, max-snippet:-1, max-image-preview:large, max-video-preview:-1\" \/>\n<link rel=\"canonical\" href=\"https:\/\/inventcad.ro\/ro\/produse\/distribuitor-produse-bervina\/cuplaje-miniatura\/beam-couplings\/\" \/>\n<meta property=\"og:locale\" content=\"ro_RO\" \/>\n<meta property=\"og:type\" content=\"article\" \/>\n<meta property=\"og:title\" content=\"Beam Couplings\" \/>\n<meta property=\"og:description\" content=\"Afl\u0103 totul despre cuplajele fasciculului: rigiditate mare \u0219i compensare a dezechilibrelor pentru aplica\u021bii de control al mi\u0219c\u0103rii.\" \/>\n<meta property=\"og:url\" content=\"https:\/\/inventcad.ro\/ro\/produse\/distribuitor-produse-bervina\/cuplaje-miniatura\/beam-couplings\/\" \/>\n<meta property=\"og:site_name\" content=\"InventCAD\" \/>\n<meta property=\"article:publisher\" content=\"https:\/\/www.facebook.com\/inventcad\" \/>\n<meta property=\"article:modified_time\" content=\"2025-03-13T20:06:22+00:00\" \/>\n<meta property=\"og:image\" content=\"https:\/\/inventcad.ro\/ro\/wp-content\/uploads\/2025\/03\/stainless-steel-beam-coupling-with-clamp-fixing.jpg\" \/>\n\t<meta property=\"og:image:width\" content=\"256\" \/>\n\t<meta property=\"og:image:height\" content=\"128\" \/>\n\t<meta property=\"og:image:type\" content=\"image\/jpeg\" \/>\n<meta name=\"twitter:card\" content=\"summary_large_image\" \/>\n<meta name=\"twitter:label1\" content=\"Timp estimat pentru citire\" \/>\n\t<meta name=\"twitter:data1\" content=\"3 minute\" \/>\n<script type=\"application\/ld+json\" class=\"yoast-schema-graph\">{\"@context\":\"https:\\\/\\\/schema.org\",\"@graph\":[{\"@type\":\"WebPage\",\"@id\":\"https:\\\/\\\/inventcad.ro\\\/ro\\\/produse\\\/distribuitor-produse-bervina\\\/cuplaje-miniatura\\\/beam-couplings\\\/\",\"url\":\"https:\\\/\\\/inventcad.ro\\\/ro\\\/produse\\\/distribuitor-produse-bervina\\\/cuplaje-miniatura\\\/beam-couplings\\\/\",\"name\":\"Beam Couplings - InventCAD\",\"isPartOf\":{\"@id\":\"https:\\\/\\\/inventcad.ro\\\/ro\\\/#website\"},\"primaryImageOfPage\":{\"@id\":\"https:\\\/\\\/inventcad.ro\\\/ro\\\/produse\\\/distribuitor-produse-bervina\\\/cuplaje-miniatura\\\/beam-couplings\\\/#primaryimage\"},\"image\":{\"@id\":\"https:\\\/\\\/inventcad.ro\\\/ro\\\/produse\\\/distribuitor-produse-bervina\\\/cuplaje-miniatura\\\/beam-couplings\\\/#primaryimage\"},\"thumbnailUrl\":\"https:\\\/\\\/inventcad.ro\\\/ro\\\/wp-content\\\/uploads\\\/2025\\\/03\\\/stainless-steel-beam-coupling-with-clamp-fixing.jpg\",\"datePublished\":\"2025-03-11T12:06:45+00:00\",\"dateModified\":\"2025-03-13T20:06:22+00:00\",\"description\":\"Afl\u0103 totul despre cuplajele fasciculului: rigiditate mare \u0219i compensare a dezechilibrelor pentru aplica\u021bii de control al mi\u0219c\u0103rii.\",\"breadcrumb\":{\"@id\":\"https:\\\/\\\/inventcad.ro\\\/ro\\\/produse\\\/distribuitor-produse-bervina\\\/cuplaje-miniatura\\\/beam-couplings\\\/#breadcrumb\"},\"inLanguage\":\"ro-RO\",\"potentialAction\":[{\"@type\":\"ReadAction\",\"target\":[\"https:\\\/\\\/inventcad.ro\\\/ro\\\/produse\\\/distribuitor-produse-bervina\\\/cuplaje-miniatura\\\/beam-couplings\\\/\"]}]},{\"@type\":\"ImageObject\",\"inLanguage\":\"ro-RO\",\"@id\":\"https:\\\/\\\/inventcad.ro\\\/ro\\\/produse\\\/distribuitor-produse-bervina\\\/cuplaje-miniatura\\\/beam-couplings\\\/#primaryimage\",\"url\":\"https:\\\/\\\/inventcad.ro\\\/ro\\\/wp-content\\\/uploads\\\/2025\\\/03\\\/stainless-steel-beam-coupling-with-clamp-fixing.jpg\",\"contentUrl\":\"https:\\\/\\\/inventcad.ro\\\/ro\\\/wp-content\\\/uploads\\\/2025\\\/03\\\/stainless-steel-beam-coupling-with-clamp-fixing.jpg\",\"width\":256,\"height\":128,\"caption\":\"Stainless Steel Beam Coupling With Clamp Fixing\"},{\"@type\":\"BreadcrumbList\",\"@id\":\"https:\\\/\\\/inventcad.ro\\\/ro\\\/produse\\\/distribuitor-produse-bervina\\\/cuplaje-miniatura\\\/beam-couplings\\\/#breadcrumb\",\"itemListElement\":[{\"@type\":\"ListItem\",\"position\":1,\"name\":\"Home\",\"item\":\"https:\\\/\\\/inventcad.ro\\\/ro\\\/\"},{\"@type\":\"ListItem\",\"position\":2,\"name\":\"Produse\",\"item\":\"https:\\\/\\\/inventcad.ro\\\/ro\\\/produse\\\/\"},{\"@type\":\"ListItem\",\"position\":3,\"name\":\"Distribuitor produse BERVINA\",\"item\":\"https:\\\/\\\/inventcad.ro\\\/ro\\\/produse\\\/distribuitor-produse-bervina\\\/\"},{\"@type\":\"ListItem\",\"position\":4,\"name\":\"Cuplaje miniatur\u0103\",\"item\":\"https:\\\/\\\/inventcad.ro\\\/ro\\\/produse\\\/distribuitor-produse-bervina\\\/cuplaje-miniatura\\\/\"},{\"@type\":\"ListItem\",\"position\":5,\"name\":\"Beam Couplings\"}]},{\"@type\":\"WebSite\",\"@id\":\"https:\\\/\\\/inventcad.ro\\\/ro\\\/#website\",\"url\":\"https:\\\/\\\/inventcad.ro\\\/ro\\\/\",\"name\":\"InventCAD\",\"description\":\"Proiectare mecanic\u0103, automatiz\u0103ri industriale\",\"publisher\":{\"@id\":\"https:\\\/\\\/inventcad.ro\\\/ro\\\/#organization\"},\"potentialAction\":[{\"@type\":\"SearchAction\",\"target\":{\"@type\":\"EntryPoint\",\"urlTemplate\":\"https:\\\/\\\/inventcad.ro\\\/ro\\\/?s={search_term_string}\"},\"query-input\":{\"@type\":\"PropertyValueSpecification\",\"valueRequired\":true,\"valueName\":\"search_term_string\"}}],\"inLanguage\":\"ro-RO\"},{\"@type\":\"Organization\",\"@id\":\"https:\\\/\\\/inventcad.ro\\\/ro\\\/#organization\",\"name\":\"InventCAD\",\"url\":\"https:\\\/\\\/inventcad.ro\\\/ro\\\/\",\"logo\":{\"@type\":\"ImageObject\",\"inLanguage\":\"ro-RO\",\"@id\":\"https:\\\/\\\/inventcad.ro\\\/ro\\\/#\\\/schema\\\/logo\\\/image\\\/\",\"url\":\"https:\\\/\\\/inventcad.ro\\\/ro\\\/wp-content\\\/uploads\\\/2020\\\/11\\\/inventcad-logo.png\",\"contentUrl\":\"https:\\\/\\\/inventcad.ro\\\/ro\\\/wp-content\\\/uploads\\\/2020\\\/11\\\/inventcad-logo.png\",\"width\":1653,\"height\":250,\"caption\":\"InventCAD\"},\"image\":{\"@id\":\"https:\\\/\\\/inventcad.ro\\\/ro\\\/#\\\/schema\\\/logo\\\/image\\\/\"},\"sameAs\":[\"https:\\\/\\\/www.facebook.com\\\/inventcad\",\"https:\\\/\\\/www.linkedin.com\\\/company\\\/inventcad\\\/\",\"https:\\\/\\\/www.youtube.com\\\/user\\\/InventCAD\"],\"description\":\"Mechanical design, industrial automation, and engineering services.\",\"email\":\"office@inventcad.ro\",\"legalName\":\"InventCAD SRL\",\"foundingDate\":\"2003-03-10\",\"vatID\":\"RO15368893\",\"numberOfEmployees\":{\"@type\":\"QuantitativeValue\",\"minValue\":\"1\",\"maxValue\":\"10\"}}]}<\/script>\n<!-- \/ Yoast SEO Premium plugin. -->","yoast_head_json":{"title":"Beam Couplings - InventCAD","description":"Afl\u0103 totul despre cuplajele fasciculului: rigiditate mare \u0219i compensare a dezechilibrelor pentru aplica\u021bii de control al mi\u0219c\u0103rii.","robots":{"index":"index","follow":"follow","max-snippet":"max-snippet:-1","max-image-preview":"max-image-preview:large","max-video-preview":"max-video-preview:-1"},"canonical":"https:\/\/inventcad.ro\/ro\/produse\/distribuitor-produse-bervina\/cuplaje-miniatura\/beam-couplings\/","og_locale":"ro_RO","og_type":"article","og_title":"Beam Couplings","og_description":"Afl\u0103 totul despre cuplajele fasciculului: rigiditate mare \u0219i compensare a dezechilibrelor pentru aplica\u021bii de control al mi\u0219c\u0103rii.","og_url":"https:\/\/inventcad.ro\/ro\/produse\/distribuitor-produse-bervina\/cuplaje-miniatura\/beam-couplings\/","og_site_name":"InventCAD","article_publisher":"https:\/\/www.facebook.com\/inventcad","article_modified_time":"2025-03-13T20:06:22+00:00","og_image":[{"width":256,"height":128,"url":"https:\/\/inventcad.ro\/ro\/wp-content\/uploads\/2025\/03\/stainless-steel-beam-coupling-with-clamp-fixing.jpg","type":"image\/jpeg"}],"twitter_card":"summary_large_image","twitter_misc":{"Timp estimat pentru citire":"3 minute"},"schema":{"@context":"https:\/\/schema.org","@graph":[{"@type":"WebPage","@id":"https:\/\/inventcad.ro\/ro\/produse\/distribuitor-produse-bervina\/cuplaje-miniatura\/beam-couplings\/","url":"https:\/\/inventcad.ro\/ro\/produse\/distribuitor-produse-bervina\/cuplaje-miniatura\/beam-couplings\/","name":"Beam Couplings - InventCAD","isPartOf":{"@id":"https:\/\/inventcad.ro\/ro\/#website"},"primaryImageOfPage":{"@id":"https:\/\/inventcad.ro\/ro\/produse\/distribuitor-produse-bervina\/cuplaje-miniatura\/beam-couplings\/#primaryimage"},"image":{"@id":"https:\/\/inventcad.ro\/ro\/produse\/distribuitor-produse-bervina\/cuplaje-miniatura\/beam-couplings\/#primaryimage"},"thumbnailUrl":"https:\/\/inventcad.ro\/ro\/wp-content\/uploads\/2025\/03\/stainless-steel-beam-coupling-with-clamp-fixing.jpg","datePublished":"2025-03-11T12:06:45+00:00","dateModified":"2025-03-13T20:06:22+00:00","description":"Afl\u0103 totul despre cuplajele fasciculului: rigiditate mare \u0219i compensare a dezechilibrelor pentru aplica\u021bii de control al mi\u0219c\u0103rii.","breadcrumb":{"@id":"https:\/\/inventcad.ro\/ro\/produse\/distribuitor-produse-bervina\/cuplaje-miniatura\/beam-couplings\/#breadcrumb"},"inLanguage":"ro-RO","potentialAction":[{"@type":"ReadAction","target":["https:\/\/inventcad.ro\/ro\/produse\/distribuitor-produse-bervina\/cuplaje-miniatura\/beam-couplings\/"]}]},{"@type":"ImageObject","inLanguage":"ro-RO","@id":"https:\/\/inventcad.ro\/ro\/produse\/distribuitor-produse-bervina\/cuplaje-miniatura\/beam-couplings\/#primaryimage","url":"https:\/\/inventcad.ro\/ro\/wp-content\/uploads\/2025\/03\/stainless-steel-beam-coupling-with-clamp-fixing.jpg","contentUrl":"https:\/\/inventcad.ro\/ro\/wp-content\/uploads\/2025\/03\/stainless-steel-beam-coupling-with-clamp-fixing.jpg","width":256,"height":128,"caption":"Stainless Steel Beam Coupling With Clamp Fixing"},{"@type":"BreadcrumbList","@id":"https:\/\/inventcad.ro\/ro\/produse\/distribuitor-produse-bervina\/cuplaje-miniatura\/beam-couplings\/#breadcrumb","itemListElement":[{"@type":"ListItem","position":1,"name":"Home","item":"https:\/\/inventcad.ro\/ro\/"},{"@type":"ListItem","position":2,"name":"Produse","item":"https:\/\/inventcad.ro\/ro\/produse\/"},{"@type":"ListItem","position":3,"name":"Distribuitor produse BERVINA","item":"https:\/\/inventcad.ro\/ro\/produse\/distribuitor-produse-bervina\/"},{"@type":"ListItem","position":4,"name":"Cuplaje miniatur\u0103","item":"https:\/\/inventcad.ro\/ro\/produse\/distribuitor-produse-bervina\/cuplaje-miniatura\/"},{"@type":"ListItem","position":5,"name":"Beam Couplings"}]},{"@type":"WebSite","@id":"https:\/\/inventcad.ro\/ro\/#website","url":"https:\/\/inventcad.ro\/ro\/","name":"InventCAD","description":"Proiectare mecanic\u0103, automatiz\u0103ri industriale","publisher":{"@id":"https:\/\/inventcad.ro\/ro\/#organization"},"potentialAction":[{"@type":"SearchAction","target":{"@type":"EntryPoint","urlTemplate":"https:\/\/inventcad.ro\/ro\/?s={search_term_string}"},"query-input":{"@type":"PropertyValueSpecification","valueRequired":true,"valueName":"search_term_string"}}],"inLanguage":"ro-RO"},{"@type":"Organization","@id":"https:\/\/inventcad.ro\/ro\/#organization","name":"InventCAD","url":"https:\/\/inventcad.ro\/ro\/","logo":{"@type":"ImageObject","inLanguage":"ro-RO","@id":"https:\/\/inventcad.ro\/ro\/#\/schema\/logo\/image\/","url":"https:\/\/inventcad.ro\/ro\/wp-content\/uploads\/2020\/11\/inventcad-logo.png","contentUrl":"https:\/\/inventcad.ro\/ro\/wp-content\/uploads\/2020\/11\/inventcad-logo.png","width":1653,"height":250,"caption":"InventCAD"},"image":{"@id":"https:\/\/inventcad.ro\/ro\/#\/schema\/logo\/image\/"},"sameAs":["https:\/\/www.facebook.com\/inventcad","https:\/\/www.linkedin.com\/company\/inventcad\/","https:\/\/www.youtube.com\/user\/InventCAD"],"description":"Mechanical design, industrial automation, and engineering services.","email":"office@inventcad.ro","legalName":"InventCAD SRL","foundingDate":"2003-03-10","vatID":"RO15368893","numberOfEmployees":{"@type":"QuantitativeValue","minValue":"1","maxValue":"10"}}]}},"_links":{"self":[{"href":"https:\/\/inventcad.ro\/ro\/wp-json\/wp\/v2\/pages\/2182","targetHints":{"allow":["GET"]}}],"collection":[{"href":"https:\/\/inventcad.ro\/ro\/wp-json\/wp\/v2\/pages"}],"about":[{"href":"https:\/\/inventcad.ro\/ro\/wp-json\/wp\/v2\/types\/page"}],"author":[{"embeddable":true,"href":"https:\/\/inventcad.ro\/ro\/wp-json\/wp\/v2\/users\/1"}],"replies":[{"embeddable":true,"href":"https:\/\/inventcad.ro\/ro\/wp-json\/wp\/v2\/comments?post=2182"}],"version-history":[{"count":3,"href":"https:\/\/inventcad.ro\/ro\/wp-json\/wp\/v2\/pages\/2182\/revisions"}],"predecessor-version":[{"id":2607,"href":"https:\/\/inventcad.ro\/ro\/wp-json\/wp\/v2\/pages\/2182\/revisions\/2607"}],"up":[{"embeddable":true,"href":"https:\/\/inventcad.ro\/ro\/wp-json\/wp\/v2\/pages\/2113"}],"wp:attachment":[{"href":"https:\/\/inventcad.ro\/ro\/wp-json\/wp\/v2\/media?parent=2182"}],"curies":[{"name":"wp","href":"https:\/\/api.w.org\/{rel}","templated":true}]}}