{"id":2114,"date":"2025-03-01T17:23:40","date_gmt":"2025-03-01T15:23:40","guid":{"rendered":"https:\/\/inventcad.ro\/ro\/?page_id=2114"},"modified":"2025-03-11T14:35:21","modified_gmt":"2025-03-11T12:35:21","slug":"buchse-conice-fara-cheie","status":"publish","type":"page","link":"https:\/\/inventcad.ro\/ro\/produse\/distribuitor-produse-bervina\/buchse-conice-fara-cheie\/","title":{"rendered":"Buch\u0219e conice f\u0103r\u0103 cheie"},"content":{"rendered":"\n<p>Buc\u0219ele conice Bervina asigur\u0103 o conexiune f\u0103r\u0103 joc la butuci \u0219i arbori care accept\u0103 un cuplu ridicat.<\/p>\n\n\n\n<p>Achizi\u021bion\u00e2nd buc\u0219e conice de la Bervina, costul total, incluz\u00e2nd achizi\u021bia, transportul, taxele \u0219i stocarea, este mai mic dec\u00e2t importul din Asia<\/p>\n\n\n\n<p>Sunt disponibile produse din o\u021bel inoxidabil \u0219i o\u021bel carbon. Buc\u0219a f\u0103r\u0103 cheie Bervina poate fi utilizat\u0103 la aplica\u021bii cu arbore mic:<\/p>\n\n\n\n<ul class=\"wp-block-list\">\n<li>diametru interior de la 4 mm la 20 mm<\/li>\n\n\n\n<li>zero backlash<\/li>\n\n\n\n<li>asigur\u0103 o reglare precis\u0103 radial\u0103 \u0219i axial\u0103 pe arbori<\/li>\n\n\n\n<li>capabil s\u0103 se monteze peste canalele existente<\/li>\n\n\n\n<li>ajustare axial\u0103 \u0219i radial\u0103<\/li>\n\n\n\n<li>instalare, reglare \u0219i demontare u\u0219oar\u0103<\/li>\n<\/ul>\n\n\n\n<div class=\"wp-block-buttons is-layout-flex wp-block-buttons-is-layout-flex\">\n<div class=\"wp-block-button has-custom-width wp-block-button__width-100 is-style-fill\"><a class=\"wp-block-button__link wp-element-button\" href=\"mailto:office@inventcad.com?subject=Cerere oferta produse BERVINA&amp;body=Bun\u0103 ziua,%0D%0A%0D%0AV\u0103 rog frumos s\u0103 ne trimite\u021bi ofert\u0103 pentru urm\u0103toarele produse:%0D%0A%0D%0Acurele de distribu\u021bie%20-%20xxx%0Acuplaje miniaturale%20-%20%20xxx%20xxx%0D%0Abuc\u0219e f\u0103r\u0103 cheie%20-%20%20xxx%20xxx%0D%0A%0D%0ACu stim\u0103,%0D%0A%0D%0A\" target=\"_blank\" rel=\" noreferrer noopener nofollow\">Comand\u0103 sau cere informa\u021bii<\/a><\/div>\n<\/div>\n\n\n\n<p><\/p>\n\n\n\n<div class=\"wp-block-media-text is-stacked-on-mobile\" style=\"grid-template-columns:20% auto\"><figure class=\"wp-block-media-text__media\"><img loading=\"lazy\" decoding=\"async\" width=\"830\" height=\"498\" src=\"https:\/\/inventcad.ro\/ro\/wp-content\/uploads\/2025\/03\/stainless-steel-taper-bush-830x498-2.jpg\" alt=\"stainless-steel-taper-bush\" class=\"wp-image-2192 size-full\" srcset=\"https:\/\/inventcad.ro\/ro\/wp-content\/uploads\/2025\/03\/stainless-steel-taper-bush-830x498-2.jpg 830w, https:\/\/inventcad.ro\/ro\/wp-content\/uploads\/2025\/03\/stainless-steel-taper-bush-830x498-2-300x180.jpg 300w, https:\/\/inventcad.ro\/ro\/wp-content\/uploads\/2025\/03\/stainless-steel-taper-bush-830x498-2-768x461.jpg 768w\" sizes=\"auto, (max-width: 767px) 89vw, (max-width: 1000px) 54vw, (max-width: 1071px) 543px, 580px\" \/><\/figure><div class=\"wp-block-media-text__content\">\n<p><a href=\"https:\/\/inventcad.ro\/ro\/produse\/distribuitor-produse-bervina\/buchse-conice-fara-cheie\/stainless-steel-keyless-locking-devices\/\">Stainless Steel Keyless Locking Devices<\/a><\/p>\n<\/div><\/div>\n\n\n\n<div class=\"wp-block-media-text is-stacked-on-mobile\" style=\"grid-template-columns:20% auto\"><figure class=\"wp-block-media-text__media\"><img loading=\"lazy\" decoding=\"async\" width=\"256\" height=\"128\" src=\"https:\/\/inventcad.ro\/ro\/wp-content\/uploads\/2025\/03\/carbon-steel-taper-bushes-ortw.jpg\" alt=\"\" class=\"wp-image-2152 size-full\"\/><\/figure><div class=\"wp-block-media-text__content\">\n<p><a href=\"https:\/\/inventcad.ro\/ro\/produse\/distribuitor-produse-bervina\/buchse-conice-fara-cheie\/carbon-steel-keyless-locking-devices\/\">Carbon Steel Keyless Locking Devices<\/a><\/p>\n<\/div><\/div>\n\n\n\n<p><\/p>\n","protected":false},"excerpt":{"rendered":"<p>Buc\u0219ele conice Bervina asigur\u0103 o conexiune f\u0103r\u0103 joc la butuci \u0219i arbori care accept\u0103 un cuplu ridicat. Achizi\u021bion\u00e2nd buc\u0219e conice de la Bervina, costul total, incluz\u00e2nd achizi\u021bia, transportul, taxele \u0219i stocarea, este mai mic dec\u00e2t importul din Asia Sunt disponibile produse din o\u021bel inoxidabil \u0219i o\u021bel carbon. Buc\u0219a f\u0103r\u0103 cheie Bervina poate fi utilizat\u0103 la &hellip; <\/p>\n<p class=\"link-more\"><a href=\"https:\/\/inventcad.ro\/ro\/produse\/distribuitor-produse-bervina\/buchse-conice-fara-cheie\/\" class=\"more-link\">Continu\u0103 lectura<span class=\"screen-reader-text\"> \u201eBuch\u0219e conice f\u0103r\u0103 cheie\u201d<\/span><\/a><\/p>\n","protected":false},"author":1,"featured_media":0,"parent":2058,"menu_order":7,"comment_status":"closed","ping_status":"closed","template":"","meta":{"footnotes":""},"class_list":["post-2114","page","type-page","status-publish","hentry"],"yoast_head":"<!-- This site is optimized with the Yoast SEO Premium plugin v27.3 (Yoast SEO v27.3) - https:\/\/yoast.com\/product\/yoast-seo-premium-wordpress\/ -->\n<title>Buch\u0219e conice f\u0103r\u0103 cheie - InventCAD<\/title>\n<meta name=\"robots\" content=\"index, follow, max-snippet:-1, max-image-preview:large, max-video-preview:-1\" \/>\n<link rel=\"canonical\" href=\"https:\/\/inventcad.ro\/ro\/produse\/distribuitor-produse-bervina\/buchse-conice-fara-cheie\/\" \/>\n<meta property=\"og:locale\" content=\"ro_RO\" \/>\n<meta property=\"og:type\" content=\"article\" \/>\n<meta property=\"og:title\" content=\"Buch\u0219e conice f\u0103r\u0103 cheie\" \/>\n<meta property=\"og:description\" content=\"Buc\u0219ele conice Bervina asigur\u0103 o conexiune f\u0103r\u0103 joc la butuci \u0219i arbori care accept\u0103 un cuplu ridicat. Achizi\u021bion\u00e2nd buc\u0219e conice de la Bervina, costul total, incluz\u00e2nd achizi\u021bia, transportul, taxele \u0219i stocarea, este mai mic dec\u00e2t importul din Asia Sunt disponibile produse din o\u021bel inoxidabil \u0219i o\u021bel carbon. Buc\u0219a f\u0103r\u0103 cheie Bervina poate fi utilizat\u0103 la &hellip; Continu\u0103 lectura \u201eBuch\u0219e conice f\u0103r\u0103 cheie\u201d\" \/>\n<meta property=\"og:url\" content=\"https:\/\/inventcad.ro\/ro\/produse\/distribuitor-produse-bervina\/buchse-conice-fara-cheie\/\" \/>\n<meta property=\"og:site_name\" content=\"InventCAD\" \/>\n<meta property=\"article:publisher\" content=\"https:\/\/www.facebook.com\/inventcad\" \/>\n<meta property=\"article:modified_time\" content=\"2025-03-11T12:35:21+00:00\" \/>\n<meta property=\"og:image\" content=\"https:\/\/inventcad.ro\/ro\/wp-content\/uploads\/2025\/03\/stainless-steel-taper-bush-830x498-2.jpg\" \/>\n\t<meta property=\"og:image:width\" content=\"830\" \/>\n\t<meta property=\"og:image:height\" content=\"498\" \/>\n\t<meta property=\"og:image:type\" content=\"image\/jpeg\" \/>\n<meta name=\"twitter:card\" content=\"summary_large_image\" \/>\n<meta name=\"twitter:label1\" content=\"Timp estimat pentru citire\" \/>\n\t<meta name=\"twitter:data1\" content=\"1 minut\" \/>\n<script type=\"application\/ld+json\" class=\"yoast-schema-graph\">{\"@context\":\"https:\\\/\\\/schema.org\",\"@graph\":[{\"@type\":\"WebPage\",\"@id\":\"https:\\\/\\\/inventcad.ro\\\/ro\\\/produse\\\/distribuitor-produse-bervina\\\/buchse-conice-fara-cheie\\\/\",\"url\":\"https:\\\/\\\/inventcad.ro\\\/ro\\\/produse\\\/distribuitor-produse-bervina\\\/buchse-conice-fara-cheie\\\/\",\"name\":\"Buch\u0219e conice f\u0103r\u0103 cheie - InventCAD\",\"isPartOf\":{\"@id\":\"https:\\\/\\\/inventcad.ro\\\/ro\\\/#website\"},\"primaryImageOfPage\":{\"@id\":\"https:\\\/\\\/inventcad.ro\\\/ro\\\/produse\\\/distribuitor-produse-bervina\\\/buchse-conice-fara-cheie\\\/#primaryimage\"},\"image\":{\"@id\":\"https:\\\/\\\/inventcad.ro\\\/ro\\\/produse\\\/distribuitor-produse-bervina\\\/buchse-conice-fara-cheie\\\/#primaryimage\"},\"thumbnailUrl\":\"https:\\\/\\\/inventcad.ro\\\/ro\\\/wp-content\\\/uploads\\\/2025\\\/03\\\/stainless-steel-taper-bush-830x498-2.jpg\",\"datePublished\":\"2025-03-01T15:23:40+00:00\",\"dateModified\":\"2025-03-11T12:35:21+00:00\",\"breadcrumb\":{\"@id\":\"https:\\\/\\\/inventcad.ro\\\/ro\\\/produse\\\/distribuitor-produse-bervina\\\/buchse-conice-fara-cheie\\\/#breadcrumb\"},\"inLanguage\":\"ro-RO\",\"potentialAction\":[{\"@type\":\"ReadAction\",\"target\":[\"https:\\\/\\\/inventcad.ro\\\/ro\\\/produse\\\/distribuitor-produse-bervina\\\/buchse-conice-fara-cheie\\\/\"]}]},{\"@type\":\"ImageObject\",\"inLanguage\":\"ro-RO\",\"@id\":\"https:\\\/\\\/inventcad.ro\\\/ro\\\/produse\\\/distribuitor-produse-bervina\\\/buchse-conice-fara-cheie\\\/#primaryimage\",\"url\":\"https:\\\/\\\/inventcad.ro\\\/ro\\\/wp-content\\\/uploads\\\/2025\\\/03\\\/stainless-steel-taper-bush-830x498-2.jpg\",\"contentUrl\":\"https:\\\/\\\/inventcad.ro\\\/ro\\\/wp-content\\\/uploads\\\/2025\\\/03\\\/stainless-steel-taper-bush-830x498-2.jpg\",\"width\":830,\"height\":498,\"caption\":\"stainless-steel-taper-bush\"},{\"@type\":\"BreadcrumbList\",\"@id\":\"https:\\\/\\\/inventcad.ro\\\/ro\\\/produse\\\/distribuitor-produse-bervina\\\/buchse-conice-fara-cheie\\\/#breadcrumb\",\"itemListElement\":[{\"@type\":\"ListItem\",\"position\":1,\"name\":\"Home\",\"item\":\"https:\\\/\\\/inventcad.ro\\\/ro\\\/\"},{\"@type\":\"ListItem\",\"position\":2,\"name\":\"Produse\",\"item\":\"https:\\\/\\\/inventcad.ro\\\/ro\\\/produse\\\/\"},{\"@type\":\"ListItem\",\"position\":3,\"name\":\"Distribuitor produse BERVINA\",\"item\":\"https:\\\/\\\/inventcad.ro\\\/ro\\\/produse\\\/distribuitor-produse-bervina\\\/\"},{\"@type\":\"ListItem\",\"position\":4,\"name\":\"Buch\u0219e conice f\u0103r\u0103 cheie\"}]},{\"@type\":\"WebSite\",\"@id\":\"https:\\\/\\\/inventcad.ro\\\/ro\\\/#website\",\"url\":\"https:\\\/\\\/inventcad.ro\\\/ro\\\/\",\"name\":\"InventCAD\",\"description\":\"Proiectare mecanic\u0103, automatiz\u0103ri industriale\",\"publisher\":{\"@id\":\"https:\\\/\\\/inventcad.ro\\\/ro\\\/#organization\"},\"potentialAction\":[{\"@type\":\"SearchAction\",\"target\":{\"@type\":\"EntryPoint\",\"urlTemplate\":\"https:\\\/\\\/inventcad.ro\\\/ro\\\/?s={search_term_string}\"},\"query-input\":{\"@type\":\"PropertyValueSpecification\",\"valueRequired\":true,\"valueName\":\"search_term_string\"}}],\"inLanguage\":\"ro-RO\"},{\"@type\":\"Organization\",\"@id\":\"https:\\\/\\\/inventcad.ro\\\/ro\\\/#organization\",\"name\":\"InventCAD\",\"url\":\"https:\\\/\\\/inventcad.ro\\\/ro\\\/\",\"logo\":{\"@type\":\"ImageObject\",\"inLanguage\":\"ro-RO\",\"@id\":\"https:\\\/\\\/inventcad.ro\\\/ro\\\/#\\\/schema\\\/logo\\\/image\\\/\",\"url\":\"https:\\\/\\\/inventcad.ro\\\/ro\\\/wp-content\\\/uploads\\\/2020\\\/11\\\/inventcad-logo.png\",\"contentUrl\":\"https:\\\/\\\/inventcad.ro\\\/ro\\\/wp-content\\\/uploads\\\/2020\\\/11\\\/inventcad-logo.png\",\"width\":1653,\"height\":250,\"caption\":\"InventCAD\"},\"image\":{\"@id\":\"https:\\\/\\\/inventcad.ro\\\/ro\\\/#\\\/schema\\\/logo\\\/image\\\/\"},\"sameAs\":[\"https:\\\/\\\/www.facebook.com\\\/inventcad\",\"https:\\\/\\\/www.linkedin.com\\\/company\\\/inventcad\\\/\",\"https:\\\/\\\/www.youtube.com\\\/user\\\/InventCAD\"],\"description\":\"Mechanical design, industrial automation, and engineering services.\",\"email\":\"office@inventcad.ro\",\"legalName\":\"InventCAD SRL\",\"foundingDate\":\"2003-03-10\",\"vatID\":\"RO15368893\",\"numberOfEmployees\":{\"@type\":\"QuantitativeValue\",\"minValue\":\"1\",\"maxValue\":\"10\"}}]}<\/script>\n<!-- \/ Yoast SEO Premium plugin. -->","yoast_head_json":{"title":"Buch\u0219e conice f\u0103r\u0103 cheie - InventCAD","robots":{"index":"index","follow":"follow","max-snippet":"max-snippet:-1","max-image-preview":"max-image-preview:large","max-video-preview":"max-video-preview:-1"},"canonical":"https:\/\/inventcad.ro\/ro\/produse\/distribuitor-produse-bervina\/buchse-conice-fara-cheie\/","og_locale":"ro_RO","og_type":"article","og_title":"Buch\u0219e conice f\u0103r\u0103 cheie","og_description":"Buc\u0219ele conice Bervina asigur\u0103 o conexiune f\u0103r\u0103 joc la butuci \u0219i arbori care accept\u0103 un cuplu ridicat. Achizi\u021bion\u00e2nd buc\u0219e conice de la Bervina, costul total, incluz\u00e2nd achizi\u021bia, transportul, taxele \u0219i stocarea, este mai mic dec\u00e2t importul din Asia Sunt disponibile produse din o\u021bel inoxidabil \u0219i o\u021bel carbon. Buc\u0219a f\u0103r\u0103 cheie Bervina poate fi utilizat\u0103 la &hellip; Continu\u0103 lectura \u201eBuch\u0219e conice f\u0103r\u0103 cheie\u201d","og_url":"https:\/\/inventcad.ro\/ro\/produse\/distribuitor-produse-bervina\/buchse-conice-fara-cheie\/","og_site_name":"InventCAD","article_publisher":"https:\/\/www.facebook.com\/inventcad","article_modified_time":"2025-03-11T12:35:21+00:00","og_image":[{"width":830,"height":498,"url":"https:\/\/inventcad.ro\/ro\/wp-content\/uploads\/2025\/03\/stainless-steel-taper-bush-830x498-2.jpg","type":"image\/jpeg"}],"twitter_card":"summary_large_image","twitter_misc":{"Timp estimat pentru citire":"1 minut"},"schema":{"@context":"https:\/\/schema.org","@graph":[{"@type":"WebPage","@id":"https:\/\/inventcad.ro\/ro\/produse\/distribuitor-produse-bervina\/buchse-conice-fara-cheie\/","url":"https:\/\/inventcad.ro\/ro\/produse\/distribuitor-produse-bervina\/buchse-conice-fara-cheie\/","name":"Buch\u0219e conice f\u0103r\u0103 cheie - InventCAD","isPartOf":{"@id":"https:\/\/inventcad.ro\/ro\/#website"},"primaryImageOfPage":{"@id":"https:\/\/inventcad.ro\/ro\/produse\/distribuitor-produse-bervina\/buchse-conice-fara-cheie\/#primaryimage"},"image":{"@id":"https:\/\/inventcad.ro\/ro\/produse\/distribuitor-produse-bervina\/buchse-conice-fara-cheie\/#primaryimage"},"thumbnailUrl":"https:\/\/inventcad.ro\/ro\/wp-content\/uploads\/2025\/03\/stainless-steel-taper-bush-830x498-2.jpg","datePublished":"2025-03-01T15:23:40+00:00","dateModified":"2025-03-11T12:35:21+00:00","breadcrumb":{"@id":"https:\/\/inventcad.ro\/ro\/produse\/distribuitor-produse-bervina\/buchse-conice-fara-cheie\/#breadcrumb"},"inLanguage":"ro-RO","potentialAction":[{"@type":"ReadAction","target":["https:\/\/inventcad.ro\/ro\/produse\/distribuitor-produse-bervina\/buchse-conice-fara-cheie\/"]}]},{"@type":"ImageObject","inLanguage":"ro-RO","@id":"https:\/\/inventcad.ro\/ro\/produse\/distribuitor-produse-bervina\/buchse-conice-fara-cheie\/#primaryimage","url":"https:\/\/inventcad.ro\/ro\/wp-content\/uploads\/2025\/03\/stainless-steel-taper-bush-830x498-2.jpg","contentUrl":"https:\/\/inventcad.ro\/ro\/wp-content\/uploads\/2025\/03\/stainless-steel-taper-bush-830x498-2.jpg","width":830,"height":498,"caption":"stainless-steel-taper-bush"},{"@type":"BreadcrumbList","@id":"https:\/\/inventcad.ro\/ro\/produse\/distribuitor-produse-bervina\/buchse-conice-fara-cheie\/#breadcrumb","itemListElement":[{"@type":"ListItem","position":1,"name":"Home","item":"https:\/\/inventcad.ro\/ro\/"},{"@type":"ListItem","position":2,"name":"Produse","item":"https:\/\/inventcad.ro\/ro\/produse\/"},{"@type":"ListItem","position":3,"name":"Distribuitor produse BERVINA","item":"https:\/\/inventcad.ro\/ro\/produse\/distribuitor-produse-bervina\/"},{"@type":"ListItem","position":4,"name":"Buch\u0219e conice f\u0103r\u0103 cheie"}]},{"@type":"WebSite","@id":"https:\/\/inventcad.ro\/ro\/#website","url":"https:\/\/inventcad.ro\/ro\/","name":"InventCAD","description":"Proiectare mecanic\u0103, automatiz\u0103ri industriale","publisher":{"@id":"https:\/\/inventcad.ro\/ro\/#organization"},"potentialAction":[{"@type":"SearchAction","target":{"@type":"EntryPoint","urlTemplate":"https:\/\/inventcad.ro\/ro\/?s={search_term_string}"},"query-input":{"@type":"PropertyValueSpecification","valueRequired":true,"valueName":"search_term_string"}}],"inLanguage":"ro-RO"},{"@type":"Organization","@id":"https:\/\/inventcad.ro\/ro\/#organization","name":"InventCAD","url":"https:\/\/inventcad.ro\/ro\/","logo":{"@type":"ImageObject","inLanguage":"ro-RO","@id":"https:\/\/inventcad.ro\/ro\/#\/schema\/logo\/image\/","url":"https:\/\/inventcad.ro\/ro\/wp-content\/uploads\/2020\/11\/inventcad-logo.png","contentUrl":"https:\/\/inventcad.ro\/ro\/wp-content\/uploads\/2020\/11\/inventcad-logo.png","width":1653,"height":250,"caption":"InventCAD"},"image":{"@id":"https:\/\/inventcad.ro\/ro\/#\/schema\/logo\/image\/"},"sameAs":["https:\/\/www.facebook.com\/inventcad","https:\/\/www.linkedin.com\/company\/inventcad\/","https:\/\/www.youtube.com\/user\/InventCAD"],"description":"Mechanical design, industrial automation, and engineering services.","email":"office@inventcad.ro","legalName":"InventCAD SRL","foundingDate":"2003-03-10","vatID":"RO15368893","numberOfEmployees":{"@type":"QuantitativeValue","minValue":"1","maxValue":"10"}}]}},"_links":{"self":[{"href":"https:\/\/inventcad.ro\/ro\/wp-json\/wp\/v2\/pages\/2114","targetHints":{"allow":["GET"]}}],"collection":[{"href":"https:\/\/inventcad.ro\/ro\/wp-json\/wp\/v2\/pages"}],"about":[{"href":"https:\/\/inventcad.ro\/ro\/wp-json\/wp\/v2\/types\/page"}],"author":[{"embeddable":true,"href":"https:\/\/inventcad.ro\/ro\/wp-json\/wp\/v2\/users\/1"}],"replies":[{"embeddable":true,"href":"https:\/\/inventcad.ro\/ro\/wp-json\/wp\/v2\/comments?post=2114"}],"version-history":[{"count":8,"href":"https:\/\/inventcad.ro\/ro\/wp-json\/wp\/v2\/pages\/2114\/revisions"}],"predecessor-version":[{"id":2384,"href":"https:\/\/inventcad.ro\/ro\/wp-json\/wp\/v2\/pages\/2114\/revisions\/2384"}],"up":[{"embeddable":true,"href":"https:\/\/inventcad.ro\/ro\/wp-json\/wp\/v2\/pages\/2058"}],"wp:attachment":[{"href":"https:\/\/inventcad.ro\/ro\/wp-json\/wp\/v2\/media?parent=2114"}],"curies":[{"name":"wp","href":"https:\/\/api.w.org\/{rel}","templated":true}]}}