{"id":2107,"date":"2025-03-01T12:07:44","date_gmt":"2025-03-01T10:07:44","guid":{"rendered":"https:\/\/inventcad.ro\/ro\/?page_id=2107"},"modified":"2025-03-11T19:59:20","modified_gmt":"2025-03-11T17:59:20","slug":"curele-de-distributie","status":"publish","type":"page","link":"https:\/\/inventcad.ro\/ro\/produse\/distribuitor-produse-bervina\/curele-de-distributie\/","title":{"rendered":"Curele de distributie"},"content":{"rendered":"\n<p>Produsele noastre sunt utilizate \u00een utilaje pentru ambalaje, industria alimentare, a h\u00e2rtiei, proces\u0103rii cablurilor, industriilor farmaceutice. Oferim curele cu diferite suporturi, cum ar fi poliuretan, silicon, Linatex, cauciuc pentru a atinge rezisten\u021ba \u0219i grosimea necesar\u0103 la abraziune.<\/p>\n\n\n\n<p>Toate suporturile pot fi modificate mecanic de ma\u0219inile noastre CNC \u00een func\u021bie de cerin\u021bele dumneavoastr\u0103. Op\u021biunile de prelucrare sunt \u0219lefuirea, frezarea, g\u0103urile de vid, canelurile. De asemenea, pute\u021bi alege dintre \u0219nururi de \u00eent\u0103rire precum o\u021bel inoxidabil, o\u021bel, kevlar, fibr\u0103 de sticl\u0103, poliester.<\/p>\n\n\n\n<div class=\"wp-block-buttons is-layout-flex wp-block-buttons-is-layout-flex\">\n<div class=\"wp-block-button has-custom-width wp-block-button__width-100\"><a class=\"wp-block-button__link wp-element-button\" href=\"mailto:office@inventcad.com?subject=Cerere oferta produse BERVINA&amp;body=Bun\u0103 ziua,%0D%0A%0D%0AV\u0103 rog frumos s\u0103 ne trimite\u021bi ofert\u0103 pentru urm\u0103toarele produse:%0D%0A%0D%0Acurele de distribu\u021bie%20-%20xxx%0Acuplaje miniaturale%20-%20%20xxx%20xxx%0D%0Abuc\u0219e f\u0103r\u0103 cheie%20-%20%20xxx%20xxx%0D%0A%0D%0ACu stim\u0103,%0D%0A%0D%0A\" target=\"_blank\" rel=\" noreferrer noopener nofollow\">Comand\u0103 sau cere informa\u021bii<\/a><\/div>\n<\/div>\n\n\n\n<p><\/p>\n\n\n\n<div class=\"wp-block-media-text is-stacked-on-mobile\" style=\"grid-template-columns:20% auto\"><figure class=\"wp-block-media-text__media\"><img loading=\"lazy\" decoding=\"async\" width=\"256\" height=\"128\" src=\"https:\/\/inventcad.ro\/ro\/wp-content\/uploads\/2025\/03\/vffs-polyurethane-timing-belt-with-silicone-cover-ortw.jpg\" alt=\"\" class=\"wp-image-2103 size-full\"\/><\/figure><div class=\"wp-block-media-text__content\">\n<p><a href=\"https:\/\/inventcad.ro\/ro\/produse\/distribuitor-produse-bervina\/curele-de-distributie\/curele-de-distributie-vffs\/\">Curele de distribu\u021bie VFFS<\/a><\/p>\n<\/div><\/div>\n\n\n\n<div class=\"wp-block-media-text is-stacked-on-mobile\" style=\"grid-template-columns:20% auto\"><figure class=\"wp-block-media-text__media\"><img loading=\"lazy\" decoding=\"async\" width=\"1000\" height=\"600\" src=\"https:\/\/inventcad.ro\/ro\/wp-content\/uploads\/2025\/03\/one-layer-sausage-belt.jpg\" alt=\"\" class=\"wp-image-2123 size-full\" srcset=\"https:\/\/inventcad.ro\/ro\/wp-content\/uploads\/2025\/03\/one-layer-sausage-belt.jpg 1000w, https:\/\/inventcad.ro\/ro\/wp-content\/uploads\/2025\/03\/one-layer-sausage-belt-300x180.jpg 300w, https:\/\/inventcad.ro\/ro\/wp-content\/uploads\/2025\/03\/one-layer-sausage-belt-768x461.jpg 768w\" sizes=\"auto, (max-width: 767px) 89vw, (max-width: 1000px) 54vw, (max-width: 1071px) 543px, 580px\" \/><\/figure><div class=\"wp-block-media-text__content\">\n<p><a href=\"https:\/\/inventcad.ro\/ro\/produse\/distribuitor-produse-bervina\/curele-de-distributie\/curele-de-distributie-fda\/\">Curele de distribu\u021bie FDA<\/a><\/p>\n<\/div><\/div>\n\n\n\n<div class=\"wp-block-media-text is-stacked-on-mobile\" style=\"grid-template-columns:20% auto\"><figure class=\"wp-block-media-text__media\"><img loading=\"lazy\" decoding=\"async\" width=\"800\" height=\"400\" src=\"https:\/\/inventcad.ro\/ro\/wp-content\/uploads\/2025\/03\/double-molded-pu-timing-belt-ortw.jpg\" alt=\"\" class=\"wp-image-2122 size-full\" srcset=\"https:\/\/inventcad.ro\/ro\/wp-content\/uploads\/2025\/03\/double-molded-pu-timing-belt-ortw.jpg 800w, https:\/\/inventcad.ro\/ro\/wp-content\/uploads\/2025\/03\/double-molded-pu-timing-belt-ortw-300x150.jpg 300w, https:\/\/inventcad.ro\/ro\/wp-content\/uploads\/2025\/03\/double-molded-pu-timing-belt-ortw-768x384.jpg 768w\" sizes=\"auto, (max-width: 767px) 89vw, (max-width: 1000px) 54vw, (max-width: 1071px) 543px, 580px\" \/><\/figure><div class=\"wp-block-media-text__content\">\n<p><a href=\"https:\/\/inventcad.ro\/ro\/produse\/distribuitor-produse-bervina\/curele-de-distributie\/curele-de-distributie-din-poliuretan-turnate\/\">Curele de distribu\u021bie din PU turnate<\/a><\/p>\n<\/div><\/div>\n\n\n\n<div class=\"wp-block-media-text is-stacked-on-mobile\" style=\"grid-template-columns:20% auto\"><figure class=\"wp-block-media-text__media\"><img loading=\"lazy\" decoding=\"async\" width=\"256\" height=\"128\" src=\"https:\/\/inventcad.ro\/ro\/wp-content\/uploads\/2025\/03\/heat-restant-polyurethane-timing-belt-up-to-100-c-ortw.jpg\" alt=\"\" class=\"wp-image-2124 size-full\"\/><\/figure><div class=\"wp-block-media-text__content\">\n<p><a href=\"https:\/\/inventcad.ro\/ro\/produse\/distribuitor-produse-bervina\/curele-de-distributie\/curele-de-distributie-rezistente-la-temperatura\/\">Curele de distribu\u021bie rezistente la temperatur\u0103<\/a><\/p>\n<\/div><\/div>\n\n\n\n<div class=\"wp-block-media-text is-stacked-on-mobile\" style=\"grid-template-columns:20% auto\"><figure class=\"wp-block-media-text__media\"><img loading=\"lazy\" decoding=\"async\" width=\"1024\" height=\"531\" src=\"https:\/\/inventcad.ro\/ro\/wp-content\/uploads\/2025\/03\/Lapatos-szij-2_s-1024x531-1.jpg\" alt=\"\" class=\"wp-image-2126 size-full\" srcset=\"https:\/\/inventcad.ro\/ro\/wp-content\/uploads\/2025\/03\/Lapatos-szij-2_s-1024x531-1.jpg 1024w, https:\/\/inventcad.ro\/ro\/wp-content\/uploads\/2025\/03\/Lapatos-szij-2_s-1024x531-1-300x156.jpg 300w, https:\/\/inventcad.ro\/ro\/wp-content\/uploads\/2025\/03\/Lapatos-szij-2_s-1024x531-1-768x398.jpg 768w\" sizes=\"auto, (max-width: 767px) 89vw, (max-width: 1000px) 54vw, (max-width: 1071px) 543px, 580px\" \/><\/figure><div class=\"wp-block-media-text__content\">\n<p><a href=\"https:\/\/inventcad.ro\/ro\/produse\/distribuitor-produse-bervina\/curele-de-distributie\/curele-de-distributie-speciale\/\">Curele de distribu\u021bie personalizate<\/a><\/p>\n<\/div><\/div>\n\n\n\n<p><\/p>\n","protected":false},"excerpt":{"rendered":"<p>Produsele noastre sunt utilizate \u00een utilaje pentru ambalaje, industria alimentare, a h\u00e2rtiei, proces\u0103rii cablurilor, industriilor farmaceutice. Oferim curele cu diferite suporturi, cum ar fi poliuretan, silicon, Linatex, cauciuc pentru a atinge rezisten\u021ba \u0219i grosimea necesar\u0103 la abraziune. Toate suporturile pot fi modificate mecanic de ma\u0219inile noastre CNC \u00een func\u021bie de cerin\u021bele dumneavoastr\u0103. Op\u021biunile de prelucrare &hellip; <\/p>\n<p class=\"link-more\"><a href=\"https:\/\/inventcad.ro\/ro\/produse\/distribuitor-produse-bervina\/curele-de-distributie\/\" class=\"more-link\">Continu\u0103 lectura<span class=\"screen-reader-text\"> \u201eCurele de distributie\u201d<\/span><\/a><\/p>\n","protected":false},"author":1,"featured_media":0,"parent":2058,"menu_order":7,"comment_status":"closed","ping_status":"closed","template":"","meta":{"footnotes":""},"class_list":["post-2107","page","type-page","status-publish","hentry"],"yoast_head":"<!-- This site is optimized with the Yoast SEO Premium plugin v27.3 (Yoast SEO v27.3) - https:\/\/yoast.com\/product\/yoast-seo-premium-wordpress\/ -->\n<title>Curele de distributie - InventCAD<\/title>\n<meta name=\"robots\" content=\"index, follow, max-snippet:-1, max-image-preview:large, max-video-preview:-1\" \/>\n<link rel=\"canonical\" href=\"https:\/\/inventcad.ro\/ro\/produse\/distribuitor-produse-bervina\/curele-de-distributie\/\" \/>\n<meta property=\"og:locale\" content=\"ro_RO\" \/>\n<meta property=\"og:type\" content=\"article\" \/>\n<meta property=\"og:title\" content=\"Curele de distributie\" \/>\n<meta property=\"og:description\" content=\"Produsele noastre sunt utilizate \u00een utilaje pentru ambalaje, industria alimentare, a h\u00e2rtiei, proces\u0103rii cablurilor, industriilor farmaceutice. Oferim curele cu diferite suporturi, cum ar fi poliuretan, silicon, Linatex, cauciuc pentru a atinge rezisten\u021ba \u0219i grosimea necesar\u0103 la abraziune. Toate suporturile pot fi modificate mecanic de ma\u0219inile noastre CNC \u00een func\u021bie de cerin\u021bele dumneavoastr\u0103. Op\u021biunile de prelucrare &hellip; Continu\u0103 lectura \u201eCurele de distributie\u201d\" \/>\n<meta property=\"og:url\" content=\"https:\/\/inventcad.ro\/ro\/produse\/distribuitor-produse-bervina\/curele-de-distributie\/\" \/>\n<meta property=\"og:site_name\" content=\"InventCAD\" \/>\n<meta property=\"article:publisher\" content=\"https:\/\/www.facebook.com\/inventcad\" \/>\n<meta property=\"article:modified_time\" content=\"2025-03-11T17:59:20+00:00\" \/>\n<meta property=\"og:image\" content=\"https:\/\/inventcad.ro\/ro\/wp-content\/uploads\/2025\/03\/vffs-polyurethane-timing-belt-with-silicone-cover-ortw.jpg\" \/>\n\t<meta property=\"og:image:width\" content=\"256\" \/>\n\t<meta property=\"og:image:height\" content=\"128\" \/>\n\t<meta property=\"og:image:type\" content=\"image\/jpeg\" \/>\n<meta name=\"twitter:card\" content=\"summary_large_image\" \/>\n<meta name=\"twitter:label1\" content=\"Timp estimat pentru citire\" \/>\n\t<meta name=\"twitter:data1\" content=\"2 minute\" \/>\n<script type=\"application\/ld+json\" class=\"yoast-schema-graph\">{\"@context\":\"https:\\\/\\\/schema.org\",\"@graph\":[{\"@type\":\"WebPage\",\"@id\":\"https:\\\/\\\/inventcad.ro\\\/ro\\\/produse\\\/distribuitor-produse-bervina\\\/curele-de-distributie\\\/\",\"url\":\"https:\\\/\\\/inventcad.ro\\\/ro\\\/produse\\\/distribuitor-produse-bervina\\\/curele-de-distributie\\\/\",\"name\":\"Curele de distributie - InventCAD\",\"isPartOf\":{\"@id\":\"https:\\\/\\\/inventcad.ro\\\/ro\\\/#website\"},\"primaryImageOfPage\":{\"@id\":\"https:\\\/\\\/inventcad.ro\\\/ro\\\/produse\\\/distribuitor-produse-bervina\\\/curele-de-distributie\\\/#primaryimage\"},\"image\":{\"@id\":\"https:\\\/\\\/inventcad.ro\\\/ro\\\/produse\\\/distribuitor-produse-bervina\\\/curele-de-distributie\\\/#primaryimage\"},\"thumbnailUrl\":\"https:\\\/\\\/inventcad.ro\\\/ro\\\/wp-content\\\/uploads\\\/2025\\\/03\\\/vffs-polyurethane-timing-belt-with-silicone-cover-ortw.jpg\",\"datePublished\":\"2025-03-01T10:07:44+00:00\",\"dateModified\":\"2025-03-11T17:59:20+00:00\",\"breadcrumb\":{\"@id\":\"https:\\\/\\\/inventcad.ro\\\/ro\\\/produse\\\/distribuitor-produse-bervina\\\/curele-de-distributie\\\/#breadcrumb\"},\"inLanguage\":\"ro-RO\",\"potentialAction\":[{\"@type\":\"ReadAction\",\"target\":[\"https:\\\/\\\/inventcad.ro\\\/ro\\\/produse\\\/distribuitor-produse-bervina\\\/curele-de-distributie\\\/\"]}]},{\"@type\":\"ImageObject\",\"inLanguage\":\"ro-RO\",\"@id\":\"https:\\\/\\\/inventcad.ro\\\/ro\\\/produse\\\/distribuitor-produse-bervina\\\/curele-de-distributie\\\/#primaryimage\",\"url\":\"https:\\\/\\\/inventcad.ro\\\/ro\\\/wp-content\\\/uploads\\\/2025\\\/03\\\/vffs-polyurethane-timing-belt-with-silicone-cover-ortw.jpg\",\"contentUrl\":\"https:\\\/\\\/inventcad.ro\\\/ro\\\/wp-content\\\/uploads\\\/2025\\\/03\\\/vffs-polyurethane-timing-belt-with-silicone-cover-ortw.jpg\",\"width\":256,\"height\":128},{\"@type\":\"BreadcrumbList\",\"@id\":\"https:\\\/\\\/inventcad.ro\\\/ro\\\/produse\\\/distribuitor-produse-bervina\\\/curele-de-distributie\\\/#breadcrumb\",\"itemListElement\":[{\"@type\":\"ListItem\",\"position\":1,\"name\":\"Home\",\"item\":\"https:\\\/\\\/inventcad.ro\\\/ro\\\/\"},{\"@type\":\"ListItem\",\"position\":2,\"name\":\"Produse\",\"item\":\"https:\\\/\\\/inventcad.ro\\\/ro\\\/produse\\\/\"},{\"@type\":\"ListItem\",\"position\":3,\"name\":\"Distribuitor produse BERVINA\",\"item\":\"https:\\\/\\\/inventcad.ro\\\/ro\\\/produse\\\/distribuitor-produse-bervina\\\/\"},{\"@type\":\"ListItem\",\"position\":4,\"name\":\"Curele de distributie\"}]},{\"@type\":\"WebSite\",\"@id\":\"https:\\\/\\\/inventcad.ro\\\/ro\\\/#website\",\"url\":\"https:\\\/\\\/inventcad.ro\\\/ro\\\/\",\"name\":\"InventCAD\",\"description\":\"Proiectare mecanic\u0103, automatiz\u0103ri industriale\",\"publisher\":{\"@id\":\"https:\\\/\\\/inventcad.ro\\\/ro\\\/#organization\"},\"potentialAction\":[{\"@type\":\"SearchAction\",\"target\":{\"@type\":\"EntryPoint\",\"urlTemplate\":\"https:\\\/\\\/inventcad.ro\\\/ro\\\/?s={search_term_string}\"},\"query-input\":{\"@type\":\"PropertyValueSpecification\",\"valueRequired\":true,\"valueName\":\"search_term_string\"}}],\"inLanguage\":\"ro-RO\"},{\"@type\":\"Organization\",\"@id\":\"https:\\\/\\\/inventcad.ro\\\/ro\\\/#organization\",\"name\":\"InventCAD\",\"url\":\"https:\\\/\\\/inventcad.ro\\\/ro\\\/\",\"logo\":{\"@type\":\"ImageObject\",\"inLanguage\":\"ro-RO\",\"@id\":\"https:\\\/\\\/inventcad.ro\\\/ro\\\/#\\\/schema\\\/logo\\\/image\\\/\",\"url\":\"https:\\\/\\\/inventcad.ro\\\/ro\\\/wp-content\\\/uploads\\\/2020\\\/11\\\/inventcad-logo.png\",\"contentUrl\":\"https:\\\/\\\/inventcad.ro\\\/ro\\\/wp-content\\\/uploads\\\/2020\\\/11\\\/inventcad-logo.png\",\"width\":1653,\"height\":250,\"caption\":\"InventCAD\"},\"image\":{\"@id\":\"https:\\\/\\\/inventcad.ro\\\/ro\\\/#\\\/schema\\\/logo\\\/image\\\/\"},\"sameAs\":[\"https:\\\/\\\/www.facebook.com\\\/inventcad\",\"https:\\\/\\\/www.linkedin.com\\\/company\\\/inventcad\\\/\",\"https:\\\/\\\/www.youtube.com\\\/user\\\/InventCAD\"],\"description\":\"Mechanical design, industrial automation, and engineering services.\",\"email\":\"office@inventcad.ro\",\"legalName\":\"InventCAD SRL\",\"foundingDate\":\"2003-03-10\",\"vatID\":\"RO15368893\",\"numberOfEmployees\":{\"@type\":\"QuantitativeValue\",\"minValue\":\"1\",\"maxValue\":\"10\"}}]}<\/script>\n<!-- \/ Yoast SEO Premium plugin. -->","yoast_head_json":{"title":"Curele de distributie - InventCAD","robots":{"index":"index","follow":"follow","max-snippet":"max-snippet:-1","max-image-preview":"max-image-preview:large","max-video-preview":"max-video-preview:-1"},"canonical":"https:\/\/inventcad.ro\/ro\/produse\/distribuitor-produse-bervina\/curele-de-distributie\/","og_locale":"ro_RO","og_type":"article","og_title":"Curele de distributie","og_description":"Produsele noastre sunt utilizate \u00een utilaje pentru ambalaje, industria alimentare, a h\u00e2rtiei, proces\u0103rii cablurilor, industriilor farmaceutice. Oferim curele cu diferite suporturi, cum ar fi poliuretan, silicon, Linatex, cauciuc pentru a atinge rezisten\u021ba \u0219i grosimea necesar\u0103 la abraziune. Toate suporturile pot fi modificate mecanic de ma\u0219inile noastre CNC \u00een func\u021bie de cerin\u021bele dumneavoastr\u0103. Op\u021biunile de prelucrare &hellip; Continu\u0103 lectura \u201eCurele de distributie\u201d","og_url":"https:\/\/inventcad.ro\/ro\/produse\/distribuitor-produse-bervina\/curele-de-distributie\/","og_site_name":"InventCAD","article_publisher":"https:\/\/www.facebook.com\/inventcad","article_modified_time":"2025-03-11T17:59:20+00:00","og_image":[{"width":256,"height":128,"url":"https:\/\/inventcad.ro\/ro\/wp-content\/uploads\/2025\/03\/vffs-polyurethane-timing-belt-with-silicone-cover-ortw.jpg","type":"image\/jpeg"}],"twitter_card":"summary_large_image","twitter_misc":{"Timp estimat pentru citire":"2 minute"},"schema":{"@context":"https:\/\/schema.org","@graph":[{"@type":"WebPage","@id":"https:\/\/inventcad.ro\/ro\/produse\/distribuitor-produse-bervina\/curele-de-distributie\/","url":"https:\/\/inventcad.ro\/ro\/produse\/distribuitor-produse-bervina\/curele-de-distributie\/","name":"Curele de distributie - InventCAD","isPartOf":{"@id":"https:\/\/inventcad.ro\/ro\/#website"},"primaryImageOfPage":{"@id":"https:\/\/inventcad.ro\/ro\/produse\/distribuitor-produse-bervina\/curele-de-distributie\/#primaryimage"},"image":{"@id":"https:\/\/inventcad.ro\/ro\/produse\/distribuitor-produse-bervina\/curele-de-distributie\/#primaryimage"},"thumbnailUrl":"https:\/\/inventcad.ro\/ro\/wp-content\/uploads\/2025\/03\/vffs-polyurethane-timing-belt-with-silicone-cover-ortw.jpg","datePublished":"2025-03-01T10:07:44+00:00","dateModified":"2025-03-11T17:59:20+00:00","breadcrumb":{"@id":"https:\/\/inventcad.ro\/ro\/produse\/distribuitor-produse-bervina\/curele-de-distributie\/#breadcrumb"},"inLanguage":"ro-RO","potentialAction":[{"@type":"ReadAction","target":["https:\/\/inventcad.ro\/ro\/produse\/distribuitor-produse-bervina\/curele-de-distributie\/"]}]},{"@type":"ImageObject","inLanguage":"ro-RO","@id":"https:\/\/inventcad.ro\/ro\/produse\/distribuitor-produse-bervina\/curele-de-distributie\/#primaryimage","url":"https:\/\/inventcad.ro\/ro\/wp-content\/uploads\/2025\/03\/vffs-polyurethane-timing-belt-with-silicone-cover-ortw.jpg","contentUrl":"https:\/\/inventcad.ro\/ro\/wp-content\/uploads\/2025\/03\/vffs-polyurethane-timing-belt-with-silicone-cover-ortw.jpg","width":256,"height":128},{"@type":"BreadcrumbList","@id":"https:\/\/inventcad.ro\/ro\/produse\/distribuitor-produse-bervina\/curele-de-distributie\/#breadcrumb","itemListElement":[{"@type":"ListItem","position":1,"name":"Home","item":"https:\/\/inventcad.ro\/ro\/"},{"@type":"ListItem","position":2,"name":"Produse","item":"https:\/\/inventcad.ro\/ro\/produse\/"},{"@type":"ListItem","position":3,"name":"Distribuitor produse BERVINA","item":"https:\/\/inventcad.ro\/ro\/produse\/distribuitor-produse-bervina\/"},{"@type":"ListItem","position":4,"name":"Curele de distributie"}]},{"@type":"WebSite","@id":"https:\/\/inventcad.ro\/ro\/#website","url":"https:\/\/inventcad.ro\/ro\/","name":"InventCAD","description":"Proiectare mecanic\u0103, automatiz\u0103ri industriale","publisher":{"@id":"https:\/\/inventcad.ro\/ro\/#organization"},"potentialAction":[{"@type":"SearchAction","target":{"@type":"EntryPoint","urlTemplate":"https:\/\/inventcad.ro\/ro\/?s={search_term_string}"},"query-input":{"@type":"PropertyValueSpecification","valueRequired":true,"valueName":"search_term_string"}}],"inLanguage":"ro-RO"},{"@type":"Organization","@id":"https:\/\/inventcad.ro\/ro\/#organization","name":"InventCAD","url":"https:\/\/inventcad.ro\/ro\/","logo":{"@type":"ImageObject","inLanguage":"ro-RO","@id":"https:\/\/inventcad.ro\/ro\/#\/schema\/logo\/image\/","url":"https:\/\/inventcad.ro\/ro\/wp-content\/uploads\/2020\/11\/inventcad-logo.png","contentUrl":"https:\/\/inventcad.ro\/ro\/wp-content\/uploads\/2020\/11\/inventcad-logo.png","width":1653,"height":250,"caption":"InventCAD"},"image":{"@id":"https:\/\/inventcad.ro\/ro\/#\/schema\/logo\/image\/"},"sameAs":["https:\/\/www.facebook.com\/inventcad","https:\/\/www.linkedin.com\/company\/inventcad\/","https:\/\/www.youtube.com\/user\/InventCAD"],"description":"Mechanical design, industrial automation, and engineering services.","email":"office@inventcad.ro","legalName":"InventCAD SRL","foundingDate":"2003-03-10","vatID":"RO15368893","numberOfEmployees":{"@type":"QuantitativeValue","minValue":"1","maxValue":"10"}}]}},"_links":{"self":[{"href":"https:\/\/inventcad.ro\/ro\/wp-json\/wp\/v2\/pages\/2107","targetHints":{"allow":["GET"]}}],"collection":[{"href":"https:\/\/inventcad.ro\/ro\/wp-json\/wp\/v2\/pages"}],"about":[{"href":"https:\/\/inventcad.ro\/ro\/wp-json\/wp\/v2\/types\/page"}],"author":[{"embeddable":true,"href":"https:\/\/inventcad.ro\/ro\/wp-json\/wp\/v2\/users\/1"}],"replies":[{"embeddable":true,"href":"https:\/\/inventcad.ro\/ro\/wp-json\/wp\/v2\/comments?post=2107"}],"version-history":[{"count":14,"href":"https:\/\/inventcad.ro\/ro\/wp-json\/wp\/v2\/pages\/2107\/revisions"}],"predecessor-version":[{"id":2507,"href":"https:\/\/inventcad.ro\/ro\/wp-json\/wp\/v2\/pages\/2107\/revisions\/2507"}],"up":[{"embeddable":true,"href":"https:\/\/inventcad.ro\/ro\/wp-json\/wp\/v2\/pages\/2058"}],"wp:attachment":[{"href":"https:\/\/inventcad.ro\/ro\/wp-json\/wp\/v2\/media?parent=2107"}],"curies":[{"name":"wp","href":"https:\/\/api.w.org\/{rel}","templated":true}]}}