{"id":2101,"date":"2025-03-11T13:53:03","date_gmt":"2025-03-11T11:53:03","guid":{"rendered":"https:\/\/inventcad.ro\/ro\/?page_id=2101"},"modified":"2025-03-11T20:04:13","modified_gmt":"2025-03-11T18:04:13","slug":"curele-de-distributie-rezistente-la-temperatura","status":"publish","type":"page","link":"https:\/\/inventcad.ro\/ro\/produse\/distribuitor-produse-bervina\/curele-de-distributie\/curele-de-distributie-rezistente-la-temperatura\/","title":{"rendered":"Curele de distribu\u021bie rezistente la temperatur\u0103"},"content":{"rendered":"\n<p>Curelele de distribu\u021bie nesf\u00e2r\u0219ite rezistente la c\u0103ldur\u0103 sunt disponibile \u00een materiale poliuretanice \u0219i siliconice. Pentru transmiterea puterii recomand\u0103m cureaua din poliuretan produs\u0103 cu duritate de 90 ShA \u0219i rezistent\u0103 la caldur\u0103 pan\u0103 la 110 \u00b0C.<\/p>\n\n\n\n<p>Curelele din silicon trebuie solicitate mai pu\u021bin, pot fi folosite pentru transport, dar rezisten\u021ba lor la c\u0103ldur\u0103 este de p\u00e2n\u0103 la 200 \u00b0C.<\/p>\n\n\n\n<p>Aplica\u021bie:<\/p>\n\n\n\n<ul class=\"wp-block-list\">\n<li>fabricare scuturi auto<\/li>\n\n\n\n<li>fabricarea microprocesoarelor<\/li>\n\n\n\n<li>brut\u0103rii<\/li>\n\n\n\n<li>prelucrarea alimentelor<\/li>\n\n\n\n<li>industria sticlei<\/li>\n\n\n\n<li>iluminat arhitectural, scenic si expozitional<\/li>\n\n\n\n<li>instala\u021bii de celuloz\u0103<\/li>\n\n\n\n<li>prelucrare chimic\u0103<\/li>\n\n\n\n<li>testarea semiconductorilor<\/li>\n<\/ul>\n\n\n\n<div class=\"wp-block-buttons is-layout-flex wp-block-buttons-is-layout-flex\">\n<div class=\"wp-block-button has-custom-width wp-block-button__width-100\"><a class=\"wp-block-button__link wp-element-button\" href=\"mailto:office@inventcad.com?subject=Cerere oferta produse BERVINA&amp;body=Bun\u0103 ziua,%0D%0A%0D%0AV\u0103 rog frumos s\u0103 ne trimite\u021bi ofert\u0103 pentru urm\u0103toarele produse:%0D%0A%0D%0Acurele de distribu\u021bie%20-%20xxx%0Acuplaje miniaturale%20-%20%20xxx%20xxx%0D%0Abuc\u0219e f\u0103r\u0103 cheie%20-%20%20xxx%20xxx%0D%0A%0D%0ACu stim\u0103,%0D%0A%0D%0A\" target=\"_blank\" rel=\" noreferrer noopener nofollow\">Comand\u0103 sau cere informa\u021bii<\/a><\/div>\n<\/div>\n\n\n\n<p><\/p>\n\n\n\n<div class=\"wp-block-media-text is-stacked-on-mobile\" style=\"grid-template-columns:20% auto\"><figure class=\"wp-block-media-text__media\"><img loading=\"lazy\" decoding=\"async\" width=\"256\" height=\"128\" src=\"https:\/\/inventcad.ro\/ro\/wp-content\/uploads\/2025\/03\/heat-restant-polyurethane-timing-belt-up-to-100-c-1.jpg\" alt=\"Heat Resistant Pu Timing Belt With Silicon Cover Up To 100 \u00b0C\" class=\"wp-image-2347 size-full\"\/><\/figure><div class=\"wp-block-media-text__content\">\n<p><a href=\"https:\/\/inventcad.ro\/ro\/produse\/distribuitor-produse-bervina\/curele-de-distributie\/curele-de-distributie-rezistente-la-temperatura\/heat-resistant-pu-timing-belt-with-silicon-cover-up-to-100-c\/\">Heat Resistant Pu Timing Belt With Silicon Cover Up To 100 \u00b0C<\/a><\/p>\n<\/div><\/div>\n\n\n\n<div class=\"wp-block-media-text is-stacked-on-mobile\" style=\"grid-template-columns:20% auto\"><figure class=\"wp-block-media-text__media\"><img loading=\"lazy\" decoding=\"async\" width=\"256\" height=\"128\" src=\"https:\/\/inventcad.ro\/ro\/wp-content\/uploads\/2025\/03\/silicone-belt-1.jpg\" alt=\"Silicone Belt Up To 200 \u00b0C\" class=\"wp-image-2349 size-full\"\/><\/figure><div class=\"wp-block-media-text__content\">\n<p><a href=\"https:\/\/inventcad.ro\/ro\/produse\/distribuitor-produse-bervina\/curele-de-distributie\/curele-de-distributie-rezistente-la-temperatura\/silicone-belt-up-to-200-c\/\">Silicone Belt Up To 200 \u00b0C<\/a><\/p>\n<\/div><\/div>\n\n\n\n<div class=\"wp-block-media-text is-stacked-on-mobile\" style=\"grid-template-columns:20% auto\"><figure class=\"wp-block-media-text__media\"><img loading=\"lazy\" decoding=\"async\" width=\"256\" height=\"128\" src=\"https:\/\/inventcad.ro\/ro\/wp-content\/uploads\/2025\/03\/heat-restant-silicone-timing-belt-up-to-200-c.jpg\" alt=\"Heat Resistant Pu Timing Belt\" class=\"wp-image-2348 size-full\"\/><\/figure><div class=\"wp-block-media-text__content\">\n<p><a href=\"https:\/\/inventcad.ro\/ro\/produse\/distribuitor-produse-bervina\/curele-de-distributie\/curele-de-distributie-rezistente-la-temperatura\/heat-resistant-pu-timing-belt\/\">Heat Resistant Pu Timing Belt<\/a><\/p>\n<\/div><\/div>\n\n\n\n<p><\/p>\n","protected":false},"excerpt":{"rendered":"<p>Curelele de distribu\u021bie nesf\u00e2r\u0219ite rezistente la c\u0103ldur\u0103 sunt disponibile \u00een materiale poliuretanice \u0219i siliconice. Pentru transmiterea puterii recomand\u0103m cureaua din poliuretan produs\u0103 cu duritate de 90 ShA \u0219i rezistent\u0103 la caldur\u0103 pan\u0103 la 110 \u00b0C. Curelele din silicon trebuie solicitate mai pu\u021bin, pot fi folosite pentru transport, dar rezisten\u021ba lor la c\u0103ldur\u0103 este de p\u00e2n\u0103 &hellip; <\/p>\n<p class=\"link-more\"><a href=\"https:\/\/inventcad.ro\/ro\/produse\/distribuitor-produse-bervina\/curele-de-distributie\/curele-de-distributie-rezistente-la-temperatura\/\" class=\"more-link\">Continu\u0103 lectura<span class=\"screen-reader-text\"> \u201eCurele de distribu\u021bie rezistente la temperatur\u0103\u201d<\/span><\/a><\/p>\n","protected":false},"author":1,"featured_media":0,"parent":2107,"menu_order":34,"comment_status":"closed","ping_status":"closed","template":"","meta":{"footnotes":""},"class_list":["post-2101","page","type-page","status-publish","hentry"],"yoast_head":"<!-- This site is optimized with the Yoast SEO Premium plugin v27.3 (Yoast SEO v27.3) - https:\/\/yoast.com\/product\/yoast-seo-premium-wordpress\/ -->\n<title>Curele de distribu\u021bie rezistente la temperatur\u0103 - InventCAD<\/title>\n<meta name=\"robots\" content=\"index, follow, max-snippet:-1, max-image-preview:large, max-video-preview:-1\" \/>\n<link rel=\"canonical\" href=\"https:\/\/inventcad.ro\/ro\/produse\/distribuitor-produse-bervina\/curele-de-distributie\/curele-de-distributie-rezistente-la-temperatura\/\" \/>\n<meta property=\"og:locale\" content=\"ro_RO\" \/>\n<meta property=\"og:type\" content=\"article\" \/>\n<meta property=\"og:title\" content=\"Curele de distribu\u021bie rezistente la temperatur\u0103\" \/>\n<meta property=\"og:description\" content=\"Curelele de distribu\u021bie nesf\u00e2r\u0219ite rezistente la c\u0103ldur\u0103 sunt disponibile \u00een materiale poliuretanice \u0219i siliconice. Pentru transmiterea puterii recomand\u0103m cureaua din poliuretan produs\u0103 cu duritate de 90 ShA \u0219i rezistent\u0103 la caldur\u0103 pan\u0103 la 110 \u00b0C. Curelele din silicon trebuie solicitate mai pu\u021bin, pot fi folosite pentru transport, dar rezisten\u021ba lor la c\u0103ldur\u0103 este de p\u00e2n\u0103 &hellip; Continu\u0103 lectura \u201eCurele de distribu\u021bie rezistente la temperatur\u0103\u201d\" \/>\n<meta property=\"og:url\" content=\"https:\/\/inventcad.ro\/ro\/produse\/distribuitor-produse-bervina\/curele-de-distributie\/curele-de-distributie-rezistente-la-temperatura\/\" \/>\n<meta property=\"og:site_name\" content=\"InventCAD\" \/>\n<meta property=\"article:publisher\" content=\"https:\/\/www.facebook.com\/inventcad\" \/>\n<meta property=\"article:modified_time\" content=\"2025-03-11T18:04:13+00:00\" \/>\n<meta property=\"og:image\" content=\"https:\/\/inventcad.ro\/ro\/wp-content\/uploads\/2025\/03\/heat-restant-polyurethane-timing-belt-up-to-100-c-1.jpg\" \/>\n\t<meta property=\"og:image:width\" content=\"256\" \/>\n\t<meta property=\"og:image:height\" content=\"128\" \/>\n\t<meta property=\"og:image:type\" content=\"image\/jpeg\" \/>\n<meta name=\"twitter:card\" content=\"summary_large_image\" \/>\n<meta name=\"twitter:label1\" content=\"Timp estimat pentru citire\" \/>\n\t<meta name=\"twitter:data1\" content=\"2 minute\" \/>\n<script type=\"application\/ld+json\" class=\"yoast-schema-graph\">{\"@context\":\"https:\\\/\\\/schema.org\",\"@graph\":[{\"@type\":\"WebPage\",\"@id\":\"https:\\\/\\\/inventcad.ro\\\/ro\\\/produse\\\/distribuitor-produse-bervina\\\/curele-de-distributie\\\/curele-de-distributie-rezistente-la-temperatura\\\/\",\"url\":\"https:\\\/\\\/inventcad.ro\\\/ro\\\/produse\\\/distribuitor-produse-bervina\\\/curele-de-distributie\\\/curele-de-distributie-rezistente-la-temperatura\\\/\",\"name\":\"Curele de distribu\u021bie rezistente la temperatur\u0103 - InventCAD\",\"isPartOf\":{\"@id\":\"https:\\\/\\\/inventcad.ro\\\/ro\\\/#website\"},\"primaryImageOfPage\":{\"@id\":\"https:\\\/\\\/inventcad.ro\\\/ro\\\/produse\\\/distribuitor-produse-bervina\\\/curele-de-distributie\\\/curele-de-distributie-rezistente-la-temperatura\\\/#primaryimage\"},\"image\":{\"@id\":\"https:\\\/\\\/inventcad.ro\\\/ro\\\/produse\\\/distribuitor-produse-bervina\\\/curele-de-distributie\\\/curele-de-distributie-rezistente-la-temperatura\\\/#primaryimage\"},\"thumbnailUrl\":\"https:\\\/\\\/inventcad.ro\\\/ro\\\/wp-content\\\/uploads\\\/2025\\\/03\\\/heat-restant-polyurethane-timing-belt-up-to-100-c-1.jpg\",\"datePublished\":\"2025-03-11T11:53:03+00:00\",\"dateModified\":\"2025-03-11T18:04:13+00:00\",\"breadcrumb\":{\"@id\":\"https:\\\/\\\/inventcad.ro\\\/ro\\\/produse\\\/distribuitor-produse-bervina\\\/curele-de-distributie\\\/curele-de-distributie-rezistente-la-temperatura\\\/#breadcrumb\"},\"inLanguage\":\"ro-RO\",\"potentialAction\":[{\"@type\":\"ReadAction\",\"target\":[\"https:\\\/\\\/inventcad.ro\\\/ro\\\/produse\\\/distribuitor-produse-bervina\\\/curele-de-distributie\\\/curele-de-distributie-rezistente-la-temperatura\\\/\"]}]},{\"@type\":\"ImageObject\",\"inLanguage\":\"ro-RO\",\"@id\":\"https:\\\/\\\/inventcad.ro\\\/ro\\\/produse\\\/distribuitor-produse-bervina\\\/curele-de-distributie\\\/curele-de-distributie-rezistente-la-temperatura\\\/#primaryimage\",\"url\":\"https:\\\/\\\/inventcad.ro\\\/ro\\\/wp-content\\\/uploads\\\/2025\\\/03\\\/heat-restant-polyurethane-timing-belt-up-to-100-c-1.jpg\",\"contentUrl\":\"https:\\\/\\\/inventcad.ro\\\/ro\\\/wp-content\\\/uploads\\\/2025\\\/03\\\/heat-restant-polyurethane-timing-belt-up-to-100-c-1.jpg\",\"width\":256,\"height\":128,\"caption\":\"Heat Resistant Pu Timing Belt With Silicon Cover Up To 100 \u00b0C\"},{\"@type\":\"BreadcrumbList\",\"@id\":\"https:\\\/\\\/inventcad.ro\\\/ro\\\/produse\\\/distribuitor-produse-bervina\\\/curele-de-distributie\\\/curele-de-distributie-rezistente-la-temperatura\\\/#breadcrumb\",\"itemListElement\":[{\"@type\":\"ListItem\",\"position\":1,\"name\":\"Home\",\"item\":\"https:\\\/\\\/inventcad.ro\\\/ro\\\/\"},{\"@type\":\"ListItem\",\"position\":2,\"name\":\"Produse\",\"item\":\"https:\\\/\\\/inventcad.ro\\\/ro\\\/produse\\\/\"},{\"@type\":\"ListItem\",\"position\":3,\"name\":\"Distribuitor produse BERVINA\",\"item\":\"https:\\\/\\\/inventcad.ro\\\/ro\\\/produse\\\/distribuitor-produse-bervina\\\/\"},{\"@type\":\"ListItem\",\"position\":4,\"name\":\"Curele de distributie\",\"item\":\"https:\\\/\\\/inventcad.ro\\\/ro\\\/produse\\\/distribuitor-produse-bervina\\\/curele-de-distributie\\\/\"},{\"@type\":\"ListItem\",\"position\":5,\"name\":\"Curele de distribu\u021bie rezistente la temperatur\u0103\"}]},{\"@type\":\"WebSite\",\"@id\":\"https:\\\/\\\/inventcad.ro\\\/ro\\\/#website\",\"url\":\"https:\\\/\\\/inventcad.ro\\\/ro\\\/\",\"name\":\"InventCAD\",\"description\":\"Proiectare mecanic\u0103, automatiz\u0103ri industriale\",\"publisher\":{\"@id\":\"https:\\\/\\\/inventcad.ro\\\/ro\\\/#organization\"},\"potentialAction\":[{\"@type\":\"SearchAction\",\"target\":{\"@type\":\"EntryPoint\",\"urlTemplate\":\"https:\\\/\\\/inventcad.ro\\\/ro\\\/?s={search_term_string}\"},\"query-input\":{\"@type\":\"PropertyValueSpecification\",\"valueRequired\":true,\"valueName\":\"search_term_string\"}}],\"inLanguage\":\"ro-RO\"},{\"@type\":\"Organization\",\"@id\":\"https:\\\/\\\/inventcad.ro\\\/ro\\\/#organization\",\"name\":\"InventCAD\",\"url\":\"https:\\\/\\\/inventcad.ro\\\/ro\\\/\",\"logo\":{\"@type\":\"ImageObject\",\"inLanguage\":\"ro-RO\",\"@id\":\"https:\\\/\\\/inventcad.ro\\\/ro\\\/#\\\/schema\\\/logo\\\/image\\\/\",\"url\":\"https:\\\/\\\/inventcad.ro\\\/ro\\\/wp-content\\\/uploads\\\/2020\\\/11\\\/inventcad-logo.png\",\"contentUrl\":\"https:\\\/\\\/inventcad.ro\\\/ro\\\/wp-content\\\/uploads\\\/2020\\\/11\\\/inventcad-logo.png\",\"width\":1653,\"height\":250,\"caption\":\"InventCAD\"},\"image\":{\"@id\":\"https:\\\/\\\/inventcad.ro\\\/ro\\\/#\\\/schema\\\/logo\\\/image\\\/\"},\"sameAs\":[\"https:\\\/\\\/www.facebook.com\\\/inventcad\",\"https:\\\/\\\/www.linkedin.com\\\/company\\\/inventcad\\\/\",\"https:\\\/\\\/www.youtube.com\\\/user\\\/InventCAD\"],\"description\":\"Mechanical design, industrial automation, and engineering services.\",\"email\":\"office@inventcad.ro\",\"legalName\":\"InventCAD SRL\",\"foundingDate\":\"2003-03-10\",\"vatID\":\"RO15368893\",\"numberOfEmployees\":{\"@type\":\"QuantitativeValue\",\"minValue\":\"1\",\"maxValue\":\"10\"}}]}<\/script>\n<!-- \/ Yoast SEO Premium plugin. -->","yoast_head_json":{"title":"Curele de distribu\u021bie rezistente la temperatur\u0103 - InventCAD","robots":{"index":"index","follow":"follow","max-snippet":"max-snippet:-1","max-image-preview":"max-image-preview:large","max-video-preview":"max-video-preview:-1"},"canonical":"https:\/\/inventcad.ro\/ro\/produse\/distribuitor-produse-bervina\/curele-de-distributie\/curele-de-distributie-rezistente-la-temperatura\/","og_locale":"ro_RO","og_type":"article","og_title":"Curele de distribu\u021bie rezistente la temperatur\u0103","og_description":"Curelele de distribu\u021bie nesf\u00e2r\u0219ite rezistente la c\u0103ldur\u0103 sunt disponibile \u00een materiale poliuretanice \u0219i siliconice. Pentru transmiterea puterii recomand\u0103m cureaua din poliuretan produs\u0103 cu duritate de 90 ShA \u0219i rezistent\u0103 la caldur\u0103 pan\u0103 la 110 \u00b0C. Curelele din silicon trebuie solicitate mai pu\u021bin, pot fi folosite pentru transport, dar rezisten\u021ba lor la c\u0103ldur\u0103 este de p\u00e2n\u0103 &hellip; Continu\u0103 lectura \u201eCurele de distribu\u021bie rezistente la temperatur\u0103\u201d","og_url":"https:\/\/inventcad.ro\/ro\/produse\/distribuitor-produse-bervina\/curele-de-distributie\/curele-de-distributie-rezistente-la-temperatura\/","og_site_name":"InventCAD","article_publisher":"https:\/\/www.facebook.com\/inventcad","article_modified_time":"2025-03-11T18:04:13+00:00","og_image":[{"width":256,"height":128,"url":"https:\/\/inventcad.ro\/ro\/wp-content\/uploads\/2025\/03\/heat-restant-polyurethane-timing-belt-up-to-100-c-1.jpg","type":"image\/jpeg"}],"twitter_card":"summary_large_image","twitter_misc":{"Timp estimat pentru citire":"2 minute"},"schema":{"@context":"https:\/\/schema.org","@graph":[{"@type":"WebPage","@id":"https:\/\/inventcad.ro\/ro\/produse\/distribuitor-produse-bervina\/curele-de-distributie\/curele-de-distributie-rezistente-la-temperatura\/","url":"https:\/\/inventcad.ro\/ro\/produse\/distribuitor-produse-bervina\/curele-de-distributie\/curele-de-distributie-rezistente-la-temperatura\/","name":"Curele de distribu\u021bie rezistente la temperatur\u0103 - InventCAD","isPartOf":{"@id":"https:\/\/inventcad.ro\/ro\/#website"},"primaryImageOfPage":{"@id":"https:\/\/inventcad.ro\/ro\/produse\/distribuitor-produse-bervina\/curele-de-distributie\/curele-de-distributie-rezistente-la-temperatura\/#primaryimage"},"image":{"@id":"https:\/\/inventcad.ro\/ro\/produse\/distribuitor-produse-bervina\/curele-de-distributie\/curele-de-distributie-rezistente-la-temperatura\/#primaryimage"},"thumbnailUrl":"https:\/\/inventcad.ro\/ro\/wp-content\/uploads\/2025\/03\/heat-restant-polyurethane-timing-belt-up-to-100-c-1.jpg","datePublished":"2025-03-11T11:53:03+00:00","dateModified":"2025-03-11T18:04:13+00:00","breadcrumb":{"@id":"https:\/\/inventcad.ro\/ro\/produse\/distribuitor-produse-bervina\/curele-de-distributie\/curele-de-distributie-rezistente-la-temperatura\/#breadcrumb"},"inLanguage":"ro-RO","potentialAction":[{"@type":"ReadAction","target":["https:\/\/inventcad.ro\/ro\/produse\/distribuitor-produse-bervina\/curele-de-distributie\/curele-de-distributie-rezistente-la-temperatura\/"]}]},{"@type":"ImageObject","inLanguage":"ro-RO","@id":"https:\/\/inventcad.ro\/ro\/produse\/distribuitor-produse-bervina\/curele-de-distributie\/curele-de-distributie-rezistente-la-temperatura\/#primaryimage","url":"https:\/\/inventcad.ro\/ro\/wp-content\/uploads\/2025\/03\/heat-restant-polyurethane-timing-belt-up-to-100-c-1.jpg","contentUrl":"https:\/\/inventcad.ro\/ro\/wp-content\/uploads\/2025\/03\/heat-restant-polyurethane-timing-belt-up-to-100-c-1.jpg","width":256,"height":128,"caption":"Heat Resistant Pu Timing Belt With Silicon Cover Up To 100 \u00b0C"},{"@type":"BreadcrumbList","@id":"https:\/\/inventcad.ro\/ro\/produse\/distribuitor-produse-bervina\/curele-de-distributie\/curele-de-distributie-rezistente-la-temperatura\/#breadcrumb","itemListElement":[{"@type":"ListItem","position":1,"name":"Home","item":"https:\/\/inventcad.ro\/ro\/"},{"@type":"ListItem","position":2,"name":"Produse","item":"https:\/\/inventcad.ro\/ro\/produse\/"},{"@type":"ListItem","position":3,"name":"Distribuitor produse BERVINA","item":"https:\/\/inventcad.ro\/ro\/produse\/distribuitor-produse-bervina\/"},{"@type":"ListItem","position":4,"name":"Curele de distributie","item":"https:\/\/inventcad.ro\/ro\/produse\/distribuitor-produse-bervina\/curele-de-distributie\/"},{"@type":"ListItem","position":5,"name":"Curele de distribu\u021bie rezistente la temperatur\u0103"}]},{"@type":"WebSite","@id":"https:\/\/inventcad.ro\/ro\/#website","url":"https:\/\/inventcad.ro\/ro\/","name":"InventCAD","description":"Proiectare mecanic\u0103, automatiz\u0103ri industriale","publisher":{"@id":"https:\/\/inventcad.ro\/ro\/#organization"},"potentialAction":[{"@type":"SearchAction","target":{"@type":"EntryPoint","urlTemplate":"https:\/\/inventcad.ro\/ro\/?s={search_term_string}"},"query-input":{"@type":"PropertyValueSpecification","valueRequired":true,"valueName":"search_term_string"}}],"inLanguage":"ro-RO"},{"@type":"Organization","@id":"https:\/\/inventcad.ro\/ro\/#organization","name":"InventCAD","url":"https:\/\/inventcad.ro\/ro\/","logo":{"@type":"ImageObject","inLanguage":"ro-RO","@id":"https:\/\/inventcad.ro\/ro\/#\/schema\/logo\/image\/","url":"https:\/\/inventcad.ro\/ro\/wp-content\/uploads\/2020\/11\/inventcad-logo.png","contentUrl":"https:\/\/inventcad.ro\/ro\/wp-content\/uploads\/2020\/11\/inventcad-logo.png","width":1653,"height":250,"caption":"InventCAD"},"image":{"@id":"https:\/\/inventcad.ro\/ro\/#\/schema\/logo\/image\/"},"sameAs":["https:\/\/www.facebook.com\/inventcad","https:\/\/www.linkedin.com\/company\/inventcad\/","https:\/\/www.youtube.com\/user\/InventCAD"],"description":"Mechanical design, industrial automation, and engineering services.","email":"office@inventcad.ro","legalName":"InventCAD SRL","foundingDate":"2003-03-10","vatID":"RO15368893","numberOfEmployees":{"@type":"QuantitativeValue","minValue":"1","maxValue":"10"}}]}},"_links":{"self":[{"href":"https:\/\/inventcad.ro\/ro\/wp-json\/wp\/v2\/pages\/2101","targetHints":{"allow":["GET"]}}],"collection":[{"href":"https:\/\/inventcad.ro\/ro\/wp-json\/wp\/v2\/pages"}],"about":[{"href":"https:\/\/inventcad.ro\/ro\/wp-json\/wp\/v2\/types\/page"}],"author":[{"embeddable":true,"href":"https:\/\/inventcad.ro\/ro\/wp-json\/wp\/v2\/users\/1"}],"replies":[{"embeddable":true,"href":"https:\/\/inventcad.ro\/ro\/wp-json\/wp\/v2\/comments?post=2101"}],"version-history":[{"count":7,"href":"https:\/\/inventcad.ro\/ro\/wp-json\/wp\/v2\/pages\/2101\/revisions"}],"predecessor-version":[{"id":2512,"href":"https:\/\/inventcad.ro\/ro\/wp-json\/wp\/v2\/pages\/2101\/revisions\/2512"}],"up":[{"embeddable":true,"href":"https:\/\/inventcad.ro\/ro\/wp-json\/wp\/v2\/pages\/2107"}],"wp:attachment":[{"href":"https:\/\/inventcad.ro\/ro\/wp-json\/wp\/v2\/media?parent=2101"}],"curies":[{"name":"wp","href":"https:\/\/api.w.org\/{rel}","templated":true}]}}