{"id":2099,"date":"2025-03-11T13:45:31","date_gmt":"2025-03-11T11:45:31","guid":{"rendered":"https:\/\/inventcad.ro\/ro\/?page_id=2099"},"modified":"2025-03-12T09:42:44","modified_gmt":"2025-03-12T07:42:44","slug":"curele-de-distributie-din-poliuretan-turnate","status":"publish","type":"page","link":"https:\/\/inventcad.ro\/ro\/produse\/distribuitor-produse-bervina\/curele-de-distributie\/curele-de-distributie-din-poliuretan-turnate\/","title":{"rendered":"Curele de distributie din poliuretan turnate"},"content":{"rendered":"\n<p>Curelele de distribu\u021bie sunt turnate din poliuretan termorigid, aplic\u00e2nd turnare centrifug\u0103. Toate produsele sunt turnate dintr-o bucata fara imbinare, sunt compuse din armatura din otel, kevlar, inox, poliester sau fibra de sticla.<\/p>\n\n\n\n<p>Oferim o gam\u0103 larg\u0103 de profile \u0219i lungimi de din\u021bi pentru diferite aplica\u021bii. Proiect\u0103m \u0219i producem scule pentru aplica\u021bii noi \u00een cas\u0103. Producem curele de distributie turnate in intervalul de lungime 150mm \u2013 1500mm, duritatea disponibila a materialului este intre 10-90 ShA. Rezistenta la caldura este intre 80 \u2013 200 \u00b0C<\/p>\n\n\n\n<p>La cerere este posibil\u0103 livrarea curelelor \u00een diferite culori.<\/p>\n\n\n\n<p>\u00cen func\u021bie de domeniul de utilizare, putem proiecta crampoane pe partea din spate a curelei. Aceste crampoane sunt realizate prin proces de turnare, astfel \u00eenc\u00e2t cureaua este turnat\u0103 dintr-o bucat\u0103, \u00een acest fel durata de via\u021b\u0103 este prelungit\u0103.<\/p>\n\n\n\n<div class=\"wp-block-buttons is-layout-flex wp-block-buttons-is-layout-flex\">\n<div class=\"wp-block-button has-custom-width wp-block-button__width-100\"><a class=\"wp-block-button__link wp-element-button\" href=\"mailto:office@inventcad.com?subject=Cerere oferta produse BERVINA&amp;body=Bun\u0103 ziua,%0D%0A%0D%0AV\u0103 rog frumos s\u0103 ne trimite\u021bi ofert\u0103 pentru urm\u0103toarele produse:%0D%0A%0D%0Acurele de distribu\u021bie%20-%20xxx%0Acuplaje miniaturale%20-%20%20xxx%20xxx%0D%0Abuc\u0219e f\u0103r\u0103 cheie%20-%20%20xxx%20xxx%0D%0A%0D%0ACu stim\u0103,%0D%0A%0D%0A\" target=\"_blank\" rel=\" noreferrer noopener nofollow\">Comand\u0103 sau cere informa\u021bii<\/a><\/div>\n<\/div>\n\n\n\n<p><\/p>\n\n\n\n<div class=\"wp-block-media-text is-stacked-on-mobile\" style=\"grid-template-columns:20% auto\"><figure class=\"wp-block-media-text__media\"><img loading=\"lazy\" decoding=\"async\" width=\"256\" height=\"128\" src=\"https:\/\/inventcad.ro\/ro\/wp-content\/uploads\/2025\/03\/double-molded-pu-timing-belt.jpg\" alt=\"Double Moulded Pu Timing Belts\" class=\"wp-image-2342 size-full\"\/><\/figure><div class=\"wp-block-media-text__content\">\n<p><a href=\"https:\/\/inventcad.ro\/ro\/produse\/distribuitor-produse-bervina\/curele-de-distributie\/curele-de-distributie-din-poliuretan-turnate\/double-moulded-pu-timing-belts\/\">Double Moulded Pu Timing Belts<\/a><\/p>\n<\/div><\/div>\n\n\n\n<div class=\"wp-block-media-text is-stacked-on-mobile\" style=\"grid-template-columns:20% auto\"><figure class=\"wp-block-media-text__media\"><img loading=\"lazy\" decoding=\"async\" width=\"256\" height=\"128\" src=\"https:\/\/inventcad.ro\/ro\/wp-content\/uploads\/2025\/03\/komax-belt.jpg\" alt=\"Komax Belts\" class=\"wp-image-2343 size-full\"\/><\/figure><div class=\"wp-block-media-text__content\">\n<p><a href=\"https:\/\/inventcad.ro\/ro\/produse\/distribuitor-produse-bervina\/curele-de-distributie\/curele-de-distributie-din-poliuretan-turnate\/komax-belts\/\">Komax Belts<\/a><\/p>\n<\/div><\/div>\n\n\n\n<div class=\"wp-block-media-text is-stacked-on-mobile\" style=\"grid-template-columns:20% auto\"><figure class=\"wp-block-media-text__media\"><img loading=\"lazy\" decoding=\"async\" width=\"256\" height=\"128\" src=\"https:\/\/inventcad.ro\/ro\/wp-content\/uploads\/2025\/03\/one-piece-moulded-cleated-belts-1.jpg\" alt=\"Cleated Belts\" class=\"wp-image-2344 size-full\"\/><\/figure><div class=\"wp-block-media-text__content\">\n<p><a href=\"https:\/\/inventcad.ro\/ro\/produse\/distribuitor-produse-bervina\/curele-de-distributie\/curele-de-distributie-din-poliuretan-turnate\/cleated-belts\/\">Cleated Belts<\/a><\/p>\n<\/div><\/div>\n","protected":false},"excerpt":{"rendered":"<p>Curelele de distribu\u021bie sunt turnate din poliuretan termorigid, aplic\u00e2nd turnare centrifug\u0103. Toate produsele sunt turnate dintr-o bucata fara imbinare, sunt compuse din armatura din otel, kevlar, inox, poliester sau fibra de sticla. Oferim o gam\u0103 larg\u0103 de profile \u0219i lungimi de din\u021bi pentru diferite aplica\u021bii. Proiect\u0103m \u0219i producem scule pentru aplica\u021bii noi \u00een cas\u0103. Producem &hellip; <\/p>\n<p class=\"link-more\"><a href=\"https:\/\/inventcad.ro\/ro\/produse\/distribuitor-produse-bervina\/curele-de-distributie\/curele-de-distributie-din-poliuretan-turnate\/\" class=\"more-link\">Continu\u0103 lectura<span class=\"screen-reader-text\"> \u201eCurele de distributie din poliuretan turnate\u201d<\/span><\/a><\/p>\n","protected":false},"author":1,"featured_media":0,"parent":2107,"menu_order":35,"comment_status":"closed","ping_status":"closed","template":"","meta":{"footnotes":""},"class_list":["post-2099","page","type-page","status-publish","hentry"],"yoast_head":"<!-- This site is optimized with the Yoast SEO Premium plugin v27.3 (Yoast SEO v27.3) - https:\/\/yoast.com\/product\/yoast-seo-premium-wordpress\/ -->\n<title>Curele de distributie din poliuretan turnate - InventCAD<\/title>\n<meta name=\"robots\" content=\"index, follow, max-snippet:-1, max-image-preview:large, max-video-preview:-1\" \/>\n<link rel=\"canonical\" href=\"https:\/\/inventcad.ro\/ro\/produse\/distribuitor-produse-bervina\/curele-de-distributie\/curele-de-distributie-din-poliuretan-turnate\/\" \/>\n<meta property=\"og:locale\" content=\"ro_RO\" \/>\n<meta property=\"og:type\" content=\"article\" \/>\n<meta property=\"og:title\" content=\"Curele de distributie din poliuretan turnate\" \/>\n<meta property=\"og:description\" content=\"Curelele de distribu\u021bie sunt turnate din poliuretan termorigid, aplic\u00e2nd turnare centrifug\u0103. Toate produsele sunt turnate dintr-o bucata fara imbinare, sunt compuse din armatura din otel, kevlar, inox, poliester sau fibra de sticla. Oferim o gam\u0103 larg\u0103 de profile \u0219i lungimi de din\u021bi pentru diferite aplica\u021bii. Proiect\u0103m \u0219i producem scule pentru aplica\u021bii noi \u00een cas\u0103. Producem &hellip; Continu\u0103 lectura \u201eCurele de distributie din poliuretan turnate\u201d\" \/>\n<meta property=\"og:url\" content=\"https:\/\/inventcad.ro\/ro\/produse\/distribuitor-produse-bervina\/curele-de-distributie\/curele-de-distributie-din-poliuretan-turnate\/\" \/>\n<meta property=\"og:site_name\" content=\"InventCAD\" \/>\n<meta property=\"article:publisher\" content=\"https:\/\/www.facebook.com\/inventcad\" \/>\n<meta property=\"article:modified_time\" content=\"2025-03-12T07:42:44+00:00\" \/>\n<meta property=\"og:image\" content=\"https:\/\/inventcad.ro\/ro\/wp-content\/uploads\/2025\/03\/double-molded-pu-timing-belt.jpg\" \/>\n\t<meta property=\"og:image:width\" content=\"256\" \/>\n\t<meta property=\"og:image:height\" content=\"128\" \/>\n\t<meta property=\"og:image:type\" content=\"image\/jpeg\" \/>\n<meta name=\"twitter:card\" content=\"summary_large_image\" \/>\n<meta name=\"twitter:label1\" content=\"Timp estimat pentru citire\" \/>\n\t<meta name=\"twitter:data1\" content=\"2 minute\" \/>\n<script type=\"application\/ld+json\" class=\"yoast-schema-graph\">{\"@context\":\"https:\\\/\\\/schema.org\",\"@graph\":[{\"@type\":\"WebPage\",\"@id\":\"https:\\\/\\\/inventcad.ro\\\/ro\\\/produse\\\/distribuitor-produse-bervina\\\/curele-de-distributie\\\/curele-de-distributie-din-poliuretan-turnate\\\/\",\"url\":\"https:\\\/\\\/inventcad.ro\\\/ro\\\/produse\\\/distribuitor-produse-bervina\\\/curele-de-distributie\\\/curele-de-distributie-din-poliuretan-turnate\\\/\",\"name\":\"Curele de distributie din poliuretan turnate - InventCAD\",\"isPartOf\":{\"@id\":\"https:\\\/\\\/inventcad.ro\\\/ro\\\/#website\"},\"primaryImageOfPage\":{\"@id\":\"https:\\\/\\\/inventcad.ro\\\/ro\\\/produse\\\/distribuitor-produse-bervina\\\/curele-de-distributie\\\/curele-de-distributie-din-poliuretan-turnate\\\/#primaryimage\"},\"image\":{\"@id\":\"https:\\\/\\\/inventcad.ro\\\/ro\\\/produse\\\/distribuitor-produse-bervina\\\/curele-de-distributie\\\/curele-de-distributie-din-poliuretan-turnate\\\/#primaryimage\"},\"thumbnailUrl\":\"https:\\\/\\\/inventcad.ro\\\/ro\\\/wp-content\\\/uploads\\\/2025\\\/03\\\/double-molded-pu-timing-belt.jpg\",\"datePublished\":\"2025-03-11T11:45:31+00:00\",\"dateModified\":\"2025-03-12T07:42:44+00:00\",\"breadcrumb\":{\"@id\":\"https:\\\/\\\/inventcad.ro\\\/ro\\\/produse\\\/distribuitor-produse-bervina\\\/curele-de-distributie\\\/curele-de-distributie-din-poliuretan-turnate\\\/#breadcrumb\"},\"inLanguage\":\"ro-RO\",\"potentialAction\":[{\"@type\":\"ReadAction\",\"target\":[\"https:\\\/\\\/inventcad.ro\\\/ro\\\/produse\\\/distribuitor-produse-bervina\\\/curele-de-distributie\\\/curele-de-distributie-din-poliuretan-turnate\\\/\"]}]},{\"@type\":\"ImageObject\",\"inLanguage\":\"ro-RO\",\"@id\":\"https:\\\/\\\/inventcad.ro\\\/ro\\\/produse\\\/distribuitor-produse-bervina\\\/curele-de-distributie\\\/curele-de-distributie-din-poliuretan-turnate\\\/#primaryimage\",\"url\":\"https:\\\/\\\/inventcad.ro\\\/ro\\\/wp-content\\\/uploads\\\/2025\\\/03\\\/double-molded-pu-timing-belt.jpg\",\"contentUrl\":\"https:\\\/\\\/inventcad.ro\\\/ro\\\/wp-content\\\/uploads\\\/2025\\\/03\\\/double-molded-pu-timing-belt.jpg\",\"width\":256,\"height\":128,\"caption\":\"Double Moulded Pu Timing Belts\"},{\"@type\":\"BreadcrumbList\",\"@id\":\"https:\\\/\\\/inventcad.ro\\\/ro\\\/produse\\\/distribuitor-produse-bervina\\\/curele-de-distributie\\\/curele-de-distributie-din-poliuretan-turnate\\\/#breadcrumb\",\"itemListElement\":[{\"@type\":\"ListItem\",\"position\":1,\"name\":\"Home\",\"item\":\"https:\\\/\\\/inventcad.ro\\\/ro\\\/\"},{\"@type\":\"ListItem\",\"position\":2,\"name\":\"Produse\",\"item\":\"https:\\\/\\\/inventcad.ro\\\/ro\\\/produse\\\/\"},{\"@type\":\"ListItem\",\"position\":3,\"name\":\"Distribuitor produse BERVINA\",\"item\":\"https:\\\/\\\/inventcad.ro\\\/ro\\\/produse\\\/distribuitor-produse-bervina\\\/\"},{\"@type\":\"ListItem\",\"position\":4,\"name\":\"Curele de distributie\",\"item\":\"https:\\\/\\\/inventcad.ro\\\/ro\\\/produse\\\/distribuitor-produse-bervina\\\/curele-de-distributie\\\/\"},{\"@type\":\"ListItem\",\"position\":5,\"name\":\"Curele de distributie din poliuretan turnate\"}]},{\"@type\":\"WebSite\",\"@id\":\"https:\\\/\\\/inventcad.ro\\\/ro\\\/#website\",\"url\":\"https:\\\/\\\/inventcad.ro\\\/ro\\\/\",\"name\":\"InventCAD\",\"description\":\"Proiectare mecanic\u0103, automatiz\u0103ri industriale\",\"publisher\":{\"@id\":\"https:\\\/\\\/inventcad.ro\\\/ro\\\/#organization\"},\"potentialAction\":[{\"@type\":\"SearchAction\",\"target\":{\"@type\":\"EntryPoint\",\"urlTemplate\":\"https:\\\/\\\/inventcad.ro\\\/ro\\\/?s={search_term_string}\"},\"query-input\":{\"@type\":\"PropertyValueSpecification\",\"valueRequired\":true,\"valueName\":\"search_term_string\"}}],\"inLanguage\":\"ro-RO\"},{\"@type\":\"Organization\",\"@id\":\"https:\\\/\\\/inventcad.ro\\\/ro\\\/#organization\",\"name\":\"InventCAD\",\"url\":\"https:\\\/\\\/inventcad.ro\\\/ro\\\/\",\"logo\":{\"@type\":\"ImageObject\",\"inLanguage\":\"ro-RO\",\"@id\":\"https:\\\/\\\/inventcad.ro\\\/ro\\\/#\\\/schema\\\/logo\\\/image\\\/\",\"url\":\"https:\\\/\\\/inventcad.ro\\\/ro\\\/wp-content\\\/uploads\\\/2020\\\/11\\\/inventcad-logo.png\",\"contentUrl\":\"https:\\\/\\\/inventcad.ro\\\/ro\\\/wp-content\\\/uploads\\\/2020\\\/11\\\/inventcad-logo.png\",\"width\":1653,\"height\":250,\"caption\":\"InventCAD\"},\"image\":{\"@id\":\"https:\\\/\\\/inventcad.ro\\\/ro\\\/#\\\/schema\\\/logo\\\/image\\\/\"},\"sameAs\":[\"https:\\\/\\\/www.facebook.com\\\/inventcad\",\"https:\\\/\\\/www.linkedin.com\\\/company\\\/inventcad\\\/\",\"https:\\\/\\\/www.youtube.com\\\/user\\\/InventCAD\"],\"description\":\"Mechanical design, industrial automation, and engineering services.\",\"email\":\"office@inventcad.ro\",\"legalName\":\"InventCAD SRL\",\"foundingDate\":\"2003-03-10\",\"vatID\":\"RO15368893\",\"numberOfEmployees\":{\"@type\":\"QuantitativeValue\",\"minValue\":\"1\",\"maxValue\":\"10\"}}]}<\/script>\n<!-- \/ Yoast SEO Premium plugin. -->","yoast_head_json":{"title":"Curele de distributie din poliuretan turnate - InventCAD","robots":{"index":"index","follow":"follow","max-snippet":"max-snippet:-1","max-image-preview":"max-image-preview:large","max-video-preview":"max-video-preview:-1"},"canonical":"https:\/\/inventcad.ro\/ro\/produse\/distribuitor-produse-bervina\/curele-de-distributie\/curele-de-distributie-din-poliuretan-turnate\/","og_locale":"ro_RO","og_type":"article","og_title":"Curele de distributie din poliuretan turnate","og_description":"Curelele de distribu\u021bie sunt turnate din poliuretan termorigid, aplic\u00e2nd turnare centrifug\u0103. Toate produsele sunt turnate dintr-o bucata fara imbinare, sunt compuse din armatura din otel, kevlar, inox, poliester sau fibra de sticla. Oferim o gam\u0103 larg\u0103 de profile \u0219i lungimi de din\u021bi pentru diferite aplica\u021bii. Proiect\u0103m \u0219i producem scule pentru aplica\u021bii noi \u00een cas\u0103. Producem &hellip; Continu\u0103 lectura \u201eCurele de distributie din poliuretan turnate\u201d","og_url":"https:\/\/inventcad.ro\/ro\/produse\/distribuitor-produse-bervina\/curele-de-distributie\/curele-de-distributie-din-poliuretan-turnate\/","og_site_name":"InventCAD","article_publisher":"https:\/\/www.facebook.com\/inventcad","article_modified_time":"2025-03-12T07:42:44+00:00","og_image":[{"width":256,"height":128,"url":"https:\/\/inventcad.ro\/ro\/wp-content\/uploads\/2025\/03\/double-molded-pu-timing-belt.jpg","type":"image\/jpeg"}],"twitter_card":"summary_large_image","twitter_misc":{"Timp estimat pentru citire":"2 minute"},"schema":{"@context":"https:\/\/schema.org","@graph":[{"@type":"WebPage","@id":"https:\/\/inventcad.ro\/ro\/produse\/distribuitor-produse-bervina\/curele-de-distributie\/curele-de-distributie-din-poliuretan-turnate\/","url":"https:\/\/inventcad.ro\/ro\/produse\/distribuitor-produse-bervina\/curele-de-distributie\/curele-de-distributie-din-poliuretan-turnate\/","name":"Curele de distributie din poliuretan turnate - InventCAD","isPartOf":{"@id":"https:\/\/inventcad.ro\/ro\/#website"},"primaryImageOfPage":{"@id":"https:\/\/inventcad.ro\/ro\/produse\/distribuitor-produse-bervina\/curele-de-distributie\/curele-de-distributie-din-poliuretan-turnate\/#primaryimage"},"image":{"@id":"https:\/\/inventcad.ro\/ro\/produse\/distribuitor-produse-bervina\/curele-de-distributie\/curele-de-distributie-din-poliuretan-turnate\/#primaryimage"},"thumbnailUrl":"https:\/\/inventcad.ro\/ro\/wp-content\/uploads\/2025\/03\/double-molded-pu-timing-belt.jpg","datePublished":"2025-03-11T11:45:31+00:00","dateModified":"2025-03-12T07:42:44+00:00","breadcrumb":{"@id":"https:\/\/inventcad.ro\/ro\/produse\/distribuitor-produse-bervina\/curele-de-distributie\/curele-de-distributie-din-poliuretan-turnate\/#breadcrumb"},"inLanguage":"ro-RO","potentialAction":[{"@type":"ReadAction","target":["https:\/\/inventcad.ro\/ro\/produse\/distribuitor-produse-bervina\/curele-de-distributie\/curele-de-distributie-din-poliuretan-turnate\/"]}]},{"@type":"ImageObject","inLanguage":"ro-RO","@id":"https:\/\/inventcad.ro\/ro\/produse\/distribuitor-produse-bervina\/curele-de-distributie\/curele-de-distributie-din-poliuretan-turnate\/#primaryimage","url":"https:\/\/inventcad.ro\/ro\/wp-content\/uploads\/2025\/03\/double-molded-pu-timing-belt.jpg","contentUrl":"https:\/\/inventcad.ro\/ro\/wp-content\/uploads\/2025\/03\/double-molded-pu-timing-belt.jpg","width":256,"height":128,"caption":"Double Moulded Pu Timing Belts"},{"@type":"BreadcrumbList","@id":"https:\/\/inventcad.ro\/ro\/produse\/distribuitor-produse-bervina\/curele-de-distributie\/curele-de-distributie-din-poliuretan-turnate\/#breadcrumb","itemListElement":[{"@type":"ListItem","position":1,"name":"Home","item":"https:\/\/inventcad.ro\/ro\/"},{"@type":"ListItem","position":2,"name":"Produse","item":"https:\/\/inventcad.ro\/ro\/produse\/"},{"@type":"ListItem","position":3,"name":"Distribuitor produse BERVINA","item":"https:\/\/inventcad.ro\/ro\/produse\/distribuitor-produse-bervina\/"},{"@type":"ListItem","position":4,"name":"Curele de distributie","item":"https:\/\/inventcad.ro\/ro\/produse\/distribuitor-produse-bervina\/curele-de-distributie\/"},{"@type":"ListItem","position":5,"name":"Curele de distributie din poliuretan turnate"}]},{"@type":"WebSite","@id":"https:\/\/inventcad.ro\/ro\/#website","url":"https:\/\/inventcad.ro\/ro\/","name":"InventCAD","description":"Proiectare mecanic\u0103, automatiz\u0103ri industriale","publisher":{"@id":"https:\/\/inventcad.ro\/ro\/#organization"},"potentialAction":[{"@type":"SearchAction","target":{"@type":"EntryPoint","urlTemplate":"https:\/\/inventcad.ro\/ro\/?s={search_term_string}"},"query-input":{"@type":"PropertyValueSpecification","valueRequired":true,"valueName":"search_term_string"}}],"inLanguage":"ro-RO"},{"@type":"Organization","@id":"https:\/\/inventcad.ro\/ro\/#organization","name":"InventCAD","url":"https:\/\/inventcad.ro\/ro\/","logo":{"@type":"ImageObject","inLanguage":"ro-RO","@id":"https:\/\/inventcad.ro\/ro\/#\/schema\/logo\/image\/","url":"https:\/\/inventcad.ro\/ro\/wp-content\/uploads\/2020\/11\/inventcad-logo.png","contentUrl":"https:\/\/inventcad.ro\/ro\/wp-content\/uploads\/2020\/11\/inventcad-logo.png","width":1653,"height":250,"caption":"InventCAD"},"image":{"@id":"https:\/\/inventcad.ro\/ro\/#\/schema\/logo\/image\/"},"sameAs":["https:\/\/www.facebook.com\/inventcad","https:\/\/www.linkedin.com\/company\/inventcad\/","https:\/\/www.youtube.com\/user\/InventCAD"],"description":"Mechanical design, industrial automation, and engineering services.","email":"office@inventcad.ro","legalName":"InventCAD SRL","foundingDate":"2003-03-10","vatID":"RO15368893","numberOfEmployees":{"@type":"QuantitativeValue","minValue":"1","maxValue":"10"}}]}},"_links":{"self":[{"href":"https:\/\/inventcad.ro\/ro\/wp-json\/wp\/v2\/pages\/2099","targetHints":{"allow":["GET"]}}],"collection":[{"href":"https:\/\/inventcad.ro\/ro\/wp-json\/wp\/v2\/pages"}],"about":[{"href":"https:\/\/inventcad.ro\/ro\/wp-json\/wp\/v2\/types\/page"}],"author":[{"embeddable":true,"href":"https:\/\/inventcad.ro\/ro\/wp-json\/wp\/v2\/users\/1"}],"replies":[{"embeddable":true,"href":"https:\/\/inventcad.ro\/ro\/wp-json\/wp\/v2\/comments?post=2099"}],"version-history":[{"count":5,"href":"https:\/\/inventcad.ro\/ro\/wp-json\/wp\/v2\/pages\/2099\/revisions"}],"predecessor-version":[{"id":2584,"href":"https:\/\/inventcad.ro\/ro\/wp-json\/wp\/v2\/pages\/2099\/revisions\/2584"}],"up":[{"embeddable":true,"href":"https:\/\/inventcad.ro\/ro\/wp-json\/wp\/v2\/pages\/2107"}],"wp:attachment":[{"href":"https:\/\/inventcad.ro\/ro\/wp-json\/wp\/v2\/media?parent=2099"}],"curies":[{"name":"wp","href":"https:\/\/api.w.org\/{rel}","templated":true}]}}