{"id":2098,"date":"2025-03-01T11:19:30","date_gmt":"2025-03-01T09:19:30","guid":{"rendered":"https:\/\/inventcad.ro\/ro\/?page_id=2098"},"modified":"2025-03-12T12:54:43","modified_gmt":"2025-03-12T10:54:43","slug":"curele-de-distributie-vffs","status":"publish","type":"page","link":"https:\/\/inventcad.ro\/ro\/produse\/distribuitor-produse-bervina\/curele-de-distributie\/curele-de-distributie-vffs\/","title":{"rendered":"Curele de distributie VFFS"},"content":{"rendered":"\n<p>Bervina produce curele de distribu\u021bie VFFS folosind curele de baz\u0103 din poliuretan sau neopren cu duritate 90 ShA at\u00e2t \u00een \u200b\u200bprofile metrice, c\u00e2t \u0219i \u00een inch.<\/p>\n\n\n\n<p>Aceste curele de distribu\u021bie VFFS (Vertical Form Fill Seal Machines) sunt formate din 3 straturi: cureaua de distribu\u021bie din\u021bat\u0103 de baz\u0103 f\u0103r\u0103 sf\u00e2r\u0219it + adeziv + acoperire f\u0103r\u0103 sudur\u0103 cu duritate 35-45 ShA. Bervina are o varietate de acoperiri oferite \u00een silicon, Linatex, cauciuc \u0219i PU. Grosimea standard este de 6 mm. Lungimea disponibil\u0103 a curelelor acoperite \u00een cas\u0103 este de la 330 mm la 980 mm.<\/p>\n\n\n\n<p>V\u0103 oferim curelele noastre de distribu\u021bie VFFS aspirate cu diferite tipuri de g\u0103uri \u0219i forme. Fabrica\u021bia noastr\u0103 include \u00eendep\u0103rtarea din\u021bilor, \u0219lefuirea, caneluri \u0219i crestare.<\/p>\n\n\n\n<p>V\u0103 putem servi nevoile curelei VFFS cu un produs realizat numai din materiale de calitate FDA, \u00een care cureaua de distribu\u021bie VFFS de baz\u0103 este din poliuretan \u0219i capacul din silicon.<\/p>\n\n\n\n<div class=\"wp-block-buttons is-layout-flex wp-block-buttons-is-layout-flex\">\n<div class=\"wp-block-button has-custom-width wp-block-button__width-100\"><a class=\"wp-block-button__link wp-element-button\" href=\"mailto:office@inventcad.com?subject=Cerere oferta produse BERVINA&amp;body=Bun\u0103 ziua,%0D%0A%0D%0AV\u0103 rog frumos s\u0103 ne trimite\u021bi ofert\u0103 pentru urm\u0103toarele produse:%0D%0A%0D%0Acurele de distribu\u021bie%20-%20xxx%0Acuplaje miniaturale%20-%20%20xxx%20xxx%0D%0Abuc\u0219e f\u0103r\u0103 cheie%20-%20%20xxx%20xxx%0D%0A%0D%0ACu stim\u0103,%0D%0A%0D%0A\" target=\"_blank\" rel=\" noreferrer noopener nofollow\">Comand\u0103 sau cere informa\u021bii<\/a><\/div>\n<\/div>\n\n\n\n<h2 class=\"wp-block-heading\" id=\"h-categorii-disponibile\">Categorii disponibile<\/h2>\n\n\n\n<div class=\"wp-block-media-text is-stacked-on-mobile\" style=\"grid-template-columns:20% auto\"><figure class=\"wp-block-media-text__media\"><img loading=\"lazy\" decoding=\"async\" width=\"256\" height=\"128\" src=\"https:\/\/inventcad.ro\/ro\/wp-content\/uploads\/2025\/03\/vffs-polyurethane-timing-belt-with-silicone-cover-ortw.jpg\" alt=\"\" class=\"wp-image-2103 size-full\"\/><\/figure><div class=\"wp-block-media-text__content\">\n<p><a href=\"https:\/\/inventcad.ro\/ro\/produse\/distribuitor-produse-bervina\/curele-de-distributie\/curele-de-distributie-vffs\/pu-vffs-belt-with-silicone-cover\/\">Curea PU VFFS cu acoperire din silicon<\/a><\/p>\n<\/div><\/div>\n\n\n\n<div class=\"wp-block-media-text is-stacked-on-mobile\" style=\"grid-template-columns:20% auto\"><figure class=\"wp-block-media-text__media\"><img loading=\"lazy\" decoding=\"async\" width=\"256\" height=\"128\" src=\"https:\/\/inventcad.ro\/ro\/wp-content\/uploads\/2025\/03\/vffs-polyurethene-timing-belt-with-linatex-cover-ortw.jpg\" alt=\"\" class=\"wp-image-2104 size-full\"\/><\/figure><div class=\"wp-block-media-text__content\">\n<p><a href=\"https:\/\/inventcad.ro\/ro\/produse\/distribuitor-produse-bervina\/curele-de-distributie\/curele-de-distributie-vffs\/pu-vffs-belt-with-linatex-cover\/\">Curea PU VFFS cu acoperire din Linatex<\/a><\/p>\n<\/div><\/div>\n\n\n\n<div class=\"wp-block-media-text is-stacked-on-mobile\" style=\"grid-template-columns:20% auto\"><figure class=\"wp-block-media-text__media\"><img loading=\"lazy\" decoding=\"async\" width=\"256\" height=\"128\" src=\"https:\/\/inventcad.ro\/ro\/wp-content\/uploads\/2025\/03\/vffs-polyurethne-timing-belt-with-rubber-cover.jpg\" alt=\"PU VFFS Belt with Rubber Cover\" class=\"wp-image-2320 size-full\"\/><\/figure><div class=\"wp-block-media-text__content\">\n<p><a href=\"https:\/\/inventcad.ro\/ro\/produse\/distribuitor-produse-bervina\/curele-de-distributie\/curele-de-distributie-vffs\/pu-vffs-belt-with-rubber-cover\/\">PU VFFS Belt with Rubber Cover<\/a><\/p>\n<\/div><\/div>\n\n\n\n<div class=\"wp-block-media-text is-stacked-on-mobile\" style=\"grid-template-columns:20% auto\"><figure class=\"wp-block-media-text__media\"><img loading=\"lazy\" decoding=\"async\" width=\"256\" height=\"128\" src=\"https:\/\/inventcad.ro\/ro\/wp-content\/uploads\/2025\/03\/vffs-rubber-belt-with-silicone-cover.jpg\" alt=\"Neoprene VFFS Belt with Silicone Cover\" class=\"wp-image-2323 size-full\"\/><\/figure><div class=\"wp-block-media-text__content\">\n<p><a href=\"https:\/\/inventcad.ro\/ro\/produse\/distribuitor-produse-bervina\/curele-de-distributie\/curele-de-distributie-vffs\/neoprene-vffs-belt-with-silicone-cover\/\">Neoprene VFFS Belt with Silicone Cover<\/a><\/p>\n<\/div><\/div>\n\n\n\n<div class=\"wp-block-media-text is-stacked-on-mobile\" style=\"grid-template-columns:20% auto\"><figure class=\"wp-block-media-text__media\"><img loading=\"lazy\" decoding=\"async\" width=\"256\" height=\"128\" src=\"https:\/\/inventcad.ro\/ro\/wp-content\/uploads\/2025\/03\/neoprene-timing-belt-with-linatex-cover-1.jpg\" alt=\"Neoprene VFFS Belt with Linatex Cover\" class=\"wp-image-2326 size-full\"\/><\/figure><div class=\"wp-block-media-text__content\">\n<p><a href=\"https:\/\/inventcad.ro\/ro\/produse\/distribuitor-produse-bervina\/curele-de-distributie\/curele-de-distributie-vffs\/neoprene-vffs-belt-with-linatex-cover\/\">Neoprene VFFS Belt with Linatex Cover<\/a><\/p>\n<\/div><\/div>\n\n\n\n<div class=\"wp-block-media-text is-stacked-on-mobile\" style=\"grid-template-columns:20% auto\"><figure class=\"wp-block-media-text__media\"><img loading=\"lazy\" decoding=\"async\" width=\"256\" height=\"128\" src=\"https:\/\/inventcad.ro\/ro\/wp-content\/uploads\/2025\/03\/neopreme-timing-belt-with-rubber-cover-1.jpg\" alt=\"Neoprene VFFS Belt with Rubber Cover\" class=\"wp-image-2325 size-full\"\/><\/figure><div class=\"wp-block-media-text__content\">\n<p><a href=\"https:\/\/inventcad.ro\/ro\/produse\/distribuitor-produse-bervina\/curele-de-distributie\/curele-de-distributie-vffs\/neoprene-vffs-belt-with-rubber-cover\/\">Neoprene VFFS Belt with Rubber Cover<\/a><\/p>\n<\/div><\/div>\n\n\n\n<div class=\"wp-block-media-text is-stacked-on-mobile\" style=\"grid-template-columns:20% auto\"><figure class=\"wp-block-media-text__media\"><img loading=\"lazy\" decoding=\"async\" width=\"256\" height=\"128\" src=\"https:\/\/inventcad.ro\/ro\/wp-content\/uploads\/2025\/03\/Bervina-12.5-T10.5-934.5-Neoprene-6-mm-Si-vacC-TNA-timing-belt-web.png\" alt=\"TNA Neoprene VFFS Belt with Silicone cover\" class=\"wp-image-2324 size-full\"\/><\/figure><div class=\"wp-block-media-text__content\">\n<p><a href=\"https:\/\/inventcad.ro\/ro\/produse\/distribuitor-produse-bervina\/curele-de-distributie\/curele-de-distributie-vffs\/tna-neoprene-vffs-belt-with-silicone-cover\/\">TNA Neoprene VFFS Belt with Silicone cover<\/a><\/p>\n<\/div><\/div>\n\n\n\n<div class=\"wp-block-media-text is-stacked-on-mobile\" style=\"grid-template-columns:20% auto\"><figure class=\"wp-block-media-text__media\"><img loading=\"lazy\" decoding=\"async\" width=\"256\" height=\"128\" src=\"https:\/\/inventcad.ro\/ro\/wp-content\/uploads\/2025\/03\/Triangle-VFFS-belt.png\" alt=\"Triangle PU VFFS Belt\" class=\"wp-image-2322 size-full\"\/><\/figure><div class=\"wp-block-media-text__content\">\n<p><a href=\"https:\/\/inventcad.ro\/ro\/produse\/distribuitor-produse-bervina\/curele-de-distributie\/curele-de-distributie-vffs\/triangle-pu-vffs-belttriangle-340-xl-178-pu-pe-2-mm-pu-vac-a\/\">Triangle PU VFFS Belt<\/a><\/p>\n<\/div><\/div>\n\n\n\n<div class=\"wp-block-media-text is-stacked-on-mobile\" style=\"grid-template-columns:20% auto\"><figure class=\"wp-block-media-text__media\"><img loading=\"lazy\" decoding=\"async\" width=\"256\" height=\"128\" src=\"https:\/\/inventcad.ro\/ro\/wp-content\/uploads\/2025\/03\/T10-630-6-mm-Si-2-scaled-1.jpg\" alt=\"PU Timing Belts with Molded Silicone Cover\" class=\"wp-image-2321 size-full\"\/><\/figure><div class=\"wp-block-media-text__content\">\n<p><a href=\"https:\/\/inventcad.ro\/ro\/produse\/distribuitor-produse-bervina\/curele-de-distributie\/curele-de-distributie-vffs\/pu-timing-belts-with-molded-silicone-cover\/\">PU Timing Belts with Molded Silicone Cover<\/a><\/p>\n<\/div><\/div>\n","protected":false},"excerpt":{"rendered":"<p>Bervina produce curele de distribu\u021bie VFFS folosind curele de baz\u0103 din poliuretan sau neopren cu duritate 90 ShA at\u00e2t \u00een \u200b\u200bprofile metrice, c\u00e2t \u0219i \u00een inch. Aceste curele de distribu\u021bie VFFS (Vertical Form Fill Seal Machines) sunt formate din 3 straturi: cureaua de distribu\u021bie din\u021bat\u0103 de baz\u0103 f\u0103r\u0103 sf\u00e2r\u0219it + adeziv + acoperire f\u0103r\u0103 sudur\u0103 &hellip; <\/p>\n<p class=\"link-more\"><a href=\"https:\/\/inventcad.ro\/ro\/produse\/distribuitor-produse-bervina\/curele-de-distributie\/curele-de-distributie-vffs\/\" class=\"more-link\">Continu\u0103 lectura<span class=\"screen-reader-text\"> \u201eCurele de distributie VFFS\u201d<\/span><\/a><\/p>\n","protected":false},"author":1,"featured_media":0,"parent":2107,"menu_order":32,"comment_status":"closed","ping_status":"closed","template":"","meta":{"footnotes":""},"class_list":["post-2098","page","type-page","status-publish","hentry"],"yoast_head":"<!-- This site is optimized with the Yoast SEO Premium plugin v27.3 (Yoast SEO v27.3) - https:\/\/yoast.com\/product\/yoast-seo-premium-wordpress\/ -->\n<title>Curele de distributie VFFS - InventCAD<\/title>\n<meta name=\"robots\" content=\"index, follow, max-snippet:-1, max-image-preview:large, max-video-preview:-1\" \/>\n<link rel=\"canonical\" href=\"https:\/\/inventcad.ro\/ro\/produse\/distribuitor-produse-bervina\/curele-de-distributie\/curele-de-distributie-vffs\/\" \/>\n<meta property=\"og:locale\" content=\"ro_RO\" \/>\n<meta property=\"og:type\" content=\"article\" \/>\n<meta property=\"og:title\" content=\"Curele de distributie VFFS\" \/>\n<meta property=\"og:description\" content=\"Bervina produce curele de distribu\u021bie VFFS folosind curele de baz\u0103 din poliuretan sau neopren cu duritate 90 ShA at\u00e2t \u00een \u200b\u200bprofile metrice, c\u00e2t \u0219i \u00een inch. Aceste curele de distribu\u021bie VFFS (Vertical Form Fill Seal Machines) sunt formate din 3 straturi: cureaua de distribu\u021bie din\u021bat\u0103 de baz\u0103 f\u0103r\u0103 sf\u00e2r\u0219it + adeziv + acoperire f\u0103r\u0103 sudur\u0103 &hellip; Continu\u0103 lectura \u201eCurele de distributie VFFS\u201d\" \/>\n<meta property=\"og:url\" content=\"https:\/\/inventcad.ro\/ro\/produse\/distribuitor-produse-bervina\/curele-de-distributie\/curele-de-distributie-vffs\/\" \/>\n<meta property=\"og:site_name\" content=\"InventCAD\" \/>\n<meta property=\"article:publisher\" content=\"https:\/\/www.facebook.com\/inventcad\" \/>\n<meta property=\"article:modified_time\" content=\"2025-03-12T10:54:43+00:00\" \/>\n<meta property=\"og:image\" content=\"https:\/\/inventcad.ro\/ro\/wp-content\/uploads\/2025\/03\/vffs-polyurethane-timing-belt-with-silicone-cover-ortw.jpg\" \/>\n\t<meta property=\"og:image:width\" content=\"256\" \/>\n\t<meta property=\"og:image:height\" content=\"128\" \/>\n\t<meta property=\"og:image:type\" content=\"image\/jpeg\" \/>\n<meta name=\"twitter:card\" content=\"summary_large_image\" \/>\n<meta name=\"twitter:label1\" content=\"Timp estimat pentru citire\" \/>\n\t<meta name=\"twitter:data1\" content=\"3 minute\" \/>\n<script type=\"application\/ld+json\" class=\"yoast-schema-graph\">{\"@context\":\"https:\\\/\\\/schema.org\",\"@graph\":[{\"@type\":\"WebPage\",\"@id\":\"https:\\\/\\\/inventcad.ro\\\/ro\\\/produse\\\/distribuitor-produse-bervina\\\/curele-de-distributie\\\/curele-de-distributie-vffs\\\/\",\"url\":\"https:\\\/\\\/inventcad.ro\\\/ro\\\/produse\\\/distribuitor-produse-bervina\\\/curele-de-distributie\\\/curele-de-distributie-vffs\\\/\",\"name\":\"Curele de distributie VFFS - InventCAD\",\"isPartOf\":{\"@id\":\"https:\\\/\\\/inventcad.ro\\\/ro\\\/#website\"},\"primaryImageOfPage\":{\"@id\":\"https:\\\/\\\/inventcad.ro\\\/ro\\\/produse\\\/distribuitor-produse-bervina\\\/curele-de-distributie\\\/curele-de-distributie-vffs\\\/#primaryimage\"},\"image\":{\"@id\":\"https:\\\/\\\/inventcad.ro\\\/ro\\\/produse\\\/distribuitor-produse-bervina\\\/curele-de-distributie\\\/curele-de-distributie-vffs\\\/#primaryimage\"},\"thumbnailUrl\":\"https:\\\/\\\/inventcad.ro\\\/ro\\\/wp-content\\\/uploads\\\/2025\\\/03\\\/vffs-polyurethane-timing-belt-with-silicone-cover-ortw.jpg\",\"datePublished\":\"2025-03-01T09:19:30+00:00\",\"dateModified\":\"2025-03-12T10:54:43+00:00\",\"breadcrumb\":{\"@id\":\"https:\\\/\\\/inventcad.ro\\\/ro\\\/produse\\\/distribuitor-produse-bervina\\\/curele-de-distributie\\\/curele-de-distributie-vffs\\\/#breadcrumb\"},\"inLanguage\":\"ro-RO\",\"potentialAction\":[{\"@type\":\"ReadAction\",\"target\":[\"https:\\\/\\\/inventcad.ro\\\/ro\\\/produse\\\/distribuitor-produse-bervina\\\/curele-de-distributie\\\/curele-de-distributie-vffs\\\/\"]}]},{\"@type\":\"ImageObject\",\"inLanguage\":\"ro-RO\",\"@id\":\"https:\\\/\\\/inventcad.ro\\\/ro\\\/produse\\\/distribuitor-produse-bervina\\\/curele-de-distributie\\\/curele-de-distributie-vffs\\\/#primaryimage\",\"url\":\"https:\\\/\\\/inventcad.ro\\\/ro\\\/wp-content\\\/uploads\\\/2025\\\/03\\\/vffs-polyurethane-timing-belt-with-silicone-cover-ortw.jpg\",\"contentUrl\":\"https:\\\/\\\/inventcad.ro\\\/ro\\\/wp-content\\\/uploads\\\/2025\\\/03\\\/vffs-polyurethane-timing-belt-with-silicone-cover-ortw.jpg\",\"width\":256,\"height\":128},{\"@type\":\"BreadcrumbList\",\"@id\":\"https:\\\/\\\/inventcad.ro\\\/ro\\\/produse\\\/distribuitor-produse-bervina\\\/curele-de-distributie\\\/curele-de-distributie-vffs\\\/#breadcrumb\",\"itemListElement\":[{\"@type\":\"ListItem\",\"position\":1,\"name\":\"Home\",\"item\":\"https:\\\/\\\/inventcad.ro\\\/ro\\\/\"},{\"@type\":\"ListItem\",\"position\":2,\"name\":\"Produse\",\"item\":\"https:\\\/\\\/inventcad.ro\\\/ro\\\/produse\\\/\"},{\"@type\":\"ListItem\",\"position\":3,\"name\":\"Distribuitor produse BERVINA\",\"item\":\"https:\\\/\\\/inventcad.ro\\\/ro\\\/produse\\\/distribuitor-produse-bervina\\\/\"},{\"@type\":\"ListItem\",\"position\":4,\"name\":\"Curele de distributie\",\"item\":\"https:\\\/\\\/inventcad.ro\\\/ro\\\/produse\\\/distribuitor-produse-bervina\\\/curele-de-distributie\\\/\"},{\"@type\":\"ListItem\",\"position\":5,\"name\":\"Curele de distributie VFFS\"}]},{\"@type\":\"WebSite\",\"@id\":\"https:\\\/\\\/inventcad.ro\\\/ro\\\/#website\",\"url\":\"https:\\\/\\\/inventcad.ro\\\/ro\\\/\",\"name\":\"InventCAD\",\"description\":\"Proiectare mecanic\u0103, automatiz\u0103ri industriale\",\"publisher\":{\"@id\":\"https:\\\/\\\/inventcad.ro\\\/ro\\\/#organization\"},\"potentialAction\":[{\"@type\":\"SearchAction\",\"target\":{\"@type\":\"EntryPoint\",\"urlTemplate\":\"https:\\\/\\\/inventcad.ro\\\/ro\\\/?s={search_term_string}\"},\"query-input\":{\"@type\":\"PropertyValueSpecification\",\"valueRequired\":true,\"valueName\":\"search_term_string\"}}],\"inLanguage\":\"ro-RO\"},{\"@type\":\"Organization\",\"@id\":\"https:\\\/\\\/inventcad.ro\\\/ro\\\/#organization\",\"name\":\"InventCAD\",\"url\":\"https:\\\/\\\/inventcad.ro\\\/ro\\\/\",\"logo\":{\"@type\":\"ImageObject\",\"inLanguage\":\"ro-RO\",\"@id\":\"https:\\\/\\\/inventcad.ro\\\/ro\\\/#\\\/schema\\\/logo\\\/image\\\/\",\"url\":\"https:\\\/\\\/inventcad.ro\\\/ro\\\/wp-content\\\/uploads\\\/2020\\\/11\\\/inventcad-logo.png\",\"contentUrl\":\"https:\\\/\\\/inventcad.ro\\\/ro\\\/wp-content\\\/uploads\\\/2020\\\/11\\\/inventcad-logo.png\",\"width\":1653,\"height\":250,\"caption\":\"InventCAD\"},\"image\":{\"@id\":\"https:\\\/\\\/inventcad.ro\\\/ro\\\/#\\\/schema\\\/logo\\\/image\\\/\"},\"sameAs\":[\"https:\\\/\\\/www.facebook.com\\\/inventcad\",\"https:\\\/\\\/www.linkedin.com\\\/company\\\/inventcad\\\/\",\"https:\\\/\\\/www.youtube.com\\\/user\\\/InventCAD\"],\"description\":\"Mechanical design, industrial automation, and engineering services.\",\"email\":\"office@inventcad.ro\",\"legalName\":\"InventCAD SRL\",\"foundingDate\":\"2003-03-10\",\"vatID\":\"RO15368893\",\"numberOfEmployees\":{\"@type\":\"QuantitativeValue\",\"minValue\":\"1\",\"maxValue\":\"10\"}}]}<\/script>\n<!-- \/ Yoast SEO Premium plugin. -->","yoast_head_json":{"title":"Curele de distributie VFFS - InventCAD","robots":{"index":"index","follow":"follow","max-snippet":"max-snippet:-1","max-image-preview":"max-image-preview:large","max-video-preview":"max-video-preview:-1"},"canonical":"https:\/\/inventcad.ro\/ro\/produse\/distribuitor-produse-bervina\/curele-de-distributie\/curele-de-distributie-vffs\/","og_locale":"ro_RO","og_type":"article","og_title":"Curele de distributie VFFS","og_description":"Bervina produce curele de distribu\u021bie VFFS folosind curele de baz\u0103 din poliuretan sau neopren cu duritate 90 ShA at\u00e2t \u00een \u200b\u200bprofile metrice, c\u00e2t \u0219i \u00een inch. Aceste curele de distribu\u021bie VFFS (Vertical Form Fill Seal Machines) sunt formate din 3 straturi: cureaua de distribu\u021bie din\u021bat\u0103 de baz\u0103 f\u0103r\u0103 sf\u00e2r\u0219it + adeziv + acoperire f\u0103r\u0103 sudur\u0103 &hellip; Continu\u0103 lectura \u201eCurele de distributie VFFS\u201d","og_url":"https:\/\/inventcad.ro\/ro\/produse\/distribuitor-produse-bervina\/curele-de-distributie\/curele-de-distributie-vffs\/","og_site_name":"InventCAD","article_publisher":"https:\/\/www.facebook.com\/inventcad","article_modified_time":"2025-03-12T10:54:43+00:00","og_image":[{"width":256,"height":128,"url":"https:\/\/inventcad.ro\/ro\/wp-content\/uploads\/2025\/03\/vffs-polyurethane-timing-belt-with-silicone-cover-ortw.jpg","type":"image\/jpeg"}],"twitter_card":"summary_large_image","twitter_misc":{"Timp estimat pentru citire":"3 minute"},"schema":{"@context":"https:\/\/schema.org","@graph":[{"@type":"WebPage","@id":"https:\/\/inventcad.ro\/ro\/produse\/distribuitor-produse-bervina\/curele-de-distributie\/curele-de-distributie-vffs\/","url":"https:\/\/inventcad.ro\/ro\/produse\/distribuitor-produse-bervina\/curele-de-distributie\/curele-de-distributie-vffs\/","name":"Curele de distributie VFFS - InventCAD","isPartOf":{"@id":"https:\/\/inventcad.ro\/ro\/#website"},"primaryImageOfPage":{"@id":"https:\/\/inventcad.ro\/ro\/produse\/distribuitor-produse-bervina\/curele-de-distributie\/curele-de-distributie-vffs\/#primaryimage"},"image":{"@id":"https:\/\/inventcad.ro\/ro\/produse\/distribuitor-produse-bervina\/curele-de-distributie\/curele-de-distributie-vffs\/#primaryimage"},"thumbnailUrl":"https:\/\/inventcad.ro\/ro\/wp-content\/uploads\/2025\/03\/vffs-polyurethane-timing-belt-with-silicone-cover-ortw.jpg","datePublished":"2025-03-01T09:19:30+00:00","dateModified":"2025-03-12T10:54:43+00:00","breadcrumb":{"@id":"https:\/\/inventcad.ro\/ro\/produse\/distribuitor-produse-bervina\/curele-de-distributie\/curele-de-distributie-vffs\/#breadcrumb"},"inLanguage":"ro-RO","potentialAction":[{"@type":"ReadAction","target":["https:\/\/inventcad.ro\/ro\/produse\/distribuitor-produse-bervina\/curele-de-distributie\/curele-de-distributie-vffs\/"]}]},{"@type":"ImageObject","inLanguage":"ro-RO","@id":"https:\/\/inventcad.ro\/ro\/produse\/distribuitor-produse-bervina\/curele-de-distributie\/curele-de-distributie-vffs\/#primaryimage","url":"https:\/\/inventcad.ro\/ro\/wp-content\/uploads\/2025\/03\/vffs-polyurethane-timing-belt-with-silicone-cover-ortw.jpg","contentUrl":"https:\/\/inventcad.ro\/ro\/wp-content\/uploads\/2025\/03\/vffs-polyurethane-timing-belt-with-silicone-cover-ortw.jpg","width":256,"height":128},{"@type":"BreadcrumbList","@id":"https:\/\/inventcad.ro\/ro\/produse\/distribuitor-produse-bervina\/curele-de-distributie\/curele-de-distributie-vffs\/#breadcrumb","itemListElement":[{"@type":"ListItem","position":1,"name":"Home","item":"https:\/\/inventcad.ro\/ro\/"},{"@type":"ListItem","position":2,"name":"Produse","item":"https:\/\/inventcad.ro\/ro\/produse\/"},{"@type":"ListItem","position":3,"name":"Distribuitor produse BERVINA","item":"https:\/\/inventcad.ro\/ro\/produse\/distribuitor-produse-bervina\/"},{"@type":"ListItem","position":4,"name":"Curele de distributie","item":"https:\/\/inventcad.ro\/ro\/produse\/distribuitor-produse-bervina\/curele-de-distributie\/"},{"@type":"ListItem","position":5,"name":"Curele de distributie VFFS"}]},{"@type":"WebSite","@id":"https:\/\/inventcad.ro\/ro\/#website","url":"https:\/\/inventcad.ro\/ro\/","name":"InventCAD","description":"Proiectare mecanic\u0103, automatiz\u0103ri industriale","publisher":{"@id":"https:\/\/inventcad.ro\/ro\/#organization"},"potentialAction":[{"@type":"SearchAction","target":{"@type":"EntryPoint","urlTemplate":"https:\/\/inventcad.ro\/ro\/?s={search_term_string}"},"query-input":{"@type":"PropertyValueSpecification","valueRequired":true,"valueName":"search_term_string"}}],"inLanguage":"ro-RO"},{"@type":"Organization","@id":"https:\/\/inventcad.ro\/ro\/#organization","name":"InventCAD","url":"https:\/\/inventcad.ro\/ro\/","logo":{"@type":"ImageObject","inLanguage":"ro-RO","@id":"https:\/\/inventcad.ro\/ro\/#\/schema\/logo\/image\/","url":"https:\/\/inventcad.ro\/ro\/wp-content\/uploads\/2020\/11\/inventcad-logo.png","contentUrl":"https:\/\/inventcad.ro\/ro\/wp-content\/uploads\/2020\/11\/inventcad-logo.png","width":1653,"height":250,"caption":"InventCAD"},"image":{"@id":"https:\/\/inventcad.ro\/ro\/#\/schema\/logo\/image\/"},"sameAs":["https:\/\/www.facebook.com\/inventcad","https:\/\/www.linkedin.com\/company\/inventcad\/","https:\/\/www.youtube.com\/user\/InventCAD"],"description":"Mechanical design, industrial automation, and engineering services.","email":"office@inventcad.ro","legalName":"InventCAD SRL","foundingDate":"2003-03-10","vatID":"RO15368893","numberOfEmployees":{"@type":"QuantitativeValue","minValue":"1","maxValue":"10"}}]}},"_links":{"self":[{"href":"https:\/\/inventcad.ro\/ro\/wp-json\/wp\/v2\/pages\/2098","targetHints":{"allow":["GET"]}}],"collection":[{"href":"https:\/\/inventcad.ro\/ro\/wp-json\/wp\/v2\/pages"}],"about":[{"href":"https:\/\/inventcad.ro\/ro\/wp-json\/wp\/v2\/types\/page"}],"author":[{"embeddable":true,"href":"https:\/\/inventcad.ro\/ro\/wp-json\/wp\/v2\/users\/1"}],"replies":[{"embeddable":true,"href":"https:\/\/inventcad.ro\/ro\/wp-json\/wp\/v2\/comments?post=2098"}],"version-history":[{"count":15,"href":"https:\/\/inventcad.ro\/ro\/wp-json\/wp\/v2\/pages\/2098\/revisions"}],"predecessor-version":[{"id":2595,"href":"https:\/\/inventcad.ro\/ro\/wp-json\/wp\/v2\/pages\/2098\/revisions\/2595"}],"up":[{"embeddable":true,"href":"https:\/\/inventcad.ro\/ro\/wp-json\/wp\/v2\/pages\/2107"}],"wp:attachment":[{"href":"https:\/\/inventcad.ro\/ro\/wp-json\/wp\/v2\/media?parent=2098"}],"curies":[{"name":"wp","href":"https:\/\/api.w.org\/{rel}","templated":true}]}}