{"id":2058,"date":"2025-03-01T09:46:55","date_gmt":"2025-03-01T07:46:55","guid":{"rendered":"https:\/\/inventcad.ro\/ro\/?page_id=2058"},"modified":"2025-03-11T22:22:12","modified_gmt":"2025-03-11T20:22:12","slug":"distribuitor-produse-bervina","status":"publish","type":"page","link":"https:\/\/inventcad.ro\/ro\/produse\/distribuitor-produse-bervina\/","title":{"rendered":"Distribuitor produse BERVINA"},"content":{"rendered":"\n<figure class=\"wp-block-image size-full\"><img loading=\"lazy\" decoding=\"async\" width=\"281\" height=\"70\" src=\"https:\/\/inventcad.ro\/ro\/wp-content\/uploads\/2025\/02\/bervina_logo.png\" alt=\"\" class=\"wp-image-2059\"\/><\/figure>\n\n\n\n<p>Bervina este o companie de familie care produce componente de transmisie a puterii cu controlul sistemului de control al calit\u0103\u021bii ISO 9001:2000. Compania func\u021bioneaz\u0103 de aproape 40 de ani cu sediul \u00een Ungaria, \u00een cadrul Uniunii Europene.<\/p>\n\n\n\n<p>Firma\u00a0<strong>Invent<span class=\"red\" style=\"color: #ff0000;\">CAD<\/span>\u00a0<\/strong>este distribuitor al produselor <strong>BERVINA<\/strong> \u00een Rom\u00e2nia. V\u0103 putem oferi informa\u021bii tehnice \u0219i oferte de pre\u021b pentru toata gama produselor <strong>BERVINA<\/strong>.<\/p>\n\n\n\n<p>Domeniile de aplica\u021bie ale curelelor de distribu\u021bie produse de <strong>BERVINA <\/strong>sunt produc\u021bia de alimente, utilaje de ambalaj, automatizare, industria de prelucrare a cablurilor.<br>Prin cercetare \u0219i dezvoltare continu\u0103, Bervina Ltd. a devenit un furnizor european important \u00een proiectarea \u0219i fabricarea curelelor speciale.<\/p>\n\n\n\n<div class=\"wp-block-buttons is-layout-flex wp-block-buttons-is-layout-flex\">\n<div class=\"wp-block-button has-custom-width wp-block-button__width-100\"><a class=\"wp-block-button__link wp-element-button\" href=\"mailto:office@inventcad.com?subject=Cerere oferta produse BERVINA&amp;body=Bun\u0103 ziua,%0D%0A%0D%0AV\u0103 rog frumos s\u0103 ne trimite\u021bi ofert\u0103 pentru urm\u0103toarele produse:%0D%0A%0D%0Acurele de distribu\u021bie%20-%20xxx%0Acuplaje miniaturale%20-%20%20xxx%20xxx%0D%0Abuc\u0219e f\u0103r\u0103 cheie%20-%20%20xxx%20xxx%0D%0A%0D%0ACu stim\u0103,%0D%0A%0D%0A\" target=\"_blank\" rel=\" noreferrer noopener nofollow\">Comand\u0103 sau cere informa\u021bii<\/a><\/div>\n<\/div>\n\n\n\n<h2 class=\"wp-block-heading\" id=\"h-categorii-de-produse\">Categorii de produse<\/h2>\n\n\n\n<div class=\"wp-block-media-text is-stacked-on-mobile\" style=\"grid-template-columns:20% auto\"><figure class=\"wp-block-media-text__media\"><img loading=\"lazy\" decoding=\"async\" width=\"830\" height=\"498\" src=\"https:\/\/inventcad.ro\/ro\/wp-content\/uploads\/2025\/03\/vffs-polyurethane-timing-belt-with-silicone-cover-830x498-1.jpg\" alt=\"\" class=\"wp-image-2072 size-full\" srcset=\"https:\/\/inventcad.ro\/ro\/wp-content\/uploads\/2025\/03\/vffs-polyurethane-timing-belt-with-silicone-cover-830x498-1.jpg 830w, https:\/\/inventcad.ro\/ro\/wp-content\/uploads\/2025\/03\/vffs-polyurethane-timing-belt-with-silicone-cover-830x498-1-300x180.jpg 300w, https:\/\/inventcad.ro\/ro\/wp-content\/uploads\/2025\/03\/vffs-polyurethane-timing-belt-with-silicone-cover-830x498-1-768x461.jpg 768w\" sizes=\"auto, (max-width: 767px) 89vw, (max-width: 1000px) 54vw, (max-width: 1071px) 543px, 580px\" \/><\/figure><div class=\"wp-block-media-text__content\">\n<p><a href=\"https:\/\/inventcad.ro\/ro\/produse\/distribuitor-produse-bervina\/curele-de-distributie\/\">Curele de distribu\u021bie din poliuretan<\/a><\/p>\n\n\n\n<p>Produsele noastre de curele servesc ambalajelor, alimentelor, h\u00e2rtiei, proces\u0103rii cablurilor, industriilor farmaceutice. Oferim curele noastre cu diferite suporturi, cum ar fi poliuretan, silicon, Linatex, cauciuc pentru a atinge rezisten\u021ba \u0219i grosimea necesar\u0103 la abraziune.<\/p>\n<\/div><\/div>\n\n\n\n<div class=\"wp-block-media-text is-stacked-on-mobile\" style=\"grid-template-columns:20% auto\"><figure class=\"wp-block-media-text__media\"><img loading=\"lazy\" decoding=\"async\" width=\"830\" height=\"498\" src=\"https:\/\/inventcad.ro\/ro\/wp-content\/uploads\/2025\/03\/stainless-steel-beam-coupling-with-set-screw-fixing-830x498-1.png\" alt=\"stainless-steel-beam-coupling\" class=\"wp-image-2194 size-full\" srcset=\"https:\/\/inventcad.ro\/ro\/wp-content\/uploads\/2025\/03\/stainless-steel-beam-coupling-with-set-screw-fixing-830x498-1.png 830w, https:\/\/inventcad.ro\/ro\/wp-content\/uploads\/2025\/03\/stainless-steel-beam-coupling-with-set-screw-fixing-830x498-1-300x180.png 300w, https:\/\/inventcad.ro\/ro\/wp-content\/uploads\/2025\/03\/stainless-steel-beam-coupling-with-set-screw-fixing-830x498-1-768x461.png 768w\" sizes=\"auto, (max-width: 767px) 89vw, (max-width: 1000px) 54vw, (max-width: 1071px) 543px, 580px\" \/><\/figure><div class=\"wp-block-media-text__content\">\n<p><a href=\"https:\/\/inventcad.ro\/ro\/produse\/distribuitor-produse-bervina\/cuplaje-miniatura\/\">Cuplaje miniaturale<\/a> <\/p>\n\n\n\n<p>O gam\u0103 larg\u0103 de cuplaje miniaturale pentru a oferi solu\u021bii pentru aplica\u021bii precum actuatoare liniare, rezolutoare, \u0219uruburi cu bile \u0219i plumb, codificatoare cu arbore, motoare pas cu pas \u0219i servo, robo\u021bi, mese de pozi\u021bionare, calculatoare.<\/p>\n<\/div><\/div>\n\n\n\n<div class=\"wp-block-media-text is-stacked-on-mobile\" style=\"grid-template-columns:20% auto\"><figure class=\"wp-block-media-text__media\"><img loading=\"lazy\" decoding=\"async\" width=\"830\" height=\"498\" src=\"https:\/\/inventcad.ro\/ro\/wp-content\/uploads\/2025\/03\/stainless-steel-taper-bush-830x498-2.jpg\" alt=\"stainless-steel-taper-bush\" class=\"wp-image-2192 size-full\" srcset=\"https:\/\/inventcad.ro\/ro\/wp-content\/uploads\/2025\/03\/stainless-steel-taper-bush-830x498-2.jpg 830w, https:\/\/inventcad.ro\/ro\/wp-content\/uploads\/2025\/03\/stainless-steel-taper-bush-830x498-2-300x180.jpg 300w, https:\/\/inventcad.ro\/ro\/wp-content\/uploads\/2025\/03\/stainless-steel-taper-bush-830x498-2-768x461.jpg 768w\" sizes=\"auto, (max-width: 767px) 89vw, (max-width: 1000px) 54vw, (max-width: 1071px) 543px, 580px\" \/><\/figure><div class=\"wp-block-media-text__content\">\n<p><a href=\"https:\/\/inventcad.ro\/ro\/produse\/distribuitor-produse-bervina\/buchse-conice-fara-cheie\/\">Buc\u0219e conice f\u0103r\u0103 cheie<\/a><\/p>\n\n\n\n<p>Buc\u0219ele conice asigur\u0103 o conexiune f\u0103r\u0103 joc la butuci \u0219i arbori care accept\u0103 un cuplu ridicat. Sunt disponibile produse din o\u021bel inoxidabil \u0219i o\u021bel carbon.<\/p>\n<\/div><\/div>\n\n\n\n<p><\/p>\n","protected":false},"excerpt":{"rendered":"<p>Bervina este o companie de familie care produce componente de transmisie a puterii cu controlul sistemului de control al calit\u0103\u021bii ISO 9001:2000. Compania func\u021bioneaz\u0103 de aproape 40 de ani cu sediul \u00een Ungaria, \u00een cadrul Uniunii Europene. Firma\u00a0InventCAD\u00a0este distribuitor al produselor BERVINA \u00een Rom\u00e2nia. V\u0103 putem oferi informa\u021bii tehnice \u0219i oferte de pre\u021b pentru toata &hellip; <\/p>\n<p class=\"link-more\"><a href=\"https:\/\/inventcad.ro\/ro\/produse\/distribuitor-produse-bervina\/\" class=\"more-link\">Continu\u0103 lectura<span class=\"screen-reader-text\"> \u201eDistribuitor produse BERVINA\u201d<\/span><\/a><\/p>\n","protected":false},"author":1,"featured_media":0,"parent":156,"menu_order":18,"comment_status":"closed","ping_status":"closed","template":"","meta":{"footnotes":""},"class_list":["post-2058","page","type-page","status-publish","hentry"],"yoast_head":"<!-- This site is optimized with the Yoast SEO Premium plugin v27.3 (Yoast SEO v27.3) - https:\/\/yoast.com\/product\/yoast-seo-premium-wordpress\/ -->\n<title>Distribuitor produse BERVINA - InventCAD<\/title>\n<meta name=\"description\" content=\"Descoperi\u021bi curele de distributie de calitate superioar\u0103 pentru industrii variate, de la alimenta\u021bie la automatizare.\" \/>\n<meta name=\"robots\" content=\"index, follow, max-snippet:-1, max-image-preview:large, max-video-preview:-1\" \/>\n<link rel=\"canonical\" href=\"https:\/\/inventcad.ro\/ro\/produse\/distribuitor-produse-bervina\/\" \/>\n<meta property=\"og:locale\" content=\"ro_RO\" \/>\n<meta property=\"og:type\" content=\"article\" \/>\n<meta property=\"og:title\" content=\"Distribuitor produse BERVINA\" \/>\n<meta property=\"og:description\" content=\"Descoperi\u021bi curele de distributie de calitate superioar\u0103 pentru industrii variate, de la alimenta\u021bie la automatizare.\" \/>\n<meta property=\"og:url\" content=\"https:\/\/inventcad.ro\/ro\/produse\/distribuitor-produse-bervina\/\" \/>\n<meta property=\"og:site_name\" content=\"InventCAD\" \/>\n<meta property=\"article:publisher\" content=\"https:\/\/www.facebook.com\/inventcad\" \/>\n<meta property=\"article:modified_time\" content=\"2025-03-11T20:22:12+00:00\" \/>\n<meta property=\"og:image\" content=\"https:\/\/inventcad.ro\/ro\/wp-content\/uploads\/2025\/02\/bervina_logo.png\" \/>\n\t<meta property=\"og:image:width\" content=\"281\" \/>\n\t<meta property=\"og:image:height\" content=\"70\" \/>\n\t<meta property=\"og:image:type\" content=\"image\/png\" \/>\n<meta name=\"twitter:card\" content=\"summary_large_image\" \/>\n<meta name=\"twitter:label1\" content=\"Timp estimat pentru citire\" \/>\n\t<meta name=\"twitter:data1\" content=\"2 minute\" \/>\n<script type=\"application\/ld+json\" class=\"yoast-schema-graph\">{\"@context\":\"https:\\\/\\\/schema.org\",\"@graph\":[{\"@type\":\"WebPage\",\"@id\":\"https:\\\/\\\/inventcad.ro\\\/ro\\\/produse\\\/distribuitor-produse-bervina\\\/\",\"url\":\"https:\\\/\\\/inventcad.ro\\\/ro\\\/produse\\\/distribuitor-produse-bervina\\\/\",\"name\":\"Distribuitor produse BERVINA - InventCAD\",\"isPartOf\":{\"@id\":\"https:\\\/\\\/inventcad.ro\\\/ro\\\/#website\"},\"primaryImageOfPage\":{\"@id\":\"https:\\\/\\\/inventcad.ro\\\/ro\\\/produse\\\/distribuitor-produse-bervina\\\/#primaryimage\"},\"image\":{\"@id\":\"https:\\\/\\\/inventcad.ro\\\/ro\\\/produse\\\/distribuitor-produse-bervina\\\/#primaryimage\"},\"thumbnailUrl\":\"https:\\\/\\\/inventcad.ro\\\/ro\\\/wp-content\\\/uploads\\\/2025\\\/02\\\/bervina_logo.png\",\"datePublished\":\"2025-03-01T07:46:55+00:00\",\"dateModified\":\"2025-03-11T20:22:12+00:00\",\"description\":\"Descoperi\u021bi curele de distributie de calitate superioar\u0103 pentru industrii variate, de la alimenta\u021bie la automatizare.\",\"breadcrumb\":{\"@id\":\"https:\\\/\\\/inventcad.ro\\\/ro\\\/produse\\\/distribuitor-produse-bervina\\\/#breadcrumb\"},\"inLanguage\":\"ro-RO\",\"potentialAction\":[{\"@type\":\"ReadAction\",\"target\":[\"https:\\\/\\\/inventcad.ro\\\/ro\\\/produse\\\/distribuitor-produse-bervina\\\/\"]}]},{\"@type\":\"ImageObject\",\"inLanguage\":\"ro-RO\",\"@id\":\"https:\\\/\\\/inventcad.ro\\\/ro\\\/produse\\\/distribuitor-produse-bervina\\\/#primaryimage\",\"url\":\"https:\\\/\\\/inventcad.ro\\\/ro\\\/wp-content\\\/uploads\\\/2025\\\/02\\\/bervina_logo.png\",\"contentUrl\":\"https:\\\/\\\/inventcad.ro\\\/ro\\\/wp-content\\\/uploads\\\/2025\\\/02\\\/bervina_logo.png\",\"width\":281,\"height\":70},{\"@type\":\"BreadcrumbList\",\"@id\":\"https:\\\/\\\/inventcad.ro\\\/ro\\\/produse\\\/distribuitor-produse-bervina\\\/#breadcrumb\",\"itemListElement\":[{\"@type\":\"ListItem\",\"position\":1,\"name\":\"Home\",\"item\":\"https:\\\/\\\/inventcad.ro\\\/ro\\\/\"},{\"@type\":\"ListItem\",\"position\":2,\"name\":\"Produse\",\"item\":\"https:\\\/\\\/inventcad.ro\\\/ro\\\/produse\\\/\"},{\"@type\":\"ListItem\",\"position\":3,\"name\":\"Distribuitor produse BERVINA\"}]},{\"@type\":\"WebSite\",\"@id\":\"https:\\\/\\\/inventcad.ro\\\/ro\\\/#website\",\"url\":\"https:\\\/\\\/inventcad.ro\\\/ro\\\/\",\"name\":\"InventCAD\",\"description\":\"Proiectare mecanic\u0103, automatiz\u0103ri industriale\",\"publisher\":{\"@id\":\"https:\\\/\\\/inventcad.ro\\\/ro\\\/#organization\"},\"potentialAction\":[{\"@type\":\"SearchAction\",\"target\":{\"@type\":\"EntryPoint\",\"urlTemplate\":\"https:\\\/\\\/inventcad.ro\\\/ro\\\/?s={search_term_string}\"},\"query-input\":{\"@type\":\"PropertyValueSpecification\",\"valueRequired\":true,\"valueName\":\"search_term_string\"}}],\"inLanguage\":\"ro-RO\"},{\"@type\":\"Organization\",\"@id\":\"https:\\\/\\\/inventcad.ro\\\/ro\\\/#organization\",\"name\":\"InventCAD\",\"url\":\"https:\\\/\\\/inventcad.ro\\\/ro\\\/\",\"logo\":{\"@type\":\"ImageObject\",\"inLanguage\":\"ro-RO\",\"@id\":\"https:\\\/\\\/inventcad.ro\\\/ro\\\/#\\\/schema\\\/logo\\\/image\\\/\",\"url\":\"https:\\\/\\\/inventcad.ro\\\/ro\\\/wp-content\\\/uploads\\\/2020\\\/11\\\/inventcad-logo.png\",\"contentUrl\":\"https:\\\/\\\/inventcad.ro\\\/ro\\\/wp-content\\\/uploads\\\/2020\\\/11\\\/inventcad-logo.png\",\"width\":1653,\"height\":250,\"caption\":\"InventCAD\"},\"image\":{\"@id\":\"https:\\\/\\\/inventcad.ro\\\/ro\\\/#\\\/schema\\\/logo\\\/image\\\/\"},\"sameAs\":[\"https:\\\/\\\/www.facebook.com\\\/inventcad\",\"https:\\\/\\\/www.linkedin.com\\\/company\\\/inventcad\\\/\",\"https:\\\/\\\/www.youtube.com\\\/user\\\/InventCAD\"],\"description\":\"Mechanical design, industrial automation, and engineering services.\",\"email\":\"office@inventcad.ro\",\"legalName\":\"InventCAD SRL\",\"foundingDate\":\"2003-03-10\",\"vatID\":\"RO15368893\",\"numberOfEmployees\":{\"@type\":\"QuantitativeValue\",\"minValue\":\"1\",\"maxValue\":\"10\"}}]}<\/script>\n<!-- \/ Yoast SEO Premium plugin. -->","yoast_head_json":{"title":"Distribuitor produse BERVINA - InventCAD","description":"Descoperi\u021bi curele de distributie de calitate superioar\u0103 pentru industrii variate, de la alimenta\u021bie la automatizare.","robots":{"index":"index","follow":"follow","max-snippet":"max-snippet:-1","max-image-preview":"max-image-preview:large","max-video-preview":"max-video-preview:-1"},"canonical":"https:\/\/inventcad.ro\/ro\/produse\/distribuitor-produse-bervina\/","og_locale":"ro_RO","og_type":"article","og_title":"Distribuitor produse BERVINA","og_description":"Descoperi\u021bi curele de distributie de calitate superioar\u0103 pentru industrii variate, de la alimenta\u021bie la automatizare.","og_url":"https:\/\/inventcad.ro\/ro\/produse\/distribuitor-produse-bervina\/","og_site_name":"InventCAD","article_publisher":"https:\/\/www.facebook.com\/inventcad","article_modified_time":"2025-03-11T20:22:12+00:00","og_image":[{"width":281,"height":70,"url":"https:\/\/inventcad.ro\/ro\/wp-content\/uploads\/2025\/02\/bervina_logo.png","type":"image\/png"}],"twitter_card":"summary_large_image","twitter_misc":{"Timp estimat pentru citire":"2 minute"},"schema":{"@context":"https:\/\/schema.org","@graph":[{"@type":"WebPage","@id":"https:\/\/inventcad.ro\/ro\/produse\/distribuitor-produse-bervina\/","url":"https:\/\/inventcad.ro\/ro\/produse\/distribuitor-produse-bervina\/","name":"Distribuitor produse BERVINA - InventCAD","isPartOf":{"@id":"https:\/\/inventcad.ro\/ro\/#website"},"primaryImageOfPage":{"@id":"https:\/\/inventcad.ro\/ro\/produse\/distribuitor-produse-bervina\/#primaryimage"},"image":{"@id":"https:\/\/inventcad.ro\/ro\/produse\/distribuitor-produse-bervina\/#primaryimage"},"thumbnailUrl":"https:\/\/inventcad.ro\/ro\/wp-content\/uploads\/2025\/02\/bervina_logo.png","datePublished":"2025-03-01T07:46:55+00:00","dateModified":"2025-03-11T20:22:12+00:00","description":"Descoperi\u021bi curele de distributie de calitate superioar\u0103 pentru industrii variate, de la alimenta\u021bie la automatizare.","breadcrumb":{"@id":"https:\/\/inventcad.ro\/ro\/produse\/distribuitor-produse-bervina\/#breadcrumb"},"inLanguage":"ro-RO","potentialAction":[{"@type":"ReadAction","target":["https:\/\/inventcad.ro\/ro\/produse\/distribuitor-produse-bervina\/"]}]},{"@type":"ImageObject","inLanguage":"ro-RO","@id":"https:\/\/inventcad.ro\/ro\/produse\/distribuitor-produse-bervina\/#primaryimage","url":"https:\/\/inventcad.ro\/ro\/wp-content\/uploads\/2025\/02\/bervina_logo.png","contentUrl":"https:\/\/inventcad.ro\/ro\/wp-content\/uploads\/2025\/02\/bervina_logo.png","width":281,"height":70},{"@type":"BreadcrumbList","@id":"https:\/\/inventcad.ro\/ro\/produse\/distribuitor-produse-bervina\/#breadcrumb","itemListElement":[{"@type":"ListItem","position":1,"name":"Home","item":"https:\/\/inventcad.ro\/ro\/"},{"@type":"ListItem","position":2,"name":"Produse","item":"https:\/\/inventcad.ro\/ro\/produse\/"},{"@type":"ListItem","position":3,"name":"Distribuitor produse BERVINA"}]},{"@type":"WebSite","@id":"https:\/\/inventcad.ro\/ro\/#website","url":"https:\/\/inventcad.ro\/ro\/","name":"InventCAD","description":"Proiectare mecanic\u0103, automatiz\u0103ri industriale","publisher":{"@id":"https:\/\/inventcad.ro\/ro\/#organization"},"potentialAction":[{"@type":"SearchAction","target":{"@type":"EntryPoint","urlTemplate":"https:\/\/inventcad.ro\/ro\/?s={search_term_string}"},"query-input":{"@type":"PropertyValueSpecification","valueRequired":true,"valueName":"search_term_string"}}],"inLanguage":"ro-RO"},{"@type":"Organization","@id":"https:\/\/inventcad.ro\/ro\/#organization","name":"InventCAD","url":"https:\/\/inventcad.ro\/ro\/","logo":{"@type":"ImageObject","inLanguage":"ro-RO","@id":"https:\/\/inventcad.ro\/ro\/#\/schema\/logo\/image\/","url":"https:\/\/inventcad.ro\/ro\/wp-content\/uploads\/2020\/11\/inventcad-logo.png","contentUrl":"https:\/\/inventcad.ro\/ro\/wp-content\/uploads\/2020\/11\/inventcad-logo.png","width":1653,"height":250,"caption":"InventCAD"},"image":{"@id":"https:\/\/inventcad.ro\/ro\/#\/schema\/logo\/image\/"},"sameAs":["https:\/\/www.facebook.com\/inventcad","https:\/\/www.linkedin.com\/company\/inventcad\/","https:\/\/www.youtube.com\/user\/InventCAD"],"description":"Mechanical design, industrial automation, and engineering services.","email":"office@inventcad.ro","legalName":"InventCAD SRL","foundingDate":"2003-03-10","vatID":"RO15368893","numberOfEmployees":{"@type":"QuantitativeValue","minValue":"1","maxValue":"10"}}]}},"_links":{"self":[{"href":"https:\/\/inventcad.ro\/ro\/wp-json\/wp\/v2\/pages\/2058","targetHints":{"allow":["GET"]}}],"collection":[{"href":"https:\/\/inventcad.ro\/ro\/wp-json\/wp\/v2\/pages"}],"about":[{"href":"https:\/\/inventcad.ro\/ro\/wp-json\/wp\/v2\/types\/page"}],"author":[{"embeddable":true,"href":"https:\/\/inventcad.ro\/ro\/wp-json\/wp\/v2\/users\/1"}],"replies":[{"embeddable":true,"href":"https:\/\/inventcad.ro\/ro\/wp-json\/wp\/v2\/comments?post=2058"}],"version-history":[{"count":29,"href":"https:\/\/inventcad.ro\/ro\/wp-json\/wp\/v2\/pages\/2058\/revisions"}],"predecessor-version":[{"id":2517,"href":"https:\/\/inventcad.ro\/ro\/wp-json\/wp\/v2\/pages\/2058\/revisions\/2517"}],"up":[{"embeddable":true,"href":"https:\/\/inventcad.ro\/ro\/wp-json\/wp\/v2\/pages\/156"}],"wp:attachment":[{"href":"https:\/\/inventcad.ro\/ro\/wp-json\/wp\/v2\/media?parent=2058"}],"curies":[{"name":"wp","href":"https:\/\/api.w.org\/{rel}","templated":true}]}}