{"id":1688,"date":"2021-05-13T13:01:30","date_gmt":"2021-05-13T10:01:30","guid":{"rendered":"https:\/\/inventcad.ro\/ro\/?page_id=1688"},"modified":"2025-03-02T16:01:55","modified_gmt":"2025-03-02T14:01:55","slug":"colaboratori","status":"publish","type":"page","link":"https:\/\/inventcad.ro\/ro\/automatizari-industriale\/colaboratori\/","title":{"rendered":"Colaboratori"},"content":{"rendered":"\n<p>Mai jos sunt prezentate c\u00e2teva firme cu care colabor\u0103m, ale caror produse \u0219i\/sau servicii le utiliz\u0103m \u00een cadrul proiectelor noastre.<\/p>\n\n\n\n<p><a href=\"http:\/\/iasdesign.ro\/\" target=\"_blank\" rel=\"noreferrer noopener\">IAS DESIGN<\/a> &#8211;&nbsp;este o companie specializat\u0103 \u00een furnizarea c\u0103tre clien\u021bi industriali de servicii de inginerie, \u00een domeniul electotehnic. Proiectare \u0219i execu\u021bie tablouri electrice. Programare PLC \u0219i HMI Siemens.<\/p>\n\n\n\n<p><a href=\"https:\/\/www.kuka.com\/en-hu\/about-kuka\/company-profile\/kuka-robotics-romania\" target=\"_blank\" rel=\"noreferrer noopener\">KUKA<\/a> &#8211;&nbsp;KUKA Robotics este unul dintre cei mai importan\u021bi produc\u0103tori de <a href=\"http:\/\/inventcad.ro\/ro\/produse\/\">sisteme robot<\/a><a href=\"http:\/\/inventcad.ro\/ro\/produse\/\">izate<\/a> la nivel&nbsp;mondial.&nbsp;&nbsp;KUKA ofer\u0103 o gam\u0103&nbsp;larg\u0103 \u0219i unic\u0103 de&nbsp;<a href=\"https:\/\/www.kuka.com\/en-hu\/products\/robotics-systems\/industrial-robots\" target=\"_blank\" rel=\"noreferrer noopener\">robo\u021bi industriali&nbsp;<\/a>\u0219i&nbsp;sisteme robotizate, acoperind toate categoriile comune de sarcin\u0103 util\u0103 \u0219i tipuri de robo\u021bi.&nbsp;<a href=\"https:\/\/www.kuka.com\/en-hu\/products\/robotics-systems\/robot-controllers\" target=\"_blank\" rel=\"noreferrer noopener\">Cabinetele de control&nbsp;<\/a>personalizate&nbsp;\u0219i gama de&nbsp;<a href=\"https:\/\/www.kuka.com\/en-hu\/products\/robotics-systems\/software\" target=\"_blank\" rel=\"noreferrer noopener\">software<\/a>-uri pentru o varietate de scenarii \u00eentregesc portofoliul de produse KUKA.<\/p>\n\n\n\n<p><a href=\"http:\/\/www.quidt.ro\/\" target=\"_blank\" rel=\"noreferrer noopener\">QUID T<\/a> &#8211; Curele de transmisie, ro\u021bi de curea sincron\u0103, ghidaje de curea \u0219i lan\u021b.<\/p>\n\n\n\n<p><a href=\"http:\/\/www.minitec.ro\/\" target=\"_blank\" rel=\"noreferrer noopener\">MiniTEC<\/a> &#8211;&nbsp;Profile de aluminiu industriale, accesorii pentru profile de Al.<\/p>\n\n\n\n<p><a href=\"https:\/\/powerbelt.ro\/ro\" target=\"_blank\" rel=\"noreferrer noopener\">Powerbelt<\/a> &#8211;\u00a0Power Belt este unul din liderii pie\u021bei Europei Centrale \u0219i de Est \u00een comercializarea produselor din domeniul transmisiilor mecanice. Compania a fost \u00eenfiin\u021bat\u0103 \u00een 1993, desf\u0103\u0219ur\u00e2ndu-\u0219i ini\u021bial activitatea \u00een domeniul comercializ\u0103rii curelelor de transmisie.\u00a0<\/p>\n\n\n\n<p><a href=\"https:\/\/www.smc.eu\/portal_ssl\/webpages\/04_news_events\/press_room\/company_profile\/company_profile.jsp\" target=\"_blank\" rel=\"noreferrer noopener\">SMC<\/a> &#8211;&nbsp;lider \u015fi expert mondial \u00een pneumatic\u0103 de la prepararea aerului, control pan\u0103 la acuatori utiliza\u021bi \u00een domeniul automatizarilor industriale.<\/p>\n","protected":false},"excerpt":{"rendered":"<p>Mai jos sunt prezentate c\u00e2teva firme cu care colabor\u0103m, ale caror produse \u0219i\/sau servicii le utiliz\u0103m \u00een cadrul proiectelor noastre. IAS DESIGN &#8211;&nbsp;este o companie specializat\u0103 \u00een furnizarea c\u0103tre clien\u021bi industriali de servicii de inginerie, \u00een domeniul electotehnic. Proiectare \u0219i execu\u021bie tablouri electrice. Programare PLC \u0219i HMI Siemens. KUKA &#8211;&nbsp;KUKA Robotics este unul dintre cei &hellip; <\/p>\n<p class=\"link-more\"><a href=\"https:\/\/inventcad.ro\/ro\/automatizari-industriale\/colaboratori\/\" class=\"more-link\">Continu\u0103 lectura<span class=\"screen-reader-text\"> \u201eColaboratori\u201d<\/span><\/a><\/p>\n","protected":false},"author":1,"featured_media":0,"parent":70,"menu_order":33,"comment_status":"closed","ping_status":"closed","template":"","meta":{"footnotes":""},"class_list":["post-1688","page","type-page","status-publish","hentry"],"yoast_head":"<!-- This site is optimized with the Yoast SEO Premium plugin v27.4 (Yoast SEO v27.4) - https:\/\/yoast.com\/product\/yoast-seo-premium-wordpress\/ -->\n<title>Colaboratori - InventCAD<\/title>\n<meta name=\"robots\" content=\"index, follow, max-snippet:-1, max-image-preview:large, max-video-preview:-1\" \/>\n<link rel=\"canonical\" href=\"https:\/\/inventcad.ro\/ro\/automatizari-industriale\/colaboratori\/\" \/>\n<meta property=\"og:locale\" content=\"ro_RO\" \/>\n<meta property=\"og:type\" content=\"article\" \/>\n<meta property=\"og:title\" content=\"Colaboratori\" \/>\n<meta property=\"og:description\" content=\"Mai jos sunt prezentate c\u00e2teva firme cu care colabor\u0103m, ale caror produse \u0219i\/sau servicii le utiliz\u0103m \u00een cadrul proiectelor noastre. IAS DESIGN &#8211;&nbsp;este o companie specializat\u0103 \u00een furnizarea c\u0103tre clien\u021bi industriali de servicii de inginerie, \u00een domeniul electotehnic. Proiectare \u0219i execu\u021bie tablouri electrice. Programare PLC \u0219i HMI Siemens. KUKA &#8211;&nbsp;KUKA Robotics este unul dintre cei &hellip; Continu\u0103 lectura \u201eColaboratori\u201d\" \/>\n<meta property=\"og:url\" content=\"https:\/\/inventcad.ro\/ro\/automatizari-industriale\/colaboratori\/\" \/>\n<meta property=\"og:site_name\" content=\"InventCAD\" \/>\n<meta property=\"article:publisher\" content=\"https:\/\/www.facebook.com\/inventcad\" \/>\n<meta property=\"article:modified_time\" content=\"2025-03-02T14:01:55+00:00\" \/>\n<meta name=\"twitter:card\" content=\"summary_large_image\" \/>\n<meta name=\"twitter:label1\" content=\"Timp estimat pentru citire\" \/>\n\t<meta name=\"twitter:data1\" content=\"2 minute\" \/>\n<script type=\"application\/ld+json\" class=\"yoast-schema-graph\">{\"@context\":\"https:\\\/\\\/schema.org\",\"@graph\":[{\"@type\":\"WebPage\",\"@id\":\"https:\\\/\\\/inventcad.ro\\\/ro\\\/automatizari-industriale\\\/colaboratori\\\/\",\"url\":\"https:\\\/\\\/inventcad.ro\\\/ro\\\/automatizari-industriale\\\/colaboratori\\\/\",\"name\":\"Colaboratori - InventCAD\",\"isPartOf\":{\"@id\":\"https:\\\/\\\/inventcad.ro\\\/ro\\\/#website\"},\"datePublished\":\"2021-05-13T10:01:30+00:00\",\"dateModified\":\"2025-03-02T14:01:55+00:00\",\"breadcrumb\":{\"@id\":\"https:\\\/\\\/inventcad.ro\\\/ro\\\/automatizari-industriale\\\/colaboratori\\\/#breadcrumb\"},\"inLanguage\":\"ro-RO\",\"potentialAction\":[{\"@type\":\"ReadAction\",\"target\":[\"https:\\\/\\\/inventcad.ro\\\/ro\\\/automatizari-industriale\\\/colaboratori\\\/\"]}]},{\"@type\":\"BreadcrumbList\",\"@id\":\"https:\\\/\\\/inventcad.ro\\\/ro\\\/automatizari-industriale\\\/colaboratori\\\/#breadcrumb\",\"itemListElement\":[{\"@type\":\"ListItem\",\"position\":1,\"name\":\"Home\",\"item\":\"https:\\\/\\\/inventcad.ro\\\/ro\\\/\"},{\"@type\":\"ListItem\",\"position\":2,\"name\":\"Home\",\"item\":\"https:\\\/\\\/inventcad.ro\\\/ro\\\/\"},{\"@type\":\"ListItem\",\"position\":3,\"name\":\"Colaboratori\"}]},{\"@type\":\"WebSite\",\"@id\":\"https:\\\/\\\/inventcad.ro\\\/ro\\\/#website\",\"url\":\"https:\\\/\\\/inventcad.ro\\\/ro\\\/\",\"name\":\"InventCAD\",\"description\":\"Proiectare mecanic\u0103, automatiz\u0103ri industriale\",\"publisher\":{\"@id\":\"https:\\\/\\\/inventcad.ro\\\/ro\\\/#organization\"},\"potentialAction\":[{\"@type\":\"SearchAction\",\"target\":{\"@type\":\"EntryPoint\",\"urlTemplate\":\"https:\\\/\\\/inventcad.ro\\\/ro\\\/?s={search_term_string}\"},\"query-input\":{\"@type\":\"PropertyValueSpecification\",\"valueRequired\":true,\"valueName\":\"search_term_string\"}}],\"inLanguage\":\"ro-RO\"},{\"@type\":\"Organization\",\"@id\":\"https:\\\/\\\/inventcad.ro\\\/ro\\\/#organization\",\"name\":\"InventCAD\",\"url\":\"https:\\\/\\\/inventcad.ro\\\/ro\\\/\",\"logo\":{\"@type\":\"ImageObject\",\"inLanguage\":\"ro-RO\",\"@id\":\"https:\\\/\\\/inventcad.ro\\\/ro\\\/#\\\/schema\\\/logo\\\/image\\\/\",\"url\":\"https:\\\/\\\/inventcad.ro\\\/ro\\\/wp-content\\\/uploads\\\/2020\\\/11\\\/inventcad-logo.png\",\"contentUrl\":\"https:\\\/\\\/inventcad.ro\\\/ro\\\/wp-content\\\/uploads\\\/2020\\\/11\\\/inventcad-logo.png\",\"width\":1653,\"height\":250,\"caption\":\"InventCAD\"},\"image\":{\"@id\":\"https:\\\/\\\/inventcad.ro\\\/ro\\\/#\\\/schema\\\/logo\\\/image\\\/\"},\"sameAs\":[\"https:\\\/\\\/www.facebook.com\\\/inventcad\",\"https:\\\/\\\/www.linkedin.com\\\/company\\\/inventcad\\\/\",\"https:\\\/\\\/www.youtube.com\\\/user\\\/InventCAD\"],\"description\":\"Mechanical design, industrial automation, and engineering services.\",\"email\":\"office@inventcad.ro\",\"legalName\":\"InventCAD SRL\",\"foundingDate\":\"2003-03-10\",\"vatID\":\"RO15368893\",\"numberOfEmployees\":{\"@type\":\"QuantitativeValue\",\"minValue\":\"1\",\"maxValue\":\"10\"}}]}<\/script>\n<!-- \/ Yoast SEO Premium plugin. -->","yoast_head_json":{"title":"Colaboratori - InventCAD","robots":{"index":"index","follow":"follow","max-snippet":"max-snippet:-1","max-image-preview":"max-image-preview:large","max-video-preview":"max-video-preview:-1"},"canonical":"https:\/\/inventcad.ro\/ro\/automatizari-industriale\/colaboratori\/","og_locale":"ro_RO","og_type":"article","og_title":"Colaboratori","og_description":"Mai jos sunt prezentate c\u00e2teva firme cu care colabor\u0103m, ale caror produse \u0219i\/sau servicii le utiliz\u0103m \u00een cadrul proiectelor noastre. IAS DESIGN &#8211;&nbsp;este o companie specializat\u0103 \u00een furnizarea c\u0103tre clien\u021bi industriali de servicii de inginerie, \u00een domeniul electotehnic. Proiectare \u0219i execu\u021bie tablouri electrice. Programare PLC \u0219i HMI Siemens. KUKA &#8211;&nbsp;KUKA Robotics este unul dintre cei &hellip; Continu\u0103 lectura \u201eColaboratori\u201d","og_url":"https:\/\/inventcad.ro\/ro\/automatizari-industriale\/colaboratori\/","og_site_name":"InventCAD","article_publisher":"https:\/\/www.facebook.com\/inventcad","article_modified_time":"2025-03-02T14:01:55+00:00","twitter_card":"summary_large_image","twitter_misc":{"Timp estimat pentru citire":"2 minute"},"schema":{"@context":"https:\/\/schema.org","@graph":[{"@type":"WebPage","@id":"https:\/\/inventcad.ro\/ro\/automatizari-industriale\/colaboratori\/","url":"https:\/\/inventcad.ro\/ro\/automatizari-industriale\/colaboratori\/","name":"Colaboratori - InventCAD","isPartOf":{"@id":"https:\/\/inventcad.ro\/ro\/#website"},"datePublished":"2021-05-13T10:01:30+00:00","dateModified":"2025-03-02T14:01:55+00:00","breadcrumb":{"@id":"https:\/\/inventcad.ro\/ro\/automatizari-industriale\/colaboratori\/#breadcrumb"},"inLanguage":"ro-RO","potentialAction":[{"@type":"ReadAction","target":["https:\/\/inventcad.ro\/ro\/automatizari-industriale\/colaboratori\/"]}]},{"@type":"BreadcrumbList","@id":"https:\/\/inventcad.ro\/ro\/automatizari-industriale\/colaboratori\/#breadcrumb","itemListElement":[{"@type":"ListItem","position":1,"name":"Home","item":"https:\/\/inventcad.ro\/ro\/"},{"@type":"ListItem","position":2,"name":"Home","item":"https:\/\/inventcad.ro\/ro\/"},{"@type":"ListItem","position":3,"name":"Colaboratori"}]},{"@type":"WebSite","@id":"https:\/\/inventcad.ro\/ro\/#website","url":"https:\/\/inventcad.ro\/ro\/","name":"InventCAD","description":"Proiectare mecanic\u0103, automatiz\u0103ri industriale","publisher":{"@id":"https:\/\/inventcad.ro\/ro\/#organization"},"potentialAction":[{"@type":"SearchAction","target":{"@type":"EntryPoint","urlTemplate":"https:\/\/inventcad.ro\/ro\/?s={search_term_string}"},"query-input":{"@type":"PropertyValueSpecification","valueRequired":true,"valueName":"search_term_string"}}],"inLanguage":"ro-RO"},{"@type":"Organization","@id":"https:\/\/inventcad.ro\/ro\/#organization","name":"InventCAD","url":"https:\/\/inventcad.ro\/ro\/","logo":{"@type":"ImageObject","inLanguage":"ro-RO","@id":"https:\/\/inventcad.ro\/ro\/#\/schema\/logo\/image\/","url":"https:\/\/inventcad.ro\/ro\/wp-content\/uploads\/2020\/11\/inventcad-logo.png","contentUrl":"https:\/\/inventcad.ro\/ro\/wp-content\/uploads\/2020\/11\/inventcad-logo.png","width":1653,"height":250,"caption":"InventCAD"},"image":{"@id":"https:\/\/inventcad.ro\/ro\/#\/schema\/logo\/image\/"},"sameAs":["https:\/\/www.facebook.com\/inventcad","https:\/\/www.linkedin.com\/company\/inventcad\/","https:\/\/www.youtube.com\/user\/InventCAD"],"description":"Mechanical design, industrial automation, and engineering services.","email":"office@inventcad.ro","legalName":"InventCAD SRL","foundingDate":"2003-03-10","vatID":"RO15368893","numberOfEmployees":{"@type":"QuantitativeValue","minValue":"1","maxValue":"10"}}]}},"_links":{"self":[{"href":"https:\/\/inventcad.ro\/ro\/wp-json\/wp\/v2\/pages\/1688","targetHints":{"allow":["GET"]}}],"collection":[{"href":"https:\/\/inventcad.ro\/ro\/wp-json\/wp\/v2\/pages"}],"about":[{"href":"https:\/\/inventcad.ro\/ro\/wp-json\/wp\/v2\/types\/page"}],"author":[{"embeddable":true,"href":"https:\/\/inventcad.ro\/ro\/wp-json\/wp\/v2\/users\/1"}],"replies":[{"embeddable":true,"href":"https:\/\/inventcad.ro\/ro\/wp-json\/wp\/v2\/comments?post=1688"}],"version-history":[{"count":6,"href":"https:\/\/inventcad.ro\/ro\/wp-json\/wp\/v2\/pages\/1688\/revisions"}],"predecessor-version":[{"id":2129,"href":"https:\/\/inventcad.ro\/ro\/wp-json\/wp\/v2\/pages\/1688\/revisions\/2129"}],"up":[{"embeddable":true,"href":"https:\/\/inventcad.ro\/ro\/wp-json\/wp\/v2\/pages\/70"}],"wp:attachment":[{"href":"https:\/\/inventcad.ro\/ro\/wp-json\/wp\/v2\/media?parent=1688"}],"curies":[{"name":"wp","href":"https:\/\/api.w.org\/{rel}","templated":true}]}}