{"id":1478,"date":"2020-12-09T08:42:17","date_gmt":"2020-12-09T06:42:17","guid":{"rendered":"https:\/\/inventcad.ro\/ro\/?page_id=1478"},"modified":"2025-07-27T12:19:15","modified_gmt":"2025-07-27T09:19:15","slug":"clienti","status":"publish","type":"page","link":"https:\/\/inventcad.ro\/ro\/automatizari-industriale\/clienti\/","title":{"rendered":"Clien\u021bi"},"content":{"rendered":"\n<p>Colabor\u0103m cu o gam\u0103 variat\u0103 de clien\u021bi, pentru care am dezvoltat cu succes diverse proiecte. Uni dintre ei sunt prezenta\u021bi \u00een urmatoare list\u0103:<\/p>\n\n\n\n<p><a href=\"https:\/\/www.amtest-group.ro\/\" target=\"_blank\" rel=\"noreferrer noopener\">AMTEST<\/a> &#8211; Furnizor de solu\u021bi pentru SMT (Tehnologia mont\u0103rii pe suprafa\u021b\u0103).<\/p>\n\n\n\n<p>ATS Anbauger\u00e4te GmbH &#8211; Produce componente folosite la utiliaje de construc\u021bie \u0219i demolare: cupe pentru buldoexcavatoare, cupe de cur\u0103\u021bare a \u0219an\u021burilor, cupe pivotante, cupe de sortare, adaptoare, cuplaje rapide, construc\u021bii speciale, repara\u021bii.<\/p>\n\n\n\n<p><a href=\"https:\/\/inciner.ro\/\" target=\"_blank\" rel=\"noreferrer noopener\">BENTLEY INDUSTRY<\/a> &#8211; Companie specializat\u0103 \u00een produc\u021bia de incineratoare de de\u0219euri de origine animal\u0103, oferind o gam\u0103 larg\u0103 de incineratoare potrivite oricarei aplica\u021bii, \u0219i solu\u021bii personalizate \u00een func\u021bie de cerin\u021bele clien\u021bilor.<\/p>\n\n\n\n<p><a href=\"https:\/\/www.eme.de\/\" target=\"_blank\" rel=\"noreferrer noopener\">EME GmbH<\/a> &#8211; EME are un istoric dovedit \u00een proiectarea \u0219i punerea \u00een func\u021biune a instala\u021biilor la peste 250 de fabrici de sticl\u0103 din peste 80 de \u021b\u0103ri. Parte a grupului SORG, acces\u0103m tehnologie de ultim\u0103 genera\u021bie pentru a ob\u021bine cuno\u0219tin\u021be de neegalat \u00een condi\u021bionarea \u0219i topirea durabile.<\/p>\n\n\n\n<p><a href=\"https:\/\/www.habasit.com\/ro-RO\" target=\"_blank\" rel=\"noreferrer noopener\">HABASIT ROMANIA<\/a> &#8211; Liderul solu\u0163iilor din domeniul benzilor transportoare \u015fi curelelor de transmisie \u00een Rom\u00e2nia \u015fi \u00een lume.<\/p>\n\n\n\n<p><a rel=\"noreferrer noopener\" href=\"https:\/\/www.heinz-mayer.de\/\" target=\"_blank\">heinz mayer GmbH<\/a> &#8211; Componente pentru manipulare &#8211; unitate liniar\u0103, unitate de ghidare, unitate de blocare, cartu\u0219 de blocare, unitate rotativ\u0103 \u0219i priz\u0103 &#8211; de la <strong>heinz mayer GmbH<\/strong> <strong>Maschinenbau <\/strong>se bazeaz\u0103 pe un nivel ridicat de produc\u021bie intern\u0103 \u0219i pot fi combinate individual pentru a crea sistemul de manipulare dorit.<\/p>\n\n\n\n<p><a rel=\"noreferrer noopener\" href=\"http:\/\/iasdesign.ro\/\" target=\"_blank\">IAS DESIGN<\/a> &#8211; este o companie specializat\u0103 \u00een furnizarea catre clien\u021bi industriali de servicii de inginerie \u00een domeniu electrotehnic, tablouri electrice, programare PLS.<\/p>\n\n\n\n<p><a rel=\"noreferrer noopener\" href=\"http:\/\/www.main-automation.de\/index.html\" target=\"_blank\">MAIN AUTOMATION<\/a> &#8211; Automatiz\u0103ri cu robo\u021bi industriali.<\/p>\n","protected":false},"excerpt":{"rendered":"<p>Colabor\u0103m cu o gam\u0103 variat\u0103 de clien\u021bi, pentru care am dezvoltat cu succes diverse proiecte. Uni dintre ei sunt prezenta\u021bi \u00een urmatoare list\u0103: AMTEST &#8211; Furnizor de solu\u021bi pentru SMT (Tehnologia mont\u0103rii pe suprafa\u021b\u0103). ATS Anbauger\u00e4te GmbH &#8211; Produce componente folosite la utiliaje de construc\u021bie \u0219i demolare: cupe pentru buldoexcavatoare, cupe de cur\u0103\u021bare a \u0219an\u021burilor, &hellip; <\/p>\n<p class=\"link-more\"><a href=\"https:\/\/inventcad.ro\/ro\/automatizari-industriale\/clienti\/\" class=\"more-link\">Continu\u0103 lectura<span class=\"screen-reader-text\"> \u201eClien\u021bi\u201d<\/span><\/a><\/p>\n","protected":false},"author":1,"featured_media":0,"parent":70,"menu_order":31,"comment_status":"closed","ping_status":"closed","template":"","meta":{"footnotes":""},"class_list":["post-1478","page","type-page","status-publish","hentry"],"yoast_head":"<!-- This site is optimized with the Yoast SEO Premium plugin v27.2 (Yoast SEO v27.3) - https:\/\/yoast.com\/product\/yoast-seo-premium-wordpress\/ -->\n<title>Clien\u021bi - InventCAD<\/title>\n<meta name=\"description\" content=\"InventCAD Clien\u021bi %\" \/>\n<meta name=\"robots\" content=\"index, follow, max-snippet:-1, max-image-preview:large, max-video-preview:-1\" \/>\n<link rel=\"canonical\" href=\"https:\/\/inventcad.ro\/ro\/automatizari-industriale\/clienti\/\" \/>\n<meta property=\"og:locale\" content=\"ro_RO\" \/>\n<meta property=\"og:type\" content=\"article\" \/>\n<meta property=\"og:title\" content=\"Clien\u021bi\" \/>\n<meta property=\"og:description\" content=\"InventCAD Clien\u021bi %\" \/>\n<meta property=\"og:url\" content=\"https:\/\/inventcad.ro\/ro\/automatizari-industriale\/clienti\/\" \/>\n<meta property=\"og:site_name\" content=\"InventCAD\" \/>\n<meta property=\"article:publisher\" content=\"https:\/\/www.facebook.com\/inventcad\" \/>\n<meta property=\"article:modified_time\" content=\"2025-07-27T09:19:15+00:00\" \/>\n<meta name=\"twitter:card\" content=\"summary_large_image\" \/>\n<meta name=\"twitter:label1\" content=\"Timp estimat pentru citire\" \/>\n\t<meta name=\"twitter:data1\" content=\"2 minute\" \/>\n<script type=\"application\/ld+json\" class=\"yoast-schema-graph\">{\"@context\":\"https:\\\/\\\/schema.org\",\"@graph\":[{\"@type\":\"WebPage\",\"@id\":\"https:\\\/\\\/inventcad.ro\\\/ro\\\/automatizari-industriale\\\/clienti\\\/\",\"url\":\"https:\\\/\\\/inventcad.ro\\\/ro\\\/automatizari-industriale\\\/clienti\\\/\",\"name\":\"Clien\u021bi - InventCAD\",\"isPartOf\":{\"@id\":\"https:\\\/\\\/inventcad.ro\\\/ro\\\/#website\"},\"datePublished\":\"2020-12-09T06:42:17+00:00\",\"dateModified\":\"2025-07-27T09:19:15+00:00\",\"description\":\"InventCAD Clien\u021bi %\",\"breadcrumb\":{\"@id\":\"https:\\\/\\\/inventcad.ro\\\/ro\\\/automatizari-industriale\\\/clienti\\\/#breadcrumb\"},\"inLanguage\":\"ro-RO\",\"potentialAction\":[{\"@type\":\"ReadAction\",\"target\":[\"https:\\\/\\\/inventcad.ro\\\/ro\\\/automatizari-industriale\\\/clienti\\\/\"]}]},{\"@type\":\"BreadcrumbList\",\"@id\":\"https:\\\/\\\/inventcad.ro\\\/ro\\\/automatizari-industriale\\\/clienti\\\/#breadcrumb\",\"itemListElement\":[{\"@type\":\"ListItem\",\"position\":1,\"name\":\"Home\",\"item\":\"https:\\\/\\\/inventcad.ro\\\/ro\\\/\"},{\"@type\":\"ListItem\",\"position\":2,\"name\":\"Home\",\"item\":\"https:\\\/\\\/inventcad.ro\\\/ro\\\/\"},{\"@type\":\"ListItem\",\"position\":3,\"name\":\"Clien\u021bi\"}]},{\"@type\":\"WebSite\",\"@id\":\"https:\\\/\\\/inventcad.ro\\\/ro\\\/#website\",\"url\":\"https:\\\/\\\/inventcad.ro\\\/ro\\\/\",\"name\":\"InventCAD\",\"description\":\"Proiectare mecanic\u0103, automatiz\u0103ri industriale\",\"publisher\":{\"@id\":\"https:\\\/\\\/inventcad.ro\\\/ro\\\/#organization\"},\"potentialAction\":[{\"@type\":\"SearchAction\",\"target\":{\"@type\":\"EntryPoint\",\"urlTemplate\":\"https:\\\/\\\/inventcad.ro\\\/ro\\\/?s={search_term_string}\"},\"query-input\":{\"@type\":\"PropertyValueSpecification\",\"valueRequired\":true,\"valueName\":\"search_term_string\"}}],\"inLanguage\":\"ro-RO\"},{\"@type\":\"Organization\",\"@id\":\"https:\\\/\\\/inventcad.ro\\\/ro\\\/#organization\",\"name\":\"InventCAD\",\"url\":\"https:\\\/\\\/inventcad.ro\\\/ro\\\/\",\"logo\":{\"@type\":\"ImageObject\",\"inLanguage\":\"ro-RO\",\"@id\":\"https:\\\/\\\/inventcad.ro\\\/ro\\\/#\\\/schema\\\/logo\\\/image\\\/\",\"url\":\"https:\\\/\\\/inventcad.ro\\\/ro\\\/wp-content\\\/uploads\\\/2020\\\/11\\\/inventcad-logo.png\",\"contentUrl\":\"https:\\\/\\\/inventcad.ro\\\/ro\\\/wp-content\\\/uploads\\\/2020\\\/11\\\/inventcad-logo.png\",\"width\":1653,\"height\":250,\"caption\":\"InventCAD\"},\"image\":{\"@id\":\"https:\\\/\\\/inventcad.ro\\\/ro\\\/#\\\/schema\\\/logo\\\/image\\\/\"},\"sameAs\":[\"https:\\\/\\\/www.facebook.com\\\/inventcad\",\"https:\\\/\\\/www.linkedin.com\\\/company\\\/inventcad\\\/\",\"https:\\\/\\\/www.youtube.com\\\/user\\\/InventCAD\"],\"description\":\"Mechanical design, industrial automation, and engineering services.\",\"email\":\"office@inventcad.ro\",\"legalName\":\"InventCAD SRL\",\"foundingDate\":\"2003-03-10\",\"vatID\":\"RO15368893\",\"numberOfEmployees\":{\"@type\":\"QuantitativeValue\",\"minValue\":\"1\",\"maxValue\":\"10\"}}]}<\/script>\n<!-- \/ Yoast SEO Premium plugin. -->","yoast_head_json":{"title":"Clien\u021bi - InventCAD","description":"InventCAD Clien\u021bi %","robots":{"index":"index","follow":"follow","max-snippet":"max-snippet:-1","max-image-preview":"max-image-preview:large","max-video-preview":"max-video-preview:-1"},"canonical":"https:\/\/inventcad.ro\/ro\/automatizari-industriale\/clienti\/","og_locale":"ro_RO","og_type":"article","og_title":"Clien\u021bi","og_description":"InventCAD Clien\u021bi %","og_url":"https:\/\/inventcad.ro\/ro\/automatizari-industriale\/clienti\/","og_site_name":"InventCAD","article_publisher":"https:\/\/www.facebook.com\/inventcad","article_modified_time":"2025-07-27T09:19:15+00:00","twitter_card":"summary_large_image","twitter_misc":{"Timp estimat pentru citire":"2 minute"},"schema":{"@context":"https:\/\/schema.org","@graph":[{"@type":"WebPage","@id":"https:\/\/inventcad.ro\/ro\/automatizari-industriale\/clienti\/","url":"https:\/\/inventcad.ro\/ro\/automatizari-industriale\/clienti\/","name":"Clien\u021bi - InventCAD","isPartOf":{"@id":"https:\/\/inventcad.ro\/ro\/#website"},"datePublished":"2020-12-09T06:42:17+00:00","dateModified":"2025-07-27T09:19:15+00:00","description":"InventCAD Clien\u021bi %","breadcrumb":{"@id":"https:\/\/inventcad.ro\/ro\/automatizari-industriale\/clienti\/#breadcrumb"},"inLanguage":"ro-RO","potentialAction":[{"@type":"ReadAction","target":["https:\/\/inventcad.ro\/ro\/automatizari-industriale\/clienti\/"]}]},{"@type":"BreadcrumbList","@id":"https:\/\/inventcad.ro\/ro\/automatizari-industriale\/clienti\/#breadcrumb","itemListElement":[{"@type":"ListItem","position":1,"name":"Home","item":"https:\/\/inventcad.ro\/ro\/"},{"@type":"ListItem","position":2,"name":"Home","item":"https:\/\/inventcad.ro\/ro\/"},{"@type":"ListItem","position":3,"name":"Clien\u021bi"}]},{"@type":"WebSite","@id":"https:\/\/inventcad.ro\/ro\/#website","url":"https:\/\/inventcad.ro\/ro\/","name":"InventCAD","description":"Proiectare mecanic\u0103, automatiz\u0103ri industriale","publisher":{"@id":"https:\/\/inventcad.ro\/ro\/#organization"},"potentialAction":[{"@type":"SearchAction","target":{"@type":"EntryPoint","urlTemplate":"https:\/\/inventcad.ro\/ro\/?s={search_term_string}"},"query-input":{"@type":"PropertyValueSpecification","valueRequired":true,"valueName":"search_term_string"}}],"inLanguage":"ro-RO"},{"@type":"Organization","@id":"https:\/\/inventcad.ro\/ro\/#organization","name":"InventCAD","url":"https:\/\/inventcad.ro\/ro\/","logo":{"@type":"ImageObject","inLanguage":"ro-RO","@id":"https:\/\/inventcad.ro\/ro\/#\/schema\/logo\/image\/","url":"https:\/\/inventcad.ro\/ro\/wp-content\/uploads\/2020\/11\/inventcad-logo.png","contentUrl":"https:\/\/inventcad.ro\/ro\/wp-content\/uploads\/2020\/11\/inventcad-logo.png","width":1653,"height":250,"caption":"InventCAD"},"image":{"@id":"https:\/\/inventcad.ro\/ro\/#\/schema\/logo\/image\/"},"sameAs":["https:\/\/www.facebook.com\/inventcad","https:\/\/www.linkedin.com\/company\/inventcad\/","https:\/\/www.youtube.com\/user\/InventCAD"],"description":"Mechanical design, industrial automation, and engineering services.","email":"office@inventcad.ro","legalName":"InventCAD SRL","foundingDate":"2003-03-10","vatID":"RO15368893","numberOfEmployees":{"@type":"QuantitativeValue","minValue":"1","maxValue":"10"}}]}},"_links":{"self":[{"href":"https:\/\/inventcad.ro\/ro\/wp-json\/wp\/v2\/pages\/1478","targetHints":{"allow":["GET"]}}],"collection":[{"href":"https:\/\/inventcad.ro\/ro\/wp-json\/wp\/v2\/pages"}],"about":[{"href":"https:\/\/inventcad.ro\/ro\/wp-json\/wp\/v2\/types\/page"}],"author":[{"embeddable":true,"href":"https:\/\/inventcad.ro\/ro\/wp-json\/wp\/v2\/users\/1"}],"replies":[{"embeddable":true,"href":"https:\/\/inventcad.ro\/ro\/wp-json\/wp\/v2\/comments?post=1478"}],"version-history":[{"count":22,"href":"https:\/\/inventcad.ro\/ro\/wp-json\/wp\/v2\/pages\/1478\/revisions"}],"predecessor-version":[{"id":2968,"href":"https:\/\/inventcad.ro\/ro\/wp-json\/wp\/v2\/pages\/1478\/revisions\/2968"}],"up":[{"embeddable":true,"href":"https:\/\/inventcad.ro\/ro\/wp-json\/wp\/v2\/pages\/70"}],"wp:attachment":[{"href":"https:\/\/inventcad.ro\/ro\/wp-json\/wp\/v2\/media?parent=1478"}],"curies":[{"name":"wp","href":"https:\/\/api.w.org\/{rel}","templated":true}]}}