{"id":1185,"date":"2020-11-18T07:40:17","date_gmt":"2020-11-18T07:40:17","guid":{"rendered":"https:\/\/inventcad.ro\/ro\/?page_id=1185"},"modified":"2021-02-27T12:53:16","modified_gmt":"2021-02-27T10:53:16","slug":"prelucrari-mecanice-cnc","status":"publish","type":"page","link":"https:\/\/inventcad.ro\/ro\/prelucrari-mecanice-cnc\/","title":{"rendered":"Prelucr\u0103ri mecanice CNC"},"content":{"rendered":"\n<figure class=\"wp-block-embed is-type-video is-provider-youtube wp-block-embed-youtube wp-embed-aspect-16-9 wp-has-aspect-ratio\"><div class=\"wp-block-embed__wrapper\">\n<iframe loading=\"lazy\"  id=\"_ytid_59730\"  width=\"525\" height=\"295\"  data-origwidth=\"525\" data-origheight=\"295\"  data-relstop=\"1\" src=\"https:\/\/www.youtube.com\/embed\/-gh6YuJIkI0?enablejsapi=1&#038;autoplay=0&#038;cc_load_policy=0&#038;cc_lang_pref=&#038;iv_load_policy=1&#038;loop=0&#038;rel=0&#038;fs=1&#038;playsinline=0&#038;autohide=2&#038;theme=dark&#038;color=red&#038;controls=1&#038;disablekb=0&#038;\" class=\"__youtube_prefs__  epyt-is-override  no-lazyload\" data-vol=\"24\"  title=\"YouTube player\"  allow=\"fullscreen; accelerometer; autoplay; clipboard-write; encrypted-media; gyroscope; picture-in-picture; web-share\" referrerpolicy=\"strict-origin-when-cross-origin\" allowfullscreen data-no-lazy=\"1\" data-skipgform_ajax_framebjll=\"\"><\/iframe>\n<\/div><\/figure>\n\n\n\n<p>Execut\u0103m prelucr\u0103ri mecanice CNC (X1950,  Y1050, Z200) \u00een urm\u0103toarele materiale:<\/p>\n\n\n\n<ul class=\"wp-block-list\"><li>aluminiu \u0219i aliaje de aluminiu, diverse materiale neferoase<\/li><li>diverse<a rel=\"noreferrer noopener\" href=\"https:\/\/en.wikipedia.org\/wiki\/Engineering_plastic\" target=\"_blank\"> materiale plastice<\/a> folosite \u00een tehnic\u0103 (PA, PE, PC, POM, <a rel=\"noreferrer noopener\" href=\"https:\/\/ro.wikipedia.org\/wiki\/Politetrafluoroetilen%C4%83\" target=\"_blank\">PTFE <\/a>(teflon), PP)<\/li><li>materiale compozite,  <a rel=\"noreferrer noopener\" href=\"https:\/\/arhitecturale.geplast.ro\/fatade_ventilate\/aluminiu-compozit\/alucobond-a2\/\" target=\"_blank\">alucobond<\/a><\/li><\/ul>\n\n\n\n<figure class=\"wp-block-image size-large\"><img loading=\"lazy\" decoding=\"async\" width=\"1024\" height=\"950\" src=\"https:\/\/inventcad.ro\/ro\/wp-content\/uploads\/2020\/11\/ICAD02-CNC-00-1024x950.jpg\" alt=\"CNC Router\" class=\"wp-image-1210\" srcset=\"https:\/\/inventcad.ro\/ro\/wp-content\/uploads\/2020\/11\/ICAD02-CNC-00-1024x950.jpg 1024w, https:\/\/inventcad.ro\/ro\/wp-content\/uploads\/2020\/11\/ICAD02-CNC-00-1536x1425.jpg 1536w, https:\/\/inventcad.ro\/ro\/wp-content\/uploads\/2020\/11\/ICAD02-CNC-00-300x278.jpg 300w, https:\/\/inventcad.ro\/ro\/wp-content\/uploads\/2020\/11\/ICAD02-CNC-00-768x712.jpg 768w, https:\/\/inventcad.ro\/ro\/wp-content\/uploads\/2020\/11\/ICAD02-CNC-00.jpg 1783w\" sizes=\"auto, (max-width: 767px) 89vw, (max-width: 1000px) 54vw, (max-width: 1071px) 543px, 580px\" \/><\/figure>\n\n\n\n<h2 class=\"wp-block-heading\" id=\"h-exemple-piese-prelucrate-cnc\">Exemple piese prelucrate CNC<\/h2>\n\n\n\n<div class=\"wpmf_gallery_wrap wpmf_gallery_addon none  hover_true\" data-count-childs=\"3\" data-selector=\"wpmf-gallery-1\" data-top-gallery-settings=\"{&quot;display&quot;:&quot;slider&quot;,&quot;layout&quot;:&quot;vertical&quot;,&quot;row_height&quot;:200,&quot;aspect_ratio&quot;:&quot;default&quot;,&quot;columns&quot;:&quot;3&quot;,&quot;gutterwidth&quot;:&quot;15&quot;,&quot;link&quot;:&quot;file&quot;,&quot;size&quot;:&quot;medium&quot;,&quot;targetsize&quot;:&quot;large&quot;,&quot;wpmf_orderby&quot;:&quot;post__in&quot;,&quot;wpmf_order&quot;:&quot;ASC&quot;,&quot;customlink&quot;:0,&quot;class&quot;:&quot;&quot;,&quot;display_tree&quot;:&quot;0&quot;,&quot;sub_galleries_listing&quot;:0,&quot;display_tag&quot;:&quot;0&quot;,&quot;disable_overlay&quot;:0,&quot;download_all&quot;:0,&quot;tree_width&quot;:250,&quot;img_border_radius&quot;:0,&quot;border_width&quot;:0,&quot;border_color&quot;:&quot;transparent&quot;,&quot;border_style&quot;:&quot;solid&quot;,&quot;img_shadow&quot;:&quot;&quot;,&quot;auto_from_folder&quot;:1,&quot;folder&quot;:0,&quot;google_photos_album&quot;:0,&quot;show_buttons&quot;:&quot;1&quot;,&quot;animation&quot;:&quot;slide&quot;,&quot;duration&quot;:&quot;4000&quot;,&quot;auto_animation&quot;:&quot;1&quot;,&quot;number_lines&quot;:1,&quot;is_divi&quot;:0,&quot;include_children&quot;:0,&quot;crop_image&quot;:1,&quot;hover_color&quot;:&quot;#000&quot;,&quot;hover_opacity&quot;:&quot;0.4&quot;,&quot;hover_title_position&quot;:&quot;center_center&quot;,&quot;hover_title_size&quot;:16,&quot;hover_title_color&quot;:&quot;#fff&quot;,&quot;hover_desc_position&quot;:&quot;none&quot;,&quot;hover_desc_size&quot;:14,&quot;hover_desc_color&quot;:&quot;#fff&quot;,&quot;is_lazy_load&quot;:1,&quot;is_wishlist&quot;:0,&quot;align&quot;:&quot;none&quot;,&quot;gallery_id&quot;:&quot;88&quot;,&quot;theme&quot;:&quot;slider&quot;}\" data-id=\"88\" style=\"visibility: hidden\"><div class=\"wpmf_gallery_box fullbox\" data-id=\"88\" data-theme=\"slider\"><img class='loading_gallery' src='https:\/\/inventcad.ro\/ro\/wp-content\/plugins\/wp-media-folder-gallery-addon\/\/assets\/images\/Loading_icon.gif' \/><div id=\"videoPreviewModal\" style=\"display:none; position:fixed; top:0; left:0; width:100%; height:100%; background:rgba(0,0,0,0.8); z-index:9999; justify-content:center; align-items:center;\">\n                        <div style=\"position:relative; max-width:80%; max-height:80%;\">\n                            <video id=\"previewVideoPlayer\" controls style=\"width:100%; height:auto;\">\n                            <source src=\"\" type=\"video\/mp4\">\n                            <\/video>\n                            <button id=\"closeModal\" style=\"position:absolute; top:-20px; right:-20px; background:#fff; border:none; font-size:20px;\">\u2716<\/button>\n                        <\/div>\n                    <\/div><div class=\"wpmf-gallerys wpmf-gallerys-addon\" data-theme=\"slider\"><div id=\"wpmf-gallery-1\" data-id=\"wpmf-gallery-1\" class=\"wpmf-gallery-addon-wrap gallery-link-file wpmfslick wpmfslick_addon wpmf-has-border-radius-0 wpmf-gutter-15 ratio_default wpmf-slick-crop-1\" data-border-width=\"0\" data-wpmfcolumns=\"3\"\n data-duration=\"4000\" data-animation=\"slide\" data-auto_animation=\"1\" data-number_lines=\"1\" data-lightbox-items=\"[{&quot;id&quot;:1432,&quot;src&quot;:&quot;https:\\\/\\\/inventcad.ro\\\/ro\\\/wp-content\\\/uploads\\\/2020\\\/12\\\/prelucrari-cnc-al-03.jpg&quot;,&quot;type&quot;:&quot;image&quot;,&quot;caption&quot;:&quot;Prelucrari CNC Al&quot;},{&quot;id&quot;:1431,&quot;src&quot;:&quot;https:\\\/\\\/inventcad.ro\\\/ro\\\/wp-content\\\/uploads\\\/2020\\\/12\\\/prelucrari-cnc-al-02.jpg&quot;,&quot;type&quot;:&quot;image&quot;,&quot;caption&quot;:&quot;Prelucrari CNC Al&quot;},{&quot;id&quot;:1430,&quot;src&quot;:&quot;https:\\\/\\\/inventcad.ro\\\/ro\\\/wp-content\\\/uploads\\\/2020\\\/12\\\/prelucrari-cnc-al-01.jpg&quot;,&quot;type&quot;:&quot;image&quot;,&quot;caption&quot;:&quot;Prelucrari CNC Al&quot;}]\"><div class=\"wpmf-gallery-item item\" data-index=\"0\" data-tags=\"\" style=\"opacity: 0; padding: 7.5px\"><div class=\"wpmf-gallery-icon\"><a style=\"background: rgba(0,0,0,0.4)\" data-type=\"image\"  data-caption=\"Prelucrari CNC Al\" title=\"Prelucrari CNC Al\"\nclass=\"wpmfgalleryaddonswipe wpmf_overlay \"><div class=\"wpmf_hover_box \"><figcaption class=\"wpmf_text wpmf_text_center_center\" style=\"color: #fff; font-size:16px\">Prelucrari CNC Al<\/figcaption><\/div><\/a><div class=\"square_thumbnail\"><div class=\"img_centered\"><img decoding=\"async\" class=\"wpmf_slider_img\" alt=\"Prelucrari CNC Al\" src=\"https:\/\/inventcad.ro\/ro\/wp-content\/uploads\/2020\/12\/prelucrari-cnc-al-03-300x233.jpg\"><\/div><\/div><\/div><\/div><div class=\"wpmf-gallery-item item\" data-index=\"1\" data-tags=\"\" style=\"opacity: 0; padding: 7.5px\"><div class=\"wpmf-gallery-icon\"><a style=\"background: rgba(0,0,0,0.4)\" data-type=\"image\"  data-caption=\"Prelucrari CNC Al\" title=\"Prelucrari CNC Al\"\nclass=\"wpmfgalleryaddonswipe wpmf_overlay \"><div class=\"wpmf_hover_box \"><figcaption class=\"wpmf_text wpmf_text_center_center\" style=\"color: #fff; font-size:16px\">Prelucrari CNC Al<\/figcaption><\/div><\/a><div class=\"square_thumbnail\"><div class=\"img_centered\"><img decoding=\"async\" class=\"wpmf_slider_img\" alt=\"Prelucrari CNC Al\" src=\"https:\/\/inventcad.ro\/ro\/wp-content\/uploads\/2020\/12\/prelucrari-cnc-al-02-300x226.jpg\"><\/div><\/div><\/div><\/div><div class=\"wpmf-gallery-item item\" data-index=\"2\" data-tags=\"\" style=\"opacity: 0; padding: 7.5px\"><div class=\"wpmf-gallery-icon\"><a style=\"background: rgba(0,0,0,0.4)\" data-type=\"image\"  data-caption=\"Prelucrari CNC Al\" title=\"Prelucrari CNC Al\"\nclass=\"wpmfgalleryaddonswipe wpmf_overlay \"><div class=\"wpmf_hover_box \"><figcaption class=\"wpmf_text wpmf_text_center_center\" style=\"color: #fff; font-size:16px\">Prelucrari CNC Al<\/figcaption><\/div><\/a><div class=\"square_thumbnail\"><div class=\"img_centered\"><img decoding=\"async\" class=\"wpmf_slider_img\" alt=\"Prelucrari CNC Al\" src=\"https:\/\/inventcad.ro\/ro\/wp-content\/uploads\/2020\/12\/prelucrari-cnc-al-01-300x128.jpg\"><\/div><\/div><\/div><\/div><\/div><\/div><\/div><\/div>\n\n\n\n<div class=\"wpmf_gallery_wrap wpmf_gallery_addon none  hover_true\" data-count-childs=\"2\" data-selector=\"wpmf-gallery-2\" data-top-gallery-settings=\"{&quot;display&quot;:&quot;default&quot;,&quot;layout&quot;:&quot;vertical&quot;,&quot;row_height&quot;:200,&quot;aspect_ratio&quot;:&quot;default&quot;,&quot;columns&quot;:&quot;3&quot;,&quot;gutterwidth&quot;:&quot;15&quot;,&quot;link&quot;:&quot;file&quot;,&quot;size&quot;:&quot;medium&quot;,&quot;targetsize&quot;:&quot;large&quot;,&quot;wpmf_orderby&quot;:&quot;post__in&quot;,&quot;wpmf_order&quot;:&quot;ASC&quot;,&quot;customlink&quot;:0,&quot;class&quot;:&quot;&quot;,&quot;display_tree&quot;:&quot;0&quot;,&quot;sub_galleries_listing&quot;:0,&quot;display_tag&quot;:&quot;0&quot;,&quot;disable_overlay&quot;:0,&quot;download_all&quot;:0,&quot;tree_width&quot;:250,&quot;img_border_radius&quot;:0,&quot;border_width&quot;:0,&quot;border_color&quot;:&quot;transparent&quot;,&quot;border_style&quot;:&quot;solid&quot;,&quot;img_shadow&quot;:&quot;&quot;,&quot;auto_from_folder&quot;:1,&quot;folder&quot;:0,&quot;google_photos_album&quot;:0,&quot;show_buttons&quot;:&quot;1&quot;,&quot;animation&quot;:&quot;slide&quot;,&quot;duration&quot;:&quot;4000&quot;,&quot;auto_animation&quot;:&quot;1&quot;,&quot;number_lines&quot;:1,&quot;is_divi&quot;:0,&quot;include_children&quot;:0,&quot;crop_image&quot;:1,&quot;hover_color&quot;:&quot;#000&quot;,&quot;hover_opacity&quot;:&quot;0.4&quot;,&quot;hover_title_position&quot;:&quot;center_center&quot;,&quot;hover_title_size&quot;:16,&quot;hover_title_color&quot;:&quot;#fff&quot;,&quot;hover_desc_position&quot;:&quot;none&quot;,&quot;hover_desc_size&quot;:14,&quot;hover_desc_color&quot;:&quot;#fff&quot;,&quot;is_lazy_load&quot;:1,&quot;is_wishlist&quot;:0,&quot;align&quot;:&quot;none&quot;,&quot;gallery_id&quot;:&quot;92&quot;,&quot;theme&quot;:&quot;slider&quot;}\" data-id=\"92\" style=\"visibility: hidden\"><div class=\"wpmf_gallery_box fullbox\" data-id=\"92\" data-theme=\"default\"><div id=\"videoPreviewModal\" style=\"display:none; position:fixed; top:0; left:0; width:100%; height:100%; background:rgba(0,0,0,0.8); z-index:9999; justify-content:center; align-items:center;\">\n                        <div style=\"position:relative; max-width:80%; max-height:80%;\">\n                            <video id=\"previewVideoPlayer\" controls style=\"width:100%; height:auto;\">\n                            <source src=\"\" type=\"video\/mp4\">\n                            <\/video>\n                            <button id=\"closeModal\" style=\"position:absolute; top:-20px; right:-20px; background:#fff; border:none; font-size:20px;\">\u2716<\/button>\n                        <\/div>\n                    <\/div><div class=\"wpmf-gallerys wpmf-gallerys-addon\" data-theme=\"default\" id=\"wpmf-gallery-2\" data-id=\"92\"><div data-id=\"92\" data-count=\"2\" data-wpmfcolumns=\"3\" class=\"wpmf-gallery-addon-wrap gallery-link-file wpmf_gallery_default gallery_default glrdefault galleryid-92 gallery-columns-3 gallery-size-medium wpmf-has-border-radius-0 wpmf-gutterwidth-15 ratio_default\" data-lightbox-items=\"[{&quot;id&quot;:1672,&quot;src&quot;:&quot;https:\\\/\\\/inventcad.ro\\\/ro\\\/wp-content\\\/uploads\\\/2021\\\/02\\\/prelucrari_CNC_POM_02-610x1024.jpg&quot;,&quot;type&quot;:&quot;image&quot;,&quot;caption&quot;:&quot;Prelucrari CNC POM&quot;},{&quot;id&quot;:1671,&quot;src&quot;:&quot;https:\\\/\\\/inventcad.ro\\\/ro\\\/wp-content\\\/uploads\\\/2021\\\/02\\\/prelucrari_CNC_POM_01-1006x1024.jpg&quot;,&quot;type&quot;:&quot;image&quot;,&quot;caption&quot;:&quot;Prelucrari CNC POM&quot;}]\"><figure class=\"wpmf-gallery-item gallery-item \" data-id=\"1672\" data-index=\"0\"><div class=\"wpmf-gallery-icon\"><a style=\"background: rgba(0,0,0,0.4)\" data-type=\"image\"  data-href=\"https:\/\/inventcad.ro\/ro\/wp-content\/uploads\/2021\/02\/prelucrari_CNC_POM_02-610x1024.jpg\" data-caption=\"Prelucrari CNC POM\"\n\nclass=\"wpmfgalleryaddonswipe wpmf_gallery_lightbox wpmf_overlay \"><div class=\"wpmf_hover_box \"><figcaption class=\"wpmf_text wpmf_text_center_center\" style=\"color: #fff; font-size:16px\">Prelucrari CNC POM<\/figcaption><\/div><\/a><div class=\"gallery_icons_wrap\"><\/div><div class=\"square_thumbnail\"><div class=\"img_centered\"><img loading=\"lazy\" decoding=\"async\" width=\"247\" height=\"300\" src=\"https:\/\/inventcad.ro\/ro\/wp-content\/uploads\/2021\/02\/prelucrari_CNC_POM_02-e1614423379798-247x300.jpg\" class=\"attachment-medium size-medium\" alt=\"Prelucrari CNC POM\" data-type=\"wpmfgalleryimg\" id=\"wpmfgalleryimg\" srcset=\"https:\/\/inventcad.ro\/ro\/wp-content\/uploads\/2021\/02\/prelucrari_CNC_POM_02-e1614423379798-247x300.jpg 247w, https:\/\/inventcad.ro\/ro\/wp-content\/uploads\/2021\/02\/prelucrari_CNC_POM_02-e1614423379798.jpg 661w\" sizes=\"auto, 100vw\" \/><\/div><\/div><\/div><figcaption class=\"wpmf-card-title text-center wpmf-gallery-caption\">Prelucrari CNC POM<\/figcaption><\/figure><figure class=\"wpmf-gallery-item gallery-item \" data-id=\"1671\" data-index=\"1\"><div class=\"wpmf-gallery-icon\"><a style=\"background: rgba(0,0,0,0.4)\" data-type=\"image\"  data-href=\"https:\/\/inventcad.ro\/ro\/wp-content\/uploads\/2021\/02\/prelucrari_CNC_POM_01-1006x1024.jpg\" data-caption=\"Prelucrari CNC POM\"\n\nclass=\"wpmfgalleryaddonswipe wpmf_gallery_lightbox wpmf_overlay \"><div class=\"wpmf_hover_box \"><figcaption class=\"wpmf_text wpmf_text_center_center\" style=\"color: #fff; font-size:16px\">Prelucrari CNC POM<\/figcaption><\/div><\/a><div class=\"gallery_icons_wrap\"><\/div><div class=\"square_thumbnail\"><div class=\"img_centered\"><img loading=\"lazy\" decoding=\"async\" width=\"295\" height=\"300\" src=\"https:\/\/inventcad.ro\/ro\/wp-content\/uploads\/2021\/02\/prelucrari_CNC_POM_01-295x300.jpg\" class=\"attachment-medium size-medium\" alt=\"Prelucrari CNC POM\" data-type=\"wpmfgalleryimg\" id=\"wpmfgalleryimg\" srcset=\"https:\/\/inventcad.ro\/ro\/wp-content\/uploads\/2021\/02\/prelucrari_CNC_POM_01-295x300.jpg 295w, https:\/\/inventcad.ro\/ro\/wp-content\/uploads\/2021\/02\/prelucrari_CNC_POM_01-768x782.jpg 768w, https:\/\/inventcad.ro\/ro\/wp-content\/uploads\/2021\/02\/prelucrari_CNC_POM_01-1006x1024.jpg 1006w, https:\/\/inventcad.ro\/ro\/wp-content\/uploads\/2021\/02\/prelucrari_CNC_POM_01.jpg 1507w\" sizes=\"auto, 100vw\" \/><\/div><\/div><\/div><figcaption class=\"wpmf-card-title text-center wpmf-gallery-caption\">Prelucrari CNC POM<\/figcaption><\/figure><\/div><\/div><\/div><\/div>\n","protected":false},"excerpt":{"rendered":"<p>Execut\u0103m prelucr\u0103ri mecanice CNC (X1950, Y1050, Z200) \u00een urm\u0103toarele materiale: aluminiu \u0219i aliaje de aluminiu, diverse materiale neferoase diverse materiale plastice folosite \u00een tehnic\u0103 (PA, PE, PC, POM, PTFE (teflon), PP) materiale compozite, alucobond Exemple piese prelucrate CNC<\/p>\n","protected":false},"author":1,"featured_media":0,"parent":0,"menu_order":77,"comment_status":"closed","ping_status":"closed","template":"","meta":{"footnotes":""},"class_list":["post-1185","page","type-page","status-publish","hentry"],"yoast_head":"<!-- This site is optimized with the Yoast SEO Premium plugin v27.3 (Yoast SEO v27.3) - https:\/\/yoast.com\/product\/yoast-seo-premium-wordpress\/ -->\n<title>Prelucr\u0103ri mecanice CNC - InventCAD<\/title>\n<meta name=\"description\" content=\"Executam prelucrari mecanice CNC in aluminiu, materiale neferoase, plastice folosite in ingineria mecanica, materiale compozite X1950, Y1050, Z200\" \/>\n<meta name=\"robots\" content=\"index, follow, max-snippet:-1, max-image-preview:large, max-video-preview:-1\" \/>\n<link rel=\"canonical\" href=\"https:\/\/inventcad.ro\/ro\/prelucrari-mecanice-cnc\/\" \/>\n<meta property=\"og:locale\" content=\"ro_RO\" \/>\n<meta property=\"og:type\" content=\"article\" \/>\n<meta property=\"og:title\" content=\"Prelucr\u0103ri mecanice CNC\" \/>\n<meta property=\"og:description\" content=\"Executam prelucrari mecanice CNC in aluminiu, materiale neferoase, plastice folosite in ingineria mecanica, materiale compozite X1950, Y1050, Z200\" \/>\n<meta property=\"og:url\" content=\"https:\/\/inventcad.ro\/ro\/prelucrari-mecanice-cnc\/\" \/>\n<meta property=\"og:site_name\" content=\"InventCAD\" \/>\n<meta property=\"article:publisher\" content=\"https:\/\/www.facebook.com\/inventcad\" \/>\n<meta property=\"article:modified_time\" content=\"2021-02-27T10:53:16+00:00\" \/>\n<meta property=\"og:image\" content=\"https:\/\/inventcad.ro\/ro\/wp-content\/uploads\/2020\/11\/ICAD02-CNC-00-1024x950.jpg\" \/>\n<meta name=\"twitter:card\" content=\"summary_large_image\" \/>\n<meta name=\"twitter:label1\" content=\"Timp estimat pentru citire\" \/>\n\t<meta name=\"twitter:data1\" content=\"1 minut\" \/>\n<script type=\"application\/ld+json\" class=\"yoast-schema-graph\">{\"@context\":\"https:\\\/\\\/schema.org\",\"@graph\":[{\"@type\":\"WebPage\",\"@id\":\"https:\\\/\\\/inventcad.ro\\\/ro\\\/prelucrari-mecanice-cnc\\\/\",\"url\":\"https:\\\/\\\/inventcad.ro\\\/ro\\\/prelucrari-mecanice-cnc\\\/\",\"name\":\"Prelucr\u0103ri mecanice CNC - InventCAD\",\"isPartOf\":{\"@id\":\"https:\\\/\\\/inventcad.ro\\\/ro\\\/#website\"},\"primaryImageOfPage\":{\"@id\":\"https:\\\/\\\/inventcad.ro\\\/ro\\\/prelucrari-mecanice-cnc\\\/#primaryimage\"},\"image\":{\"@id\":\"https:\\\/\\\/inventcad.ro\\\/ro\\\/prelucrari-mecanice-cnc\\\/#primaryimage\"},\"thumbnailUrl\":\"https:\\\/\\\/inventcad.ro\\\/ro\\\/wp-content\\\/uploads\\\/2020\\\/11\\\/ICAD02-CNC-00-1024x950.jpg\",\"datePublished\":\"2020-11-18T07:40:17+00:00\",\"dateModified\":\"2021-02-27T10:53:16+00:00\",\"description\":\"Executam prelucrari mecanice CNC in aluminiu, materiale neferoase, plastice folosite in ingineria mecanica, materiale compozite X1950, Y1050, Z200\",\"breadcrumb\":{\"@id\":\"https:\\\/\\\/inventcad.ro\\\/ro\\\/prelucrari-mecanice-cnc\\\/#breadcrumb\"},\"inLanguage\":\"ro-RO\",\"potentialAction\":[{\"@type\":\"ReadAction\",\"target\":[\"https:\\\/\\\/inventcad.ro\\\/ro\\\/prelucrari-mecanice-cnc\\\/\"]}]},{\"@type\":\"ImageObject\",\"inLanguage\":\"ro-RO\",\"@id\":\"https:\\\/\\\/inventcad.ro\\\/ro\\\/prelucrari-mecanice-cnc\\\/#primaryimage\",\"url\":\"https:\\\/\\\/inventcad.ro\\\/ro\\\/wp-content\\\/uploads\\\/2020\\\/11\\\/ICAD02-CNC-00.jpg\",\"contentUrl\":\"https:\\\/\\\/inventcad.ro\\\/ro\\\/wp-content\\\/uploads\\\/2020\\\/11\\\/ICAD02-CNC-00.jpg\",\"width\":1783,\"height\":1654,\"caption\":\"CNC Routerr\"},{\"@type\":\"BreadcrumbList\",\"@id\":\"https:\\\/\\\/inventcad.ro\\\/ro\\\/prelucrari-mecanice-cnc\\\/#breadcrumb\",\"itemListElement\":[{\"@type\":\"ListItem\",\"position\":1,\"name\":\"Home\",\"item\":\"https:\\\/\\\/inventcad.ro\\\/ro\\\/\"},{\"@type\":\"ListItem\",\"position\":2,\"name\":\"Prelucr\u0103ri mecanice CNC\"}]},{\"@type\":\"WebSite\",\"@id\":\"https:\\\/\\\/inventcad.ro\\\/ro\\\/#website\",\"url\":\"https:\\\/\\\/inventcad.ro\\\/ro\\\/\",\"name\":\"InventCAD\",\"description\":\"Proiectare mecanic\u0103, automatiz\u0103ri industriale\",\"publisher\":{\"@id\":\"https:\\\/\\\/inventcad.ro\\\/ro\\\/#organization\"},\"potentialAction\":[{\"@type\":\"SearchAction\",\"target\":{\"@type\":\"EntryPoint\",\"urlTemplate\":\"https:\\\/\\\/inventcad.ro\\\/ro\\\/?s={search_term_string}\"},\"query-input\":{\"@type\":\"PropertyValueSpecification\",\"valueRequired\":true,\"valueName\":\"search_term_string\"}}],\"inLanguage\":\"ro-RO\"},{\"@type\":\"Organization\",\"@id\":\"https:\\\/\\\/inventcad.ro\\\/ro\\\/#organization\",\"name\":\"InventCAD\",\"url\":\"https:\\\/\\\/inventcad.ro\\\/ro\\\/\",\"logo\":{\"@type\":\"ImageObject\",\"inLanguage\":\"ro-RO\",\"@id\":\"https:\\\/\\\/inventcad.ro\\\/ro\\\/#\\\/schema\\\/logo\\\/image\\\/\",\"url\":\"https:\\\/\\\/inventcad.ro\\\/ro\\\/wp-content\\\/uploads\\\/2020\\\/11\\\/inventcad-logo.png\",\"contentUrl\":\"https:\\\/\\\/inventcad.ro\\\/ro\\\/wp-content\\\/uploads\\\/2020\\\/11\\\/inventcad-logo.png\",\"width\":1653,\"height\":250,\"caption\":\"InventCAD\"},\"image\":{\"@id\":\"https:\\\/\\\/inventcad.ro\\\/ro\\\/#\\\/schema\\\/logo\\\/image\\\/\"},\"sameAs\":[\"https:\\\/\\\/www.facebook.com\\\/inventcad\",\"https:\\\/\\\/www.linkedin.com\\\/company\\\/inventcad\\\/\",\"https:\\\/\\\/www.youtube.com\\\/user\\\/InventCAD\"],\"description\":\"Mechanical design, industrial automation, and engineering services.\",\"email\":\"office@inventcad.ro\",\"legalName\":\"InventCAD SRL\",\"foundingDate\":\"2003-03-10\",\"vatID\":\"RO15368893\",\"numberOfEmployees\":{\"@type\":\"QuantitativeValue\",\"minValue\":\"1\",\"maxValue\":\"10\"}}]}<\/script>\n<!-- \/ Yoast SEO Premium plugin. -->","yoast_head_json":{"title":"Prelucr\u0103ri mecanice CNC - InventCAD","description":"Executam prelucrari mecanice CNC in aluminiu, materiale neferoase, plastice folosite in ingineria mecanica, materiale compozite X1950, Y1050, Z200","robots":{"index":"index","follow":"follow","max-snippet":"max-snippet:-1","max-image-preview":"max-image-preview:large","max-video-preview":"max-video-preview:-1"},"canonical":"https:\/\/inventcad.ro\/ro\/prelucrari-mecanice-cnc\/","og_locale":"ro_RO","og_type":"article","og_title":"Prelucr\u0103ri mecanice CNC","og_description":"Executam prelucrari mecanice CNC in aluminiu, materiale neferoase, plastice folosite in ingineria mecanica, materiale compozite X1950, Y1050, Z200","og_url":"https:\/\/inventcad.ro\/ro\/prelucrari-mecanice-cnc\/","og_site_name":"InventCAD","article_publisher":"https:\/\/www.facebook.com\/inventcad","article_modified_time":"2021-02-27T10:53:16+00:00","og_image":[{"url":"https:\/\/inventcad.ro\/ro\/wp-content\/uploads\/2020\/11\/ICAD02-CNC-00-1024x950.jpg","type":"","width":"","height":""}],"twitter_card":"summary_large_image","twitter_misc":{"Timp estimat pentru citire":"1 minut"},"schema":{"@context":"https:\/\/schema.org","@graph":[{"@type":"WebPage","@id":"https:\/\/inventcad.ro\/ro\/prelucrari-mecanice-cnc\/","url":"https:\/\/inventcad.ro\/ro\/prelucrari-mecanice-cnc\/","name":"Prelucr\u0103ri mecanice CNC - InventCAD","isPartOf":{"@id":"https:\/\/inventcad.ro\/ro\/#website"},"primaryImageOfPage":{"@id":"https:\/\/inventcad.ro\/ro\/prelucrari-mecanice-cnc\/#primaryimage"},"image":{"@id":"https:\/\/inventcad.ro\/ro\/prelucrari-mecanice-cnc\/#primaryimage"},"thumbnailUrl":"https:\/\/inventcad.ro\/ro\/wp-content\/uploads\/2020\/11\/ICAD02-CNC-00-1024x950.jpg","datePublished":"2020-11-18T07:40:17+00:00","dateModified":"2021-02-27T10:53:16+00:00","description":"Executam prelucrari mecanice CNC in aluminiu, materiale neferoase, plastice folosite in ingineria mecanica, materiale compozite X1950, Y1050, Z200","breadcrumb":{"@id":"https:\/\/inventcad.ro\/ro\/prelucrari-mecanice-cnc\/#breadcrumb"},"inLanguage":"ro-RO","potentialAction":[{"@type":"ReadAction","target":["https:\/\/inventcad.ro\/ro\/prelucrari-mecanice-cnc\/"]}]},{"@type":"ImageObject","inLanguage":"ro-RO","@id":"https:\/\/inventcad.ro\/ro\/prelucrari-mecanice-cnc\/#primaryimage","url":"https:\/\/inventcad.ro\/ro\/wp-content\/uploads\/2020\/11\/ICAD02-CNC-00.jpg","contentUrl":"https:\/\/inventcad.ro\/ro\/wp-content\/uploads\/2020\/11\/ICAD02-CNC-00.jpg","width":1783,"height":1654,"caption":"CNC Routerr"},{"@type":"BreadcrumbList","@id":"https:\/\/inventcad.ro\/ro\/prelucrari-mecanice-cnc\/#breadcrumb","itemListElement":[{"@type":"ListItem","position":1,"name":"Home","item":"https:\/\/inventcad.ro\/ro\/"},{"@type":"ListItem","position":2,"name":"Prelucr\u0103ri mecanice CNC"}]},{"@type":"WebSite","@id":"https:\/\/inventcad.ro\/ro\/#website","url":"https:\/\/inventcad.ro\/ro\/","name":"InventCAD","description":"Proiectare mecanic\u0103, automatiz\u0103ri industriale","publisher":{"@id":"https:\/\/inventcad.ro\/ro\/#organization"},"potentialAction":[{"@type":"SearchAction","target":{"@type":"EntryPoint","urlTemplate":"https:\/\/inventcad.ro\/ro\/?s={search_term_string}"},"query-input":{"@type":"PropertyValueSpecification","valueRequired":true,"valueName":"search_term_string"}}],"inLanguage":"ro-RO"},{"@type":"Organization","@id":"https:\/\/inventcad.ro\/ro\/#organization","name":"InventCAD","url":"https:\/\/inventcad.ro\/ro\/","logo":{"@type":"ImageObject","inLanguage":"ro-RO","@id":"https:\/\/inventcad.ro\/ro\/#\/schema\/logo\/image\/","url":"https:\/\/inventcad.ro\/ro\/wp-content\/uploads\/2020\/11\/inventcad-logo.png","contentUrl":"https:\/\/inventcad.ro\/ro\/wp-content\/uploads\/2020\/11\/inventcad-logo.png","width":1653,"height":250,"caption":"InventCAD"},"image":{"@id":"https:\/\/inventcad.ro\/ro\/#\/schema\/logo\/image\/"},"sameAs":["https:\/\/www.facebook.com\/inventcad","https:\/\/www.linkedin.com\/company\/inventcad\/","https:\/\/www.youtube.com\/user\/InventCAD"],"description":"Mechanical design, industrial automation, and engineering services.","email":"office@inventcad.ro","legalName":"InventCAD SRL","foundingDate":"2003-03-10","vatID":"RO15368893","numberOfEmployees":{"@type":"QuantitativeValue","minValue":"1","maxValue":"10"}}]}},"_links":{"self":[{"href":"https:\/\/inventcad.ro\/ro\/wp-json\/wp\/v2\/pages\/1185","targetHints":{"allow":["GET"]}}],"collection":[{"href":"https:\/\/inventcad.ro\/ro\/wp-json\/wp\/v2\/pages"}],"about":[{"href":"https:\/\/inventcad.ro\/ro\/wp-json\/wp\/v2\/types\/page"}],"author":[{"embeddable":true,"href":"https:\/\/inventcad.ro\/ro\/wp-json\/wp\/v2\/users\/1"}],"replies":[{"embeddable":true,"href":"https:\/\/inventcad.ro\/ro\/wp-json\/wp\/v2\/comments?post=1185"}],"version-history":[{"count":34,"href":"https:\/\/inventcad.ro\/ro\/wp-json\/wp\/v2\/pages\/1185\/revisions"}],"predecessor-version":[{"id":1758,"href":"https:\/\/inventcad.ro\/ro\/wp-json\/wp\/v2\/pages\/1185\/revisions\/1758"}],"wp:attachment":[{"href":"https:\/\/inventcad.ro\/ro\/wp-json\/wp\/v2\/media?parent=1185"}],"curies":[{"name":"wp","href":"https:\/\/api.w.org\/{rel}","templated":true}]}}